{"id":141,"date":"2021-09-14T15:40:59","date_gmt":"2021-09-14T13:40:59","guid":{"rendered":"https:\/\/lazru.com\/?post_type=product&#038;p=141"},"modified":"2026-04-15T10:52:10","modified_gmt":"2026-04-15T08:52:10","slug":"wimpernserum-und-augenbrauenserum","status":"publish","type":"product","link":"https:\/\/lazru.com\/sv\/produkt\/wimpernserum-und-augenbrauenserum\/","title":{"rendered":"Lazru Serum"},"content":{"rendered":"<h2>Anv\u00e4ndning:<\/h2>\n<p>Anv\u00e4nds en eller tv\u00e5 g\u00e5nger dagligen. Skaka v\u00e4l f\u00f6re anv\u00e4ndning. Applicera en liten m\u00e4ngd f\u00f6rsiktigt och j\u00e4mnt p\u00e5 \u00f6gonfransar eller \u00f6gonbryn. Endast f\u00f6r utv\u00e4rtes bruk. Undvik direkt kontakt med \u00f6gonen. F\u00f6rvaras i rumstemperatur och utom r\u00e4ckh\u00e5ll f\u00f6r barn.<\/p>\n<h2><span style=\"color: #8a949c\">V\u00e4ck din sk\u00f6nhet med Lazru: F\u00f6r oemotst\u00e5ndliga \u00d6gonfransar och \u00d6gonbryn som drar blickarna till sig!<\/span><\/h2>\n<p><a href=\"https:\/\/lazru.com\/wp-content\/uploads\/2026\/04\/lazru_anwendung.jpg\"><img loading=\"lazy\" decoding=\"async\" class=\"wp-image-18048 size-full\" src=\"https:\/\/lazru.com\/wp-content\/uploads\/2026\/04\/lazru_anwendung.jpg\" alt=\"Lazru\" width=\"2000\" height=\"1080\" \/><\/a><\/p>\n<p>T\u00e4nk att kunna st\u00e4rka och \u00e5teruppliva svaga \u00f6gonfransar och \u00f6gonbryn med bara en produkt. Lazru g\u00f6r det m\u00f6jligt! V\u00e5rt revolutionerande serum \u00e4r resultatet av omfattande forskning och utveckling och inneh\u00e5ller en h\u00f6gkoncentrerad blandning av 67 naturliga ingredienser som kan hj\u00e4lpa till att v\u00e5rda, st\u00e4rka och fr\u00e4mja tillv\u00e4xten av dina \u00f6gonfransar och \u00f6gonbryn.<\/p>\n<p>En av de saker som g\u00f6r Lazru speciellt \u00e4r v\u00e5rt medvetna undvikande av hormonet prostaglandin och relaterade prostaglandinderivat. Vissa produkter p\u00e5 marknaden inneh\u00e5ller dessa \u00e4mnen, som kan stimulera h\u00e5rv\u00e4xt, men de \u00e4r ocks\u00e5 f\u00f6rknippade med ett antal potentiella biverkningar, inklusive rodnad, irritation och missf\u00e4rgning av huden. De \u00e4r d\u00e4rf\u00f6r inte l\u00e4mpliga f\u00f6r alla, s\u00e4rskilt inte f\u00f6r personer med k\u00e4nslig hud eller ett svagt immunf\u00f6rsvar, samt f\u00f6r gravida och ammande kvinnor. Lazru \u00e4r d\u00e4remot 100% hormonfri, vilket inneb\u00e4r att den inte medf\u00f6r dessa risker.<\/p>\n<p>Med Lazru drar du nytta av vetenskapens och naturens kraft. V\u00e5rt serum \u00e4r rikt p\u00e5 v\u00e4xtextrakt, naturliga oljor, vitaminer och aminosyror och anv\u00e4nder innovativa tillverkningsmetoder som fermentering och liposomteknik f\u00f6r att s\u00e4kerst\u00e4lla att de aktiva ingredienserna levereras specifikt till h\u00e5rr\u00f6tterna.<\/p>\n<p>Lazru \u00e4r ocks\u00e5 100% fri fr\u00e5n formaldehyd, ftalater, sulfater, parabener, silikoner och mineraloljor och \u00e4r utformad f\u00f6r att vara s\u00e4ker och sn\u00e4ll mot huden.<\/p>\n<p>S\u00e5 varf\u00f6r leva med svaga, tunna fransar och \u00f6gonbryn n\u00e4r du kan st\u00e4rka och \u00e5teruppliva dem med Lazru? Prova v\u00e5rt serum och se sj\u00e4lv hur det frig\u00f6r den naturliga potentialen hos dina fransar och \u00f6gonbryn!<\/p>\n<h2>F\u00f6re\/Efter:<\/h2>\n<p>Skicka dina bilder till support@lazru.com<\/p>\n<p><img loading=\"lazy\" decoding=\"async\" class=\"alignnone size-medium wp-image-54\" src=\"https:\/\/lazru.com\/wp-content\/uploads\/2021\/09\/Lazru-06-300x290.jpg\" alt=\"\" width=\"300\" height=\"290\" srcset=\"https:\/\/lazru.com\/wp-content\/uploads\/2021\/09\/Lazru-06-300x290.jpg 300w, https:\/\/lazru.com\/wp-content\/uploads\/2021\/09\/Lazru-06-600x580.jpg 600w, https:\/\/lazru.com\/wp-content\/uploads\/2021\/09\/Lazru-06.jpg 696w\" sizes=\"auto, (max-width: 300px) 100vw, 300px\" \/><\/p>\n<p><img loading=\"lazy\" decoding=\"async\" class=\"size-medium wp-image-79\" src=\"https:\/\/lazru.com\/wp-content\/uploads\/2021\/09\/Lazru-05-300x290.jpg\" alt=\"Lazru-erfarenhet\" width=\"300\" height=\"290\" srcset=\"https:\/\/lazru.com\/wp-content\/uploads\/2021\/09\/Lazru-05-300x290.jpg 300w, https:\/\/lazru.com\/wp-content\/uploads\/2021\/09\/Lazru-05-600x580.jpg 600w, https:\/\/lazru.com\/wp-content\/uploads\/2021\/09\/Lazru-05.jpg 696w\" sizes=\"auto, (max-width: 300px) 100vw, 300px\" \/><\/p>\n<p><img loading=\"lazy\" decoding=\"async\" class=\"size-medium wp-image-77\" src=\"https:\/\/lazru.com\/wp-content\/uploads\/2021\/09\/Lazru-07-1-300x290.jpg\" alt=\"Lazru-upplevelser\" width=\"300\" height=\"290\" srcset=\"https:\/\/lazru.com\/wp-content\/uploads\/2021\/09\/Lazru-07-1-300x290.jpg 300w, https:\/\/lazru.com\/wp-content\/uploads\/2021\/09\/Lazru-07-1-600x580.jpg 600w, https:\/\/lazru.com\/wp-content\/uploads\/2021\/09\/Lazru-07-1.jpg 696w\" sizes=\"auto, (max-width: 300px) 100vw, 300px\" \/><\/p>","protected":false},"excerpt":{"rendered":"<p class=\"p1\"><span class=\"s1\">\u00d6gonfransserum &amp; \u00d6gonbrynsserum<br \/>\n<span style=\"color: #5bc98b\"><strong>Nytt: Liposomal formulering!<\/strong><\/span><\/span><\/p>\n<ul>\n<li>Tillv\u00e4xt \u00d6gonfransar<\/li>\n<li>Tillv\u00e4xt \u00d6gonbryn<\/li>\n<li>Utan hormoner<\/li>\n<li>Utan prostaglandiner<\/li>\n<li>Dermatologiskt testad<\/li>\n<\/ul>\n<p><img loading=\"lazy\" decoding=\"async\" class=\"alignnone wp-image-48\" src=\"https:\/\/lazru.com\/wp-content\/uploads\/2021\/09\/Lo-2.jpg\" alt=\"\" width=\"283\" height=\"25\" srcset=\"https:\/\/lazru.com\/wp-content\/uploads\/2021\/09\/Lo-2.jpg 941w, https:\/\/lazru.com\/wp-content\/uploads\/2021\/09\/Lo-2-600x53.jpg 600w, https:\/\/lazru.com\/wp-content\/uploads\/2021\/09\/Lo-2-300x26.jpg 300w, https:\/\/lazru.com\/wp-content\/uploads\/2021\/09\/Lo-2-768x68.jpg 768w\" sizes=\"auto, (max-width: 283px) 100vw, 283px\" \/><\/p>\n<p><a href=\"https:\/\/lazru.com\/wp-content\/uploads\/2022\/06\/Lazru-EN.jpg\"><img loading=\"lazy\" decoding=\"async\" class=\"wp-image-2445\" src=\"https:\/\/lazru.com\/wp-content\/uploads\/2022\/06\/Lazru-EN.jpg\" alt=\"Lazru-test\" width=\"170\" height=\"106\" srcset=\"https:\/\/lazru.com\/wp-content\/uploads\/2022\/06\/Lazru-EN.jpg 407w, https:\/\/lazru.com\/wp-content\/uploads\/2022\/06\/Lazru-EN-300x187.jpg 300w, https:\/\/lazru.com\/wp-content\/uploads\/2022\/06\/Lazru-EN-18x12.jpg 18w\" sizes=\"auto, (max-width: 170px) 100vw, 170px\" \/><\/a><\/p>","protected":false},"featured_media":44275,"template":"","meta":[],"product_brand":[],"product_cat":[201],"product_tag":[43,42],"class_list":{"0":"post-141","1":"product","2":"type-product","3":"status-publish","4":"has-post-thumbnail","6":"product_cat-cosmetic","7":"product_tag-augenbrauenserum","8":"product_tag-wimpernserum","10":"first","11":"instock","12":"taxable","13":"shipping-taxable","14":"purchasable","15":"product-type-simple"},"yoast_head":"<!-- This site is optimized with the Yoast SEO Premium plugin v23.4 (Yoast SEO v27.4) - https:\/\/yoast.com\/product\/yoast-seo-premium-wordpress\/ -->\n<title>Lazru Serum<\/title>\n<meta name=\"description\" content=\"Lazru kaufen! Das Wimpernserum und Augenbrauenserum ohne Hormone. Jetzt im Angebot. Wenig verf\u00fcgbar. Schnelle Lieferung!\" \/>\n<meta name=\"robots\" content=\"index, follow, max-snippet:-1, max-image-preview:large, max-video-preview:-1\" \/>\n<link rel=\"canonical\" href=\"https:\/\/lazru.com\/sv\/produkt\/wimpernserum-und-augenbrauenserum\/\" \/>\n<meta property=\"og:locale\" content=\"sv_SE\" \/>\n<meta property=\"og:type\" content=\"article\" \/>\n<meta property=\"og:title\" content=\"Lazru Serum\" \/>\n<meta property=\"og:description\" content=\"Lazru kaufen! Das Wimpernserum und Augenbrauenserum ohne Hormone. Jetzt im Angebot. Wenig verf\u00fcgbar. Schnelle Lieferung!\" \/>\n<meta property=\"og:url\" content=\"https:\/\/lazru.com\/sv\/produkt\/wimpernserum-und-augenbrauenserum\/\" \/>\n<meta property=\"og:site_name\" content=\"LAZRU\" \/>\n<meta property=\"article:modified_time\" content=\"2026-04-15T08:52:10+00:00\" \/>\n<meta property=\"og:image\" content=\"https:\/\/lazru.com\/wp-content\/uploads\/2021\/09\/laz01.jpg\" \/>\n\t<meta property=\"og:image:width\" content=\"800\" \/>\n\t<meta property=\"og:image:height\" content=\"800\" \/>\n\t<meta property=\"og:image:type\" content=\"image\/jpeg\" \/>\n<meta name=\"twitter:card\" content=\"summary_large_image\" \/>\n<meta name=\"twitter:label1\" content=\"Ber\u00e4knad l\u00e4stid\" \/>\n\t<meta name=\"twitter:data1\" content=\"3 minuter\" \/>\n<script type=\"application\/ld+json\" class=\"yoast-schema-graph\">{\"@context\":\"https:\\\/\\\/schema.org\",\"@graph\":[{\"@type\":\"WebPage\",\"@id\":\"https:\\\/\\\/lazru.com\\\/produkt\\\/wimpernserum-und-augenbrauenserum\\\/\",\"url\":\"https:\\\/\\\/lazru.com\\\/produkt\\\/wimpernserum-und-augenbrauenserum\\\/\",\"name\":\"Lazru Serum\",\"isPartOf\":{\"@id\":\"https:\\\/\\\/lazru.com\\\/es\\\/#website\"},\"primaryImageOfPage\":{\"@id\":\"https:\\\/\\\/lazru.com\\\/produkt\\\/wimpernserum-und-augenbrauenserum\\\/#primaryimage\"},\"image\":{\"@id\":\"https:\\\/\\\/lazru.com\\\/produkt\\\/wimpernserum-und-augenbrauenserum\\\/#primaryimage\"},\"thumbnailUrl\":\"https:\\\/\\\/lazru.com\\\/wp-content\\\/uploads\\\/2021\\\/09\\\/laz01.jpg\",\"datePublished\":\"2021-09-14T13:40:59+00:00\",\"dateModified\":\"2026-04-15T08:52:10+00:00\",\"description\":\"Lazru kaufen! Das Wimpernserum und Augenbrauenserum ohne Hormone. Jetzt im Angebot. Wenig verf\u00fcgbar. Schnelle Lieferung!\",\"breadcrumb\":{\"@id\":\"https:\\\/\\\/lazru.com\\\/produkt\\\/wimpernserum-und-augenbrauenserum\\\/#breadcrumb\"},\"inLanguage\":\"sv-SE\",\"potentialAction\":[{\"@type\":\"ReadAction\",\"target\":[\"https:\\\/\\\/lazru.com\\\/produkt\\\/wimpernserum-und-augenbrauenserum\\\/\"]}]},{\"@type\":\"ImageObject\",\"inLanguage\":\"sv-SE\",\"@id\":\"https:\\\/\\\/lazru.com\\\/produkt\\\/wimpernserum-und-augenbrauenserum\\\/#primaryimage\",\"url\":\"https:\\\/\\\/lazru.com\\\/wp-content\\\/uploads\\\/2021\\\/09\\\/laz01.jpg\",\"contentUrl\":\"https:\\\/\\\/lazru.com\\\/wp-content\\\/uploads\\\/2021\\\/09\\\/laz01.jpg\",\"width\":800,\"height\":800,\"caption\":\"lazru\"},{\"@type\":\"BreadcrumbList\",\"@id\":\"https:\\\/\\\/lazru.com\\\/produkt\\\/wimpernserum-und-augenbrauenserum\\\/#breadcrumb\",\"itemListElement\":[{\"@type\":\"ListItem\",\"position\":1,\"name\":\"LAZRU\",\"item\":\"https:\\\/\\\/lazru.com\\\/\"},{\"@type\":\"ListItem\",\"position\":2,\"name\":\"Shop\",\"item\":\"https:\\\/\\\/lazru.com\\\/es\\\/shop\\\/\"},{\"@type\":\"ListItem\",\"position\":3,\"name\":\"Wimpernserum & Augenbrauenserum\"}]},{\"@type\":\"WebSite\",\"@id\":\"https:\\\/\\\/lazru.com\\\/es\\\/#website\",\"url\":\"https:\\\/\\\/lazru.com\\\/es\\\/\",\"name\":\"LAZRU\",\"description\":\"Wimpernserum &amp; Augenbrauenserum\",\"publisher\":{\"@id\":\"https:\\\/\\\/lazru.com\\\/es\\\/#organization\"},\"potentialAction\":[{\"@type\":\"SearchAction\",\"target\":{\"@type\":\"EntryPoint\",\"urlTemplate\":\"https:\\\/\\\/lazru.com\\\/es\\\/?s={search_term_string}\"},\"query-input\":{\"@type\":\"PropertyValueSpecification\",\"valueRequired\":true,\"valueName\":\"search_term_string\"}}],\"inLanguage\":\"sv-SE\"},{\"@type\":\"Organization\",\"@id\":\"https:\\\/\\\/lazru.com\\\/es\\\/#organization\",\"name\":\"LAZRU\",\"url\":\"https:\\\/\\\/lazru.com\\\/es\\\/\",\"logo\":{\"@type\":\"ImageObject\",\"inLanguage\":\"sv-SE\",\"@id\":\"https:\\\/\\\/lazru.com\\\/es\\\/#\\\/schema\\\/logo\\\/image\\\/\",\"url\":\"https:\\\/\\\/lazru.com\\\/wp-content\\\/uploads\\\/2021\\\/09\\\/cropped-lazru-wimpernserum-logo.png\",\"contentUrl\":\"https:\\\/\\\/lazru.com\\\/wp-content\\\/uploads\\\/2021\\\/09\\\/cropped-lazru-wimpernserum-logo.png\",\"width\":211,\"height\":97,\"caption\":\"LAZRU\"},\"image\":{\"@id\":\"https:\\\/\\\/lazru.com\\\/es\\\/#\\\/schema\\\/logo\\\/image\\\/\"},\"sameAs\":[\"https:\\\/\\\/www.instagram.com\\\/lazru_official\\\/\"]}]}<\/script>\n<!-- \/ Yoast SEO Premium plugin. -->","yoast_head_json":{"title":"Lazru Serum","description":"K\u00f6p Lazru! \u00d6gonfransserum &amp; \u00d6gonbrynsserum utan hormoner. Nu till salu. Lite tillg\u00e4ngligt. Snabb leverans!","robots":{"index":"index","follow":"follow","max-snippet":"max-snippet:-1","max-image-preview":"max-image-preview:large","max-video-preview":"max-video-preview:-1"},"canonical":"https:\/\/lazru.com\/sv\/produkt\/wimpernserum-und-augenbrauenserum\/","og_locale":"sv_SE","og_type":"article","og_title":"Lazru Serum","og_description":"Lazru kaufen! Das Wimpernserum und Augenbrauenserum ohne Hormone. Jetzt im Angebot. Wenig verf\u00fcgbar. Schnelle Lieferung!","og_url":"https:\/\/lazru.com\/sv\/produkt\/wimpernserum-und-augenbrauenserum\/","og_site_name":"LAZRU","article_modified_time":"2026-04-15T08:52:10+00:00","og_image":[{"width":800,"height":800,"url":"https:\/\/lazru.com\/wp-content\/uploads\/2021\/09\/laz01.jpg","type":"image\/jpeg"}],"twitter_card":"summary_large_image","twitter_misc":{"Ber\u00e4knad l\u00e4stid":"3 minuter"},"schema":{"@context":"https:\/\/schema.org","@graph":[{"@type":"WebPage","@id":"https:\/\/lazru.com\/produkt\/wimpernserum-und-augenbrauenserum\/","url":"https:\/\/lazru.com\/produkt\/wimpernserum-und-augenbrauenserum\/","name":"Lazru Serum","isPartOf":{"@id":"https:\/\/lazru.com\/es\/#website"},"primaryImageOfPage":{"@id":"https:\/\/lazru.com\/produkt\/wimpernserum-und-augenbrauenserum\/#primaryimage"},"image":{"@id":"https:\/\/lazru.com\/produkt\/wimpernserum-und-augenbrauenserum\/#primaryimage"},"thumbnailUrl":"https:\/\/lazru.com\/wp-content\/uploads\/2021\/09\/laz01.jpg","datePublished":"2021-09-14T13:40:59+00:00","dateModified":"2026-04-15T08:52:10+00:00","description":"K\u00f6p Lazru! \u00d6gonfransserum &amp; \u00d6gonbrynsserum utan hormoner. Nu till salu. Lite tillg\u00e4ngligt. Snabb leverans!","breadcrumb":{"@id":"https:\/\/lazru.com\/produkt\/wimpernserum-und-augenbrauenserum\/#breadcrumb"},"inLanguage":"sv-SE","potentialAction":[{"@type":"ReadAction","target":["https:\/\/lazru.com\/produkt\/wimpernserum-und-augenbrauenserum\/"]}]},{"@type":"ImageObject","inLanguage":"sv-SE","@id":"https:\/\/lazru.com\/produkt\/wimpernserum-und-augenbrauenserum\/#primaryimage","url":"https:\/\/lazru.com\/wp-content\/uploads\/2021\/09\/laz01.jpg","contentUrl":"https:\/\/lazru.com\/wp-content\/uploads\/2021\/09\/laz01.jpg","width":800,"height":800,"caption":"lazru"},{"@type":"BreadcrumbList","@id":"https:\/\/lazru.com\/produkt\/wimpernserum-und-augenbrauenserum\/#breadcrumb","itemListElement":[{"@type":"ListItem","position":1,"name":"LAZRU","item":"https:\/\/lazru.com\/"},{"@type":"ListItem","position":2,"name":"Shop","item":"https:\/\/lazru.com\/es\/shop\/"},{"@type":"ListItem","position":3,"name":"Wimpernserum & Augenbrauenserum"}]},{"@type":"WebSite","@id":"https:\/\/lazru.com\/es\/#website","url":"https:\/\/lazru.com\/es\/","name":"LAZRU","description":"\u00d6gonfransserum &amp; \u00d6gonbrynsserum","publisher":{"@id":"https:\/\/lazru.com\/es\/#organization"},"potentialAction":[{"@type":"SearchAction","target":{"@type":"EntryPoint","urlTemplate":"https:\/\/lazru.com\/es\/?s={search_term_string}"},"query-input":{"@type":"PropertyValueSpecification","valueRequired":true,"valueName":"search_term_string"}}],"inLanguage":"sv-SE"},{"@type":"Organization","@id":"https:\/\/lazru.com\/es\/#organization","name":"LAZRU","url":"https:\/\/lazru.com\/es\/","logo":{"@type":"ImageObject","inLanguage":"sv-SE","@id":"https:\/\/lazru.com\/es\/#\/schema\/logo\/image\/","url":"https:\/\/lazru.com\/wp-content\/uploads\/2021\/09\/cropped-lazru-wimpernserum-logo.png","contentUrl":"https:\/\/lazru.com\/wp-content\/uploads\/2021\/09\/cropped-lazru-wimpernserum-logo.png","width":211,"height":97,"caption":"LAZRU"},"image":{"@id":"https:\/\/lazru.com\/es\/#\/schema\/logo\/image\/"},"sameAs":["https:\/\/www.instagram.com\/lazru_official\/"]}]}},"_links":{"self":[{"href":"https:\/\/lazru.com\/sv\/wp-json\/wp\/v2\/product\/141","targetHints":{"allow":["GET"]}}],"collection":[{"href":"https:\/\/lazru.com\/sv\/wp-json\/wp\/v2\/product"}],"about":[{"href":"https:\/\/lazru.com\/sv\/wp-json\/wp\/v2\/types\/product"}],"wp:featuredmedia":[{"embeddable":true,"href":"https:\/\/lazru.com\/sv\/wp-json\/wp\/v2\/media\/44275"}],"wp:attachment":[{"href":"https:\/\/lazru.com\/sv\/wp-json\/wp\/v2\/media?parent=141"}],"wp:term":[{"taxonomy":"product_brand","embeddable":true,"href":"https:\/\/lazru.com\/sv\/wp-json\/wp\/v2\/product_brand?post=141"},{"taxonomy":"product_cat","embeddable":true,"href":"https:\/\/lazru.com\/sv\/wp-json\/wp\/v2\/product_cat?post=141"},{"taxonomy":"product_tag","embeddable":true,"href":"https:\/\/lazru.com\/sv\/wp-json\/wp\/v2\/product_tag?post=141"}],"curies":[{"name":"wp","href":"https:\/\/api.w.org\/{rel}","templated":true}]}}