{"id":31,"date":"2021-09-14T13:12:11","date_gmt":"2021-09-14T13:12:11","guid":{"rendered":"https:\/\/lazru.com\/agb"},"modified":"2023-06-15T13:42:16","modified_gmt":"2023-06-15T11:42:16","slug":"agb","status":"publish","type":"page","link":"https:\/\/lazru.com\/sv\/agb\/","title":{"rendered":"GT&amp;C"},"content":{"rendered":"<p><strong>Allm\u00e4nna villkor och kundinformation<\/strong><\/p>\n\n\n\n<p>I. Allm\u00e4nna villkor<\/p>\n\n\n\n<p>\u00a7 1 Grundl\u00e4ggande best\u00e4mmelser<\/p>\n\n\n\n<p>(1) F\u00f6ljande villkor g\u00e4ller f\u00f6r alla avtal som du ing\u00e5r med oss som leverant\u00f6r (Lazru) via webbplatsen www.lazru.com. Om inget annat avtalats, mots\u00e4tter vi oss att du inkluderar dina egna villkor som du anv\u00e4nder.<\/p>\n\n\n\n<p>(2) En konsument i den mening som avses i f\u00f6ljande best\u00e4mmelser \u00e4r varje fysisk person som ing\u00e5r en r\u00e4ttslig transaktion f\u00f6r \u00e4ndam\u00e5l som huvudsakligen inte kan h\u00e4nf\u00f6ras till hans eller hennes kommersiella eller sj\u00e4lvst\u00e4ndiga yrkesverksamhet. En f\u00f6retagare \u00e4r en fysisk eller juridisk person eller ett r\u00e4ttskapabelt partnerskap som vid ing\u00e5endet av en r\u00e4ttslig transaktion agerar inom ramen f\u00f6r sin sj\u00e4lvst\u00e4ndiga yrkesm\u00e4ssiga eller kommersiella verksamhet.<\/p>\n\n\n\n<p>\u00a7 2 Avtalets ing\u00e5ende<\/p>\n\n\n\n<p>(1) F\u00f6rem\u00e5let f\u00f6r avtalet \u00e4r f\u00f6rs\u00e4ljning av varor.<\/p>\n\n\n\n<p>(2) Genom att placera respektive produkt p\u00e5 v\u00e5r webbplats ger vi dig ett bindande erbjudande om att ing\u00e5 ett avtal p\u00e5 de villkor som anges i produktbeskrivningen.<\/p>\n\n\n\n<p>(3) Avtalet ing\u00e5s via systemet med kundkorg p\u00e5 n\u00e4tet enligt f\u00f6ljande:<br>Varorna som ska k\u00f6pas placeras i \"kundvagnen\". Du kan n\u00e4r som helst \u00f6ppna \"kundvagnen\" med hj\u00e4lp av motsvarande knapp i navigeringsf\u00e4ltet och g\u00f6ra \u00e4ndringar d\u00e4r.<br>Efter att du har \u00f6ppnat sidan \"Checkout\" och angett dina personuppgifter samt betalnings- och leveransvillkor visas alla best\u00e4llningsuppgifter \u00e4n en g\u00e5ng p\u00e5 sidan med \u00f6versikt \u00f6ver best\u00e4llningen.<br>Om du anv\u00e4nder ett system f\u00f6r omedelbar betalning (t.ex. PayPal \/ PayPal Express \/ PayPal Plus, Amazon Payments, Postpay, Sofort\u00fcberweisung) som betalningsmetod, kommer du antingen till sidan f\u00f6r \u00f6versikt av best\u00e4llningen i v\u00e5r webbutik eller s\u00e5 kommer du f\u00f6rst att omdirigeras till webbplatsen f\u00f6r leverant\u00f6ren av systemet f\u00f6r omedelbar betalning.<br>Om du omdirigeras till respektive system f\u00f6r omedelbar betalning, g\u00f6r motsvarande val eller ange dina uppgifter d\u00e4r. Slutligen kommer du att omdirigeras tillbaka till v\u00e5r webbutik till sidan f\u00f6r \u00f6versikt av best\u00e4llningen.<br>Innan du skickar best\u00e4llningen har du m\u00f6jlighet att kontrollera alla uppgifter igen, \u00e4ndra dem (\u00e4ven via webbl\u00e4sarens \"tillbaka\"-funktion) eller avbryta k\u00f6pet.<br>Genom att skicka best\u00e4llningen via knappen \"k\u00f6p nu\" f\u00f6rklarar du att du juridiskt bindande accepterar erbjudandet, varigenom avtalet sluts.<\/p>\n\n\n\n<p>(4) Dina \u00f6nskem\u00e5l om att utarbeta ett anbud \u00e4r inte bindande f\u00f6r dig. Vi l\u00e4mnar ett bindande erbjudande i textform (t.ex. via e-post) som du kan acceptera inom 5 dagar.<\/p>\n\n\n\n<p>(5) Behandlingen av best\u00e4llningen och \u00f6verf\u00f6ringen av all information som kr\u00e4vs i samband med ing\u00e5endet av avtalet sker delvis automatiskt via e-post. Du m\u00e5ste d\u00e4rf\u00f6r se till att den e-postadress som du har angett till oss \u00e4r korrekt, att mottagandet av e-postmeddelanden \u00e4r tekniskt s\u00e4kerst\u00e4llt och framf\u00f6r allt att det inte hindras av SPAM-filter.<\/p>\n\n\n\n<p>\u00a7 3 Avtalets giltighetstid\/upps\u00e4gning<\/p>\n\n\n\n<p>Om avtalet g\u00e4ller \u00e5terkommande\/permanenta tj\u00e4nster (abonnemang) ing\u00e5s avtalet p\u00e5 obest\u00e4md tid. Vardera parten i avtalet har r\u00e4tt att s\u00e4ga upp avtalet utan upps\u00e4gning till n\u00e4sta leveransdatum utan att ange sk\u00e4l. R\u00e4tten till extraordin\u00e4r upps\u00e4gning av goda sk\u00e4l, s\u00e4rskilt upprepad \u00f6vertr\u00e4delse av de viktigaste avtalsf\u00f6rpliktelserna, ska f\u00f6rbli of\u00f6r\u00e4ndrad.<\/p>\n\n\n\n<p>Upps\u00e4gningen kan g\u00f6ras i kundkontot via menyvalet \"Abonnemang\" och d\u00e4r via \"Upps\u00e4gningsformul\u00e4r\" eller i textform (per post eller e-post).<\/p>\n\n\n\n<p>\u00a7 4 F\u00f6rbeh\u00e5llsr\u00e4tt, \u00e4gander\u00e4ttsf\u00f6rbeh\u00e5ll<\/p>\n\n\n\n<p>(1) Du kan endast ut\u00f6va en retentionsr\u00e4tt i den m\u00e5n den g\u00e4ller fordringar fr\u00e5n samma avtalsf\u00f6rh\u00e5llande.<\/p>\n\n\n\n<p>(2) Varorna f\u00f6rblir v\u00e5r egendom tills k\u00f6pesumman har betalats i sin helhet.<\/p>\n\n\n\n<p>\u00a7 5 Ansvar<\/p>\n\n\n\n<p>(1) Vi \u00e4r i varje enskilt fall utan begr\u00e4nsning ansvariga f\u00f6r skador som uppst\u00e5r till f\u00f6ljd av skador p\u00e5 liv, lem eller h\u00e4lsa. Dessutom \u00e4r vi ansvariga utan begr\u00e4nsning i alla fall av upps\u00e5t och grov v\u00e5rdsl\u00f6shet, vid bedr\u00e4gligt d\u00f6ljande av en defekt, vid \u00f6vertagande av en garanti f\u00f6r k\u00f6pobjektets kvalitet och i alla andra fall som regleras av lagen.<\/p>\n\n\n\n<p>(2) Ansvaret f\u00f6r defekter inom ramen f\u00f6r den lagstadgade garantin regleras av motsvarande best\u00e4mmelse i v\u00e5r kundinformation (del II).<\/p>\n\n\n\n<p>(3) I den m\u00e5n v\u00e4sentliga avtalsf\u00f6rpliktelser p\u00e5verkas \u00e4r v\u00e5rt ansvar f\u00f6r l\u00e4tt v\u00e5rdsl\u00f6shet begr\u00e4nsat till den f\u00f6rutsebara skada som \u00e4r typisk f\u00f6r avtalet. Materiella avtalsf\u00f6rpliktelser \u00e4r materiella f\u00f6rpliktelser som f\u00f6ljer av avtalets art och vars \u00f6vertr\u00e4delse skulle \u00e4ventyra uppn\u00e5endet av avtalets syfte samt f\u00f6rpliktelser som avtalet \u00e5l\u00e4gger oss enligt dess inneh\u00e5ll f\u00f6r att uppn\u00e5 avtalets syfte, vars uppfyllande \u00f6verhuvudtaget g\u00f6r det m\u00f6jligt att fullg\u00f6ra avtalet p\u00e5 ett korrekt s\u00e4tt och vilkas efterlevnad du regelbundet kan f\u00f6rlita dig p\u00e5.<\/p>\n\n\n\n<p>(4) Vid \u00f6vertr\u00e4delse av immateriella avtalsf\u00f6rpliktelser \u00e4r ansvaret uteslutet vid l\u00e4tt f\u00f6rsumliga \u00f6vertr\u00e4delser av f\u00f6rpliktelser.<\/p>\n\n\n\n<p>(5) Datakommunikation via Internet kan inte garanteras vara felfri och\/eller tillg\u00e4nglig vid alla tidpunkter i enlighet med den aktuella tekniken. I detta avseende \u00e4r vi inte ansvariga f\u00f6r att webbplatsen och de tj\u00e4nster som erbjuds d\u00e4r \u00e4r st\u00e4ndigt och oavbrutet tillg\u00e4ngliga.<\/p>\n\n\n\n<p>\u00a7 6 Val av lag, plats f\u00f6r fullg\u00f6rande, beh\u00f6rig domstol<\/p>\n\n\n\n<p>(1) Tysk lag ska till\u00e4mpas. N\u00e4r det g\u00e4ller konsumenter ska detta lagval endast g\u00e4lla i den m\u00e5n som det skydd som ges genom tvingande best\u00e4mmelser i lagen i den stat d\u00e4r konsumenten har sin vanliga vistelseort inte upph\u00e4vs till f\u00f6ljd av detta (f\u00f6rm\u00e5nlighetsprincipen).<\/p>\n\n\n\n<p>(2) F\u00f6r alla tj\u00e4nster som h\u00e4rr\u00f6r fr\u00e5n aff\u00e4rsrelationer med oss \u00e4r platsen f\u00f6r utf\u00f6randet av tj\u00e4nsterna samt jurisdiktionen v\u00e5rt s\u00e4te, i den m\u00e5n du inte \u00e4r en konsument utan en k\u00f6pman, en offentligr\u00e4ttslig juridisk person eller en offentligr\u00e4ttslig specialfond. Detsamma g\u00e4ller om du inte har en allm\u00e4n jurisdiktionsplats i Tyskland eller EU eller om din hemvist eller vanliga vistelseort \u00e4r ok\u00e4nd n\u00e4r talan v\u00e4cks. R\u00e4tten att ocks\u00e5 v\u00e4cka talan vid domstolen vid en annan lagstadgad beh\u00f6rig ort p\u00e5verkas inte av detta.<\/p>\n\n\n\n<p>(3) Best\u00e4mmelserna i FN:s konvention om avtal om internationella k\u00f6p av varor ska uttryckligen inte till\u00e4mpas.<\/p>\n\n\n\n<p>_______<\/p>\n\n\n\n<p>II. Kundinformation<\/p>\n\n\n\n<p>1. S\u00e4ljarens identitet.<\/p>\n\n\n\n<figure class=\"wp-block-image size-full is-resized\"><a href=\"https:\/\/lazru.com\/wp-content\/uploads\/2023\/06\/Laz.jpg\"><img loading=\"lazy\" decoding=\"async\" src=\"https:\/\/lazru.com\/wp-content\/uploads\/2023\/06\/Laz.jpg\" alt=\"\" class=\"wp-image-16396\" width=\"259\" height=\"272\" srcset=\"https:\/\/lazru.com\/wp-content\/uploads\/2023\/06\/Laz.jpg 650w, https:\/\/lazru.com\/wp-content\/uploads\/2023\/06\/Laz-285x300.jpg 285w, https:\/\/lazru.com\/wp-content\/uploads\/2023\/06\/Laz-11x12.jpg 11w, https:\/\/lazru.com\/wp-content\/uploads\/2023\/06\/Laz-600x632.jpg 600w\" sizes=\"auto, (max-width: 259px) 100vw, 259px\" \/><\/a><\/figure>\n\n\n\n<p><\/p>\n\n\n\n<p>Europeiska kommissionen tillhandah\u00e5ller en plattform f\u00f6r tvistl\u00f6sning utanf\u00f6r domstol online (ODR-plattformen), som kan n\u00e5s p\u00e5 f\u00f6ljande adress&nbsp;<a href=\"http:\/\/ec.europa.eu\/odr\" target=\"_blank\" rel=\"noreferrer noopener\">http:\/\/ec.europa.eu\/odr<\/a>.<\/p>\n\n\n\n<p>2. Information om ing\u00e5ende av avtalet<\/p>\n\n\n\n<p>De tekniska stegen f\u00f6r att ing\u00e5 avtalet, ing\u00e5endet av sj\u00e4lva avtalet och korrigeringsm\u00f6jligheterna utf\u00f6rs i enlighet med \u00a7 2 i v\u00e5ra allm\u00e4nna villkor (del I).<\/p>\n\n\n\n<p>3. Avtalsspr\u00e5k, lagring av avtalstext<\/p>\n\n\n\n<p>3.1. Avtalsspr\u00e5ket \u00e4r engelska.<\/p>\n\n\n\n<p>3.2 Vi sparar inte hela avtalstexten. Innan du skickar best\u00e4llningen via systemet med kundkorg p\u00e5 n\u00e4tet kan avtalsuppgifterna skrivas ut eller sparas elektroniskt med hj\u00e4lp av webbl\u00e4sarens utskriftsfunktion. N\u00e4r vi har mottagit best\u00e4llningen skickas best\u00e4llningsuppgifterna, den information som kr\u00e4vs enligt lag f\u00f6r distansavtal och de allm\u00e4nna villkoren till dig p\u00e5 nytt via e-post.<\/p>\n\n\n\n<p>3.3 Vid offertf\u00f6rfr\u00e5gningar utanf\u00f6r systemet med kundkorg online f\u00e5r du alla avtalsuppgifter som en del av ett bindande anbud i textform, t.ex. via e-post, som du kan skriva ut eller spara elektroniskt.<\/p>\n\n\n\n<p>4. Varornas eller tj\u00e4nsternas v\u00e4sentliga egenskaper.<\/p>\n\n\n\n<p>De viktigaste egenskaperna hos varorna och\/eller tj\u00e4nsterna finns i respektive erbjudande.<\/p>\n\n\n\n<p>5. Priser och betalningsvillkor.<\/p>\n\n\n\n<p>5.1 De priser som anges i respektive erbjudande samt fraktkostnaderna utg\u00f6r totalpriser. De inkluderar alla priskomponenter inklusive alla till\u00e4mpliga skatter.<\/p>\n\n\n\n<p>5.2 Fraktkostnaderna ing\u00e5r inte i ink\u00f6pspriset. De kan h\u00e4mtas via en motsvarande knapp p\u00e5 v\u00e5r webbplats eller i respektive erbjudande, visas separat i samband med best\u00e4llningsprocessen och ska betalas av dig, om inte gratis leverans har utlovats.<\/p>\n\n\n\n<p>5.3 De betalningsmetoder som \u00e4r tillg\u00e4ngliga f\u00f6r dig visas under en motsvarande knapp p\u00e5 v\u00e5r webbplats eller i respektive erbjudande.<\/p>\n\n\n\n<p>5.4 Om inget annat anges i de enskilda betalningsmetoderna ska de betalningsfordringar som f\u00f6ljer av det ing\u00e5ngna avtalet betalas omedelbart.<\/p>\n\n\n\n<p>6. Leveransvillkor.<\/p>\n\n\n\n<p>6.1 Leveransvillkor, leveransdatum och eventuella leveransbegr\u00e4nsningar finns under en motsvarande knapp p\u00e5 v\u00e5r webbplats eller i respektive erbjudande.<\/p>\n\n\n\n<p>6.2 Om du \u00e4r konsument \u00e4r det lagstadgat att risken f\u00f6r oavsiktlig f\u00f6rlust och oavsiktlig f\u00f6rs\u00e4mring av den s\u00e5lda varan under transporten \u00f6verg\u00e5r till dig f\u00f6rst vid \u00f6verl\u00e4mnandet av varorna, oavsett om transporten \u00e4r f\u00f6rs\u00e4krad eller of\u00f6rs\u00e4krad. Detta g\u00e4ller inte om du sj\u00e4lvst\u00e4ndigt har anlitat ett transportf\u00f6retag som inte har utsetts av f\u00f6retagaren eller en person som p\u00e5 annat s\u00e4tt har utsetts att utf\u00f6ra transporten.<\/p>\n\n\n\n<p>7. Lagstadgat ansvar f\u00f6r fel<\/p>\n\n\n\n<p>7.1 Den lagstadgade r\u00e4tten till ansvar f\u00f6r fel ska g\u00e4lla.<\/p>\n\n\n\n<p>7.2 Som konsument uppmanas du att omedelbart efter leveransen kontrollera varorna f\u00f6r att se om de \u00e4r kompletta, om det finns uppenbara fel eller transportskador och att meddela oss och transport\u00f6ren eventuella klagom\u00e5l s\u00e5 snart som m\u00f6jligt. Om du inte f\u00f6ljer detta har det ingen effekt p\u00e5 dina lagstadgade garantianspr\u00e5k.<\/p>","protected":false},"excerpt":{"rendered":"<p>Allgemeine Gesch\u00e4ftsbedingungen und Kundeninformationen I. Allgemeine Gesch\u00e4ftsbedingungen \u00a7 1 Grundlegende Bestimmungen (1) Die nachstehenden Gesch\u00e4ftsbedingungen gelten f\u00fcr alle Vertr\u00e4ge, die Sie mit uns als Anbieter (Lazru) \u00fcber die Internetseite www.lazru.com [&hellip;]<\/p>","protected":false},"author":1,"featured_media":0,"parent":0,"menu_order":0,"comment_status":"closed","ping_status":"closed","template":"","meta":{"_uag_custom_page_level_css":"","advgb_blocks_editor_width":"","advgb_blocks_columns_visual_guide":"","site-sidebar-layout":"default","site-content-layout":"default","ast-site-content-layout":"default","site-content-style":"default","site-sidebar-style":"default","ast-global-header-display":"","ast-banner-title-visibility":"","ast-main-header-display":"","ast-hfb-above-header-display":"","ast-hfb-below-header-display":"","ast-hfb-mobile-header-display":"","site-post-title":"","ast-breadcrumbs-content":"","ast-featured-img":"","footer-sml-layout":"","ast-disable-related-posts":"","theme-transparent-header-meta":"default","adv-header-id-meta":"","stick-header-meta":"default","header-above-stick-meta":"","header-main-stick-meta":"","header-below-stick-meta":"","astra-migrate-meta-layouts":"default","ast-page-background-enabled":"default","ast-page-background-meta":{"desktop":{"background-color":"","background-image":"","background-repeat":"repeat","background-position":"center center","background-size":"auto","background-attachment":"scroll","background-type":"","background-media":"","overlay-type":"","overlay-color":"","overlay-opacity":"","overlay-gradient":""},"tablet":{"background-color":"","background-image":"","background-repeat":"repeat","background-position":"center center","background-size":"auto","background-attachment":"scroll","background-type":"","background-media":"","overlay-type":"","overlay-color":"","overlay-opacity":"","overlay-gradient":""},"mobile":{"background-color":"","background-image":"","background-repeat":"repeat","background-position":"center center","background-size":"auto","background-attachment":"scroll","background-type":"","background-media":"","overlay-type":"","overlay-color":"","overlay-opacity":"","overlay-gradient":""}},"ast-content-background-meta":{"desktop":{"background-color":"var(--ast-global-color-5)","background-image":"","background-repeat":"repeat","background-position":"center center","background-size":"auto","background-attachment":"scroll","background-type":"","background-media":"","overlay-type":"","overlay-color":"","overlay-opacity":"","overlay-gradient":""},"tablet":{"background-color":"var(--ast-global-color-5)","background-image":"","background-repeat":"repeat","background-position":"center center","background-size":"auto","background-attachment":"scroll","background-type":"","background-media":"","overlay-type":"","overlay-color":"","overlay-opacity":"","overlay-gradient":""},"mobile":{"background-color":"var(--ast-global-color-5)","background-image":"","background-repeat":"repeat","background-position":"center center","background-size":"auto","background-attachment":"scroll","background-type":"","background-media":"","overlay-type":"","overlay-color":"","overlay-opacity":"","overlay-gradient":""}},"footnotes":""},"class_list":["post-31","page","type-page","status-publish","hentry"],"featured_image_src":null,"yoast_head":"<!-- This site is optimized with the Yoast SEO Premium plugin v23.4 (Yoast SEO v26.6) - https:\/\/yoast.com\/wordpress\/plugins\/seo\/ -->\n<title>AGB - LAZRU<\/title>\n<meta name=\"robots\" content=\"noindex, follow\" \/>\n<meta property=\"og:locale\" content=\"sv_SE\" \/>\n<meta property=\"og:type\" content=\"article\" \/>\n<meta property=\"og:title\" content=\"AGB\" \/>\n<meta property=\"og:description\" content=\"Allgemeine Gesch\u00e4ftsbedingungen und Kundeninformationen I. Allgemeine Gesch\u00e4ftsbedingungen \u00a7 1 Grundlegende Bestimmungen (1) Die nachstehenden Gesch\u00e4ftsbedingungen gelten f\u00fcr alle Vertr\u00e4ge, die Sie mit uns als Anbieter (Lazru) \u00fcber die Internetseite www.lazru.com [&hellip;]\" \/>\n<meta property=\"og:url\" content=\"https:\/\/lazru.com\/sv\/agb\/\" \/>\n<meta property=\"og:site_name\" content=\"LAZRU\" \/>\n<meta property=\"article:modified_time\" content=\"2023-06-15T11:42:16+00:00\" \/>\n<meta property=\"og:image\" content=\"https:\/\/lazru.com\/wp-content\/uploads\/2023\/06\/Laz.jpg\" \/>\n<meta name=\"twitter:card\" content=\"summary_large_image\" \/>\n<meta name=\"twitter:label1\" content=\"Ber\u00e4knad l\u00e4stid\" \/>\n\t<meta name=\"twitter:data1\" content=\"8 minuter\" \/>\n<script type=\"application\/ld+json\" class=\"yoast-schema-graph\">{\"@context\":\"https:\/\/schema.org\",\"@graph\":[{\"@type\":\"WebPage\",\"@id\":\"https:\/\/lazru.com\/agb\/\",\"url\":\"https:\/\/lazru.com\/agb\/\",\"name\":\"AGB - LAZRU\",\"isPartOf\":{\"@id\":\"https:\/\/lazru.com\/es\/#website\"},\"primaryImageOfPage\":{\"@id\":\"https:\/\/lazru.com\/agb\/#primaryimage\"},\"image\":{\"@id\":\"https:\/\/lazru.com\/agb\/#primaryimage\"},\"thumbnailUrl\":\"https:\/\/lazru.com\/wp-content\/uploads\/2023\/06\/Laz.jpg\",\"datePublished\":\"2021-09-14T13:12:11+00:00\",\"dateModified\":\"2023-06-15T11:42:16+00:00\",\"breadcrumb\":{\"@id\":\"https:\/\/lazru.com\/agb\/#breadcrumb\"},\"inLanguage\":\"sv-SE\",\"potentialAction\":[{\"@type\":\"ReadAction\",\"target\":[\"https:\/\/lazru.com\/agb\/\"]}]},{\"@type\":\"ImageObject\",\"inLanguage\":\"sv-SE\",\"@id\":\"https:\/\/lazru.com\/agb\/#primaryimage\",\"url\":\"https:\/\/lazru.com\/wp-content\/uploads\/2023\/06\/Laz.jpg\",\"contentUrl\":\"https:\/\/lazru.com\/wp-content\/uploads\/2023\/06\/Laz.jpg\"},{\"@type\":\"BreadcrumbList\",\"@id\":\"https:\/\/lazru.com\/agb\/#breadcrumb\",\"itemListElement\":[{\"@type\":\"ListItem\",\"position\":1,\"name\":\"LAZRU\",\"item\":\"https:\/\/lazru.com\/\"},{\"@type\":\"ListItem\",\"position\":2,\"name\":\"AGB\"}]},{\"@type\":\"WebSite\",\"@id\":\"https:\/\/lazru.com\/es\/#website\",\"url\":\"https:\/\/lazru.com\/es\/\",\"name\":\"LAZRU\",\"description\":\"Wimpernserum &amp; Augenbrauenserum\",\"publisher\":{\"@id\":\"https:\/\/lazru.com\/es\/#organization\"},\"potentialAction\":[{\"@type\":\"SearchAction\",\"target\":{\"@type\":\"EntryPoint\",\"urlTemplate\":\"https:\/\/lazru.com\/es\/?s={search_term_string}\"},\"query-input\":{\"@type\":\"PropertyValueSpecification\",\"valueRequired\":true,\"valueName\":\"search_term_string\"}}],\"inLanguage\":\"sv-SE\"},{\"@type\":\"Organization\",\"@id\":\"https:\/\/lazru.com\/es\/#organization\",\"name\":\"LAZRU\",\"url\":\"https:\/\/lazru.com\/es\/\",\"logo\":{\"@type\":\"ImageObject\",\"inLanguage\":\"sv-SE\",\"@id\":\"https:\/\/lazru.com\/es\/#\/schema\/logo\/image\/\",\"url\":\"https:\/\/lazru.com\/wp-content\/uploads\/2021\/09\/cropped-lazru-wimpernserum-logo.png\",\"contentUrl\":\"https:\/\/lazru.com\/wp-content\/uploads\/2021\/09\/cropped-lazru-wimpernserum-logo.png\",\"width\":211,\"height\":97,\"caption\":\"LAZRU\"},\"image\":{\"@id\":\"https:\/\/lazru.com\/es\/#\/schema\/logo\/image\/\"},\"sameAs\":[\"https:\/\/www.instagram.com\/lazru_official\/\"]}]}<\/script>\n<!-- \/ Yoast SEO Premium plugin. -->","yoast_head_json":{"title":"AGB - LAZRU","robots":{"index":"noindex","follow":"follow"},"og_locale":"sv_SE","og_type":"article","og_title":"AGB","og_description":"Allgemeine Gesch\u00e4ftsbedingungen und Kundeninformationen I. Allgemeine Gesch\u00e4ftsbedingungen \u00a7 1 Grundlegende Bestimmungen (1) Die nachstehenden Gesch\u00e4ftsbedingungen gelten f\u00fcr alle Vertr\u00e4ge, die Sie mit uns als Anbieter (Lazru) \u00fcber die Internetseite www.lazru.com [&hellip;]","og_url":"https:\/\/lazru.com\/sv\/agb\/","og_site_name":"LAZRU","article_modified_time":"2023-06-15T11:42:16+00:00","og_image":[{"url":"https:\/\/lazru.com\/wp-content\/uploads\/2023\/06\/Laz.jpg","type":"","width":"","height":""}],"twitter_card":"summary_large_image","twitter_misc":{"Ber\u00e4knad l\u00e4stid":"8 minuter"},"schema":{"@context":"https:\/\/schema.org","@graph":[{"@type":"WebPage","@id":"https:\/\/lazru.com\/agb\/","url":"https:\/\/lazru.com\/agb\/","name":"AGB - LAZRU","isPartOf":{"@id":"https:\/\/lazru.com\/es\/#website"},"primaryImageOfPage":{"@id":"https:\/\/lazru.com\/agb\/#primaryimage"},"image":{"@id":"https:\/\/lazru.com\/agb\/#primaryimage"},"thumbnailUrl":"https:\/\/lazru.com\/wp-content\/uploads\/2023\/06\/Laz.jpg","datePublished":"2021-09-14T13:12:11+00:00","dateModified":"2023-06-15T11:42:16+00:00","breadcrumb":{"@id":"https:\/\/lazru.com\/agb\/#breadcrumb"},"inLanguage":"sv-SE","potentialAction":[{"@type":"ReadAction","target":["https:\/\/lazru.com\/agb\/"]}]},{"@type":"ImageObject","inLanguage":"sv-SE","@id":"https:\/\/lazru.com\/agb\/#primaryimage","url":"https:\/\/lazru.com\/wp-content\/uploads\/2023\/06\/Laz.jpg","contentUrl":"https:\/\/lazru.com\/wp-content\/uploads\/2023\/06\/Laz.jpg"},{"@type":"BreadcrumbList","@id":"https:\/\/lazru.com\/agb\/#breadcrumb","itemListElement":[{"@type":"ListItem","position":1,"name":"LAZRU","item":"https:\/\/lazru.com\/"},{"@type":"ListItem","position":2,"name":"AGB"}]},{"@type":"WebSite","@id":"https:\/\/lazru.com\/es\/#website","url":"https:\/\/lazru.com\/es\/","name":"LAZRU","description":"\u00d6gonfransserum &amp; \u00d6gonbrynsserum","publisher":{"@id":"https:\/\/lazru.com\/es\/#organization"},"potentialAction":[{"@type":"SearchAction","target":{"@type":"EntryPoint","urlTemplate":"https:\/\/lazru.com\/es\/?s={search_term_string}"},"query-input":{"@type":"PropertyValueSpecification","valueRequired":true,"valueName":"search_term_string"}}],"inLanguage":"sv-SE"},{"@type":"Organization","@id":"https:\/\/lazru.com\/es\/#organization","name":"LAZRU","url":"https:\/\/lazru.com\/es\/","logo":{"@type":"ImageObject","inLanguage":"sv-SE","@id":"https:\/\/lazru.com\/es\/#\/schema\/logo\/image\/","url":"https:\/\/lazru.com\/wp-content\/uploads\/2021\/09\/cropped-lazru-wimpernserum-logo.png","contentUrl":"https:\/\/lazru.com\/wp-content\/uploads\/2021\/09\/cropped-lazru-wimpernserum-logo.png","width":211,"height":97,"caption":"LAZRU"},"image":{"@id":"https:\/\/lazru.com\/es\/#\/schema\/logo\/image\/"},"sameAs":["https:\/\/www.instagram.com\/lazru_official\/"]}]}},"uagb_featured_image_src":{"full":false,"thumbnail":false,"medium":false,"medium_large":false,"large":false,"1536x1536":false,"2048x2048":false,"trp-custom-language-flag":false,"woocommerce_thumbnail":false,"woocommerce_single":false,"woocommerce_gallery_thumbnail":false,"crp_thumbnail":false},"uagb_author_info":{"display_name":"Kerem085","author_link":"https:\/\/lazru.com\/sv\/author\/kerem085\/"},"uagb_comment_info":0,"uagb_excerpt":"Allgemeine Gesch\u00e4ftsbedingungen und Kundeninformationen I. Allgemeine Gesch\u00e4ftsbedingungen \u00a7 1 Grundlegende Bestimmungen (1) Die nachstehenden Gesch\u00e4ftsbedingungen gelten f\u00fcr alle Vertr\u00e4ge, die Sie mit uns als Anbieter (Lazru) \u00fcber die Internetseite www.lazru.com [&hellip;]","coauthors":[],"author_meta":{"author_link":"https:\/\/lazru.com\/sv\/author\/kerem085\/","display_name":"Kerem085"},"relative_dates":{"created":"Publicerad 5 \u00e5r sedan","modified":"Uppdaterad 3 \u00e5r sedan"},"absolute_dates":{"created":"Publicerat den 14. september 2021","modified":"Uppdaterad den 15. juni 2023"},"absolute_dates_time":{"created":"Publicerat den 14. september 2021 13:12","modified":"Uppdaterad den 15. juni 2023 13:42"},"featured_img_caption":"","featured_img":false,"series_order":"","_links":{"self":[{"href":"https:\/\/lazru.com\/sv\/wp-json\/wp\/v2\/pages\/31","targetHints":{"allow":["GET"]}}],"collection":[{"href":"https:\/\/lazru.com\/sv\/wp-json\/wp\/v2\/pages"}],"about":[{"href":"https:\/\/lazru.com\/sv\/wp-json\/wp\/v2\/types\/page"}],"author":[{"embeddable":true,"href":"https:\/\/lazru.com\/sv\/wp-json\/wp\/v2\/users\/1"}],"replies":[{"embeddable":true,"href":"https:\/\/lazru.com\/sv\/wp-json\/wp\/v2\/comments?post=31"}],"version-history":[{"count":3,"href":"https:\/\/lazru.com\/sv\/wp-json\/wp\/v2\/pages\/31\/revisions"}],"predecessor-version":[{"id":16915,"href":"https:\/\/lazru.com\/sv\/wp-json\/wp\/v2\/pages\/31\/revisions\/16915"}],"wp:attachment":[{"href":"https:\/\/lazru.com\/sv\/wp-json\/wp\/v2\/media?parent=31"}],"curies":[{"name":"wp","href":"https:\/\/api.w.org\/{rel}","templated":true}]}}