{"id":1341,"date":"2022-04-06T08:49:33","date_gmt":"2022-04-06T08:49:33","guid":{"rendered":"https:\/\/lazru.com\/?post_type=product&#038;p=1341"},"modified":"2026-04-15T10:16:43","modified_gmt":"2026-04-15T08:16:43","slug":"lazru-2","status":"publish","type":"product","link":"https:\/\/lazru.com\/sk\/produkt\/lazru-2\/","title":{"rendered":"Lazru S\u00e9rum, 2 ks"},"content":{"rendered":"<h2>Pou\u017eitie:<\/h2>\n<p>Pou\u017e\u00edvajte raz alebo dvakr\u00e1t denne. Pred pou\u017eit\u00edm dobre pretrepte. Mal\u00e9 mno\u017estvo pr\u00edpravku opatrne a rovnomerne naneste na riasy alebo obo\u010die. Len na vonkaj\u0161ie pou\u017eitie. Vyhnite sa priamemu kontaktu s o\u010dami. Skladujte pri izbovej teplote a mimo dosahu det\u00ed.<\/p>\n<h2><span style=\"color: #8a949c\">Prebu\u010fte svoju kr\u00e1su s Lazru: Pre neodolate\u013en\u00e9 Mihalnice a Obo\u010die, ktor\u00e9 up\u00fataj\u00fa pozornos\u0165!<\/span><\/h2>\n<p><a href=\"https:\/\/lazru.com\/wp-content\/uploads\/2026\/04\/lazru_anwendung.jpg><img loading=\"lazy\" decoding=\"async\" class=\"wp-image-18048 size-full\" src=\"https:\/\/lazru.com\/wp-content\/uploads\/2026\/04\/lazru_anwendung.jpg\" alt=\"Lazru\" width=\"2000\" height=\"1080\" \/><\/a><\/p>\n<p>Predstavte si, \u017ee m\u00f4\u017eete posilni\u0165 a o\u017eivi\u0165 slab\u00e9 riasy a obo\u010die len jedn\u00fdm produktom. Lazru to umo\u017e\u0148uje! Na\u0161e revolu\u010dn\u00e9 serum, ktor\u00e9 je v\u00fdsledkom rozsiahleho v\u00fdskumu a v\u00fdvoja, obsahuje vysoko koncentrovan\u00fa zmes 67 pr\u00edrodn\u00fdch zlo\u017eiek, ktor\u00e9 pom\u00e1haj\u00fa vy\u017eivova\u0165, posil\u0148ova\u0165 a podporova\u0165 rast va\u0161ich rias a obo\u010dia.<\/p>\n<p>Jednou z vec\u00ed, ktor\u00e9 robia Lazru v\u00fdnimo\u010dn\u00fdm, je z\u00e1mern\u00e9 vyh\u00fdbanie sa horm\u00f3nu prostagland\u00ednu a pr\u00edbuzn\u00fdm deriv\u00e1tom prostagland\u00ednu. Niektor\u00e9 v\u00fdrobky na trhu obsahuj\u00fa tieto l\u00e1tky, ktor\u00e9 m\u00f4\u017eu stimulova\u0165 rast vlasov, ale sp\u00e1jaj\u00fa sa aj s mno\u017estvom mo\u017en\u00fdch ved\u013eaj\u0161\u00edch \u00fa\u010dinkov vr\u00e1tane za\u010dervenania, podr\u00e1\u017edenia a zmeny farby poko\u017eky. Nie s\u00fa preto vhodn\u00e9 pre ka\u017ed\u00e9ho, najm\u00e4 pre osoby s citlivou poko\u017ekou alebo oslaben\u00fdm imunitn\u00fdm syst\u00e9mom, ako aj pre tehotn\u00e9 a doj\u010diace \u017eeny. Na druhej strane, Lazru 100% neobsahuje horm\u00f3ny, \u010do znamen\u00e1, \u017ee tieto rizik\u00e1 so sebou nenesie.<\/p>\n<p>S Lazru m\u00f4\u017eete vyu\u017e\u00edva\u0165 silu vedy a pr\u00edrody. Na\u0161e s\u00e9rum, bohat\u00e9 na rastlinn\u00e9 v\u00fd\u0165a\u017eky, pr\u00edrodn\u00e9 oleje, vitam\u00edny a aminokyseliny, vyu\u017e\u00edva inovat\u00edvne v\u00fdrobn\u00e9 met\u00f3dy, ako je ferment\u00e1cia a lipozom\u00e1lna technol\u00f3gia, ktor\u00e9 zabezpe\u010duj\u00fa, \u017ee \u00fa\u010dinn\u00e9 zlo\u017eky sa dostan\u00fa \u0161peci\u00e1lne ku korienkom vlasov.<\/p>\n<p>Lazru tie\u017e neobsahuje formaldehyd, ftal\u00e1ty, sulf\u00e1ty, parab\u00e9ny, silik\u00f3ny a miner\u00e1lne oleje a je navrhnut\u00fd tak, aby bol bezpe\u010dn\u00fd a \u0161etrn\u00fd k poko\u017eke.<\/p>\n<p>Pre\u010do teda \u017ei\u0165 so slab\u00fdmi, tenk\u00fdmi riasami a obo\u010d\u00edm, ke\u010f ich m\u00f4\u017eete posilni\u0165 a o\u017eivi\u0165 pomocou Lazru? Vysk\u00fa\u0161ajte na\u0161e s\u00e9rum a presved\u010dte sa, ako uvo\u013en\u00ed prirodzen\u00fd potenci\u00e1l va\u0161ich rias a obo\u010dia!<\/p>\n<h2>Pred\/po:<\/h2>\n<p>Svoje fotografie posielajte na adresu support@lazru.com<\/p>\n<p><img loading=\"lazy\" decoding=\"async\" class=\"alignnone size-medium wp-image-54\" src=\"https:\/\/lazru.com\/wp-content\/uploads\/2021\/09\/Lazru-06-300x290.jpg\" alt=\"\" width=\"300\" height=\"290\" srcset=\"https:\/\/lazru.com\/wp-content\/uploads\/2021\/09\/Lazru-06-300x290.jpg 300w, https:\/\/lazru.com\/wp-content\/uploads\/2021\/09\/Lazru-06-600x580.jpg 600w, https:\/\/lazru.com\/wp-content\/uploads\/2021\/09\/Lazru-06.jpg 696w\" sizes=\"auto, (max-width: 300px) 100vw, 300px\" \/><\/p>\n<p><img loading=\"lazy\" decoding=\"async\" class=\"size-medium wp-image-79\" src=\"https:\/\/lazru.com\/wp-content\/uploads\/2021\/09\/Lazru-05-300x290.jpg\" alt=\"Sk\u00fasenosti s Lazru\" width=\"300\" height=\"290\" srcset=\"https:\/\/lazru.com\/wp-content\/uploads\/2021\/09\/Lazru-05-300x290.jpg 300w, https:\/\/lazru.com\/wp-content\/uploads\/2021\/09\/Lazru-05-600x580.jpg 600w, https:\/\/lazru.com\/wp-content\/uploads\/2021\/09\/Lazru-05.jpg 696w\" sizes=\"auto, (max-width: 300px) 100vw, 300px\" \/><\/p>\n<p><img loading=\"lazy\" decoding=\"async\" class=\"size-medium wp-image-77\" src=\"https:\/\/lazru.com\/wp-content\/uploads\/2021\/09\/Lazru-07-1-300x290.jpg\" alt=\"Sk\u00fasenosti s Lazru\" width=\"300\" height=\"290\" srcset=\"https:\/\/lazru.com\/wp-content\/uploads\/2021\/09\/Lazru-07-1-300x290.jpg 300w, https:\/\/lazru.com\/wp-content\/uploads\/2021\/09\/Lazru-07-1-600x580.jpg 600w, https:\/\/lazru.com\/wp-content\/uploads\/2021\/09\/Lazru-07-1.jpg 696w\" sizes=\"auto, (max-width: 300px) 100vw, 300px\" \/><\/p>","protected":false},"excerpt":{"rendered":"<p class=\"p1\"><span class=\"s1\">S\u00e9rum na Mihalnice &amp; S\u00e9rum na Obo\u010die<br \/>\n<span style=\"color: #5bc98b\"><strong>Novinka: Lipozom\u00e1lne zlo\u017eenie!<\/strong><\/span><br \/>\n<\/span><\/p>\n<ul>\n<li>Na Rast Mihalnice<\/li>\n<li>Na Rast Obocie<\/li>\n<li>Bez horm\u00f3nov<\/li>\n<li>Bez prostagland\u00ednov<\/li>\n<li>Dermatologicky testovan\u00e9<\/li>\n<\/ul>\n<p><img loading=\"lazy\" decoding=\"async\" class=\"alignnone wp-image-48\" src=\"https:\/\/lazru.com\/wp-content\/uploads\/2021\/09\/Lo-2.jpg\" alt=\"\" width=\"283\" height=\"25\" srcset=\"https:\/\/lazru.com\/wp-content\/uploads\/2021\/09\/Lo-2.jpg 941w, https:\/\/lazru.com\/wp-content\/uploads\/2021\/09\/Lo-2-600x53.jpg 600w, https:\/\/lazru.com\/wp-content\/uploads\/2021\/09\/Lo-2-300x26.jpg 300w, https:\/\/lazru.com\/wp-content\/uploads\/2021\/09\/Lo-2-768x68.jpg 768w\" sizes=\"auto, (max-width: 283px) 100vw, 283px\" \/><\/p>\n<p><a href=\"https:\/\/lazru.com\/wp-content\/uploads\/2022\/06\/Lazru-EN.jpg\"><img loading=\"lazy\" decoding=\"async\" class=\"wp-image-2445\" src=\"https:\/\/lazru.com\/wp-content\/uploads\/2022\/06\/Lazru-EN.jpg\" alt=\"Test Lazru\" width=\"170\" height=\"106\" srcset=\"https:\/\/lazru.com\/wp-content\/uploads\/2022\/06\/Lazru-EN.jpg 407w, https:\/\/lazru.com\/wp-content\/uploads\/2022\/06\/Lazru-EN-300x187.jpg 300w, https:\/\/lazru.com\/wp-content\/uploads\/2022\/06\/Lazru-EN-18x12.jpg 18w\" sizes=\"auto, (max-width: 170px) 100vw, 170px\" \/><\/a><\/p>","protected":false},"featured_media":44276,"template":"","meta":[],"product_brand":[],"product_cat":[201],"product_tag":[43,42],"class_list":{"0":"post-1341","1":"product","2":"type-product","3":"status-publish","4":"has-post-thumbnail","6":"product_cat-cosmetic","7":"product_tag-augenbrauenserum","8":"product_tag-wimpernserum","10":"first","11":"instock","12":"sale","13":"taxable","14":"shipping-taxable","15":"purchasable","16":"product-type-simple"},"yoast_head":"<!-- This site is optimized with the Yoast SEO Premium plugin v23.4 (Yoast SEO v27.4) - https:\/\/yoast.com\/product\/yoast-seo-premium-wordpress\/ -->\n<title>Lazru Serum 2erPack - LAZRU<\/title>\n<meta name=\"robots\" content=\"index, follow, max-snippet:-1, max-image-preview:large, max-video-preview:-1\" \/>\n<link rel=\"canonical\" href=\"https:\/\/lazru.com\/sk\/produkt\/lazru-2\/\" \/>\n<meta property=\"og:locale\" content=\"sk_SK\" \/>\n<meta property=\"og:type\" content=\"article\" \/>\n<meta property=\"og:title\" content=\"Lazru Serum 2erPack\" \/>\n<meta property=\"og:description\" content=\"Wimpernserum &amp; Augenbrauenserum Neu: Liposomale Formulierung!     Wimpernwachstum  Augenbrauenwachstum  Ohne Hormone  Ohne Prostaglandine  Dermatologisch getestet\" \/>\n<meta property=\"og:url\" content=\"https:\/\/lazru.com\/sk\/produkt\/lazru-2\/\" \/>\n<meta property=\"og:site_name\" content=\"LAZRU\" \/>\n<meta property=\"article:modified_time\" content=\"2026-04-15T08:16:43+00:00\" \/>\n<meta property=\"og:image\" content=\"https:\/\/lazru.com\/wp-content\/uploads\/2022\/04\/laz02.jpg\" \/>\n\t<meta property=\"og:image:width\" content=\"800\" \/>\n\t<meta property=\"og:image:height\" content=\"800\" \/>\n\t<meta property=\"og:image:type\" content=\"image\/jpeg\" \/>\n<meta name=\"twitter:card\" content=\"summary_large_image\" \/>\n<meta name=\"twitter:label1\" content=\"Predpokladan\u00fd \u010das \u010d\u00edtania\" \/>\n\t<meta name=\"twitter:data1\" content=\"3 min\u00faty\" \/>\n<script type=\"application\/ld+json\" class=\"yoast-schema-graph\">{\"@context\":\"https:\\\/\\\/schema.org\",\"@graph\":[{\"@type\":\"WebPage\",\"@id\":\"https:\\\/\\\/lazru.com\\\/produkt\\\/lazru-2\\\/\",\"url\":\"https:\\\/\\\/lazru.com\\\/produkt\\\/lazru-2\\\/\",\"name\":\"Lazru Serum 2erPack - LAZRU\",\"isPartOf\":{\"@id\":\"https:\\\/\\\/lazru.com\\\/es\\\/#website\"},\"primaryImageOfPage\":{\"@id\":\"https:\\\/\\\/lazru.com\\\/produkt\\\/lazru-2\\\/#primaryimage\"},\"image\":{\"@id\":\"https:\\\/\\\/lazru.com\\\/produkt\\\/lazru-2\\\/#primaryimage\"},\"thumbnailUrl\":\"https:\\\/\\\/lazru.com\\\/wp-content\\\/uploads\\\/2022\\\/04\\\/laz02.jpg\",\"datePublished\":\"2022-04-06T08:49:33+00:00\",\"dateModified\":\"2026-04-15T08:16:43+00:00\",\"breadcrumb\":{\"@id\":\"https:\\\/\\\/lazru.com\\\/produkt\\\/lazru-2\\\/#breadcrumb\"},\"inLanguage\":\"sk-SK\",\"potentialAction\":[{\"@type\":\"ReadAction\",\"target\":[\"https:\\\/\\\/lazru.com\\\/produkt\\\/lazru-2\\\/\"]}]},{\"@type\":\"ImageObject\",\"inLanguage\":\"sk-SK\",\"@id\":\"https:\\\/\\\/lazru.com\\\/produkt\\\/lazru-2\\\/#primaryimage\",\"url\":\"https:\\\/\\\/lazru.com\\\/wp-content\\\/uploads\\\/2022\\\/04\\\/laz02.jpg\",\"contentUrl\":\"https:\\\/\\\/lazru.com\\\/wp-content\\\/uploads\\\/2022\\\/04\\\/laz02.jpg\",\"width\":800,\"height\":800,\"caption\":\"lazru\"},{\"@type\":\"BreadcrumbList\",\"@id\":\"https:\\\/\\\/lazru.com\\\/produkt\\\/lazru-2\\\/#breadcrumb\",\"itemListElement\":[{\"@type\":\"ListItem\",\"position\":1,\"name\":\"LAZRU\",\"item\":\"https:\\\/\\\/lazru.com\\\/\"},{\"@type\":\"ListItem\",\"position\":2,\"name\":\"Shop\",\"item\":\"https:\\\/\\\/lazru.com\\\/es\\\/shop\\\/\"},{\"@type\":\"ListItem\",\"position\":3,\"name\":\"Lazru Serum 2erPack\"}]},{\"@type\":\"WebSite\",\"@id\":\"https:\\\/\\\/lazru.com\\\/es\\\/#website\",\"url\":\"https:\\\/\\\/lazru.com\\\/es\\\/\",\"name\":\"LAZRU\",\"description\":\"Wimpernserum &amp; Augenbrauenserum\",\"publisher\":{\"@id\":\"https:\\\/\\\/lazru.com\\\/es\\\/#organization\"},\"potentialAction\":[{\"@type\":\"SearchAction\",\"target\":{\"@type\":\"EntryPoint\",\"urlTemplate\":\"https:\\\/\\\/lazru.com\\\/es\\\/?s={search_term_string}\"},\"query-input\":{\"@type\":\"PropertyValueSpecification\",\"valueRequired\":true,\"valueName\":\"search_term_string\"}}],\"inLanguage\":\"sk-SK\"},{\"@type\":\"Organization\",\"@id\":\"https:\\\/\\\/lazru.com\\\/es\\\/#organization\",\"name\":\"LAZRU\",\"url\":\"https:\\\/\\\/lazru.com\\\/es\\\/\",\"logo\":{\"@type\":\"ImageObject\",\"inLanguage\":\"sk-SK\",\"@id\":\"https:\\\/\\\/lazru.com\\\/es\\\/#\\\/schema\\\/logo\\\/image\\\/\",\"url\":\"https:\\\/\\\/lazru.com\\\/wp-content\\\/uploads\\\/2021\\\/09\\\/cropped-lazru-wimpernserum-logo.png\",\"contentUrl\":\"https:\\\/\\\/lazru.com\\\/wp-content\\\/uploads\\\/2021\\\/09\\\/cropped-lazru-wimpernserum-logo.png\",\"width\":211,\"height\":97,\"caption\":\"LAZRU\"},\"image\":{\"@id\":\"https:\\\/\\\/lazru.com\\\/es\\\/#\\\/schema\\\/logo\\\/image\\\/\"},\"sameAs\":[\"https:\\\/\\\/www.instagram.com\\\/lazru_official\\\/\"]}]}<\/script>\n<!-- \/ Yoast SEO Premium plugin. -->","yoast_head_json":{"title":"Lazru Serum 2erPack - LAZRU","robots":{"index":"index","follow":"follow","max-snippet":"max-snippet:-1","max-image-preview":"max-image-preview:large","max-video-preview":"max-video-preview:-1"},"canonical":"https:\/\/lazru.com\/sk\/produkt\/lazru-2\/","og_locale":"sk_SK","og_type":"article","og_title":"Lazru Serum 2erPack","og_description":"Wimpernserum &amp; Augenbrauenserum Neu: Liposomale Formulierung!     Wimpernwachstum  Augenbrauenwachstum  Ohne Hormone  Ohne Prostaglandine  Dermatologisch getestet","og_url":"https:\/\/lazru.com\/sk\/produkt\/lazru-2\/","og_site_name":"LAZRU","article_modified_time":"2026-04-15T08:16:43+00:00","og_image":[{"width":800,"height":800,"url":"https:\/\/lazru.com\/wp-content\/uploads\/2022\/04\/laz02.jpg","type":"image\/jpeg"}],"twitter_card":"summary_large_image","twitter_misc":{"Predpokladan\u00fd \u010das \u010d\u00edtania":"3 min\u00faty"},"schema":{"@context":"https:\/\/schema.org","@graph":[{"@type":"WebPage","@id":"https:\/\/lazru.com\/produkt\/lazru-2\/","url":"https:\/\/lazru.com\/produkt\/lazru-2\/","name":"Lazru Serum 2erPack - LAZRU","isPartOf":{"@id":"https:\/\/lazru.com\/es\/#website"},"primaryImageOfPage":{"@id":"https:\/\/lazru.com\/produkt\/lazru-2\/#primaryimage"},"image":{"@id":"https:\/\/lazru.com\/produkt\/lazru-2\/#primaryimage"},"thumbnailUrl":"https:\/\/lazru.com\/wp-content\/uploads\/2022\/04\/laz02.jpg","datePublished":"2022-04-06T08:49:33+00:00","dateModified":"2026-04-15T08:16:43+00:00","breadcrumb":{"@id":"https:\/\/lazru.com\/produkt\/lazru-2\/#breadcrumb"},"inLanguage":"sk-SK","potentialAction":[{"@type":"ReadAction","target":["https:\/\/lazru.com\/produkt\/lazru-2\/"]}]},{"@type":"ImageObject","inLanguage":"sk-SK","@id":"https:\/\/lazru.com\/produkt\/lazru-2\/#primaryimage","url":"https:\/\/lazru.com\/wp-content\/uploads\/2022\/04\/laz02.jpg","contentUrl":"https:\/\/lazru.com\/wp-content\/uploads\/2022\/04\/laz02.jpg","width":800,"height":800,"caption":"lazru"},{"@type":"BreadcrumbList","@id":"https:\/\/lazru.com\/produkt\/lazru-2\/#breadcrumb","itemListElement":[{"@type":"ListItem","position":1,"name":"LAZRU","item":"https:\/\/lazru.com\/"},{"@type":"ListItem","position":2,"name":"Shop","item":"https:\/\/lazru.com\/es\/shop\/"},{"@type":"ListItem","position":3,"name":"Lazru Serum 2erPack"}]},{"@type":"WebSite","@id":"https:\/\/lazru.com\/es\/#website","url":"https:\/\/lazru.com\/es\/","name":"LAZRU","description":"S\u00e9rum na Mihalnice &amp; S\u00e9rum na Obo\u010die","publisher":{"@id":"https:\/\/lazru.com\/es\/#organization"},"potentialAction":[{"@type":"SearchAction","target":{"@type":"EntryPoint","urlTemplate":"https:\/\/lazru.com\/es\/?s={search_term_string}"},"query-input":{"@type":"PropertyValueSpecification","valueRequired":true,"valueName":"search_term_string"}}],"inLanguage":"sk-SK"},{"@type":"Organization","@id":"https:\/\/lazru.com\/es\/#organization","name":"LAZRU","url":"https:\/\/lazru.com\/es\/","logo":{"@type":"ImageObject","inLanguage":"sk-SK","@id":"https:\/\/lazru.com\/es\/#\/schema\/logo\/image\/","url":"https:\/\/lazru.com\/wp-content\/uploads\/2021\/09\/cropped-lazru-wimpernserum-logo.png","contentUrl":"https:\/\/lazru.com\/wp-content\/uploads\/2021\/09\/cropped-lazru-wimpernserum-logo.png","width":211,"height":97,"caption":"LAZRU"},"image":{"@id":"https:\/\/lazru.com\/es\/#\/schema\/logo\/image\/"},"sameAs":["https:\/\/www.instagram.com\/lazru_official\/"]}]}},"_links":{"self":[{"href":"https:\/\/lazru.com\/sk\/wp-json\/wp\/v2\/product\/1341","targetHints":{"allow":["GET"]}}],"collection":[{"href":"https:\/\/lazru.com\/sk\/wp-json\/wp\/v2\/product"}],"about":[{"href":"https:\/\/lazru.com\/sk\/wp-json\/wp\/v2\/types\/product"}],"wp:featuredmedia":[{"embeddable":true,"href":"https:\/\/lazru.com\/sk\/wp-json\/wp\/v2\/media\/44276"}],"wp:attachment":[{"href":"https:\/\/lazru.com\/sk\/wp-json\/wp\/v2\/media?parent=1341"}],"wp:term":[{"taxonomy":"product_brand","embeddable":true,"href":"https:\/\/lazru.com\/sk\/wp-json\/wp\/v2\/product_brand?post=1341"},{"taxonomy":"product_cat","embeddable":true,"href":"https:\/\/lazru.com\/sk\/wp-json\/wp\/v2\/product_cat?post=1341"},{"taxonomy":"product_tag","embeddable":true,"href":"https:\/\/lazru.com\/sk\/wp-json\/wp\/v2\/product_tag?post=1341"}],"curies":[{"name":"wp","href":"https:\/\/api.w.org\/{rel}","templated":true}]}}