{"id":71,"date":"2021-09-14T14:40:24","date_gmt":"2021-09-14T14:40:24","guid":{"rendered":"https:\/\/lazru.com\/?page_id=71"},"modified":"2021-09-23T15:32:17","modified_gmt":"2021-09-23T15:32:17","slug":"blog-sitemap","status":"publish","type":"page","link":"https:\/\/lazru.com\/sk\/mapa-stranok-blogu\/","title":{"rendered":"Mapa str\u00e1nok blogu"},"content":{"rendered":"<p>Tu n\u00e1jdete v\u0161etky \u010dl\u00e1nky na t\u00e9mu riasy a obo\u010die, ktor\u00e9 sme nap\u00edsali na na\u0161om blogu. Urobte si \u010das a poobzerajte sa okolo seba, ur\u010dite sa tu n\u00e1jde nie\u010do zauj\u00edmav\u00e9 aj pre v\u00e1s.<\/p>\n\n\n<div class=\"wsp-container\"><h2 class=\"wsp-posts-title\">Posts by category<\/h2>\n<ul class=\"wsp-posts-list\">\n\t<li><strong class=\"wsp-category-title\">Category: <a href=\"https:\/\/lazru.com\/sk\/category\/augenbrauen\/\">Obo\u010die<\/a><\/strong>\n<ul class=\"wsp-posts-list\">\t\t<li class=\"wsp-post\"><a href=\"https:\/\/lazru.com\/sk\/permanentny-make-up-obocia\/\">Permanentn\u00fd make-up obo\u010dia<\/a><\/li>\n\t\t<li class=\"wsp-post\"><a href=\"https:\/\/lazru.com\/sk\/farby-na-obocie\/\">T\u00f3novanie obo\u010dia - takto sa to rob\u00ed!<\/a><\/li>\n\t\t<li class=\"wsp-post\"><a href=\"https:\/\/lazru.com\/sk\/ricinovy-olej-na-obocie\/\">Takto ric\u00ednov\u00fd olej urob\u00ed va\u0161e obo\u010die silnej\u0161\u00edm a kraj\u0161\u00edm!<\/a><\/li>\n\t\t<li class=\"wsp-post\"><a href=\"https:\/\/lazru.com\/sk\/hunate-obocie\/\">Hu\u0148at\u00e9 obo\u010die - sebavedomo nasledujte tento trend<\/a><\/li>\n\t\t<li class=\"wsp-post\"><a href=\"https:\/\/lazru.com\/sk\/augebra-serum-do-it-yourself\/\">Vyrobte si vlastn\u00e9 s\u00e9rum na obo\u010die - takto to urob\u00edte!<\/a><\/li>\n\t\t<li class=\"wsp-post\"><a href=\"https:\/\/lazru.com\/sk\/serum-na-riasy-tehotenstvo\/\">S\u00e9rum na riasy po\u010das tehotenstva - tu je n\u00e1vod, ako v\u00e1m m\u00f4\u017ee pom\u00f4c\u0165!<\/a><\/li>\n\t\t<li class=\"wsp-post\"><a href=\"https:\/\/lazru.com\/sk\/tenke-obocie\/\">Tenk\u00e9 obo\u010die - Ako posilni\u0165 obo\u010die a\u017e ku kore\u0148u<\/a><\/li>\n\t\t<li class=\"wsp-post\"><a href=\"https:\/\/lazru.com\/sk\/zahustovanie-obocia\/\">Zahustite obo\u010die: Tieto mo\u017enosti s\u00fa k dispoz\u00edcii<\/a><\/li>\n\t\t<li class=\"wsp-post\"><a href=\"https:\/\/lazru.com\/sk\/vypadavajuce-obocie\/\">Vypad\u00e1va v\u00e1m obo\u010die - toto m\u00f4\u017ee by\u0165 pr\u00ed\u010dina<\/a><\/li>\n\t\t<li class=\"wsp-post\"><a href=\"https:\/\/lazru.com\/sk\/voskovanie-obocia-nie\/\">Obo\u010die u\u017e nerastie - toto m\u00f4\u017eete urobi\u0165!<\/a><\/li>\n<\/ul><\/li>\n\t<li><strong class=\"wsp-category-title\">Category: <a href=\"https:\/\/lazru.com\/sk\/category\/behandlung\/\">Lie\u010dba<\/a><\/strong>\n<ul class=\"wsp-posts-list\">\t\t<li class=\"wsp-post\"><a href=\"https:\/\/lazru.com\/sk\/ricinovy-olej-riasy\/\">Takto ric\u00ednov\u00fd olej pred\u013a\u017ei a zhust\u00ed va\u0161e riasy!<\/a><\/li>\n\t\t<li class=\"wsp-post\"><a href=\"https:\/\/lazru.com\/sk\/get-full-eyelashes\/\">Z\u00edskajte pln\u00e9 mihalnice - takto!<\/a><\/li>\n\t\t<li class=\"wsp-post\"><a href=\"https:\/\/lazru.com\/sk\/aplikacia-sera-na-riasy\/\">Naneste s\u00e9rum na riasy - takto to funguje!<\/a><\/li>\n<\/ul><\/li>\n\t<li><strong class=\"wsp-category-title\">Category: <a href=\"https:\/\/lazru.com\/sk\/category\/gesundheit\/\">Zdravie<\/a><\/strong>\n<ul class=\"wsp-posts-list\">\t\t<li class=\"wsp-post\"><a href=\"https:\/\/lazru.com\/sk\/farba-na-riasy\/\">Farbenie mihaln\u00edc: Takto to funguje!<\/a><\/li>\n\t\t<li class=\"wsp-post\"><a href=\"https:\/\/lazru.com\/sk\/vypadavajuce-riasy\/\">Vypad\u00e1vaj\u00face riasy - \u010do m\u00f4\u017eete urobi\u0165!<\/a><\/li>\n<\/ul><\/li>\n\t<li><strong class=\"wsp-category-title\">Category: <a href=\"https:\/\/lazru.com\/sk\/category\/wimpern\/\">Riasy<\/a><\/strong>\n<ul class=\"wsp-posts-list\">\t\t<li class=\"wsp-post\"><a href=\"https:\/\/lazru.com\/sk\/zahustovanie-rias\/\">Ako zahus\u0165ova\u0165 mihalnice<\/a><\/li>\n\t\t<li class=\"wsp-post\"><a href=\"https:\/\/lazru.com\/sk\/lifting-rias\/\">Ako funguje lifting rias<\/a><\/li>\n\t\t<li class=\"wsp-post\"><a href=\"https:\/\/lazru.com\/sk\/napln-do-rias\/\">Vypl\u0148te mihalnice: Takto \u010dasto by ste si mali nech\u00e1va\u0165 predl\u017eova\u0165 vlasy!<\/a><\/li>\n\t\t<li class=\"wsp-post\"><a href=\"https:\/\/lazru.com\/sk\/magneticke-riasy\/\">Dokonal\u00fd poh\u013ead na o\u010di s magnetick\u00fdmi riasami?<\/a><\/li>\n\t\t<li class=\"wsp-post\"><a href=\"https:\/\/lazru.com\/sk\/dlhe-riasy\/\">Ako z\u00edska\u0165 dlh\u00e9 riasy!<\/a><\/li>\n\t\t<li class=\"wsp-post\"><a href=\"https:\/\/lazru.com\/sk\/predlzovanie-rias\/\">V\u0161etko o predl\u017eovan\u00ed rias<\/a><\/li>\n\t\t<li class=\"wsp-post\"><a href=\"https:\/\/lazru.com\/sk\/predlzovanie-rias-2\/\">Toto s\u00fa v\u00fdhody a nev\u00fdhody predl\u017eovania rias!<\/a><\/li>\n\t\t<li class=\"wsp-post\"><a href=\"https:\/\/lazru.com\/sk\/ako-rychlo-vypestovat-riasy\/\">Ako r\u00fdchlo rast\u00fa riasy?<\/a><\/li>\n\t\t<li class=\"wsp-post\"><a href=\"https:\/\/lazru.com\/sk\/posilnovac-rias\/\">Toto s\u00fa skuto\u010dn\u00e9 posil\u0148ova\u010de rias!<\/a><\/li>\n\t\t<li class=\"wsp-post\"><a href=\"https:\/\/lazru.com\/sk\/grow-eyelashes-after\/\">Dorastaj\u00fa riasy?<\/a><\/li>\n\t\t<li class=\"wsp-post\"><a href=\"https:\/\/lazru.com\/sk\/umele-riasy\/\">Umel\u00e9 mihalnice alebo rad\u0161ej nie?<\/a><\/li>\n\t\t<li class=\"wsp-post\"><a href=\"https:\/\/lazru.com\/sk\/starostlivost-o-riasy\/\">Starostlivos\u0165 o riasy - takto to funguje!<\/a><\/li>\n<\/ul><\/li>\n<\/ul>\n<\/div>","protected":false},"excerpt":{"rendered":"<p>Hier finden Sie alle Beitr\u00e4ge rund um das Thema Wimpern und Augenbrauen, die wir in unserem Blog geschrieben haben. Schauen Sie sich in Ruhe um, es wird auch f\u00fcr Sie [&hellip;]<\/p>","protected":false},"author":1,"featured_media":0,"parent":0,"menu_order":0,"comment_status":"closed","ping_status":"closed","template":"","meta":{"_uag_custom_page_level_css":"","advgb_blocks_editor_width":"","advgb_blocks_columns_visual_guide":"","site-sidebar-layout":"default","site-content-layout":"default","ast-site-content-layout":"default","site-content-style":"default","site-sidebar-style":"default","ast-global-header-display":"","ast-banner-title-visibility":"","ast-main-header-display":"","ast-hfb-above-header-display":"","ast-hfb-below-header-display":"","ast-hfb-mobile-header-display":"","site-post-title":"","ast-breadcrumbs-content":"","ast-featured-img":"","footer-sml-layout":"","ast-disable-related-posts":"","theme-transparent-header-meta":"default","adv-header-id-meta":"","stick-header-meta":"default","header-above-stick-meta":"","header-main-stick-meta":"","header-below-stick-meta":"","astra-migrate-meta-layouts":"default","ast-page-background-enabled":"default","ast-page-background-meta":{"desktop":{"background-color":"","background-image":"","background-repeat":"repeat","background-position":"center center","background-size":"auto","background-attachment":"scroll","background-type":"","background-media":"","overlay-type":"","overlay-color":"","overlay-opacity":"","overlay-gradient":""},"tablet":{"background-color":"","background-image":"","background-repeat":"repeat","background-position":"center center","background-size":"auto","background-attachment":"scroll","background-type":"","background-media":"","overlay-type":"","overlay-color":"","overlay-opacity":"","overlay-gradient":""},"mobile":{"background-color":"","background-image":"","background-repeat":"repeat","background-position":"center center","background-size":"auto","background-attachment":"scroll","background-type":"","background-media":"","overlay-type":"","overlay-color":"","overlay-opacity":"","overlay-gradient":""}},"ast-content-background-meta":{"desktop":{"background-color":"var(--ast-global-color-5)","background-image":"","background-repeat":"repeat","background-position":"center center","background-size":"auto","background-attachment":"scroll","background-type":"","background-media":"","overlay-type":"","overlay-color":"","overlay-opacity":"","overlay-gradient":""},"tablet":{"background-color":"var(--ast-global-color-5)","background-image":"","background-repeat":"repeat","background-position":"center center","background-size":"auto","background-attachment":"scroll","background-type":"","background-media":"","overlay-type":"","overlay-color":"","overlay-opacity":"","overlay-gradient":""},"mobile":{"background-color":"var(--ast-global-color-5)","background-image":"","background-repeat":"repeat","background-position":"center center","background-size":"auto","background-attachment":"scroll","background-type":"","background-media":"","overlay-type":"","overlay-color":"","overlay-opacity":"","overlay-gradient":""}},"footnotes":""},"class_list":["post-71","page","type-page","status-publish","hentry"],"featured_image_src":null,"yoast_head":"<!-- This site is optimized with the Yoast SEO Premium plugin v23.4 (Yoast SEO v26.6) - https:\/\/yoast.com\/wordpress\/plugins\/seo\/ -->\n<title>Blog-Sitemap - LAZRU<\/title>\n<meta name=\"robots\" content=\"noindex, follow\" \/>\n<meta property=\"og:locale\" content=\"sk_SK\" \/>\n<meta property=\"og:type\" content=\"article\" \/>\n<meta property=\"og:title\" content=\"Blog-Sitemap\" \/>\n<meta property=\"og:description\" content=\"Hier finden Sie alle Beitr\u00e4ge rund um das Thema Wimpern und Augenbrauen, die wir in unserem Blog geschrieben haben. Schauen Sie sich in Ruhe um, es wird auch f\u00fcr Sie [&hellip;]\" \/>\n<meta property=\"og:url\" content=\"https:\/\/lazru.com\/sk\/blog-sitemap\/\" \/>\n<meta property=\"og:site_name\" content=\"LAZRU\" \/>\n<meta property=\"article:modified_time\" content=\"2021-09-23T15:32:17+00:00\" \/>\n<meta name=\"twitter:card\" content=\"summary_large_image\" \/>\n<meta name=\"twitter:label1\" content=\"Predpokladan\u00fd \u010das \u010d\u00edtania\" \/>\n\t<meta name=\"twitter:data1\" content=\"1 min\u00fata\" \/>\n<script type=\"application\/ld+json\" class=\"yoast-schema-graph\">{\"@context\":\"https:\/\/schema.org\",\"@graph\":[{\"@type\":\"WebPage\",\"@id\":\"https:\/\/lazru.com\/nl\/blog-sitemap\/\",\"url\":\"https:\/\/lazru.com\/nl\/blog-sitemap\/\",\"name\":\"Blog-Sitemap - LAZRU\",\"isPartOf\":{\"@id\":\"https:\/\/lazru.com\/es\/#website\"},\"datePublished\":\"2021-09-14T14:40:24+00:00\",\"dateModified\":\"2021-09-23T15:32:17+00:00\",\"breadcrumb\":{\"@id\":\"https:\/\/lazru.com\/nl\/blog-sitemap\/#breadcrumb\"},\"inLanguage\":\"sk-SK\",\"potentialAction\":[{\"@type\":\"ReadAction\",\"target\":[\"https:\/\/lazru.com\/nl\/blog-sitemap\/\"]}]},{\"@type\":\"BreadcrumbList\",\"@id\":\"https:\/\/lazru.com\/nl\/blog-sitemap\/#breadcrumb\",\"itemListElement\":[{\"@type\":\"ListItem\",\"position\":1,\"name\":\"LAZRU\",\"item\":\"https:\/\/lazru.com\/\"},{\"@type\":\"ListItem\",\"position\":2,\"name\":\"Blog-Sitemap\"}]},{\"@type\":\"WebSite\",\"@id\":\"https:\/\/lazru.com\/es\/#website\",\"url\":\"https:\/\/lazru.com\/es\/\",\"name\":\"LAZRU\",\"description\":\"Wimpernserum &amp; Augenbrauenserum\",\"publisher\":{\"@id\":\"https:\/\/lazru.com\/es\/#organization\"},\"potentialAction\":[{\"@type\":\"SearchAction\",\"target\":{\"@type\":\"EntryPoint\",\"urlTemplate\":\"https:\/\/lazru.com\/es\/?s={search_term_string}\"},\"query-input\":{\"@type\":\"PropertyValueSpecification\",\"valueRequired\":true,\"valueName\":\"search_term_string\"}}],\"inLanguage\":\"sk-SK\"},{\"@type\":\"Organization\",\"@id\":\"https:\/\/lazru.com\/es\/#organization\",\"name\":\"LAZRU\",\"url\":\"https:\/\/lazru.com\/es\/\",\"logo\":{\"@type\":\"ImageObject\",\"inLanguage\":\"sk-SK\",\"@id\":\"https:\/\/lazru.com\/es\/#\/schema\/logo\/image\/\",\"url\":\"https:\/\/lazru.com\/wp-content\/uploads\/2021\/09\/cropped-lazru-wimpernserum-logo.png\",\"contentUrl\":\"https:\/\/lazru.com\/wp-content\/uploads\/2021\/09\/cropped-lazru-wimpernserum-logo.png\",\"width\":211,\"height\":97,\"caption\":\"LAZRU\"},\"image\":{\"@id\":\"https:\/\/lazru.com\/es\/#\/schema\/logo\/image\/\"},\"sameAs\":[\"https:\/\/www.instagram.com\/lazru_official\/\"]}]}<\/script>\n<!-- \/ Yoast SEO Premium plugin. -->","yoast_head_json":{"title":"Mapa str\u00e1nok blogu - LAZRU","robots":{"index":"noindex","follow":"follow"},"og_locale":"sk_SK","og_type":"article","og_title":"Blog-Sitemap","og_description":"Hier finden Sie alle Beitr\u00e4ge rund um das Thema Wimpern und Augenbrauen, die wir in unserem Blog geschrieben haben. Schauen Sie sich in Ruhe um, es wird auch f\u00fcr Sie [&hellip;]","og_url":"https:\/\/lazru.com\/sk\/blog-sitemap\/","og_site_name":"LAZRU","article_modified_time":"2021-09-23T15:32:17+00:00","twitter_card":"summary_large_image","twitter_misc":{"Predpokladan\u00fd \u010das \u010d\u00edtania":"1 min\u00fata"},"schema":{"@context":"https:\/\/schema.org","@graph":[{"@type":"WebPage","@id":"https:\/\/lazru.com\/nl\/blog-sitemap\/","url":"https:\/\/lazru.com\/nl\/blog-sitemap\/","name":"Mapa str\u00e1nok blogu - LAZRU","isPartOf":{"@id":"https:\/\/lazru.com\/es\/#website"},"datePublished":"2021-09-14T14:40:24+00:00","dateModified":"2021-09-23T15:32:17+00:00","breadcrumb":{"@id":"https:\/\/lazru.com\/nl\/blog-sitemap\/#breadcrumb"},"inLanguage":"sk-SK","potentialAction":[{"@type":"ReadAction","target":["https:\/\/lazru.com\/nl\/blog-sitemap\/"]}]},{"@type":"BreadcrumbList","@id":"https:\/\/lazru.com\/nl\/blog-sitemap\/#breadcrumb","itemListElement":[{"@type":"ListItem","position":1,"name":"LAZRU","item":"https:\/\/lazru.com\/"},{"@type":"ListItem","position":2,"name":"Blog-Sitemap"}]},{"@type":"WebSite","@id":"https:\/\/lazru.com\/es\/#website","url":"https:\/\/lazru.com\/es\/","name":"LAZRU","description":"S\u00e9rum na Mihalnice &amp; S\u00e9rum na Obo\u010die","publisher":{"@id":"https:\/\/lazru.com\/es\/#organization"},"potentialAction":[{"@type":"SearchAction","target":{"@type":"EntryPoint","urlTemplate":"https:\/\/lazru.com\/es\/?s={search_term_string}"},"query-input":{"@type":"PropertyValueSpecification","valueRequired":true,"valueName":"search_term_string"}}],"inLanguage":"sk-SK"},{"@type":"Organization","@id":"https:\/\/lazru.com\/es\/#organization","name":"LAZRU","url":"https:\/\/lazru.com\/es\/","logo":{"@type":"ImageObject","inLanguage":"sk-SK","@id":"https:\/\/lazru.com\/es\/#\/schema\/logo\/image\/","url":"https:\/\/lazru.com\/wp-content\/uploads\/2021\/09\/cropped-lazru-wimpernserum-logo.png","contentUrl":"https:\/\/lazru.com\/wp-content\/uploads\/2021\/09\/cropped-lazru-wimpernserum-logo.png","width":211,"height":97,"caption":"LAZRU"},"image":{"@id":"https:\/\/lazru.com\/es\/#\/schema\/logo\/image\/"},"sameAs":["https:\/\/www.instagram.com\/lazru_official\/"]}]}},"uagb_featured_image_src":{"full":false,"thumbnail":false,"medium":false,"medium_large":false,"large":false,"1536x1536":false,"2048x2048":false,"trp-custom-language-flag":false,"woocommerce_thumbnail":false,"woocommerce_single":false,"woocommerce_gallery_thumbnail":false,"crp_thumbnail":false},"uagb_author_info":{"display_name":"Kerem085","author_link":"https:\/\/lazru.com\/sk\/author\/kerem085\/"},"uagb_comment_info":0,"uagb_excerpt":"Hier finden Sie alle Beitr\u00e4ge rund um das Thema Wimpern und Augenbrauen, die wir in unserem Blog geschrieben haben. Schauen Sie sich in Ruhe um, es wird auch f\u00fcr Sie [&hellip;]","coauthors":[],"author_meta":{"author_link":"https:\/\/lazru.com\/sk\/author\/kerem085\/","display_name":"Kerem085"},"relative_dates":{"created":"Posted 5 rokov ago","modified":"Updated 5 rokov ago"},"absolute_dates":{"created":"Posted on 14. septembra 2021","modified":"Updated on 23. septembra 2021"},"absolute_dates_time":{"created":"Posted on 14. septembra 2021 14:40","modified":"Updated on 23. septembra 2021 15:32"},"featured_img_caption":"","featured_img":false,"series_order":"","_links":{"self":[{"href":"https:\/\/lazru.com\/sk\/wp-json\/wp\/v2\/pages\/71","targetHints":{"allow":["GET"]}}],"collection":[{"href":"https:\/\/lazru.com\/sk\/wp-json\/wp\/v2\/pages"}],"about":[{"href":"https:\/\/lazru.com\/sk\/wp-json\/wp\/v2\/types\/page"}],"author":[{"embeddable":true,"href":"https:\/\/lazru.com\/sk\/wp-json\/wp\/v2\/users\/1"}],"replies":[{"embeddable":true,"href":"https:\/\/lazru.com\/sk\/wp-json\/wp\/v2\/comments?post=71"}],"version-history":[{"count":0,"href":"https:\/\/lazru.com\/sk\/wp-json\/wp\/v2\/pages\/71\/revisions"}],"wp:attachment":[{"href":"https:\/\/lazru.com\/sk\/wp-json\/wp\/v2\/media?parent=71"}],"curies":[{"name":"wp","href":"https:\/\/api.w.org\/{rel}","templated":true}]}}