{"id":31,"date":"2021-09-14T13:12:11","date_gmt":"2021-09-14T13:12:11","guid":{"rendered":"https:\/\/lazru.com\/agb"},"modified":"2023-06-15T13:42:16","modified_gmt":"2023-06-15T11:42:16","slug":"agb","status":"publish","type":"page","link":"https:\/\/lazru.com\/sk\/agb\/","title":{"rendered":"GT&amp;C"},"content":{"rendered":"<p><strong>V\u0161eobecn\u00e9 zmluvn\u00e9 podmienky a inform\u00e1cie pre z\u00e1kazn\u00edkov<\/strong><\/p>\n\n\n\n<p>I. V\u0161eobecn\u00e9 podmienky<\/p>\n\n\n\n<p>\u00a7 1 Z\u00e1kladn\u00e9 ustanovenia<\/p>\n\n\n\n<p>(1) Nasleduj\u00face podmienky sa vz\u0165ahuj\u00fa na v\u0161etky zmluvy, ktor\u00e9 s nami uzatv\u00e1rate ako dod\u00e1vate\u013e (Lazru) prostredn\u00edctvom webovej str\u00e1nky www.lazru.com. Ak nie je dohodnut\u00e9 inak, namietame proti zahrnutiu ak\u00fdchko\u013evek va\u0161ich vlastn\u00fdch podmienok, ktor\u00e9 m\u00f4\u017eete pou\u017ei\u0165.<\/p>\n\n\n\n<p>(2) Spotrebite\u013eom v zmysle t\u00fdchto ustanoven\u00ed je ka\u017ed\u00e1 fyzick\u00e1 osoba, ktor\u00e1 uzatv\u00e1ra pr\u00e1vny \u00fakon na \u00fa\u010dely, ktor\u00e9 nemo\u017eno v preva\u017enej miere priradi\u0165 ani k jej podnikate\u013eskej, ani k jej samostatnej odbornej \u010dinnosti. Podnikate\u013eom je ka\u017ed\u00e1 fyzick\u00e1 alebo pr\u00e1vnick\u00e1 osoba alebo zdru\u017eenie s pr\u00e1vnou subjektivitou, ktor\u00e1 pri uzatv\u00e1ran\u00ed pr\u00e1vneho \u00fakonu kon\u00e1 v r\u00e1mci svojej samostatnej odbornej alebo obchodnej \u010dinnosti.<\/p>\n\n\n\n<p>\u00a7 2 Uzavretie zmluvy<\/p>\n\n\n\n<p>(1) Predmetom zmluvy je predaj tovaru.<\/p>\n\n\n\n<p>(2) Umiestnen\u00edm pr\u00edslu\u0161n\u00e9ho produktu na na\u0161ej webovej str\u00e1nke v\u00e1m predklad\u00e1me z\u00e1v\u00e4zn\u00fd n\u00e1vrh na uzavretie zmluvy za podmienok uveden\u00fdch v popise produktu.<\/p>\n\n\n\n<p>(3) Zmluva sa uzatv\u00e1ra prostredn\u00edctvom syst\u00e9mu online n\u00e1kupn\u00e9ho ko\u0161\u00edka nasledovne:<br>Tovar ur\u010den\u00fd na n\u00e1kup sa vlo\u017e\u00ed do \"n\u00e1kupn\u00e9ho ko\u0161\u00edka\". Pomocou pr\u00edslu\u0161n\u00e9ho tla\u010didla na naviga\u010dnom paneli m\u00f4\u017eete kedyko\u013evek vyvola\u0165 \"n\u00e1kupn\u00fd ko\u0161\u00edk\" a vykona\u0165 v \u0148om zmeny.<br>Po vyvolan\u00ed str\u00e1nky \"Poklad\u0148a\" a zadan\u00ed osobn\u00fdch \u00fadajov, ako aj platobn\u00fdch a dodac\u00edch podmienok sa v\u0161etky \u00fadaje o objedn\u00e1vke nakoniec op\u00e4\u0165 zobrazia na str\u00e1nke s preh\u013eadom objedn\u00e1vok.<br>Ak ako platobn\u00fa met\u00f3du pou\u017eijete syst\u00e9m okam\u017eit\u00fdch platieb (napr. PayPal \/ PayPal Express \/ PayPal Plus, Amazon Payments, Postpay, Sofort\u00fcberweisung), budete bu\u010f presmerovan\u00ed na str\u00e1nku s preh\u013eadom objedn\u00e1vok v na\u0161om online obchode, alebo budete najprv presmerovan\u00ed na webov\u00fa str\u00e1nku poskytovate\u013ea syst\u00e9mu okam\u017eit\u00fdch platieb.<br>Ak budete presmerovan\u00ed na pr\u00edslu\u0161n\u00fd syst\u00e9m okam\u017eit\u00fdch platieb, vykonajte pr\u00edslu\u0161n\u00fa vo\u013ebu alebo zadajte svoje \u00fadaje tam. Nakoniec budete presmerovan\u00ed sp\u00e4\u0165 do n\u00e1\u0161ho online obchodu na str\u00e1nku s preh\u013eadom objedn\u00e1vok.<br>Pred odoslan\u00edm objedn\u00e1vky m\u00e1te mo\u017enos\u0165 e\u0161te raz skontrolova\u0165 v\u0161etky \u00fadaje, zmeni\u0165 ich (aj prostredn\u00edctvom funkcie \"sp\u00e4\u0165\" v internetovom prehliada\u010di) alebo n\u00e1kup zru\u0161i\u0165.<br>Odoslan\u00edm objedn\u00e1vky prostredn\u00edctvom tla\u010didla \"k\u00fapi\u0165 teraz\" vyhlasujete pr\u00e1vne z\u00e1v\u00e4zn\u00e9 prijatie ponuky, \u010d\u00edm sa uzatv\u00e1ra zmluva.<\/p>\n\n\n\n<p>(4) Va\u0161e \u017eiadosti o vypracovanie ponuky s\u00fa pre v\u00e1s nez\u00e1v\u00e4zn\u00e9. Z\u00e1v\u00e4zn\u00fa ponuku v\u00e1m za\u0161leme v textovej forme (napr. e-mailom), ktor\u00fa m\u00f4\u017eete prija\u0165 do 5 dn\u00ed.<\/p>\n\n\n\n<p>(5) Spracovanie objedn\u00e1vky a odoslanie v\u0161etk\u00fdch inform\u00e1ci\u00ed potrebn\u00fdch v s\u00favislosti s uzatvoren\u00edm zmluvy sa uskuto\u010d\u0148uje prostredn\u00edctvom e-mailu, \u010diasto\u010dne automaticky. Mus\u00edte sa preto uisti\u0165, \u017ee e-mailov\u00e1 adresa, ktor\u00fa ste n\u00e1m poskytli, je spr\u00e1vna, \u017ee pr\u00edjem e-mailov je technicky zaru\u010den\u00fd a najm\u00e4, \u017ee mu nebr\u00e1nia SPAM filtre.<\/p>\n\n\n\n<p>\u00a7 3 Doba platnosti zmluvy \/ ukon\u010denie zmluvy<\/p>\n\n\n\n<p>Ak sa zmluva t\u00fdka opakuj\u00facich sa\/trval\u00fdch slu\u017eieb (predplatn\u00e9), zmluva sa uzatv\u00e1ra na dobu neur\u010dit\u00fa. Ka\u017ed\u00e1 zmluvn\u00e1 strana m\u00e1 pr\u00e1vo vypoveda\u0165 tak\u00fato zmluvu bez predch\u00e1dzaj\u00faceho upozornenia a\u017e do nasleduj\u00faceho term\u00ednu dodania bez uvedenia d\u00f4vodu. Pr\u00e1vo na mimoriadne ukon\u010denie zmluvy z opr\u00e1vnen\u00fdch d\u00f4vodov, najm\u00e4 pri opakovanom poru\u0161en\u00ed hlavn\u00fdch zmluvn\u00fdch povinnost\u00ed, zost\u00e1va nedotknut\u00e9.<\/p>\n\n\n\n<p>Zru\u0161enie je mo\u017en\u00e9 vykona\u0165 v z\u00e1kazn\u00edckom \u00fa\u010dte prostredn\u00edctvom polo\u017eky menu \"Predplatn\u00e9\" a tam prostredn\u00edctvom \"Formul\u00e1ra na zru\u0161enie\" alebo v textovej forme (po\u0161tou alebo e-mailom).<\/p>\n\n\n\n<p>\u00a7 4 Zadr\u017eiavacie pr\u00e1vo, v\u00fdhrada vlastn\u00edctva<\/p>\n\n\n\n<p>(1) Pr\u00e1vo na zadr\u017eanie m\u00f4\u017eete uplatni\u0165 len vtedy, ak sa t\u00fdka poh\u013ead\u00e1vok z toho ist\u00e9ho zmluvn\u00e9ho vz\u0165ahu.<\/p>\n\n\n\n<p>(2) Tovar zost\u00e1va na\u0161\u00edm vlastn\u00edctvom a\u017e do \u00fapln\u00e9ho zaplatenia k\u00fapnej ceny.<\/p>\n\n\n\n<p>\u00a7 5 Zodpovednos\u0165<\/p>\n\n\n\n<p>(1) V ka\u017edom pr\u00edpade sme bez obmedzenia zodpovedn\u00ed za \u0161kody vzniknut\u00e9 v d\u00f4sledku ujmy na \u017eivote, zdrav\u00ed alebo zdrav\u00ed. Okrem toho sme bez obmedzenia zodpovedn\u00ed vo v\u0161etk\u00fdch pr\u00edpadoch \u00famyslu a hrubej nedbanlivosti, v pr\u00edpade podvodn\u00e9ho zatajenia vady, v pr\u00edpade prevzatia z\u00e1ruky za kvalitu predmetu k\u00fapy a vo v\u0161etk\u00fdch ostatn\u00fdch pr\u00edpadoch upraven\u00fdch z\u00e1konom.<\/p>\n\n\n\n<p>(2) Zodpovednos\u0165 za chyby v r\u00e1mci z\u00e1konnej z\u00e1ruky sa riadi pr\u00edslu\u0161n\u00fdm ustanoven\u00edm v na\u0161ich inform\u00e1ci\u00e1ch pre z\u00e1kazn\u00edkov (\u010das\u0165 II).<\/p>\n\n\n\n<p>(3) Pokia\u013e s\u00fa dotknut\u00e9 z\u00e1kladn\u00e9 zmluvn\u00e9 z\u00e1v\u00e4zky, na\u0161a zodpovednos\u0165 za miernu nedbanlivos\u0165 je obmedzen\u00e1 na predv\u00eddate\u013en\u00fa \u0161kodu typick\u00fa pre zmluvu. Podstatn\u00e9 zmluvn\u00e9 povinnosti s\u00fa podstatn\u00e9 povinnosti, ktor\u00e9 vypl\u00fdvaj\u00fa z povahy zmluvy a ktor\u00fdch poru\u0161enie by ohrozilo dosiahnutie \u00fa\u010delu zmluvy, ako aj povinnosti, ktor\u00e9 n\u00e1m zmluva pod\u013ea svojho obsahu uklad\u00e1 na dosiahnutie \u00fa\u010delu zmluvy, ktor\u00fdch splnenie umo\u017e\u0148uje predov\u0161etk\u00fdm riadne plnenie zmluvy a na ktor\u00fdch splnenie sa m\u00f4\u017eete pravidelne spolieha\u0165.<\/p>\n\n\n\n<p>(4) V pr\u00edpade poru\u0161enia nepodstatn\u00fdch zmluvn\u00fdch povinnost\u00ed je zodpovednos\u0165 vyl\u00fa\u010den\u00e1 v pr\u00edpade mierne nedbanliv\u00e9ho poru\u0161enia povinnost\u00ed.<\/p>\n\n\n\n<p>(5) Pri d\u00e1tovej komunik\u00e1cii prostredn\u00edctvom internetu nemo\u017eno zaru\u010di\u0165 bezchybnos\u0165 a\/alebo neust\u00e1lu dostupnos\u0165 pod\u013ea s\u00fa\u010dasn\u00e9ho stavu techniky. V tomto oh\u013eade nenesieme zodpovednos\u0165 za st\u00e1lu alebo nepreru\u0161ovan\u00fa dostupnos\u0165 webovej str\u00e1nky a slu\u017eieb na nej pon\u00fakan\u00fdch.<\/p>\n\n\n\n<p>\u00a7 6 Vo\u013eba pr\u00e1va, miesto plnenia, s\u00fadna pr\u00edslu\u0161nos\u0165<\/p>\n\n\n\n<p>(1) Uplat\u0148uje sa nemeck\u00e9 pr\u00e1vo. V pr\u00edpade spotrebite\u013eov sa t\u00e1to vo\u013eba pr\u00e1va uplat\u0148uje len do tej miery, pokia\u013e sa v d\u00f4sledku toho nezru\u0161\u00ed ochrana poskytovan\u00e1 kogentn\u00fdmi ustanoveniami pr\u00e1va \u0161t\u00e1tu obvykl\u00e9ho pobytu spotrebite\u013ea (z\u00e1sada v\u00fdhodnosti).<\/p>\n\n\n\n<p>(2) Miestom plnenia v\u0161etk\u00fdch slu\u017eieb vypl\u00fdvaj\u00facich z obchodn\u00fdch vz\u0165ahov s nami, ako aj miestom pr\u00edslu\u0161nosti je na\u0161e s\u00eddlo, pokia\u013e nie ste spotrebite\u013eom, ale obchodn\u00edkom, pr\u00e1vnickou osobou verejn\u00e9ho pr\u00e1va alebo osobitn\u00fdm fondom verejn\u00e9ho pr\u00e1va. To ist\u00e9 plat\u00ed, ak nem\u00e1te v\u0161eobecn\u00fa s\u00fadnu pr\u00e1vomoc v Nemecku alebo v E\u00da alebo ak va\u0161e bydlisko alebo obvykl\u00fd pobyt nie je v \u010dase podania \u017ealoby zn\u00e1my. T\u00fdm nie je dotknut\u00e9 pr\u00e1vo poda\u0165 \u017ealobu aj na s\u00fade v inom z\u00e1konom stanovenom mieste pr\u00edslu\u0161nosti.<\/p>\n\n\n\n<p>(3) Ustanovenia Dohovoru OSN o zmluv\u00e1ch o medzin\u00e1rodnej k\u00fape tovaru sa v\u00fdslovne neuplat\u0148uj\u00fa.<\/p>\n\n\n\n<p>_______<\/p>\n\n\n\n<p>II. Inform\u00e1cie o z\u00e1kazn\u00edkovi<\/p>\n\n\n\n<p>1. Toto\u017enos\u0165 pred\u00e1vaj\u00faceho<\/p>\n\n\n\n<figure class=\"wp-block-image size-full is-resized\"><a href=\"https:\/\/lazru.com\/wp-content\/uploads\/2023\/06\/Laz.jpg\"><img loading=\"lazy\" decoding=\"async\" src=\"https:\/\/lazru.com\/wp-content\/uploads\/2023\/06\/Laz.jpg\" alt=\"\" class=\"wp-image-16396\" width=\"259\" height=\"272\" srcset=\"https:\/\/lazru.com\/wp-content\/uploads\/2023\/06\/Laz.jpg 650w, https:\/\/lazru.com\/wp-content\/uploads\/2023\/06\/Laz-600x632.jpg 600w, https:\/\/lazru.com\/wp-content\/uploads\/2023\/06\/Laz-285x300.jpg 285w, https:\/\/lazru.com\/wp-content\/uploads\/2023\/06\/Laz-11x12.jpg 11w\" sizes=\"auto, (max-width: 259px) 100vw, 259px\" \/><\/a><\/figure>\n\n\n\n<p><\/p>\n\n\n\n<p>Eur\u00f3pska komisia poskytuje platformu pre mimos\u00fadne rie\u0161enie sporov online (platforma ODR), ktor\u00e1 je k dispoz\u00edcii na adrese&nbsp;<a href=\"https:\/\/ec.europa.eu\/odr\" target=\"_blank\" rel=\"noreferrer noopener\">https:\/\/ec.europa.eu\/odr<\/a>.<\/p>\n\n\n\n<p>2. Inform\u00e1cie o uzatvoren\u00ed zmluvy<\/p>\n\n\n\n<p>Technick\u00e9 kroky na uzatvorenie zmluvy, samotn\u00e9 uzatvorenie zmluvy a mo\u017enosti opravy sa vykon\u00e1vaj\u00fa v s\u00falade s \u00a7 2 na\u0161ich v\u0161eobecn\u00fdch obchodn\u00fdch podmienok (\u010das\u0165 I.).<\/p>\n\n\n\n<p>3. Jazyk zmluvy, ukladanie textu zmluvy<\/p>\n\n\n\n<p>3.1 Zmluvn\u00fdm jazykom je angli\u010dtina.<\/p>\n\n\n\n<p>3.2 \u00dapln\u00e9 znenie zmluvy neuchov\u00e1vame. Pred odoslan\u00edm objedn\u00e1vky prostredn\u00edctvom syst\u00e9mu online n\u00e1kupn\u00e9ho ko\u0161\u00edka je mo\u017en\u00e9 vytla\u010di\u0165 \u00fadaje o zmluve alebo ich elektronicky ulo\u017ei\u0165 pomocou funkcie tla\u010de v prehliada\u010di. Po prijat\u00ed objedn\u00e1vky n\u00e1m bud\u00fa \u00fadaje o objedn\u00e1vke, z\u00e1konom po\u017eadovan\u00e9 inform\u00e1cie pre zmluvy na dia\u013eku a v\u0161eobecn\u00e9 obchodn\u00e9 podmienky op\u00e4\u0165 zaslan\u00e9 e-mailom.<\/p>\n\n\n\n<p>3.3 V pr\u00edpade \u017eiadosti o cenov\u00fa ponuku mimo syst\u00e9mu online n\u00e1kupn\u00e9ho ko\u0161\u00edka dostanete v\u0161etky zmluvn\u00e9 \u00fadaje ako s\u00fa\u010das\u0165 z\u00e1v\u00e4znej ponuky v textovej podobe, napr. e-mailom, ktor\u00fd si m\u00f4\u017eete vytla\u010di\u0165 alebo ulo\u017ei\u0165 v elektronickej podobe.<\/p>\n\n\n\n<p>4. Z\u00e1kladn\u00e9 charakteristiky tovaru alebo slu\u017eieb<\/p>\n\n\n\n<p>Z\u00e1kladn\u00e9 charakteristiky tovaru a\/alebo slu\u017eieb n\u00e1jdete v pr\u00edslu\u0161nej ponuke.<\/p>\n\n\n\n<p>5. Ceny a sp\u00f4soby platby<\/p>\n\n\n\n<p>5.1 Ceny uveden\u00e9 v pr\u00edslu\u0161n\u00fdch ponuk\u00e1ch, ako aj n\u00e1klady na dopravu predstavuj\u00fa celkov\u00e9 ceny. Zah\u0155\u0148aj\u00fa v\u0161etky zlo\u017eky ceny vr\u00e1tane v\u0161etk\u00fdch platn\u00fdch dan\u00ed.<\/p>\n\n\n\n<p>5.2 Vzniknut\u00e9 n\u00e1klady na dopravu nie s\u00fa zahrnut\u00e9 v k\u00fapnej cene. M\u00f4\u017eete si ich vy\u017eiada\u0165 prostredn\u00edctvom pr\u00edslu\u0161n\u00e9ho tla\u010didla na na\u0161ej webovej str\u00e1nke alebo v pr\u00edslu\u0161nej ponuke, s\u00fa uveden\u00e9 samostatne v priebehu procesu objedn\u00e1vania a zn\u00e1\u0161ate ich dodato\u010dne, pokia\u013e nebolo pris\u013e\u00faben\u00e9 doru\u010denie zdarma.<\/p>\n\n\n\n<p>5.3 Sp\u00f4soby platby, ktor\u00e9 m\u00e1te k dispoz\u00edcii, s\u00fa uveden\u00e9 pod pr\u00edslu\u0161n\u00fdm tla\u010didlom na na\u0161ej webovej str\u00e1nke alebo v pr\u00edslu\u0161nej ponuke.<\/p>\n\n\n\n<p>5.4 Ak nie je v jednotliv\u00fdch sp\u00f4soboch platby uveden\u00e9 inak, s\u00fa n\u00e1roky na platbu vypl\u00fdvaj\u00face z uzatvorenej zmluvy splatn\u00e9 okam\u017eite.<\/p>\n\n\n\n<p>6. Dodacie podmienky<\/p>\n\n\n\n<p>6.1 Dodacie podmienky, term\u00edn dodania a v\u0161etky existuj\u00face obmedzenia dodania n\u00e1jdete pod pr\u00edslu\u0161n\u00fdm tla\u010didlom na na\u0161ej webovej str\u00e1nke alebo v pr\u00edslu\u0161nej ponuke.<\/p>\n\n\n\n<p>6.2 Ak ste spotrebite\u013e, z\u00e1kon upravuje, \u017ee nebezpe\u010denstvo n\u00e1hodnej straty a n\u00e1hodn\u00e9ho zhor\u0161enia predanej veci po\u010das prepravy prech\u00e1dza na v\u00e1s a\u017e odovzdan\u00edm tovaru bez oh\u013eadu na to, \u010di je z\u00e1sielka poisten\u00e1 alebo nie. To neplat\u00ed, ak ste si samostatne objednali prepravn\u00fa spolo\u010dnos\u0165, ktor\u00fa nemenoval podnikate\u013e, alebo osobu inak ur\u010den\u00fa na vykonanie prepravy.<\/p>\n\n\n\n<p>7. Z\u00e1konn\u00e1 zodpovednos\u0165 za vady<\/p>\n\n\n\n<p>7.1 Uplat\u0148uj\u00fa sa z\u00e1konn\u00e9 pr\u00e1va zo zodpovednosti za vady.<\/p>\n\n\n\n<p>7.2 Ako spotrebite\u013e ste povinn\u00fd bezodkladne po doru\u010den\u00ed skontrolova\u0165 tovar, \u010di je kompletn\u00fd, \u010di m\u00e1 zjavn\u00e9 chyby a \u010di nie je po\u0161koden\u00fd pri preprave, a \u010do najsk\u00f4r n\u00e1m a dopravcovi ozn\u00e1mi\u0165 pr\u00edpadn\u00e9 reklam\u00e1cie. Ak to nedodr\u017e\u00edte, nebude to ma\u0165 vplyv na va\u0161e z\u00e1konn\u00e9 z\u00e1ru\u010dn\u00e9 n\u00e1roky.<\/p>","protected":false},"excerpt":{"rendered":"<p>Allgemeine Gesch\u00e4ftsbedingungen und Kundeninformationen I. Allgemeine Gesch\u00e4ftsbedingungen \u00a7 1 Grundlegende Bestimmungen (1) Die nachstehenden Gesch\u00e4ftsbedingungen gelten f\u00fcr alle Vertr\u00e4ge, die Sie mit uns als Anbieter (Lazru) \u00fcber die Internetseite www.lazru.com schlie\u00dfen. Soweit nicht anders vereinbart, wird der Einbeziehung gegebenenfalls von Ihnen verwendeter eigener Bedingungen widersprochen. (2)&nbsp;Verbraucher im Sinne der nachstehenden Regelungen ist jede nat\u00fcrliche Person, [&hellip;]<\/p>\n","protected":false},"author":1,"featured_media":0,"parent":0,"menu_order":0,"comment_status":"closed","ping_status":"closed","template":"","meta":{"footnotes":""},"class_list":["post-31","page","type-page","status-publish","hentry"],"blocksy_meta":[],"yoast_head":"<!-- This site is optimized with the Yoast SEO Premium plugin v23.4 (Yoast SEO v27.4) - https:\/\/yoast.com\/product\/yoast-seo-premium-wordpress\/ -->\n<title>AGB - LAZRU<\/title>\n<meta name=\"robots\" content=\"noindex, follow\" \/>\n<meta property=\"og:locale\" content=\"sk_SK\" \/>\n<meta property=\"og:type\" content=\"article\" \/>\n<meta property=\"og:title\" content=\"AGB\" \/>\n<meta property=\"og:description\" content=\"Allgemeine Gesch\u00e4ftsbedingungen und Kundeninformationen I. Allgemeine Gesch\u00e4ftsbedingungen \u00a7 1 Grundlegende Bestimmungen (1) Die nachstehenden Gesch\u00e4ftsbedingungen gelten f\u00fcr alle Vertr\u00e4ge, die Sie mit uns als Anbieter (Lazru) \u00fcber die Internetseite www.lazru.com schlie\u00dfen. Soweit nicht anders vereinbart, wird der Einbeziehung gegebenenfalls von Ihnen verwendeter eigener Bedingungen widersprochen. (2)&nbsp;Verbraucher im Sinne der nachstehenden Regelungen ist jede nat\u00fcrliche Person, [&hellip;]\" \/>\n<meta property=\"og:url\" content=\"https:\/\/lazru.com\/sk\/agb\/\" \/>\n<meta property=\"og:site_name\" content=\"LAZRU\" \/>\n<meta property=\"article:modified_time\" content=\"2023-06-15T11:42:16+00:00\" \/>\n<meta property=\"og:image\" content=\"https:\/\/lazru.com\/wp-content\/uploads\/2023\/06\/Laz.jpg\" \/>\n<meta name=\"twitter:card\" content=\"summary_large_image\" \/>\n<meta name=\"twitter:label1\" content=\"Predpokladan\u00fd \u010das \u010d\u00edtania\" \/>\n\t<meta name=\"twitter:data1\" content=\"8 min\u00fat\" \/>\n<script type=\"application\/ld+json\" class=\"yoast-schema-graph\">{\"@context\":\"https:\\\/\\\/schema.org\",\"@graph\":[{\"@type\":\"WebPage\",\"@id\":\"https:\\\/\\\/lazru.com\\\/agb\\\/\",\"url\":\"https:\\\/\\\/lazru.com\\\/agb\\\/\",\"name\":\"AGB - LAZRU\",\"isPartOf\":{\"@id\":\"https:\\\/\\\/lazru.com\\\/es\\\/#website\"},\"primaryImageOfPage\":{\"@id\":\"https:\\\/\\\/lazru.com\\\/agb\\\/#primaryimage\"},\"image\":{\"@id\":\"https:\\\/\\\/lazru.com\\\/agb\\\/#primaryimage\"},\"thumbnailUrl\":\"https:\\\/\\\/lazru.com\\\/wp-content\\\/uploads\\\/2023\\\/06\\\/Laz.jpg\",\"datePublished\":\"2021-09-14T13:12:11+00:00\",\"dateModified\":\"2023-06-15T11:42:16+00:00\",\"breadcrumb\":{\"@id\":\"https:\\\/\\\/lazru.com\\\/agb\\\/#breadcrumb\"},\"inLanguage\":\"sk-SK\",\"potentialAction\":[{\"@type\":\"ReadAction\",\"target\":[\"https:\\\/\\\/lazru.com\\\/agb\\\/\"]}]},{\"@type\":\"ImageObject\",\"inLanguage\":\"sk-SK\",\"@id\":\"https:\\\/\\\/lazru.com\\\/agb\\\/#primaryimage\",\"url\":\"https:\\\/\\\/lazru.com\\\/wp-content\\\/uploads\\\/2023\\\/06\\\/Laz.jpg\",\"contentUrl\":\"https:\\\/\\\/lazru.com\\\/wp-content\\\/uploads\\\/2023\\\/06\\\/Laz.jpg\"},{\"@type\":\"BreadcrumbList\",\"@id\":\"https:\\\/\\\/lazru.com\\\/agb\\\/#breadcrumb\",\"itemListElement\":[{\"@type\":\"ListItem\",\"position\":1,\"name\":\"LAZRU\",\"item\":\"https:\\\/\\\/lazru.com\\\/\"},{\"@type\":\"ListItem\",\"position\":2,\"name\":\"AGB\"}]},{\"@type\":\"WebSite\",\"@id\":\"https:\\\/\\\/lazru.com\\\/es\\\/#website\",\"url\":\"https:\\\/\\\/lazru.com\\\/es\\\/\",\"name\":\"LAZRU\",\"description\":\"Wimpernserum &amp; Augenbrauenserum\",\"publisher\":{\"@id\":\"https:\\\/\\\/lazru.com\\\/es\\\/#organization\"},\"potentialAction\":[{\"@type\":\"SearchAction\",\"target\":{\"@type\":\"EntryPoint\",\"urlTemplate\":\"https:\\\/\\\/lazru.com\\\/es\\\/?s={search_term_string}\"},\"query-input\":{\"@type\":\"PropertyValueSpecification\",\"valueRequired\":true,\"valueName\":\"search_term_string\"}}],\"inLanguage\":\"sk-SK\"},{\"@type\":\"Organization\",\"@id\":\"https:\\\/\\\/lazru.com\\\/es\\\/#organization\",\"name\":\"LAZRU\",\"url\":\"https:\\\/\\\/lazru.com\\\/es\\\/\",\"logo\":{\"@type\":\"ImageObject\",\"inLanguage\":\"sk-SK\",\"@id\":\"https:\\\/\\\/lazru.com\\\/es\\\/#\\\/schema\\\/logo\\\/image\\\/\",\"url\":\"https:\\\/\\\/lazru.com\\\/wp-content\\\/uploads\\\/2021\\\/09\\\/cropped-lazru-wimpernserum-logo.png\",\"contentUrl\":\"https:\\\/\\\/lazru.com\\\/wp-content\\\/uploads\\\/2021\\\/09\\\/cropped-lazru-wimpernserum-logo.png\",\"width\":211,\"height\":97,\"caption\":\"LAZRU\"},\"image\":{\"@id\":\"https:\\\/\\\/lazru.com\\\/es\\\/#\\\/schema\\\/logo\\\/image\\\/\"},\"sameAs\":[\"https:\\\/\\\/www.instagram.com\\\/lazru_official\\\/\"]}]}<\/script>\n<!-- \/ Yoast SEO Premium plugin. -->","yoast_head_json":{"title":"AGB - LAZRU","robots":{"index":"noindex","follow":"follow"},"og_locale":"sk_SK","og_type":"article","og_title":"AGB","og_description":"Allgemeine Gesch\u00e4ftsbedingungen und Kundeninformationen I. Allgemeine Gesch\u00e4ftsbedingungen \u00a7 1 Grundlegende Bestimmungen (1) Die nachstehenden Gesch\u00e4ftsbedingungen gelten f\u00fcr alle Vertr\u00e4ge, die Sie mit uns als Anbieter (Lazru) \u00fcber die Internetseite www.lazru.com schlie\u00dfen. Soweit nicht anders vereinbart, wird der Einbeziehung gegebenenfalls von Ihnen verwendeter eigener Bedingungen widersprochen. (2)&nbsp;Verbraucher im Sinne der nachstehenden Regelungen ist jede nat\u00fcrliche Person, [&hellip;]","og_url":"https:\/\/lazru.com\/sk\/agb\/","og_site_name":"LAZRU","article_modified_time":"2023-06-15T11:42:16+00:00","og_image":[{"url":"https:\/\/lazru.com\/wp-content\/uploads\/2023\/06\/Laz.jpg","type":"","width":"","height":""}],"twitter_card":"summary_large_image","twitter_misc":{"Predpokladan\u00fd \u010das \u010d\u00edtania":"8 min\u00fat"},"schema":{"@context":"https:\/\/schema.org","@graph":[{"@type":"WebPage","@id":"https:\/\/lazru.com\/agb\/","url":"https:\/\/lazru.com\/agb\/","name":"AGB - LAZRU","isPartOf":{"@id":"https:\/\/lazru.com\/es\/#website"},"primaryImageOfPage":{"@id":"https:\/\/lazru.com\/agb\/#primaryimage"},"image":{"@id":"https:\/\/lazru.com\/agb\/#primaryimage"},"thumbnailUrl":"https:\/\/lazru.com\/wp-content\/uploads\/2023\/06\/Laz.jpg","datePublished":"2021-09-14T13:12:11+00:00","dateModified":"2023-06-15T11:42:16+00:00","breadcrumb":{"@id":"https:\/\/lazru.com\/agb\/#breadcrumb"},"inLanguage":"sk-SK","potentialAction":[{"@type":"ReadAction","target":["https:\/\/lazru.com\/agb\/"]}]},{"@type":"ImageObject","inLanguage":"sk-SK","@id":"https:\/\/lazru.com\/agb\/#primaryimage","url":"https:\/\/lazru.com\/wp-content\/uploads\/2023\/06\/Laz.jpg","contentUrl":"https:\/\/lazru.com\/wp-content\/uploads\/2023\/06\/Laz.jpg"},{"@type":"BreadcrumbList","@id":"https:\/\/lazru.com\/agb\/#breadcrumb","itemListElement":[{"@type":"ListItem","position":1,"name":"LAZRU","item":"https:\/\/lazru.com\/"},{"@type":"ListItem","position":2,"name":"AGB"}]},{"@type":"WebSite","@id":"https:\/\/lazru.com\/es\/#website","url":"https:\/\/lazru.com\/es\/","name":"LAZRU","description":"S\u00e9rum na Mihalnice &amp; S\u00e9rum na Obo\u010die","publisher":{"@id":"https:\/\/lazru.com\/es\/#organization"},"potentialAction":[{"@type":"SearchAction","target":{"@type":"EntryPoint","urlTemplate":"https:\/\/lazru.com\/es\/?s={search_term_string}"},"query-input":{"@type":"PropertyValueSpecification","valueRequired":true,"valueName":"search_term_string"}}],"inLanguage":"sk-SK"},{"@type":"Organization","@id":"https:\/\/lazru.com\/es\/#organization","name":"LAZRU","url":"https:\/\/lazru.com\/es\/","logo":{"@type":"ImageObject","inLanguage":"sk-SK","@id":"https:\/\/lazru.com\/es\/#\/schema\/logo\/image\/","url":"https:\/\/lazru.com\/wp-content\/uploads\/2021\/09\/cropped-lazru-wimpernserum-logo.png","contentUrl":"https:\/\/lazru.com\/wp-content\/uploads\/2021\/09\/cropped-lazru-wimpernserum-logo.png","width":211,"height":97,"caption":"LAZRU"},"image":{"@id":"https:\/\/lazru.com\/es\/#\/schema\/logo\/image\/"},"sameAs":["https:\/\/www.instagram.com\/lazru_official\/"]}]}},"_links":{"self":[{"href":"https:\/\/lazru.com\/sk\/wp-json\/wp\/v2\/pages\/31","targetHints":{"allow":["GET"]}}],"collection":[{"href":"https:\/\/lazru.com\/sk\/wp-json\/wp\/v2\/pages"}],"about":[{"href":"https:\/\/lazru.com\/sk\/wp-json\/wp\/v2\/types\/page"}],"author":[{"embeddable":true,"href":"https:\/\/lazru.com\/sk\/wp-json\/wp\/v2\/users\/1"}],"replies":[{"embeddable":true,"href":"https:\/\/lazru.com\/sk\/wp-json\/wp\/v2\/comments?post=31"}],"version-history":[{"count":3,"href":"https:\/\/lazru.com\/sk\/wp-json\/wp\/v2\/pages\/31\/revisions"}],"predecessor-version":[{"id":16915,"href":"https:\/\/lazru.com\/sk\/wp-json\/wp\/v2\/pages\/31\/revisions\/16915"}],"wp:attachment":[{"href":"https:\/\/lazru.com\/sk\/wp-json\/wp\/v2\/media?parent=31"}],"curies":[{"name":"wp","href":"https:\/\/api.w.org\/{rel}","templated":true}]}}