{"id":30,"date":"2021-09-14T13:12:11","date_gmt":"2021-09-14T13:12:11","guid":{"rendered":"https:\/\/lazru.com\/impressum"},"modified":"2023-07-14T13:03:25","modified_gmt":"2023-07-14T11:03:25","slug":"impressum","status":"publish","type":"page","link":"https:\/\/lazru.com\/sk\/odtlacok\/","title":{"rendered":"Odtla\u010dok"},"content":{"rendered":"<p><strong>Zrieknutie sa zodpovednosti<br><\/strong>Obsah tejto webovej str\u00e1nky je vytvoren\u00fd s maxim\u00e1lnou mo\u017enou starostlivos\u0165ou. Lazru v\u0161ak nezaru\u010duje presnos\u0165, \u00faplnos\u0165 a aktu\u00e1lnos\u0165 poskytovan\u00e9ho obsahu. Pou\u017e\u00edvanie obsahu webovej str\u00e1nky je na vlastn\u00e9 riziko pou\u017e\u00edvate\u013ea.<\/p>\n\n\n\n<p>1. Extern\u00e9 odkazy:<br>V pr\u00edpade extern\u00fdch odkazov na webov\u00e9 str\u00e1nky tret\u00edch str\u00e1n (\u010falej len \"extern\u00e9 odkazy\") za tieto webov\u00e9 str\u00e1nky zodpovedaj\u00fa ich prev\u00e1dzkovatelia. Pri prvom vytvoren\u00ed extern\u00fdch odkazov poskytovate\u013e skontroloval, \u010di extern\u00fd obsah neporu\u0161uje pr\u00e1vne predpisy. V tom \u010dase neboli zjavn\u00e9 \u017eiadne poru\u0161enia pr\u00e1vnych predpisov. Poskytovate\u013e nem\u00e1 \u017eiadny vplyv na s\u00fa\u010dasn\u00fa a bud\u00facu podobu a obsah odkazovan\u00fdch str\u00e1nok. Umiestnenie extern\u00fdch odkazov neznamen\u00e1, \u017ee poskytovate\u013e prij\u00edma obsah, ktor\u00fd sa nach\u00e1dza za odkazom alebo prepojen\u00edm, za svoj vlastn\u00fd. Nie je rozumn\u00e9, aby poskytovate\u013e neust\u00e1le monitoroval extern\u00e9 odkazy bez konkr\u00e9tnych n\u00e1znakov poru\u0161enia pr\u00e1vnych predpisov. Ak sa v\u0161ak zist\u00ed poru\u0161enie pr\u00e1vnych predpisov, tak\u00e9to extern\u00e9 odkazy bud\u00fa okam\u017eite odstr\u00e1nen\u00e9.<\/p>\n\n\n\n<p>2. Autorsk\u00e9 pr\u00e1va a ved\u013eaj\u0161ie autorsk\u00e9 pr\u00e1va | \u00a9 copyright:<br>Obsah uverejnen\u00fd na tejto webovej str\u00e1nke podlieha nemeck\u00e9mu autorsk\u00e9mu pr\u00e1vu a ved\u013eaj\u0161\u00edm autorsk\u00fdm pr\u00e1vam. Ak\u00e9ko\u013evek pou\u017eitie, ktor\u00e9 nie je povolen\u00e9 nemeck\u00fdm z\u00e1konom o autorsk\u00fdch pr\u00e1vach a ved\u013eaj\u0161\u00edch autorsk\u00fdch pr\u00e1vach, si vy\u017eaduje predch\u00e1dzaj\u00faci p\u00edsomn\u00fd s\u00fahlas poskytovate\u013ea alebo pr\u00edslu\u0161n\u00e9ho dr\u017eite\u013ea pr\u00e1v. To plat\u00ed najm\u00e4 pre kop\u00edrovanie, \u00fapravu, preklad, ukladanie, spracovanie alebo reprodukciu obsahu v datab\u00e1zach alebo in\u00fdch elektronick\u00fdch m\u00e9di\u00e1ch a syst\u00e9moch. Neopr\u00e1vnen\u00e1 reprodukcia alebo prenos jednotliv\u00fdch obsahov alebo cel\u00fdch str\u00e1nok nie je povolen\u00e1 a je trestn\u00e1 pod\u013ea z\u00e1kona. Povolen\u00e9 je len vyhotovovanie k\u00f3pi\u00ed a s\u0165ahovanie na osobn\u00e9, s\u00fakromn\u00e9 a nekomer\u010dn\u00e9 pou\u017eitie. Zobrazovanie tejto webovej str\u00e1nky v extern\u00fdch r\u00e1mcoch je povolen\u00e9 len s p\u00edsomn\u00fdm s\u00fahlasom.<\/p>\n\n\n\n<p>3. Ochrana \u00fadajov<br>Pri n\u00e1v\u0161teve webovej str\u00e1nky poskytovate\u013ea sa m\u00f4\u017eu uklada\u0165 inform\u00e1cie o pr\u00edstupe (d\u00e1tum, \u010das, zobrazen\u00e1 str\u00e1nka). Tieto \u00fadaje nepatria medzi osobn\u00e9 \u00fadaje, ale s\u00fa anonymizovan\u00e9. Vyhodnocuj\u00fa sa v\u00fdlu\u010dne na \u0161tatistick\u00e9 \u00fa\u010dely. Neposkytuje sa tret\u00edm stran\u00e1m na komer\u010dn\u00e9 ani nekomer\u010dn\u00e9 \u00fa\u010dely. Poskytovate\u013e v\u00fdslovne upozor\u0148uje, \u017ee prenos \u00fadajov na internete (napr. komunik\u00e1cia prostredn\u00edctvom e-mailu) podlieha bezpe\u010dnostn\u00fdm zranite\u013enostiam a nemo\u017eno ho \u00faplne ochr\u00e1ni\u0165 pred pr\u00edstupom tret\u00edch str\u00e1n.<\/p>\n\n\n\n<p>Pou\u017eitie kontaktn\u00fdch \u00fadajov odtla\u010dku na komer\u010dn\u00fa reklamu nie je v\u00fdslovne \u017eiaduce, pokia\u013e poskytovate\u013e predt\u00fdm nedal p\u00edsomn\u00fd s\u00fahlas alebo pokia\u013e u\u017e existuje obchodn\u00fd vz\u0165ah. Poskytovate\u013e a v\u0161etky osoby uveden\u00e9 na tejto webovej str\u00e1nke t\u00fdmto namietaj\u00fa proti ak\u00e9muko\u013evek komer\u010dn\u00e9mu pou\u017eitiu a zverejneniu svojich \u00fadajov.<\/p>\n\n\n\n<p>4. Osobitn\u00e9 podmienky pou\u017e\u00edvania<br>Pokia\u013e sa osobitn\u00e9 podmienky pre jednotliv\u00e9 sp\u00f4soby pou\u017e\u00edvania tejto webovej str\u00e1nky odchy\u013euj\u00fa od vy\u0161\u0161ie uveden\u00fdch \u010d\u00edsel 1. a\u017e 4., bude to v\u00fdslovne uveden\u00e9 na pr\u00edslu\u0161nom mieste. V takom pr\u00edpade sa v pr\u00edslu\u0161nom jednotlivom pr\u00edpade uplat\u0148uj\u00fa osobitn\u00e9 podmienky pou\u017e\u00edvania.<\/p>\n\n\n\n<p>Lazru je zna\u010dka spolo\u010dnosti: <\/p>\n\n\n\n<figure class=\"wp-block-image size-full is-resized\"><img loading=\"lazy\" decoding=\"async\" src=\"https:\/\/lazru.com\/wp-content\/uploads\/2022\/05\/Sum.png\" alt=\"\" class=\"wp-image-1675\" width=\"239\" height=\"165\" srcset=\"https:\/\/lazru.com\/wp-content\/uploads\/2022\/05\/Sum.png 550w, https:\/\/lazru.com\/wp-content\/uploads\/2022\/05\/Sum-300x207.png 300w, https:\/\/lazru.com\/wp-content\/uploads\/2022\/05\/Sum-18x12.png 18w\" sizes=\"auto, (max-width: 239px) 100vw, 239px\" \/><\/figure>\n\n\n\n<p><strong>Alternat\u00edvne rie\u0161enie sporov:<\/strong><\/p>\n\n\n\n<p>Eur\u00f3pska komisia poskytuje platformu pre mimos\u00fadne rie\u0161enie sporov online (platforma ODR), ktor\u00e1 je k dispoz\u00edcii na adrese&nbsp;<a href=\"https:\/\/ec.europa.eu\/odr\" target=\"_blank\" rel=\"noreferrer noopener\">https:\/\/ec.europa.eu\/odr<\/a>.<\/p>","protected":false},"excerpt":{"rendered":"<p>HaftungsausschlussDie Inhalte dieser Website werden mit gr\u00f6\u00dftm\u00f6glicher Sorgfalt erstellt. Lazru \u00fcbernimmt jedoch keine Gew\u00e4hr f\u00fcr die Richtigkeit, Vollst\u00e4ndigkeit und Aktualit\u00e4t der bereitgestellten Inhalte. Die Nutzung der Inhalte der Website erfolgt [&hellip;]<\/p>","protected":false},"author":1,"featured_media":0,"parent":0,"menu_order":0,"comment_status":"closed","ping_status":"closed","template":"","meta":{"_uag_custom_page_level_css":"","advgb_blocks_editor_width":"","advgb_blocks_columns_visual_guide":"","site-sidebar-layout":"default","site-content-layout":"default","ast-site-content-layout":"default","site-content-style":"default","site-sidebar-style":"default","ast-global-header-display":"","ast-banner-title-visibility":"","ast-main-header-display":"","ast-hfb-above-header-display":"","ast-hfb-below-header-display":"","ast-hfb-mobile-header-display":"","site-post-title":"","ast-breadcrumbs-content":"","ast-featured-img":"","footer-sml-layout":"","ast-disable-related-posts":"","theme-transparent-header-meta":"default","adv-header-id-meta":"","stick-header-meta":"default","header-above-stick-meta":"","header-main-stick-meta":"","header-below-stick-meta":"","astra-migrate-meta-layouts":"default","ast-page-background-enabled":"default","ast-page-background-meta":{"desktop":{"background-color":"","background-image":"","background-repeat":"repeat","background-position":"center center","background-size":"auto","background-attachment":"scroll","background-type":"","background-media":"","overlay-type":"","overlay-color":"","overlay-opacity":"","overlay-gradient":""},"tablet":{"background-color":"","background-image":"","background-repeat":"repeat","background-position":"center center","background-size":"auto","background-attachment":"scroll","background-type":"","background-media":"","overlay-type":"","overlay-color":"","overlay-opacity":"","overlay-gradient":""},"mobile":{"background-color":"","background-image":"","background-repeat":"repeat","background-position":"center center","background-size":"auto","background-attachment":"scroll","background-type":"","background-media":"","overlay-type":"","overlay-color":"","overlay-opacity":"","overlay-gradient":""}},"ast-content-background-meta":{"desktop":{"background-color":"var(--ast-global-color-5)","background-image":"","background-repeat":"repeat","background-position":"center center","background-size":"auto","background-attachment":"scroll","background-type":"","background-media":"","overlay-type":"","overlay-color":"","overlay-opacity":"","overlay-gradient":""},"tablet":{"background-color":"var(--ast-global-color-5)","background-image":"","background-repeat":"repeat","background-position":"center center","background-size":"auto","background-attachment":"scroll","background-type":"","background-media":"","overlay-type":"","overlay-color":"","overlay-opacity":"","overlay-gradient":""},"mobile":{"background-color":"var(--ast-global-color-5)","background-image":"","background-repeat":"repeat","background-position":"center center","background-size":"auto","background-attachment":"scroll","background-type":"","background-media":"","overlay-type":"","overlay-color":"","overlay-opacity":"","overlay-gradient":""}},"footnotes":""},"class_list":["post-30","page","type-page","status-publish","hentry"],"featured_image_src":null,"yoast_head":"<!-- This site is optimized with the Yoast SEO Premium plugin v23.4 (Yoast SEO v26.6) - https:\/\/yoast.com\/wordpress\/plugins\/seo\/ -->\n<title>Impressum - LAZRU<\/title>\n<meta name=\"robots\" content=\"noindex, nofollow\" \/>\n<meta property=\"og:locale\" content=\"sk_SK\" \/>\n<meta property=\"og:type\" content=\"article\" \/>\n<meta property=\"og:title\" content=\"Impressum\" \/>\n<meta property=\"og:description\" content=\"HaftungsausschlussDie Inhalte dieser Website werden mit gr\u00f6\u00dftm\u00f6glicher Sorgfalt erstellt. Lazru \u00fcbernimmt jedoch keine Gew\u00e4hr f\u00fcr die Richtigkeit, Vollst\u00e4ndigkeit und Aktualit\u00e4t der bereitgestellten Inhalte. Die Nutzung der Inhalte der Website erfolgt [&hellip;]\" \/>\n<meta property=\"og:url\" content=\"https:\/\/lazru.com\/sk\/odtlacok\/\" \/>\n<meta property=\"og:site_name\" content=\"LAZRU\" \/>\n<meta property=\"article:modified_time\" content=\"2023-07-14T11:03:25+00:00\" \/>\n<meta property=\"og:image\" content=\"https:\/\/lazru.com\/wp-content\/uploads\/2022\/05\/Sum.png\" \/>\n<meta name=\"twitter:card\" content=\"summary_large_image\" \/>\n<meta name=\"twitter:label1\" content=\"Predpokladan\u00fd \u010das \u010d\u00edtania\" \/>\n\t<meta name=\"twitter:data1\" content=\"3 min\u00faty\" \/>\n<script type=\"application\/ld+json\" class=\"yoast-schema-graph\">{\"@context\":\"https:\/\/schema.org\",\"@graph\":[{\"@type\":\"WebPage\",\"@id\":\"https:\/\/lazru.com\/impressum\/\",\"url\":\"https:\/\/lazru.com\/impressum\/\",\"name\":\"Impressum - LAZRU\",\"isPartOf\":{\"@id\":\"https:\/\/lazru.com\/es\/#website\"},\"primaryImageOfPage\":{\"@id\":\"https:\/\/lazru.com\/impressum\/#primaryimage\"},\"image\":{\"@id\":\"https:\/\/lazru.com\/impressum\/#primaryimage\"},\"thumbnailUrl\":\"https:\/\/lazru.com\/wp-content\/uploads\/2022\/05\/Sum.png\",\"datePublished\":\"2021-09-14T13:12:11+00:00\",\"dateModified\":\"2023-07-14T11:03:25+00:00\",\"breadcrumb\":{\"@id\":\"https:\/\/lazru.com\/impressum\/#breadcrumb\"},\"inLanguage\":\"sk-SK\",\"potentialAction\":[{\"@type\":\"ReadAction\",\"target\":[\"https:\/\/lazru.com\/impressum\/\"]}]},{\"@type\":\"ImageObject\",\"inLanguage\":\"sk-SK\",\"@id\":\"https:\/\/lazru.com\/impressum\/#primaryimage\",\"url\":\"https:\/\/lazru.com\/wp-content\/uploads\/2022\/05\/Sum.png\",\"contentUrl\":\"https:\/\/lazru.com\/wp-content\/uploads\/2022\/05\/Sum.png\"},{\"@type\":\"BreadcrumbList\",\"@id\":\"https:\/\/lazru.com\/impressum\/#breadcrumb\",\"itemListElement\":[{\"@type\":\"ListItem\",\"position\":1,\"name\":\"LAZRU\",\"item\":\"https:\/\/lazru.com\/\"},{\"@type\":\"ListItem\",\"position\":2,\"name\":\"Impressum\"}]},{\"@type\":\"WebSite\",\"@id\":\"https:\/\/lazru.com\/es\/#website\",\"url\":\"https:\/\/lazru.com\/es\/\",\"name\":\"LAZRU\",\"description\":\"Wimpernserum &amp; Augenbrauenserum\",\"publisher\":{\"@id\":\"https:\/\/lazru.com\/es\/#organization\"},\"potentialAction\":[{\"@type\":\"SearchAction\",\"target\":{\"@type\":\"EntryPoint\",\"urlTemplate\":\"https:\/\/lazru.com\/es\/?s={search_term_string}\"},\"query-input\":{\"@type\":\"PropertyValueSpecification\",\"valueRequired\":true,\"valueName\":\"search_term_string\"}}],\"inLanguage\":\"sk-SK\"},{\"@type\":\"Organization\",\"@id\":\"https:\/\/lazru.com\/es\/#organization\",\"name\":\"LAZRU\",\"url\":\"https:\/\/lazru.com\/es\/\",\"logo\":{\"@type\":\"ImageObject\",\"inLanguage\":\"sk-SK\",\"@id\":\"https:\/\/lazru.com\/es\/#\/schema\/logo\/image\/\",\"url\":\"https:\/\/lazru.com\/wp-content\/uploads\/2021\/09\/cropped-lazru-wimpernserum-logo.png\",\"contentUrl\":\"https:\/\/lazru.com\/wp-content\/uploads\/2021\/09\/cropped-lazru-wimpernserum-logo.png\",\"width\":211,\"height\":97,\"caption\":\"LAZRU\"},\"image\":{\"@id\":\"https:\/\/lazru.com\/es\/#\/schema\/logo\/image\/\"},\"sameAs\":[\"https:\/\/www.instagram.com\/lazru_official\/\"]}]}<\/script>\n<!-- \/ Yoast SEO Premium plugin. -->","yoast_head_json":{"title":"Imprint - LAZRU","robots":{"index":"noindex","follow":"nofollow"},"og_locale":"sk_SK","og_type":"article","og_title":"Impressum","og_description":"HaftungsausschlussDie Inhalte dieser Website werden mit gr\u00f6\u00dftm\u00f6glicher Sorgfalt erstellt. Lazru \u00fcbernimmt jedoch keine Gew\u00e4hr f\u00fcr die Richtigkeit, Vollst\u00e4ndigkeit und Aktualit\u00e4t der bereitgestellten Inhalte. Die Nutzung der Inhalte der Website erfolgt [&hellip;]","og_url":"https:\/\/lazru.com\/sk\/odtlacok\/","og_site_name":"LAZRU","article_modified_time":"2023-07-14T11:03:25+00:00","og_image":[{"url":"https:\/\/lazru.com\/wp-content\/uploads\/2022\/05\/Sum.png","type":"","width":"","height":""}],"twitter_card":"summary_large_image","twitter_misc":{"Predpokladan\u00fd \u010das \u010d\u00edtania":"3 min\u00faty"},"schema":{"@context":"https:\/\/schema.org","@graph":[{"@type":"WebPage","@id":"https:\/\/lazru.com\/impressum\/","url":"https:\/\/lazru.com\/impressum\/","name":"Imprint - LAZRU","isPartOf":{"@id":"https:\/\/lazru.com\/es\/#website"},"primaryImageOfPage":{"@id":"https:\/\/lazru.com\/impressum\/#primaryimage"},"image":{"@id":"https:\/\/lazru.com\/impressum\/#primaryimage"},"thumbnailUrl":"https:\/\/lazru.com\/wp-content\/uploads\/2022\/05\/Sum.png","datePublished":"2021-09-14T13:12:11+00:00","dateModified":"2023-07-14T11:03:25+00:00","breadcrumb":{"@id":"https:\/\/lazru.com\/impressum\/#breadcrumb"},"inLanguage":"sk-SK","potentialAction":[{"@type":"ReadAction","target":["https:\/\/lazru.com\/impressum\/"]}]},{"@type":"ImageObject","inLanguage":"sk-SK","@id":"https:\/\/lazru.com\/impressum\/#primaryimage","url":"https:\/\/lazru.com\/wp-content\/uploads\/2022\/05\/Sum.png","contentUrl":"https:\/\/lazru.com\/wp-content\/uploads\/2022\/05\/Sum.png"},{"@type":"BreadcrumbList","@id":"https:\/\/lazru.com\/impressum\/#breadcrumb","itemListElement":[{"@type":"ListItem","position":1,"name":"LAZRU","item":"https:\/\/lazru.com\/"},{"@type":"ListItem","position":2,"name":"Impressum"}]},{"@type":"WebSite","@id":"https:\/\/lazru.com\/es\/#website","url":"https:\/\/lazru.com\/es\/","name":"LAZRU","description":"S\u00e9rum na Mihalnice &amp; S\u00e9rum na Obo\u010die","publisher":{"@id":"https:\/\/lazru.com\/es\/#organization"},"potentialAction":[{"@type":"SearchAction","target":{"@type":"EntryPoint","urlTemplate":"https:\/\/lazru.com\/es\/?s={search_term_string}"},"query-input":{"@type":"PropertyValueSpecification","valueRequired":true,"valueName":"search_term_string"}}],"inLanguage":"sk-SK"},{"@type":"Organization","@id":"https:\/\/lazru.com\/es\/#organization","name":"LAZRU","url":"https:\/\/lazru.com\/es\/","logo":{"@type":"ImageObject","inLanguage":"sk-SK","@id":"https:\/\/lazru.com\/es\/#\/schema\/logo\/image\/","url":"https:\/\/lazru.com\/wp-content\/uploads\/2021\/09\/cropped-lazru-wimpernserum-logo.png","contentUrl":"https:\/\/lazru.com\/wp-content\/uploads\/2021\/09\/cropped-lazru-wimpernserum-logo.png","width":211,"height":97,"caption":"LAZRU"},"image":{"@id":"https:\/\/lazru.com\/es\/#\/schema\/logo\/image\/"},"sameAs":["https:\/\/www.instagram.com\/lazru_official\/"]}]}},"uagb_featured_image_src":{"full":false,"thumbnail":false,"medium":false,"medium_large":false,"large":false,"1536x1536":false,"2048x2048":false,"trp-custom-language-flag":false,"woocommerce_thumbnail":false,"woocommerce_single":false,"woocommerce_gallery_thumbnail":false,"crp_thumbnail":false},"uagb_author_info":{"display_name":"Kerem085","author_link":"https:\/\/lazru.com\/sk\/author\/kerem085\/"},"uagb_comment_info":0,"uagb_excerpt":"HaftungsausschlussDie Inhalte dieser Website werden mit gr\u00f6\u00dftm\u00f6glicher Sorgfalt erstellt. Lazru \u00fcbernimmt jedoch keine Gew\u00e4hr f\u00fcr die Richtigkeit, Vollst\u00e4ndigkeit und Aktualit\u00e4t der bereitgestellten Inhalte. Die Nutzung der Inhalte der Website erfolgt [&hellip;]","coauthors":[],"author_meta":{"author_link":"https:\/\/lazru.com\/sk\/author\/kerem085\/","display_name":"Kerem085"},"relative_dates":{"created":"Posted 5 rokov ago","modified":"Updated 3 roky ago"},"absolute_dates":{"created":"Posted on 14. septembra 2021","modified":"Updated on 14. j\u00fala 2023"},"absolute_dates_time":{"created":"Posted on 14. septembra 2021 13:12","modified":"Updated on 14. j\u00fala 2023 13:03"},"featured_img_caption":"","featured_img":false,"series_order":"","_links":{"self":[{"href":"https:\/\/lazru.com\/sk\/wp-json\/wp\/v2\/pages\/30","targetHints":{"allow":["GET"]}}],"collection":[{"href":"https:\/\/lazru.com\/sk\/wp-json\/wp\/v2\/pages"}],"about":[{"href":"https:\/\/lazru.com\/sk\/wp-json\/wp\/v2\/types\/page"}],"author":[{"embeddable":true,"href":"https:\/\/lazru.com\/sk\/wp-json\/wp\/v2\/users\/1"}],"replies":[{"embeddable":true,"href":"https:\/\/lazru.com\/sk\/wp-json\/wp\/v2\/comments?post=30"}],"version-history":[{"count":7,"href":"https:\/\/lazru.com\/sk\/wp-json\/wp\/v2\/pages\/30\/revisions"}],"predecessor-version":[{"id":33179,"href":"https:\/\/lazru.com\/sk\/wp-json\/wp\/v2\/pages\/30\/revisions\/33179"}],"wp:attachment":[{"href":"https:\/\/lazru.com\/sk\/wp-json\/wp\/v2\/media?parent=30"}],"curies":[{"name":"wp","href":"https:\/\/api.w.org\/{rel}","templated":true}]}}