{"id":141,"date":"2021-09-14T15:40:59","date_gmt":"2021-09-14T13:40:59","guid":{"rendered":"https:\/\/lazru.com\/?post_type=product&#038;p=141"},"modified":"2026-04-15T10:52:10","modified_gmt":"2026-04-15T08:52:10","slug":"wimpernserum-und-augenbrauenserum","status":"publish","type":"product","link":"https:\/\/lazru.com\/ro\/produs\/serum-pentru-gene-si-serum-pentru-gene-si-sprancene\/","title":{"rendered":"Ser Lazru"},"content":{"rendered":"<h2>Cerere:<\/h2>\n<p>Se utilizeaz\u0103 o dat\u0103 sau de dou\u0103 ori pe zi. Agita\u021bi bine \u00eenainte de utilizare. Aplica\u021bi o cantitate mic\u0103 cu grij\u0103 \u0219i uniform pe gene sau spr\u00e2ncene. Numai pentru uz extern. Evita\u021bi contactul direct cu ochii. A se p\u0103stra la temperatura camerei \u0219i departe de \u00eendem\u00e2na copiilor.<\/p>\n<h2><span style=\"color: #8a949c\">Treze\u0219te-\u021bi frumuse\u021bea cu Lazru: Pentru Gene irezistibile \u0219i Spr\u00e2ncene care atrag privirile!<\/span><\/h2>\n<p><a href=\"https:\/\/lazru.com\/wp-content\/uploads\/2026\/04\/lazru_anwendung.jpg\"><img loading=\"lazy\" decoding=\"async\" class=\"wp-image-18048 size-full\" src=\"https:\/\/lazru.com\/wp-content\/uploads\/2026\/04\/lazru_anwendung.jpg\" alt=\"Lazru\" width=\"2000\" height=\"1080\" \/><\/a><\/p>\n<p>Imagina\u021bi-v\u0103 c\u0103 pute\u021bi \u00eent\u0103ri \u0219i revitaliza genele \u0219i spr\u00e2ncenele slabe cu un singur produs. Lazru face acest lucru posibil! Rezultatul unei cercet\u0103ri \u0219i dezvolt\u0103ri extinse, serul nostru revolu\u021bionar con\u021bine un amestec foarte concentrat de 67 de ingrediente naturale care pot ajuta la hr\u0103nirea, \u00eent\u0103rirea \u0219i promovarea cre\u0219terii genelor \u0219i spr\u00e2ncenelor.<\/p>\n<p>Unul dintre lucrurile care fac ca Lazru s\u0103 fie special este evitarea deliberat\u0103 a hormonului prostaglandin\u0103 \u0219i a deriva\u021bilor de prostaglandin\u0103. Unele produse de pe pia\u021b\u0103 con\u021bin aceste substan\u021be, care pot stimula cre\u0219terea p\u0103rului, dar sunt asociate, de asemenea, cu o serie de efecte secundare poten\u021biale, inclusiv ro\u0219ea\u021b\u0103, irita\u021bie \u0219i decolorarea pielii. Prin urmare, acestea nu sunt potrivite pentru toat\u0103 lumea, \u00een special pentru cei cu pielea sensibil\u0103 sau cu un sistem imunitar slab, precum \u0219i pentru femeile \u00eens\u0103rcinate \u0219i cele care al\u0103pteaz\u0103. Lazru, pe de alt\u0103 parte, este 100% f\u0103r\u0103 hormoni, ceea ce \u00eenseamn\u0103 c\u0103 nu prezint\u0103 aceste riscuri.<\/p>\n<p>Cu Lazru, beneficia\u021bi de puterea \u0219tiin\u021bei \u0219i a naturii. Bogat \u00een extracte de plante, uleiuri naturale, vitamine \u0219i aminoacizi, serul nostru folose\u0219te metode de fabrica\u021bie inovatoare, cum ar fi fermentarea \u0219i tehnologia lipozomal\u0103, pentru a se asigura c\u0103 ingredientele active sunt livrate \u00een mod specific la r\u0103d\u0103cina p\u0103rului.<\/p>\n<p>Lazru este, de asemenea, 100% f\u0103r\u0103 formaldehid\u0103, ftala\u021bi, sulfa\u021bi, parabeni, siliconi \u0219i uleiuri minerale \u0219i este conceput pentru a fi sigur \u0219i bl\u00e2nd cu pielea.<\/p>\n<p>Deci, de ce s\u0103 tr\u0103ie\u0219ti cu gene \u0219i spr\u00e2ncene slabe \u0219i sub\u021biri c\u00e2nd le po\u021bi \u00eent\u0103ri \u0219i revitaliza cu Lazru? \u00cencearc\u0103 serul nostru \u0219i vezi cu ochii t\u0103i cum elibereaz\u0103 poten\u021bialul natural al genelor \u0219i spr\u00e2ncenelor tale!<\/p>\n<h2>\u00cenainte\/Dup\u0103:<\/h2>\n<p>V\u0103 rug\u0103m s\u0103 trimite\u021bi fotografiile dumneavoastr\u0103 la support@lazru.com<\/p>\n<p><img loading=\"lazy\" decoding=\"async\" class=\"alignnone size-medium wp-image-54\" src=\"https:\/\/lazru.com\/wp-content\/uploads\/2021\/09\/Lazru-06-300x290.jpg\" alt=\"\" width=\"300\" height=\"290\" srcset=\"https:\/\/lazru.com\/wp-content\/uploads\/2021\/09\/Lazru-06-300x290.jpg 300w, https:\/\/lazru.com\/wp-content\/uploads\/2021\/09\/Lazru-06-600x580.jpg 600w, https:\/\/lazru.com\/wp-content\/uploads\/2021\/09\/Lazru-06.jpg 696w\" sizes=\"auto, (max-width: 300px) 100vw, 300px\" \/><\/p>\n<p><img loading=\"lazy\" decoding=\"async\" class=\"size-medium wp-image-79\" src=\"https:\/\/lazru.com\/wp-content\/uploads\/2021\/09\/Lazru-05-300x290.jpg\" alt=\"Experien\u021ba Lazru\" width=\"300\" height=\"290\" srcset=\"https:\/\/lazru.com\/wp-content\/uploads\/2021\/09\/Lazru-05-300x290.jpg 300w, https:\/\/lazru.com\/wp-content\/uploads\/2021\/09\/Lazru-05-600x580.jpg 600w, https:\/\/lazru.com\/wp-content\/uploads\/2021\/09\/Lazru-05.jpg 696w\" sizes=\"auto, (max-width: 300px) 100vw, 300px\" \/><\/p>\n<p><img loading=\"lazy\" decoding=\"async\" class=\"size-medium wp-image-77\" src=\"https:\/\/lazru.com\/wp-content\/uploads\/2021\/09\/Lazru-07-1-300x290.jpg\" alt=\"Experien\u021be Lazru\" width=\"300\" height=\"290\" srcset=\"https:\/\/lazru.com\/wp-content\/uploads\/2021\/09\/Lazru-07-1-300x290.jpg 300w, https:\/\/lazru.com\/wp-content\/uploads\/2021\/09\/Lazru-07-1-600x580.jpg 600w, https:\/\/lazru.com\/wp-content\/uploads\/2021\/09\/Lazru-07-1.jpg 696w\" sizes=\"auto, (max-width: 300px) 100vw, 300px\" \/><\/p>","protected":false},"excerpt":{"rendered":"<p class=\"p1\"><span class=\"s1\">Ser Gene &amp; Ser Sprancene<br \/>\n<span style=\"color: #5bc98b\"><strong>Nou: formulare lipozomal\u0103!<\/strong><\/span><\/span><\/p>\n<ul>\n<li>Cre\u0219terea Gene<\/li>\n<li>Cre\u0219terea Sprancene<\/li>\n<li>F\u0103r\u0103 hormoni<\/li>\n<li>F\u0103r\u0103 prostaglandine<\/li>\n<li>Testat dermatologic<\/li>\n<\/ul>\n<p><img loading=\"lazy\" decoding=\"async\" class=\"alignnone wp-image-48\" src=\"https:\/\/lazru.com\/wp-content\/uploads\/2021\/09\/Lo-2.jpg\" alt=\"\" width=\"283\" height=\"25\" srcset=\"https:\/\/lazru.com\/wp-content\/uploads\/2021\/09\/Lo-2.jpg 941w, https:\/\/lazru.com\/wp-content\/uploads\/2021\/09\/Lo-2-600x53.jpg 600w, https:\/\/lazru.com\/wp-content\/uploads\/2021\/09\/Lo-2-300x26.jpg 300w, https:\/\/lazru.com\/wp-content\/uploads\/2021\/09\/Lo-2-768x68.jpg 768w\" sizes=\"auto, (max-width: 283px) 100vw, 283px\" \/><\/p>\n<p><a href=\"https:\/\/lazru.com\/wp-content\/uploads\/2022\/06\/Lazru-EN.jpg\"><img loading=\"lazy\" decoding=\"async\" class=\"wp-image-2445\" src=\"https:\/\/lazru.com\/wp-content\/uploads\/2022\/06\/Lazru-EN.jpg\" alt=\"Testul Lazru\" width=\"170\" height=\"106\" srcset=\"https:\/\/lazru.com\/wp-content\/uploads\/2022\/06\/Lazru-EN.jpg 407w, https:\/\/lazru.com\/wp-content\/uploads\/2022\/06\/Lazru-EN-300x187.jpg 300w, https:\/\/lazru.com\/wp-content\/uploads\/2022\/06\/Lazru-EN-18x12.jpg 18w\" sizes=\"auto, (max-width: 170px) 100vw, 170px\" \/><\/a><\/p>","protected":false},"featured_media":44275,"template":"","meta":[],"product_brand":[],"product_cat":[201],"product_tag":[43,42],"class_list":{"0":"post-141","1":"product","2":"type-product","3":"status-publish","4":"has-post-thumbnail","6":"product_cat-cosmetic","7":"product_tag-augenbrauenserum","8":"product_tag-wimpernserum","10":"first","11":"instock","12":"taxable","13":"shipping-taxable","14":"purchasable","15":"product-type-simple"},"yoast_head":"<!-- This site is optimized with the Yoast SEO Premium plugin v23.4 (Yoast SEO v27.4) - https:\/\/yoast.com\/product\/yoast-seo-premium-wordpress\/ -->\n<title>Lazru Serum<\/title>\n<meta name=\"description\" content=\"Lazru kaufen! Das Wimpernserum und Augenbrauenserum ohne Hormone. Jetzt im Angebot. Wenig verf\u00fcgbar. Schnelle Lieferung!\" \/>\n<meta name=\"robots\" content=\"index, follow, max-snippet:-1, max-image-preview:large, max-video-preview:-1\" \/>\n<link rel=\"canonical\" href=\"https:\/\/lazru.com\/ro\/produs\/serum-pentru-gene-si-serum-pentru-gene-si-sprancene\/\" \/>\n<meta property=\"og:locale\" content=\"ro_RO\" \/>\n<meta property=\"og:type\" content=\"article\" \/>\n<meta property=\"og:title\" content=\"Lazru Serum\" \/>\n<meta property=\"og:description\" content=\"Lazru kaufen! Das Wimpernserum und Augenbrauenserum ohne Hormone. Jetzt im Angebot. Wenig verf\u00fcgbar. Schnelle Lieferung!\" \/>\n<meta property=\"og:url\" content=\"https:\/\/lazru.com\/ro\/produs\/serum-pentru-gene-si-serum-pentru-gene-si-sprancene\/\" \/>\n<meta property=\"og:site_name\" content=\"LAZRU\" \/>\n<meta property=\"article:modified_time\" content=\"2026-04-15T08:52:10+00:00\" \/>\n<meta property=\"og:image\" content=\"https:\/\/lazru.com\/wp-content\/uploads\/2021\/09\/laz01.jpg\" \/>\n\t<meta property=\"og:image:width\" content=\"800\" \/>\n\t<meta property=\"og:image:height\" content=\"800\" \/>\n\t<meta property=\"og:image:type\" content=\"image\/jpeg\" \/>\n<meta name=\"twitter:card\" content=\"summary_large_image\" \/>\n<meta name=\"twitter:label1\" content=\"Timp estimat pentru citire\" \/>\n\t<meta name=\"twitter:data1\" content=\"3 minute\" \/>\n<script type=\"application\/ld+json\" class=\"yoast-schema-graph\">{\"@context\":\"https:\\\/\\\/schema.org\",\"@graph\":[{\"@type\":\"WebPage\",\"@id\":\"https:\\\/\\\/lazru.com\\\/produkt\\\/wimpernserum-und-augenbrauenserum\\\/\",\"url\":\"https:\\\/\\\/lazru.com\\\/produkt\\\/wimpernserum-und-augenbrauenserum\\\/\",\"name\":\"Lazru Serum\",\"isPartOf\":{\"@id\":\"https:\\\/\\\/lazru.com\\\/es\\\/#website\"},\"primaryImageOfPage\":{\"@id\":\"https:\\\/\\\/lazru.com\\\/produkt\\\/wimpernserum-und-augenbrauenserum\\\/#primaryimage\"},\"image\":{\"@id\":\"https:\\\/\\\/lazru.com\\\/produkt\\\/wimpernserum-und-augenbrauenserum\\\/#primaryimage\"},\"thumbnailUrl\":\"https:\\\/\\\/lazru.com\\\/wp-content\\\/uploads\\\/2021\\\/09\\\/laz01.jpg\",\"datePublished\":\"2021-09-14T13:40:59+00:00\",\"dateModified\":\"2026-04-15T08:52:10+00:00\",\"description\":\"Lazru kaufen! Das Wimpernserum und Augenbrauenserum ohne Hormone. Jetzt im Angebot. Wenig verf\u00fcgbar. Schnelle Lieferung!\",\"breadcrumb\":{\"@id\":\"https:\\\/\\\/lazru.com\\\/produkt\\\/wimpernserum-und-augenbrauenserum\\\/#breadcrumb\"},\"inLanguage\":\"ro-RO\",\"potentialAction\":[{\"@type\":\"ReadAction\",\"target\":[\"https:\\\/\\\/lazru.com\\\/produkt\\\/wimpernserum-und-augenbrauenserum\\\/\"]}]},{\"@type\":\"ImageObject\",\"inLanguage\":\"ro-RO\",\"@id\":\"https:\\\/\\\/lazru.com\\\/produkt\\\/wimpernserum-und-augenbrauenserum\\\/#primaryimage\",\"url\":\"https:\\\/\\\/lazru.com\\\/wp-content\\\/uploads\\\/2021\\\/09\\\/laz01.jpg\",\"contentUrl\":\"https:\\\/\\\/lazru.com\\\/wp-content\\\/uploads\\\/2021\\\/09\\\/laz01.jpg\",\"width\":800,\"height\":800,\"caption\":\"lazru\"},{\"@type\":\"BreadcrumbList\",\"@id\":\"https:\\\/\\\/lazru.com\\\/produkt\\\/wimpernserum-und-augenbrauenserum\\\/#breadcrumb\",\"itemListElement\":[{\"@type\":\"ListItem\",\"position\":1,\"name\":\"LAZRU\",\"item\":\"https:\\\/\\\/lazru.com\\\/\"},{\"@type\":\"ListItem\",\"position\":2,\"name\":\"Shop\",\"item\":\"https:\\\/\\\/lazru.com\\\/es\\\/shop\\\/\"},{\"@type\":\"ListItem\",\"position\":3,\"name\":\"Wimpernserum & Augenbrauenserum\"}]},{\"@type\":\"WebSite\",\"@id\":\"https:\\\/\\\/lazru.com\\\/es\\\/#website\",\"url\":\"https:\\\/\\\/lazru.com\\\/es\\\/\",\"name\":\"LAZRU\",\"description\":\"Wimpernserum &amp; Augenbrauenserum\",\"publisher\":{\"@id\":\"https:\\\/\\\/lazru.com\\\/es\\\/#organization\"},\"potentialAction\":[{\"@type\":\"SearchAction\",\"target\":{\"@type\":\"EntryPoint\",\"urlTemplate\":\"https:\\\/\\\/lazru.com\\\/es\\\/?s={search_term_string}\"},\"query-input\":{\"@type\":\"PropertyValueSpecification\",\"valueRequired\":true,\"valueName\":\"search_term_string\"}}],\"inLanguage\":\"ro-RO\"},{\"@type\":\"Organization\",\"@id\":\"https:\\\/\\\/lazru.com\\\/es\\\/#organization\",\"name\":\"LAZRU\",\"url\":\"https:\\\/\\\/lazru.com\\\/es\\\/\",\"logo\":{\"@type\":\"ImageObject\",\"inLanguage\":\"ro-RO\",\"@id\":\"https:\\\/\\\/lazru.com\\\/es\\\/#\\\/schema\\\/logo\\\/image\\\/\",\"url\":\"https:\\\/\\\/lazru.com\\\/wp-content\\\/uploads\\\/2021\\\/09\\\/cropped-lazru-wimpernserum-logo.png\",\"contentUrl\":\"https:\\\/\\\/lazru.com\\\/wp-content\\\/uploads\\\/2021\\\/09\\\/cropped-lazru-wimpernserum-logo.png\",\"width\":211,\"height\":97,\"caption\":\"LAZRU\"},\"image\":{\"@id\":\"https:\\\/\\\/lazru.com\\\/es\\\/#\\\/schema\\\/logo\\\/image\\\/\"},\"sameAs\":[\"https:\\\/\\\/www.instagram.com\\\/lazru_official\\\/\"]}]}<\/script>\n<!-- \/ Yoast SEO Premium plugin. -->","yoast_head_json":{"title":"Ser Lazru","description":"Cump\u0103ra\u021bi Lazru! Ser Gene &amp; Ser Sprancene f\u0103r\u0103 hormoni. Acum la v\u00e2nzare. Pu\u021bin disponibil. Livrare rapid\u0103!","robots":{"index":"index","follow":"follow","max-snippet":"max-snippet:-1","max-image-preview":"max-image-preview:large","max-video-preview":"max-video-preview:-1"},"canonical":"https:\/\/lazru.com\/ro\/produs\/serum-pentru-gene-si-serum-pentru-gene-si-sprancene\/","og_locale":"ro_RO","og_type":"article","og_title":"Lazru Serum","og_description":"Lazru kaufen! Das Wimpernserum und Augenbrauenserum ohne Hormone. Jetzt im Angebot. Wenig verf\u00fcgbar. Schnelle Lieferung!","og_url":"https:\/\/lazru.com\/ro\/produs\/serum-pentru-gene-si-serum-pentru-gene-si-sprancene\/","og_site_name":"LAZRU","article_modified_time":"2026-04-15T08:52:10+00:00","og_image":[{"width":800,"height":800,"url":"https:\/\/lazru.com\/wp-content\/uploads\/2021\/09\/laz01.jpg","type":"image\/jpeg"}],"twitter_card":"summary_large_image","twitter_misc":{"Timp estimat pentru citire":"3 minute"},"schema":{"@context":"https:\/\/schema.org","@graph":[{"@type":"WebPage","@id":"https:\/\/lazru.com\/produkt\/wimpernserum-und-augenbrauenserum\/","url":"https:\/\/lazru.com\/produkt\/wimpernserum-und-augenbrauenserum\/","name":"Ser Lazru","isPartOf":{"@id":"https:\/\/lazru.com\/es\/#website"},"primaryImageOfPage":{"@id":"https:\/\/lazru.com\/produkt\/wimpernserum-und-augenbrauenserum\/#primaryimage"},"image":{"@id":"https:\/\/lazru.com\/produkt\/wimpernserum-und-augenbrauenserum\/#primaryimage"},"thumbnailUrl":"https:\/\/lazru.com\/wp-content\/uploads\/2021\/09\/laz01.jpg","datePublished":"2021-09-14T13:40:59+00:00","dateModified":"2026-04-15T08:52:10+00:00","description":"Cump\u0103ra\u021bi Lazru! Ser Gene &amp; Ser Sprancene f\u0103r\u0103 hormoni. Acum la v\u00e2nzare. Pu\u021bin disponibil. Livrare rapid\u0103!","breadcrumb":{"@id":"https:\/\/lazru.com\/produkt\/wimpernserum-und-augenbrauenserum\/#breadcrumb"},"inLanguage":"ro-RO","potentialAction":[{"@type":"ReadAction","target":["https:\/\/lazru.com\/produkt\/wimpernserum-und-augenbrauenserum\/"]}]},{"@type":"ImageObject","inLanguage":"ro-RO","@id":"https:\/\/lazru.com\/produkt\/wimpernserum-und-augenbrauenserum\/#primaryimage","url":"https:\/\/lazru.com\/wp-content\/uploads\/2021\/09\/laz01.jpg","contentUrl":"https:\/\/lazru.com\/wp-content\/uploads\/2021\/09\/laz01.jpg","width":800,"height":800,"caption":"lazru"},{"@type":"BreadcrumbList","@id":"https:\/\/lazru.com\/produkt\/wimpernserum-und-augenbrauenserum\/#breadcrumb","itemListElement":[{"@type":"ListItem","position":1,"name":"LAZRU","item":"https:\/\/lazru.com\/"},{"@type":"ListItem","position":2,"name":"Shop","item":"https:\/\/lazru.com\/es\/shop\/"},{"@type":"ListItem","position":3,"name":"Wimpernserum & Augenbrauenserum"}]},{"@type":"WebSite","@id":"https:\/\/lazru.com\/es\/#website","url":"https:\/\/lazru.com\/es\/","name":"LAZRU","description":"Ser Gene &amp; Ser Sprancene","publisher":{"@id":"https:\/\/lazru.com\/es\/#organization"},"potentialAction":[{"@type":"SearchAction","target":{"@type":"EntryPoint","urlTemplate":"https:\/\/lazru.com\/es\/?s={search_term_string}"},"query-input":{"@type":"PropertyValueSpecification","valueRequired":true,"valueName":"search_term_string"}}],"inLanguage":"ro-RO"},{"@type":"Organization","@id":"https:\/\/lazru.com\/es\/#organization","name":"LAZRU","url":"https:\/\/lazru.com\/es\/","logo":{"@type":"ImageObject","inLanguage":"ro-RO","@id":"https:\/\/lazru.com\/es\/#\/schema\/logo\/image\/","url":"https:\/\/lazru.com\/wp-content\/uploads\/2021\/09\/cropped-lazru-wimpernserum-logo.png","contentUrl":"https:\/\/lazru.com\/wp-content\/uploads\/2021\/09\/cropped-lazru-wimpernserum-logo.png","width":211,"height":97,"caption":"LAZRU"},"image":{"@id":"https:\/\/lazru.com\/es\/#\/schema\/logo\/image\/"},"sameAs":["https:\/\/www.instagram.com\/lazru_official\/"]}]}},"_links":{"self":[{"href":"https:\/\/lazru.com\/ro\/wp-json\/wp\/v2\/product\/141","targetHints":{"allow":["GET"]}}],"collection":[{"href":"https:\/\/lazru.com\/ro\/wp-json\/wp\/v2\/product"}],"about":[{"href":"https:\/\/lazru.com\/ro\/wp-json\/wp\/v2\/types\/product"}],"wp:featuredmedia":[{"embeddable":true,"href":"https:\/\/lazru.com\/ro\/wp-json\/wp\/v2\/media\/44275"}],"wp:attachment":[{"href":"https:\/\/lazru.com\/ro\/wp-json\/wp\/v2\/media?parent=141"}],"wp:term":[{"taxonomy":"product_brand","embeddable":true,"href":"https:\/\/lazru.com\/ro\/wp-json\/wp\/v2\/product_brand?post=141"},{"taxonomy":"product_cat","embeddable":true,"href":"https:\/\/lazru.com\/ro\/wp-json\/wp\/v2\/product_cat?post=141"},{"taxonomy":"product_tag","embeddable":true,"href":"https:\/\/lazru.com\/ro\/wp-json\/wp\/v2\/product_tag?post=141"}],"curies":[{"name":"wp","href":"https:\/\/api.w.org\/{rel}","templated":true}]}}