{"id":71,"date":"2021-09-14T14:40:24","date_gmt":"2021-09-14T14:40:24","guid":{"rendered":"https:\/\/lazru.com\/?page_id=71"},"modified":"2021-09-23T15:32:17","modified_gmt":"2021-09-23T15:32:17","slug":"blog-sitemap","status":"publish","type":"page","link":"https:\/\/lazru.com\/ro\/blog-sitemap\/","title":{"rendered":"Blog sitemap"},"content":{"rendered":"<p>Hier finden Sie alle Beitr\u00e4ge rund um das Thema Wimpern und Augenbrauen, die wir in unserem Blog geschrieben haben. Schauen Sie sich in Ruhe um, es wird auch f\u00fcr Sie etwas Spannendes dabei sein.<\/p>\n\n\n<div class=\"wsp-container\"><h2 class=\"wsp-posts-title\">Posts by category<\/h2>\n<ul class=\"wsp-posts-list\">\n\t<li><strong class=\"wsp-category-title\">Category: <a href=\"https:\/\/lazru.com\/ro\/category\/augenbrauen\/\">Spr\u00e2ncenele<\/a><\/strong>\n<ul class=\"wsp-posts-list\">\t\t<li class=\"wsp-post\"><a href=\"https:\/\/lazru.com\/ro\/permanent-make-up-augenbrauen\/\">Machiaj permanent pentru spr\u00e2ncene<\/a><\/li>\n\t\t<li class=\"wsp-post\"><a href=\"https:\/\/lazru.com\/ro\/augenbrauen-faerben\/\">Vopsirea spr\u00e2ncenelor - a\u0219a se face!<\/a><\/li>\n\t\t<li class=\"wsp-post\"><a href=\"https:\/\/lazru.com\/ro\/rizinusoel-augenbrauen\/\">Iat\u0103 cum uleiul de ricin \u00ee\u021bi face spr\u00e2ncenele mai groase \u0219i mai frumoase!<\/a><\/li>\n\t\t<li class=\"wsp-post\"><a href=\"https:\/\/lazru.com\/ro\/buschige-augenbrauen\/\">Spr\u00e2ncenele stufoase - urmeaz\u0103 cu \u00eencredere tendin\u021ba<\/a><\/li>\n\t\t<li class=\"wsp-post\"><a href=\"https:\/\/lazru.com\/ro\/augebrauenserum-selber-machen\/\">F\u0103-\u021bi propriul ser pentru spr\u00e2ncene - iat\u0103 cum faci!<\/a><\/li>\n\t\t<li class=\"wsp-post\"><a href=\"https:\/\/lazru.com\/ro\/wimpernserum-schwangerschaft\/\">Serul de gene \u00een timpul sarcinii - iat\u0103 cum te poate ajuta!<\/a><\/li>\n\t\t<li class=\"wsp-post\"><a href=\"https:\/\/lazru.com\/ro\/duenne-augenbrauen\/\">Spr\u00e2ncene sub\u021biri - Cum s\u0103 \u00eent\u0103rim spr\u00e2ncenele p\u00e2n\u0103 la r\u0103d\u0103cini<\/a><\/li>\n\t\t<li class=\"wsp-post\"><a href=\"https:\/\/lazru.com\/ro\/augenbrauen-verdichten\/\">\u00cengro\u0219area spr\u00e2ncenelor: Aceste op\u021biuni sunt disponibile<\/a><\/li>\n\t\t<li class=\"wsp-post\"><a href=\"https:\/\/lazru.com\/ro\/augenbrauen-fallen-aus\/\">\u00ce\u021bi cad spr\u00e2ncenele - Aceasta poate fi cauza<\/a><\/li>\n\t\t<li class=\"wsp-post\"><a href=\"https:\/\/lazru.com\/ro\/epilarea-sprancenelor-not\/\">Spr\u00e2ncenele nu mai cresc - iat\u0103 ce po\u021bi face!<\/a><\/li>\n<\/ul><\/li>\n\t<li><strong class=\"wsp-category-title\">Category: <a href=\"https:\/\/lazru.com\/ro\/category\/behandlung\/\">Tratament<\/a><\/strong>\n<ul class=\"wsp-posts-list\">\t\t<li class=\"wsp-post\"><a href=\"https:\/\/lazru.com\/ro\/rizinusoel-wimpern\/\">Iat\u0103 cum uleiul de ricin \u00ee\u021bi face genele mai lungi \u0219i mai groase!<\/a><\/li>\n\t\t<li class=\"wsp-post\"><a href=\"https:\/\/lazru.com\/ro\/volle-wimpern-bekommen\/\">Ob\u021bine genele pline - iat\u0103 cum!<\/a><\/li>\n\t\t<li class=\"wsp-post\"><a href=\"https:\/\/lazru.com\/ro\/aplicarea-serului-de-gene\/\">Aplic\u0103 serul de gene - a\u0219a func\u021bioneaz\u0103!<\/a><\/li>\n<\/ul><\/li>\n\t<li><strong class=\"wsp-category-title\">Category: <a href=\"https:\/\/lazru.com\/ro\/category\/gesundheit\/\">S\u0103n\u0103tate<\/a><\/strong>\n<ul class=\"wsp-posts-list\">\t\t<li class=\"wsp-post\"><a href=\"https:\/\/lazru.com\/ro\/wimpern-faerben\/\">Vopsirea genelor: Iat\u0103 cum func\u021bioneaz\u0103!<\/a><\/li>\n\t\t<li class=\"wsp-post\"><a href=\"https:\/\/lazru.com\/ro\/gene-cadere-caderea-genelor\/\">Genele cad - ce po\u021bi face!<\/a><\/li>\n<\/ul><\/li>\n\t<li><strong class=\"wsp-category-title\">Category: <a href=\"https:\/\/lazru.com\/ro\/category\/wimpern\/\">Genele<\/a><\/strong>\n<ul class=\"wsp-posts-list\">\t\t<li class=\"wsp-post\"><a href=\"https:\/\/lazru.com\/ro\/ingrosarea-genelor\/\">Cum s\u0103 v\u0103 \u00eengro\u0219a\u021bi genele<\/a><\/li>\n\t\t<li class=\"wsp-post\"><a href=\"https:\/\/lazru.com\/ro\/wimpernlifting\/\">Cum func\u021bioneaz\u0103 un lifting al genelor<\/a><\/li>\n\t\t<li class=\"wsp-post\"><a href=\"https:\/\/lazru.com\/ro\/wimpern-auffuellen\/\">Umple\u021bi genele: Aceasta este frecven\u021ba cu care ar trebui s\u0103 v\u0103 retu\u0219a\u021bi extensiile!<\/a><\/li>\n\t\t<li class=\"wsp-post\"><a href=\"https:\/\/lazru.com\/ro\/magnet-wimpern\/\">O privire perfect\u0103 pentru ochi cu gene magnetice?<\/a><\/li>\n\t\t<li class=\"wsp-post\"><a href=\"https:\/\/lazru.com\/ro\/lange-wimpern\/\">Cum s\u0103 ob\u021bii gene lungi!<\/a><\/li>\n\t\t<li class=\"wsp-post\"><a href=\"https:\/\/lazru.com\/ro\/wimpern-extensions\/\">Totul despre extensiile de gene<\/a><\/li>\n\t\t<li class=\"wsp-post\"><a href=\"https:\/\/lazru.com\/ro\/wimpernverlaengerung\/\">Iat\u0103 care sunt avantajele \u0219i dezavantajele extensiilor de gene!<\/a><\/li>\n\t\t<li class=\"wsp-post\"><a href=\"https:\/\/lazru.com\/ro\/cum-cresterea-genelor-rapid\/\">C\u00e2t de repede cresc genele?<\/a><\/li>\n\t\t<li class=\"wsp-post\"><a href=\"https:\/\/lazru.com\/ro\/wimpernbooster\/\">Acestea sunt adev\u0103rate stimulente pentru gene!<\/a><\/li>\n\t\t<li class=\"wsp-post\"><a href=\"https:\/\/lazru.com\/ro\/wachsen-wimpern-nach\/\">Cresc genele \u00eenapoi?<\/a><\/li>\n\t\t<li class=\"wsp-post\"><a href=\"https:\/\/lazru.com\/ro\/kuenstliche-wimpern\/\">Genele artificiale sau mai degrab\u0103 nu?<\/a><\/li>\n\t\t<li class=\"wsp-post\"><a href=\"https:\/\/lazru.com\/ro\/ingrijirea-genelor\/\">\u00cengrijirea genelor - iat\u0103 cum func\u021bioneaz\u0103!<\/a><\/li>\n<\/ul><\/li>\n<\/ul>\n<\/div>","protected":false},"excerpt":{"rendered":"<p>Hier finden Sie alle Beitr\u00e4ge rund um das Thema Wimpern und Augenbrauen, die wir in unserem Blog geschrieben haben. Schauen Sie sich in Ruhe um, es wird auch f\u00fcr Sie [&hellip;]<\/p>","protected":false},"author":1,"featured_media":0,"parent":0,"menu_order":0,"comment_status":"closed","ping_status":"closed","template":"","meta":{"_uag_custom_page_level_css":"","advgb_blocks_editor_width":"","advgb_blocks_columns_visual_guide":"","site-sidebar-layout":"default","site-content-layout":"default","ast-site-content-layout":"default","site-content-style":"default","site-sidebar-style":"default","ast-global-header-display":"","ast-banner-title-visibility":"","ast-main-header-display":"","ast-hfb-above-header-display":"","ast-hfb-below-header-display":"","ast-hfb-mobile-header-display":"","site-post-title":"","ast-breadcrumbs-content":"","ast-featured-img":"","footer-sml-layout":"","ast-disable-related-posts":"","theme-transparent-header-meta":"default","adv-header-id-meta":"","stick-header-meta":"default","header-above-stick-meta":"","header-main-stick-meta":"","header-below-stick-meta":"","astra-migrate-meta-layouts":"default","ast-page-background-enabled":"default","ast-page-background-meta":{"desktop":{"background-color":"","background-image":"","background-repeat":"repeat","background-position":"center center","background-size":"auto","background-attachment":"scroll","background-type":"","background-media":"","overlay-type":"","overlay-color":"","overlay-opacity":"","overlay-gradient":""},"tablet":{"background-color":"","background-image":"","background-repeat":"repeat","background-position":"center center","background-size":"auto","background-attachment":"scroll","background-type":"","background-media":"","overlay-type":"","overlay-color":"","overlay-opacity":"","overlay-gradient":""},"mobile":{"background-color":"","background-image":"","background-repeat":"repeat","background-position":"center center","background-size":"auto","background-attachment":"scroll","background-type":"","background-media":"","overlay-type":"","overlay-color":"","overlay-opacity":"","overlay-gradient":""}},"ast-content-background-meta":{"desktop":{"background-color":"var(--ast-global-color-5)","background-image":"","background-repeat":"repeat","background-position":"center center","background-size":"auto","background-attachment":"scroll","background-type":"","background-media":"","overlay-type":"","overlay-color":"","overlay-opacity":"","overlay-gradient":""},"tablet":{"background-color":"var(--ast-global-color-5)","background-image":"","background-repeat":"repeat","background-position":"center center","background-size":"auto","background-attachment":"scroll","background-type":"","background-media":"","overlay-type":"","overlay-color":"","overlay-opacity":"","overlay-gradient":""},"mobile":{"background-color":"var(--ast-global-color-5)","background-image":"","background-repeat":"repeat","background-position":"center center","background-size":"auto","background-attachment":"scroll","background-type":"","background-media":"","overlay-type":"","overlay-color":"","overlay-opacity":"","overlay-gradient":""}},"footnotes":""},"class_list":["post-71","page","type-page","status-publish","hentry"],"featured_image_src":null,"yoast_head":"<!-- This site is optimized with the Yoast SEO Premium plugin v23.4 (Yoast SEO v26.6) - https:\/\/yoast.com\/wordpress\/plugins\/seo\/ -->\n<title>Blog-Sitemap - LAZRU<\/title>\n<meta name=\"robots\" content=\"noindex, follow\" \/>\n<meta property=\"og:locale\" content=\"ro_RO\" \/>\n<meta property=\"og:type\" content=\"article\" \/>\n<meta property=\"og:title\" content=\"Blog-Sitemap\" \/>\n<meta property=\"og:description\" content=\"Hier finden Sie alle Beitr\u00e4ge rund um das Thema Wimpern und Augenbrauen, die wir in unserem Blog geschrieben haben. Schauen Sie sich in Ruhe um, es wird auch f\u00fcr Sie [&hellip;]\" \/>\n<meta property=\"og:url\" content=\"https:\/\/lazru.com\/ro\/blog-sitemap\/\" \/>\n<meta property=\"og:site_name\" content=\"LAZRU\" \/>\n<meta property=\"article:modified_time\" content=\"2021-09-23T15:32:17+00:00\" \/>\n<meta name=\"twitter:card\" content=\"summary_large_image\" \/>\n<meta name=\"twitter:label1\" content=\"Timp estimat pentru citire\" \/>\n\t<meta name=\"twitter:data1\" content=\"1 minut\" \/>\n<script type=\"application\/ld+json\" class=\"yoast-schema-graph\">{\"@context\":\"https:\/\/schema.org\",\"@graph\":[{\"@type\":\"WebPage\",\"@id\":\"https:\/\/lazru.com\/nl\/blog-sitemap\/\",\"url\":\"https:\/\/lazru.com\/nl\/blog-sitemap\/\",\"name\":\"Blog-Sitemap - LAZRU\",\"isPartOf\":{\"@id\":\"https:\/\/lazru.com\/es\/#website\"},\"datePublished\":\"2021-09-14T14:40:24+00:00\",\"dateModified\":\"2021-09-23T15:32:17+00:00\",\"breadcrumb\":{\"@id\":\"https:\/\/lazru.com\/nl\/blog-sitemap\/#breadcrumb\"},\"inLanguage\":\"ro-RO\",\"potentialAction\":[{\"@type\":\"ReadAction\",\"target\":[\"https:\/\/lazru.com\/nl\/blog-sitemap\/\"]}]},{\"@type\":\"BreadcrumbList\",\"@id\":\"https:\/\/lazru.com\/nl\/blog-sitemap\/#breadcrumb\",\"itemListElement\":[{\"@type\":\"ListItem\",\"position\":1,\"name\":\"LAZRU\",\"item\":\"https:\/\/lazru.com\/\"},{\"@type\":\"ListItem\",\"position\":2,\"name\":\"Blog-Sitemap\"}]},{\"@type\":\"WebSite\",\"@id\":\"https:\/\/lazru.com\/es\/#website\",\"url\":\"https:\/\/lazru.com\/es\/\",\"name\":\"LAZRU\",\"description\":\"Wimpernserum &amp; Augenbrauenserum\",\"publisher\":{\"@id\":\"https:\/\/lazru.com\/es\/#organization\"},\"potentialAction\":[{\"@type\":\"SearchAction\",\"target\":{\"@type\":\"EntryPoint\",\"urlTemplate\":\"https:\/\/lazru.com\/es\/?s={search_term_string}\"},\"query-input\":{\"@type\":\"PropertyValueSpecification\",\"valueRequired\":true,\"valueName\":\"search_term_string\"}}],\"inLanguage\":\"ro-RO\"},{\"@type\":\"Organization\",\"@id\":\"https:\/\/lazru.com\/es\/#organization\",\"name\":\"LAZRU\",\"url\":\"https:\/\/lazru.com\/es\/\",\"logo\":{\"@type\":\"ImageObject\",\"inLanguage\":\"ro-RO\",\"@id\":\"https:\/\/lazru.com\/es\/#\/schema\/logo\/image\/\",\"url\":\"https:\/\/lazru.com\/wp-content\/uploads\/2021\/09\/cropped-lazru-wimpernserum-logo.png\",\"contentUrl\":\"https:\/\/lazru.com\/wp-content\/uploads\/2021\/09\/cropped-lazru-wimpernserum-logo.png\",\"width\":211,\"height\":97,\"caption\":\"LAZRU\"},\"image\":{\"@id\":\"https:\/\/lazru.com\/es\/#\/schema\/logo\/image\/\"},\"sameAs\":[\"https:\/\/www.instagram.com\/lazru_official\/\"]}]}<\/script>\n<!-- \/ Yoast SEO Premium plugin. -->","yoast_head_json":{"title":"Blog-Sitemap - LAZRU","robots":{"index":"noindex","follow":"follow"},"og_locale":"ro_RO","og_type":"article","og_title":"Blog-Sitemap","og_description":"Hier finden Sie alle Beitr\u00e4ge rund um das Thema Wimpern und Augenbrauen, die wir in unserem Blog geschrieben haben. Schauen Sie sich in Ruhe um, es wird auch f\u00fcr Sie [&hellip;]","og_url":"https:\/\/lazru.com\/ro\/blog-sitemap\/","og_site_name":"LAZRU","article_modified_time":"2021-09-23T15:32:17+00:00","twitter_card":"summary_large_image","twitter_misc":{"Timp estimat pentru citire":"1 minut"},"schema":{"@context":"https:\/\/schema.org","@graph":[{"@type":"WebPage","@id":"https:\/\/lazru.com\/nl\/blog-sitemap\/","url":"https:\/\/lazru.com\/nl\/blog-sitemap\/","name":"Blog-Sitemap - LAZRU","isPartOf":{"@id":"https:\/\/lazru.com\/es\/#website"},"datePublished":"2021-09-14T14:40:24+00:00","dateModified":"2021-09-23T15:32:17+00:00","breadcrumb":{"@id":"https:\/\/lazru.com\/nl\/blog-sitemap\/#breadcrumb"},"inLanguage":"ro-RO","potentialAction":[{"@type":"ReadAction","target":["https:\/\/lazru.com\/nl\/blog-sitemap\/"]}]},{"@type":"BreadcrumbList","@id":"https:\/\/lazru.com\/nl\/blog-sitemap\/#breadcrumb","itemListElement":[{"@type":"ListItem","position":1,"name":"LAZRU","item":"https:\/\/lazru.com\/"},{"@type":"ListItem","position":2,"name":"Blog-Sitemap"}]},{"@type":"WebSite","@id":"https:\/\/lazru.com\/es\/#website","url":"https:\/\/lazru.com\/es\/","name":"LAZRU","description":"Ser Gene &amp; Ser Sprancene","publisher":{"@id":"https:\/\/lazru.com\/es\/#organization"},"potentialAction":[{"@type":"SearchAction","target":{"@type":"EntryPoint","urlTemplate":"https:\/\/lazru.com\/es\/?s={search_term_string}"},"query-input":{"@type":"PropertyValueSpecification","valueRequired":true,"valueName":"search_term_string"}}],"inLanguage":"ro-RO"},{"@type":"Organization","@id":"https:\/\/lazru.com\/es\/#organization","name":"LAZRU","url":"https:\/\/lazru.com\/es\/","logo":{"@type":"ImageObject","inLanguage":"ro-RO","@id":"https:\/\/lazru.com\/es\/#\/schema\/logo\/image\/","url":"https:\/\/lazru.com\/wp-content\/uploads\/2021\/09\/cropped-lazru-wimpernserum-logo.png","contentUrl":"https:\/\/lazru.com\/wp-content\/uploads\/2021\/09\/cropped-lazru-wimpernserum-logo.png","width":211,"height":97,"caption":"LAZRU"},"image":{"@id":"https:\/\/lazru.com\/es\/#\/schema\/logo\/image\/"},"sameAs":["https:\/\/www.instagram.com\/lazru_official\/"]}]}},"uagb_featured_image_src":{"full":false,"thumbnail":false,"medium":false,"medium_large":false,"large":false,"1536x1536":false,"2048x2048":false,"trp-custom-language-flag":false,"woocommerce_thumbnail":false,"woocommerce_single":false,"woocommerce_gallery_thumbnail":false,"crp_thumbnail":false},"uagb_author_info":{"display_name":"Kerem085","author_link":"https:\/\/lazru.com\/ro\/author\/kerem085\/"},"uagb_comment_info":0,"uagb_excerpt":"Hier finden Sie alle Beitr\u00e4ge rund um das Thema Wimpern und Augenbrauen, die wir in unserem Blog geschrieben haben. Schauen Sie sich in Ruhe um, es wird auch f\u00fcr Sie [&hellip;]","coauthors":[],"author_meta":{"author_link":"https:\/\/lazru.com\/ro\/author\/kerem085\/","display_name":"Kerem085"},"relative_dates":{"created":"Posted 5 ani ago","modified":"Updated 5 ani ago"},"absolute_dates":{"created":"Posted on 14. septembrie 2021","modified":"Updated on 23. septembrie 2021"},"absolute_dates_time":{"created":"Posted on 14. septembrie 2021 14:40","modified":"Updated on 23. septembrie 2021 15:32"},"featured_img_caption":"","featured_img":false,"series_order":"","_links":{"self":[{"href":"https:\/\/lazru.com\/ro\/wp-json\/wp\/v2\/pages\/71","targetHints":{"allow":["GET"]}}],"collection":[{"href":"https:\/\/lazru.com\/ro\/wp-json\/wp\/v2\/pages"}],"about":[{"href":"https:\/\/lazru.com\/ro\/wp-json\/wp\/v2\/types\/page"}],"author":[{"embeddable":true,"href":"https:\/\/lazru.com\/ro\/wp-json\/wp\/v2\/users\/1"}],"replies":[{"embeddable":true,"href":"https:\/\/lazru.com\/ro\/wp-json\/wp\/v2\/comments?post=71"}],"version-history":[{"count":0,"href":"https:\/\/lazru.com\/ro\/wp-json\/wp\/v2\/pages\/71\/revisions"}],"wp:attachment":[{"href":"https:\/\/lazru.com\/ro\/wp-json\/wp\/v2\/media?parent=71"}],"curies":[{"name":"wp","href":"https:\/\/api.w.org\/{rel}","templated":true}]}}