{"id":73,"date":"2021-09-14T14:40:52","date_gmt":"2021-09-14T14:40:52","guid":{"rendered":"https:\/\/lazru.com\/?page_id=73"},"modified":"2023-08-24T15:41:35","modified_gmt":"2023-08-24T13:41:35","slug":"erfahrungen","status":"publish","type":"page","link":"https:\/\/lazru.com\/pt\/erfahrungen\/","title":{"rendered":"Experi\u00eancias"},"content":{"rendered":"<div class=\"wp-block-cover alignfull is-light has-custom-content-position is-position-bottom-center\" style=\"min-height:349px;aspect-ratio:unset;\"><span aria-hidden=\"true\" class=\"wp-block-cover__background has-background-dim-20 has-background-dim\"><\/span><img loading=\"lazy\" decoding=\"async\" width=\"2000\" height=\"1111\" class=\"wp-block-cover__image-background wp-image-75\" alt=\"\" src=\"https:\/\/lazru.com\/wp-content\/uploads\/2021\/09\/Lazru-Erfahrung.jpg\" style=\"object-position:49% 63%\" data-object-fit=\"cover\" data-object-position=\"49% 63%\" srcset=\"https:\/\/lazru.com\/wp-content\/uploads\/2021\/09\/Lazru-Erfahrung.jpg 2000w, https:\/\/lazru.com\/wp-content\/uploads\/2021\/09\/Lazru-Erfahrung-600x333.jpg 600w, https:\/\/lazru.com\/wp-content\/uploads\/2021\/09\/Lazru-Erfahrung-300x167.jpg 300w, https:\/\/lazru.com\/wp-content\/uploads\/2021\/09\/Lazru-Erfahrung-1024x569.jpg 1024w, https:\/\/lazru.com\/wp-content\/uploads\/2021\/09\/Lazru-Erfahrung-768x427.jpg 768w, https:\/\/lazru.com\/wp-content\/uploads\/2021\/09\/Lazru-Erfahrung-1536x853.jpg 1536w\" sizes=\"auto, (max-width: 2000px) 100vw, 2000px\" \/><div class=\"wp-block-cover__inner-container is-layout-flow wp-block-cover-is-layout-flow\">\n<h1 class=\"wp-block-heading has-text-align-center has-ast-global-color-5-color has-text-color\" id=\"h-lazru-erfahrungen\">Experi\u00eancia com a Lazru<\/h1>\n\n\n\n<p class=\"has-text-align-center has-ast-global-color-5-color has-text-color\">Crescimento Pestanas &amp; Sobrancelhas<\/p>\n<\/div><\/div>\n\n\n\n<div style=\"height:49px\" aria-hidden=\"true\" class=\"wp-block-spacer\"><\/div>\n\n\n\n<p><em><strong><em><strong>Antes \/ Depois<\/strong>&nbsp;Imagens abaixo.<\/em><\/strong><\/em><\/p>\n\n\n\n<p>Experi\u00eancia Lazru: A transpar\u00eancia \u00e9 importante para n\u00f3s. Por isso, pedimos aos nossos clientes que tirem fotografias antes\/depois e partilhem as suas experi\u00eancias connosco.<\/p>\n\n\n\n<p>Estamos muito satisfeitos por o Lazru ter ajudado muitas pessoas a recuperar a confian\u00e7a nas suas pestanas e sobrancelhas. O feedback positivo dos nossos clientes confirma o nosso empenho e motiva-nos a desenvolver e oferecer continuamente produtos inovadores para o cuidado e fortalecimento das pestanas e sobrancelhas.<\/p>\n\n\n\n<p>Partilhe connosco a sua fotografia antes\/depois: support@lazru.com<\/p>\n\n\n\n<p>Os resultados individuais podem variar e n\u00e3o s\u00e3o garantidos.<\/p>\n\n\n\n<figure class=\"wp-block-image aligncenter size-full is-resized\"><a href=\"https:\/\/lazru.com\/wp-content\/uploads\/2022\/06\/Lazru-EN.jpg\"><img loading=\"lazy\" decoding=\"async\" src=\"https:\/\/lazru.com\/wp-content\/uploads\/2022\/06\/Lazru-EN.jpg\" alt=\"Teste de Lazru\" class=\"wp-image-2485\" style=\"width:157px;height:98px\" width=\"157\" height=\"98\" srcset=\"https:\/\/lazru.com\/wp-content\/uploads\/2022\/06\/Lazru-EN.jpg 407w, https:\/\/lazru.com\/wp-content\/uploads\/2022\/06\/Lazru-EN-300x187.jpg 300w, https:\/\/lazru.com\/wp-content\/uploads\/2022\/06\/Lazru-EN-18x12.jpg 18w\" sizes=\"auto, (max-width: 157px) 100vw, 157px\" \/><\/a><\/figure>\n\n\n\n<div style=\"height:21px\" aria-hidden=\"true\" class=\"wp-block-spacer\"><\/div>\n\n\n\n<div style=\"height:10px\" aria-hidden=\"true\" class=\"wp-block-spacer\"><\/div>\n\n\n\n<figure class=\"wp-block-image aligncenter size-full is-resized\"><img loading=\"lazy\" decoding=\"async\" src=\"https:\/\/lazru.com\/wp-content\/uploads\/2021\/09\/Lazru-07-1.jpg\" alt=\"Experi\u00eancias Lazru\" class=\"wp-image-77\" style=\"width:439px;height:425px\" width=\"439\" height=\"425\" srcset=\"https:\/\/lazru.com\/wp-content\/uploads\/2021\/09\/Lazru-07-1.jpg 696w, https:\/\/lazru.com\/wp-content\/uploads\/2021\/09\/Lazru-07-1-600x580.jpg 600w, https:\/\/lazru.com\/wp-content\/uploads\/2021\/09\/Lazru-07-1-300x290.jpg 300w\" sizes=\"auto, (max-width: 439px) 100vw, 439px\" \/><\/figure>\n\n\n\n<figure class=\"wp-block-image aligncenter size-full is-resized\"><img loading=\"lazy\" decoding=\"async\" src=\"https:\/\/lazru.com\/wp-content\/uploads\/2021\/09\/Lazru-01.jpg\" alt=\"Teste de Lazru\" class=\"wp-image-78\" style=\"object-fit:cover;width:439px;height:425px\" width=\"439\" height=\"425\" srcset=\"https:\/\/lazru.com\/wp-content\/uploads\/2021\/09\/Lazru-01.jpg 696w, https:\/\/lazru.com\/wp-content\/uploads\/2021\/09\/Lazru-01-600x580.jpg 600w, https:\/\/lazru.com\/wp-content\/uploads\/2021\/09\/Lazru-01-300x290.jpg 300w\" sizes=\"auto, (max-width: 439px) 100vw, 439px\" \/><\/figure>\n\n\n\n<figure class=\"wp-block-image aligncenter size-full is-resized\"><img loading=\"lazy\" decoding=\"async\" src=\"https:\/\/lazru.com\/wp-content\/uploads\/2021\/09\/Lazru-05.jpg\" alt=\"Experi\u00eancia Lazru\" class=\"wp-image-79\" style=\"object-fit:cover;width:439px;height:425px\" width=\"439\" height=\"425\" srcset=\"https:\/\/lazru.com\/wp-content\/uploads\/2021\/09\/Lazru-05.jpg 696w, https:\/\/lazru.com\/wp-content\/uploads\/2021\/09\/Lazru-05-600x580.jpg 600w, https:\/\/lazru.com\/wp-content\/uploads\/2021\/09\/Lazru-05-300x290.jpg 300w\" sizes=\"auto, (max-width: 439px) 100vw, 439px\" \/><\/figure>\n\n\n\n<figure class=\"wp-block-image aligncenter size-full is-resized\"><img loading=\"lazy\" decoding=\"async\" src=\"https:\/\/lazru.com\/wp-content\/uploads\/2021\/09\/Lazru-02.jpg\" alt=\"Efeito Lazru\" class=\"wp-image-80\" style=\"object-fit:cover;width:439px;height:425px\" width=\"439\" height=\"425\" srcset=\"https:\/\/lazru.com\/wp-content\/uploads\/2021\/09\/Lazru-02.jpg 696w, https:\/\/lazru.com\/wp-content\/uploads\/2021\/09\/Lazru-02-600x580.jpg 600w, https:\/\/lazru.com\/wp-content\/uploads\/2021\/09\/Lazru-02-300x290.jpg 300w\" sizes=\"auto, (max-width: 439px) 100vw, 439px\" \/><\/figure>\n\n\n\n<figure class=\"wp-block-image aligncenter size-full is-resized\"><img loading=\"lazy\" decoding=\"async\" src=\"https:\/\/lazru.com\/wp-content\/uploads\/2021\/09\/Lazru-06-1.jpg\" alt=\"Experi\u00eancia Lazru\" class=\"wp-image-81\" style=\"object-fit:cover;width:439px;height:425px\" width=\"439\" height=\"425\" srcset=\"https:\/\/lazru.com\/wp-content\/uploads\/2021\/09\/Lazru-06-1.jpg 696w, https:\/\/lazru.com\/wp-content\/uploads\/2021\/09\/Lazru-06-1-600x580.jpg 600w, https:\/\/lazru.com\/wp-content\/uploads\/2021\/09\/Lazru-06-1-300x290.jpg 300w\" sizes=\"auto, (max-width: 439px) 100vw, 439px\" \/><\/figure>\n\n\n\n<figure class=\"wp-block-image aligncenter size-full is-resized\"><img loading=\"lazy\" decoding=\"async\" src=\"https:\/\/lazru.com\/wp-content\/uploads\/2021\/09\/Lazru-03-1.jpg\" alt=\"Experi\u00eancias Lazru\" class=\"wp-image-82\" style=\"object-fit:cover;width:439px;height:425px\" width=\"439\" height=\"425\" srcset=\"https:\/\/lazru.com\/wp-content\/uploads\/2021\/09\/Lazru-03-1.jpg 696w, https:\/\/lazru.com\/wp-content\/uploads\/2021\/09\/Lazru-03-1-600x580.jpg 600w, https:\/\/lazru.com\/wp-content\/uploads\/2021\/09\/Lazru-03-1-300x290.jpg 300w\" sizes=\"auto, (max-width: 439px) 100vw, 439px\" \/><\/figure>\n\n\n\n<figure class=\"wp-block-image aligncenter size-full is-resized\"><img loading=\"lazy\" decoding=\"async\" src=\"https:\/\/lazru.com\/wp-content\/uploads\/2021\/09\/Lazru-04.jpg\" alt=\"Lazru\" class=\"wp-image-83\" style=\"object-fit:cover;width:439px;height:425px\" width=\"439\" height=\"425\" srcset=\"https:\/\/lazru.com\/wp-content\/uploads\/2021\/09\/Lazru-04.jpg 696w, https:\/\/lazru.com\/wp-content\/uploads\/2021\/09\/Lazru-04-600x580.jpg 600w, https:\/\/lazru.com\/wp-content\/uploads\/2021\/09\/Lazru-04-300x290.jpg 300w\" sizes=\"auto, (max-width: 439px) 100vw, 439px\" \/><\/figure>\n\n\n\n<div style=\"height:11px\" aria-hidden=\"true\" class=\"wp-block-spacer\"><\/div>\n\n\n\n<div class=\"wp-block-group alignfull has-background is-layout-constrained wp-block-group-is-layout-constrained\" style=\"background-color:#ffffff\">\n<div class=\"wp-block-group alignfull has-background is-layout-constrained wp-block-group-is-layout-constrained\" style=\"background-color:#ffffff\">\n<div class=\"wp-block-group is-layout-constrained wp-block-group-is-layout-constrained\">\n<h2 class=\"wp-block-heading has-text-align-center\" id=\"h-mehr-zu-lazru\">Mais sobre LAZRU<\/h2>\n\n\n\n<p class=\"has-text-align-center\">Saiba mais sobre o LAZRU.<\/p>\n\n\n\n<div class=\"wp-block-buttons is-horizontal is-content-justification-center is-layout-flex wp-container-core-buttons-is-layout-03627597 wp-block-buttons-is-layout-flex\">\n<div class=\"wp-block-button\"><a class=\"wp-block-button__link has-background wp-element-button\" href=\"https:\/\/lazru.com\/pt\/produkte\/\" style=\"background-color:#48a3aa\">Saiba mais!<\/a><\/div>\n<\/div>\n<\/div>\n<\/div>\n<\/div>","protected":false},"excerpt":{"rendered":"<p>Vorher\/Nachher&nbsp;Bilder weiter unten. Lazru Erfahrungen: Transparenz ist uns wichtig. Daher bitten wir unsere Kunden, Vorher\/Nachher Bilder zu machen und ihre Erfahrungen mit uns zu teilen. Es erf\u00fcllt uns mit Freude, dass Lazru dazu beigetragen hat, vielen Menschen ihr Selbstvertrauen in Bezug auf ihre Wimpern und Augenbrauen zur\u00fcckzugeben. Die positiven Resonanzen unserer Kunden best\u00e4tigen unseren Einsatz [&hellip;]<\/p>\n","protected":false},"author":1,"featured_media":0,"parent":0,"menu_order":0,"comment_status":"closed","ping_status":"closed","template":"","meta":{"footnotes":""},"class_list":["post-73","page","type-page","status-publish","hentry"],"blocksy_meta":[],"yoast_head":"<!-- This site is optimized with the Yoast SEO Premium plugin v23.4 (Yoast SEO v27.4) - https:\/\/yoast.com\/product\/yoast-seo-premium-wordpress\/ -->\n<title>Lazru Erfahrungen: Wimpern und Augenbrauenserum Erfahrungen<\/title>\n<meta name=\"description\" content=\"Lazru Erfahrung - Hier findest du Vorher Nachher Fotos von Lazru. Wie wirkt das Wimpernserum? Bilder sagen mehr als W\u00f6rter.\" \/>\n<meta name=\"robots\" content=\"index, follow, max-snippet:-1, max-image-preview:large, max-video-preview:-1\" \/>\n<link rel=\"canonical\" href=\"https:\/\/lazru.com\/pt\/erfahrungen\/\" \/>\n<meta property=\"og:locale\" content=\"pt_PT\" \/>\n<meta property=\"og:type\" content=\"article\" \/>\n<meta property=\"og:title\" content=\"Erfahrungen\" \/>\n<meta property=\"og:description\" content=\"Lazru Erfahrung - Hier findest du Vorher Nachher Fotos von Lazru. Wie wirkt das Wimpernserum? Bilder sagen mehr als W\u00f6rter.\" \/>\n<meta property=\"og:url\" content=\"https:\/\/lazru.com\/pt\/erfahrungen\/\" \/>\n<meta property=\"og:site_name\" content=\"LAZRU\" \/>\n<meta property=\"article:modified_time\" content=\"2023-08-24T13:41:35+00:00\" \/>\n<meta property=\"og:image\" content=\"https:\/\/lazru.com\/wp-content\/uploads\/2021\/09\/Lazru-Erfahrung.jpg\" \/>\n<meta name=\"twitter:card\" content=\"summary_large_image\" \/>\n<meta name=\"twitter:label1\" content=\"Tempo estimado de leitura\" \/>\n\t<meta name=\"twitter:data1\" content=\"3 minutos\" \/>\n<script type=\"application\/ld+json\" class=\"yoast-schema-graph\">{\"@context\":\"https:\\\/\\\/schema.org\",\"@graph\":[{\"@type\":\"WebPage\",\"@id\":\"https:\\\/\\\/lazru.com\\\/erfahrungen\\\/\",\"url\":\"https:\\\/\\\/lazru.com\\\/erfahrungen\\\/\",\"name\":\"Lazru Erfahrungen: Wimpern und Augenbrauenserum Erfahrungen\",\"isPartOf\":{\"@id\":\"https:\\\/\\\/lazru.com\\\/es\\\/#website\"},\"primaryImageOfPage\":{\"@id\":\"https:\\\/\\\/lazru.com\\\/erfahrungen\\\/#primaryimage\"},\"image\":{\"@id\":\"https:\\\/\\\/lazru.com\\\/erfahrungen\\\/#primaryimage\"},\"thumbnailUrl\":\"https:\\\/\\\/lazru.com\\\/wp-content\\\/uploads\\\/2021\\\/09\\\/Lazru-Erfahrung.jpg\",\"datePublished\":\"2021-09-14T14:40:52+00:00\",\"dateModified\":\"2023-08-24T13:41:35+00:00\",\"description\":\"Lazru Erfahrung - Hier findest du Vorher Nachher Fotos von Lazru. Wie wirkt das Wimpernserum? Bilder sagen mehr als W\u00f6rter.\",\"breadcrumb\":{\"@id\":\"https:\\\/\\\/lazru.com\\\/erfahrungen\\\/#breadcrumb\"},\"inLanguage\":\"pt-PT\",\"potentialAction\":[{\"@type\":\"ReadAction\",\"target\":[\"https:\\\/\\\/lazru.com\\\/erfahrungen\\\/\"]}]},{\"@type\":\"ImageObject\",\"inLanguage\":\"pt-PT\",\"@id\":\"https:\\\/\\\/lazru.com\\\/erfahrungen\\\/#primaryimage\",\"url\":\"https:\\\/\\\/lazru.com\\\/wp-content\\\/uploads\\\/2021\\\/09\\\/Lazru-Erfahrung.jpg\",\"contentUrl\":\"https:\\\/\\\/lazru.com\\\/wp-content\\\/uploads\\\/2021\\\/09\\\/Lazru-Erfahrung.jpg\"},{\"@type\":\"BreadcrumbList\",\"@id\":\"https:\\\/\\\/lazru.com\\\/erfahrungen\\\/#breadcrumb\",\"itemListElement\":[{\"@type\":\"ListItem\",\"position\":1,\"name\":\"LAZRU\",\"item\":\"https:\\\/\\\/lazru.com\\\/\"},{\"@type\":\"ListItem\",\"position\":2,\"name\":\"Erfahrungen\"}]},{\"@type\":\"WebSite\",\"@id\":\"https:\\\/\\\/lazru.com\\\/es\\\/#website\",\"url\":\"https:\\\/\\\/lazru.com\\\/es\\\/\",\"name\":\"LAZRU\",\"description\":\"Wimpernserum &amp; Augenbrauenserum\",\"publisher\":{\"@id\":\"https:\\\/\\\/lazru.com\\\/es\\\/#organization\"},\"potentialAction\":[{\"@type\":\"SearchAction\",\"target\":{\"@type\":\"EntryPoint\",\"urlTemplate\":\"https:\\\/\\\/lazru.com\\\/es\\\/?s={search_term_string}\"},\"query-input\":{\"@type\":\"PropertyValueSpecification\",\"valueRequired\":true,\"valueName\":\"search_term_string\"}}],\"inLanguage\":\"pt-PT\"},{\"@type\":\"Organization\",\"@id\":\"https:\\\/\\\/lazru.com\\\/es\\\/#organization\",\"name\":\"LAZRU\",\"url\":\"https:\\\/\\\/lazru.com\\\/es\\\/\",\"logo\":{\"@type\":\"ImageObject\",\"inLanguage\":\"pt-PT\",\"@id\":\"https:\\\/\\\/lazru.com\\\/es\\\/#\\\/schema\\\/logo\\\/image\\\/\",\"url\":\"https:\\\/\\\/lazru.com\\\/wp-content\\\/uploads\\\/2021\\\/09\\\/cropped-lazru-wimpernserum-logo.png\",\"contentUrl\":\"https:\\\/\\\/lazru.com\\\/wp-content\\\/uploads\\\/2021\\\/09\\\/cropped-lazru-wimpernserum-logo.png\",\"width\":211,\"height\":97,\"caption\":\"LAZRU\"},\"image\":{\"@id\":\"https:\\\/\\\/lazru.com\\\/es\\\/#\\\/schema\\\/logo\\\/image\\\/\"},\"sameAs\":[\"https:\\\/\\\/www.instagram.com\\\/lazru_official\\\/\"]}]}<\/script>\n<!-- \/ Yoast SEO Premium plugin. -->","yoast_head_json":{"title":"Experi\u00eancia Lazru: Experi\u00eancias de Serum Pestanas &amp; Serum Sobrancelhas","description":"Experi\u00eancia Lazru - Aqui pode encontrar fotos de Lazru antes e depois. Como funciona o Serum Pestanas &amp; Serum Sobrancelhas? As imagens dizem mais do que as palavras.","robots":{"index":"index","follow":"follow","max-snippet":"max-snippet:-1","max-image-preview":"max-image-preview:large","max-video-preview":"max-video-preview:-1"},"canonical":"https:\/\/lazru.com\/pt\/erfahrungen\/","og_locale":"pt_PT","og_type":"article","og_title":"Erfahrungen","og_description":"Lazru Erfahrung - Hier findest du Vorher Nachher Fotos von Lazru. Wie wirkt das Wimpernserum? Bilder sagen mehr als W\u00f6rter.","og_url":"https:\/\/lazru.com\/pt\/erfahrungen\/","og_site_name":"LAZRU","article_modified_time":"2023-08-24T13:41:35+00:00","og_image":[{"url":"https:\/\/lazru.com\/wp-content\/uploads\/2021\/09\/Lazru-Erfahrung.jpg","type":"","width":"","height":""}],"twitter_card":"summary_large_image","twitter_misc":{"Tempo estimado de leitura":"3 minutos"},"schema":{"@context":"https:\/\/schema.org","@graph":[{"@type":"WebPage","@id":"https:\/\/lazru.com\/erfahrungen\/","url":"https:\/\/lazru.com\/erfahrungen\/","name":"Experi\u00eancia Lazru: Experi\u00eancias de Serum Pestanas &amp; Serum Sobrancelhas","isPartOf":{"@id":"https:\/\/lazru.com\/es\/#website"},"primaryImageOfPage":{"@id":"https:\/\/lazru.com\/erfahrungen\/#primaryimage"},"image":{"@id":"https:\/\/lazru.com\/erfahrungen\/#primaryimage"},"thumbnailUrl":"https:\/\/lazru.com\/wp-content\/uploads\/2021\/09\/Lazru-Erfahrung.jpg","datePublished":"2021-09-14T14:40:52+00:00","dateModified":"2023-08-24T13:41:35+00:00","description":"Experi\u00eancia Lazru - Aqui pode encontrar fotos de Lazru antes e depois. Como funciona o Serum Pestanas &amp; Serum Sobrancelhas? As imagens dizem mais do que as palavras.","breadcrumb":{"@id":"https:\/\/lazru.com\/erfahrungen\/#breadcrumb"},"inLanguage":"pt-PT","potentialAction":[{"@type":"ReadAction","target":["https:\/\/lazru.com\/erfahrungen\/"]}]},{"@type":"ImageObject","inLanguage":"pt-PT","@id":"https:\/\/lazru.com\/erfahrungen\/#primaryimage","url":"https:\/\/lazru.com\/wp-content\/uploads\/2021\/09\/Lazru-Erfahrung.jpg","contentUrl":"https:\/\/lazru.com\/wp-content\/uploads\/2021\/09\/Lazru-Erfahrung.jpg"},{"@type":"BreadcrumbList","@id":"https:\/\/lazru.com\/erfahrungen\/#breadcrumb","itemListElement":[{"@type":"ListItem","position":1,"name":"LAZRU","item":"https:\/\/lazru.com\/"},{"@type":"ListItem","position":2,"name":"Erfahrungen"}]},{"@type":"WebSite","@id":"https:\/\/lazru.com\/es\/#website","url":"https:\/\/lazru.com\/es\/","name":"LAZRU","description":"Serum Pestanas &amp; Serum Sobrancelhas","publisher":{"@id":"https:\/\/lazru.com\/es\/#organization"},"potentialAction":[{"@type":"SearchAction","target":{"@type":"EntryPoint","urlTemplate":"https:\/\/lazru.com\/es\/?s={search_term_string}"},"query-input":{"@type":"PropertyValueSpecification","valueRequired":true,"valueName":"search_term_string"}}],"inLanguage":"pt-PT"},{"@type":"Organization","@id":"https:\/\/lazru.com\/es\/#organization","name":"LAZRU","url":"https:\/\/lazru.com\/es\/","logo":{"@type":"ImageObject","inLanguage":"pt-PT","@id":"https:\/\/lazru.com\/es\/#\/schema\/logo\/image\/","url":"https:\/\/lazru.com\/wp-content\/uploads\/2021\/09\/cropped-lazru-wimpernserum-logo.png","contentUrl":"https:\/\/lazru.com\/wp-content\/uploads\/2021\/09\/cropped-lazru-wimpernserum-logo.png","width":211,"height":97,"caption":"LAZRU"},"image":{"@id":"https:\/\/lazru.com\/es\/#\/schema\/logo\/image\/"},"sameAs":["https:\/\/www.instagram.com\/lazru_official\/"]}]}},"_links":{"self":[{"href":"https:\/\/lazru.com\/pt\/wp-json\/wp\/v2\/pages\/73","targetHints":{"allow":["GET"]}}],"collection":[{"href":"https:\/\/lazru.com\/pt\/wp-json\/wp\/v2\/pages"}],"about":[{"href":"https:\/\/lazru.com\/pt\/wp-json\/wp\/v2\/types\/page"}],"author":[{"embeddable":true,"href":"https:\/\/lazru.com\/pt\/wp-json\/wp\/v2\/users\/1"}],"replies":[{"embeddable":true,"href":"https:\/\/lazru.com\/pt\/wp-json\/wp\/v2\/comments?post=73"}],"version-history":[{"count":9,"href":"https:\/\/lazru.com\/pt\/wp-json\/wp\/v2\/pages\/73\/revisions"}],"predecessor-version":[{"id":18887,"href":"https:\/\/lazru.com\/pt\/wp-json\/wp\/v2\/pages\/73\/revisions\/18887"}],"wp:attachment":[{"href":"https:\/\/lazru.com\/pt\/wp-json\/wp\/v2\/media?parent=73"}],"curies":[{"name":"wp","href":"https:\/\/api.w.org\/{rel}","templated":true}]}}