{"id":71,"date":"2021-09-14T14:40:24","date_gmt":"2021-09-14T14:40:24","guid":{"rendered":"https:\/\/lazru.com\/?page_id=71"},"modified":"2021-09-23T15:32:17","modified_gmt":"2021-09-23T15:32:17","slug":"blog-sitemap","status":"publish","type":"page","link":"https:\/\/lazru.com\/pt\/blog-sitemap\/","title":{"rendered":"Mapa do site do Blog"},"content":{"rendered":"<p>Aqui encontrar\u00e1 todos os artigos sobre o tema das pestanas e sobrancelhas que escrevemos no nosso blogue. Leve o seu tempo a dar uma vista de olhos, tamb\u00e9m haver\u00e1 algo de excitante para si.<\/p>\n\n\n<div class=\"wsp-container\"><h2 class=\"wsp-posts-title\">Posts by category<\/h2>\n<ul class=\"wsp-posts-list\">\n\t<li><strong class=\"wsp-category-title\">Category: <a href=\"https:\/\/lazru.com\/pt\/category\/augenbrauen\/\">Sobrancelhas<\/a><\/strong>\n<ul class=\"wsp-posts-list\">\t\t<li class=\"wsp-post\"><a href=\"https:\/\/lazru.com\/pt\/sobrancelhas-de-maquilhagem-permanente\/\">Maquilhagem permanente para as Sobrancelhas<\/a><\/li>\n\t\t<li class=\"wsp-post\"><a href=\"https:\/\/lazru.com\/pt\/cores-das-sobrancelhas\/\">Colora\u00e7\u00e3o de sobrancelhas - \u00e9 assim que se faz!<\/a><\/li>\n\t\t<li class=\"wsp-post\"><a href=\"https:\/\/lazru.com\/pt\/sobrancelhas-de-oleo-de-ricino\/\">\u00c9 assim que o \u00f3leo de r\u00edcino torna as suas sobrancelhas mais espessas e mais bonitas!<\/a><\/li>\n\t\t<li class=\"wsp-post\"><a href=\"https:\/\/lazru.com\/pt\/sobrancelhas-arbustivas\/\">Sobrancelhas ocupadas - seguir com confian\u00e7a a tend\u00eancia<\/a><\/li>\n\t\t<li class=\"wsp-post\"><a href=\"https:\/\/lazru.com\/pt\/augebra-serum-do-it-yourself\/\">Fa\u00e7a o seu pr\u00f3prio soro de sobrancelhas - \u00e9 assim que o faz!<\/a><\/li>\n\t\t<li class=\"wsp-post\"><a href=\"https:\/\/lazru.com\/pt\/soro-de-cilios-pregnancia-das-pestanas\/\">Soro de c\u00edlios durante a gravidez - eis como o pode ajudar!<\/a><\/li>\n\t\t<li class=\"wsp-post\"><a href=\"https:\/\/lazru.com\/pt\/sobrancelhas-finas\/\">Sobrancelhas finas - Como fortalecer a sobrancelha at\u00e9 \u00e0 raiz<\/a><\/li>\n\t\t<li class=\"wsp-post\"><a href=\"https:\/\/lazru.com\/pt\/espessamento-das-sobrancelhas\/\">Sobrancelhas espessas: Estas op\u00e7\u00f5es est\u00e3o dispon\u00edveis<\/a><\/li>\n\t\t<li class=\"wsp-post\"><a href=\"https:\/\/lazru.com\/pt\/falta-de-sobrancelhas-sobrancelhas\/\">As suas sobrancelhas est\u00e3o a cair - Esta pode ser a causa<\/a><\/li>\n\t\t<li class=\"wsp-post\"><a href=\"https:\/\/lazru.com\/pt\/depilacao-de-sobrancelhas-nao\/\">As sobrancelhas j\u00e1 n\u00e3o crescem - isto \u00e9 o que se pode fazer!<\/a><\/li>\n<\/ul><\/li>\n\t<li><strong class=\"wsp-category-title\">Category: <a href=\"https:\/\/lazru.com\/pt\/category\/behandlung\/\">Tratamento<\/a><\/strong>\n<ul class=\"wsp-posts-list\">\t\t<li class=\"wsp-post\"><a href=\"https:\/\/lazru.com\/pt\/pestanas-de-oleo-de-ricino\/\">\u00c9 assim que o \u00f3leo de r\u00edcino torna as suas pestanas mais longas e espessas!<\/a><\/li>\n\t\t<li class=\"wsp-post\"><a href=\"https:\/\/lazru.com\/pt\/get-full-eyelashes\/\">Obter pestanas cheias - assim \u00e9 que \u00e9!<\/a><\/li>\n\t\t<li class=\"wsp-post\"><a href=\"https:\/\/lazru.com\/pt\/aplicacao-de-soro-de-cilios\/\">Aplique soro de pestanas - \u00e9 assim que funciona!<\/a><\/li>\n<\/ul><\/li>\n\t<li><strong class=\"wsp-category-title\">Category: <a href=\"https:\/\/lazru.com\/pt\/category\/gesundheit\/\">Sa\u00fade<\/a><\/strong>\n<ul class=\"wsp-posts-list\">\t\t<li class=\"wsp-post\"><a href=\"https:\/\/lazru.com\/pt\/corante-de-pestanas\/\">Pestanas de tingimento: \u00c9 assim que funciona!<\/a><\/li>\n\t\t<li class=\"wsp-post\"><a href=\"https:\/\/lazru.com\/pt\/eyelhes-fall-out\/\">Os c\u00edlios caem - o que pode fazer!<\/a><\/li>\n<\/ul><\/li>\n\t<li><strong class=\"wsp-category-title\">Category: <a href=\"https:\/\/lazru.com\/pt\/category\/wimpern\/\">C\u00edlios<\/a><\/strong>\n<ul class=\"wsp-posts-list\">\t\t<li class=\"wsp-post\"><a href=\"https:\/\/lazru.com\/pt\/espessamento-das-pestanas\/\">Como engrossar os seus Pestanas<\/a><\/li>\n\t\t<li class=\"wsp-post\"><a href=\"https:\/\/lazru.com\/pt\/elevador-de-pestanas\/\">Como funciona um elevador de Pestanas<\/a><\/li>\n\t\t<li class=\"wsp-post\"><a href=\"https:\/\/lazru.com\/pt\/recarga-de-pestanas\/\">Preencher os pestanas: Esta \u00e9 a frequ\u00eancia com que deve ter as suas extens\u00f5es retocadas!<\/a><\/li>\n\t\t<li class=\"wsp-post\"><a href=\"https:\/\/lazru.com\/pt\/pestanas-magneticas\/\">Olhar perfeito com pestanas magn\u00e9ticas?<\/a><\/li>\n\t\t<li class=\"wsp-post\"><a href=\"https:\/\/lazru.com\/pt\/cinta-longa\/\">Como obter pestanas longas!<\/a><\/li>\n\t\t<li class=\"wsp-post\"><a href=\"https:\/\/lazru.com\/pt\/extensoes-de-pestanas\/\">Tudo sobre extens\u00f5es de pestanas<\/a><\/li>\n\t\t<li class=\"wsp-post\"><a href=\"https:\/\/lazru.com\/pt\/alongamento-das-pestanas\/\">Estes s\u00e3o os pr\u00f3s e os contras das extens\u00f5es de pestanas!<\/a><\/li>\n\t\t<li class=\"wsp-post\"><a href=\"https:\/\/lazru.com\/pt\/cilios-de-como-crescer-rapidamente\/\">A que velocidade crescem as pestanas?<\/a><\/li>\n\t\t<li class=\"wsp-post\"><a href=\"https:\/\/lazru.com\/pt\/impulsionador-de-pestanas\/\">Estes s\u00e3o verdadeiros impulsionadores de pestanas!<\/a><\/li>\n\t\t<li class=\"wsp-post\"><a href=\"https:\/\/lazru.com\/pt\/grow-eyelashes-after\/\">As pestanas voltam a crescer?<\/a><\/li>\n\t\t<li class=\"wsp-post\"><a href=\"https:\/\/lazru.com\/pt\/cinta-artificial\/\">Pestanas artificiais ou melhor, n\u00e3o?<\/a><\/li>\n\t\t<li class=\"wsp-post\"><a href=\"https:\/\/lazru.com\/pt\/cuidados-com-as-pestanas\/\">Cuidado com os c\u00edlios - \u00e9 assim que funciona!<\/a><\/li>\n<\/ul><\/li>\n<\/ul>\n<\/div>","protected":false},"excerpt":{"rendered":"<p>Hier finden Sie alle Beitr\u00e4ge rund um das Thema Wimpern und Augenbrauen, die wir in unserem Blog geschrieben haben. Schauen Sie sich in Ruhe um, es wird auch f\u00fcr Sie [&hellip;]<\/p>","protected":false},"author":1,"featured_media":0,"parent":0,"menu_order":0,"comment_status":"closed","ping_status":"closed","template":"","meta":{"_uag_custom_page_level_css":"","advgb_blocks_editor_width":"","advgb_blocks_columns_visual_guide":"","site-sidebar-layout":"default","site-content-layout":"default","ast-site-content-layout":"default","site-content-style":"default","site-sidebar-style":"default","ast-global-header-display":"","ast-banner-title-visibility":"","ast-main-header-display":"","ast-hfb-above-header-display":"","ast-hfb-below-header-display":"","ast-hfb-mobile-header-display":"","site-post-title":"","ast-breadcrumbs-content":"","ast-featured-img":"","footer-sml-layout":"","ast-disable-related-posts":"","theme-transparent-header-meta":"default","adv-header-id-meta":"","stick-header-meta":"default","header-above-stick-meta":"","header-main-stick-meta":"","header-below-stick-meta":"","astra-migrate-meta-layouts":"default","ast-page-background-enabled":"default","ast-page-background-meta":{"desktop":{"background-color":"","background-image":"","background-repeat":"repeat","background-position":"center center","background-size":"auto","background-attachment":"scroll","background-type":"","background-media":"","overlay-type":"","overlay-color":"","overlay-opacity":"","overlay-gradient":""},"tablet":{"background-color":"","background-image":"","background-repeat":"repeat","background-position":"center center","background-size":"auto","background-attachment":"scroll","background-type":"","background-media":"","overlay-type":"","overlay-color":"","overlay-opacity":"","overlay-gradient":""},"mobile":{"background-color":"","background-image":"","background-repeat":"repeat","background-position":"center center","background-size":"auto","background-attachment":"scroll","background-type":"","background-media":"","overlay-type":"","overlay-color":"","overlay-opacity":"","overlay-gradient":""}},"ast-content-background-meta":{"desktop":{"background-color":"var(--ast-global-color-5)","background-image":"","background-repeat":"repeat","background-position":"center center","background-size":"auto","background-attachment":"scroll","background-type":"","background-media":"","overlay-type":"","overlay-color":"","overlay-opacity":"","overlay-gradient":""},"tablet":{"background-color":"var(--ast-global-color-5)","background-image":"","background-repeat":"repeat","background-position":"center center","background-size":"auto","background-attachment":"scroll","background-type":"","background-media":"","overlay-type":"","overlay-color":"","overlay-opacity":"","overlay-gradient":""},"mobile":{"background-color":"var(--ast-global-color-5)","background-image":"","background-repeat":"repeat","background-position":"center center","background-size":"auto","background-attachment":"scroll","background-type":"","background-media":"","overlay-type":"","overlay-color":"","overlay-opacity":"","overlay-gradient":""}},"footnotes":""},"class_list":["post-71","page","type-page","status-publish","hentry"],"featured_image_src":null,"yoast_head":"<!-- This site is optimized with the Yoast SEO Premium plugin v23.4 (Yoast SEO v26.6) - https:\/\/yoast.com\/wordpress\/plugins\/seo\/ -->\n<title>Blog-Sitemap - LAZRU<\/title>\n<meta name=\"robots\" content=\"noindex, follow\" \/>\n<meta property=\"og:locale\" content=\"pt_PT\" \/>\n<meta property=\"og:type\" content=\"article\" \/>\n<meta property=\"og:title\" content=\"Blog-Sitemap\" \/>\n<meta property=\"og:description\" content=\"Hier finden Sie alle Beitr\u00e4ge rund um das Thema Wimpern und Augenbrauen, die wir in unserem Blog geschrieben haben. Schauen Sie sich in Ruhe um, es wird auch f\u00fcr Sie [&hellip;]\" \/>\n<meta property=\"og:url\" content=\"https:\/\/lazru.com\/pt\/blog-sitemap\/\" \/>\n<meta property=\"og:site_name\" content=\"LAZRU\" \/>\n<meta property=\"article:modified_time\" content=\"2021-09-23T15:32:17+00:00\" \/>\n<meta name=\"twitter:card\" content=\"summary_large_image\" \/>\n<meta name=\"twitter:label1\" content=\"Tempo estimado de leitura\" \/>\n\t<meta name=\"twitter:data1\" content=\"1 minuto\" \/>\n<script type=\"application\/ld+json\" class=\"yoast-schema-graph\">{\"@context\":\"https:\/\/schema.org\",\"@graph\":[{\"@type\":\"WebPage\",\"@id\":\"https:\/\/lazru.com\/nl\/blog-sitemap\/\",\"url\":\"https:\/\/lazru.com\/nl\/blog-sitemap\/\",\"name\":\"Blog-Sitemap - LAZRU\",\"isPartOf\":{\"@id\":\"https:\/\/lazru.com\/es\/#website\"},\"datePublished\":\"2021-09-14T14:40:24+00:00\",\"dateModified\":\"2021-09-23T15:32:17+00:00\",\"breadcrumb\":{\"@id\":\"https:\/\/lazru.com\/nl\/blog-sitemap\/#breadcrumb\"},\"inLanguage\":\"pt-PT\",\"potentialAction\":[{\"@type\":\"ReadAction\",\"target\":[\"https:\/\/lazru.com\/nl\/blog-sitemap\/\"]}]},{\"@type\":\"BreadcrumbList\",\"@id\":\"https:\/\/lazru.com\/nl\/blog-sitemap\/#breadcrumb\",\"itemListElement\":[{\"@type\":\"ListItem\",\"position\":1,\"name\":\"LAZRU\",\"item\":\"https:\/\/lazru.com\/\"},{\"@type\":\"ListItem\",\"position\":2,\"name\":\"Blog-Sitemap\"}]},{\"@type\":\"WebSite\",\"@id\":\"https:\/\/lazru.com\/es\/#website\",\"url\":\"https:\/\/lazru.com\/es\/\",\"name\":\"LAZRU\",\"description\":\"Wimpernserum &amp; Augenbrauenserum\",\"publisher\":{\"@id\":\"https:\/\/lazru.com\/es\/#organization\"},\"potentialAction\":[{\"@type\":\"SearchAction\",\"target\":{\"@type\":\"EntryPoint\",\"urlTemplate\":\"https:\/\/lazru.com\/es\/?s={search_term_string}\"},\"query-input\":{\"@type\":\"PropertyValueSpecification\",\"valueRequired\":true,\"valueName\":\"search_term_string\"}}],\"inLanguage\":\"pt-PT\"},{\"@type\":\"Organization\",\"@id\":\"https:\/\/lazru.com\/es\/#organization\",\"name\":\"LAZRU\",\"url\":\"https:\/\/lazru.com\/es\/\",\"logo\":{\"@type\":\"ImageObject\",\"inLanguage\":\"pt-PT\",\"@id\":\"https:\/\/lazru.com\/es\/#\/schema\/logo\/image\/\",\"url\":\"https:\/\/lazru.com\/wp-content\/uploads\/2021\/09\/cropped-lazru-wimpernserum-logo.png\",\"contentUrl\":\"https:\/\/lazru.com\/wp-content\/uploads\/2021\/09\/cropped-lazru-wimpernserum-logo.png\",\"width\":211,\"height\":97,\"caption\":\"LAZRU\"},\"image\":{\"@id\":\"https:\/\/lazru.com\/es\/#\/schema\/logo\/image\/\"},\"sameAs\":[\"https:\/\/www.instagram.com\/lazru_official\/\"]}]}<\/script>\n<!-- \/ Yoast SEO Premium plugin. -->","yoast_head_json":{"title":"Mapa do site do Blog - LAZRU","robots":{"index":"noindex","follow":"follow"},"og_locale":"pt_PT","og_type":"article","og_title":"Blog-Sitemap","og_description":"Hier finden Sie alle Beitr\u00e4ge rund um das Thema Wimpern und Augenbrauen, die wir in unserem Blog geschrieben haben. Schauen Sie sich in Ruhe um, es wird auch f\u00fcr Sie [&hellip;]","og_url":"https:\/\/lazru.com\/pt\/blog-sitemap\/","og_site_name":"LAZRU","article_modified_time":"2021-09-23T15:32:17+00:00","twitter_card":"summary_large_image","twitter_misc":{"Tempo estimado de leitura":"1 minuto"},"schema":{"@context":"https:\/\/schema.org","@graph":[{"@type":"WebPage","@id":"https:\/\/lazru.com\/nl\/blog-sitemap\/","url":"https:\/\/lazru.com\/nl\/blog-sitemap\/","name":"Mapa do site do Blog - LAZRU","isPartOf":{"@id":"https:\/\/lazru.com\/es\/#website"},"datePublished":"2021-09-14T14:40:24+00:00","dateModified":"2021-09-23T15:32:17+00:00","breadcrumb":{"@id":"https:\/\/lazru.com\/nl\/blog-sitemap\/#breadcrumb"},"inLanguage":"pt-PT","potentialAction":[{"@type":"ReadAction","target":["https:\/\/lazru.com\/nl\/blog-sitemap\/"]}]},{"@type":"BreadcrumbList","@id":"https:\/\/lazru.com\/nl\/blog-sitemap\/#breadcrumb","itemListElement":[{"@type":"ListItem","position":1,"name":"LAZRU","item":"https:\/\/lazru.com\/"},{"@type":"ListItem","position":2,"name":"Blog-Sitemap"}]},{"@type":"WebSite","@id":"https:\/\/lazru.com\/es\/#website","url":"https:\/\/lazru.com\/es\/","name":"LAZRU","description":"Serum Pestanas &amp; Serum Sobrancelhas","publisher":{"@id":"https:\/\/lazru.com\/es\/#organization"},"potentialAction":[{"@type":"SearchAction","target":{"@type":"EntryPoint","urlTemplate":"https:\/\/lazru.com\/es\/?s={search_term_string}"},"query-input":{"@type":"PropertyValueSpecification","valueRequired":true,"valueName":"search_term_string"}}],"inLanguage":"pt-PT"},{"@type":"Organization","@id":"https:\/\/lazru.com\/es\/#organization","name":"LAZRU","url":"https:\/\/lazru.com\/es\/","logo":{"@type":"ImageObject","inLanguage":"pt-PT","@id":"https:\/\/lazru.com\/es\/#\/schema\/logo\/image\/","url":"https:\/\/lazru.com\/wp-content\/uploads\/2021\/09\/cropped-lazru-wimpernserum-logo.png","contentUrl":"https:\/\/lazru.com\/wp-content\/uploads\/2021\/09\/cropped-lazru-wimpernserum-logo.png","width":211,"height":97,"caption":"LAZRU"},"image":{"@id":"https:\/\/lazru.com\/es\/#\/schema\/logo\/image\/"},"sameAs":["https:\/\/www.instagram.com\/lazru_official\/"]}]}},"uagb_featured_image_src":{"full":false,"thumbnail":false,"medium":false,"medium_large":false,"large":false,"1536x1536":false,"2048x2048":false,"trp-custom-language-flag":false,"woocommerce_thumbnail":false,"woocommerce_single":false,"woocommerce_gallery_thumbnail":false,"crp_thumbnail":false},"uagb_author_info":{"display_name":"Kerem085","author_link":"https:\/\/lazru.com\/pt\/author\/kerem085\/"},"uagb_comment_info":0,"uagb_excerpt":"Hier finden Sie alle Beitr\u00e4ge rund um das Thema Wimpern und Augenbrauen, die wir in unserem Blog geschrieben haben. Schauen Sie sich in Ruhe um, es wird auch f\u00fcr Sie [&hellip;]","coauthors":[],"author_meta":{"author_link":"https:\/\/lazru.com\/pt\/author\/kerem085\/","display_name":"Kerem085"},"relative_dates":{"created":"Posted 5 anos ago","modified":"Updated 5 anos ago"},"absolute_dates":{"created":"Posted on 14. Setembro 2021","modified":"Updated on 23. Setembro 2021"},"absolute_dates_time":{"created":"Posted on 14. Setembro 2021 14:40","modified":"Updated on 23. Setembro 2021 15:32"},"featured_img_caption":"","featured_img":false,"series_order":"","_links":{"self":[{"href":"https:\/\/lazru.com\/pt\/wp-json\/wp\/v2\/pages\/71","targetHints":{"allow":["GET"]}}],"collection":[{"href":"https:\/\/lazru.com\/pt\/wp-json\/wp\/v2\/pages"}],"about":[{"href":"https:\/\/lazru.com\/pt\/wp-json\/wp\/v2\/types\/page"}],"author":[{"embeddable":true,"href":"https:\/\/lazru.com\/pt\/wp-json\/wp\/v2\/users\/1"}],"replies":[{"embeddable":true,"href":"https:\/\/lazru.com\/pt\/wp-json\/wp\/v2\/comments?post=71"}],"version-history":[{"count":0,"href":"https:\/\/lazru.com\/pt\/wp-json\/wp\/v2\/pages\/71\/revisions"}],"wp:attachment":[{"href":"https:\/\/lazru.com\/pt\/wp-json\/wp\/v2\/media?parent=71"}],"curies":[{"name":"wp","href":"https:\/\/api.w.org\/{rel}","templated":true}]}}