{"id":32,"date":"2021-09-14T13:12:11","date_gmt":"2021-09-14T13:12:11","guid":{"rendered":"https:\/\/lazru.com\/widerrufsbelehrung"},"modified":"2023-12-07T14:48:40","modified_gmt":"2023-12-07T13:48:40","slug":"widerrufsrecht","status":"publish","type":"page","link":"https:\/\/lazru.com\/pt\/widerrufsrecht\/","title":{"rendered":"Direito de rescis\u00e3o"},"content":{"rendered":"<p><strong>Direito de retracta\u00e7\u00e3o para os consumidores<\/strong><\/p>\n\n\n\n<p>Um consumidor \u00e9 qualquer pessoa singular que celebra uma transac\u00e7\u00e3o legal para fins que n\u00e3o podem ser predominantemente atribu\u00eddos nem \u00e0 sua actividade comercial nem \u00e0 sua actividade profissional independente.<\/p>\n\n\n\n<p><strong>Pol\u00edtica de cancelamento Lazru<\/strong><\/p>\n\n\n\n<p><strong>Direito de rescis\u00e3o<\/strong><\/p>\n\n\n\n<p>O utilizador tem o direito de rescindir o contrato no prazo de catorze dias. <strong>O direito de retracta\u00e7\u00e3o est\u00e1 exclu\u00eddo para artigos de higiene usados.<\/strong> O prazo de rescis\u00e3o \u00e9 de catorze dias a contar do dia em que o comprador ou um terceiro por ele designado, que n\u00e3o seja o transportador, tenha ou tenha tomado posse dos bens, desde que o comprador tenha encomendado um ou mais bens no \u00e2mbito de uma \u00fanica encomenda e que estes sejam ou venham a ser entregues uniformemente.<\/p>\n\n\n\n<p>Para exercer o seu direito de rescis\u00e3o, deve informar-nos da sua decis\u00e3o de rescis\u00e3o deste contrato atrav\u00e9s de uma declara\u00e7\u00e3o clara (por exemplo, uma carta enviada por correio, fax ou e-mail). Pode utilizar o modelo de formul\u00e1rio de retirada em anexo para este fim, o qual, no entanto, n\u00e3o \u00e9 obrigat\u00f3rio.<\/p>\n\n\n\n<p>Para cumprir o per\u00edodo de cancelamento, \u00e9 suficiente que envie a notifica\u00e7\u00e3o do exerc\u00edcio do direito de cancelamento antes do fim do per\u00edodo de cancelamento.<\/p>\n\n\n\n<p>A revoga\u00e7\u00e3o deve ser dirigida a<\/p>\n\n\n\n<figure class=\"wp-block-image size-full is-resized\"><a href=\"https:\/\/lazru.com\/wp-content\/uploads\/2023\/12\/Laz-2.jpg\"><img loading=\"lazy\" decoding=\"async\" width=\"650\" height=\"685\" src=\"https:\/\/lazru.com\/wp-content\/uploads\/2023\/12\/Laz-2.jpg\" alt=\"\" class=\"wp-image-22583\" style=\"width:226px;height:auto\" srcset=\"https:\/\/lazru.com\/wp-content\/uploads\/2023\/12\/Laz-2.jpg 650w, https:\/\/lazru.com\/wp-content\/uploads\/2023\/12\/Laz-2-285x300.jpg 285w, https:\/\/lazru.com\/wp-content\/uploads\/2023\/12\/Laz-2-11x12.jpg 11w, https:\/\/lazru.com\/wp-content\/uploads\/2023\/12\/Laz-2-600x632.jpg 600w\" sizes=\"auto, (max-width: 650px) 100vw, 650px\" \/><\/a><\/figure>\n\n\n\n<p><\/p>\n\n\n\n<p><strong>Endere\u00e7o de entrega abaixo.<\/strong><\/p>\n\n\n\n<p><strong>Consequ\u00eancias da revoga\u00e7\u00e3o<\/strong><\/p>\n\n\n\n<p>Se o cliente rescindir este contrato, devemos reembolsar-lhe todos os pagamentos que recebemos do cliente, incluindo os custos de entrega (com excep\u00e7\u00e3o dos custos adicionais resultantes do facto de o cliente ter escolhido um tipo de entrega diferente da entrega padr\u00e3o mais barata por n\u00f3s oferecida), sem demora e o mais tardar no prazo de catorze dias a partir do dia em que recebemos a notifica\u00e7\u00e3o da rescis\u00e3o do presente contrato. Para este reembolso, utilizaremos os mesmos meios de pagamento que utilizou para a transac\u00e7\u00e3o original, salvo acordo expresso em contr\u00e1rio consigo; em caso algum lhe ser\u00e1 cobrado por este reembolso.<\/p>\n\n\n\n<p>Podemos recusar o reembolso at\u00e9 termos recebido a mercadoria de volta ou at\u00e9 o cliente ter fornecido prova de que devolveu a mercadoria, o que ocorrer primeiro.<\/p>\n\n\n\n<p><strong>Devolu\u00e7\u00f5es<\/strong><\/p>\n\n\n\n<p>O cliente deve devolver-nos ou entregar os bens imediatamente e, em qualquer caso, o mais tardar catorze dias a partir do dia em que nos notificar da rescis\u00e3o deste contrato. O prazo \u00e9 cumprido se enviar a mercadoria antes do termo do prazo de catorze dias.<\/p>\n\n\n\n<p>Os custos directos da devolu\u00e7\u00e3o dos bens s\u00e3o suportados por si.<\/p>\n\n\n\n<p>S\u00f3 tem de pagar por qualquer perda de valor da mercadoria se essa perda de valor se dever \u00e0 manipula\u00e7\u00e3o da mercadoria que n\u00e3o \u00e9 necess\u00e1ria para testar a qualidade, caracter\u00edsticas e funcionamento da mercadoria.<\/p>\n\n\n\n<p><strong>Raz\u00f5es para a exclus\u00e3o ou expira\u00e7\u00e3o<\/strong><\/p>\n\n\n\n<p><strong>Exclus\u00e3o do direito de retracta\u00e7\u00e3o<\/strong>:<\/p>\n\n\n\n<p>N\u00e3o existe direito de retrata\u00e7\u00e3o para mercadorias rapidamente perec\u00edveis ou cujo prazo de validade possa ser rapidamente ultrapassado. Caducidade prematura no caso de entrega de mercadorias seladas que n\u00e3o s\u00e3o adequadas para devolu\u00e7\u00e3o por raz\u00f5es de prote\u00e7\u00e3o da sa\u00fade ou de higiene, se o selo tiver sido retirado ap\u00f3s a entrega; (1) N\u00e3o existe direito de retrata\u00e7\u00e3o para o Lazru, de acordo com o \u00a7 312g n.\u00ba 2 do BGB, se o selo tiver sido retirado da embalagem. Com efeito, o Lazru \u00e9 uma mercadoria na ace\u00e7\u00e3o do \u00a7 312g, n.\u00ba 2, n.\u00ba 2 do BGB, que se estraga rapidamente ap\u00f3s a rutura do selo ou cujo prazo de validade \u00e9 rapidamente ultrapassado a partir desse momento (2 meses ap\u00f3s a abertura do Lazru). (2) O direito de retrata\u00e7\u00e3o n\u00e3o existe, portanto, de acordo com o \u00a7 312g par\u00e1grafo 2 n\u00ba 2 do BGB, se o selo do Lazru tiver sido retirado ap\u00f3s a entrega, porque existe o risco de o produto devolvido chegar ao revendedor com um prazo de validade significativamente mais curto.<\/p>\n\n\n\n<p>O direito de retrata\u00e7\u00e3o \u00e9 exclu\u00eddo neste contexto, uma vez que os soros a devolver com o selo quebrado seriam dif\u00edceis ou imposs\u00edveis de revender pela Lazru, tendo em conta o prazo de devolu\u00e7\u00e3o.<\/p>\n\n\n\n<p><strong>O direito de retracta\u00e7\u00e3o est\u00e1 exclu\u00eddo para artigos de higiene usados<\/strong>.<\/p>\n\n\n\n<hr class=\"wp-block-separator has-css-opacity\"\/>\n\n\n\n<p>O direito de retracta\u00e7\u00e3o existe <strong>n\u00e3o<\/strong> para contratos<\/p>\n\n\n\n<ul class=\"wp-block-list\">\n<li>para a entrega de bens que n\u00e3o s\u00e3o pr\u00e9-fabricados e para a produ\u00e7\u00e3o dos quais uma selec\u00e7\u00e3o ou determina\u00e7\u00e3o individual pelo consumidor \u00e9 decisiva ou que s\u00e3o claramente adaptados \u00e0s necessidades pessoais do consumidor;<\/li>\n\n\n\n<li>para a entrega de mercadorias que podem estragar-se rapidamente ou cuja data de validade seria rapidamente ultrapassada;<\/li>\n\n\n\n<li>Contratos de subscri\u00e7\u00e3o.<\/li>\n<\/ul>\n\n\n\n<p>&#8212;&#8212;&#8211;<\/p>\n\n\n\n<p><strong>O direito de rescis\u00e3o expira prematuramente no caso de contratos<\/strong><\/p>\n\n\n\n<ul class=\"wp-block-list\">\n<li>para a entrega de bens selados que n\u00e3o s\u00e3o adequados para devolu\u00e7\u00e3o por raz\u00f5es de protec\u00e7\u00e3o sanit\u00e1ria ou higiene, se o seu selo tiver sido removido ap\u00f3s a entrega;<\/li>\n\n\n\n<li>para a entrega de bens se estes tiverem sido inseparavelmente misturados com outros bens ap\u00f3s a entrega, devido \u00e0 sua natureza;<\/li>\n<\/ul>\n\n\n\n<p>_______<\/p>\n\n\n\n<p><strong>Exemplo de formul\u00e1rio de cancelamento<\/strong><\/p>\n\n\n\n<p>Se desejar cancelar o contrato, queira preencher e devolver este formul\u00e1rio.<br><strong>O direito de retracta\u00e7\u00e3o est\u00e1 exclu\u00eddo para artigos de higiene usados.<\/strong><\/p>\n\n\n\n<p>1. Voltar a:<\/p>\n\n\n\n<p>VDS - Shipping and Data Service <br>c\/o Alaiko GmbH <br>Siemensstra\u00dfe 14<br>D-37412 Herzberg am Harz<br>Germany<br><br>E-mail: info@lazru.com<\/p>\n\n\n\n<p>2. I\/n\u00f3s revogamos o contrato por mim\/n\u00f3s celebrado para a aquisi\u00e7\u00e3o dos seguintes bens\/presta\u00e7\u00e3o dos seguintes servi\u00e7os<br>Servi\u00e7o (anexar c\u00f3pia da factura, se necess\u00e1rio)<br>N\u00famero de encomenda: ..........................................<br>Quantidade \/ nome dos bens: ...........................<br>Pre\u00e7o de compra: ...................................................<br>J\u00e1 usado? O direito de retrata\u00e7\u00e3o est\u00e1 exclu\u00eddo para artigos de higiene usados.<\/p>\n\n\n\n<p>3. Encomendado em: ........................<\/p>\n\n\n\n<p>4. Motivo: .............................................<\/p>\n\n\n\n<p>5. Recebido em: ........................<\/p>\n\n\n\n<p>6. Nome e endere\u00e7o do consumidor: ......<br>N\u00famero de cliente: ........................................<br>Primeiro e \u00faltimo nome: .................................<br>Rua: .......................................................<br>C\u00f3digo postal e cidade: ..................................................<\/p>\n\n\n\n<p>7. Local, data e assinatura do cliente:<br>&#8230;&#8230;&#8230;&#8230;&#8230;&#8230;&#8230;&#8230;&#8230;&#8230;&#8230;&#8230;&#8230;&#8230;&#8230;&#8230;&#8230;.<\/p>","protected":false},"excerpt":{"rendered":"<p>Widerrufsrecht f\u00fcr Verbraucher Verbraucher ist jede nat\u00fcrliche Person, die ein Rechtsgesch\u00e4ft zu Zwecken abschlie\u00dft, die \u00fcberwiegend weder ihrer gewerblichen noch ihrer selbstst\u00e4ndigen beruflichen T\u00e4tigkeit zugerechnet werden kann. Widerrufsbelehrung Lazru Widerrufsrecht [&hellip;]<\/p>","protected":false},"author":1,"featured_media":0,"parent":0,"menu_order":0,"comment_status":"closed","ping_status":"closed","template":"","meta":{"_uag_custom_page_level_css":"","advgb_blocks_editor_width":"","advgb_blocks_columns_visual_guide":"","site-sidebar-layout":"default","site-content-layout":"default","ast-site-content-layout":"default","site-content-style":"default","site-sidebar-style":"default","ast-global-header-display":"","ast-banner-title-visibility":"","ast-main-header-display":"","ast-hfb-above-header-display":"","ast-hfb-below-header-display":"","ast-hfb-mobile-header-display":"","site-post-title":"","ast-breadcrumbs-content":"","ast-featured-img":"","footer-sml-layout":"","ast-disable-related-posts":"","theme-transparent-header-meta":"default","adv-header-id-meta":"","stick-header-meta":"default","header-above-stick-meta":"","header-main-stick-meta":"","header-below-stick-meta":"","astra-migrate-meta-layouts":"set","ast-page-background-enabled":"default","ast-page-background-meta":{"desktop":{"background-color":"","background-image":"","background-repeat":"repeat","background-position":"center center","background-size":"auto","background-attachment":"scroll","background-type":"","background-media":"","overlay-type":"","overlay-color":"","overlay-opacity":"","overlay-gradient":""},"tablet":{"background-color":"","background-image":"","background-repeat":"repeat","background-position":"center center","background-size":"auto","background-attachment":"scroll","background-type":"","background-media":"","overlay-type":"","overlay-color":"","overlay-opacity":"","overlay-gradient":""},"mobile":{"background-color":"","background-image":"","background-repeat":"repeat","background-position":"center center","background-size":"auto","background-attachment":"scroll","background-type":"","background-media":"","overlay-type":"","overlay-color":"","overlay-opacity":"","overlay-gradient":""}},"ast-content-background-meta":{"desktop":{"background-color":"var(--ast-global-color-5)","background-image":"","background-repeat":"repeat","background-position":"center center","background-size":"auto","background-attachment":"scroll","background-type":"","background-media":"","overlay-type":"","overlay-color":"","overlay-opacity":"","overlay-gradient":""},"tablet":{"background-color":"var(--ast-global-color-5)","background-image":"","background-repeat":"repeat","background-position":"center center","background-size":"auto","background-attachment":"scroll","background-type":"","background-media":"","overlay-type":"","overlay-color":"","overlay-opacity":"","overlay-gradient":""},"mobile":{"background-color":"var(--ast-global-color-5)","background-image":"","background-repeat":"repeat","background-position":"center center","background-size":"auto","background-attachment":"scroll","background-type":"","background-media":"","overlay-type":"","overlay-color":"","overlay-opacity":"","overlay-gradient":""}},"footnotes":""},"class_list":["post-32","page","type-page","status-publish","hentry"],"featured_image_src":null,"yoast_head":"<!-- This site is optimized with the Yoast SEO Premium plugin v23.4 (Yoast SEO v26.6) - https:\/\/yoast.com\/wordpress\/plugins\/seo\/ -->\n<title>Widerrufsrecht - LAZRU<\/title>\n<meta name=\"robots\" content=\"noindex, nofollow\" \/>\n<meta property=\"og:locale\" content=\"pt_PT\" \/>\n<meta property=\"og:type\" content=\"article\" \/>\n<meta property=\"og:title\" content=\"Widerrufsrecht\" \/>\n<meta property=\"og:description\" content=\"Widerrufsrecht f\u00fcr Verbraucher Verbraucher ist jede nat\u00fcrliche Person, die ein Rechtsgesch\u00e4ft zu Zwecken abschlie\u00dft, die \u00fcberwiegend weder ihrer gewerblichen noch ihrer selbstst\u00e4ndigen beruflichen T\u00e4tigkeit zugerechnet werden kann. Widerrufsbelehrung Lazru Widerrufsrecht [&hellip;]\" \/>\n<meta property=\"og:url\" content=\"https:\/\/lazru.com\/pt\/widerrufsrecht\/\" \/>\n<meta property=\"og:site_name\" content=\"LAZRU\" \/>\n<meta property=\"article:modified_time\" content=\"2023-12-07T13:48:40+00:00\" \/>\n<meta property=\"og:image\" content=\"https:\/\/lazru.com\/wp-content\/uploads\/2023\/12\/Laz-2.jpg\" \/>\n<meta name=\"twitter:card\" content=\"summary_large_image\" \/>\n<meta name=\"twitter:label1\" content=\"Tempo estimado de leitura\" \/>\n\t<meta name=\"twitter:data1\" content=\"5 minutos\" \/>\n<script type=\"application\/ld+json\" class=\"yoast-schema-graph\">{\"@context\":\"https:\/\/schema.org\",\"@graph\":[{\"@type\":\"WebPage\",\"@id\":\"https:\/\/lazru.com\/widerrufsrecht\/\",\"url\":\"https:\/\/lazru.com\/widerrufsrecht\/\",\"name\":\"Widerrufsrecht - LAZRU\",\"isPartOf\":{\"@id\":\"https:\/\/lazru.com\/es\/#website\"},\"primaryImageOfPage\":{\"@id\":\"https:\/\/lazru.com\/widerrufsrecht\/#primaryimage\"},\"image\":{\"@id\":\"https:\/\/lazru.com\/widerrufsrecht\/#primaryimage\"},\"thumbnailUrl\":\"https:\/\/lazru.com\/wp-content\/uploads\/2023\/12\/Laz-2.jpg\",\"datePublished\":\"2021-09-14T13:12:11+00:00\",\"dateModified\":\"2023-12-07T13:48:40+00:00\",\"breadcrumb\":{\"@id\":\"https:\/\/lazru.com\/widerrufsrecht\/#breadcrumb\"},\"inLanguage\":\"pt-PT\",\"potentialAction\":[{\"@type\":\"ReadAction\",\"target\":[\"https:\/\/lazru.com\/widerrufsrecht\/\"]}]},{\"@type\":\"ImageObject\",\"inLanguage\":\"pt-PT\",\"@id\":\"https:\/\/lazru.com\/widerrufsrecht\/#primaryimage\",\"url\":\"https:\/\/lazru.com\/wp-content\/uploads\/2023\/12\/Laz-2.jpg\",\"contentUrl\":\"https:\/\/lazru.com\/wp-content\/uploads\/2023\/12\/Laz-2.jpg\"},{\"@type\":\"BreadcrumbList\",\"@id\":\"https:\/\/lazru.com\/widerrufsrecht\/#breadcrumb\",\"itemListElement\":[{\"@type\":\"ListItem\",\"position\":1,\"name\":\"LAZRU\",\"item\":\"https:\/\/lazru.com\/\"},{\"@type\":\"ListItem\",\"position\":2,\"name\":\"Widerrufsrecht\"}]},{\"@type\":\"WebSite\",\"@id\":\"https:\/\/lazru.com\/es\/#website\",\"url\":\"https:\/\/lazru.com\/es\/\",\"name\":\"LAZRU\",\"description\":\"Wimpernserum &amp; Augenbrauenserum\",\"publisher\":{\"@id\":\"https:\/\/lazru.com\/es\/#organization\"},\"potentialAction\":[{\"@type\":\"SearchAction\",\"target\":{\"@type\":\"EntryPoint\",\"urlTemplate\":\"https:\/\/lazru.com\/es\/?s={search_term_string}\"},\"query-input\":{\"@type\":\"PropertyValueSpecification\",\"valueRequired\":true,\"valueName\":\"search_term_string\"}}],\"inLanguage\":\"pt-PT\"},{\"@type\":\"Organization\",\"@id\":\"https:\/\/lazru.com\/es\/#organization\",\"name\":\"LAZRU\",\"url\":\"https:\/\/lazru.com\/es\/\",\"logo\":{\"@type\":\"ImageObject\",\"inLanguage\":\"pt-PT\",\"@id\":\"https:\/\/lazru.com\/es\/#\/schema\/logo\/image\/\",\"url\":\"https:\/\/lazru.com\/wp-content\/uploads\/2021\/09\/cropped-lazru-wimpernserum-logo.png\",\"contentUrl\":\"https:\/\/lazru.com\/wp-content\/uploads\/2021\/09\/cropped-lazru-wimpernserum-logo.png\",\"width\":211,\"height\":97,\"caption\":\"LAZRU\"},\"image\":{\"@id\":\"https:\/\/lazru.com\/es\/#\/schema\/logo\/image\/\"},\"sameAs\":[\"https:\/\/www.instagram.com\/lazru_official\/\"]}]}<\/script>\n<!-- \/ Yoast SEO Premium plugin. -->","yoast_head_json":{"title":"Direito de retracta\u00e7\u00e3o - LAZRU","robots":{"index":"noindex","follow":"nofollow"},"og_locale":"pt_PT","og_type":"article","og_title":"Widerrufsrecht","og_description":"Widerrufsrecht f\u00fcr Verbraucher Verbraucher ist jede nat\u00fcrliche Person, die ein Rechtsgesch\u00e4ft zu Zwecken abschlie\u00dft, die \u00fcberwiegend weder ihrer gewerblichen noch ihrer selbstst\u00e4ndigen beruflichen T\u00e4tigkeit zugerechnet werden kann. Widerrufsbelehrung Lazru Widerrufsrecht [&hellip;]","og_url":"https:\/\/lazru.com\/pt\/widerrufsrecht\/","og_site_name":"LAZRU","article_modified_time":"2023-12-07T13:48:40+00:00","og_image":[{"url":"https:\/\/lazru.com\/wp-content\/uploads\/2023\/12\/Laz-2.jpg","type":"","width":"","height":""}],"twitter_card":"summary_large_image","twitter_misc":{"Tempo estimado de leitura":"5 minutos"},"schema":{"@context":"https:\/\/schema.org","@graph":[{"@type":"WebPage","@id":"https:\/\/lazru.com\/widerrufsrecht\/","url":"https:\/\/lazru.com\/widerrufsrecht\/","name":"Direito de retracta\u00e7\u00e3o - LAZRU","isPartOf":{"@id":"https:\/\/lazru.com\/es\/#website"},"primaryImageOfPage":{"@id":"https:\/\/lazru.com\/widerrufsrecht\/#primaryimage"},"image":{"@id":"https:\/\/lazru.com\/widerrufsrecht\/#primaryimage"},"thumbnailUrl":"https:\/\/lazru.com\/wp-content\/uploads\/2023\/12\/Laz-2.jpg","datePublished":"2021-09-14T13:12:11+00:00","dateModified":"2023-12-07T13:48:40+00:00","breadcrumb":{"@id":"https:\/\/lazru.com\/widerrufsrecht\/#breadcrumb"},"inLanguage":"pt-PT","potentialAction":[{"@type":"ReadAction","target":["https:\/\/lazru.com\/widerrufsrecht\/"]}]},{"@type":"ImageObject","inLanguage":"pt-PT","@id":"https:\/\/lazru.com\/widerrufsrecht\/#primaryimage","url":"https:\/\/lazru.com\/wp-content\/uploads\/2023\/12\/Laz-2.jpg","contentUrl":"https:\/\/lazru.com\/wp-content\/uploads\/2023\/12\/Laz-2.jpg"},{"@type":"BreadcrumbList","@id":"https:\/\/lazru.com\/widerrufsrecht\/#breadcrumb","itemListElement":[{"@type":"ListItem","position":1,"name":"LAZRU","item":"https:\/\/lazru.com\/"},{"@type":"ListItem","position":2,"name":"Widerrufsrecht"}]},{"@type":"WebSite","@id":"https:\/\/lazru.com\/es\/#website","url":"https:\/\/lazru.com\/es\/","name":"LAZRU","description":"Serum Pestanas &amp; Serum Sobrancelhas","publisher":{"@id":"https:\/\/lazru.com\/es\/#organization"},"potentialAction":[{"@type":"SearchAction","target":{"@type":"EntryPoint","urlTemplate":"https:\/\/lazru.com\/es\/?s={search_term_string}"},"query-input":{"@type":"PropertyValueSpecification","valueRequired":true,"valueName":"search_term_string"}}],"inLanguage":"pt-PT"},{"@type":"Organization","@id":"https:\/\/lazru.com\/es\/#organization","name":"LAZRU","url":"https:\/\/lazru.com\/es\/","logo":{"@type":"ImageObject","inLanguage":"pt-PT","@id":"https:\/\/lazru.com\/es\/#\/schema\/logo\/image\/","url":"https:\/\/lazru.com\/wp-content\/uploads\/2021\/09\/cropped-lazru-wimpernserum-logo.png","contentUrl":"https:\/\/lazru.com\/wp-content\/uploads\/2021\/09\/cropped-lazru-wimpernserum-logo.png","width":211,"height":97,"caption":"LAZRU"},"image":{"@id":"https:\/\/lazru.com\/es\/#\/schema\/logo\/image\/"},"sameAs":["https:\/\/www.instagram.com\/lazru_official\/"]}]}},"uagb_featured_image_src":{"full":false,"thumbnail":false,"medium":false,"medium_large":false,"large":false,"1536x1536":false,"2048x2048":false,"trp-custom-language-flag":false,"woocommerce_thumbnail":false,"woocommerce_single":false,"woocommerce_gallery_thumbnail":false,"crp_thumbnail":false},"uagb_author_info":{"display_name":"Kerem085","author_link":"https:\/\/lazru.com\/pt\/author\/kerem085\/"},"uagb_comment_info":0,"uagb_excerpt":"Widerrufsrecht f\u00fcr Verbraucher Verbraucher ist jede nat\u00fcrliche Person, die ein Rechtsgesch\u00e4ft zu Zwecken abschlie\u00dft, die \u00fcberwiegend weder ihrer gewerblichen noch ihrer selbstst\u00e4ndigen beruflichen T\u00e4tigkeit zugerechnet werden kann. Widerrufsbelehrung Lazru Widerrufsrecht [&hellip;]","coauthors":[],"author_meta":{"author_link":"https:\/\/lazru.com\/pt\/author\/kerem085\/","display_name":"Kerem085"},"relative_dates":{"created":"Posted 5 anos ago","modified":"Updated 2 anos ago"},"absolute_dates":{"created":"Posted on 14. Setembro 2021","modified":"Updated on 7. Dezembro 2023"},"absolute_dates_time":{"created":"Posted on 14. Setembro 2021 13:12","modified":"Updated on 7. Dezembro 2023 14:48"},"featured_img_caption":"","featured_img":false,"series_order":"","_links":{"self":[{"href":"https:\/\/lazru.com\/pt\/wp-json\/wp\/v2\/pages\/32","targetHints":{"allow":["GET"]}}],"collection":[{"href":"https:\/\/lazru.com\/pt\/wp-json\/wp\/v2\/pages"}],"about":[{"href":"https:\/\/lazru.com\/pt\/wp-json\/wp\/v2\/types\/page"}],"author":[{"embeddable":true,"href":"https:\/\/lazru.com\/pt\/wp-json\/wp\/v2\/users\/1"}],"replies":[{"embeddable":true,"href":"https:\/\/lazru.com\/pt\/wp-json\/wp\/v2\/comments?post=32"}],"version-history":[{"count":10,"href":"https:\/\/lazru.com\/pt\/wp-json\/wp\/v2\/pages\/32\/revisions"}],"predecessor-version":[{"id":22591,"href":"https:\/\/lazru.com\/pt\/wp-json\/wp\/v2\/pages\/32\/revisions\/22591"}],"wp:attachment":[{"href":"https:\/\/lazru.com\/pt\/wp-json\/wp\/v2\/media?parent=32"}],"curies":[{"name":"wp","href":"https:\/\/api.w.org\/{rel}","templated":true}]}}