{"id":31,"date":"2021-09-14T13:12:11","date_gmt":"2021-09-14T13:12:11","guid":{"rendered":"https:\/\/lazru.com\/agb"},"modified":"2023-06-15T13:42:16","modified_gmt":"2023-06-15T11:42:16","slug":"agb","status":"publish","type":"page","link":"https:\/\/lazru.com\/pt\/agb\/","title":{"rendered":"GT&amp;C"},"content":{"rendered":"<p><strong>Termos e Condi\u00e7\u00f5es Gerais e Informa\u00e7\u00e3o ao Cliente<\/strong><\/p>\n\n\n\n<p>I. Termos e Condi\u00e7\u00f5es Gerais<\/p>\n\n\n\n<p>\u00a7 1 Disposi\u00e7\u00f5es b\u00e1sicas<\/p>\n\n\n\n<p>(1) Os seguintes termos e condi\u00e7\u00f5es aplicam-se a todos os contratos que celebrar connosco como fornecedor (Lazru) atrav\u00e9s do website www.lazru.com. Salvo acordo em contr\u00e1rio, opomo-nos \u00e0 inclus\u00e3o de quaisquer termos e condi\u00e7\u00f5es pr\u00f3prias que possa utilizar.<\/p>\n\n\n\n<p>(2) Um consumidor, na acep\u00e7\u00e3o das seguintes disposi\u00e7\u00f5es, \u00e9 qualquer pessoa singular que celebra uma transac\u00e7\u00e3o legal para fins que n\u00e3o podem ser predominantemente atribu\u00eddos nem \u00e0 sua actividade comercial nem \u00e0 sua actividade profissional independente. Um empres\u00e1rio \u00e9 qualquer pessoa singular ou colectiva ou uma sociedade com capacidade jur\u00eddica que, ao concluir uma transac\u00e7\u00e3o legal, actua no exerc\u00edcio da sua actividade profissional ou comercial independente.<\/p>\n\n\n\n<p>\u00a7 2 Celebra\u00e7\u00e3o do contrato<\/p>\n\n\n\n<p>(1) O objecto do contrato \u00e9 a venda de mercadorias.<\/p>\n\n\n\n<p>(2) Ao colocar o respectivo produto no nosso website, submetemos-lhe uma oferta vinculativa para celebrar um contrato nas condi\u00e7\u00f5es indicadas na descri\u00e7\u00e3o do artigo.<\/p>\n\n\n\n<p>(3) O contrato \u00e9 celebrado atrav\u00e9s do sistema de cesto de compras em linha, como se segue:<br>Os bens destinados \u00e0 compra s\u00e3o colocados no \"carrinho de compras\". Pode chamar o \"carrinho de compras\" atrav\u00e9s do bot\u00e3o correspondente na barra de navega\u00e7\u00e3o e fazer altera\u00e7\u00f5es em qualquer altura.<br>Ap\u00f3s chamar a p\u00e1gina \"Checkout\" e introduzir os dados pessoais, bem como as condi\u00e7\u00f5es de pagamento e expedi\u00e7\u00e3o, todos os dados da encomenda s\u00e3o finalmente apresentados novamente na p\u00e1gina de resumo da encomenda.<br>Se utilizar um sistema de pagamento instant\u00e2neo (por exemplo, PayPal \/ PayPal Express \/ PayPal Plus, Amazon Payments, Postpay, Sofort\u00fcberweisung) como m\u00e9todo de pagamento, ser\u00e1 levado para a p\u00e1gina de resumo da encomenda na nossa loja online ou ser\u00e1 primeiro redireccionado para o website do fornecedor do sistema de pagamento instant\u00e2neo.<br>Se for redireccionado para o respectivo sistema de pagamento instant\u00e2neo, fa\u00e7a a selec\u00e7\u00e3o correspondente ou introduza a\u00ed os seus dados. Finalmente, ser\u00e1 redireccionado de volta \u00e0 nossa loja online para a p\u00e1gina de resumo de encomendas.<br>Antes de submeter a encomenda, tem a possibilidade de verificar novamente todos os detalhes, de os alterar (tamb\u00e9m atrav\u00e9s da fun\u00e7\u00e3o \"voltar\" do navegador de Internet) ou de cancelar a compra.<br>Ao enviar a encomenda atrav\u00e9s do bot\u00e3o \"comprar agora\", declara a aceita\u00e7\u00e3o juridicamente vinculativa da oferta, atrav\u00e9s da qual o contrato \u00e9 celebrado.<\/p>\n\n\n\n<p>(4) Os seus pedidos para a prepara\u00e7\u00e3o de uma oferta n\u00e3o s\u00e3o vinculativos para si. Apresentar-lhe-emos uma oferta vinculativa em forma de texto (por exemplo, por e-mail), que poder\u00e1 aceitar no prazo de 5 dias.<\/p>\n\n\n\n<p>(5) O processamento da encomenda e a transmiss\u00e3o de todas as informa\u00e7\u00f5es necess\u00e1rias relacionadas com a celebra\u00e7\u00e3o do contrato ser\u00e3o efectuados por correio electr\u00f3nico, em parte automaticamente. Deve, portanto, certificar-se de que o endere\u00e7o de correio electr\u00f3nico que nos forneceu est\u00e1 correcto, que a recep\u00e7\u00e3o dos e-mails est\u00e1 tecnicamente garantida e, em particular, que n\u00e3o \u00e9 impedida por filtros SPAM.<\/p>\n\n\n\n<p>\u00a7 3 Dura\u00e7\u00e3o do contrato \/ Rescis\u00e3o<\/p>\n\n\n\n<p>Se o contrato disser respeito a servi\u00e7os recorrentes\/permanentes (assinatura), o contrato \u00e9 celebrado por um per\u00edodo indeterminado. Cada parte no contrato tem o direito de rescindir esse contrato sem aviso pr\u00e9vio at\u00e9 \u00e0 data de entrega seguinte sem apresentar raz\u00f5es. O direito \u00e0 rescis\u00e3o extraordin\u00e1ria por justa causa, em particular o incumprimento repetido das principais obriga\u00e7\u00f5es contratuais, n\u00e3o ser\u00e1 afectado.<\/p>\n\n\n\n<p>O cancelamento pode ser feito na conta do cliente atrav\u00e9s do item de menu \"Subscri\u00e7\u00e3o\" e a\u00ed atrav\u00e9s do \"Formul\u00e1rio de cancelamento\" ou em forma de texto (por correio ou e-mail).<\/p>\n\n\n\n<p>\u00a7 4 Direito de reten\u00e7\u00e3o, reserva de propriedade<\/p>\n\n\n\n<p>(1) S\u00f3 pode exercer um direito de reten\u00e7\u00e3o na medida em que diga respeito a reivindica\u00e7\u00f5es da mesma rela\u00e7\u00e3o contratual.<\/p>\n\n\n\n<p>(2) A mercadoria permanece nossa propriedade at\u00e9 o pre\u00e7o de compra ter sido pago na totalidade.<\/p>\n\n\n\n<p>\u00a7 5 Responsabilidade civil<\/p>\n\n\n\n<p>(1) Seremos respons\u00e1veis em cada caso, sem limita\u00e7\u00e3o, por danos resultantes de les\u00e3o da vida, membro ou sa\u00fade. Al\u00e9m disso, seremos respons\u00e1veis sem limita\u00e7\u00f5es em todos os casos de inten\u00e7\u00e3o e neglig\u00eancia grave, em caso de oculta\u00e7\u00e3o fraudulenta de um defeito, em caso de assun\u00e7\u00e3o de uma garantia para a qualidade do objecto de compra e em todos os outros casos regulados por lei.<\/p>\n\n\n\n<p>(2) A responsabilidade por defeitos no \u00e2mbito da garantia legal ser\u00e1 regida pela disposi\u00e7\u00e3o correspondente na nossa informa\u00e7\u00e3o ao cliente (Parte II).<\/p>\n\n\n\n<p>(3) Na medida em que as obriga\u00e7\u00f5es contratuais essenciais sejam afectadas, a nossa responsabilidade por neglig\u00eancia ligeira ser\u00e1 limitada aos danos previs\u00edveis t\u00edpicos do contrato. As obriga\u00e7\u00f5es contratuais materiais s\u00e3o obriga\u00e7\u00f5es materiais que decorrem da natureza do contrato e cuja viola\u00e7\u00e3o comprometeria a realiza\u00e7\u00e3o do objectivo do contrato, bem como as obriga\u00e7\u00f5es que o contrato nos imp\u00f5e de acordo com o seu conte\u00fado a fim de alcan\u00e7ar o objectivo do contrato, cujo cumprimento torna poss\u00edvel a boa execu\u00e7\u00e3o do contrato em primeiro lugar e cujo cumprimento pode confiar regularmente.<\/p>\n\n\n\n<p>(4) Em caso de incumprimento de obriga\u00e7\u00f5es contratuais imateriais, a responsabilidade \u00e9 exclu\u00edda em caso de incumprimento de obriga\u00e7\u00f5es ligeiramente negligente.<\/p>\n\n\n\n<p>(5) N\u00e3o se pode garantir que a comunica\u00e7\u00e3o de dados atrav\u00e9s da Internet esteja sempre livre de erros e\/ou dispon\u00edvel de acordo com o estado actual da t\u00e9cnica. A este respeito, n\u00e3o nos responsabilizamos pela disponibilidade constante ou ininterrupta do website e do servi\u00e7o a\u00ed oferecido.<\/p>\n\n\n\n<p>\u00a7 6 Escolha da lei, local de execu\u00e7\u00e3o, local de jurisdi\u00e7\u00e3o<\/p>\n\n\n\n<p>(1) \u00c9 aplic\u00e1vel a lei alem\u00e3. No caso dos consumidores, esta escolha de lei s\u00f3 se aplica na medida em que a protec\u00e7\u00e3o concedida pelas disposi\u00e7\u00f5es imperativas da lei do Estado da resid\u00eancia habitual do consumidor n\u00e3o seja retirada em resultado disso (princ\u00edpio da favorecimento).<\/p>\n\n\n\n<p>(2) O local de execu\u00e7\u00e3o de todos os servi\u00e7os decorrentes das rela\u00e7\u00f5es comerciais existentes connosco, bem como o local de jurisdi\u00e7\u00e3o \u00e9 a nossa sede social, na medida em que n\u00e3o se trata de um consumidor mas sim de um comerciante, de uma entidade jur\u00eddica de direito p\u00fablico ou de um fundo especial de direito p\u00fablico. O mesmo se aplica se n\u00e3o tiver um local de jurisdi\u00e7\u00e3o geral na Alemanha ou na UE ou se o seu local de resid\u00eancia ou resid\u00eancia habitual for desconhecido no momento em que a ac\u00e7\u00e3o \u00e9 intentada. O direito de intentar uma ac\u00e7\u00e3o perante o tribunal noutro local de jurisdi\u00e7\u00e3o estatut\u00e1ria n\u00e3o \u00e9 afectado por este facto.<\/p>\n\n\n\n<p>(3) As disposi\u00e7\u00f5es da Conven\u00e7\u00e3o das Na\u00e7\u00f5es Unidas sobre Contratos para a Venda Internacional de Mercadorias n\u00e3o se aplicam expressamente.<\/p>\n\n\n\n<p>_______<\/p>\n\n\n\n<p>II. Informa\u00e7\u00e3o ao cliente<\/p>\n\n\n\n<p>1. Identidade do vendedor<\/p>\n\n\n\n<figure class=\"wp-block-image size-full is-resized\"><a href=\"https:\/\/lazru.com\/wp-content\/uploads\/2023\/06\/Laz.jpg\"><img loading=\"lazy\" decoding=\"async\" src=\"https:\/\/lazru.com\/wp-content\/uploads\/2023\/06\/Laz.jpg\" alt=\"\" class=\"wp-image-16396\" width=\"259\" height=\"272\" srcset=\"https:\/\/lazru.com\/wp-content\/uploads\/2023\/06\/Laz.jpg 650w, https:\/\/lazru.com\/wp-content\/uploads\/2023\/06\/Laz-285x300.jpg 285w, https:\/\/lazru.com\/wp-content\/uploads\/2023\/06\/Laz-11x12.jpg 11w, https:\/\/lazru.com\/wp-content\/uploads\/2023\/06\/Laz-600x632.jpg 600w\" sizes=\"auto, (max-width: 259px) 100vw, 259px\" \/><\/a><\/figure>\n\n\n\n<p><\/p>\n\n\n\n<p>A Comiss\u00e3o Europeia fornece uma plataforma de resolu\u00e7\u00e3o extrajudicial de lit\u00edgios em linha (plataforma ODR), dispon\u00edvel em&nbsp;<a href=\"http:\/\/ec.europa.eu\/odr\" target=\"_blank\" rel=\"noreferrer noopener\">http:\/\/ec.europa.eu\/odr<\/a>.<\/p>\n\n\n\n<p>2. Informa\u00e7\u00f5es sobre a celebra\u00e7\u00e3o do contrato<\/p>\n\n\n\n<p>As etapas t\u00e9cnicas para a celebra\u00e7\u00e3o do contrato, a celebra\u00e7\u00e3o do pr\u00f3prio contrato e as op\u00e7\u00f5es de correc\u00e7\u00e3o s\u00e3o realizadas de acordo com o \u00a7 2 dos nossos Termos e Condi\u00e7\u00f5es Gerais (Parte I.).<\/p>\n\n\n\n<p>3. L\u00edngua do contrato, armazenamento de texto do contrato<\/p>\n\n\n\n<p>3.1. A l\u00edngua contratual \u00e9 o ingl\u00eas.<\/p>\n\n\n\n<p>3.2 O texto completo do contrato n\u00e3o ser\u00e1 armazenado por n\u00f3s. Antes de enviar a encomenda atrav\u00e9s do sistema de cesto de compras online, os dados do contrato podem ser impressos ou guardados electronicamente usando a fun\u00e7\u00e3o de impress\u00e3o do navegador. Ap\u00f3s a recep\u00e7\u00e3o da encomenda por n\u00f3s, os dados da encomenda, as informa\u00e7\u00f5es legalmente exigidas para contratos \u00e0 dist\u00e2ncia e os Termos e Condi\u00e7\u00f5es Gerais ser-lhe-\u00e3o novamente enviados por e-mail.<\/p>\n\n\n\n<p>3.3 No caso de pedidos de cota\u00e7\u00e3o fora do sistema de cesto de compras online, receber\u00e1 todos os dados contratuais como parte de uma oferta vinculativa em forma de texto, por exemplo, por e-mail, que pode imprimir ou guardar electronicamente.<\/p>\n\n\n\n<p>4. Caracter\u00edsticas essenciais dos bens ou servi\u00e7os<\/p>\n\n\n\n<p>As caracter\u00edsticas essenciais dos bens e\/ou servi\u00e7os podem ser encontradas na respectiva oferta.<\/p>\n\n\n\n<p>5. Pre\u00e7os e modalidades de pagamento<\/p>\n\n\n\n<p>5.1 Os pre\u00e7os indicados nas respectivas ofertas, bem como os custos de transporte representam os pre\u00e7os totais. Incluem todas as componentes do pre\u00e7o, incluindo todos os impostos aplic\u00e1veis.<\/p>\n\n\n\n<p>5.2 Os custos de transporte incorridos n\u00e3o est\u00e3o inclu\u00eddos no pre\u00e7o de compra. Podem ser chamados atrav\u00e9s de um bot\u00e3o correspondente designado no nosso website ou na respectiva oferta, s\u00e3o mostrados separadamente no decurso do processo de encomenda e devem ser suportados adicionalmente por si, a menos que tenha sido prometida a entrega gratuita.<\/p>\n\n\n\n<p>5.3 Os m\u00e9todos de pagamento \u00e0 sua disposi\u00e7\u00e3o s\u00e3o mostrados sob um bot\u00e3o correspondente designado no nosso website ou na respectiva oferta.<\/p>\n\n\n\n<p>5.4 Salvo indica\u00e7\u00e3o em contr\u00e1rio nos m\u00e9todos de pagamento individuais, os pedidos de pagamento decorrentes do contrato celebrado s\u00e3o imediatamente exig\u00edveis.<\/p>\n\n\n\n<p>6. Condi\u00e7\u00f5es de entrega<\/p>\n\n\n\n<p>6.1 Os termos e condi\u00e7\u00f5es de entrega, a data de entrega e quaisquer restri\u00e7\u00f5es de entrega existentes podem ser encontrados sob um bot\u00e3o correspondente designado no nosso website ou na respectiva oferta.<\/p>\n\n\n\n<p>6.2 Se for consumidor, \u00e9 regulado por lei que o risco de perda acidental e deteriora\u00e7\u00e3o acidental do artigo vendido durante o envio s\u00f3 lhe passa no momento da entrega da mercadoria, independentemente de o envio estar segurado ou n\u00e3o. Isto n\u00e3o se aplica se tiver encomendado independentemente uma empresa de transportes n\u00e3o nomeada pelo empres\u00e1rio ou uma pessoa de outro modo designada para efectuar o envio.<\/p>\n\n\n\n<p>7. Responsabilidade legal por defeitos<\/p>\n\n\n\n<p>7.1 S\u00e3o aplic\u00e1veis os direitos legais de responsabilidade por defeitos.<\/p>\n\n\n\n<p>7.2 Como consumidor, \u00e9-lhe pedido que verifique a integridade, defeitos \u00f3bvios e danos de transporte da mercadoria imediatamente ap\u00f3s a entrega e que nos notifique a n\u00f3s e ao transportador de quaisquer reclama\u00e7\u00f5es o mais rapidamente poss\u00edvel. Se n\u00e3o cumprir com isto, isto n\u00e3o afectar\u00e1 as suas reivindica\u00e7\u00f5es de garantia estatut\u00e1ria.<\/p>","protected":false},"excerpt":{"rendered":"<p>Allgemeine Gesch\u00e4ftsbedingungen und Kundeninformationen I. Allgemeine Gesch\u00e4ftsbedingungen \u00a7 1 Grundlegende Bestimmungen (1) Die nachstehenden Gesch\u00e4ftsbedingungen gelten f\u00fcr alle Vertr\u00e4ge, die Sie mit uns als Anbieter (Lazru) \u00fcber die Internetseite www.lazru.com [&hellip;]<\/p>","protected":false},"author":1,"featured_media":0,"parent":0,"menu_order":0,"comment_status":"closed","ping_status":"closed","template":"","meta":{"_uag_custom_page_level_css":"","advgb_blocks_editor_width":"","advgb_blocks_columns_visual_guide":"","site-sidebar-layout":"default","site-content-layout":"default","ast-site-content-layout":"default","site-content-style":"default","site-sidebar-style":"default","ast-global-header-display":"","ast-banner-title-visibility":"","ast-main-header-display":"","ast-hfb-above-header-display":"","ast-hfb-below-header-display":"","ast-hfb-mobile-header-display":"","site-post-title":"","ast-breadcrumbs-content":"","ast-featured-img":"","footer-sml-layout":"","ast-disable-related-posts":"","theme-transparent-header-meta":"default","adv-header-id-meta":"","stick-header-meta":"default","header-above-stick-meta":"","header-main-stick-meta":"","header-below-stick-meta":"","astra-migrate-meta-layouts":"default","ast-page-background-enabled":"default","ast-page-background-meta":{"desktop":{"background-color":"","background-image":"","background-repeat":"repeat","background-position":"center center","background-size":"auto","background-attachment":"scroll","background-type":"","background-media":"","overlay-type":"","overlay-color":"","overlay-opacity":"","overlay-gradient":""},"tablet":{"background-color":"","background-image":"","background-repeat":"repeat","background-position":"center center","background-size":"auto","background-attachment":"scroll","background-type":"","background-media":"","overlay-type":"","overlay-color":"","overlay-opacity":"","overlay-gradient":""},"mobile":{"background-color":"","background-image":"","background-repeat":"repeat","background-position":"center center","background-size":"auto","background-attachment":"scroll","background-type":"","background-media":"","overlay-type":"","overlay-color":"","overlay-opacity":"","overlay-gradient":""}},"ast-content-background-meta":{"desktop":{"background-color":"var(--ast-global-color-5)","background-image":"","background-repeat":"repeat","background-position":"center center","background-size":"auto","background-attachment":"scroll","background-type":"","background-media":"","overlay-type":"","overlay-color":"","overlay-opacity":"","overlay-gradient":""},"tablet":{"background-color":"var(--ast-global-color-5)","background-image":"","background-repeat":"repeat","background-position":"center center","background-size":"auto","background-attachment":"scroll","background-type":"","background-media":"","overlay-type":"","overlay-color":"","overlay-opacity":"","overlay-gradient":""},"mobile":{"background-color":"var(--ast-global-color-5)","background-image":"","background-repeat":"repeat","background-position":"center center","background-size":"auto","background-attachment":"scroll","background-type":"","background-media":"","overlay-type":"","overlay-color":"","overlay-opacity":"","overlay-gradient":""}},"footnotes":""},"class_list":["post-31","page","type-page","status-publish","hentry"],"featured_image_src":null,"yoast_head":"<!-- This site is optimized with the Yoast SEO Premium plugin v23.4 (Yoast SEO v26.6) - https:\/\/yoast.com\/wordpress\/plugins\/seo\/ -->\n<title>AGB - LAZRU<\/title>\n<meta name=\"robots\" content=\"noindex, follow\" \/>\n<meta property=\"og:locale\" content=\"pt_PT\" \/>\n<meta property=\"og:type\" content=\"article\" \/>\n<meta property=\"og:title\" content=\"AGB\" \/>\n<meta property=\"og:description\" content=\"Allgemeine Gesch\u00e4ftsbedingungen und Kundeninformationen I. Allgemeine Gesch\u00e4ftsbedingungen \u00a7 1 Grundlegende Bestimmungen (1) Die nachstehenden Gesch\u00e4ftsbedingungen gelten f\u00fcr alle Vertr\u00e4ge, die Sie mit uns als Anbieter (Lazru) \u00fcber die Internetseite www.lazru.com [&hellip;]\" \/>\n<meta property=\"og:url\" content=\"https:\/\/lazru.com\/pt\/agb\/\" \/>\n<meta property=\"og:site_name\" content=\"LAZRU\" \/>\n<meta property=\"article:modified_time\" content=\"2023-06-15T11:42:16+00:00\" \/>\n<meta property=\"og:image\" content=\"https:\/\/lazru.com\/wp-content\/uploads\/2023\/06\/Laz.jpg\" \/>\n<meta name=\"twitter:card\" content=\"summary_large_image\" \/>\n<meta name=\"twitter:label1\" content=\"Tempo estimado de leitura\" \/>\n\t<meta name=\"twitter:data1\" content=\"8 minutos\" \/>\n<script type=\"application\/ld+json\" class=\"yoast-schema-graph\">{\"@context\":\"https:\/\/schema.org\",\"@graph\":[{\"@type\":\"WebPage\",\"@id\":\"https:\/\/lazru.com\/agb\/\",\"url\":\"https:\/\/lazru.com\/agb\/\",\"name\":\"AGB - LAZRU\",\"isPartOf\":{\"@id\":\"https:\/\/lazru.com\/es\/#website\"},\"primaryImageOfPage\":{\"@id\":\"https:\/\/lazru.com\/agb\/#primaryimage\"},\"image\":{\"@id\":\"https:\/\/lazru.com\/agb\/#primaryimage\"},\"thumbnailUrl\":\"https:\/\/lazru.com\/wp-content\/uploads\/2023\/06\/Laz.jpg\",\"datePublished\":\"2021-09-14T13:12:11+00:00\",\"dateModified\":\"2023-06-15T11:42:16+00:00\",\"breadcrumb\":{\"@id\":\"https:\/\/lazru.com\/agb\/#breadcrumb\"},\"inLanguage\":\"pt-PT\",\"potentialAction\":[{\"@type\":\"ReadAction\",\"target\":[\"https:\/\/lazru.com\/agb\/\"]}]},{\"@type\":\"ImageObject\",\"inLanguage\":\"pt-PT\",\"@id\":\"https:\/\/lazru.com\/agb\/#primaryimage\",\"url\":\"https:\/\/lazru.com\/wp-content\/uploads\/2023\/06\/Laz.jpg\",\"contentUrl\":\"https:\/\/lazru.com\/wp-content\/uploads\/2023\/06\/Laz.jpg\"},{\"@type\":\"BreadcrumbList\",\"@id\":\"https:\/\/lazru.com\/agb\/#breadcrumb\",\"itemListElement\":[{\"@type\":\"ListItem\",\"position\":1,\"name\":\"LAZRU\",\"item\":\"https:\/\/lazru.com\/\"},{\"@type\":\"ListItem\",\"position\":2,\"name\":\"AGB\"}]},{\"@type\":\"WebSite\",\"@id\":\"https:\/\/lazru.com\/es\/#website\",\"url\":\"https:\/\/lazru.com\/es\/\",\"name\":\"LAZRU\",\"description\":\"Wimpernserum &amp; Augenbrauenserum\",\"publisher\":{\"@id\":\"https:\/\/lazru.com\/es\/#organization\"},\"potentialAction\":[{\"@type\":\"SearchAction\",\"target\":{\"@type\":\"EntryPoint\",\"urlTemplate\":\"https:\/\/lazru.com\/es\/?s={search_term_string}\"},\"query-input\":{\"@type\":\"PropertyValueSpecification\",\"valueRequired\":true,\"valueName\":\"search_term_string\"}}],\"inLanguage\":\"pt-PT\"},{\"@type\":\"Organization\",\"@id\":\"https:\/\/lazru.com\/es\/#organization\",\"name\":\"LAZRU\",\"url\":\"https:\/\/lazru.com\/es\/\",\"logo\":{\"@type\":\"ImageObject\",\"inLanguage\":\"pt-PT\",\"@id\":\"https:\/\/lazru.com\/es\/#\/schema\/logo\/image\/\",\"url\":\"https:\/\/lazru.com\/wp-content\/uploads\/2021\/09\/cropped-lazru-wimpernserum-logo.png\",\"contentUrl\":\"https:\/\/lazru.com\/wp-content\/uploads\/2021\/09\/cropped-lazru-wimpernserum-logo.png\",\"width\":211,\"height\":97,\"caption\":\"LAZRU\"},\"image\":{\"@id\":\"https:\/\/lazru.com\/es\/#\/schema\/logo\/image\/\"},\"sameAs\":[\"https:\/\/www.instagram.com\/lazru_official\/\"]}]}<\/script>\n<!-- \/ Yoast SEO Premium plugin. -->","yoast_head_json":{"title":"AGB - LAZRU","robots":{"index":"noindex","follow":"follow"},"og_locale":"pt_PT","og_type":"article","og_title":"AGB","og_description":"Allgemeine Gesch\u00e4ftsbedingungen und Kundeninformationen I. Allgemeine Gesch\u00e4ftsbedingungen \u00a7 1 Grundlegende Bestimmungen (1) Die nachstehenden Gesch\u00e4ftsbedingungen gelten f\u00fcr alle Vertr\u00e4ge, die Sie mit uns als Anbieter (Lazru) \u00fcber die Internetseite www.lazru.com [&hellip;]","og_url":"https:\/\/lazru.com\/pt\/agb\/","og_site_name":"LAZRU","article_modified_time":"2023-06-15T11:42:16+00:00","og_image":[{"url":"https:\/\/lazru.com\/wp-content\/uploads\/2023\/06\/Laz.jpg","type":"","width":"","height":""}],"twitter_card":"summary_large_image","twitter_misc":{"Tempo estimado de leitura":"8 minutos"},"schema":{"@context":"https:\/\/schema.org","@graph":[{"@type":"WebPage","@id":"https:\/\/lazru.com\/agb\/","url":"https:\/\/lazru.com\/agb\/","name":"AGB - LAZRU","isPartOf":{"@id":"https:\/\/lazru.com\/es\/#website"},"primaryImageOfPage":{"@id":"https:\/\/lazru.com\/agb\/#primaryimage"},"image":{"@id":"https:\/\/lazru.com\/agb\/#primaryimage"},"thumbnailUrl":"https:\/\/lazru.com\/wp-content\/uploads\/2023\/06\/Laz.jpg","datePublished":"2021-09-14T13:12:11+00:00","dateModified":"2023-06-15T11:42:16+00:00","breadcrumb":{"@id":"https:\/\/lazru.com\/agb\/#breadcrumb"},"inLanguage":"pt-PT","potentialAction":[{"@type":"ReadAction","target":["https:\/\/lazru.com\/agb\/"]}]},{"@type":"ImageObject","inLanguage":"pt-PT","@id":"https:\/\/lazru.com\/agb\/#primaryimage","url":"https:\/\/lazru.com\/wp-content\/uploads\/2023\/06\/Laz.jpg","contentUrl":"https:\/\/lazru.com\/wp-content\/uploads\/2023\/06\/Laz.jpg"},{"@type":"BreadcrumbList","@id":"https:\/\/lazru.com\/agb\/#breadcrumb","itemListElement":[{"@type":"ListItem","position":1,"name":"LAZRU","item":"https:\/\/lazru.com\/"},{"@type":"ListItem","position":2,"name":"AGB"}]},{"@type":"WebSite","@id":"https:\/\/lazru.com\/es\/#website","url":"https:\/\/lazru.com\/es\/","name":"LAZRU","description":"Serum Pestanas &amp; Serum Sobrancelhas","publisher":{"@id":"https:\/\/lazru.com\/es\/#organization"},"potentialAction":[{"@type":"SearchAction","target":{"@type":"EntryPoint","urlTemplate":"https:\/\/lazru.com\/es\/?s={search_term_string}"},"query-input":{"@type":"PropertyValueSpecification","valueRequired":true,"valueName":"search_term_string"}}],"inLanguage":"pt-PT"},{"@type":"Organization","@id":"https:\/\/lazru.com\/es\/#organization","name":"LAZRU","url":"https:\/\/lazru.com\/es\/","logo":{"@type":"ImageObject","inLanguage":"pt-PT","@id":"https:\/\/lazru.com\/es\/#\/schema\/logo\/image\/","url":"https:\/\/lazru.com\/wp-content\/uploads\/2021\/09\/cropped-lazru-wimpernserum-logo.png","contentUrl":"https:\/\/lazru.com\/wp-content\/uploads\/2021\/09\/cropped-lazru-wimpernserum-logo.png","width":211,"height":97,"caption":"LAZRU"},"image":{"@id":"https:\/\/lazru.com\/es\/#\/schema\/logo\/image\/"},"sameAs":["https:\/\/www.instagram.com\/lazru_official\/"]}]}},"uagb_featured_image_src":{"full":false,"thumbnail":false,"medium":false,"medium_large":false,"large":false,"1536x1536":false,"2048x2048":false,"trp-custom-language-flag":false,"woocommerce_thumbnail":false,"woocommerce_single":false,"woocommerce_gallery_thumbnail":false,"crp_thumbnail":false},"uagb_author_info":{"display_name":"Kerem085","author_link":"https:\/\/lazru.com\/pt\/author\/kerem085\/"},"uagb_comment_info":0,"uagb_excerpt":"Allgemeine Gesch\u00e4ftsbedingungen und Kundeninformationen I. Allgemeine Gesch\u00e4ftsbedingungen \u00a7 1 Grundlegende Bestimmungen (1) Die nachstehenden Gesch\u00e4ftsbedingungen gelten f\u00fcr alle Vertr\u00e4ge, die Sie mit uns als Anbieter (Lazru) \u00fcber die Internetseite www.lazru.com [&hellip;]","coauthors":[],"author_meta":{"author_link":"https:\/\/lazru.com\/pt\/author\/kerem085\/","display_name":"Kerem085"},"relative_dates":{"created":"Posted 5 anos ago","modified":"Updated 3 anos ago"},"absolute_dates":{"created":"Posted on 14. Setembro 2021","modified":"Updated on 15. Junho 2023"},"absolute_dates_time":{"created":"Posted on 14. Setembro 2021 13:12","modified":"Updated on 15. Junho 2023 13:42"},"featured_img_caption":"","featured_img":false,"series_order":"","_links":{"self":[{"href":"https:\/\/lazru.com\/pt\/wp-json\/wp\/v2\/pages\/31","targetHints":{"allow":["GET"]}}],"collection":[{"href":"https:\/\/lazru.com\/pt\/wp-json\/wp\/v2\/pages"}],"about":[{"href":"https:\/\/lazru.com\/pt\/wp-json\/wp\/v2\/types\/page"}],"author":[{"embeddable":true,"href":"https:\/\/lazru.com\/pt\/wp-json\/wp\/v2\/users\/1"}],"replies":[{"embeddable":true,"href":"https:\/\/lazru.com\/pt\/wp-json\/wp\/v2\/comments?post=31"}],"version-history":[{"count":3,"href":"https:\/\/lazru.com\/pt\/wp-json\/wp\/v2\/pages\/31\/revisions"}],"predecessor-version":[{"id":16915,"href":"https:\/\/lazru.com\/pt\/wp-json\/wp\/v2\/pages\/31\/revisions\/16915"}],"wp:attachment":[{"href":"https:\/\/lazru.com\/pt\/wp-json\/wp\/v2\/media?parent=31"}],"curies":[{"name":"wp","href":"https:\/\/api.w.org\/{rel}","templated":true}]}}