{"id":141,"date":"2021-09-14T15:40:59","date_gmt":"2021-09-14T13:40:59","guid":{"rendered":"https:\/\/lazru.com\/?post_type=product&#038;p=141"},"modified":"2026-04-15T10:52:10","modified_gmt":"2026-04-15T08:52:10","slug":"wimpernserum-und-augenbrauenserum","status":"publish","type":"product","link":"https:\/\/lazru.com\/pl\/produkt\/serum-do-rzes-i-brwi\/","title":{"rendered":"Lazru Serum"},"content":{"rendered":"<h2>Zastosowanie:<\/h2>\n<p>Stosowa\u0107 raz lub dwa razy dziennie. Przed u\u017cyciem dobrze wstrz\u0105sn\u0105\u0107. Na\u0142o\u017cy\u0107 niewielk\u0105 ilo\u015b\u0107 ostro\u017cnie i r\u00f3wnomiernie na rz\u0119sy lub brwi. Tylko do u\u017cytku zewn\u0119trznego. Unika\u0107 bezpo\u015bredniego kontaktu z oczami. Przechowywa\u0107 w temperaturze pokojowej, w miejscu niedost\u0119pnym dla dzieci.<\/p>\n<h2><span style=\"color: #8a949c\">Obud\u017a swoje pi\u0119kno z Lazru: Dla zniewalaj\u0105cych Rz\u0119s i Brwi, kt\u00f3re przyci\u0105gaj\u0105 wzrok!<\/span><\/h2>\n<p><a href=\"https:\/\/lazru.com\/wp-content\/uploads\/2026\/04\/lazru_anwendung.jpg\"><img loading=\"lazy\" decoding=\"async\" class=\"wp-image-18048 size-full\" src=\"https:\/\/lazru.com\/wp-content\/uploads\/2026\/04\/lazru_anwendung.jpg\" alt=\"Lazru\" width=\"2000\" height=\"1080\" \/><\/a><\/p>\n<p>Wyobra\u017a sobie, \u017ce jeste\u015b w stanie wzmocni\u0107 i zrewitalizowa\u0107 s\u0142abe rz\u0119sy i brwi za pomoc\u0105 tylko jednego produktu. Lazru sprawia, \u017ce jest to mo\u017cliwe! Nasze rewolucyjne serum, b\u0119d\u0105ce wynikiem szeroko zakrojonych bada\u0144 i rozwoju, zawiera wysoce skoncentrowan\u0105 mieszank\u0119 67 naturalnych sk\u0142adnik\u00f3w, kt\u00f3re mog\u0105 pom\u00f3c od\u017cywi\u0107, wzmocni\u0107 i promowa\u0107 wzrost rz\u0119s i brwi.<\/p>\n<p>Jedn\u0105 z rzeczy, kt\u00f3re sprawiaj\u0105, \u017ce Lazru jest wyj\u0105tkowy, jest celowe unikanie hormonu prostaglandyny i powi\u0105zanych z nim pochodnych prostaglandyny. Niekt\u00f3re produkty na rynku zawieraj\u0105 te substancje, kt\u00f3re mog\u0105 stymulowa\u0107 wzrost w\u0142os\u00f3w, ale s\u0105 one r\u00f3wnie\u017c zwi\u0105zane z wieloma mo\u017cliwymi skutkami ubocznymi, w tym zaczerwienieniem, podra\u017cnieniem i przebarwieniami sk\u00f3ry. Dlatego te\u017c nie s\u0105 one odpowiednie dla wszystkich, zw\u0142aszcza dla os\u00f3b o wra\u017cliwej sk\u00f3rze lub s\u0142abym uk\u0142adzie odporno\u015bciowym, a tak\u017ce dla kobiet w ci\u0105\u017cy i karmi\u0105cych piersi\u0105. Z drugiej strony Lazru nie zawiera hormon\u00f3w 100%, co oznacza, \u017ce nie stwarza takiego ryzyka.<\/p>\n<p>Dzi\u0119ki Lazru korzystasz z pot\u0119gi nauki i natury. Bogate w ekstrakty ro\u015blinne, naturalne oleje, witaminy i aminokwasy, nasze serum wykorzystuje innowacyjne metody produkcji, takie jak fermentacja i technologia liposomalna, aby zapewni\u0107, \u017ce sk\u0142adniki aktywne s\u0105 dostarczane specjalnie do cebulek w\u0142os\u00f3w.<\/p>\n<p>Lazru jest r\u00f3wnie\u017c 100% wolny od formaldehydu, ftalan\u00f3w, siarczan\u00f3w, paraben\u00f3w, silikon\u00f3w i olej\u00f3w mineralnych i zosta\u0142 zaprojektowany tak, aby by\u0142 bezpieczny i przyjazny dla sk\u00f3ry.<\/p>\n<p>Po co wi\u0119c \u017cy\u0107 ze s\u0142abymi, cienkimi rz\u0119sami i brwiami, skoro mo\u017cna je wzmocni\u0107 i zrewitalizowa\u0107 dzi\u0119ki Lazru? Wypr\u00f3buj nasze serum i przekonaj si\u0119, jak uwalnia naturalny potencja\u0142 Twoich rz\u0119s i brwi!<\/p>\n<h2>Przed\/Po:<\/h2>\n<p>Prosimy o przesy\u0142anie zdj\u0119\u0107 na adres support@lazru.com<\/p>\n<p><img loading=\"lazy\" decoding=\"async\" class=\"alignnone size-medium wp-image-54\" src=\"https:\/\/lazru.com\/wp-content\/uploads\/2021\/09\/Lazru-06-300x290.jpg\" alt=\"\" width=\"300\" height=\"290\" srcset=\"https:\/\/lazru.com\/wp-content\/uploads\/2021\/09\/Lazru-06-300x290.jpg 300w, https:\/\/lazru.com\/wp-content\/uploads\/2021\/09\/Lazru-06-600x580.jpg 600w, https:\/\/lazru.com\/wp-content\/uploads\/2021\/09\/Lazru-06.jpg 696w\" sizes=\"auto, (max-width: 300px) 100vw, 300px\" \/><\/p>\n<p><img loading=\"lazy\" decoding=\"async\" class=\"size-medium wp-image-79\" src=\"https:\/\/lazru.com\/wp-content\/uploads\/2021\/09\/Lazru-05-300x290.jpg\" alt=\"Do\u015bwiadczenie Lazru\" width=\"300\" height=\"290\" srcset=\"https:\/\/lazru.com\/wp-content\/uploads\/2021\/09\/Lazru-05-300x290.jpg 300w, https:\/\/lazru.com\/wp-content\/uploads\/2021\/09\/Lazru-05-600x580.jpg 600w, https:\/\/lazru.com\/wp-content\/uploads\/2021\/09\/Lazru-05.jpg 696w\" sizes=\"auto, (max-width: 300px) 100vw, 300px\" \/><\/p>\n<p><img loading=\"lazy\" decoding=\"async\" class=\"size-medium wp-image-77\" src=\"https:\/\/lazru.com\/wp-content\/uploads\/2021\/09\/Lazru-07-1-300x290.jpg\" alt=\"Do\u015bwiadczenia Lazru\" width=\"300\" height=\"290\" srcset=\"https:\/\/lazru.com\/wp-content\/uploads\/2021\/09\/Lazru-07-1-300x290.jpg 300w, https:\/\/lazru.com\/wp-content\/uploads\/2021\/09\/Lazru-07-1-600x580.jpg 600w, https:\/\/lazru.com\/wp-content\/uploads\/2021\/09\/Lazru-07-1.jpg 696w\" sizes=\"auto, (max-width: 300px) 100vw, 300px\" \/><\/p>","protected":false},"excerpt":{"rendered":"<p class=\"p1\"><span class=\"s1\">Serum do Rz\u0119s &amp; Serum do Brwi<br \/>\n<span style=\"color: #5bc98b\"><strong>Nowo\u015b\u0107: preparat liposomalny!<\/strong><\/span><\/span><\/p>\n<ul>\n<li>Na porost Rz\u0119s<\/li>\n<li>Na porost Brwi<\/li>\n<li>Bez Hormon\u00f3w<\/li>\n<li>Bez prostaglandyn<\/li>\n<li>Testowany dermatologicznie<\/li>\n<\/ul>\n<p><img loading=\"lazy\" decoding=\"async\" class=\"alignnone wp-image-48\" src=\"https:\/\/lazru.com\/wp-content\/uploads\/2021\/09\/Lo-2.jpg\" alt=\"\" width=\"283\" height=\"25\" srcset=\"https:\/\/lazru.com\/wp-content\/uploads\/2021\/09\/Lo-2.jpg 941w, https:\/\/lazru.com\/wp-content\/uploads\/2021\/09\/Lo-2-600x53.jpg 600w, https:\/\/lazru.com\/wp-content\/uploads\/2021\/09\/Lo-2-300x26.jpg 300w, https:\/\/lazru.com\/wp-content\/uploads\/2021\/09\/Lo-2-768x68.jpg 768w\" sizes=\"auto, (max-width: 283px) 100vw, 283px\" \/><\/p>\n<p><a href=\"https:\/\/lazru.com\/wp-content\/uploads\/2022\/06\/Lazru-EN.jpg\"><img loading=\"lazy\" decoding=\"async\" class=\"wp-image-2445\" src=\"https:\/\/lazru.com\/wp-content\/uploads\/2022\/06\/Lazru-EN.jpg\" alt=\"Test Lazru\" width=\"170\" height=\"106\" srcset=\"https:\/\/lazru.com\/wp-content\/uploads\/2022\/06\/Lazru-EN.jpg 407w, https:\/\/lazru.com\/wp-content\/uploads\/2022\/06\/Lazru-EN-300x187.jpg 300w, https:\/\/lazru.com\/wp-content\/uploads\/2022\/06\/Lazru-EN-18x12.jpg 18w\" sizes=\"auto, (max-width: 170px) 100vw, 170px\" \/><\/a><\/p>","protected":false},"featured_media":44275,"template":"","meta":[],"product_brand":[],"product_cat":[201],"product_tag":[43,42],"class_list":{"0":"post-141","1":"product","2":"type-product","3":"status-publish","4":"has-post-thumbnail","6":"product_cat-cosmetic","7":"product_tag-augenbrauenserum","8":"product_tag-wimpernserum","10":"first","11":"instock","12":"taxable","13":"shipping-taxable","14":"purchasable","15":"product-type-simple"},"yoast_head":"<!-- This site is optimized with the Yoast SEO Premium plugin v23.4 (Yoast SEO v27.4) - https:\/\/yoast.com\/product\/yoast-seo-premium-wordpress\/ -->\n<title>Lazru Serum<\/title>\n<meta name=\"description\" content=\"Lazru kaufen! Das Wimpernserum und Augenbrauenserum ohne Hormone. Jetzt im Angebot. Wenig verf\u00fcgbar. Schnelle Lieferung!\" \/>\n<meta name=\"robots\" content=\"index, follow, max-snippet:-1, max-image-preview:large, max-video-preview:-1\" \/>\n<link rel=\"canonical\" href=\"https:\/\/lazru.com\/pl\/produkt\/serum-do-rzes-i-brwi\/\" \/>\n<meta property=\"og:locale\" content=\"pl_PL\" \/>\n<meta property=\"og:type\" content=\"article\" \/>\n<meta property=\"og:title\" content=\"Lazru Serum\" \/>\n<meta property=\"og:description\" content=\"Lazru kaufen! Das Wimpernserum und Augenbrauenserum ohne Hormone. Jetzt im Angebot. Wenig verf\u00fcgbar. Schnelle Lieferung!\" \/>\n<meta property=\"og:url\" content=\"https:\/\/lazru.com\/pl\/produkt\/serum-do-rzes-i-brwi\/\" \/>\n<meta property=\"og:site_name\" content=\"LAZRU\" \/>\n<meta property=\"article:modified_time\" content=\"2026-04-15T08:52:10+00:00\" \/>\n<meta property=\"og:image\" content=\"https:\/\/lazru.com\/wp-content\/uploads\/2021\/09\/laz01.jpg\" \/>\n\t<meta property=\"og:image:width\" content=\"800\" \/>\n\t<meta property=\"og:image:height\" content=\"800\" \/>\n\t<meta property=\"og:image:type\" content=\"image\/jpeg\" \/>\n<meta name=\"twitter:card\" content=\"summary_large_image\" \/>\n<meta name=\"twitter:label1\" content=\"Szacowany czas czytania\" \/>\n\t<meta name=\"twitter:data1\" content=\"3 minuty\" \/>\n<script type=\"application\/ld+json\" class=\"yoast-schema-graph\">{\"@context\":\"https:\\\/\\\/schema.org\",\"@graph\":[{\"@type\":\"WebPage\",\"@id\":\"https:\\\/\\\/lazru.com\\\/produkt\\\/wimpernserum-und-augenbrauenserum\\\/\",\"url\":\"https:\\\/\\\/lazru.com\\\/produkt\\\/wimpernserum-und-augenbrauenserum\\\/\",\"name\":\"Lazru Serum\",\"isPartOf\":{\"@id\":\"https:\\\/\\\/lazru.com\\\/es\\\/#website\"},\"primaryImageOfPage\":{\"@id\":\"https:\\\/\\\/lazru.com\\\/produkt\\\/wimpernserum-und-augenbrauenserum\\\/#primaryimage\"},\"image\":{\"@id\":\"https:\\\/\\\/lazru.com\\\/produkt\\\/wimpernserum-und-augenbrauenserum\\\/#primaryimage\"},\"thumbnailUrl\":\"https:\\\/\\\/lazru.com\\\/wp-content\\\/uploads\\\/2021\\\/09\\\/laz01.jpg\",\"datePublished\":\"2021-09-14T13:40:59+00:00\",\"dateModified\":\"2026-04-15T08:52:10+00:00\",\"description\":\"Lazru kaufen! Das Wimpernserum und Augenbrauenserum ohne Hormone. Jetzt im Angebot. Wenig verf\u00fcgbar. Schnelle Lieferung!\",\"breadcrumb\":{\"@id\":\"https:\\\/\\\/lazru.com\\\/produkt\\\/wimpernserum-und-augenbrauenserum\\\/#breadcrumb\"},\"inLanguage\":\"pl-PL\",\"potentialAction\":[{\"@type\":\"ReadAction\",\"target\":[\"https:\\\/\\\/lazru.com\\\/produkt\\\/wimpernserum-und-augenbrauenserum\\\/\"]}]},{\"@type\":\"ImageObject\",\"inLanguage\":\"pl-PL\",\"@id\":\"https:\\\/\\\/lazru.com\\\/produkt\\\/wimpernserum-und-augenbrauenserum\\\/#primaryimage\",\"url\":\"https:\\\/\\\/lazru.com\\\/wp-content\\\/uploads\\\/2021\\\/09\\\/laz01.jpg\",\"contentUrl\":\"https:\\\/\\\/lazru.com\\\/wp-content\\\/uploads\\\/2021\\\/09\\\/laz01.jpg\",\"width\":800,\"height\":800,\"caption\":\"lazru\"},{\"@type\":\"BreadcrumbList\",\"@id\":\"https:\\\/\\\/lazru.com\\\/produkt\\\/wimpernserum-und-augenbrauenserum\\\/#breadcrumb\",\"itemListElement\":[{\"@type\":\"ListItem\",\"position\":1,\"name\":\"LAZRU\",\"item\":\"https:\\\/\\\/lazru.com\\\/\"},{\"@type\":\"ListItem\",\"position\":2,\"name\":\"Shop\",\"item\":\"https:\\\/\\\/lazru.com\\\/es\\\/shop\\\/\"},{\"@type\":\"ListItem\",\"position\":3,\"name\":\"Wimpernserum & Augenbrauenserum\"}]},{\"@type\":\"WebSite\",\"@id\":\"https:\\\/\\\/lazru.com\\\/es\\\/#website\",\"url\":\"https:\\\/\\\/lazru.com\\\/es\\\/\",\"name\":\"LAZRU\",\"description\":\"Wimpernserum &amp; Augenbrauenserum\",\"publisher\":{\"@id\":\"https:\\\/\\\/lazru.com\\\/es\\\/#organization\"},\"potentialAction\":[{\"@type\":\"SearchAction\",\"target\":{\"@type\":\"EntryPoint\",\"urlTemplate\":\"https:\\\/\\\/lazru.com\\\/es\\\/?s={search_term_string}\"},\"query-input\":{\"@type\":\"PropertyValueSpecification\",\"valueRequired\":true,\"valueName\":\"search_term_string\"}}],\"inLanguage\":\"pl-PL\"},{\"@type\":\"Organization\",\"@id\":\"https:\\\/\\\/lazru.com\\\/es\\\/#organization\",\"name\":\"LAZRU\",\"url\":\"https:\\\/\\\/lazru.com\\\/es\\\/\",\"logo\":{\"@type\":\"ImageObject\",\"inLanguage\":\"pl-PL\",\"@id\":\"https:\\\/\\\/lazru.com\\\/es\\\/#\\\/schema\\\/logo\\\/image\\\/\",\"url\":\"https:\\\/\\\/lazru.com\\\/wp-content\\\/uploads\\\/2021\\\/09\\\/cropped-lazru-wimpernserum-logo.png\",\"contentUrl\":\"https:\\\/\\\/lazru.com\\\/wp-content\\\/uploads\\\/2021\\\/09\\\/cropped-lazru-wimpernserum-logo.png\",\"width\":211,\"height\":97,\"caption\":\"LAZRU\"},\"image\":{\"@id\":\"https:\\\/\\\/lazru.com\\\/es\\\/#\\\/schema\\\/logo\\\/image\\\/\"},\"sameAs\":[\"https:\\\/\\\/www.instagram.com\\\/lazru_official\\\/\"]}]}<\/script>\n<!-- \/ Yoast SEO Premium plugin. -->","yoast_head_json":{"title":"Lazru Serum","description":"Kup Lazru! Serum do Rz\u0119s i Brwi bez hormon\u00f3w. Obecnie w sprzeda\u017cy. Ma\u0142o dost\u0119pne. Szybka dostawa!","robots":{"index":"index","follow":"follow","max-snippet":"max-snippet:-1","max-image-preview":"max-image-preview:large","max-video-preview":"max-video-preview:-1"},"canonical":"https:\/\/lazru.com\/pl\/produkt\/serum-do-rzes-i-brwi\/","og_locale":"pl_PL","og_type":"article","og_title":"Lazru Serum","og_description":"Lazru kaufen! Das Wimpernserum und Augenbrauenserum ohne Hormone. Jetzt im Angebot. Wenig verf\u00fcgbar. Schnelle Lieferung!","og_url":"https:\/\/lazru.com\/pl\/produkt\/serum-do-rzes-i-brwi\/","og_site_name":"LAZRU","article_modified_time":"2026-04-15T08:52:10+00:00","og_image":[{"width":800,"height":800,"url":"https:\/\/lazru.com\/wp-content\/uploads\/2021\/09\/laz01.jpg","type":"image\/jpeg"}],"twitter_card":"summary_large_image","twitter_misc":{"Szacowany czas czytania":"3 minuty"},"schema":{"@context":"https:\/\/schema.org","@graph":[{"@type":"WebPage","@id":"https:\/\/lazru.com\/produkt\/wimpernserum-und-augenbrauenserum\/","url":"https:\/\/lazru.com\/produkt\/wimpernserum-und-augenbrauenserum\/","name":"Lazru Serum","isPartOf":{"@id":"https:\/\/lazru.com\/es\/#website"},"primaryImageOfPage":{"@id":"https:\/\/lazru.com\/produkt\/wimpernserum-und-augenbrauenserum\/#primaryimage"},"image":{"@id":"https:\/\/lazru.com\/produkt\/wimpernserum-und-augenbrauenserum\/#primaryimage"},"thumbnailUrl":"https:\/\/lazru.com\/wp-content\/uploads\/2021\/09\/laz01.jpg","datePublished":"2021-09-14T13:40:59+00:00","dateModified":"2026-04-15T08:52:10+00:00","description":"Kup Lazru! Serum do Rz\u0119s i Brwi bez hormon\u00f3w. Obecnie w sprzeda\u017cy. Ma\u0142o dost\u0119pne. Szybka dostawa!","breadcrumb":{"@id":"https:\/\/lazru.com\/produkt\/wimpernserum-und-augenbrauenserum\/#breadcrumb"},"inLanguage":"pl-PL","potentialAction":[{"@type":"ReadAction","target":["https:\/\/lazru.com\/produkt\/wimpernserum-und-augenbrauenserum\/"]}]},{"@type":"ImageObject","inLanguage":"pl-PL","@id":"https:\/\/lazru.com\/produkt\/wimpernserum-und-augenbrauenserum\/#primaryimage","url":"https:\/\/lazru.com\/wp-content\/uploads\/2021\/09\/laz01.jpg","contentUrl":"https:\/\/lazru.com\/wp-content\/uploads\/2021\/09\/laz01.jpg","width":800,"height":800,"caption":"lazru"},{"@type":"BreadcrumbList","@id":"https:\/\/lazru.com\/produkt\/wimpernserum-und-augenbrauenserum\/#breadcrumb","itemListElement":[{"@type":"ListItem","position":1,"name":"LAZRU","item":"https:\/\/lazru.com\/"},{"@type":"ListItem","position":2,"name":"Shop","item":"https:\/\/lazru.com\/es\/shop\/"},{"@type":"ListItem","position":3,"name":"Wimpernserum & Augenbrauenserum"}]},{"@type":"WebSite","@id":"https:\/\/lazru.com\/es\/#website","url":"https:\/\/lazru.com\/es\/","name":"LAZRU","description":"Serum do Rz\u0119s &amp; Serum do Brwi","publisher":{"@id":"https:\/\/lazru.com\/es\/#organization"},"potentialAction":[{"@type":"SearchAction","target":{"@type":"EntryPoint","urlTemplate":"https:\/\/lazru.com\/es\/?s={search_term_string}"},"query-input":{"@type":"PropertyValueSpecification","valueRequired":true,"valueName":"search_term_string"}}],"inLanguage":"pl-PL"},{"@type":"Organization","@id":"https:\/\/lazru.com\/es\/#organization","name":"LAZRU","url":"https:\/\/lazru.com\/es\/","logo":{"@type":"ImageObject","inLanguage":"pl-PL","@id":"https:\/\/lazru.com\/es\/#\/schema\/logo\/image\/","url":"https:\/\/lazru.com\/wp-content\/uploads\/2021\/09\/cropped-lazru-wimpernserum-logo.png","contentUrl":"https:\/\/lazru.com\/wp-content\/uploads\/2021\/09\/cropped-lazru-wimpernserum-logo.png","width":211,"height":97,"caption":"LAZRU"},"image":{"@id":"https:\/\/lazru.com\/es\/#\/schema\/logo\/image\/"},"sameAs":["https:\/\/www.instagram.com\/lazru_official\/"]}]}},"_links":{"self":[{"href":"https:\/\/lazru.com\/pl\/wp-json\/wp\/v2\/product\/141","targetHints":{"allow":["GET"]}}],"collection":[{"href":"https:\/\/lazru.com\/pl\/wp-json\/wp\/v2\/product"}],"about":[{"href":"https:\/\/lazru.com\/pl\/wp-json\/wp\/v2\/types\/product"}],"wp:featuredmedia":[{"embeddable":true,"href":"https:\/\/lazru.com\/pl\/wp-json\/wp\/v2\/media\/44275"}],"wp:attachment":[{"href":"https:\/\/lazru.com\/pl\/wp-json\/wp\/v2\/media?parent=141"}],"wp:term":[{"taxonomy":"product_brand","embeddable":true,"href":"https:\/\/lazru.com\/pl\/wp-json\/wp\/v2\/product_brand?post=141"},{"taxonomy":"product_cat","embeddable":true,"href":"https:\/\/lazru.com\/pl\/wp-json\/wp\/v2\/product_cat?post=141"},{"taxonomy":"product_tag","embeddable":true,"href":"https:\/\/lazru.com\/pl\/wp-json\/wp\/v2\/product_tag?post=141"}],"curies":[{"name":"wp","href":"https:\/\/api.w.org\/{rel}","templated":true}]}}