{"id":92,"date":"2021-09-14T14:52:07","date_gmt":"2021-09-14T14:52:07","guid":{"rendered":"https:\/\/lazru.com\/?page_id=92"},"modified":"2026-04-15T10:12:23","modified_gmt":"2026-04-15T08:12:23","slug":"produkte","status":"publish","type":"page","link":"https:\/\/lazru.com\/pl\/produkty\/","title":{"rendered":"Produkty"},"content":{"rendered":"<h3 class=\"wp-block-heading has-text-align-center\">Serum do Rz\u0119s &amp; Serum do Brwi<br>bez hormon\u00f3w.<\/h3>\n\n\n\n<div style=\"height:36px\" aria-hidden=\"true\" class=\"wp-block-spacer\"><\/div>\n\n\n<div class=\"woocommerce columns-2\"><ul class=\"products columns-2\" data-products=\"type-1\">\n<li class=\"product type-product post-141 status-publish first instock product_cat-cosmetic product_tag-augenbrauenserum product_tag-wimpernserum has-post-thumbnail taxable shipping-taxable purchasable product-type-simple\">\n\t<a href=\"https:\/\/lazru.com\/pl\/produkt\/serum-do-rzes-i-brwi\/\" class=\"woocommerce-LoopProduct-link woocommerce-loop-product__link\"><img loading=\"lazy\" decoding=\"async\" width=\"300\" height=\"300\" src=\"https:\/\/lazru.com\/wp-content\/uploads\/2021\/09\/laz01-300x300.jpg\" class=\"attachment-woocommerce_thumbnail size-woocommerce_thumbnail\" alt=\"lazru\" srcset=\"https:\/\/lazru.com\/wp-content\/uploads\/2021\/09\/laz01-300x300.jpg 300w, https:\/\/lazru.com\/wp-content\/uploads\/2021\/09\/laz01-150x150.jpg 150w, https:\/\/lazru.com\/wp-content\/uploads\/2021\/09\/laz01-768x768.jpg 768w, https:\/\/lazru.com\/wp-content\/uploads\/2021\/09\/laz01-12x12.jpg 12w, https:\/\/lazru.com\/wp-content\/uploads\/2021\/09\/laz01-600x600.jpg 600w, https:\/\/lazru.com\/wp-content\/uploads\/2021\/09\/laz01-100x100.jpg 100w, https:\/\/lazru.com\/wp-content\/uploads\/2021\/09\/laz01.jpg 800w\" sizes=\"auto, (max-width: 300px) 100vw, 300px\" \/><h2 class=\"woocommerce-loop-product__title\">Lazru Serum<\/h2>\n\t<span class=\"price\"><span class=\"wcpbc-price wcpbc-price-141\" data-product-id=\"141\"><span class=\"woocommerce-Price-amount amount\"><bdi>69,00&nbsp;<span class=\"woocommerce-Price-currencySymbol\">\u20ac<\/span><\/bdi><\/span><\/span><\/span>\n<\/a><a href=\"\/pl\/wp-json\/wp\/v2\/pages\/92?add-to-cart=141\" aria-describedby=\"woocommerce_loop_add_to_cart_link_describedby_141\" data-quantity=\"1\" class=\"button product_type_simple add_to_cart_button ajax_add_to_cart\" data-product_id=\"141\" data-product_sku=\"LAZRU-001\" aria-label=\"Dodaj do koszyka: \u201eLazru Serum\u201d\" rel=\"nofollow\" data-success_message=\"\u201cLazru Serum\u201d zosta\u0142 dodany do twojego koszyka\" data-no-translation=\"\" data-trp-gettext=\"\" data-no-translation-aria-label=\"\" data-no-translation-data-success_message=\"\">Dodaj do Koszyka<\/a>\t<span id=\"woocommerce_loop_add_to_cart_link_describedby_141\" class=\"screen-reader-text\">\n\t\t\t<\/span>\n<span class=\"gtm4wp_productdata\" style=\"display:none; visibility:hidden;\" data-gtm4wp_product_data=\"{&quot;internal_id&quot;:141,&quot;item_id&quot;:141,&quot;item_name&quot;:&quot;Lazru Serum&quot;,&quot;sku&quot;:&quot;LAZRU-001&quot;,&quot;price&quot;:69,&quot;stocklevel&quot;:null,&quot;stockstatus&quot;:&quot;instock&quot;,&quot;google_business_vertical&quot;:&quot;retail&quot;,&quot;item_category&quot;:&quot;Cosmetic&quot;,&quot;id&quot;:141,&quot;productlink&quot;:&quot;https:\\\/\\\/lazru.com\\\/pl\\\/produkt\\\/serum-do-rzes-i-brwi\\\/&quot;,&quot;item_list_name&quot;:&quot;General Product List&quot;,&quot;index&quot;:1,&quot;product_type&quot;:&quot;simple&quot;,&quot;item_brand&quot;:&quot;&quot;}\"><\/span><\/li>\n<li class=\"product type-product post-1341 status-publish last instock product_cat-cosmetic product_tag-augenbrauenserum product_tag-wimpernserum has-post-thumbnail sale taxable shipping-taxable purchasable product-type-simple\">\n\t<a href=\"https:\/\/lazru.com\/pl\/produkt\/lazru-2\/\" class=\"woocommerce-LoopProduct-link woocommerce-loop-product__link\">\n\t<span class=\"onsale\" data-shape=\"type-3\">Sale<\/span>\n\t<img loading=\"lazy\" decoding=\"async\" width=\"300\" height=\"300\" src=\"https:\/\/lazru.com\/wp-content\/uploads\/2022\/04\/laz02-300x300.jpg\" class=\"attachment-woocommerce_thumbnail size-woocommerce_thumbnail\" alt=\"lazru\" srcset=\"https:\/\/lazru.com\/wp-content\/uploads\/2022\/04\/laz02-300x300.jpg 300w, https:\/\/lazru.com\/wp-content\/uploads\/2022\/04\/laz02-150x150.jpg 150w, https:\/\/lazru.com\/wp-content\/uploads\/2022\/04\/laz02-768x768.jpg 768w, https:\/\/lazru.com\/wp-content\/uploads\/2022\/04\/laz02-12x12.jpg 12w, https:\/\/lazru.com\/wp-content\/uploads\/2022\/04\/laz02-600x600.jpg 600w, https:\/\/lazru.com\/wp-content\/uploads\/2022\/04\/laz02-100x100.jpg 100w, https:\/\/lazru.com\/wp-content\/uploads\/2022\/04\/laz02.jpg 800w\" sizes=\"auto, (max-width: 300px) 100vw, 300px\" \/><h2 class=\"woocommerce-loop-product__title\">Lazru Serum, 2 szt<\/h2>\n\t<span class=\"price\"><span class=\"wcpbc-price wcpbc-price-1341\" data-product-id=\"1341\"><span class=\"sale-price\"><del aria-hidden=\"true\"><span class=\"woocommerce-Price-amount amount\"><bdi>138,00&nbsp;<span class=\"woocommerce-Price-currencySymbol\">\u20ac<\/span><\/bdi><\/span><\/del> <span class=\"screen-reader-text\" data-no-translation=\"\" data-trp-gettext=\"\">Pierwotna cena wynosi\u0142a: 138,00&nbsp;&euro;.<\/span><ins aria-hidden=\"true\"><span class=\"woocommerce-Price-amount amount\"><bdi>89,00&nbsp;<span class=\"woocommerce-Price-currencySymbol\">\u20ac<\/span><\/bdi><\/span><\/ins><span class=\"screen-reader-text\" data-no-translation=\"\" data-trp-gettext=\"\">Aktualna cena wynosi: 89,00&nbsp;&euro;.<\/span><\/span><\/span><\/span>\n<\/a><a href=\"\/pl\/wp-json\/wp\/v2\/pages\/92?add-to-cart=1341\" aria-describedby=\"woocommerce_loop_add_to_cart_link_describedby_1341\" data-quantity=\"1\" class=\"button product_type_simple add_to_cart_button ajax_add_to_cart\" data-product_id=\"1341\" data-product_sku=\"LAZRU-002\" aria-label=\"Dodaj do koszyka: \u201eLazru Serum 2erPack\u201d\" rel=\"nofollow\" data-success_message=\"\u201cLazru Serum 2erPack\u201d zosta\u0142 dodany do twojego koszyka\" data-no-translation=\"\" data-trp-gettext=\"\" data-no-translation-aria-label=\"\" data-no-translation-data-success_message=\"\">Dodaj do Koszyka<\/a>\t<span id=\"woocommerce_loop_add_to_cart_link_describedby_1341\" class=\"screen-reader-text\">\n\t\t\t<\/span>\n<span class=\"gtm4wp_productdata\" style=\"display:none; visibility:hidden;\" data-gtm4wp_product_data=\"{&quot;internal_id&quot;:1341,&quot;item_id&quot;:1341,&quot;item_name&quot;:&quot;Lazru Serum 2erPack&quot;,&quot;sku&quot;:&quot;LAZRU-002&quot;,&quot;price&quot;:89,&quot;stocklevel&quot;:null,&quot;stockstatus&quot;:&quot;instock&quot;,&quot;google_business_vertical&quot;:&quot;retail&quot;,&quot;item_category&quot;:&quot;Cosmetic&quot;,&quot;id&quot;:1341,&quot;productlink&quot;:&quot;https:\\\/\\\/lazru.com\\\/pl\\\/produkt\\\/lazru-2\\\/&quot;,&quot;item_list_name&quot;:&quot;General Product List&quot;,&quot;index&quot;:2,&quot;product_type&quot;:&quot;simple&quot;,&quot;item_brand&quot;:&quot;&quot;}\"><\/span><\/li>\n<\/ul>\n<\/div>\n\n\n\n<div style=\"height:73px\" aria-hidden=\"true\" class=\"wp-block-spacer\"><\/div>","protected":false},"excerpt":{"rendered":"<p>Serum do rz\u0119s i brwi bez hormon\u00f3w.<\/p>","protected":false},"author":1,"featured_media":0,"parent":0,"menu_order":0,"comment_status":"closed","ping_status":"closed","template":"","meta":{"footnotes":""},"class_list":["post-92","page","type-page","status-publish","hentry"],"blocksy_meta":{"has_hero_section":"disabled","styles_descriptor":{"styles":{"desktop":"","tablet":"","mobile":""},"google_fonts":[],"version":6}},"yoast_head":"<!-- This site is optimized with the Yoast SEO Premium plugin v23.4 (Yoast SEO v27.4) - https:\/\/yoast.com\/product\/yoast-seo-premium-wordpress\/ -->\n<title>LAZRU bestellen! Online Shop: Wimpernserum &amp; Augenbrauenserum<\/title>\n<meta name=\"description\" content=\"LAZRU Online Shop: Das Wimpernserum und Augenbrauenserum ohne Hormone ganz einfach hier bestellen! Neue Formel!\" \/>\n<meta name=\"robots\" content=\"index, follow, max-snippet:-1, max-image-preview:large, max-video-preview:-1\" \/>\n<link rel=\"canonical\" href=\"https:\/\/lazru.com\/pl\/produkty\/\" \/>\n<meta property=\"og:locale\" content=\"pl_PL\" \/>\n<meta property=\"og:type\" content=\"article\" \/>\n<meta property=\"og:title\" content=\"Produkte\" \/>\n<meta property=\"og:description\" content=\"LAZRU Online Shop: Das Wimpernserum und Augenbrauenserum ohne Hormone ganz einfach hier bestellen! Neue Formel!\" \/>\n<meta property=\"og:url\" content=\"https:\/\/lazru.com\/pl\/produkty\/\" \/>\n<meta property=\"og:site_name\" content=\"LAZRU\" \/>\n<meta property=\"article:modified_time\" content=\"2026-04-15T08:12:23+00:00\" \/>\n<meta name=\"twitter:card\" content=\"summary_large_image\" \/>\n<meta name=\"twitter:label1\" content=\"Szacowany czas czytania\" \/>\n\t<meta name=\"twitter:data1\" content=\"1 minuta\" \/>\n<script type=\"application\/ld+json\" class=\"yoast-schema-graph\">{\"@context\":\"https:\\\/\\\/schema.org\",\"@graph\":[{\"@type\":\"WebPage\",\"@id\":\"https:\\\/\\\/lazru.com\\\/produkte\\\/\",\"url\":\"https:\\\/\\\/lazru.com\\\/produkte\\\/\",\"name\":\"LAZRU bestellen! Online Shop: Wimpernserum & Augenbrauenserum\",\"isPartOf\":{\"@id\":\"https:\\\/\\\/lazru.com\\\/es\\\/#website\"},\"datePublished\":\"2021-09-14T14:52:07+00:00\",\"dateModified\":\"2026-04-15T08:12:23+00:00\",\"description\":\"LAZRU Online Shop: Das Wimpernserum und Augenbrauenserum ohne Hormone ganz einfach hier bestellen! Neue Formel!\",\"breadcrumb\":{\"@id\":\"https:\\\/\\\/lazru.com\\\/produkte\\\/#breadcrumb\"},\"inLanguage\":\"pl-PL\",\"potentialAction\":[{\"@type\":\"ReadAction\",\"target\":[\"https:\\\/\\\/lazru.com\\\/produkte\\\/\"]}]},{\"@type\":\"BreadcrumbList\",\"@id\":\"https:\\\/\\\/lazru.com\\\/produkte\\\/#breadcrumb\",\"itemListElement\":[{\"@type\":\"ListItem\",\"position\":1,\"name\":\"LAZRU\",\"item\":\"https:\\\/\\\/lazru.com\\\/\"},{\"@type\":\"ListItem\",\"position\":2,\"name\":\"Produkte\"}]},{\"@type\":\"WebSite\",\"@id\":\"https:\\\/\\\/lazru.com\\\/es\\\/#website\",\"url\":\"https:\\\/\\\/lazru.com\\\/es\\\/\",\"name\":\"LAZRU\",\"description\":\"Wimpernserum &amp; Augenbrauenserum\",\"publisher\":{\"@id\":\"https:\\\/\\\/lazru.com\\\/es\\\/#organization\"},\"potentialAction\":[{\"@type\":\"SearchAction\",\"target\":{\"@type\":\"EntryPoint\",\"urlTemplate\":\"https:\\\/\\\/lazru.com\\\/es\\\/?s={search_term_string}\"},\"query-input\":{\"@type\":\"PropertyValueSpecification\",\"valueRequired\":true,\"valueName\":\"search_term_string\"}}],\"inLanguage\":\"pl-PL\"},{\"@type\":\"Organization\",\"@id\":\"https:\\\/\\\/lazru.com\\\/es\\\/#organization\",\"name\":\"LAZRU\",\"url\":\"https:\\\/\\\/lazru.com\\\/es\\\/\",\"logo\":{\"@type\":\"ImageObject\",\"inLanguage\":\"pl-PL\",\"@id\":\"https:\\\/\\\/lazru.com\\\/es\\\/#\\\/schema\\\/logo\\\/image\\\/\",\"url\":\"https:\\\/\\\/lazru.com\\\/wp-content\\\/uploads\\\/2021\\\/09\\\/cropped-lazru-wimpernserum-logo.png\",\"contentUrl\":\"https:\\\/\\\/lazru.com\\\/wp-content\\\/uploads\\\/2021\\\/09\\\/cropped-lazru-wimpernserum-logo.png\",\"width\":211,\"height\":97,\"caption\":\"LAZRU\"},\"image\":{\"@id\":\"https:\\\/\\\/lazru.com\\\/es\\\/#\\\/schema\\\/logo\\\/image\\\/\"},\"sameAs\":[\"https:\\\/\\\/www.instagram.com\\\/lazru_official\\\/\"]}]}<\/script>\n<!-- \/ Yoast SEO Premium plugin. -->","yoast_head_json":{"title":"Zam\u00f3w LAZRU! Sklep internetowy: Serum do Rz\u0119s i Serum do Brwi","description":"Sklep internetowy LAZRU: Zam\u00f3w tutaj bezhormonalne Serum do Rz\u0119s i Brwi! Nowa formu\u0142a!","robots":{"index":"index","follow":"follow","max-snippet":"max-snippet:-1","max-image-preview":"max-image-preview:large","max-video-preview":"max-video-preview:-1"},"canonical":"https:\/\/lazru.com\/pl\/produkty\/","og_locale":"pl_PL","og_type":"article","og_title":"Produkte","og_description":"LAZRU Online Shop: Das Wimpernserum und Augenbrauenserum ohne Hormone ganz einfach hier bestellen! Neue Formel!","og_url":"https:\/\/lazru.com\/pl\/produkty\/","og_site_name":"LAZRU","article_modified_time":"2026-04-15T08:12:23+00:00","twitter_card":"summary_large_image","twitter_misc":{"Szacowany czas czytania":"1 minuta"},"schema":{"@context":"https:\/\/schema.org","@graph":[{"@type":"WebPage","@id":"https:\/\/lazru.com\/produkte\/","url":"https:\/\/lazru.com\/produkte\/","name":"Zam\u00f3w LAZRU! Sklep internetowy: Serum do Rz\u0119s i Serum do Brwi","isPartOf":{"@id":"https:\/\/lazru.com\/es\/#website"},"datePublished":"2021-09-14T14:52:07+00:00","dateModified":"2026-04-15T08:12:23+00:00","description":"Sklep internetowy LAZRU: Zam\u00f3w tutaj bezhormonalne Serum do Rz\u0119s i Brwi! Nowa formu\u0142a!","breadcrumb":{"@id":"https:\/\/lazru.com\/produkte\/#breadcrumb"},"inLanguage":"pl-PL","potentialAction":[{"@type":"ReadAction","target":["https:\/\/lazru.com\/produkte\/"]}]},{"@type":"BreadcrumbList","@id":"https:\/\/lazru.com\/produkte\/#breadcrumb","itemListElement":[{"@type":"ListItem","position":1,"name":"LAZRU","item":"https:\/\/lazru.com\/"},{"@type":"ListItem","position":2,"name":"Produkte"}]},{"@type":"WebSite","@id":"https:\/\/lazru.com\/es\/#website","url":"https:\/\/lazru.com\/es\/","name":"LAZRU","description":"Serum do Rz\u0119s &amp; Serum do Brwi","publisher":{"@id":"https:\/\/lazru.com\/es\/#organization"},"potentialAction":[{"@type":"SearchAction","target":{"@type":"EntryPoint","urlTemplate":"https:\/\/lazru.com\/es\/?s={search_term_string}"},"query-input":{"@type":"PropertyValueSpecification","valueRequired":true,"valueName":"search_term_string"}}],"inLanguage":"pl-PL"},{"@type":"Organization","@id":"https:\/\/lazru.com\/es\/#organization","name":"LAZRU","url":"https:\/\/lazru.com\/es\/","logo":{"@type":"ImageObject","inLanguage":"pl-PL","@id":"https:\/\/lazru.com\/es\/#\/schema\/logo\/image\/","url":"https:\/\/lazru.com\/wp-content\/uploads\/2021\/09\/cropped-lazru-wimpernserum-logo.png","contentUrl":"https:\/\/lazru.com\/wp-content\/uploads\/2021\/09\/cropped-lazru-wimpernserum-logo.png","width":211,"height":97,"caption":"LAZRU"},"image":{"@id":"https:\/\/lazru.com\/es\/#\/schema\/logo\/image\/"},"sameAs":["https:\/\/www.instagram.com\/lazru_official\/"]}]}},"_links":{"self":[{"href":"https:\/\/lazru.com\/pl\/wp-json\/wp\/v2\/pages\/92","targetHints":{"allow":["GET"]}}],"collection":[{"href":"https:\/\/lazru.com\/pl\/wp-json\/wp\/v2\/pages"}],"about":[{"href":"https:\/\/lazru.com\/pl\/wp-json\/wp\/v2\/types\/page"}],"author":[{"embeddable":true,"href":"https:\/\/lazru.com\/pl\/wp-json\/wp\/v2\/users\/1"}],"replies":[{"embeddable":true,"href":"https:\/\/lazru.com\/pl\/wp-json\/wp\/v2\/comments?post=92"}],"version-history":[{"count":15,"href":"https:\/\/lazru.com\/pl\/wp-json\/wp\/v2\/pages\/92\/revisions"}],"predecessor-version":[{"id":44354,"href":"https:\/\/lazru.com\/pl\/wp-json\/wp\/v2\/pages\/92\/revisions\/44354"}],"wp:attachment":[{"href":"https:\/\/lazru.com\/pl\/wp-json\/wp\/v2\/media?parent=92"}],"curies":[{"name":"wp","href":"https:\/\/api.w.org\/{rel}","templated":true}]}}