{"id":90,"date":"2021-09-14T14:49:56","date_gmt":"2021-09-14T14:49:56","guid":{"rendered":"https:\/\/lazru.com\/?page_id=90"},"modified":"2022-02-04T11:49:39","modified_gmt":"2022-02-04T11:49:39","slug":"kontakt","status":"publish","type":"page","link":"https:\/\/lazru.com\/pl\/kontakt\/","title":{"rendered":"Komunikacja"},"content":{"rendered":"<p>Czy znasz ju\u017c nasze najcz\u0119\u015bciej zadawane pytania? By\u0107 mo\u017ce, po spojrzeniu na <a href=\"https:\/\/lazru.com\/pl\/faq\/\">FAQ<\/a>Nie ma ju\u017c wi\u0119cej pyta\u0144 o kontakt. <\/p>\n\n\n\n<p>Poczta:<br><a href=\"mailto:support@lazru.com\">support@lazru.com<\/a><\/p>","protected":false},"excerpt":{"rendered":"<p>Czy znasz ju\u017c nasze najcz\u0119\u015bciej zadawane pytania? By\u0107 mo\u017ce po zapoznaniu si\u0119 z FAQ nie b\u0119dzie ju\u017c potrzebna pro\u015bba o kontakt. Mail:support@lazru.com<\/p>","protected":false},"author":1,"featured_media":0,"parent":0,"menu_order":0,"comment_status":"closed","ping_status":"closed","template":"","meta":{"_uag_custom_page_level_css":"","advgb_blocks_editor_width":"","advgb_blocks_columns_visual_guide":"","site-sidebar-layout":"default","site-content-layout":"default","ast-site-content-layout":"default","site-content-style":"default","site-sidebar-style":"default","ast-global-header-display":"","ast-banner-title-visibility":"","ast-main-header-display":"","ast-hfb-above-header-display":"","ast-hfb-below-header-display":"","ast-hfb-mobile-header-display":"","site-post-title":"","ast-breadcrumbs-content":"","ast-featured-img":"","footer-sml-layout":"","ast-disable-related-posts":"","theme-transparent-header-meta":"default","adv-header-id-meta":"","stick-header-meta":"default","header-above-stick-meta":"","header-main-stick-meta":"","header-below-stick-meta":"","astra-migrate-meta-layouts":"default","ast-page-background-enabled":"default","ast-page-background-meta":{"desktop":{"background-color":"","background-image":"","background-repeat":"repeat","background-position":"center center","background-size":"auto","background-attachment":"scroll","background-type":"","background-media":"","overlay-type":"","overlay-color":"","overlay-opacity":"","overlay-gradient":""},"tablet":{"background-color":"","background-image":"","background-repeat":"repeat","background-position":"center center","background-size":"auto","background-attachment":"scroll","background-type":"","background-media":"","overlay-type":"","overlay-color":"","overlay-opacity":"","overlay-gradient":""},"mobile":{"background-color":"","background-image":"","background-repeat":"repeat","background-position":"center center","background-size":"auto","background-attachment":"scroll","background-type":"","background-media":"","overlay-type":"","overlay-color":"","overlay-opacity":"","overlay-gradient":""}},"ast-content-background-meta":{"desktop":{"background-color":"var(--ast-global-color-5)","background-image":"","background-repeat":"repeat","background-position":"center center","background-size":"auto","background-attachment":"scroll","background-type":"","background-media":"","overlay-type":"","overlay-color":"","overlay-opacity":"","overlay-gradient":""},"tablet":{"background-color":"var(--ast-global-color-5)","background-image":"","background-repeat":"repeat","background-position":"center center","background-size":"auto","background-attachment":"scroll","background-type":"","background-media":"","overlay-type":"","overlay-color":"","overlay-opacity":"","overlay-gradient":""},"mobile":{"background-color":"var(--ast-global-color-5)","background-image":"","background-repeat":"repeat","background-position":"center center","background-size":"auto","background-attachment":"scroll","background-type":"","background-media":"","overlay-type":"","overlay-color":"","overlay-opacity":"","overlay-gradient":""}},"footnotes":""},"class_list":["post-90","page","type-page","status-publish","hentry"],"featured_image_src":null,"yoast_head":"<!-- This site is optimized with the Yoast SEO Premium plugin v23.4 (Yoast SEO v26.6) - https:\/\/yoast.com\/wordpress\/plugins\/seo\/ -->\n<title>Kontakt - LAZRU<\/title>\n<meta name=\"description\" content=\"Haben Sie fragen zu Lazru. Nehmen Sie einfach Kontakt mit uns auf und wir melden uns schnellst\u00f6glich. Hier zu Kontaktformular.\" \/>\n<meta name=\"robots\" content=\"index, follow, max-snippet:-1, max-image-preview:large, max-video-preview:-1\" \/>\n<link rel=\"canonical\" href=\"https:\/\/lazru.com\/pl\/kontakt\/\" \/>\n<meta property=\"og:locale\" content=\"pl_PL\" \/>\n<meta property=\"og:type\" content=\"article\" \/>\n<meta property=\"og:title\" content=\"Kontakt\" \/>\n<meta property=\"og:description\" content=\"Haben Sie fragen zu Lazru. Nehmen Sie einfach Kontakt mit uns auf und wir melden uns schnellst\u00f6glich. Hier zu Kontaktformular.\" \/>\n<meta property=\"og:url\" content=\"https:\/\/lazru.com\/pl\/kontakt\/\" \/>\n<meta property=\"og:site_name\" content=\"LAZRU\" \/>\n<meta property=\"article:modified_time\" content=\"2022-02-04T11:49:39+00:00\" \/>\n<meta name=\"twitter:card\" content=\"summary_large_image\" \/>\n<meta name=\"twitter:label1\" content=\"Szacowany czas czytania\" \/>\n\t<meta name=\"twitter:data1\" content=\"1 minuta\" \/>\n<script type=\"application\/ld+json\" class=\"yoast-schema-graph\">{\"@context\":\"https:\/\/schema.org\",\"@graph\":[{\"@type\":\"WebPage\",\"@id\":\"https:\/\/lazru.com\/kontakt\/\",\"url\":\"https:\/\/lazru.com\/kontakt\/\",\"name\":\"Kontakt - LAZRU\",\"isPartOf\":{\"@id\":\"https:\/\/lazru.com\/es\/#website\"},\"datePublished\":\"2021-09-14T14:49:56+00:00\",\"dateModified\":\"2022-02-04T11:49:39+00:00\",\"description\":\"Haben Sie fragen zu Lazru. Nehmen Sie einfach Kontakt mit uns auf und wir melden uns schnellst\u00f6glich. Hier zu Kontaktformular.\",\"breadcrumb\":{\"@id\":\"https:\/\/lazru.com\/kontakt\/#breadcrumb\"},\"inLanguage\":\"pl-PL\",\"potentialAction\":[{\"@type\":\"ReadAction\",\"target\":[\"https:\/\/lazru.com\/kontakt\/\"]}]},{\"@type\":\"BreadcrumbList\",\"@id\":\"https:\/\/lazru.com\/kontakt\/#breadcrumb\",\"itemListElement\":[{\"@type\":\"ListItem\",\"position\":1,\"name\":\"LAZRU\",\"item\":\"https:\/\/lazru.com\/\"},{\"@type\":\"ListItem\",\"position\":2,\"name\":\"Kontakt\"}]},{\"@type\":\"WebSite\",\"@id\":\"https:\/\/lazru.com\/es\/#website\",\"url\":\"https:\/\/lazru.com\/es\/\",\"name\":\"LAZRU\",\"description\":\"Wimpernserum &amp; Augenbrauenserum\",\"publisher\":{\"@id\":\"https:\/\/lazru.com\/es\/#organization\"},\"potentialAction\":[{\"@type\":\"SearchAction\",\"target\":{\"@type\":\"EntryPoint\",\"urlTemplate\":\"https:\/\/lazru.com\/es\/?s={search_term_string}\"},\"query-input\":{\"@type\":\"PropertyValueSpecification\",\"valueRequired\":true,\"valueName\":\"search_term_string\"}}],\"inLanguage\":\"pl-PL\"},{\"@type\":\"Organization\",\"@id\":\"https:\/\/lazru.com\/es\/#organization\",\"name\":\"LAZRU\",\"url\":\"https:\/\/lazru.com\/es\/\",\"logo\":{\"@type\":\"ImageObject\",\"inLanguage\":\"pl-PL\",\"@id\":\"https:\/\/lazru.com\/es\/#\/schema\/logo\/image\/\",\"url\":\"https:\/\/lazru.com\/wp-content\/uploads\/2021\/09\/cropped-lazru-wimpernserum-logo.png\",\"contentUrl\":\"https:\/\/lazru.com\/wp-content\/uploads\/2021\/09\/cropped-lazru-wimpernserum-logo.png\",\"width\":211,\"height\":97,\"caption\":\"LAZRU\"},\"image\":{\"@id\":\"https:\/\/lazru.com\/es\/#\/schema\/logo\/image\/\"},\"sameAs\":[\"https:\/\/www.instagram.com\/lazru_official\/\"]}]}<\/script>\n<!-- \/ Yoast SEO Premium plugin. -->","yoast_head_json":{"title":"Kontakt - LAZRU","description":"Czy masz jakie\u015b pytania dotycz\u0105ce Lazru. Po prostu skontaktuj si\u0119 z nami, a my skontaktujemy si\u0119 z Tob\u0105 tak szybko, jak to mo\u017cliwe. Kliknij tutaj, aby uzyska\u0107 formularz kontaktowy.","robots":{"index":"index","follow":"follow","max-snippet":"max-snippet:-1","max-image-preview":"max-image-preview:large","max-video-preview":"max-video-preview:-1"},"canonical":"https:\/\/lazru.com\/pl\/kontakt\/","og_locale":"pl_PL","og_type":"article","og_title":"Kontakt","og_description":"Haben Sie fragen zu Lazru. Nehmen Sie einfach Kontakt mit uns auf und wir melden uns schnellst\u00f6glich. Hier zu Kontaktformular.","og_url":"https:\/\/lazru.com\/pl\/kontakt\/","og_site_name":"LAZRU","article_modified_time":"2022-02-04T11:49:39+00:00","twitter_card":"summary_large_image","twitter_misc":{"Szacowany czas czytania":"1 minuta"},"schema":{"@context":"https:\/\/schema.org","@graph":[{"@type":"WebPage","@id":"https:\/\/lazru.com\/kontakt\/","url":"https:\/\/lazru.com\/kontakt\/","name":"Kontakt - LAZRU","isPartOf":{"@id":"https:\/\/lazru.com\/es\/#website"},"datePublished":"2021-09-14T14:49:56+00:00","dateModified":"2022-02-04T11:49:39+00:00","description":"Czy masz jakie\u015b pytania dotycz\u0105ce Lazru. Po prostu skontaktuj si\u0119 z nami, a my skontaktujemy si\u0119 z Tob\u0105 tak szybko, jak to mo\u017cliwe. Kliknij tutaj, aby uzyska\u0107 formularz kontaktowy.","breadcrumb":{"@id":"https:\/\/lazru.com\/kontakt\/#breadcrumb"},"inLanguage":"pl-PL","potentialAction":[{"@type":"ReadAction","target":["https:\/\/lazru.com\/kontakt\/"]}]},{"@type":"BreadcrumbList","@id":"https:\/\/lazru.com\/kontakt\/#breadcrumb","itemListElement":[{"@type":"ListItem","position":1,"name":"LAZRU","item":"https:\/\/lazru.com\/"},{"@type":"ListItem","position":2,"name":"Kontakt"}]},{"@type":"WebSite","@id":"https:\/\/lazru.com\/es\/#website","url":"https:\/\/lazru.com\/es\/","name":"LAZRU","description":"Serum do Rz\u0119s &amp; Serum do Brwi","publisher":{"@id":"https:\/\/lazru.com\/es\/#organization"},"potentialAction":[{"@type":"SearchAction","target":{"@type":"EntryPoint","urlTemplate":"https:\/\/lazru.com\/es\/?s={search_term_string}"},"query-input":{"@type":"PropertyValueSpecification","valueRequired":true,"valueName":"search_term_string"}}],"inLanguage":"pl-PL"},{"@type":"Organization","@id":"https:\/\/lazru.com\/es\/#organization","name":"LAZRU","url":"https:\/\/lazru.com\/es\/","logo":{"@type":"ImageObject","inLanguage":"pl-PL","@id":"https:\/\/lazru.com\/es\/#\/schema\/logo\/image\/","url":"https:\/\/lazru.com\/wp-content\/uploads\/2021\/09\/cropped-lazru-wimpernserum-logo.png","contentUrl":"https:\/\/lazru.com\/wp-content\/uploads\/2021\/09\/cropped-lazru-wimpernserum-logo.png","width":211,"height":97,"caption":"LAZRU"},"image":{"@id":"https:\/\/lazru.com\/es\/#\/schema\/logo\/image\/"},"sameAs":["https:\/\/www.instagram.com\/lazru_official\/"]}]}},"uagb_featured_image_src":{"full":false,"thumbnail":false,"medium":false,"medium_large":false,"large":false,"1536x1536":false,"2048x2048":false,"trp-custom-language-flag":false,"woocommerce_thumbnail":false,"woocommerce_single":false,"woocommerce_gallery_thumbnail":false,"crp_thumbnail":false},"uagb_author_info":{"display_name":"Kerem085","author_link":"https:\/\/lazru.com\/pl\/author\/kerem085\/"},"uagb_comment_info":0,"uagb_excerpt":"Kennen Sie schon unsere am h\u00e4ufig gestellten Fragen? Vielleicht ben\u00f6tigen Sie, nach einem Blick in die FAQ, keine Kontaktanfrage mehr. Mail:support@lazru.com","coauthors":[],"author_meta":{"author_link":"https:\/\/lazru.com\/pl\/author\/kerem085\/","display_name":"Kerem085"},"relative_dates":{"created":"Posted 5 lat ago","modified":"Updated 4 lata ago"},"absolute_dates":{"created":"Posted on 14. wrze\u015bnia 2021","modified":"Updated on 4. lutego 2022"},"absolute_dates_time":{"created":"Posted on 14. wrze\u015bnia 2021 14:49","modified":"Updated on 4. lutego 2022 11:49"},"featured_img_caption":"","featured_img":false,"series_order":"","_links":{"self":[{"href":"https:\/\/lazru.com\/pl\/wp-json\/wp\/v2\/pages\/90","targetHints":{"allow":["GET"]}}],"collection":[{"href":"https:\/\/lazru.com\/pl\/wp-json\/wp\/v2\/pages"}],"about":[{"href":"https:\/\/lazru.com\/pl\/wp-json\/wp\/v2\/types\/page"}],"author":[{"embeddable":true,"href":"https:\/\/lazru.com\/pl\/wp-json\/wp\/v2\/users\/1"}],"replies":[{"embeddable":true,"href":"https:\/\/lazru.com\/pl\/wp-json\/wp\/v2\/comments?post=90"}],"version-history":[{"count":1,"href":"https:\/\/lazru.com\/pl\/wp-json\/wp\/v2\/pages\/90\/revisions"}],"predecessor-version":[{"id":24530,"href":"https:\/\/lazru.com\/pl\/wp-json\/wp\/v2\/pages\/90\/revisions\/24530"}],"wp:attachment":[{"href":"https:\/\/lazru.com\/pl\/wp-json\/wp\/v2\/media?parent=90"}],"curies":[{"name":"wp","href":"https:\/\/api.w.org\/{rel}","templated":true}]}}