{"id":33,"date":"2021-09-14T13:12:11","date_gmt":"2021-09-14T13:12:11","guid":{"rendered":"https:\/\/lazru.com\/versandarten"},"modified":"2024-04-23T11:08:40","modified_gmt":"2024-04-23T09:08:40","slug":"versandarten","status":"publish","type":"page","link":"https:\/\/lazru.com\/pl\/metody-wysylki\/","title":{"rendered":"Metody wysy\u0142ki"},"content":{"rendered":"<p><strong>VERSANDBEDINGUNGEN<\/strong><\/p>\n\n\n\n<p>Towary dostarczane s\u0105 na terenie ca\u0142ej Europy, jak r\u00f3wnie\u017c poza ni\u0105.<\/p>\n\n\n\n<p>Wysy\u0142amy neutralnie pod wzgl\u0119dem emisji CO2 za po\u015brednictwem DHL GOGREEN.<\/p>\n\n\n\n<figure class=\"wp-block-image size-large is-resized\"><img decoding=\"async\" src=\"https:\/\/laduti.de\/wp-content\/uploads\/2021\/07\/dhl_gogreen.png\" alt=\"\" class=\"wp-image-69115\" style=\"width:124px;height:69px\" \/><\/figure>\n\n\n\n<p><\/p>\n\n\n\n<p><strong>KOSZTY WYSY\u0141KI<\/strong>\u00a0(w tym ustawowy podatek od warto\u015bci dodanej)<\/p>\n\n\n\n<p><strong>Dostawy na terenie UE: <\/strong><\/p>\n\n\n\n<p>5 \u20ac<\/p>\n\n\n\n<p><strong>Dostawy poza UE:<\/strong> <\/p>\n\n\n\n<p>Klient musi sam zap\u0142aci\u0107 c\u0142o i podatek importowy, w zale\u017cno\u015bci od warto\u015bci towar\u00f3w.<\/p>\n\n\n\n<p><strong>Non-EU<\/strong>:<\/p>\n\n\n\n<p>Szwajcaria: 6 CHF<\/p>\n\n\n\n<p>United Kingdom: 5 GBP<\/p>\n\n\n\n<p><br><strong>TERMINY DOSTAW<\/strong><\/p>\n\n\n\n<p>O ile w danej ofercie nie okre\u015blono innego terminu, dostawa towar\u00f3w nast\u0105pi w ci\u0105gu 2-3 dni w Niemczech (Niemcy), w przypadku dostaw za granic\u0119 w ci\u0105gu 3-5 dni od zawarcia umowy (w przypadku uzgodnionej p\u0142atno\u015bci z g\u00f3ry, po z\u0142o\u017ceniu dyspozycji p\u0142atno\u015bci).<br>Nale\u017cy pami\u0119ta\u0107, \u017ce dostawa nie jest realizowana w niedziele i \u015bwi\u0119ta.<br>Je\u015bli u\u017cytkownik zam\u00f3wi\u0142 produkty o r\u00f3\u017cnych terminach dostawy, wy\u015blemy je w jednej przesy\u0142ce, chyba \u017ce poczynili\u015bmy z u\u017cytkownikiem inne ustalenia. W takim przypadku czas dostawy jest okre\u015blany na podstawie zam\u00f3wionego produktu o najd\u0142u\u017cszym czasie dostawy.<\/p>","protected":false},"excerpt":{"rendered":"<p>VERSANDBEDINGUNGEN Die Lieferung der Ware erfolgt europaweit als auch ausserhalb Europas. Wir versenden&nbsp;CO2-neutral mit DHL GOGREEN. VERSANDKOSTEN\u00a0(inklusive gesetzliche Mehrwertsteuer) Lieferungen innerhalb EU: 5 \u20ac Lieferungen ausserhalb EU: Der Kunde hat [&hellip;]<\/p>","protected":false},"author":1,"featured_media":0,"parent":0,"menu_order":0,"comment_status":"closed","ping_status":"closed","template":"","meta":{"_uag_custom_page_level_css":"","advgb_blocks_editor_width":"","advgb_blocks_columns_visual_guide":"","site-sidebar-layout":"default","site-content-layout":"default","ast-site-content-layout":"default","site-content-style":"default","site-sidebar-style":"default","ast-global-header-display":"","ast-banner-title-visibility":"","ast-main-header-display":"","ast-hfb-above-header-display":"","ast-hfb-below-header-display":"","ast-hfb-mobile-header-display":"","site-post-title":"","ast-breadcrumbs-content":"","ast-featured-img":"","footer-sml-layout":"","ast-disable-related-posts":"","theme-transparent-header-meta":"default","adv-header-id-meta":"","stick-header-meta":"default","header-above-stick-meta":"","header-main-stick-meta":"","header-below-stick-meta":"","astra-migrate-meta-layouts":"set","ast-page-background-enabled":"default","ast-page-background-meta":{"desktop":{"background-color":"","background-image":"","background-repeat":"repeat","background-position":"center center","background-size":"auto","background-attachment":"scroll","background-type":"","background-media":"","overlay-type":"","overlay-color":"","overlay-opacity":"","overlay-gradient":""},"tablet":{"background-color":"","background-image":"","background-repeat":"repeat","background-position":"center center","background-size":"auto","background-attachment":"scroll","background-type":"","background-media":"","overlay-type":"","overlay-color":"","overlay-opacity":"","overlay-gradient":""},"mobile":{"background-color":"","background-image":"","background-repeat":"repeat","background-position":"center center","background-size":"auto","background-attachment":"scroll","background-type":"","background-media":"","overlay-type":"","overlay-color":"","overlay-opacity":"","overlay-gradient":""}},"ast-content-background-meta":{"desktop":{"background-color":"var(--ast-global-color-5)","background-image":"","background-repeat":"repeat","background-position":"center center","background-size":"auto","background-attachment":"scroll","background-type":"","background-media":"","overlay-type":"","overlay-color":"","overlay-opacity":"","overlay-gradient":""},"tablet":{"background-color":"var(--ast-global-color-5)","background-image":"","background-repeat":"repeat","background-position":"center center","background-size":"auto","background-attachment":"scroll","background-type":"","background-media":"","overlay-type":"","overlay-color":"","overlay-opacity":"","overlay-gradient":""},"mobile":{"background-color":"var(--ast-global-color-5)","background-image":"","background-repeat":"repeat","background-position":"center center","background-size":"auto","background-attachment":"scroll","background-type":"","background-media":"","overlay-type":"","overlay-color":"","overlay-opacity":"","overlay-gradient":""}},"footnotes":""},"class_list":["post-33","page","type-page","status-publish","hentry"],"featured_image_src":null,"yoast_head":"<!-- This site is optimized with the Yoast SEO Premium plugin v23.4 (Yoast SEO v26.6) - https:\/\/yoast.com\/wordpress\/plugins\/seo\/ -->\n<title>Versandarten - LAZRU<\/title>\n<meta name=\"robots\" content=\"noindex, nofollow\" \/>\n<meta property=\"og:locale\" content=\"pl_PL\" \/>\n<meta property=\"og:type\" content=\"article\" \/>\n<meta property=\"og:title\" content=\"Versandarten\" \/>\n<meta property=\"og:description\" content=\"VERSANDBEDINGUNGEN Die Lieferung der Ware erfolgt europaweit als auch ausserhalb Europas. Wir versenden&nbsp;CO2-neutral mit DHL GOGREEN. VERSANDKOSTEN\u00a0(inklusive gesetzliche Mehrwertsteuer) Lieferungen innerhalb EU: 5 \u20ac Lieferungen ausserhalb EU: Der Kunde hat [&hellip;]\" \/>\n<meta property=\"og:url\" content=\"https:\/\/lazru.com\/pl\/metody-wysylki\/\" \/>\n<meta property=\"og:site_name\" content=\"LAZRU\" \/>\n<meta property=\"article:modified_time\" content=\"2024-04-23T09:08:40+00:00\" \/>\n<meta property=\"og:image\" content=\"https:\/\/laduti.de\/wp-content\/uploads\/2021\/07\/dhl_gogreen.png\" \/>\n<meta name=\"twitter:card\" content=\"summary_large_image\" \/>\n<meta name=\"twitter:label1\" content=\"Szacowany czas czytania\" \/>\n\t<meta name=\"twitter:data1\" content=\"1 minuta\" \/>\n<script type=\"application\/ld+json\" class=\"yoast-schema-graph\">{\"@context\":\"https:\/\/schema.org\",\"@graph\":[{\"@type\":\"WebPage\",\"@id\":\"https:\/\/lazru.com\/versandarten\/\",\"url\":\"https:\/\/lazru.com\/versandarten\/\",\"name\":\"Versandarten - LAZRU\",\"isPartOf\":{\"@id\":\"https:\/\/lazru.com\/es\/#website\"},\"primaryImageOfPage\":{\"@id\":\"https:\/\/lazru.com\/versandarten\/#primaryimage\"},\"image\":{\"@id\":\"https:\/\/lazru.com\/versandarten\/#primaryimage\"},\"thumbnailUrl\":\"https:\/\/laduti.de\/wp-content\/uploads\/2021\/07\/dhl_gogreen.png\",\"datePublished\":\"2021-09-14T13:12:11+00:00\",\"dateModified\":\"2024-04-23T09:08:40+00:00\",\"breadcrumb\":{\"@id\":\"https:\/\/lazru.com\/versandarten\/#breadcrumb\"},\"inLanguage\":\"pl-PL\",\"potentialAction\":[{\"@type\":\"ReadAction\",\"target\":[\"https:\/\/lazru.com\/versandarten\/\"]}]},{\"@type\":\"ImageObject\",\"inLanguage\":\"pl-PL\",\"@id\":\"https:\/\/lazru.com\/versandarten\/#primaryimage\",\"url\":\"https:\/\/laduti.de\/wp-content\/uploads\/2021\/07\/dhl_gogreen.png\",\"contentUrl\":\"https:\/\/laduti.de\/wp-content\/uploads\/2021\/07\/dhl_gogreen.png\"},{\"@type\":\"BreadcrumbList\",\"@id\":\"https:\/\/lazru.com\/versandarten\/#breadcrumb\",\"itemListElement\":[{\"@type\":\"ListItem\",\"position\":1,\"name\":\"LAZRU\",\"item\":\"https:\/\/lazru.com\/\"},{\"@type\":\"ListItem\",\"position\":2,\"name\":\"Versandarten\"}]},{\"@type\":\"WebSite\",\"@id\":\"https:\/\/lazru.com\/es\/#website\",\"url\":\"https:\/\/lazru.com\/es\/\",\"name\":\"LAZRU\",\"description\":\"Wimpernserum &amp; Augenbrauenserum\",\"publisher\":{\"@id\":\"https:\/\/lazru.com\/es\/#organization\"},\"potentialAction\":[{\"@type\":\"SearchAction\",\"target\":{\"@type\":\"EntryPoint\",\"urlTemplate\":\"https:\/\/lazru.com\/es\/?s={search_term_string}\"},\"query-input\":{\"@type\":\"PropertyValueSpecification\",\"valueRequired\":true,\"valueName\":\"search_term_string\"}}],\"inLanguage\":\"pl-PL\"},{\"@type\":\"Organization\",\"@id\":\"https:\/\/lazru.com\/es\/#organization\",\"name\":\"LAZRU\",\"url\":\"https:\/\/lazru.com\/es\/\",\"logo\":{\"@type\":\"ImageObject\",\"inLanguage\":\"pl-PL\",\"@id\":\"https:\/\/lazru.com\/es\/#\/schema\/logo\/image\/\",\"url\":\"https:\/\/lazru.com\/wp-content\/uploads\/2021\/09\/cropped-lazru-wimpernserum-logo.png\",\"contentUrl\":\"https:\/\/lazru.com\/wp-content\/uploads\/2021\/09\/cropped-lazru-wimpernserum-logo.png\",\"width\":211,\"height\":97,\"caption\":\"LAZRU\"},\"image\":{\"@id\":\"https:\/\/lazru.com\/es\/#\/schema\/logo\/image\/\"},\"sameAs\":[\"https:\/\/www.instagram.com\/lazru_official\/\"]}]}<\/script>\n<!-- \/ Yoast SEO Premium plugin. -->","yoast_head_json":{"title":"Metody wysy\u0142ki - LAZRU","robots":{"index":"noindex","follow":"nofollow"},"og_locale":"pl_PL","og_type":"article","og_title":"Versandarten","og_description":"VERSANDBEDINGUNGEN Die Lieferung der Ware erfolgt europaweit als auch ausserhalb Europas. Wir versenden&nbsp;CO2-neutral mit DHL GOGREEN. VERSANDKOSTEN\u00a0(inklusive gesetzliche Mehrwertsteuer) Lieferungen innerhalb EU: 5 \u20ac Lieferungen ausserhalb EU: Der Kunde hat [&hellip;]","og_url":"https:\/\/lazru.com\/pl\/metody-wysylki\/","og_site_name":"LAZRU","article_modified_time":"2024-04-23T09:08:40+00:00","og_image":[{"url":"https:\/\/laduti.de\/wp-content\/uploads\/2021\/07\/dhl_gogreen.png","type":"","width":"","height":""}],"twitter_card":"summary_large_image","twitter_misc":{"Szacowany czas czytania":"1 minuta"},"schema":{"@context":"https:\/\/schema.org","@graph":[{"@type":"WebPage","@id":"https:\/\/lazru.com\/versandarten\/","url":"https:\/\/lazru.com\/versandarten\/","name":"Metody wysy\u0142ki - LAZRU","isPartOf":{"@id":"https:\/\/lazru.com\/es\/#website"},"primaryImageOfPage":{"@id":"https:\/\/lazru.com\/versandarten\/#primaryimage"},"image":{"@id":"https:\/\/lazru.com\/versandarten\/#primaryimage"},"thumbnailUrl":"https:\/\/laduti.de\/wp-content\/uploads\/2021\/07\/dhl_gogreen.png","datePublished":"2021-09-14T13:12:11+00:00","dateModified":"2024-04-23T09:08:40+00:00","breadcrumb":{"@id":"https:\/\/lazru.com\/versandarten\/#breadcrumb"},"inLanguage":"pl-PL","potentialAction":[{"@type":"ReadAction","target":["https:\/\/lazru.com\/versandarten\/"]}]},{"@type":"ImageObject","inLanguage":"pl-PL","@id":"https:\/\/lazru.com\/versandarten\/#primaryimage","url":"https:\/\/laduti.de\/wp-content\/uploads\/2021\/07\/dhl_gogreen.png","contentUrl":"https:\/\/laduti.de\/wp-content\/uploads\/2021\/07\/dhl_gogreen.png"},{"@type":"BreadcrumbList","@id":"https:\/\/lazru.com\/versandarten\/#breadcrumb","itemListElement":[{"@type":"ListItem","position":1,"name":"LAZRU","item":"https:\/\/lazru.com\/"},{"@type":"ListItem","position":2,"name":"Versandarten"}]},{"@type":"WebSite","@id":"https:\/\/lazru.com\/es\/#website","url":"https:\/\/lazru.com\/es\/","name":"LAZRU","description":"Serum do Rz\u0119s &amp; Serum do Brwi","publisher":{"@id":"https:\/\/lazru.com\/es\/#organization"},"potentialAction":[{"@type":"SearchAction","target":{"@type":"EntryPoint","urlTemplate":"https:\/\/lazru.com\/es\/?s={search_term_string}"},"query-input":{"@type":"PropertyValueSpecification","valueRequired":true,"valueName":"search_term_string"}}],"inLanguage":"pl-PL"},{"@type":"Organization","@id":"https:\/\/lazru.com\/es\/#organization","name":"LAZRU","url":"https:\/\/lazru.com\/es\/","logo":{"@type":"ImageObject","inLanguage":"pl-PL","@id":"https:\/\/lazru.com\/es\/#\/schema\/logo\/image\/","url":"https:\/\/lazru.com\/wp-content\/uploads\/2021\/09\/cropped-lazru-wimpernserum-logo.png","contentUrl":"https:\/\/lazru.com\/wp-content\/uploads\/2021\/09\/cropped-lazru-wimpernserum-logo.png","width":211,"height":97,"caption":"LAZRU"},"image":{"@id":"https:\/\/lazru.com\/es\/#\/schema\/logo\/image\/"},"sameAs":["https:\/\/www.instagram.com\/lazru_official\/"]}]}},"uagb_featured_image_src":{"full":false,"thumbnail":false,"medium":false,"medium_large":false,"large":false,"1536x1536":false,"2048x2048":false,"trp-custom-language-flag":false,"woocommerce_thumbnail":false,"woocommerce_single":false,"woocommerce_gallery_thumbnail":false,"crp_thumbnail":false},"uagb_author_info":{"display_name":"Kerem085","author_link":"https:\/\/lazru.com\/pl\/author\/kerem085\/"},"uagb_comment_info":0,"uagb_excerpt":"VERSANDBEDINGUNGEN Die Lieferung der Ware erfolgt europaweit als auch ausserhalb Europas. Wir versenden&nbsp;CO2-neutral mit DHL GOGREEN. VERSANDKOSTEN\u00a0(inklusive gesetzliche Mehrwertsteuer) Lieferungen innerhalb EU: 5 \u20ac Lieferungen ausserhalb EU: Der Kunde hat [&hellip;]","coauthors":[],"author_meta":{"author_link":"https:\/\/lazru.com\/pl\/author\/kerem085\/","display_name":"Kerem085"},"relative_dates":{"created":"Posted 5 lat ago","modified":"Updated 2 lata ago"},"absolute_dates":{"created":"Posted on 14. wrze\u015bnia 2021","modified":"Updated on 23. kwietnia 2024"},"absolute_dates_time":{"created":"Posted on 14. wrze\u015bnia 2021 13:12","modified":"Updated on 23. kwietnia 2024 11:08"},"featured_img_caption":"","featured_img":false,"series_order":"","_links":{"self":[{"href":"https:\/\/lazru.com\/pl\/wp-json\/wp\/v2\/pages\/33","targetHints":{"allow":["GET"]}}],"collection":[{"href":"https:\/\/lazru.com\/pl\/wp-json\/wp\/v2\/pages"}],"about":[{"href":"https:\/\/lazru.com\/pl\/wp-json\/wp\/v2\/types\/page"}],"author":[{"embeddable":true,"href":"https:\/\/lazru.com\/pl\/wp-json\/wp\/v2\/users\/1"}],"replies":[{"embeddable":true,"href":"https:\/\/lazru.com\/pl\/wp-json\/wp\/v2\/comments?post=33"}],"version-history":[{"count":8,"href":"https:\/\/lazru.com\/pl\/wp-json\/wp\/v2\/pages\/33\/revisions"}],"predecessor-version":[{"id":28028,"href":"https:\/\/lazru.com\/pl\/wp-json\/wp\/v2\/pages\/33\/revisions\/28028"}],"wp:attachment":[{"href":"https:\/\/lazru.com\/pl\/wp-json\/wp\/v2\/media?parent=33"}],"curies":[{"name":"wp","href":"https:\/\/api.w.org\/{rel}","templated":true}]}}