{"id":32,"date":"2021-09-14T13:12:11","date_gmt":"2021-09-14T13:12:11","guid":{"rendered":"https:\/\/lazru.com\/widerrufsbelehrung"},"modified":"2023-12-07T14:48:40","modified_gmt":"2023-12-07T13:48:40","slug":"widerrufsrecht","status":"publish","type":"page","link":"https:\/\/lazru.com\/pl\/prawo-odwolania\/","title":{"rendered":"Odwo\u0142anie"},"content":{"rendered":"<p><strong>Prawo konsument\u00f3w do odst\u0105pienia od umowy<\/strong><\/p>\n\n\n\n<p>Konsumentem jest ka\u017cda osoba fizyczna, kt\u00f3ra zawiera transakcj\u0119 prawn\u0105 w celach, kt\u00f3re w przewa\u017caj\u0105cej mierze nie s\u0105 ani dzia\u0142alno\u015bci\u0105 gospodarcz\u0105, ani dzia\u0142alno\u015bci\u0105 na w\u0142asny rachunek.<\/p>\n\n\n\n<p><strong>Polityka anulowania rezerwacji Lazru<\/strong><\/p>\n\n\n\n<p><strong>Odwo\u0142anie<\/strong><\/p>\n\n\n\n<p>U\u017cytkownik ma prawo do odst\u0105pienia od umowy w ci\u0105gu czternastu dni. <strong>Prawo odst\u0105pienia od umowy jest wy\u0142\u0105czone w przypadku u\u017cywanych artyku\u0142\u00f3w higienicznych.<\/strong> Okres odst\u0105pienia od umowy wynosi czterna\u015bcie dni od dnia, w kt\u00f3rym u\u017cytkownik lub wskazana przez niego osoba trzecia, kt\u00f3ra nie jest przewo\u017anikiem, wesz\u0142a lub wesz\u0142a w posiadanie towar\u00f3w, pod warunkiem, \u017ce u\u017cytkownik zam\u00f3wi\u0142 jeden lub wi\u0119cej towar\u00f3w w ramach jednego zam\u00f3wienia i s\u0105 one lub b\u0119d\u0105 dostarczane w spos\u00f3b jednolity.<\/p>\n\n\n\n<p>Aby skorzysta\u0107 z prawa odst\u0105pienia od umowy, musz\u0105 Pa\u0144stwo poinformowa\u0107 nas o swojej decyzji o odst\u0105pieniu od niniejszej umowy w drodze jednoznacznego o\u015bwiadczenia (na przyk\u0142ad pismo wys\u0142ane poczt\u0105, faksem lub poczt\u0105 elektroniczn\u0105). W tym celu mog\u0105 Pa\u0144stwo skorzysta\u0107 z za\u0142\u0105czonego wzoru formularza odst\u0105pienia od umowy, kt\u00f3ry nie jest jednak obowi\u0105zkowy.<\/p>\n\n\n\n<p>Aby dotrzyma\u0107 terminu odst\u0105pienia od umowy, wystarczy, \u017ce wy\u015bl\u0105 Pa\u0144stwo powiadomienie o skorzystaniu z prawa do odst\u0105pienia od umowy przed up\u0142ywem terminu odst\u0105pienia od umowy.<\/p>\n\n\n\n<p>Odwo\u0142anie jest kierowane do<\/p>\n\n\n\n<figure class=\"wp-block-image size-full is-resized\"><a href=\"https:\/\/lazru.com\/wp-content\/uploads\/2023\/12\/Laz-2.jpg\"><img loading=\"lazy\" decoding=\"async\" width=\"650\" height=\"685\" src=\"https:\/\/lazru.com\/wp-content\/uploads\/2023\/12\/Laz-2.jpg\" alt=\"\" class=\"wp-image-22583\" style=\"width:226px;height:auto\" srcset=\"https:\/\/lazru.com\/wp-content\/uploads\/2023\/12\/Laz-2.jpg 650w, https:\/\/lazru.com\/wp-content\/uploads\/2023\/12\/Laz-2-600x632.jpg 600w, https:\/\/lazru.com\/wp-content\/uploads\/2023\/12\/Laz-2-285x300.jpg 285w, https:\/\/lazru.com\/wp-content\/uploads\/2023\/12\/Laz-2-11x12.jpg 11w\" sizes=\"auto, (max-width: 650px) 100vw, 650px\" \/><\/a><\/figure>\n\n\n\n<p><\/p>\n\n\n\n<p><strong>Adres dostawy poni\u017cej.<\/strong><\/p>\n\n\n\n<p><strong>Konsekwencje cofni\u0119cia<\/strong><\/p>\n\n\n\n<p>W przypadku odst\u0105pienia od niniejszej umowy musimy zwr\u00f3ci\u0107 Pa\u0144stwu wszystkie otrzymane od Pa\u0144stwa p\u0142atno\u015bci, w tym koszty dostawy (z wyj\u0105tkiem dodatkowych koszt\u00f3w wynikaj\u0105cych z faktu, \u017ce wybrali Pa\u0144stwo inny rodzaj dostawy ni\u017c najta\u0144sza standardowa dostawa oferowana przez nas), niezw\u0142ocznie, a najp\u00f3\u017aniej w terminie czternastu dni od dnia, w kt\u00f3rym otrzymali\u015bmy informacj\u0119 o odst\u0105pieniu przez Pa\u0144stwa od niniejszej umowy. W celu dokonania zwrotu wykorzystamy ten sam spos\u00f3b p\u0142atno\u015bci, kt\u00f3ry zosta\u0142 u\u017cyty do pierwotnej transakcji, chyba \u017ce wyra\u017anie uzgodniono z Pa\u0144stwem inaczej; w \u017cadnym przypadku nie zostan\u0105 Pa\u0144stwo obci\u0105\u017ceni kosztami tego zwrotu.<\/p>\n\n\n\n<p>Mo\u017cemy odm\u00f3wi\u0107 zwrotu pieni\u0119dzy do czasu otrzymania towaru z powrotem lub do czasu dostarczenia przez Pa\u0144stwa dowodu, \u017ce towar zosta\u0142 zwr\u00f3cony, w zale\u017cno\u015bci od tego, co nast\u0105pi wcze\u015bniej.<\/p>\n\n\n\n<p><strong>Zwraca<\/strong><\/p>\n\n\n\n<p>Towar nale\u017cy zwr\u00f3ci\u0107 lub przekaza\u0107 nam niezw\u0142ocznie, a w ka\u017cdym razie nie p\u00f3\u017aniej ni\u017c w ci\u0105gu czternastu dni od dnia, w kt\u00f3rym poinformowali nas Pa\u0144stwo o odst\u0105pieniu od umowy. Termin jest dotrzymany, je\u015bli wy\u015blesz towar przed up\u0142ywem terminu czternastu dni.<\/p>\n\n\n\n<p>Ponosisz bezpo\u015brednie koszty zwrotu towaru.<\/p>\n\n\n\n<p>Utrat\u0119 warto\u015bci towaru nale\u017cy pokry\u0107 tylko wtedy, gdy ta utrata warto\u015bci wynika z obchodzenia si\u0119 z towarem, kt\u00f3re nie jest konieczne do sprawdzenia jako\u015bci, w\u0142a\u015bciwo\u015bci i funkcjonowania towaru.<\/p>\n\n\n\n<p><strong>Przyczyny wykluczenia lub wyga\u015bni\u0119cia<\/strong><\/p>\n\n\n\n<p><strong>Wy\u0142\u0105czenie prawa do odst\u0105pienia od umowy<\/strong>:<\/p>\n\n\n\n<p>Prawo do odst\u0105pienia od umowy nie przys\u0142uguje w przypadku towar\u00f3w, kt\u00f3re szybko si\u0119 psuj\u0105 lub kt\u00f3rych data wa\u017cno\u015bci zosta\u0142aby szybko przekroczona. Przedwczesne wyga\u015bni\u0119cie w przypadku dostawy zapiecz\u0119towanych towar\u00f3w, kt\u00f3re nie nadaj\u0105 si\u0119 do zwrotu ze wzgl\u0119du na ochron\u0119 zdrowia lub higien\u0119, je\u015bli ich plomba zosta\u0142a usuni\u0119ta po dostawie; (1) Nie ma prawa do odst\u0105pienia od umowy w przypadku Lazru zgodnie z \u00a7 312g ust. 2 nr 2 BGB, je\u015bli plomba zosta\u0142a usuni\u0119ta z opakowania. Wynika to z faktu, \u017ce Lazru jest towarem w rozumieniu \u00a7 312g ust. 2 nr 2 BGB, kt\u00f3ry uleg\u0142by szybkiemu zepsuciu po zerwaniu plomby lub kt\u00f3rego data wa\u017cno\u015bci zosta\u0142aby szybko przekroczona od tego momentu (2 miesi\u0105ce po otwarciu Lazru). (2) Prawo do odst\u0105pienia od umowy nie przys\u0142uguje zatem zgodnie z \u00a7 312g ust. 2 nr 2 BGB, je\u015bli plomba Lazru zosta\u0142a usuni\u0119ta po dostawie, poniewa\u017c istnieje ryzyko, \u017ce zwr\u00f3cony produkt dotrze do sprzedawcy ze znacznie kr\u00f3tszym okresem przydatno\u015bci do spo\u017cycia.<\/p>\n\n\n\n<p>Prawo do odst\u0105pienia od umowy jest w tym kontek\u015bcie wy\u0142\u0105czone, poniewa\u017c zwrot serum z uszkodzon\u0105 plomb\u0105 by\u0142by dla Lazru trudny lub niemo\u017cliwy, bior\u0105c pod uwag\u0119 czas zwrotu.<\/p>\n\n\n\n<p><strong>Prawo odst\u0105pienia od umowy jest wy\u0142\u0105czone w przypadku u\u017cywanych artyku\u0142\u00f3w higienicznych<\/strong>.<\/p>\n\n\n\n<hr class=\"wp-block-separator has-css-opacity\"\/>\n\n\n\n<p>Prawo do odst\u0105pienia od umowy istnieje <strong>nie<\/strong> w przypadku um\u00f3w<\/p>\n\n\n\n<ul class=\"wp-block-list\">\n<li>w przypadku dostawy towar\u00f3w, kt\u00f3re nie s\u0105 prefabrykowane i kt\u00f3rych produkcja wymaga indywidualnego wyboru lub ustalenia przez konsumenta, lub kt\u00f3re s\u0105 wyra\u017anie dostosowane do jego osobistych potrzeb;<\/li>\n\n\n\n<li>w przypadku dostawy towar\u00f3w, kt\u00f3re mog\u0105 si\u0119 szybko zepsu\u0107 lub kt\u00f3rych termin przydatno\u015bci do spo\u017cycia zosta\u0142by szybko przekroczony;<\/li>\n\n\n\n<li>Umowy abonamentowe.<\/li>\n<\/ul>\n\n\n\n<p>&#8212;&#8212;&#8211;<\/p>\n\n\n\n<p><strong>Prawo do odst\u0105pienia od umowy wygasa przedwcze\u015bnie w przypadku um\u00f3w<\/strong><\/p>\n\n\n\n<ul class=\"wp-block-list\">\n<li>za dostaw\u0119 zapiecz\u0119towanych towar\u00f3w, kt\u00f3re ze wzgl\u0119du na ochron\u0119 zdrowia lub higien\u0119 nie nadaj\u0105 si\u0119 do zwrotu, je\u015bli po dostawie usuni\u0119to z nich piecz\u0119\u0107;<\/li>\n\n\n\n<li>za dostaw\u0119 towar\u00f3w, je\u015bli po dostawie ze wzgl\u0119du na sw\u00f3j charakter zosta\u0142y one nierozerwalnie zmieszane z innymi towarami;<\/li>\n<\/ul>\n\n\n\n<p>_______<\/p>\n\n\n\n<p><strong>Przyk\u0142adowy formularz odst\u0105pienia od umowy<\/strong><\/p>\n\n\n\n<p>Je\u015bli chc\u0105 Pa\u0144stwo anulowa\u0107 umow\u0119, prosimy o wype\u0142nienie i odes\u0142anie niniejszego formularza.<br><strong>Prawo odst\u0105pienia od umowy jest wy\u0142\u0105czone w przypadku u\u017cywanych artyku\u0142\u00f3w higienicznych.<\/strong><\/p>\n\n\n\n<p>1. Powr\u00f3t do:<\/p>\n\n\n\n<p>VDS - Shipping and Data Service <br>c\/o Alaiko GmbH <br>Siemensstra\u00dfe 14<br>D-37412 Herzberg am Harz<br>Germany<br><br>E-mail: info@lazru.com<\/p>\n\n\n\n<p>2. Niniejszym odst\u0119puj\u0119\/odwo\u0142uj\u0119 zawart\u0105 przeze mnie\/nas umow\u0119 na zakup nast\u0119puj\u0105cych towar\u00f3w\/\u015bwiadczenie nast\u0119puj\u0105cych us\u0142ug<br>Us\u0142uga (w razie potrzeby za\u0142\u0105czy\u0107 kopi\u0119 faktury)<br>Numer zam\u00f3wienia: ..........................................<br>Ilo\u015b\u0107 \/ nazwa towaru: ...........................<br>Cena zakupu: ...................................................<br>Ju\u017c u\u017cywane? Prawo do odst\u0105pienia od umowy jest wy\u0142\u0105czone w przypadku u\u017cywanych artyku\u0142\u00f3w higienicznych.<\/p>\n\n\n\n<p>3. Zam\u00f3wione na: ........................<\/p>\n\n\n\n<p>4. Pow\u00f3d: .............................................<\/p>\n\n\n\n<p>5. Otrzymane na: ........................<\/p>\n\n\n\n<p>6. Nazwa, adres konsumenta: ......<br>Numer klienta: ........................................<br>Imi\u0119 i nazwisko: .................................<br>Ulica: .......................................................<br>Kod pocztowy i miasto: ..................................................<\/p>\n\n\n\n<p>7. Miejsce, data i podpis klienta:<br>&#8230;&#8230;&#8230;&#8230;&#8230;&#8230;&#8230;&#8230;&#8230;&#8230;&#8230;&#8230;&#8230;&#8230;&#8230;&#8230;&#8230;.<\/p>","protected":false},"excerpt":{"rendered":"<p>Widerrufsrecht f\u00fcr Verbraucher Verbraucher ist jede nat\u00fcrliche Person, die ein Rechtsgesch\u00e4ft zu Zwecken abschlie\u00dft, die \u00fcberwiegend weder ihrer gewerblichen noch ihrer selbstst\u00e4ndigen beruflichen T\u00e4tigkeit zugerechnet werden kann. Widerrufsbelehrung Lazru Widerrufsrecht Sie haben das Recht, binnen vierzehn Tagen diesen Vertrag zu widerrufen. Das Widerrufsrecht ist bei benutzten Hygieneartikeln ausgeschlossen. Die Widerrufsfrist betr\u00e4gt vierzehn Tage ab dem [&hellip;]<\/p>\n","protected":false},"author":1,"featured_media":0,"parent":0,"menu_order":0,"comment_status":"closed","ping_status":"closed","template":"","meta":{"footnotes":""},"class_list":["post-32","page","type-page","status-publish","hentry"],"blocksy_meta":[],"yoast_head":"<!-- This site is optimized with the Yoast SEO Premium plugin v23.4 (Yoast SEO v27.4) - https:\/\/yoast.com\/product\/yoast-seo-premium-wordpress\/ -->\n<title>Widerrufsrecht - LAZRU<\/title>\n<meta name=\"robots\" content=\"noindex, nofollow\" \/>\n<meta property=\"og:locale\" content=\"pl_PL\" \/>\n<meta property=\"og:type\" content=\"article\" \/>\n<meta property=\"og:title\" content=\"Widerrufsrecht\" \/>\n<meta property=\"og:description\" content=\"Widerrufsrecht f\u00fcr Verbraucher Verbraucher ist jede nat\u00fcrliche Person, die ein Rechtsgesch\u00e4ft zu Zwecken abschlie\u00dft, die \u00fcberwiegend weder ihrer gewerblichen noch ihrer selbstst\u00e4ndigen beruflichen T\u00e4tigkeit zugerechnet werden kann. Widerrufsbelehrung Lazru Widerrufsrecht Sie haben das Recht, binnen vierzehn Tagen diesen Vertrag zu widerrufen. Das Widerrufsrecht ist bei benutzten Hygieneartikeln ausgeschlossen. Die Widerrufsfrist betr\u00e4gt vierzehn Tage ab dem [&hellip;]\" \/>\n<meta property=\"og:url\" content=\"https:\/\/lazru.com\/pl\/prawo-odwolania\/\" \/>\n<meta property=\"og:site_name\" content=\"LAZRU\" \/>\n<meta property=\"article:modified_time\" content=\"2023-12-07T13:48:40+00:00\" \/>\n<meta property=\"og:image\" content=\"https:\/\/lazru.com\/wp-content\/uploads\/2023\/12\/Laz-2.jpg\" \/>\n<meta name=\"twitter:card\" content=\"summary_large_image\" \/>\n<meta name=\"twitter:label1\" content=\"Szacowany czas czytania\" \/>\n\t<meta name=\"twitter:data1\" content=\"5 minut\" \/>\n<script type=\"application\/ld+json\" class=\"yoast-schema-graph\">{\"@context\":\"https:\\\/\\\/schema.org\",\"@graph\":[{\"@type\":\"WebPage\",\"@id\":\"https:\\\/\\\/lazru.com\\\/widerrufsrecht\\\/\",\"url\":\"https:\\\/\\\/lazru.com\\\/widerrufsrecht\\\/\",\"name\":\"Widerrufsrecht - LAZRU\",\"isPartOf\":{\"@id\":\"https:\\\/\\\/lazru.com\\\/es\\\/#website\"},\"primaryImageOfPage\":{\"@id\":\"https:\\\/\\\/lazru.com\\\/widerrufsrecht\\\/#primaryimage\"},\"image\":{\"@id\":\"https:\\\/\\\/lazru.com\\\/widerrufsrecht\\\/#primaryimage\"},\"thumbnailUrl\":\"https:\\\/\\\/lazru.com\\\/wp-content\\\/uploads\\\/2023\\\/12\\\/Laz-2.jpg\",\"datePublished\":\"2021-09-14T13:12:11+00:00\",\"dateModified\":\"2023-12-07T13:48:40+00:00\",\"breadcrumb\":{\"@id\":\"https:\\\/\\\/lazru.com\\\/widerrufsrecht\\\/#breadcrumb\"},\"inLanguage\":\"pl-PL\",\"potentialAction\":[{\"@type\":\"ReadAction\",\"target\":[\"https:\\\/\\\/lazru.com\\\/widerrufsrecht\\\/\"]}]},{\"@type\":\"ImageObject\",\"inLanguage\":\"pl-PL\",\"@id\":\"https:\\\/\\\/lazru.com\\\/widerrufsrecht\\\/#primaryimage\",\"url\":\"https:\\\/\\\/lazru.com\\\/wp-content\\\/uploads\\\/2023\\\/12\\\/Laz-2.jpg\",\"contentUrl\":\"https:\\\/\\\/lazru.com\\\/wp-content\\\/uploads\\\/2023\\\/12\\\/Laz-2.jpg\"},{\"@type\":\"BreadcrumbList\",\"@id\":\"https:\\\/\\\/lazru.com\\\/widerrufsrecht\\\/#breadcrumb\",\"itemListElement\":[{\"@type\":\"ListItem\",\"position\":1,\"name\":\"LAZRU\",\"item\":\"https:\\\/\\\/lazru.com\\\/\"},{\"@type\":\"ListItem\",\"position\":2,\"name\":\"Widerrufsrecht\"}]},{\"@type\":\"WebSite\",\"@id\":\"https:\\\/\\\/lazru.com\\\/es\\\/#website\",\"url\":\"https:\\\/\\\/lazru.com\\\/es\\\/\",\"name\":\"LAZRU\",\"description\":\"Wimpernserum &amp; Augenbrauenserum\",\"publisher\":{\"@id\":\"https:\\\/\\\/lazru.com\\\/es\\\/#organization\"},\"potentialAction\":[{\"@type\":\"SearchAction\",\"target\":{\"@type\":\"EntryPoint\",\"urlTemplate\":\"https:\\\/\\\/lazru.com\\\/es\\\/?s={search_term_string}\"},\"query-input\":{\"@type\":\"PropertyValueSpecification\",\"valueRequired\":true,\"valueName\":\"search_term_string\"}}],\"inLanguage\":\"pl-PL\"},{\"@type\":\"Organization\",\"@id\":\"https:\\\/\\\/lazru.com\\\/es\\\/#organization\",\"name\":\"LAZRU\",\"url\":\"https:\\\/\\\/lazru.com\\\/es\\\/\",\"logo\":{\"@type\":\"ImageObject\",\"inLanguage\":\"pl-PL\",\"@id\":\"https:\\\/\\\/lazru.com\\\/es\\\/#\\\/schema\\\/logo\\\/image\\\/\",\"url\":\"https:\\\/\\\/lazru.com\\\/wp-content\\\/uploads\\\/2021\\\/09\\\/cropped-lazru-wimpernserum-logo.png\",\"contentUrl\":\"https:\\\/\\\/lazru.com\\\/wp-content\\\/uploads\\\/2021\\\/09\\\/cropped-lazru-wimpernserum-logo.png\",\"width\":211,\"height\":97,\"caption\":\"LAZRU\"},\"image\":{\"@id\":\"https:\\\/\\\/lazru.com\\\/es\\\/#\\\/schema\\\/logo\\\/image\\\/\"},\"sameAs\":[\"https:\\\/\\\/www.instagram.com\\\/lazru_official\\\/\"]}]}<\/script>\n<!-- \/ Yoast SEO Premium plugin. -->","yoast_head_json":{"title":"Prawo odst\u0105pienia od umowy - LAZRU","robots":{"index":"noindex","follow":"nofollow"},"og_locale":"pl_PL","og_type":"article","og_title":"Widerrufsrecht","og_description":"Widerrufsrecht f\u00fcr Verbraucher Verbraucher ist jede nat\u00fcrliche Person, die ein Rechtsgesch\u00e4ft zu Zwecken abschlie\u00dft, die \u00fcberwiegend weder ihrer gewerblichen noch ihrer selbstst\u00e4ndigen beruflichen T\u00e4tigkeit zugerechnet werden kann. Widerrufsbelehrung Lazru Widerrufsrecht Sie haben das Recht, binnen vierzehn Tagen diesen Vertrag zu widerrufen. Das Widerrufsrecht ist bei benutzten Hygieneartikeln ausgeschlossen. Die Widerrufsfrist betr\u00e4gt vierzehn Tage ab dem [&hellip;]","og_url":"https:\/\/lazru.com\/pl\/prawo-odwolania\/","og_site_name":"LAZRU","article_modified_time":"2023-12-07T13:48:40+00:00","og_image":[{"url":"https:\/\/lazru.com\/wp-content\/uploads\/2023\/12\/Laz-2.jpg","type":"","width":"","height":""}],"twitter_card":"summary_large_image","twitter_misc":{"Szacowany czas czytania":"5 minut"},"schema":{"@context":"https:\/\/schema.org","@graph":[{"@type":"WebPage","@id":"https:\/\/lazru.com\/widerrufsrecht\/","url":"https:\/\/lazru.com\/widerrufsrecht\/","name":"Prawo odst\u0105pienia od umowy - LAZRU","isPartOf":{"@id":"https:\/\/lazru.com\/es\/#website"},"primaryImageOfPage":{"@id":"https:\/\/lazru.com\/widerrufsrecht\/#primaryimage"},"image":{"@id":"https:\/\/lazru.com\/widerrufsrecht\/#primaryimage"},"thumbnailUrl":"https:\/\/lazru.com\/wp-content\/uploads\/2023\/12\/Laz-2.jpg","datePublished":"2021-09-14T13:12:11+00:00","dateModified":"2023-12-07T13:48:40+00:00","breadcrumb":{"@id":"https:\/\/lazru.com\/widerrufsrecht\/#breadcrumb"},"inLanguage":"pl-PL","potentialAction":[{"@type":"ReadAction","target":["https:\/\/lazru.com\/widerrufsrecht\/"]}]},{"@type":"ImageObject","inLanguage":"pl-PL","@id":"https:\/\/lazru.com\/widerrufsrecht\/#primaryimage","url":"https:\/\/lazru.com\/wp-content\/uploads\/2023\/12\/Laz-2.jpg","contentUrl":"https:\/\/lazru.com\/wp-content\/uploads\/2023\/12\/Laz-2.jpg"},{"@type":"BreadcrumbList","@id":"https:\/\/lazru.com\/widerrufsrecht\/#breadcrumb","itemListElement":[{"@type":"ListItem","position":1,"name":"LAZRU","item":"https:\/\/lazru.com\/"},{"@type":"ListItem","position":2,"name":"Widerrufsrecht"}]},{"@type":"WebSite","@id":"https:\/\/lazru.com\/es\/#website","url":"https:\/\/lazru.com\/es\/","name":"LAZRU","description":"Serum do Rz\u0119s &amp; Serum do Brwi","publisher":{"@id":"https:\/\/lazru.com\/es\/#organization"},"potentialAction":[{"@type":"SearchAction","target":{"@type":"EntryPoint","urlTemplate":"https:\/\/lazru.com\/es\/?s={search_term_string}"},"query-input":{"@type":"PropertyValueSpecification","valueRequired":true,"valueName":"search_term_string"}}],"inLanguage":"pl-PL"},{"@type":"Organization","@id":"https:\/\/lazru.com\/es\/#organization","name":"LAZRU","url":"https:\/\/lazru.com\/es\/","logo":{"@type":"ImageObject","inLanguage":"pl-PL","@id":"https:\/\/lazru.com\/es\/#\/schema\/logo\/image\/","url":"https:\/\/lazru.com\/wp-content\/uploads\/2021\/09\/cropped-lazru-wimpernserum-logo.png","contentUrl":"https:\/\/lazru.com\/wp-content\/uploads\/2021\/09\/cropped-lazru-wimpernserum-logo.png","width":211,"height":97,"caption":"LAZRU"},"image":{"@id":"https:\/\/lazru.com\/es\/#\/schema\/logo\/image\/"},"sameAs":["https:\/\/www.instagram.com\/lazru_official\/"]}]}},"_links":{"self":[{"href":"https:\/\/lazru.com\/pl\/wp-json\/wp\/v2\/pages\/32","targetHints":{"allow":["GET"]}}],"collection":[{"href":"https:\/\/lazru.com\/pl\/wp-json\/wp\/v2\/pages"}],"about":[{"href":"https:\/\/lazru.com\/pl\/wp-json\/wp\/v2\/types\/page"}],"author":[{"embeddable":true,"href":"https:\/\/lazru.com\/pl\/wp-json\/wp\/v2\/users\/1"}],"replies":[{"embeddable":true,"href":"https:\/\/lazru.com\/pl\/wp-json\/wp\/v2\/comments?post=32"}],"version-history":[{"count":10,"href":"https:\/\/lazru.com\/pl\/wp-json\/wp\/v2\/pages\/32\/revisions"}],"predecessor-version":[{"id":22591,"href":"https:\/\/lazru.com\/pl\/wp-json\/wp\/v2\/pages\/32\/revisions\/22591"}],"wp:attachment":[{"href":"https:\/\/lazru.com\/pl\/wp-json\/wp\/v2\/media?parent=32"}],"curies":[{"name":"wp","href":"https:\/\/api.w.org\/{rel}","templated":true}]}}