{"id":31,"date":"2021-09-14T13:12:11","date_gmt":"2021-09-14T13:12:11","guid":{"rendered":"https:\/\/lazru.com\/agb"},"modified":"2023-06-15T13:42:16","modified_gmt":"2023-06-15T11:42:16","slug":"agb","status":"publish","type":"page","link":"https:\/\/lazru.com\/pl\/agb\/","title":{"rendered":"GT&amp;C"},"content":{"rendered":"<p><strong>Og\u00f3lne Warunki Handlowe i Informacje dla Klient\u00f3w<\/strong><\/p>\n\n\n\n<p>I. Og\u00f3lne Warunki Handlowe<\/p>\n\n\n\n<p>\u00a7 1 Postanowienia podstawowe<\/p>\n\n\n\n<p>(1) Poni\u017csze warunki obowi\u0105zuj\u0105 dla wszystkich um\u00f3w, kt\u00f3re zawierasz z nami jako dostawc\u0105 (Lazru) za po\u015brednictwem strony internetowej www.lazru.com. O ile nie uzgodniono inaczej, sprzeciwiamy si\u0119 do\u0142\u0105czaniu do nich jakichkolwiek w\u0142asnych warunk\u00f3w, kt\u00f3re mog\u0105 by\u0107 stosowane przez u\u017cytkownika.<\/p>\n\n\n\n<p>(2) Konsumentem w rozumieniu poni\u017cszych przepis\u00f3w jest ka\u017cda osoba fizyczna, kt\u00f3ra zawiera transakcj\u0119 prawn\u0105 w celach, kt\u00f3re w przewa\u017caj\u0105cej mierze nie mog\u0105 by\u0107 przypisane ani do jej dzia\u0142alno\u015bci handlowej, ani do jej niezale\u017cnej dzia\u0142alno\u015bci zawodowej. Przedsi\u0119biorc\u0105 jest ka\u017cda osoba fizyczna, prawna lub sp\u00f3\u0142ka osobowa posiadaj\u0105ca zdolno\u015b\u0107 prawn\u0105, kt\u00f3ra zawieraj\u0105c czynno\u015b\u0107 prawn\u0105, dzia\u0142a w ramach wykonywania wolnego zawodu lub dzia\u0142alno\u015bci gospodarczej.<\/p>\n\n\n\n<p>\u00a7 2 Zawarcie umowy<\/p>\n\n\n\n<p>(1) Przedmiotem umowy jest sprzeda\u017c towar\u00f3w.<\/p>\n\n\n\n<p>(2) Poprzez umieszczenie danego produktu na naszej stronie internetowej, sk\u0142adamy Pa\u0144stwu wi\u0105\u017c\u0105c\u0105 ofert\u0119 zawarcia umowy na warunkach podanych w opisie przedmiotu.<\/p>\n\n\n\n<p>(3) Umowa zostaje zawarta poprzez system koszyka online w nast\u0119puj\u0105cy spos\u00f3b:<br>Towary przeznaczone do zakupu s\u0105 umieszczane w \"koszyku\". Za pomoc\u0105 odpowiedniego przycisku na pasku nawigacyjnym mo\u017cna wywo\u0142a\u0107 \"koszyk\" i w ka\u017cdej chwili dokona\u0107 w nim zmian.<br>Po wywo\u0142aniu strony \"Checkout\" i wprowadzeniu danych osobowych oraz warunk\u00f3w p\u0142atno\u015bci i wysy\u0142ki, wszystkie dane dotycz\u0105ce zam\u00f3wienia zostan\u0105 ponownie wy\u015bwietlone na stronie przegl\u0105du zam\u00f3wienia.<br>Je\u015bli u\u017cywaj\u0105 Pa\u0144stwo systemu p\u0142atno\u015bci natychmiastowych (np. PayPal \/ PayPal Express \/ PayPal Plus, Amazon Payments, Postpay, Sofort\u00fcberweisung) jako metody p\u0142atno\u015bci, zostan\u0105 Pa\u0144stwo albo przeniesieni na stron\u0119 przegl\u0105du zam\u00f3wie\u0144 w naszym sklepie internetowym, albo najpierw zostan\u0105 Pa\u0144stwo przekierowani na stron\u0119 internetow\u0105 dostawcy systemu p\u0142atno\u015bci natychmiastowych.<br>Je\u015bli zostaniesz przekierowany do odpowiedniego systemu p\u0142atno\u015bci natychmiastowych, dokonaj odpowiedniego wyboru lub wprowad\u017a tam swoje dane. Na koniec zostaniesz przekierowany z powrotem do naszego sklepu internetowego na stron\u0119 z przegl\u0105dem zam\u00f3wienia.<br>Przed wys\u0142aniem zam\u00f3wienia maj\u0105 Pa\u0144stwo mo\u017cliwo\u015b\u0107 ponownego sprawdzenia wszystkich danych, ich zmiany (r\u00f3wnie\u017c poprzez funkcj\u0119 \"powr\u00f3t\" przegl\u0105darki internetowej) lub rezygnacji z zakupu.<br>Wysy\u0142aj\u0105c zam\u00f3wienie za pomoc\u0105 przycisku \"kup teraz\", o\u015bwiadczasz, \u017ce prawnie wi\u0105\u017cesz si\u0119 z przyj\u0119ciem oferty, przez co dochodzi do zawarcia umowy.<\/p>\n\n\n\n<p>(4) Pa\u0144stwa wnioski o przygotowanie oferty s\u0105 dla Pa\u0144stwa niewi\u0105\u017c\u0105ce. Przedstawimy Pa\u0144stwu wi\u0105\u017c\u0105c\u0105 ofert\u0119 w formie tekstowej (np. e-mailem), kt\u00f3r\u0105 mog\u0105 Pa\u0144stwo zaakceptowa\u0107 w ci\u0105gu 5 dni.<\/p>\n\n\n\n<p>(5) Przetwarzanie zam\u00f3wienia i przekazywanie wszystkich informacji wymaganych w zwi\u0105zku z zawarciem umowy odbywa si\u0119 drog\u0105 elektroniczn\u0105, cz\u0119\u015bciowo automatycznie. Dlatego nale\u017cy upewni\u0107 si\u0119, \u017ce podany nam adres e-mail jest prawid\u0142owy, \u017ce odbi\u00f3r wiadomo\u015bci e-mail jest technicznie zagwarantowany, a w szczeg\u00f3lno\u015bci, \u017ce nie jest uniemo\u017cliwiony przez filtry SPAM.<\/p>\n\n\n\n<p>\u00a7 3 Okres obowi\u0105zywania umowy \/ Wypowiedzenie<\/p>\n\n\n\n<p>Je\u017celi umowa dotyczy us\u0142ug powtarzaj\u0105cych si\u0119\/trwa\u0142ych (abonament), umowa zawierana jest na czas nieokre\u015blony. Ka\u017cda ze stron umowy ma prawo do rozwi\u0105zania umowy bez wypowiedzenia do nast\u0119pnego terminu dostawy bez podania przyczyn. Prawo do nadzwyczajnego wypowiedzenia z wa\u017cnego powodu, w szczeg\u00f3lno\u015bci powtarzaj\u0105cego si\u0119 naruszenia g\u0142\u00f3wnych zobowi\u0105za\u0144 umownych, pozostaje nienaruszone.<\/p>\n\n\n\n<p>Rezygnacji mo\u017cna dokona\u0107 na koncie klienta poprzez punkt menu \"Abonament\" i tam poprzez \"Formularz rezygnacji\" lub w formie tekstowej (poczt\u0105 lub e-mailem).<\/p>\n\n\n\n<p>\u00a7 4 Prawo zatrzymania, zastrze\u017cenie w\u0142asno\u015bci<\/p>\n\n\n\n<p>(1) Z prawa zatrzymania mo\u017cna skorzysta\u0107 tylko wtedy, gdy dotyczy ono roszcze\u0144 z tego samego stosunku umownego.<\/p>\n\n\n\n<p>(2) Towar pozostaje nasz\u0105 w\u0142asno\u015bci\u0105 do momentu ca\u0142kowitej zap\u0142aty ceny zakupu.<\/p>\n\n\n\n<p>\u00a7 5 Odpowiedzialno\u015b\u0107<\/p>\n\n\n\n<p>(1) Odpowiadamy w ka\u017cdym przypadku bez ogranicze\u0144 za szkody wynikaj\u0105ce z utraty \u017cycia, uszkodzenia cia\u0142a lub zdrowia. Ponadto ponosimy odpowiedzialno\u015b\u0107 bez ogranicze\u0144 we wszystkich przypadkach dzia\u0142ania umy\u015blnego i ra\u017c\u0105cego niedbalstwa, w przypadku podst\u0119pnego zatajenia wady, w przypadku przej\u0119cia gwarancji jako\u015bci przedmiotu zakupu oraz we wszystkich innych przypadkach okre\u015blonych przepisami prawa.<\/p>\n\n\n\n<p>(2) Odpowiedzialno\u015b\u0107 za wady w ramach ustawowej r\u0119kojmi reguluje odpowiedni zapis w naszych informacjach dla klienta (cz\u0119\u015b\u0107 II).<\/p>\n\n\n\n<p>(3) O ile dotyczy to istotnych zobowi\u0105za\u0144 umownych, nasza odpowiedzialno\u015b\u0107 z tytu\u0142u lekkiego niedbalstwa jest ograniczona do typowej dla umowy, przewidywalnej szkody. Istotne zobowi\u0105zania umowne to istotne zobowi\u0105zania, kt\u00f3re wynikaj\u0105 z charakteru umowy i kt\u00f3rych naruszenie zagrozi\u0142oby osi\u0105gni\u0119ciu celu umowy, jak r\u00f3wnie\u017c zobowi\u0105zania, kt\u00f3re umowa nak\u0142ada na nas zgodnie z jej tre\u015bci\u0105 w celu osi\u0105gni\u0119cia celu umowy, kt\u00f3rych spe\u0142nienie umo\u017cliwia przede wszystkim prawid\u0142owe wykonanie umowy i na kt\u00f3rych przestrzeganie mog\u0105 Pa\u0144stwo regularnie liczy\u0107.<\/p>\n\n\n\n<p>(4) W przypadku naruszenia nieistotnych zobowi\u0105za\u0144 umownych wyklucza si\u0119 odpowiedzialno\u015b\u0107 w przypadku naruszenia zobowi\u0105za\u0144 w wyniku lekkiego niedbalstwa.<\/p>\n\n\n\n<p>(5) Zgodnie z aktualnym stanem techniki nie mo\u017cna zagwarantowa\u0107 bezb\u0142\u0119dno\u015bci i\/lub ci\u0105g\u0142ej dost\u0119pno\u015bci danych przekazywanych przez Internet. W zwi\u0105zku z tym nie ponosimy odpowiedzialno\u015bci za sta\u0142\u0105 lub nieprzerwan\u0105 dost\u0119pno\u015b\u0107 strony internetowej i oferowanych na niej us\u0142ug.<\/p>\n\n\n\n<p>\u00a7 6 Wyb\u00f3r prawa, miejsca wykonania, miejsca jurysdykcji<\/p>\n\n\n\n<p>(1) Obowi\u0105zuje prawo niemieckie. W przypadku konsument\u00f3w ten wyb\u00f3r prawa obowi\u0105zuje tylko w takim zakresie, w jakim ochrona przyznana przez bezwzgl\u0119dnie obowi\u0105zuj\u0105ce przepisy prawa pa\u0144stwa, w kt\u00f3rym konsument ma miejsce zamieszkania, nie zostanie w zwi\u0105zku z tym cofni\u0119ta (zasada uprzywilejowania).<\/p>\n\n\n\n<p>(2) Miejscem wykonania wszystkich \u015bwiadcze\u0144 wynikaj\u0105cych z istniej\u0105cych z nami stosunk\u00f3w handlowych oraz miejscem jurysdykcji jest nasza siedziba, o ile nie jeste\u015b konsumentem, lecz handlowcem, osob\u0105 prawn\u0105 prawa publicznego lub publiczno-prawnym funduszem specjalnym. To samo dotyczy sytuacji, gdy nie maj\u0105 Pa\u0144stwo og\u00f3lnej w\u0142a\u015bciwo\u015bci s\u0105du w Niemczech lub UE lub gdy w momencie wniesienia pozwu Pa\u0144stwa miejsce zamieszkania lub zwyk\u0142ego pobytu jest nieznane. Nie narusza to prawa do wniesienia pow\u00f3dztwa r\u00f3wnie\u017c do s\u0105du w innym ustawowym miejscu w\u0142a\u015bciwo\u015bci.<\/p>\n\n\n\n<p>(3) Postanowienia Konwencji Narod\u00f3w Zjednoczonych o umowach mi\u0119dzynarodowej sprzeda\u017cy towar\u00f3w wyra\u017anie nie obowi\u0105zuj\u0105.<\/p>\n\n\n\n<p>_______<\/p>\n\n\n\n<p>II. Informacje o klientach<\/p>\n\n\n\n<p>1. To\u017csamo\u015b\u0107 sprzedawcy<\/p>\n\n\n\n<figure class=\"wp-block-image size-full is-resized\"><a href=\"https:\/\/lazru.com\/wp-content\/uploads\/2023\/06\/Laz.jpg\"><img loading=\"lazy\" decoding=\"async\" src=\"https:\/\/lazru.com\/wp-content\/uploads\/2023\/06\/Laz.jpg\" alt=\"\" class=\"wp-image-16396\" width=\"259\" height=\"272\" srcset=\"https:\/\/lazru.com\/wp-content\/uploads\/2023\/06\/Laz.jpg 650w, https:\/\/lazru.com\/wp-content\/uploads\/2023\/06\/Laz-600x632.jpg 600w, https:\/\/lazru.com\/wp-content\/uploads\/2023\/06\/Laz-285x300.jpg 285w, https:\/\/lazru.com\/wp-content\/uploads\/2023\/06\/Laz-11x12.jpg 11w\" sizes=\"auto, (max-width: 259px) 100vw, 259px\" \/><\/a><\/figure>\n\n\n\n<p><\/p>\n\n\n\n<p>Komisja Europejska udost\u0119pnia platform\u0119 do pozas\u0105dowego rozwi\u0105zywania spor\u00f3w online (platforma ODR), dost\u0119pn\u0105 pod adresem&nbsp;<a href=\"https:\/\/ec.europa.eu\/odr\" target=\"_blank\" rel=\"noreferrer noopener\">https:\/\/ec.europa.eu\/odr<\/a>.<\/p>\n\n\n\n<p>2. Informacje o zawarciu umowy<\/p>\n\n\n\n<p>Czynno\u015bci techniczne zwi\u0105zane z zawarciem umowy, samo zawarcie umowy oraz mo\u017cliwo\u015bci korekty odbywaj\u0105 si\u0119 zgodnie z \u00a7 2 naszych Og\u00f3lnych Warunk\u00f3w Handlowych (cz\u0119\u015b\u0107 I.).<\/p>\n\n\n\n<p>3. J\u0119zyk umowy, przechowywanie tekstu umowy<\/p>\n\n\n\n<p>3.1. J\u0119zykiem umowy jest j\u0119zyk angielski.<\/p>\n\n\n\n<p>3.2 Kompletny tekst umowy nie jest przez nas przechowywany. Przed wys\u0142aniem zam\u00f3wienia przez system koszyka online, dane umowy mo\u017cna wydrukowa\u0107 lub zapisa\u0107 elektronicznie za pomoc\u0105 funkcji drukowania przegl\u0105darki. Po otrzymaniu przez nas zam\u00f3wienia, dane dotycz\u0105ce zam\u00f3wienia, informacje wymagane ustawowo dla um\u00f3w zawieranych na odleg\u0142o\u015b\u0107 oraz Og\u00f3lne Warunki Handlowe zostan\u0105 Pa\u0144stwu ponownie przes\u0142ane poczt\u0105 elektroniczn\u0105.<\/p>\n\n\n\n<p>3.3 W przypadku zapyta\u0144 ofertowych poza systemem koszyka online otrzymaj\u0105 Pa\u0144stwo wszystkie dane umowy w ramach wi\u0105\u017c\u0105cej oferty w formie tekstowej, np. e-mailem, kt\u00f3ry mo\u017cna wydrukowa\u0107 lub zapisa\u0107 elektronicznie.<\/p>\n\n\n\n<p>4. Podstawowe cechy towar\u00f3w lub us\u0142ug<\/p>\n\n\n\n<p>Istotne cechy towar\u00f3w i\/lub us\u0142ug mo\u017cna znale\u017a\u0107 w odpowiedniej ofercie.<\/p>\n\n\n\n<p>5. Ceny i sposoby p\u0142atno\u015bci<\/p>\n\n\n\n<p>5.1 Ceny podane w poszczeg\u00f3lnych ofertach, jak r\u00f3wnie\u017c koszty wysy\u0142ki stanowi\u0105 ceny ca\u0142kowite. Obejmuj\u0105 one wszystkie sk\u0142adniki ceny, w tym wszystkie obowi\u0105zuj\u0105ce podatki.<\/p>\n\n\n\n<p>5.2 Koszty wysy\u0142ki nie s\u0105 wliczone w cen\u0119 zakupu. Mo\u017cna je wywo\u0142a\u0107 za pomoc\u0105 odpowiednio oznaczonego przycisku na naszej stronie internetowej lub w danej ofercie, s\u0105 one pokazywane oddzielnie w trakcie procesu zamawiania i s\u0105 dodatkowo ponoszone przez Pa\u0144stwa, o ile nie zosta\u0142a obiecana bezp\u0142atna dostawa.<\/p>\n\n\n\n<p>5.3 Dost\u0119pne dla Pa\u0144stwa sposoby p\u0142atno\u015bci s\u0105 przedstawione pod odpowiednio oznaczonym przyciskiem na naszej stronie internetowej lub w danej ofercie.<\/p>\n\n\n\n<p>5.4 O ile poszczeg\u00f3lne sposoby p\u0142atno\u015bci nie stanowi\u0105 inaczej, roszczenia p\u0142atnicze wynikaj\u0105ce z zawartej umowy s\u0105 natychmiast wymagalne.<\/p>\n\n\n\n<p>6. Warunki dostawy<\/p>\n\n\n\n<p>6.1 Warunki dostawy, termin dostawy i ewentualne istniej\u0105ce ograniczenia w dostawie mo\u017cna znale\u017a\u0107 pod odpowiednio oznaczonym przyciskiem na naszej stronie internetowej lub w danej ofercie.<\/p>\n\n\n\n<p>6.2 Je\u017celi jeste\u015b konsumentem, to zgodnie z przepisami prawa ryzyko przypadkowej utraty i przypadkowego pogorszenia rzeczy sprzedanej podczas transportu przechodzi na Ciebie dopiero w momencie wydania towaru, niezale\u017cnie od tego, czy przesy\u0142ka jest ubezpieczona czy nie. Nie dotyczy to sytuacji, gdy samodzielnie zleci\u0142e\u015b wykonanie przesy\u0142ki firmie transportowej nie wskazanej przez przedsi\u0119biorc\u0119 lub osobie wyznaczonej do tego w inny spos\u00f3b.<\/p>\n\n\n\n<p>7. Ustawowa odpowiedzialno\u015b\u0107 za wady<\/p>\n\n\n\n<p>7.1 Obowi\u0105zuj\u0105 ustawowe prawa odpowiedzialno\u015bci za wady.<\/p>\n\n\n\n<p>7.2 Jako konsument jeste\u015b zobowi\u0105zany do sprawdzenia towaru natychmiast po jego dostarczeniu pod k\u0105tem kompletno\u015bci, oczywistych wad i uszkodze\u0144 transportowych oraz do jak najszybszego poinformowania nas i przewo\u017anika o ewentualnych reklamacjach. W przypadku nieprzestrzegania tego warunku nie ma to wp\u0142ywu na ustawowe roszczenia gwarancyjne.<\/p>","protected":false},"excerpt":{"rendered":"<p>Allgemeine Gesch\u00e4ftsbedingungen und Kundeninformationen I. Allgemeine Gesch\u00e4ftsbedingungen \u00a7 1 Grundlegende Bestimmungen (1) Die nachstehenden Gesch\u00e4ftsbedingungen gelten f\u00fcr alle Vertr\u00e4ge, die Sie mit uns als Anbieter (Lazru) \u00fcber die Internetseite www.lazru.com schlie\u00dfen. Soweit nicht anders vereinbart, wird der Einbeziehung gegebenenfalls von Ihnen verwendeter eigener Bedingungen widersprochen. (2)&nbsp;Verbraucher im Sinne der nachstehenden Regelungen ist jede nat\u00fcrliche Person, [&hellip;]<\/p>\n","protected":false},"author":1,"featured_media":0,"parent":0,"menu_order":0,"comment_status":"closed","ping_status":"closed","template":"","meta":{"footnotes":""},"class_list":["post-31","page","type-page","status-publish","hentry"],"blocksy_meta":[],"yoast_head":"<!-- This site is optimized with the Yoast SEO Premium plugin v23.4 (Yoast SEO v27.4) - https:\/\/yoast.com\/product\/yoast-seo-premium-wordpress\/ -->\n<title>AGB - LAZRU<\/title>\n<meta name=\"robots\" content=\"noindex, follow\" \/>\n<meta property=\"og:locale\" content=\"pl_PL\" \/>\n<meta property=\"og:type\" content=\"article\" \/>\n<meta property=\"og:title\" content=\"AGB\" \/>\n<meta property=\"og:description\" content=\"Allgemeine Gesch\u00e4ftsbedingungen und Kundeninformationen I. Allgemeine Gesch\u00e4ftsbedingungen \u00a7 1 Grundlegende Bestimmungen (1) Die nachstehenden Gesch\u00e4ftsbedingungen gelten f\u00fcr alle Vertr\u00e4ge, die Sie mit uns als Anbieter (Lazru) \u00fcber die Internetseite www.lazru.com schlie\u00dfen. Soweit nicht anders vereinbart, wird der Einbeziehung gegebenenfalls von Ihnen verwendeter eigener Bedingungen widersprochen. (2)&nbsp;Verbraucher im Sinne der nachstehenden Regelungen ist jede nat\u00fcrliche Person, [&hellip;]\" \/>\n<meta property=\"og:url\" content=\"https:\/\/lazru.com\/pl\/agb\/\" \/>\n<meta property=\"og:site_name\" content=\"LAZRU\" \/>\n<meta property=\"article:modified_time\" content=\"2023-06-15T11:42:16+00:00\" \/>\n<meta property=\"og:image\" content=\"https:\/\/lazru.com\/wp-content\/uploads\/2023\/06\/Laz.jpg\" \/>\n<meta name=\"twitter:card\" content=\"summary_large_image\" \/>\n<meta name=\"twitter:label1\" content=\"Szacowany czas czytania\" \/>\n\t<meta name=\"twitter:data1\" content=\"8 minut\" \/>\n<script type=\"application\/ld+json\" class=\"yoast-schema-graph\">{\"@context\":\"https:\\\/\\\/schema.org\",\"@graph\":[{\"@type\":\"WebPage\",\"@id\":\"https:\\\/\\\/lazru.com\\\/agb\\\/\",\"url\":\"https:\\\/\\\/lazru.com\\\/agb\\\/\",\"name\":\"AGB - LAZRU\",\"isPartOf\":{\"@id\":\"https:\\\/\\\/lazru.com\\\/es\\\/#website\"},\"primaryImageOfPage\":{\"@id\":\"https:\\\/\\\/lazru.com\\\/agb\\\/#primaryimage\"},\"image\":{\"@id\":\"https:\\\/\\\/lazru.com\\\/agb\\\/#primaryimage\"},\"thumbnailUrl\":\"https:\\\/\\\/lazru.com\\\/wp-content\\\/uploads\\\/2023\\\/06\\\/Laz.jpg\",\"datePublished\":\"2021-09-14T13:12:11+00:00\",\"dateModified\":\"2023-06-15T11:42:16+00:00\",\"breadcrumb\":{\"@id\":\"https:\\\/\\\/lazru.com\\\/agb\\\/#breadcrumb\"},\"inLanguage\":\"pl-PL\",\"potentialAction\":[{\"@type\":\"ReadAction\",\"target\":[\"https:\\\/\\\/lazru.com\\\/agb\\\/\"]}]},{\"@type\":\"ImageObject\",\"inLanguage\":\"pl-PL\",\"@id\":\"https:\\\/\\\/lazru.com\\\/agb\\\/#primaryimage\",\"url\":\"https:\\\/\\\/lazru.com\\\/wp-content\\\/uploads\\\/2023\\\/06\\\/Laz.jpg\",\"contentUrl\":\"https:\\\/\\\/lazru.com\\\/wp-content\\\/uploads\\\/2023\\\/06\\\/Laz.jpg\"},{\"@type\":\"BreadcrumbList\",\"@id\":\"https:\\\/\\\/lazru.com\\\/agb\\\/#breadcrumb\",\"itemListElement\":[{\"@type\":\"ListItem\",\"position\":1,\"name\":\"LAZRU\",\"item\":\"https:\\\/\\\/lazru.com\\\/\"},{\"@type\":\"ListItem\",\"position\":2,\"name\":\"AGB\"}]},{\"@type\":\"WebSite\",\"@id\":\"https:\\\/\\\/lazru.com\\\/es\\\/#website\",\"url\":\"https:\\\/\\\/lazru.com\\\/es\\\/\",\"name\":\"LAZRU\",\"description\":\"Wimpernserum &amp; Augenbrauenserum\",\"publisher\":{\"@id\":\"https:\\\/\\\/lazru.com\\\/es\\\/#organization\"},\"potentialAction\":[{\"@type\":\"SearchAction\",\"target\":{\"@type\":\"EntryPoint\",\"urlTemplate\":\"https:\\\/\\\/lazru.com\\\/es\\\/?s={search_term_string}\"},\"query-input\":{\"@type\":\"PropertyValueSpecification\",\"valueRequired\":true,\"valueName\":\"search_term_string\"}}],\"inLanguage\":\"pl-PL\"},{\"@type\":\"Organization\",\"@id\":\"https:\\\/\\\/lazru.com\\\/es\\\/#organization\",\"name\":\"LAZRU\",\"url\":\"https:\\\/\\\/lazru.com\\\/es\\\/\",\"logo\":{\"@type\":\"ImageObject\",\"inLanguage\":\"pl-PL\",\"@id\":\"https:\\\/\\\/lazru.com\\\/es\\\/#\\\/schema\\\/logo\\\/image\\\/\",\"url\":\"https:\\\/\\\/lazru.com\\\/wp-content\\\/uploads\\\/2021\\\/09\\\/cropped-lazru-wimpernserum-logo.png\",\"contentUrl\":\"https:\\\/\\\/lazru.com\\\/wp-content\\\/uploads\\\/2021\\\/09\\\/cropped-lazru-wimpernserum-logo.png\",\"width\":211,\"height\":97,\"caption\":\"LAZRU\"},\"image\":{\"@id\":\"https:\\\/\\\/lazru.com\\\/es\\\/#\\\/schema\\\/logo\\\/image\\\/\"},\"sameAs\":[\"https:\\\/\\\/www.instagram.com\\\/lazru_official\\\/\"]}]}<\/script>\n<!-- \/ Yoast SEO Premium plugin. -->","yoast_head_json":{"title":"AGB - \u0141AZRU","robots":{"index":"noindex","follow":"follow"},"og_locale":"pl_PL","og_type":"article","og_title":"AGB","og_description":"Allgemeine Gesch\u00e4ftsbedingungen und Kundeninformationen I. Allgemeine Gesch\u00e4ftsbedingungen \u00a7 1 Grundlegende Bestimmungen (1) Die nachstehenden Gesch\u00e4ftsbedingungen gelten f\u00fcr alle Vertr\u00e4ge, die Sie mit uns als Anbieter (Lazru) \u00fcber die Internetseite www.lazru.com schlie\u00dfen. Soweit nicht anders vereinbart, wird der Einbeziehung gegebenenfalls von Ihnen verwendeter eigener Bedingungen widersprochen. (2)&nbsp;Verbraucher im Sinne der nachstehenden Regelungen ist jede nat\u00fcrliche Person, [&hellip;]","og_url":"https:\/\/lazru.com\/pl\/agb\/","og_site_name":"LAZRU","article_modified_time":"2023-06-15T11:42:16+00:00","og_image":[{"url":"https:\/\/lazru.com\/wp-content\/uploads\/2023\/06\/Laz.jpg","type":"","width":"","height":""}],"twitter_card":"summary_large_image","twitter_misc":{"Szacowany czas czytania":"8 minut"},"schema":{"@context":"https:\/\/schema.org","@graph":[{"@type":"WebPage","@id":"https:\/\/lazru.com\/agb\/","url":"https:\/\/lazru.com\/agb\/","name":"AGB - \u0141AZRU","isPartOf":{"@id":"https:\/\/lazru.com\/es\/#website"},"primaryImageOfPage":{"@id":"https:\/\/lazru.com\/agb\/#primaryimage"},"image":{"@id":"https:\/\/lazru.com\/agb\/#primaryimage"},"thumbnailUrl":"https:\/\/lazru.com\/wp-content\/uploads\/2023\/06\/Laz.jpg","datePublished":"2021-09-14T13:12:11+00:00","dateModified":"2023-06-15T11:42:16+00:00","breadcrumb":{"@id":"https:\/\/lazru.com\/agb\/#breadcrumb"},"inLanguage":"pl-PL","potentialAction":[{"@type":"ReadAction","target":["https:\/\/lazru.com\/agb\/"]}]},{"@type":"ImageObject","inLanguage":"pl-PL","@id":"https:\/\/lazru.com\/agb\/#primaryimage","url":"https:\/\/lazru.com\/wp-content\/uploads\/2023\/06\/Laz.jpg","contentUrl":"https:\/\/lazru.com\/wp-content\/uploads\/2023\/06\/Laz.jpg"},{"@type":"BreadcrumbList","@id":"https:\/\/lazru.com\/agb\/#breadcrumb","itemListElement":[{"@type":"ListItem","position":1,"name":"LAZRU","item":"https:\/\/lazru.com\/"},{"@type":"ListItem","position":2,"name":"AGB"}]},{"@type":"WebSite","@id":"https:\/\/lazru.com\/es\/#website","url":"https:\/\/lazru.com\/es\/","name":"LAZRU","description":"Serum do Rz\u0119s &amp; Serum do Brwi","publisher":{"@id":"https:\/\/lazru.com\/es\/#organization"},"potentialAction":[{"@type":"SearchAction","target":{"@type":"EntryPoint","urlTemplate":"https:\/\/lazru.com\/es\/?s={search_term_string}"},"query-input":{"@type":"PropertyValueSpecification","valueRequired":true,"valueName":"search_term_string"}}],"inLanguage":"pl-PL"},{"@type":"Organization","@id":"https:\/\/lazru.com\/es\/#organization","name":"LAZRU","url":"https:\/\/lazru.com\/es\/","logo":{"@type":"ImageObject","inLanguage":"pl-PL","@id":"https:\/\/lazru.com\/es\/#\/schema\/logo\/image\/","url":"https:\/\/lazru.com\/wp-content\/uploads\/2021\/09\/cropped-lazru-wimpernserum-logo.png","contentUrl":"https:\/\/lazru.com\/wp-content\/uploads\/2021\/09\/cropped-lazru-wimpernserum-logo.png","width":211,"height":97,"caption":"LAZRU"},"image":{"@id":"https:\/\/lazru.com\/es\/#\/schema\/logo\/image\/"},"sameAs":["https:\/\/www.instagram.com\/lazru_official\/"]}]}},"_links":{"self":[{"href":"https:\/\/lazru.com\/pl\/wp-json\/wp\/v2\/pages\/31","targetHints":{"allow":["GET"]}}],"collection":[{"href":"https:\/\/lazru.com\/pl\/wp-json\/wp\/v2\/pages"}],"about":[{"href":"https:\/\/lazru.com\/pl\/wp-json\/wp\/v2\/types\/page"}],"author":[{"embeddable":true,"href":"https:\/\/lazru.com\/pl\/wp-json\/wp\/v2\/users\/1"}],"replies":[{"embeddable":true,"href":"https:\/\/lazru.com\/pl\/wp-json\/wp\/v2\/comments?post=31"}],"version-history":[{"count":3,"href":"https:\/\/lazru.com\/pl\/wp-json\/wp\/v2\/pages\/31\/revisions"}],"predecessor-version":[{"id":16915,"href":"https:\/\/lazru.com\/pl\/wp-json\/wp\/v2\/pages\/31\/revisions\/16915"}],"wp:attachment":[{"href":"https:\/\/lazru.com\/pl\/wp-json\/wp\/v2\/media?parent=31"}],"curies":[{"name":"wp","href":"https:\/\/api.w.org\/{rel}","templated":true}]}}