{"id":90,"date":"2021-09-14T14:49:56","date_gmt":"2021-09-14T14:49:56","guid":{"rendered":"https:\/\/lazru.com\/?page_id=90"},"modified":"2026-04-15T10:26:53","modified_gmt":"2026-04-15T08:26:53","slug":"kontakt","status":"publish","type":"page","link":"https:\/\/lazru.com\/it\/contattare\/","title":{"rendered":"Contatta"},"content":{"rendered":"<p>Conosci gi\u00e0 le nostre domande pi\u00f9 frequenti? Forse, dopo uno sguardo al <a href=\"https:\/\/lazru.com\/it\/#lazru-faq\" type=\"link\" id=\"https:\/\/lazru.com\/de\/#lazru-faq\">FAQ<\/a>, non c'\u00e8 pi\u00f9 richiesta di contatto.<\/p>\n\n\n\n<p>Posta:<br><a href=\"mailto:support@lazru.com\">support@lazru.com<\/a><\/p>","protected":false},"excerpt":{"rendered":"<p>Conoscete gi\u00e0 le nostre domande pi\u00f9 frequenti? Forse dopo aver dato un'occhiata alle FAQ non avrete pi\u00f9 bisogno di una richiesta di contatto. Mail:support@lazru.com<\/p>","protected":false},"author":1,"featured_media":0,"parent":0,"menu_order":0,"comment_status":"closed","ping_status":"closed","template":"","meta":{"footnotes":""},"class_list":["post-90","page","type-page","status-publish","hentry"],"blocksy_meta":[],"yoast_head":"<!-- This site is optimized with the Yoast SEO Premium plugin v23.4 (Yoast SEO v27.4) - https:\/\/yoast.com\/product\/yoast-seo-premium-wordpress\/ -->\n<title>Kontakt - LAZRU<\/title>\n<meta name=\"description\" content=\"Haben Sie fragen zu Lazru. Nehmen Sie einfach Kontakt mit uns auf und wir melden uns schnellst\u00f6glich. Hier zu Kontaktformular.\" \/>\n<meta name=\"robots\" content=\"index, follow, max-snippet:-1, max-image-preview:large, max-video-preview:-1\" \/>\n<link rel=\"canonical\" href=\"https:\/\/lazru.com\/it\/contattare\/\" \/>\n<meta property=\"og:locale\" content=\"it_IT\" \/>\n<meta property=\"og:type\" content=\"article\" \/>\n<meta property=\"og:title\" content=\"Kontakt\" \/>\n<meta property=\"og:description\" content=\"Haben Sie fragen zu Lazru. Nehmen Sie einfach Kontakt mit uns auf und wir melden uns schnellst\u00f6glich. Hier zu Kontaktformular.\" \/>\n<meta property=\"og:url\" content=\"https:\/\/lazru.com\/it\/contattare\/\" \/>\n<meta property=\"og:site_name\" content=\"LAZRU\" \/>\n<meta property=\"article:modified_time\" content=\"2026-04-15T08:26:53+00:00\" \/>\n<meta name=\"twitter:card\" content=\"summary_large_image\" \/>\n<meta name=\"twitter:label1\" content=\"Tempo di lettura stimato\" \/>\n\t<meta name=\"twitter:data1\" content=\"1 minuto\" \/>\n<script type=\"application\/ld+json\" class=\"yoast-schema-graph\">{\"@context\":\"https:\\\/\\\/schema.org\",\"@graph\":[{\"@type\":\"WebPage\",\"@id\":\"https:\\\/\\\/lazru.com\\\/kontakt\\\/\",\"url\":\"https:\\\/\\\/lazru.com\\\/kontakt\\\/\",\"name\":\"Kontakt - LAZRU\",\"isPartOf\":{\"@id\":\"https:\\\/\\\/lazru.com\\\/es\\\/#website\"},\"datePublished\":\"2021-09-14T14:49:56+00:00\",\"dateModified\":\"2026-04-15T08:26:53+00:00\",\"description\":\"Haben Sie fragen zu Lazru. Nehmen Sie einfach Kontakt mit uns auf und wir melden uns schnellst\u00f6glich. Hier zu Kontaktformular.\",\"breadcrumb\":{\"@id\":\"https:\\\/\\\/lazru.com\\\/kontakt\\\/#breadcrumb\"},\"inLanguage\":\"it-IT\",\"potentialAction\":[{\"@type\":\"ReadAction\",\"target\":[\"https:\\\/\\\/lazru.com\\\/kontakt\\\/\"]}]},{\"@type\":\"BreadcrumbList\",\"@id\":\"https:\\\/\\\/lazru.com\\\/kontakt\\\/#breadcrumb\",\"itemListElement\":[{\"@type\":\"ListItem\",\"position\":1,\"name\":\"LAZRU\",\"item\":\"https:\\\/\\\/lazru.com\\\/\"},{\"@type\":\"ListItem\",\"position\":2,\"name\":\"Kontakt\"}]},{\"@type\":\"WebSite\",\"@id\":\"https:\\\/\\\/lazru.com\\\/es\\\/#website\",\"url\":\"https:\\\/\\\/lazru.com\\\/es\\\/\",\"name\":\"LAZRU\",\"description\":\"Wimpernserum &amp; Augenbrauenserum\",\"publisher\":{\"@id\":\"https:\\\/\\\/lazru.com\\\/es\\\/#organization\"},\"potentialAction\":[{\"@type\":\"SearchAction\",\"target\":{\"@type\":\"EntryPoint\",\"urlTemplate\":\"https:\\\/\\\/lazru.com\\\/es\\\/?s={search_term_string}\"},\"query-input\":{\"@type\":\"PropertyValueSpecification\",\"valueRequired\":true,\"valueName\":\"search_term_string\"}}],\"inLanguage\":\"it-IT\"},{\"@type\":\"Organization\",\"@id\":\"https:\\\/\\\/lazru.com\\\/es\\\/#organization\",\"name\":\"LAZRU\",\"url\":\"https:\\\/\\\/lazru.com\\\/es\\\/\",\"logo\":{\"@type\":\"ImageObject\",\"inLanguage\":\"it-IT\",\"@id\":\"https:\\\/\\\/lazru.com\\\/es\\\/#\\\/schema\\\/logo\\\/image\\\/\",\"url\":\"https:\\\/\\\/lazru.com\\\/wp-content\\\/uploads\\\/2021\\\/09\\\/cropped-lazru-wimpernserum-logo.png\",\"contentUrl\":\"https:\\\/\\\/lazru.com\\\/wp-content\\\/uploads\\\/2021\\\/09\\\/cropped-lazru-wimpernserum-logo.png\",\"width\":211,\"height\":97,\"caption\":\"LAZRU\"},\"image\":{\"@id\":\"https:\\\/\\\/lazru.com\\\/es\\\/#\\\/schema\\\/logo\\\/image\\\/\"},\"sameAs\":[\"https:\\\/\\\/www.instagram.com\\\/lazru_official\\\/\"]}]}<\/script>\n<!-- \/ Yoast SEO Premium plugin. -->","yoast_head_json":{"title":"Contatto - LAZRU","description":"Hai qualche domanda su Lazru. Contattateci semplicemente e vi risponderemo il prima possibile. Clicca qui per il modulo di contatto.","robots":{"index":"index","follow":"follow","max-snippet":"max-snippet:-1","max-image-preview":"max-image-preview:large","max-video-preview":"max-video-preview:-1"},"canonical":"https:\/\/lazru.com\/it\/contattare\/","og_locale":"it_IT","og_type":"article","og_title":"Kontakt","og_description":"Haben Sie fragen zu Lazru. Nehmen Sie einfach Kontakt mit uns auf und wir melden uns schnellst\u00f6glich. Hier zu Kontaktformular.","og_url":"https:\/\/lazru.com\/it\/contattare\/","og_site_name":"LAZRU","article_modified_time":"2026-04-15T08:26:53+00:00","twitter_card":"summary_large_image","twitter_misc":{"Tempo di lettura stimato":"1 minuto"},"schema":{"@context":"https:\/\/schema.org","@graph":[{"@type":"WebPage","@id":"https:\/\/lazru.com\/kontakt\/","url":"https:\/\/lazru.com\/kontakt\/","name":"Contatto - LAZRU","isPartOf":{"@id":"https:\/\/lazru.com\/es\/#website"},"datePublished":"2021-09-14T14:49:56+00:00","dateModified":"2026-04-15T08:26:53+00:00","description":"Hai qualche domanda su Lazru. Contattateci semplicemente e vi risponderemo il prima possibile. Clicca qui per il modulo di contatto.","breadcrumb":{"@id":"https:\/\/lazru.com\/kontakt\/#breadcrumb"},"inLanguage":"it-IT","potentialAction":[{"@type":"ReadAction","target":["https:\/\/lazru.com\/kontakt\/"]}]},{"@type":"BreadcrumbList","@id":"https:\/\/lazru.com\/kontakt\/#breadcrumb","itemListElement":[{"@type":"ListItem","position":1,"name":"LAZRU","item":"https:\/\/lazru.com\/"},{"@type":"ListItem","position":2,"name":"Kontakt"}]},{"@type":"WebSite","@id":"https:\/\/lazru.com\/es\/#website","url":"https:\/\/lazru.com\/es\/","name":"LAZRU","description":"Siero Ciglia &amp; Siero Sopracciglia","publisher":{"@id":"https:\/\/lazru.com\/es\/#organization"},"potentialAction":[{"@type":"SearchAction","target":{"@type":"EntryPoint","urlTemplate":"https:\/\/lazru.com\/es\/?s={search_term_string}"},"query-input":{"@type":"PropertyValueSpecification","valueRequired":true,"valueName":"search_term_string"}}],"inLanguage":"it-IT"},{"@type":"Organization","@id":"https:\/\/lazru.com\/es\/#organization","name":"LAZRU","url":"https:\/\/lazru.com\/es\/","logo":{"@type":"ImageObject","inLanguage":"it-IT","@id":"https:\/\/lazru.com\/es\/#\/schema\/logo\/image\/","url":"https:\/\/lazru.com\/wp-content\/uploads\/2021\/09\/cropped-lazru-wimpernserum-logo.png","contentUrl":"https:\/\/lazru.com\/wp-content\/uploads\/2021\/09\/cropped-lazru-wimpernserum-logo.png","width":211,"height":97,"caption":"LAZRU"},"image":{"@id":"https:\/\/lazru.com\/es\/#\/schema\/logo\/image\/"},"sameAs":["https:\/\/www.instagram.com\/lazru_official\/"]}]}},"_links":{"self":[{"href":"https:\/\/lazru.com\/it\/wp-json\/wp\/v2\/pages\/90","targetHints":{"allow":["GET"]}}],"collection":[{"href":"https:\/\/lazru.com\/it\/wp-json\/wp\/v2\/pages"}],"about":[{"href":"https:\/\/lazru.com\/it\/wp-json\/wp\/v2\/types\/page"}],"author":[{"embeddable":true,"href":"https:\/\/lazru.com\/it\/wp-json\/wp\/v2\/users\/1"}],"replies":[{"embeddable":true,"href":"https:\/\/lazru.com\/it\/wp-json\/wp\/v2\/comments?post=90"}],"version-history":[{"count":1,"href":"https:\/\/lazru.com\/it\/wp-json\/wp\/v2\/pages\/90\/revisions"}],"predecessor-version":[{"id":44357,"href":"https:\/\/lazru.com\/it\/wp-json\/wp\/v2\/pages\/90\/revisions\/44357"}],"wp:attachment":[{"href":"https:\/\/lazru.com\/it\/wp-json\/wp\/v2\/media?parent=90"}],"curies":[{"name":"wp","href":"https:\/\/api.w.org\/{rel}","templated":true}]}}