{"id":32,"date":"2021-09-14T13:12:11","date_gmt":"2021-09-14T13:12:11","guid":{"rendered":"https:\/\/lazru.com\/widerrufsbelehrung"},"modified":"2023-12-07T14:48:40","modified_gmt":"2023-12-07T13:48:40","slug":"widerrufsrecht","status":"publish","type":"page","link":"https:\/\/lazru.com\/it\/diritto-di-revoca\/","title":{"rendered":"Diritto di recesso"},"content":{"rendered":"<p><strong>Diritto di recesso per i consumatori<\/strong><\/p>\n\n\n\n<p>Un consumatore \u00e8 qualsiasi persona fisica che entra in una transazione legale per scopi che non sono prevalentemente commerciali o di lavoro autonomo.<\/p>\n\n\n\n<p><strong>Politica di cancellazione Lazru<\/strong><\/p>\n\n\n\n<p><strong>Diritto di recesso<\/strong><\/p>\n\n\n\n<p>Il cliente ha il diritto di annullare il contratto entro quattordici giorni. <strong>Il diritto di recesso \u00e8 escluso per gli articoli igienici usati.<\/strong> Il termine di cancellazione \u00e8 di quattordici giorni dal giorno in cui il cliente o un terzo da lui nominato, che non sia il vettore, ha o ha preso possesso della merce, a condizione che il cliente abbia ordinato una o pi\u00f9 merci come parte di un unico ordine e che queste siano o saranno consegnate in modo uniforme.<\/p>\n\n\n\n<p>Per esercitare il suo diritto di recesso, deve informarci della sua decisione di recedere da questo contratto per mezzo di una dichiarazione chiara (ad esempio una lettera inviata per posta, fax o e-mail). A questo scopo potete usare il modello di modulo di ritiro allegato, che tuttavia non \u00e8 obbligatorio.<\/p>\n\n\n\n<p>Per rispettare il periodo di cancellazione, \u00e8 sufficiente che lei invii la notifica dell'esercizio del diritto di cancellazione prima della fine del periodo di cancellazione.<\/p>\n\n\n\n<p>La revoca deve essere indirizzata a<\/p>\n\n\n\n<figure class=\"wp-block-image size-full is-resized\"><a href=\"https:\/\/lazru.com\/wp-content\/uploads\/2023\/12\/Laz-2.jpg\"><img loading=\"lazy\" decoding=\"async\" width=\"650\" height=\"685\" src=\"https:\/\/lazru.com\/wp-content\/uploads\/2023\/12\/Laz-2.jpg\" alt=\"\" class=\"wp-image-22583\" style=\"width:226px;height:auto\" srcset=\"https:\/\/lazru.com\/wp-content\/uploads\/2023\/12\/Laz-2.jpg 650w, https:\/\/lazru.com\/wp-content\/uploads\/2023\/12\/Laz-2-600x632.jpg 600w, https:\/\/lazru.com\/wp-content\/uploads\/2023\/12\/Laz-2-285x300.jpg 285w, https:\/\/lazru.com\/wp-content\/uploads\/2023\/12\/Laz-2-11x12.jpg 11w\" sizes=\"auto, (max-width: 650px) 100vw, 650px\" \/><\/a><\/figure>\n\n\n\n<p><\/p>\n\n\n\n<p><strong>Indirizzo di consegna sotto indicato.<\/strong><\/p>\n\n\n\n<p><strong>Conseguenze della revoca<\/strong><\/p>\n\n\n\n<p>Se lei recede da questo contratto, dobbiamo rimborsarle tutti i pagamenti che abbiamo ricevuto da lei, compresi i costi di consegna (ad eccezione dei costi aggiuntivi derivanti dal fatto che lei ha scelto un tipo di consegna diverso dalla consegna standard pi\u00f9 economica da noi offerta), senza ritardo e al massimo entro quattordici giorni dal giorno in cui abbiamo ricevuto la notifica del suo recesso da questo contratto. Per questo rimborso, useremo lo stesso mezzo di pagamento che hai usato per la transazione originale, a meno che non sia stato espressamente concordato diversamente con te; in nessun caso ti verr\u00e0 addebitato questo rimborso.<\/p>\n\n\n\n<p>Possiamo rifiutare il rimborso fino a quando non abbiamo ricevuto la merce indietro o fino a quando non avete fornito la prova che avete restituito la merce, qualunque sia la prima.<\/p>\n\n\n\n<p><strong>Restituisce<\/strong><\/p>\n\n\n\n<p>Lei deve restituire o consegnarci la merce immediatamente e in ogni caso non pi\u00f9 tardi di quattordici giorni dal giorno in cui ci ha notificato l'annullamento del presente contratto. Il termine \u00e8 rispettato se si invia la merce prima della fine del periodo di quattordici giorni.<\/p>\n\n\n\n<p>I costi diretti della restituzione della merce sono a vostro carico.<\/p>\n\n\n\n<p>Lei deve pagare la perdita di valore della merce solo se questa perdita di valore \u00e8 dovuta alla manipolazione della merce che non \u00e8 necessaria per testare la qualit\u00e0, le caratteristiche e il funzionamento della merce.<\/p>\n\n\n\n<p><strong>Motivi di esclusione o scadenza<\/strong><\/p>\n\n\n\n<p><strong>Esclusione del diritto di recesso<\/strong>:<\/p>\n\n\n\n<p>Nessun diritto di recesso per le merci rapidamente deperibili o la cui data di scadenza verrebbe rapidamente superata. Scadenza anticipata in caso di consegna di beni sigillati che non possono essere restituiti per motivi di tutela della salute o di igiene se il sigillo \u00e8 stato rimosso dopo la consegna; (1) Non esiste un diritto di recesso per il Lazru ai sensi del \u00a7 312g comma 2 n. 2 BGB se il sigillo \u00e8 stato rimosso dalla confezione. Questo perch\u00e9 il Lazru \u00e8 un bene ai sensi del \u00a7 312g comma 2 n. 2 BGB che si deteriorerebbe rapidamente dopo la rottura del sigillo o la cui data di scadenza verrebbe rapidamente superata da quel momento in poi (2 mesi dopo l'apertura del Lazru). (2) Il diritto di recesso non sussiste pertanto ai sensi del \u00a7 312g comma 2 n. 2 BGB se il sigillo del Lazru \u00e8 stato rimosso dopo la consegna, in quanto sussiste il rischio che il prodotto restituito arrivi al rivenditore con una durata di conservazione notevolmente inferiore.<\/p>\n\n\n\n<p>Il diritto di recesso \u00e8 escluso in questo contesto perch\u00e9 i sieri da restituire con il sigillo rotto sarebbero difficili o impossibili da rivendere per Lazru, tenendo conto dei tempi di restituzione.<\/p>\n\n\n\n<p><strong>Il diritto di recesso \u00e8 escluso per gli articoli igienici usati.<\/strong>.<\/p>\n\n\n\n<hr class=\"wp-block-separator has-css-opacity\"\/>\n\n\n\n<p>Il diritto di recesso esiste <strong>non<\/strong> per i contratti<\/p>\n\n\n\n<ul class=\"wp-block-list\">\n<li>per la consegna di beni che non sono prefabbricati e per la cui produzione \u00e8 decisiva una selezione o determinazione individuale da parte del consumatore o che sono chiaramente adattati alle esigenze personali del consumatore;<\/li>\n\n\n\n<li>per la consegna di merci che possono rovinarsi rapidamente o la cui data di scadenza verrebbe rapidamente superata;<\/li>\n\n\n\n<li>Contratti di abbonamento.<\/li>\n<\/ul>\n\n\n\n<p>&#8212;&#8212;&#8211;<\/p>\n\n\n\n<p><strong>Il diritto di recesso scade prematuramente nel caso di contratti<\/strong><\/p>\n\n\n\n<ul class=\"wp-block-list\">\n<li>per la consegna di merci sigillate che non sono adatte alla restituzione per motivi di protezione della salute o di igiene se il loro sigillo \u00e8 stato rimosso dopo la consegna;<\/li>\n\n\n\n<li>per la consegna di merci se queste sono state mescolate in modo inseparabile con altre merci dopo la consegna a causa della loro natura;<\/li>\n<\/ul>\n\n\n\n<p>_______<\/p>\n\n\n\n<p><strong>Modulo di cancellazione campione<\/strong><\/p>\n\n\n\n<p>Se desidera annullare il contratto, compili e restituisca questo modulo.<br><strong>Il diritto di recesso \u00e8 escluso per gli articoli igienici usati.<\/strong><\/p>\n\n\n\n<p>1. Tornare a:<\/p>\n\n\n\n<p>VDS - Shipping and Data Service <br>c\/o Alaiko GmbH <br>Siemensstra\u00dfe 14<br>D-37412 Herzberg am Harz<br>Germany<br><br>E-mail: info@lazru.com<\/p>\n\n\n\n<p>2. Io\/noi revochiamo il contratto concluso da me\/noi per l'acquisto dei seguenti beni \/ la fornitura dei seguenti servizi<br>Servizio (allegare copia della fattura se necessario)<br>Numero d'ordine: ..........................................<br>Quantit\u00e0 \/ nome della merce: ...........................<br>Prezzo d'acquisto: ...................................................<br>Gi\u00e0 usato? Il diritto di recesso \u00e8 escluso per gli articoli igienici usati.<\/p>\n\n\n\n<p>3. Ordinato su: ........................<\/p>\n\n\n\n<p>4. Motivo: .............................................<\/p>\n\n\n\n<p>5. Ricevuto su: ........................<\/p>\n\n\n\n<p>6. Nome, indirizzo del consumatore: ......<br>Numero cliente: ........................................<br>Nome e cognome: .................................<br>Via: .......................................................<br>Codice postale e citt\u00e0: ..................................................<\/p>\n\n\n\n<p>7. Luogo, data e firma del cliente:<br>&#8230;&#8230;&#8230;&#8230;&#8230;&#8230;&#8230;&#8230;&#8230;&#8230;&#8230;&#8230;&#8230;&#8230;&#8230;&#8230;&#8230;.<\/p>","protected":false},"excerpt":{"rendered":"<p>Widerrufsrecht f\u00fcr Verbraucher Verbraucher ist jede nat\u00fcrliche Person, die ein Rechtsgesch\u00e4ft zu Zwecken abschlie\u00dft, die \u00fcberwiegend weder ihrer gewerblichen noch ihrer selbstst\u00e4ndigen beruflichen T\u00e4tigkeit zugerechnet werden kann. Widerrufsbelehrung Lazru Widerrufsrecht Sie haben das Recht, binnen vierzehn Tagen diesen Vertrag zu widerrufen. Das Widerrufsrecht ist bei benutzten Hygieneartikeln ausgeschlossen. Die Widerrufsfrist betr\u00e4gt vierzehn Tage ab dem [&hellip;]<\/p>\n","protected":false},"author":1,"featured_media":0,"parent":0,"menu_order":0,"comment_status":"closed","ping_status":"closed","template":"","meta":{"footnotes":""},"class_list":["post-32","page","type-page","status-publish","hentry"],"blocksy_meta":[],"yoast_head":"<!-- This site is optimized with the Yoast SEO Premium plugin v23.4 (Yoast SEO v27.4) - https:\/\/yoast.com\/product\/yoast-seo-premium-wordpress\/ -->\n<title>Widerrufsrecht - LAZRU<\/title>\n<meta name=\"robots\" content=\"noindex, nofollow\" \/>\n<meta property=\"og:locale\" content=\"it_IT\" \/>\n<meta property=\"og:type\" content=\"article\" \/>\n<meta property=\"og:title\" content=\"Widerrufsrecht\" \/>\n<meta property=\"og:description\" content=\"Widerrufsrecht f\u00fcr Verbraucher Verbraucher ist jede nat\u00fcrliche Person, die ein Rechtsgesch\u00e4ft zu Zwecken abschlie\u00dft, die \u00fcberwiegend weder ihrer gewerblichen noch ihrer selbstst\u00e4ndigen beruflichen T\u00e4tigkeit zugerechnet werden kann. Widerrufsbelehrung Lazru Widerrufsrecht Sie haben das Recht, binnen vierzehn Tagen diesen Vertrag zu widerrufen. Das Widerrufsrecht ist bei benutzten Hygieneartikeln ausgeschlossen. Die Widerrufsfrist betr\u00e4gt vierzehn Tage ab dem [&hellip;]\" \/>\n<meta property=\"og:url\" content=\"https:\/\/lazru.com\/it\/diritto-di-revoca\/\" \/>\n<meta property=\"og:site_name\" content=\"LAZRU\" \/>\n<meta property=\"article:modified_time\" content=\"2023-12-07T13:48:40+00:00\" \/>\n<meta property=\"og:image\" content=\"https:\/\/lazru.com\/wp-content\/uploads\/2023\/12\/Laz-2.jpg\" \/>\n<meta name=\"twitter:card\" content=\"summary_large_image\" \/>\n<meta name=\"twitter:label1\" content=\"Tempo di lettura stimato\" \/>\n\t<meta name=\"twitter:data1\" content=\"5 minuti\" \/>\n<script type=\"application\/ld+json\" class=\"yoast-schema-graph\">{\"@context\":\"https:\\\/\\\/schema.org\",\"@graph\":[{\"@type\":\"WebPage\",\"@id\":\"https:\\\/\\\/lazru.com\\\/widerrufsrecht\\\/\",\"url\":\"https:\\\/\\\/lazru.com\\\/widerrufsrecht\\\/\",\"name\":\"Widerrufsrecht - LAZRU\",\"isPartOf\":{\"@id\":\"https:\\\/\\\/lazru.com\\\/es\\\/#website\"},\"primaryImageOfPage\":{\"@id\":\"https:\\\/\\\/lazru.com\\\/widerrufsrecht\\\/#primaryimage\"},\"image\":{\"@id\":\"https:\\\/\\\/lazru.com\\\/widerrufsrecht\\\/#primaryimage\"},\"thumbnailUrl\":\"https:\\\/\\\/lazru.com\\\/wp-content\\\/uploads\\\/2023\\\/12\\\/Laz-2.jpg\",\"datePublished\":\"2021-09-14T13:12:11+00:00\",\"dateModified\":\"2023-12-07T13:48:40+00:00\",\"breadcrumb\":{\"@id\":\"https:\\\/\\\/lazru.com\\\/widerrufsrecht\\\/#breadcrumb\"},\"inLanguage\":\"it-IT\",\"potentialAction\":[{\"@type\":\"ReadAction\",\"target\":[\"https:\\\/\\\/lazru.com\\\/widerrufsrecht\\\/\"]}]},{\"@type\":\"ImageObject\",\"inLanguage\":\"it-IT\",\"@id\":\"https:\\\/\\\/lazru.com\\\/widerrufsrecht\\\/#primaryimage\",\"url\":\"https:\\\/\\\/lazru.com\\\/wp-content\\\/uploads\\\/2023\\\/12\\\/Laz-2.jpg\",\"contentUrl\":\"https:\\\/\\\/lazru.com\\\/wp-content\\\/uploads\\\/2023\\\/12\\\/Laz-2.jpg\"},{\"@type\":\"BreadcrumbList\",\"@id\":\"https:\\\/\\\/lazru.com\\\/widerrufsrecht\\\/#breadcrumb\",\"itemListElement\":[{\"@type\":\"ListItem\",\"position\":1,\"name\":\"LAZRU\",\"item\":\"https:\\\/\\\/lazru.com\\\/\"},{\"@type\":\"ListItem\",\"position\":2,\"name\":\"Widerrufsrecht\"}]},{\"@type\":\"WebSite\",\"@id\":\"https:\\\/\\\/lazru.com\\\/es\\\/#website\",\"url\":\"https:\\\/\\\/lazru.com\\\/es\\\/\",\"name\":\"LAZRU\",\"description\":\"Wimpernserum &amp; Augenbrauenserum\",\"publisher\":{\"@id\":\"https:\\\/\\\/lazru.com\\\/es\\\/#organization\"},\"potentialAction\":[{\"@type\":\"SearchAction\",\"target\":{\"@type\":\"EntryPoint\",\"urlTemplate\":\"https:\\\/\\\/lazru.com\\\/es\\\/?s={search_term_string}\"},\"query-input\":{\"@type\":\"PropertyValueSpecification\",\"valueRequired\":true,\"valueName\":\"search_term_string\"}}],\"inLanguage\":\"it-IT\"},{\"@type\":\"Organization\",\"@id\":\"https:\\\/\\\/lazru.com\\\/es\\\/#organization\",\"name\":\"LAZRU\",\"url\":\"https:\\\/\\\/lazru.com\\\/es\\\/\",\"logo\":{\"@type\":\"ImageObject\",\"inLanguage\":\"it-IT\",\"@id\":\"https:\\\/\\\/lazru.com\\\/es\\\/#\\\/schema\\\/logo\\\/image\\\/\",\"url\":\"https:\\\/\\\/lazru.com\\\/wp-content\\\/uploads\\\/2021\\\/09\\\/cropped-lazru-wimpernserum-logo.png\",\"contentUrl\":\"https:\\\/\\\/lazru.com\\\/wp-content\\\/uploads\\\/2021\\\/09\\\/cropped-lazru-wimpernserum-logo.png\",\"width\":211,\"height\":97,\"caption\":\"LAZRU\"},\"image\":{\"@id\":\"https:\\\/\\\/lazru.com\\\/es\\\/#\\\/schema\\\/logo\\\/image\\\/\"},\"sameAs\":[\"https:\\\/\\\/www.instagram.com\\\/lazru_official\\\/\"]}]}<\/script>\n<!-- \/ Yoast SEO Premium plugin. -->","yoast_head_json":{"title":"Diritto di recesso - LAZRU","robots":{"index":"noindex","follow":"nofollow"},"og_locale":"it_IT","og_type":"article","og_title":"Widerrufsrecht","og_description":"Widerrufsrecht f\u00fcr Verbraucher Verbraucher ist jede nat\u00fcrliche Person, die ein Rechtsgesch\u00e4ft zu Zwecken abschlie\u00dft, die \u00fcberwiegend weder ihrer gewerblichen noch ihrer selbstst\u00e4ndigen beruflichen T\u00e4tigkeit zugerechnet werden kann. Widerrufsbelehrung Lazru Widerrufsrecht Sie haben das Recht, binnen vierzehn Tagen diesen Vertrag zu widerrufen. Das Widerrufsrecht ist bei benutzten Hygieneartikeln ausgeschlossen. Die Widerrufsfrist betr\u00e4gt vierzehn Tage ab dem [&hellip;]","og_url":"https:\/\/lazru.com\/it\/diritto-di-revoca\/","og_site_name":"LAZRU","article_modified_time":"2023-12-07T13:48:40+00:00","og_image":[{"url":"https:\/\/lazru.com\/wp-content\/uploads\/2023\/12\/Laz-2.jpg","type":"","width":"","height":""}],"twitter_card":"summary_large_image","twitter_misc":{"Tempo di lettura stimato":"5 minuti"},"schema":{"@context":"https:\/\/schema.org","@graph":[{"@type":"WebPage","@id":"https:\/\/lazru.com\/widerrufsrecht\/","url":"https:\/\/lazru.com\/widerrufsrecht\/","name":"Diritto di recesso - LAZRU","isPartOf":{"@id":"https:\/\/lazru.com\/es\/#website"},"primaryImageOfPage":{"@id":"https:\/\/lazru.com\/widerrufsrecht\/#primaryimage"},"image":{"@id":"https:\/\/lazru.com\/widerrufsrecht\/#primaryimage"},"thumbnailUrl":"https:\/\/lazru.com\/wp-content\/uploads\/2023\/12\/Laz-2.jpg","datePublished":"2021-09-14T13:12:11+00:00","dateModified":"2023-12-07T13:48:40+00:00","breadcrumb":{"@id":"https:\/\/lazru.com\/widerrufsrecht\/#breadcrumb"},"inLanguage":"it-IT","potentialAction":[{"@type":"ReadAction","target":["https:\/\/lazru.com\/widerrufsrecht\/"]}]},{"@type":"ImageObject","inLanguage":"it-IT","@id":"https:\/\/lazru.com\/widerrufsrecht\/#primaryimage","url":"https:\/\/lazru.com\/wp-content\/uploads\/2023\/12\/Laz-2.jpg","contentUrl":"https:\/\/lazru.com\/wp-content\/uploads\/2023\/12\/Laz-2.jpg"},{"@type":"BreadcrumbList","@id":"https:\/\/lazru.com\/widerrufsrecht\/#breadcrumb","itemListElement":[{"@type":"ListItem","position":1,"name":"LAZRU","item":"https:\/\/lazru.com\/"},{"@type":"ListItem","position":2,"name":"Widerrufsrecht"}]},{"@type":"WebSite","@id":"https:\/\/lazru.com\/es\/#website","url":"https:\/\/lazru.com\/es\/","name":"LAZRU","description":"Siero Ciglia &amp; Siero Sopracciglia","publisher":{"@id":"https:\/\/lazru.com\/es\/#organization"},"potentialAction":[{"@type":"SearchAction","target":{"@type":"EntryPoint","urlTemplate":"https:\/\/lazru.com\/es\/?s={search_term_string}"},"query-input":{"@type":"PropertyValueSpecification","valueRequired":true,"valueName":"search_term_string"}}],"inLanguage":"it-IT"},{"@type":"Organization","@id":"https:\/\/lazru.com\/es\/#organization","name":"LAZRU","url":"https:\/\/lazru.com\/es\/","logo":{"@type":"ImageObject","inLanguage":"it-IT","@id":"https:\/\/lazru.com\/es\/#\/schema\/logo\/image\/","url":"https:\/\/lazru.com\/wp-content\/uploads\/2021\/09\/cropped-lazru-wimpernserum-logo.png","contentUrl":"https:\/\/lazru.com\/wp-content\/uploads\/2021\/09\/cropped-lazru-wimpernserum-logo.png","width":211,"height":97,"caption":"LAZRU"},"image":{"@id":"https:\/\/lazru.com\/es\/#\/schema\/logo\/image\/"},"sameAs":["https:\/\/www.instagram.com\/lazru_official\/"]}]}},"_links":{"self":[{"href":"https:\/\/lazru.com\/it\/wp-json\/wp\/v2\/pages\/32","targetHints":{"allow":["GET"]}}],"collection":[{"href":"https:\/\/lazru.com\/it\/wp-json\/wp\/v2\/pages"}],"about":[{"href":"https:\/\/lazru.com\/it\/wp-json\/wp\/v2\/types\/page"}],"author":[{"embeddable":true,"href":"https:\/\/lazru.com\/it\/wp-json\/wp\/v2\/users\/1"}],"replies":[{"embeddable":true,"href":"https:\/\/lazru.com\/it\/wp-json\/wp\/v2\/comments?post=32"}],"version-history":[{"count":10,"href":"https:\/\/lazru.com\/it\/wp-json\/wp\/v2\/pages\/32\/revisions"}],"predecessor-version":[{"id":22591,"href":"https:\/\/lazru.com\/it\/wp-json\/wp\/v2\/pages\/32\/revisions\/22591"}],"wp:attachment":[{"href":"https:\/\/lazru.com\/it\/wp-json\/wp\/v2\/media?parent=32"}],"curies":[{"name":"wp","href":"https:\/\/api.w.org\/{rel}","templated":true}]}}