{"id":31,"date":"2021-09-14T13:12:11","date_gmt":"2021-09-14T13:12:11","guid":{"rendered":"https:\/\/lazru.com\/agb"},"modified":"2023-06-15T13:42:16","modified_gmt":"2023-06-15T11:42:16","slug":"agb","status":"publish","type":"page","link":"https:\/\/lazru.com\/it\/agb\/","title":{"rendered":"GT&amp;C"},"content":{"rendered":"<p><strong>Termini e condizioni generali e informazioni per il cliente<\/strong><\/p>\n\n\n\n<p>I. Termini e condizioni generali<\/p>\n\n\n\n<p>\u00a7 1 Disposizioni di base<\/p>\n\n\n\n<p>(1) I seguenti termini e condizioni si applicano a tutti i contratti stipulati con noi in qualit\u00e0 di fornitore (Lazru) attraverso il sito web www.lazru.com. Se non diversamente concordato, ci opponiamo all'inclusione di termini e condizioni propri che l'utente potrebbe utilizzare.<\/p>\n\n\n\n<p>(2) Un consumatore ai sensi delle seguenti disposizioni \u00e8 qualsiasi persona fisica che conclude un negozio giuridico per fini che non possono essere attribuiti in modo predominante n\u00e9 alla sua attivit\u00e0 commerciale n\u00e9 alla sua attivit\u00e0 professionale indipendente. Un imprenditore \u00e8 qualsiasi persona fisica o giuridica o una societ\u00e0 di persone con capacit\u00e0 giuridica che, quando conclude un negozio giuridico, agisce nell'esercizio della sua attivit\u00e0 professionale o commerciale indipendente.<\/p>\n\n\n\n<p>\u00a7 2 Conclusione del contratto<\/p>\n\n\n\n<p>(1) L'oggetto del contratto \u00e8 la vendita di beni.<\/p>\n\n\n\n<p>(2) Mettendo il rispettivo prodotto sul nostro sito web, vi presentiamo un'offerta vincolante per concludere un contratto alle condizioni indicate nella descrizione dell'articolo.<\/p>\n\n\n\n<p>(3) Il contratto viene concluso tramite il sistema del carrello online come segue:<br>La merce destinata all'acquisto viene messa nel \"carrello della spesa\". Puoi richiamare il \"carrello della spesa\" tramite il pulsante corrispondente nella barra di navigazione e fare delle modifiche in qualsiasi momento.<br>Dopo aver richiamato la pagina \"Checkout\" e aver inserito i dati personali e le condizioni di pagamento e di spedizione, tutti i dati dell'ordine vengono finalmente visualizzati di nuovo nella pagina della panoramica dell'ordine.<br>Se utilizza un sistema di pagamento istantaneo (ad esempio PayPal \/ PayPal Express \/ PayPal Plus, Amazon Payments, Postpay, Sofort\u00fcberweisung) come metodo di pagamento, verr\u00e0 portato alla pagina di riepilogo dell'ordine nel nostro negozio online o verr\u00e0 prima reindirizzato al sito web del fornitore del sistema di pagamento istantaneo.<br>Se viene reindirizzato al rispettivo sistema di pagamento istantaneo, faccia la selezione corrispondente o inserisca l\u00ec i suoi dati. Infine, sarai reindirizzato al nostro negozio online alla pagina di riepilogo dell'ordine.<br>Prima di inviare l'ordine, avete la possibilit\u00e0 di controllare di nuovo tutti i dettagli, di cambiarli (anche tramite la funzione \"indietro\" del browser internet) o di annullare l'acquisto.<br>Inviando l'ordine tramite il pulsante \"compra ora\", si dichiara l'accettazione legalmente vincolante dell'offerta, per cui il contratto \u00e8 concluso.<\/p>\n\n\n\n<p>(4) Le vostre richieste di preparazione di un'offerta non sono vincolanti per voi. Vi sottoporremo un'offerta vincolante in forma di testo (per esempio via e-mail), che potrete accettare entro 5 giorni.<\/p>\n\n\n\n<p>(5) L'elaborazione dell'ordine e la trasmissione di tutte le informazioni necessarie per la conclusione del contratto vengono effettuate via e-mail, in parte automaticamente. Dovete quindi assicurarvi che l'indirizzo e-mail che ci avete fornito sia corretto, che la ricezione delle e-mail sia tecnicamente garantita e, in particolare, che non sia impedita dai filtri SPAM.<\/p>\n\n\n\n<p>\u00a7 3 Termine del contratto \/ Risoluzione<\/p>\n\n\n\n<p>Se il contratto riguarda servizi ricorrenti\/permanenti (abbonamento), il contratto \u00e8 concluso per una durata indeterminata. Ciascuna parte del contratto ha il diritto di rescindere tale contratto senza preavviso fino alla prossima data di consegna senza indicarne i motivi. Il diritto alla risoluzione straordinaria per giusta causa, in particolare la violazione ripetuta dei principali obblighi contrattuali, rimane inalterato.<\/p>\n\n\n\n<p>La cancellazione pu\u00f2 essere fatta nell'account del cliente attraverso la voce di menu \"Abbonamento\" e l\u00ec attraverso il \"Modulo di cancellazione\" o in forma di testo (per posta o e-mail).<\/p>\n\n\n\n<p>\u00a7 4 Diritto di ritenzione, riserva di propriet\u00e0<\/p>\n\n\n\n<p>(1) Lei pu\u00f2 esercitare un diritto di ritenzione solo nella misura in cui si tratta di crediti dello stesso rapporto contrattuale.<\/p>\n\n\n\n<p>(2) La merce rimane di nostra propriet\u00e0 fino al completo pagamento del prezzo d'acquisto.<\/p>\n\n\n\n<p>\u00a7 5 Responsabilit\u00e0<\/p>\n\n\n\n<p>(1) Siamo responsabili in ogni caso senza limitazioni per i danni derivanti da lesioni alla vita, all'incolumit\u00e0 fisica o alla salute. Inoltre, siamo responsabili senza limitazioni in tutti i casi di dolo e colpa grave, in caso di occultamento fraudolento di un difetto, in caso di assunzione di una garanzia per la qualit\u00e0 dell'oggetto di acquisto e in tutti gli altri casi regolati dalla legge.<\/p>\n\n\n\n<p>(2) La responsabilit\u00e0 per i difetti nell'ambito della garanzia legale \u00e8 regolata dalla disposizione corrispondente nelle nostre informazioni per i clienti (parte II).<\/p>\n\n\n\n<p>(3) Nella misura in cui sono interessati obblighi contrattuali essenziali, la nostra responsabilit\u00e0 per negligenza lieve \u00e8 limitata al danno prevedibile tipico del contratto. Gli obblighi contrattuali sostanziali sono obblighi sostanziali che derivano dalla natura del contratto e la cui violazione metterebbe in pericolo il raggiungimento dello scopo del contratto, cos\u00ec come gli obblighi che il contratto ci impone in base al suo contenuto per raggiungere lo scopo del contratto, il cui adempimento rende possibile la corretta esecuzione del contratto in primo luogo e il cui rispetto pu\u00f2 essere regolarmente fatto da voi.<\/p>\n\n\n\n<p>(4) In caso di violazione di obblighi contrattuali immateriali, la responsabilit\u00e0 \u00e8 esclusa nel caso di violazioni leggermente negligenti degli obblighi.<\/p>\n\n\n\n<p>(5) Non si pu\u00f2 garantire che la comunicazione dei dati via Internet sia priva di errori e\/o disponibile in ogni momento secondo lo stato attuale della tecnica. A questo proposito, non siamo responsabili della disponibilit\u00e0 costante o ininterrotta del sito web e del servizio offerto.<\/p>\n\n\n\n<p>\u00a7 6 Scelta della legge, luogo di esecuzione, luogo di giurisdizione<\/p>\n\n\n\n<p>(1) Si applica il diritto tedesco. Nel caso dei consumatori, questa scelta della legge si applica solo nella misura in cui la protezione garantita da disposizioni obbligatorie della legge dello stato di residenza abituale del consumatore non viene revocata di conseguenza (principio di favore).<\/p>\n\n\n\n<p>(2) Il luogo di adempimento per tutte le prestazioni derivanti dai rapporti commerciali esistenti con noi nonch\u00e9 il foro competente \u00e8 la nostra sede legale, nella misura in cui Lei non sia un consumatore ma un commerciante, una persona giuridica di diritto pubblico o un fondo speciale di diritto pubblico. Lo stesso vale se non avete un luogo generale di giurisdizione in Germania o nell'UE o se il vostro luogo di residenza o di dimora abituale \u00e8 sconosciuto al momento dell'azione. Il diritto di adire il tribunale anche in un altro luogo di giurisdizione legale rimane inalterato.<\/p>\n\n\n\n<p>(3) Le disposizioni della Convenzione delle Nazioni Unite sui contratti di vendita internazionale di merci non sono espressamente applicabili.<\/p>\n\n\n\n<p>_______<\/p>\n\n\n\n<p>II. Informazioni sul cliente<\/p>\n\n\n\n<p>1. Identit\u00e0 del venditore<\/p>\n\n\n\n<figure class=\"wp-block-image size-full is-resized\"><a href=\"https:\/\/lazru.com\/wp-content\/uploads\/2023\/06\/Laz.jpg\"><img loading=\"lazy\" decoding=\"async\" src=\"https:\/\/lazru.com\/wp-content\/uploads\/2023\/06\/Laz.jpg\" alt=\"\" class=\"wp-image-16396\" width=\"259\" height=\"272\" srcset=\"https:\/\/lazru.com\/wp-content\/uploads\/2023\/06\/Laz.jpg 650w, https:\/\/lazru.com\/wp-content\/uploads\/2023\/06\/Laz-600x632.jpg 600w, https:\/\/lazru.com\/wp-content\/uploads\/2023\/06\/Laz-285x300.jpg 285w, https:\/\/lazru.com\/wp-content\/uploads\/2023\/06\/Laz-11x12.jpg 11w\" sizes=\"auto, (max-width: 259px) 100vw, 259px\" \/><\/a><\/figure>\n\n\n\n<p><\/p>\n\n\n\n<p>La Commissione europea fornisce una piattaforma per la risoluzione extragiudiziale delle controversie online (piattaforma ODR), disponibile su&nbsp;<a href=\"https:\/\/ec.europa.eu\/odr\" target=\"_blank\" rel=\"noreferrer noopener\">https:\/\/ec.europa.eu\/odr<\/a>.<\/p>\n\n\n\n<p>2. Informazioni sulla conclusione del contratto<\/p>\n\n\n\n<p>I passi tecnici per la conclusione del contratto, la conclusione del contratto stesso e le opzioni di correzione vengono eseguiti secondo il \u00a7 2 delle nostre condizioni generali (parte I.).<\/p>\n\n\n\n<p>3. Linguaggio del contratto, memorizzazione del testo del contratto<\/p>\n\n\n\n<p>3.1. La lingua contrattuale \u00e8 l'inglese.<\/p>\n\n\n\n<p>3.2 Il testo completo del contratto non sar\u00e0 conservato da noi. Prima di inviare l'ordine attraverso il sistema del carrello online, i dati del contratto possono essere stampati o salvati elettronicamente usando la funzione di stampa del browser. Dopo la ricezione dell'ordine da parte nostra, i dati dell'ordine, le informazioni richieste dalla legge per i contratti a distanza e le condizioni generali di contratto vi saranno inviati di nuovo via e-mail.<\/p>\n\n\n\n<p>3.3 In caso di richieste d'offerta al di fuori del sistema del carrello online, riceverete tutti i dati del contratto come parte di un'offerta vincolante in forma di testo, ad esempio via e-mail, che potrete stampare o salvare elettronicamente.<\/p>\n\n\n\n<p>4. Caratteristiche essenziali dei prodotti o servizi<\/p>\n\n\n\n<p>Le caratteristiche essenziali dei beni e\/o servizi si trovano nella rispettiva offerta.<\/p>\n\n\n\n<p>5. Prezzi e modalit\u00e0 di pagamento<\/p>\n\n\n\n<p>5.1 I prezzi elencati nelle rispettive offerte e le spese di spedizione rappresentano i prezzi totali. Includono tutti i componenti del prezzo, comprese tutte le tasse applicabili.<\/p>\n\n\n\n<p>5.2 Le spese di spedizione sostenute non sono incluse nel prezzo di acquisto. Essi possono essere richiamati tramite un pulsante corrispondente sul nostro sito web o nella rispettiva offerta, vengono mostrati separatamente nel corso del processo di ordinazione e sono a carico dell'utente, a meno che non sia stata promessa la consegna gratuita.<\/p>\n\n\n\n<p>5.3 Le modalit\u00e0 di pagamento a Sua disposizione sono indicate sotto un pulsante corrispondente sul nostro sito web o nella rispettiva offerta.<\/p>\n\n\n\n<p>5.4 Se non diversamente indicato nelle singole modalit\u00e0 di pagamento, le richieste di pagamento derivanti dal contratto concluso sono immediatamente esigibili.<\/p>\n\n\n\n<p>6. Condizioni di consegna<\/p>\n\n\n\n<p>6.1 I termini e le condizioni di consegna, la data di consegna e le eventuali restrizioni di consegna esistenti si trovano sotto un pulsante corrispondente sul nostro sito web o nella rispettiva offerta.<\/p>\n\n\n\n<p>6.2 Se lei \u00e8 un consumatore, \u00e8 regolato dalla legge che il rischio di perdita accidentale e di deterioramento accidentale dell'oggetto venduto durante la spedizione passa a lei solo al momento della consegna della merce, indipendentemente dal fatto che la spedizione sia assicurata o meno. Questo non si applica se lei ha incaricato in modo indipendente un'impresa di trasporto non nominata dall'imprenditore o una persona altrimenti designata per effettuare la spedizione.<\/p>\n\n\n\n<p>7. Responsabilit\u00e0 legale per i difetti<\/p>\n\n\n\n<p>7.1 Si applicano i diritti legali di responsabilit\u00e0 per i difetti.<\/p>\n\n\n\n<p>7.2 In qualit\u00e0 di consumatori, siete pregati di controllare la merce immediatamente dopo la consegna per verificarne la completezza, i difetti evidenti e i danni da trasporto e di comunicare al pi\u00f9 presto a noi e al trasportatore eventuali reclami. Se non vi attenete a questo, ci\u00f2 non avr\u00e0 alcun effetto sui vostri diritti di garanzia legale.<\/p>","protected":false},"excerpt":{"rendered":"<p>Allgemeine Gesch\u00e4ftsbedingungen und Kundeninformationen I. Allgemeine Gesch\u00e4ftsbedingungen \u00a7 1 Grundlegende Bestimmungen (1) Die nachstehenden Gesch\u00e4ftsbedingungen gelten f\u00fcr alle Vertr\u00e4ge, die Sie mit uns als Anbieter (Lazru) \u00fcber die Internetseite www.lazru.com schlie\u00dfen. Soweit nicht anders vereinbart, wird der Einbeziehung gegebenenfalls von Ihnen verwendeter eigener Bedingungen widersprochen. (2)&nbsp;Verbraucher im Sinne der nachstehenden Regelungen ist jede nat\u00fcrliche Person, [&hellip;]<\/p>\n","protected":false},"author":1,"featured_media":0,"parent":0,"menu_order":0,"comment_status":"closed","ping_status":"closed","template":"","meta":{"footnotes":""},"class_list":["post-31","page","type-page","status-publish","hentry"],"blocksy_meta":[],"yoast_head":"<!-- This site is optimized with the Yoast SEO Premium plugin v23.4 (Yoast SEO v27.4) - https:\/\/yoast.com\/product\/yoast-seo-premium-wordpress\/ -->\n<title>AGB - LAZRU<\/title>\n<meta name=\"robots\" content=\"noindex, follow\" \/>\n<meta property=\"og:locale\" content=\"it_IT\" \/>\n<meta property=\"og:type\" content=\"article\" \/>\n<meta property=\"og:title\" content=\"AGB\" \/>\n<meta property=\"og:description\" content=\"Allgemeine Gesch\u00e4ftsbedingungen und Kundeninformationen I. Allgemeine Gesch\u00e4ftsbedingungen \u00a7 1 Grundlegende Bestimmungen (1) Die nachstehenden Gesch\u00e4ftsbedingungen gelten f\u00fcr alle Vertr\u00e4ge, die Sie mit uns als Anbieter (Lazru) \u00fcber die Internetseite www.lazru.com schlie\u00dfen. Soweit nicht anders vereinbart, wird der Einbeziehung gegebenenfalls von Ihnen verwendeter eigener Bedingungen widersprochen. (2)&nbsp;Verbraucher im Sinne der nachstehenden Regelungen ist jede nat\u00fcrliche Person, [&hellip;]\" \/>\n<meta property=\"og:url\" content=\"https:\/\/lazru.com\/it\/agb\/\" \/>\n<meta property=\"og:site_name\" content=\"LAZRU\" \/>\n<meta property=\"article:modified_time\" content=\"2023-06-15T11:42:16+00:00\" \/>\n<meta property=\"og:image\" content=\"https:\/\/lazru.com\/wp-content\/uploads\/2023\/06\/Laz.jpg\" \/>\n<meta name=\"twitter:card\" content=\"summary_large_image\" \/>\n<meta name=\"twitter:label1\" content=\"Tempo di lettura stimato\" \/>\n\t<meta name=\"twitter:data1\" content=\"8 minuti\" \/>\n<script type=\"application\/ld+json\" class=\"yoast-schema-graph\">{\"@context\":\"https:\\\/\\\/schema.org\",\"@graph\":[{\"@type\":\"WebPage\",\"@id\":\"https:\\\/\\\/lazru.com\\\/agb\\\/\",\"url\":\"https:\\\/\\\/lazru.com\\\/agb\\\/\",\"name\":\"AGB - LAZRU\",\"isPartOf\":{\"@id\":\"https:\\\/\\\/lazru.com\\\/es\\\/#website\"},\"primaryImageOfPage\":{\"@id\":\"https:\\\/\\\/lazru.com\\\/agb\\\/#primaryimage\"},\"image\":{\"@id\":\"https:\\\/\\\/lazru.com\\\/agb\\\/#primaryimage\"},\"thumbnailUrl\":\"https:\\\/\\\/lazru.com\\\/wp-content\\\/uploads\\\/2023\\\/06\\\/Laz.jpg\",\"datePublished\":\"2021-09-14T13:12:11+00:00\",\"dateModified\":\"2023-06-15T11:42:16+00:00\",\"breadcrumb\":{\"@id\":\"https:\\\/\\\/lazru.com\\\/agb\\\/#breadcrumb\"},\"inLanguage\":\"it-IT\",\"potentialAction\":[{\"@type\":\"ReadAction\",\"target\":[\"https:\\\/\\\/lazru.com\\\/agb\\\/\"]}]},{\"@type\":\"ImageObject\",\"inLanguage\":\"it-IT\",\"@id\":\"https:\\\/\\\/lazru.com\\\/agb\\\/#primaryimage\",\"url\":\"https:\\\/\\\/lazru.com\\\/wp-content\\\/uploads\\\/2023\\\/06\\\/Laz.jpg\",\"contentUrl\":\"https:\\\/\\\/lazru.com\\\/wp-content\\\/uploads\\\/2023\\\/06\\\/Laz.jpg\"},{\"@type\":\"BreadcrumbList\",\"@id\":\"https:\\\/\\\/lazru.com\\\/agb\\\/#breadcrumb\",\"itemListElement\":[{\"@type\":\"ListItem\",\"position\":1,\"name\":\"LAZRU\",\"item\":\"https:\\\/\\\/lazru.com\\\/\"},{\"@type\":\"ListItem\",\"position\":2,\"name\":\"AGB\"}]},{\"@type\":\"WebSite\",\"@id\":\"https:\\\/\\\/lazru.com\\\/es\\\/#website\",\"url\":\"https:\\\/\\\/lazru.com\\\/es\\\/\",\"name\":\"LAZRU\",\"description\":\"Wimpernserum &amp; Augenbrauenserum\",\"publisher\":{\"@id\":\"https:\\\/\\\/lazru.com\\\/es\\\/#organization\"},\"potentialAction\":[{\"@type\":\"SearchAction\",\"target\":{\"@type\":\"EntryPoint\",\"urlTemplate\":\"https:\\\/\\\/lazru.com\\\/es\\\/?s={search_term_string}\"},\"query-input\":{\"@type\":\"PropertyValueSpecification\",\"valueRequired\":true,\"valueName\":\"search_term_string\"}}],\"inLanguage\":\"it-IT\"},{\"@type\":\"Organization\",\"@id\":\"https:\\\/\\\/lazru.com\\\/es\\\/#organization\",\"name\":\"LAZRU\",\"url\":\"https:\\\/\\\/lazru.com\\\/es\\\/\",\"logo\":{\"@type\":\"ImageObject\",\"inLanguage\":\"it-IT\",\"@id\":\"https:\\\/\\\/lazru.com\\\/es\\\/#\\\/schema\\\/logo\\\/image\\\/\",\"url\":\"https:\\\/\\\/lazru.com\\\/wp-content\\\/uploads\\\/2021\\\/09\\\/cropped-lazru-wimpernserum-logo.png\",\"contentUrl\":\"https:\\\/\\\/lazru.com\\\/wp-content\\\/uploads\\\/2021\\\/09\\\/cropped-lazru-wimpernserum-logo.png\",\"width\":211,\"height\":97,\"caption\":\"LAZRU\"},\"image\":{\"@id\":\"https:\\\/\\\/lazru.com\\\/es\\\/#\\\/schema\\\/logo\\\/image\\\/\"},\"sameAs\":[\"https:\\\/\\\/www.instagram.com\\\/lazru_official\\\/\"]}]}<\/script>\n<!-- \/ Yoast SEO Premium plugin. -->","yoast_head_json":{"title":"AGB - LAZRU","robots":{"index":"noindex","follow":"follow"},"og_locale":"it_IT","og_type":"article","og_title":"AGB","og_description":"Allgemeine Gesch\u00e4ftsbedingungen und Kundeninformationen I. Allgemeine Gesch\u00e4ftsbedingungen \u00a7 1 Grundlegende Bestimmungen (1) Die nachstehenden Gesch\u00e4ftsbedingungen gelten f\u00fcr alle Vertr\u00e4ge, die Sie mit uns als Anbieter (Lazru) \u00fcber die Internetseite www.lazru.com schlie\u00dfen. Soweit nicht anders vereinbart, wird der Einbeziehung gegebenenfalls von Ihnen verwendeter eigener Bedingungen widersprochen. (2)&nbsp;Verbraucher im Sinne der nachstehenden Regelungen ist jede nat\u00fcrliche Person, [&hellip;]","og_url":"https:\/\/lazru.com\/it\/agb\/","og_site_name":"LAZRU","article_modified_time":"2023-06-15T11:42:16+00:00","og_image":[{"url":"https:\/\/lazru.com\/wp-content\/uploads\/2023\/06\/Laz.jpg","type":"","width":"","height":""}],"twitter_card":"summary_large_image","twitter_misc":{"Tempo di lettura stimato":"8 minuti"},"schema":{"@context":"https:\/\/schema.org","@graph":[{"@type":"WebPage","@id":"https:\/\/lazru.com\/agb\/","url":"https:\/\/lazru.com\/agb\/","name":"AGB - LAZRU","isPartOf":{"@id":"https:\/\/lazru.com\/es\/#website"},"primaryImageOfPage":{"@id":"https:\/\/lazru.com\/agb\/#primaryimage"},"image":{"@id":"https:\/\/lazru.com\/agb\/#primaryimage"},"thumbnailUrl":"https:\/\/lazru.com\/wp-content\/uploads\/2023\/06\/Laz.jpg","datePublished":"2021-09-14T13:12:11+00:00","dateModified":"2023-06-15T11:42:16+00:00","breadcrumb":{"@id":"https:\/\/lazru.com\/agb\/#breadcrumb"},"inLanguage":"it-IT","potentialAction":[{"@type":"ReadAction","target":["https:\/\/lazru.com\/agb\/"]}]},{"@type":"ImageObject","inLanguage":"it-IT","@id":"https:\/\/lazru.com\/agb\/#primaryimage","url":"https:\/\/lazru.com\/wp-content\/uploads\/2023\/06\/Laz.jpg","contentUrl":"https:\/\/lazru.com\/wp-content\/uploads\/2023\/06\/Laz.jpg"},{"@type":"BreadcrumbList","@id":"https:\/\/lazru.com\/agb\/#breadcrumb","itemListElement":[{"@type":"ListItem","position":1,"name":"LAZRU","item":"https:\/\/lazru.com\/"},{"@type":"ListItem","position":2,"name":"AGB"}]},{"@type":"WebSite","@id":"https:\/\/lazru.com\/es\/#website","url":"https:\/\/lazru.com\/es\/","name":"LAZRU","description":"Siero Ciglia &amp; Siero Sopracciglia","publisher":{"@id":"https:\/\/lazru.com\/es\/#organization"},"potentialAction":[{"@type":"SearchAction","target":{"@type":"EntryPoint","urlTemplate":"https:\/\/lazru.com\/es\/?s={search_term_string}"},"query-input":{"@type":"PropertyValueSpecification","valueRequired":true,"valueName":"search_term_string"}}],"inLanguage":"it-IT"},{"@type":"Organization","@id":"https:\/\/lazru.com\/es\/#organization","name":"LAZRU","url":"https:\/\/lazru.com\/es\/","logo":{"@type":"ImageObject","inLanguage":"it-IT","@id":"https:\/\/lazru.com\/es\/#\/schema\/logo\/image\/","url":"https:\/\/lazru.com\/wp-content\/uploads\/2021\/09\/cropped-lazru-wimpernserum-logo.png","contentUrl":"https:\/\/lazru.com\/wp-content\/uploads\/2021\/09\/cropped-lazru-wimpernserum-logo.png","width":211,"height":97,"caption":"LAZRU"},"image":{"@id":"https:\/\/lazru.com\/es\/#\/schema\/logo\/image\/"},"sameAs":["https:\/\/www.instagram.com\/lazru_official\/"]}]}},"_links":{"self":[{"href":"https:\/\/lazru.com\/it\/wp-json\/wp\/v2\/pages\/31","targetHints":{"allow":["GET"]}}],"collection":[{"href":"https:\/\/lazru.com\/it\/wp-json\/wp\/v2\/pages"}],"about":[{"href":"https:\/\/lazru.com\/it\/wp-json\/wp\/v2\/types\/page"}],"author":[{"embeddable":true,"href":"https:\/\/lazru.com\/it\/wp-json\/wp\/v2\/users\/1"}],"replies":[{"embeddable":true,"href":"https:\/\/lazru.com\/it\/wp-json\/wp\/v2\/comments?post=31"}],"version-history":[{"count":3,"href":"https:\/\/lazru.com\/it\/wp-json\/wp\/v2\/pages\/31\/revisions"}],"predecessor-version":[{"id":16915,"href":"https:\/\/lazru.com\/it\/wp-json\/wp\/v2\/pages\/31\/revisions\/16915"}],"wp:attachment":[{"href":"https:\/\/lazru.com\/it\/wp-json\/wp\/v2\/media?parent=31"}],"curies":[{"name":"wp","href":"https:\/\/api.w.org\/{rel}","templated":true}]}}