{"id":30,"date":"2021-09-14T13:12:11","date_gmt":"2021-09-14T13:12:11","guid":{"rendered":"https:\/\/lazru.com\/impressum"},"modified":"2023-07-14T13:03:25","modified_gmt":"2023-07-14T11:03:25","slug":"impressum","status":"publish","type":"page","link":"https:\/\/lazru.com\/it\/impronta\/","title":{"rendered":"Impronta"},"content":{"rendered":"<p><strong>Disclaimer<br><\/strong>I contenuti di questo sito web sono creati con la massima cura possibile. Tuttavia, Lazru non garantisce l'accuratezza, la completezza e la tempestivit\u00e0 dei contenuti forniti. L'uso dei contenuti del sito web \u00e8 a rischio e pericolo dell'utente.<\/p>\n\n\n\n<p>1. Link esterni:<br>Nel caso di link esterni a siti web di terzi (\"link esterni\"), questi siti sono soggetti alla responsabilit\u00e0 dei rispettivi gestori. Al momento della creazione dei link esterni, il provider ha verificato che i contenuti esterni non presentassero violazioni di legge. In quel momento non sono state riscontrate violazioni di legge. L'offerente non ha alcuna influenza sulla struttura e sui contenuti attuali e futuri delle pagine collegate. L'inserimento di link esterni non implica che l'offerente adotti come propri i contenuti che si celano dietro il riferimento o il link. Non \u00e8 ragionevole per l'offerente monitorare costantemente i link esterni senza indicazioni concrete di violazioni legali. Tuttavia, nel caso in cui si venga a conoscenza di violazioni legali, tali link esterni verranno immediatamente cancellati.<\/p>\n\n\n\n<p>2. Diritti d'autore e diritti accessori | \u00a9 copyright:<br>I contenuti pubblicati su questo sito web sono soggetti alle leggi tedesche sul copyright e sui diritti d'autore accessori. Qualsiasi utilizzo non consentito dalle leggi tedesche sul diritto d'autore e sui diritti accessori richiede il previo consenso scritto del fornitore o del rispettivo titolare dei diritti. Ci\u00f2 vale in particolare per la copia, la modifica, la traduzione, la memorizzazione, l'elaborazione o la riproduzione di contenuti in banche dati o altri supporti e sistemi elettronici. La riproduzione o la trasmissione non autorizzata di singoli contenuti o di pagine complete non \u00e8 consentita ed \u00e8 punibile per legge. \u00c8 consentita solo la produzione di copie e download per uso personale, privato e non commerciale. La visualizzazione di questo sito web in frame esterni \u00e8 consentita solo previa autorizzazione scritta.<\/p>\n\n\n\n<p>3. Protezione dei dati<br>Visitando il sito web del fornitore, le informazioni sull'accesso (data, ora, pagina visualizzata) possono essere memorizzate. Questi dati non appartengono ai dati personali, ma sono resi anonimi. Sono valutati esclusivamente a fini statistici. Non viene ceduto a terzi per scopi commerciali o non commerciali. Il fornitore sottolinea espressamente che la trasmissione dei dati su Internet (ad esempio la comunicazione via e-mail) \u00e8 soggetta a vulnerabilit\u00e0 di sicurezza e non pu\u00f2 essere completamente protetta dall'accesso di terzi.<\/p>\n\n\n\n<p>L'uso dei dati di contatto dell'impronta per la pubblicit\u00e0 commerciale non \u00e8 espressamente desiderato, a meno che il fornitore non abbia precedentemente dato il suo consenso scritto o esista gi\u00e0 una relazione commerciale. Il fornitore e tutte le persone nominate su questo sito web si oppongono a qualsiasi uso commerciale e divulgazione dei loro dati.<\/p>\n\n\n\n<p>4. Condizioni speciali di utilizzo<br>Nella misura in cui le condizioni speciali per gli usi individuali di questo sito web si discostano dai numeri 1. a 4. di cui sopra, questo sar\u00e0 espressamente indicato nel luogo appropriato. In questo caso, le condizioni speciali di utilizzo si applicano nel rispettivo caso individuale.<\/p>\n\n\n\n<p>Lazru \u00e8 un marchio della: <\/p>\n\n\n\n<figure class=\"wp-block-image size-full is-resized\"><img loading=\"lazy\" decoding=\"async\" src=\"https:\/\/lazru.com\/wp-content\/uploads\/2022\/05\/Sum.png\" alt=\"\" class=\"wp-image-1675\" width=\"239\" height=\"165\" srcset=\"https:\/\/lazru.com\/wp-content\/uploads\/2022\/05\/Sum.png 550w, https:\/\/lazru.com\/wp-content\/uploads\/2022\/05\/Sum-300x207.png 300w, https:\/\/lazru.com\/wp-content\/uploads\/2022\/05\/Sum-18x12.png 18w\" sizes=\"auto, (max-width: 239px) 100vw, 239px\" \/><\/figure>\n\n\n\n<p><strong>Risoluzione alternativa delle controversie:<\/strong><\/p>\n\n\n\n<p>La Commissione europea fornisce una piattaforma per la risoluzione extragiudiziale delle controversie online (piattaforma ODR), disponibile su&nbsp;<a href=\"https:\/\/ec.europa.eu\/odr\" target=\"_blank\" rel=\"noreferrer noopener\">https:\/\/ec.europa.eu\/odr<\/a>.<\/p>","protected":false},"excerpt":{"rendered":"<p>HaftungsausschlussDie Inhalte dieser Website werden mit gr\u00f6\u00dftm\u00f6glicher Sorgfalt erstellt. Lazru \u00fcbernimmt jedoch keine Gew\u00e4hr f\u00fcr die Richtigkeit, Vollst\u00e4ndigkeit und Aktualit\u00e4t der bereitgestellten Inhalte. Die Nutzung der Inhalte der Website erfolgt auf eigene Gefahr des Nutzers. 1. Externe Links:Bei externen Verkn\u00fcpfungen zu Websites Dritter (\u201eexterne Links\u201c). unterliegen diese Websites der Haftung der jeweiligen Betreiber. Der Anbieter [&hellip;]<\/p>\n","protected":false},"author":1,"featured_media":0,"parent":0,"menu_order":0,"comment_status":"closed","ping_status":"closed","template":"","meta":{"footnotes":""},"class_list":["post-30","page","type-page","status-publish","hentry"],"blocksy_meta":[],"yoast_head":"<!-- This site is optimized with the Yoast SEO Premium plugin v23.4 (Yoast SEO v27.4) - https:\/\/yoast.com\/product\/yoast-seo-premium-wordpress\/ -->\n<title>Impressum - LAZRU<\/title>\n<meta name=\"robots\" content=\"noindex, nofollow\" \/>\n<meta property=\"og:locale\" content=\"it_IT\" \/>\n<meta property=\"og:type\" content=\"article\" \/>\n<meta property=\"og:title\" content=\"Impressum\" \/>\n<meta property=\"og:description\" content=\"HaftungsausschlussDie Inhalte dieser Website werden mit gr\u00f6\u00dftm\u00f6glicher Sorgfalt erstellt. Lazru \u00fcbernimmt jedoch keine Gew\u00e4hr f\u00fcr die Richtigkeit, Vollst\u00e4ndigkeit und Aktualit\u00e4t der bereitgestellten Inhalte. Die Nutzung der Inhalte der Website erfolgt auf eigene Gefahr des Nutzers. 1. Externe Links:Bei externen Verkn\u00fcpfungen zu Websites Dritter (\u201eexterne Links\u201c). unterliegen diese Websites der Haftung der jeweiligen Betreiber. Der Anbieter [&hellip;]\" \/>\n<meta property=\"og:url\" content=\"https:\/\/lazru.com\/it\/impronta\/\" \/>\n<meta property=\"og:site_name\" content=\"LAZRU\" \/>\n<meta property=\"article:modified_time\" content=\"2023-07-14T11:03:25+00:00\" \/>\n<meta property=\"og:image\" content=\"https:\/\/lazru.com\/wp-content\/uploads\/2022\/05\/Sum.png\" \/>\n<meta name=\"twitter:card\" content=\"summary_large_image\" \/>\n<meta name=\"twitter:label1\" content=\"Tempo di lettura stimato\" \/>\n\t<meta name=\"twitter:data1\" content=\"3 minuti\" \/>\n<script type=\"application\/ld+json\" class=\"yoast-schema-graph\">{\"@context\":\"https:\\\/\\\/schema.org\",\"@graph\":[{\"@type\":\"WebPage\",\"@id\":\"https:\\\/\\\/lazru.com\\\/impressum\\\/\",\"url\":\"https:\\\/\\\/lazru.com\\\/impressum\\\/\",\"name\":\"Impressum - LAZRU\",\"isPartOf\":{\"@id\":\"https:\\\/\\\/lazru.com\\\/es\\\/#website\"},\"primaryImageOfPage\":{\"@id\":\"https:\\\/\\\/lazru.com\\\/impressum\\\/#primaryimage\"},\"image\":{\"@id\":\"https:\\\/\\\/lazru.com\\\/impressum\\\/#primaryimage\"},\"thumbnailUrl\":\"https:\\\/\\\/lazru.com\\\/wp-content\\\/uploads\\\/2022\\\/05\\\/Sum.png\",\"datePublished\":\"2021-09-14T13:12:11+00:00\",\"dateModified\":\"2023-07-14T11:03:25+00:00\",\"breadcrumb\":{\"@id\":\"https:\\\/\\\/lazru.com\\\/impressum\\\/#breadcrumb\"},\"inLanguage\":\"it-IT\",\"potentialAction\":[{\"@type\":\"ReadAction\",\"target\":[\"https:\\\/\\\/lazru.com\\\/impressum\\\/\"]}]},{\"@type\":\"ImageObject\",\"inLanguage\":\"it-IT\",\"@id\":\"https:\\\/\\\/lazru.com\\\/impressum\\\/#primaryimage\",\"url\":\"https:\\\/\\\/lazru.com\\\/wp-content\\\/uploads\\\/2022\\\/05\\\/Sum.png\",\"contentUrl\":\"https:\\\/\\\/lazru.com\\\/wp-content\\\/uploads\\\/2022\\\/05\\\/Sum.png\"},{\"@type\":\"BreadcrumbList\",\"@id\":\"https:\\\/\\\/lazru.com\\\/impressum\\\/#breadcrumb\",\"itemListElement\":[{\"@type\":\"ListItem\",\"position\":1,\"name\":\"LAZRU\",\"item\":\"https:\\\/\\\/lazru.com\\\/\"},{\"@type\":\"ListItem\",\"position\":2,\"name\":\"Impressum\"}]},{\"@type\":\"WebSite\",\"@id\":\"https:\\\/\\\/lazru.com\\\/es\\\/#website\",\"url\":\"https:\\\/\\\/lazru.com\\\/es\\\/\",\"name\":\"LAZRU\",\"description\":\"Wimpernserum &amp; Augenbrauenserum\",\"publisher\":{\"@id\":\"https:\\\/\\\/lazru.com\\\/es\\\/#organization\"},\"potentialAction\":[{\"@type\":\"SearchAction\",\"target\":{\"@type\":\"EntryPoint\",\"urlTemplate\":\"https:\\\/\\\/lazru.com\\\/es\\\/?s={search_term_string}\"},\"query-input\":{\"@type\":\"PropertyValueSpecification\",\"valueRequired\":true,\"valueName\":\"search_term_string\"}}],\"inLanguage\":\"it-IT\"},{\"@type\":\"Organization\",\"@id\":\"https:\\\/\\\/lazru.com\\\/es\\\/#organization\",\"name\":\"LAZRU\",\"url\":\"https:\\\/\\\/lazru.com\\\/es\\\/\",\"logo\":{\"@type\":\"ImageObject\",\"inLanguage\":\"it-IT\",\"@id\":\"https:\\\/\\\/lazru.com\\\/es\\\/#\\\/schema\\\/logo\\\/image\\\/\",\"url\":\"https:\\\/\\\/lazru.com\\\/wp-content\\\/uploads\\\/2021\\\/09\\\/cropped-lazru-wimpernserum-logo.png\",\"contentUrl\":\"https:\\\/\\\/lazru.com\\\/wp-content\\\/uploads\\\/2021\\\/09\\\/cropped-lazru-wimpernserum-logo.png\",\"width\":211,\"height\":97,\"caption\":\"LAZRU\"},\"image\":{\"@id\":\"https:\\\/\\\/lazru.com\\\/es\\\/#\\\/schema\\\/logo\\\/image\\\/\"},\"sameAs\":[\"https:\\\/\\\/www.instagram.com\\\/lazru_official\\\/\"]}]}<\/script>\n<!-- \/ Yoast SEO Premium plugin. -->","yoast_head_json":{"title":"Impronta - LAZRU","robots":{"index":"noindex","follow":"nofollow"},"og_locale":"it_IT","og_type":"article","og_title":"Impressum","og_description":"HaftungsausschlussDie Inhalte dieser Website werden mit gr\u00f6\u00dftm\u00f6glicher Sorgfalt erstellt. Lazru \u00fcbernimmt jedoch keine Gew\u00e4hr f\u00fcr die Richtigkeit, Vollst\u00e4ndigkeit und Aktualit\u00e4t der bereitgestellten Inhalte. Die Nutzung der Inhalte der Website erfolgt auf eigene Gefahr des Nutzers. 1. Externe Links:Bei externen Verkn\u00fcpfungen zu Websites Dritter (\u201eexterne Links\u201c). unterliegen diese Websites der Haftung der jeweiligen Betreiber. Der Anbieter [&hellip;]","og_url":"https:\/\/lazru.com\/it\/impronta\/","og_site_name":"LAZRU","article_modified_time":"2023-07-14T11:03:25+00:00","og_image":[{"url":"https:\/\/lazru.com\/wp-content\/uploads\/2022\/05\/Sum.png","type":"","width":"","height":""}],"twitter_card":"summary_large_image","twitter_misc":{"Tempo di lettura stimato":"3 minuti"},"schema":{"@context":"https:\/\/schema.org","@graph":[{"@type":"WebPage","@id":"https:\/\/lazru.com\/impressum\/","url":"https:\/\/lazru.com\/impressum\/","name":"Impronta - LAZRU","isPartOf":{"@id":"https:\/\/lazru.com\/es\/#website"},"primaryImageOfPage":{"@id":"https:\/\/lazru.com\/impressum\/#primaryimage"},"image":{"@id":"https:\/\/lazru.com\/impressum\/#primaryimage"},"thumbnailUrl":"https:\/\/lazru.com\/wp-content\/uploads\/2022\/05\/Sum.png","datePublished":"2021-09-14T13:12:11+00:00","dateModified":"2023-07-14T11:03:25+00:00","breadcrumb":{"@id":"https:\/\/lazru.com\/impressum\/#breadcrumb"},"inLanguage":"it-IT","potentialAction":[{"@type":"ReadAction","target":["https:\/\/lazru.com\/impressum\/"]}]},{"@type":"ImageObject","inLanguage":"it-IT","@id":"https:\/\/lazru.com\/impressum\/#primaryimage","url":"https:\/\/lazru.com\/wp-content\/uploads\/2022\/05\/Sum.png","contentUrl":"https:\/\/lazru.com\/wp-content\/uploads\/2022\/05\/Sum.png"},{"@type":"BreadcrumbList","@id":"https:\/\/lazru.com\/impressum\/#breadcrumb","itemListElement":[{"@type":"ListItem","position":1,"name":"LAZRU","item":"https:\/\/lazru.com\/"},{"@type":"ListItem","position":2,"name":"Impressum"}]},{"@type":"WebSite","@id":"https:\/\/lazru.com\/es\/#website","url":"https:\/\/lazru.com\/es\/","name":"LAZRU","description":"Siero Ciglia &amp; Siero Sopracciglia","publisher":{"@id":"https:\/\/lazru.com\/es\/#organization"},"potentialAction":[{"@type":"SearchAction","target":{"@type":"EntryPoint","urlTemplate":"https:\/\/lazru.com\/es\/?s={search_term_string}"},"query-input":{"@type":"PropertyValueSpecification","valueRequired":true,"valueName":"search_term_string"}}],"inLanguage":"it-IT"},{"@type":"Organization","@id":"https:\/\/lazru.com\/es\/#organization","name":"LAZRU","url":"https:\/\/lazru.com\/es\/","logo":{"@type":"ImageObject","inLanguage":"it-IT","@id":"https:\/\/lazru.com\/es\/#\/schema\/logo\/image\/","url":"https:\/\/lazru.com\/wp-content\/uploads\/2021\/09\/cropped-lazru-wimpernserum-logo.png","contentUrl":"https:\/\/lazru.com\/wp-content\/uploads\/2021\/09\/cropped-lazru-wimpernserum-logo.png","width":211,"height":97,"caption":"LAZRU"},"image":{"@id":"https:\/\/lazru.com\/es\/#\/schema\/logo\/image\/"},"sameAs":["https:\/\/www.instagram.com\/lazru_official\/"]}]}},"_links":{"self":[{"href":"https:\/\/lazru.com\/it\/wp-json\/wp\/v2\/pages\/30","targetHints":{"allow":["GET"]}}],"collection":[{"href":"https:\/\/lazru.com\/it\/wp-json\/wp\/v2\/pages"}],"about":[{"href":"https:\/\/lazru.com\/it\/wp-json\/wp\/v2\/types\/page"}],"author":[{"embeddable":true,"href":"https:\/\/lazru.com\/it\/wp-json\/wp\/v2\/users\/1"}],"replies":[{"embeddable":true,"href":"https:\/\/lazru.com\/it\/wp-json\/wp\/v2\/comments?post=30"}],"version-history":[{"count":7,"href":"https:\/\/lazru.com\/it\/wp-json\/wp\/v2\/pages\/30\/revisions"}],"predecessor-version":[{"id":33179,"href":"https:\/\/lazru.com\/it\/wp-json\/wp\/v2\/pages\/30\/revisions\/33179"}],"wp:attachment":[{"href":"https:\/\/lazru.com\/it\/wp-json\/wp\/v2\/media?parent=30"}],"curies":[{"name":"wp","href":"https:\/\/api.w.org\/{rel}","templated":true}]}}