{"id":1341,"date":"2022-04-06T08:49:33","date_gmt":"2022-04-06T08:49:33","guid":{"rendered":"https:\/\/lazru.com\/?post_type=product&#038;p=1341"},"modified":"2025-12-31T16:11:06","modified_gmt":"2025-12-31T15:11:06","slug":"lazru-2","status":"publish","type":"product","link":"https:\/\/lazru.com\/hu\/termek\/lazru-2\/","title":{"rendered":"Lazru 2 csomag"},"content":{"rendered":"<h2>Alkalmaz\u00e1s:<\/h2>\n<p>Haszn\u00e1lja naponta egyszer vagy k\u00e9tszer. Haszn\u00e1lat el\u0151tt j\u00f3l r\u00e1zza fel. Vigyen fel egy kis mennyis\u00e9get \u00f3vatosan \u00e9s egyenletesen a szempill\u00e1kra vagy a szem\u00f6ld\u00f6kre. Kiz\u00e1r\u00f3lag k\u00fcls\u0151 haszn\u00e1latra. Ker\u00fclje a k\u00f6zvetlen szemkontaktust. Szobah\u0151m\u00e9rs\u00e9kleten \u00e9s gyermekek el\u0151l elz\u00e1rva t\u00e1roland\u00f3.<\/p>\n<h2><span style=\"color: #8a949c\">\u00c9bressze fel sz\u00e9ps\u00e9g\u00e9t az Lazru-vel: Az ellen\u00e1llhatatlan Szempill\u00e1k\u00e9rt \u00e9s Szem\u00f6ld\u00f6k\u00f6k\u00e9rt, amelyek vonzz\u00e1k a tekinteteket!<\/span><\/h2>\n<p><a href=\"https:\/\/lazru.com\/wp-content\/uploads\/2023\/07\/Lazru.jpg\"><img loading=\"lazy\" decoding=\"async\" class=\"wp-image-18048 size-full\" src=\"https:\/\/lazru.com\/wp-content\/uploads\/2023\/07\/Lazru.jpg\" alt=\"Lazru\" width=\"2000\" height=\"1080\" srcset=\"https:\/\/lazru.com\/wp-content\/uploads\/2023\/07\/Lazru.jpg 2000w, https:\/\/lazru.com\/wp-content\/uploads\/2023\/07\/Lazru-300x162.jpg 300w, https:\/\/lazru.com\/wp-content\/uploads\/2023\/07\/Lazru-1024x553.jpg 1024w, https:\/\/lazru.com\/wp-content\/uploads\/2023\/07\/Lazru-768x415.jpg 768w, https:\/\/lazru.com\/wp-content\/uploads\/2023\/07\/Lazru-1536x829.jpg 1536w, https:\/\/lazru.com\/wp-content\/uploads\/2023\/07\/Lazru-18x10.jpg 18w, https:\/\/lazru.com\/wp-content\/uploads\/2023\/07\/Lazru-600x324.jpg 600w\" sizes=\"auto, (max-width: 2000px) 100vw, 2000px\" \/><\/a><\/p>\n<p>K\u00e9pzelje el, hogy egyetlen term\u00e9kkel er\u0151s\u00edtheti \u00e9s revitaliz\u00e1lhatja a gyenge szempill\u00e1kat \u00e9s szem\u00f6ld\u00f6k\u00f6t. Az Lazru lehet\u0151v\u00e9 teszi ezt! Kiterjedt kutat\u00e1s \u00e9s fejleszt\u00e9s eredm\u00e9nye, forradalmi sz\u00e9rum 67 term\u00e9szetes \u00f6sszetev\u0151 magas koncentr\u00e1ci\u00f3j\u00fa kever\u00e9k\u00e9t tartalmazza, amely seg\u00edt t\u00e1pl\u00e1lni, er\u0151s\u00edteni \u00e9s el\u0151seg\u00edteni szempill\u00e1id \u00e9s szem\u00f6ld\u00f6k\u00f6d n\u00f6veked\u00e9s\u00e9t.<\/p>\n<p>Az Lazru-t t\u00f6bbek k\u00f6z\u00f6tt az teszi k\u00fcl\u00f6nlegess\u00e9, hogy tudatosan ker\u00fclj\u00fck a prosztaglandin hormon \u00e9s a rokon prosztaglandin-sz\u00e1rmaz\u00e9kok haszn\u00e1lat\u00e1t. A piacon l\u00e9v\u0151 egyes term\u00e9kek tartalmazz\u00e1k ezeket az anyagokat, amelyek serkenthetik a haj n\u00f6veked\u00e9s\u00e9t, de sz\u00e1mos lehets\u00e9ges mell\u00e9khat\u00e1ssal is j\u00e1rnak, bele\u00e9rtve a b\u0151rp\u00edrt, az irrit\u00e1ci\u00f3t \u00e9s a b\u0151r elsz\u00ednez\u0151d\u00e9s\u00e9t. Ez\u00e9rt nem mindenki sz\u00e1m\u00e1ra alkalmasak, k\u00fcl\u00f6n\u00f6sen az \u00e9rz\u00e9keny b\u0151r\u0171ek vagy gyenge immunrendszerrel rendelkez\u0151k, valamint a terhes \u00e9s szoptat\u00f3 n\u0151k sz\u00e1m\u00e1ra. Az Lazru ezzel szemben 100% hormonmentes, ami azt jelenti, hogy nem j\u00e1r ezekkel a kock\u00e1zatokkal.<\/p>\n<p>Az Lazru-vel a tudom\u00e1ny \u00e9s a term\u00e9szet erej\u00e9b\u0151l profit\u00e1lhat. N\u00f6v\u00e9nyi kivonatokban, term\u00e9szetes olajokban, vitaminokban \u00e9s aminosavakban gazdag sz\u00e9rumunk innovat\u00edv gy\u00e1rt\u00e1si m\u00f3dszereket alkalmaz, mint p\u00e9ld\u00e1ul a ferment\u00e1ci\u00f3 \u00e9s a liposz\u00f3m\u00e1s technol\u00f3gia, hogy a hat\u00f3anyagok c\u00e9lzottan a hajgy\u00f6kerekhez jussanak.<\/p>\n<p>Az Lazru 100% nem tartalmaz formaldehidet, ftal\u00e1tokat, szulf\u00e1tokat, parab\u00e9neket, szilikonokat \u00e9s \u00e1sv\u00e1nyi olajokat, \u00e9s \u00fagy tervezt\u00e9k, hogy biztons\u00e1gos \u00e9s b\u0151rbar\u00e1t legyen.<\/p>\n<p>Mi\u00e9rt \u00e9lne teh\u00e1t gyenge, v\u00e9kony szempill\u00e1kkal \u00e9s szem\u00f6ld\u00f6kkel, ha az Lazru seg\u00edts\u00e9g\u00e9vel meger\u0151s\u00edtheti \u00e9s \u00fajj\u00e1\u00e9lesztheti \u0151ket? Pr\u00f3b\u00e1lja ki sz\u00e9rumunkat, \u00e9s gy\u0151z\u0151dj\u00f6n meg r\u00f3la, hogyan szabad\u00edtja fel szempill\u00e1inak \u00e9s szem\u00f6ld\u00f6k\u00e9nek term\u00e9szetes potenci\u00e1lj\u00e1t!<\/p>\n<h2>El\u0151tte\/ut\u00e1na:<\/h2>\n<p>K\u00e9rj\u00fck, k\u00fcldje el f\u00e9nyk\u00e9peit a support@lazru.com c\u00edmre.<\/p>\n<p><img loading=\"lazy\" decoding=\"async\" class=\"alignnone size-medium wp-image-54\" src=\"https:\/\/lazru.com\/wp-content\/uploads\/2021\/09\/Lazru-06-300x290.jpg\" alt=\"\" width=\"300\" height=\"290\" srcset=\"https:\/\/lazru.com\/wp-content\/uploads\/2021\/09\/Lazru-06-300x290.jpg 300w, https:\/\/lazru.com\/wp-content\/uploads\/2021\/09\/Lazru-06-600x580.jpg 600w, https:\/\/lazru.com\/wp-content\/uploads\/2021\/09\/Lazru-06.jpg 696w\" sizes=\"auto, (max-width: 300px) 100vw, 300px\" \/><\/p>\n<p><img loading=\"lazy\" decoding=\"async\" class=\"size-medium wp-image-79\" src=\"https:\/\/lazru.com\/wp-content\/uploads\/2021\/09\/Lazru-05-300x290.jpg\" alt=\"Lazru tapasztalat\" width=\"300\" height=\"290\" srcset=\"https:\/\/lazru.com\/wp-content\/uploads\/2021\/09\/Lazru-05-300x290.jpg 300w, https:\/\/lazru.com\/wp-content\/uploads\/2021\/09\/Lazru-05-600x580.jpg 600w, https:\/\/lazru.com\/wp-content\/uploads\/2021\/09\/Lazru-05.jpg 696w\" sizes=\"auto, (max-width: 300px) 100vw, 300px\" \/><\/p>\n<p><img loading=\"lazy\" decoding=\"async\" class=\"size-medium wp-image-77\" src=\"https:\/\/lazru.com\/wp-content\/uploads\/2021\/09\/Lazru-07-1-300x290.jpg\" alt=\"Lazru tapasztalatok\" width=\"300\" height=\"290\" srcset=\"https:\/\/lazru.com\/wp-content\/uploads\/2021\/09\/Lazru-07-1-300x290.jpg 300w, https:\/\/lazru.com\/wp-content\/uploads\/2021\/09\/Lazru-07-1-600x580.jpg 600w, https:\/\/lazru.com\/wp-content\/uploads\/2021\/09\/Lazru-07-1.jpg 696w\" sizes=\"auto, (max-width: 300px) 100vw, 300px\" \/><\/p>","protected":false},"excerpt":{"rendered":"<p class=\"p1\"><span class=\"s1\">Szempilla Sz\u00e9rum &amp; Szem\u00f6ld\u00f6k N\u00f6veszt\u00e9s<br \/>\n<span style=\"color: #5bc98b\"><strong>\u00dajdons\u00e1g: Liposz\u00f3m\u00e1lis k\u00e9sz\u00edtm\u00e9ny!<\/strong><\/span><br \/>\n<\/span><\/p>\n<ul>\n<li>Szempilla N\u00f6veszt\u00e9s<\/li>\n<li>Szem\u00f6ld\u00f6k N\u00f6veszt\u00e9s<\/li>\n<li>Hormonok n\u00e9lk\u00fcl<\/li>\n<li>Prosztaglandinok n\u00e9lk\u00fcl<\/li>\n<li>B\u0151rgy\u00f3gy\u00e1szatilag tesztelt<\/li>\n<\/ul>\n<p><img loading=\"lazy\" decoding=\"async\" class=\"alignnone wp-image-48\" src=\"https:\/\/lazru.com\/wp-content\/uploads\/2021\/09\/Lo-2.jpg\" alt=\"\" width=\"283\" height=\"25\" srcset=\"https:\/\/lazru.com\/wp-content\/uploads\/2021\/09\/Lo-2.jpg 941w, https:\/\/lazru.com\/wp-content\/uploads\/2021\/09\/Lo-2-600x53.jpg 600w, https:\/\/lazru.com\/wp-content\/uploads\/2021\/09\/Lo-2-300x26.jpg 300w, https:\/\/lazru.com\/wp-content\/uploads\/2021\/09\/Lo-2-768x68.jpg 768w\" sizes=\"auto, (max-width: 283px) 100vw, 283px\" \/><\/p>\n<p><a href=\"https:\/\/lazru.com\/wp-content\/uploads\/2022\/06\/Lazru-EN.jpg\"><img loading=\"lazy\" decoding=\"async\" class=\"wp-image-2445\" src=\"https:\/\/lazru.com\/wp-content\/uploads\/2022\/06\/Lazru-EN.jpg\" alt=\"Lazru teszt\" width=\"170\" height=\"106\" srcset=\"https:\/\/lazru.com\/wp-content\/uploads\/2022\/06\/Lazru-EN.jpg 407w, https:\/\/lazru.com\/wp-content\/uploads\/2022\/06\/Lazru-EN-300x187.jpg 300w, https:\/\/lazru.com\/wp-content\/uploads\/2022\/06\/Lazru-EN-18x12.jpg 18w\" sizes=\"auto, (max-width: 170px) 100vw, 170px\" \/><\/a><\/p>","protected":false},"author":1,"featured_media":18170,"comment_status":"open","ping_status":"closed","template":"","meta":{"_uag_custom_page_level_css":"","advgb_blocks_editor_width":"","advgb_blocks_columns_visual_guide":"","site-sidebar-layout":"default","site-content-layout":"default","ast-site-content-layout":"default","site-content-style":"default","site-sidebar-style":"default","ast-global-header-display":"","ast-banner-title-visibility":"","ast-main-header-display":"","ast-hfb-above-header-display":"","ast-hfb-below-header-display":"","ast-hfb-mobile-header-display":"","site-post-title":"","ast-breadcrumbs-content":"","ast-featured-img":"","footer-sml-layout":"","ast-disable-related-posts":"","theme-transparent-header-meta":"default","adv-header-id-meta":"","stick-header-meta":"default","header-above-stick-meta":"","header-main-stick-meta":"","header-below-stick-meta":"","astra-migrate-meta-layouts":"set","ast-page-background-enabled":"default","ast-page-background-meta":{"desktop":{"background-color":"","background-image":"","background-repeat":"repeat","background-position":"center center","background-size":"auto","background-attachment":"scroll","background-type":"","background-media":"","overlay-type":"","overlay-color":"","overlay-opacity":"","overlay-gradient":""},"tablet":{"background-color":"","background-image":"","background-repeat":"repeat","background-position":"center center","background-size":"auto","background-attachment":"scroll","background-type":"","background-media":"","overlay-type":"","overlay-color":"","overlay-opacity":"","overlay-gradient":""},"mobile":{"background-color":"","background-image":"","background-repeat":"repeat","background-position":"center center","background-size":"auto","background-attachment":"scroll","background-type":"","background-media":"","overlay-type":"","overlay-color":"","overlay-opacity":"","overlay-gradient":""}},"ast-content-background-meta":{"desktop":{"background-color":"var(--ast-global-color-5)","background-image":"","background-repeat":"repeat","background-position":"center center","background-size":"auto","background-attachment":"scroll","background-type":"","background-media":"","overlay-type":"","overlay-color":"","overlay-opacity":"","overlay-gradient":""},"tablet":{"background-color":"var(--ast-global-color-5)","background-image":"","background-repeat":"repeat","background-position":"center center","background-size":"auto","background-attachment":"scroll","background-type":"","background-media":"","overlay-type":"","overlay-color":"","overlay-opacity":"","overlay-gradient":""},"mobile":{"background-color":"var(--ast-global-color-5)","background-image":"","background-repeat":"repeat","background-position":"center center","background-size":"auto","background-attachment":"scroll","background-type":"","background-media":"","overlay-type":"","overlay-color":"","overlay-opacity":"","overlay-gradient":""}}},"product_brand":[],"product_cat":[201],"product_tag":[179],"class_list":{"0":"post-1341","1":"product","2":"type-product","3":"status-publish","4":"has-post-thumbnail","6":"product_cat-cosmetic","7":"product_tag-lazru2er","8":"desktop-align-left","9":"tablet-align-left","10":"mobile-align-left","11":"ast-product-gallery-layout-horizontal","12":"ast-product-gallery-with-no-image","13":"ast-magnify-disabled","14":"ast-product-tabs-layout-horizontal","15":"ast-qv-on-image","17":"first","18":"instock","19":"sale","20":"taxable","21":"shipping-taxable","22":"purchasable","23":"product-type-simple"},"yoast_head":"<!-- This site is optimized with the Yoast SEO Premium plugin v23.4 (Yoast SEO v26.6) - https:\/\/yoast.com\/wordpress\/plugins\/seo\/ -->\n<title>Lazru 2er Pack - LAZRU<\/title>\n<meta name=\"robots\" content=\"index, follow, max-snippet:-1, max-image-preview:large, max-video-preview:-1\" \/>\n<link rel=\"canonical\" href=\"https:\/\/lazru.com\/hu\/termek\/lazru-2\/\" \/>\n<meta property=\"og:locale\" content=\"hu_HU\" \/>\n<meta property=\"og:type\" content=\"article\" \/>\n<meta property=\"og:title\" content=\"Lazru 2er Pack\" \/>\n<meta property=\"og:description\" content=\"Wimpernserum &amp; Augenbrauenserum Neu: Liposomale Formulierung!     Wimpernwachstum  Augenbrauenwachstum  Ohne Hormone  Ohne Prostaglandine  Dermatologisch getestet\" \/>\n<meta property=\"og:url\" content=\"https:\/\/lazru.com\/hu\/termek\/lazru-2\/\" \/>\n<meta property=\"og:site_name\" content=\"LAZRU\" \/>\n<meta property=\"article:modified_time\" content=\"2025-12-31T15:11:06+00:00\" \/>\n<meta property=\"og:image\" content=\"https:\/\/lazru.com\/wp-content\/uploads\/2023\/07\/Lazru-2.jpg\" \/>\n\t<meta property=\"og:image:width\" content=\"1000\" \/>\n\t<meta property=\"og:image:height\" content=\"1000\" \/>\n\t<meta property=\"og:image:type\" content=\"image\/jpeg\" \/>\n<meta name=\"twitter:card\" content=\"summary_large_image\" \/>\n<meta name=\"twitter:label1\" content=\"Becs\u00fclt olvas\u00e1si id\u0151\" \/>\n\t<meta name=\"twitter:data1\" content=\"3 perc\" \/>\n<script type=\"application\/ld+json\" class=\"yoast-schema-graph\">{\"@context\":\"https:\/\/schema.org\",\"@graph\":[{\"@type\":\"WebPage\",\"@id\":\"https:\/\/lazru.com\/produkt\/lazru-2\/\",\"url\":\"https:\/\/lazru.com\/produkt\/lazru-2\/\",\"name\":\"Lazru 2er Pack - LAZRU\",\"isPartOf\":{\"@id\":\"https:\/\/lazru.com\/es\/#website\"},\"primaryImageOfPage\":{\"@id\":\"https:\/\/lazru.com\/produkt\/lazru-2\/#primaryimage\"},\"image\":{\"@id\":\"https:\/\/lazru.com\/produkt\/lazru-2\/#primaryimage\"},\"thumbnailUrl\":\"https:\/\/lazru.com\/wp-content\/uploads\/2023\/07\/Lazru-2.jpg\",\"datePublished\":\"2022-04-06T08:49:33+00:00\",\"dateModified\":\"2025-12-31T15:11:06+00:00\",\"breadcrumb\":{\"@id\":\"https:\/\/lazru.com\/produkt\/lazru-2\/#breadcrumb\"},\"inLanguage\":\"hu\",\"potentialAction\":[{\"@type\":\"ReadAction\",\"target\":[\"https:\/\/lazru.com\/produkt\/lazru-2\/\"]}]},{\"@type\":\"ImageObject\",\"inLanguage\":\"hu\",\"@id\":\"https:\/\/lazru.com\/produkt\/lazru-2\/#primaryimage\",\"url\":\"https:\/\/lazru.com\/wp-content\/uploads\/2023\/07\/Lazru-2.jpg\",\"contentUrl\":\"https:\/\/lazru.com\/wp-content\/uploads\/2023\/07\/Lazru-2.jpg\",\"width\":1000,\"height\":1000,\"caption\":\"Wimpernserum\"},{\"@type\":\"BreadcrumbList\",\"@id\":\"https:\/\/lazru.com\/produkt\/lazru-2\/#breadcrumb\",\"itemListElement\":[{\"@type\":\"ListItem\",\"position\":1,\"name\":\"LAZRU\",\"item\":\"https:\/\/lazru.com\/\"},{\"@type\":\"ListItem\",\"position\":2,\"name\":\"Shop\",\"item\":\"https:\/\/lazru.com\/es\/shop\/\"},{\"@type\":\"ListItem\",\"position\":3,\"name\":\"Lazru 2er Pack\"}]},{\"@type\":\"WebSite\",\"@id\":\"https:\/\/lazru.com\/es\/#website\",\"url\":\"https:\/\/lazru.com\/es\/\",\"name\":\"LAZRU\",\"description\":\"Wimpernserum &amp; Augenbrauenserum\",\"publisher\":{\"@id\":\"https:\/\/lazru.com\/es\/#organization\"},\"potentialAction\":[{\"@type\":\"SearchAction\",\"target\":{\"@type\":\"EntryPoint\",\"urlTemplate\":\"https:\/\/lazru.com\/es\/?s={search_term_string}\"},\"query-input\":{\"@type\":\"PropertyValueSpecification\",\"valueRequired\":true,\"valueName\":\"search_term_string\"}}],\"inLanguage\":\"hu\"},{\"@type\":\"Organization\",\"@id\":\"https:\/\/lazru.com\/es\/#organization\",\"name\":\"LAZRU\",\"url\":\"https:\/\/lazru.com\/es\/\",\"logo\":{\"@type\":\"ImageObject\",\"inLanguage\":\"hu\",\"@id\":\"https:\/\/lazru.com\/es\/#\/schema\/logo\/image\/\",\"url\":\"https:\/\/lazru.com\/wp-content\/uploads\/2021\/09\/cropped-lazru-wimpernserum-logo.png\",\"contentUrl\":\"https:\/\/lazru.com\/wp-content\/uploads\/2021\/09\/cropped-lazru-wimpernserum-logo.png\",\"width\":211,\"height\":97,\"caption\":\"LAZRU\"},\"image\":{\"@id\":\"https:\/\/lazru.com\/es\/#\/schema\/logo\/image\/\"},\"sameAs\":[\"https:\/\/www.instagram.com\/lazru_official\/\"]}]}<\/script>\n<!-- \/ Yoast SEO Premium plugin. -->","yoast_head_json":{"title":"Lazru 2-es csomag - LAZRU","robots":{"index":"index","follow":"follow","max-snippet":"max-snippet:-1","max-image-preview":"max-image-preview:large","max-video-preview":"max-video-preview:-1"},"canonical":"https:\/\/lazru.com\/hu\/termek\/lazru-2\/","og_locale":"hu_HU","og_type":"article","og_title":"Lazru 2er Pack","og_description":"Wimpernserum &amp; Augenbrauenserum Neu: Liposomale Formulierung!     Wimpernwachstum  Augenbrauenwachstum  Ohne Hormone  Ohne Prostaglandine  Dermatologisch getestet","og_url":"https:\/\/lazru.com\/hu\/termek\/lazru-2\/","og_site_name":"LAZRU","article_modified_time":"2025-12-31T15:11:06+00:00","og_image":[{"width":1000,"height":1000,"url":"https:\/\/lazru.com\/wp-content\/uploads\/2023\/07\/Lazru-2.jpg","type":"image\/jpeg"}],"twitter_card":"summary_large_image","twitter_misc":{"Becs\u00fclt olvas\u00e1si id\u0151":"3 perc"},"schema":{"@context":"https:\/\/schema.org","@graph":[{"@type":"WebPage","@id":"https:\/\/lazru.com\/produkt\/lazru-2\/","url":"https:\/\/lazru.com\/produkt\/lazru-2\/","name":"Lazru 2-es csomag - LAZRU","isPartOf":{"@id":"https:\/\/lazru.com\/es\/#website"},"primaryImageOfPage":{"@id":"https:\/\/lazru.com\/produkt\/lazru-2\/#primaryimage"},"image":{"@id":"https:\/\/lazru.com\/produkt\/lazru-2\/#primaryimage"},"thumbnailUrl":"https:\/\/lazru.com\/wp-content\/uploads\/2023\/07\/Lazru-2.jpg","datePublished":"2022-04-06T08:49:33+00:00","dateModified":"2025-12-31T15:11:06+00:00","breadcrumb":{"@id":"https:\/\/lazru.com\/produkt\/lazru-2\/#breadcrumb"},"inLanguage":"hu","potentialAction":[{"@type":"ReadAction","target":["https:\/\/lazru.com\/produkt\/lazru-2\/"]}]},{"@type":"ImageObject","inLanguage":"hu","@id":"https:\/\/lazru.com\/produkt\/lazru-2\/#primaryimage","url":"https:\/\/lazru.com\/wp-content\/uploads\/2023\/07\/Lazru-2.jpg","contentUrl":"https:\/\/lazru.com\/wp-content\/uploads\/2023\/07\/Lazru-2.jpg","width":1000,"height":1000,"caption":"Wimpernserum"},{"@type":"BreadcrumbList","@id":"https:\/\/lazru.com\/produkt\/lazru-2\/#breadcrumb","itemListElement":[{"@type":"ListItem","position":1,"name":"LAZRU","item":"https:\/\/lazru.com\/"},{"@type":"ListItem","position":2,"name":"Shop","item":"https:\/\/lazru.com\/es\/shop\/"},{"@type":"ListItem","position":3,"name":"Lazru 2er Pack"}]},{"@type":"WebSite","@id":"https:\/\/lazru.com\/es\/#website","url":"https:\/\/lazru.com\/es\/","name":"LAZRU","description":"Szempilla Sz\u00e9rum &amp; Szem\u00f6ld\u00f6k N\u00f6veszt\u00e9s","publisher":{"@id":"https:\/\/lazru.com\/es\/#organization"},"potentialAction":[{"@type":"SearchAction","target":{"@type":"EntryPoint","urlTemplate":"https:\/\/lazru.com\/es\/?s={search_term_string}"},"query-input":{"@type":"PropertyValueSpecification","valueRequired":true,"valueName":"search_term_string"}}],"inLanguage":"hu"},{"@type":"Organization","@id":"https:\/\/lazru.com\/es\/#organization","name":"LAZRU","url":"https:\/\/lazru.com\/es\/","logo":{"@type":"ImageObject","inLanguage":"hu","@id":"https:\/\/lazru.com\/es\/#\/schema\/logo\/image\/","url":"https:\/\/lazru.com\/wp-content\/uploads\/2021\/09\/cropped-lazru-wimpernserum-logo.png","contentUrl":"https:\/\/lazru.com\/wp-content\/uploads\/2021\/09\/cropped-lazru-wimpernserum-logo.png","width":211,"height":97,"caption":"LAZRU"},"image":{"@id":"https:\/\/lazru.com\/es\/#\/schema\/logo\/image\/"},"sameAs":["https:\/\/www.instagram.com\/lazru_official\/"]}]}},"uagb_featured_image_src":{"full":["https:\/\/lazru.com\/wp-content\/uploads\/2023\/07\/Lazru-2.jpg",1000,1000,false],"thumbnail":["https:\/\/lazru.com\/wp-content\/uploads\/2023\/07\/Lazru-2-150x150.jpg",150,150,true],"medium":["https:\/\/lazru.com\/wp-content\/uploads\/2023\/07\/Lazru-2-300x300.jpg",300,300,true],"medium_large":["https:\/\/lazru.com\/wp-content\/uploads\/2023\/07\/Lazru-2-768x768.jpg",768,768,true],"large":["https:\/\/lazru.com\/wp-content\/uploads\/2023\/07\/Lazru-2.jpg",1000,1000,false],"1536x1536":["https:\/\/lazru.com\/wp-content\/uploads\/2023\/07\/Lazru-2.jpg",1000,1000,false],"2048x2048":["https:\/\/lazru.com\/wp-content\/uploads\/2023\/07\/Lazru-2.jpg",1000,1000,false],"trp-custom-language-flag":["https:\/\/lazru.com\/wp-content\/uploads\/2023\/07\/Lazru-2-12x12.jpg",12,12,true],"woocommerce_thumbnail":["https:\/\/lazru.com\/wp-content\/uploads\/2023\/07\/Lazru-2-300x300.jpg",300,300,true],"woocommerce_single":["https:\/\/lazru.com\/wp-content\/uploads\/2023\/07\/Lazru-2-600x600.jpg",600,600,true],"woocommerce_gallery_thumbnail":["https:\/\/lazru.com\/wp-content\/uploads\/2023\/07\/Lazru-2-100x100.jpg",100,100,true],"crp_thumbnail":["https:\/\/lazru.com\/wp-content\/uploads\/2023\/07\/Lazru-2-150x150.jpg",150,150,true]},"uagb_author_info":{"display_name":"Kerem085","author_link":"https:\/\/lazru.com\/hu\/author\/kerem085\/"},"uagb_comment_info":100,"uagb_excerpt":"Wimpernserum &amp; Augenbrauenserum Neu: Liposomale Formulierung! Wimpernwachstum Augenbrauenwachstum Ohne Hormone Ohne Prostaglandine Dermatologisch getestet","featured_img":"https:\/\/lazru.com\/wp-content\/uploads\/2023\/07\/Lazru-2.jpg","coauthors":[],"author_meta":{"author_link":"https:\/\/lazru.com\/hu\/author\/kerem085\/","display_name":"Kerem085"},"relative_dates":{"created":"Posted 4 \u00e9v ago","modified":"Updated 3 h\u00f3nap ago"},"absolute_dates":{"created":"Posted on 6. \u00e1prilis 2022","modified":"Updated on 31. december 2025"},"absolute_dates_time":{"created":"Posted on 6. \u00e1prilis 2022 8:49","modified":"Updated on 31. december 2025 16:11"},"featured_img_caption":"Wimpernserum","tax_additional":{"product_brand":{"linked":[],"unlinked":[],"slug":"product_brand","name":"M\u00e1rk\u00e1k"},"product_type":{"linked":["<a href=\"https:\/\/lazru.com\/hu\/?taxonomy=product_type&#038;term=simple\" class=\"advgb-post-tax-term\">simple<\/a>"],"unlinked":["<span class=\"advgb-post-tax-term\">simple<\/span>"],"slug":"product_type","name":"Term\u00e9k t\u00edpusa"},"product_visibility":{"linked":["<a href=\"https:\/\/lazru.com\/hu\/?taxonomy=product_visibility&#038;term=rated-4\" class=\"advgb-post-tax-term\">rated-4<\/a>"],"unlinked":["<span class=\"advgb-post-tax-term\">rated-4<\/span>"],"slug":"product_visibility","name":"Term\u00e9k l\u00e1that\u00f3s\u00e1ga"},"product_cat":{"linked":["<a href=\"https:\/\/lazru.com\/hu\/termekkategoria\/cosmetic\/\" class=\"advgb-post-tax-term\">Cosmetic<\/a>"],"unlinked":["<span class=\"advgb-post-tax-term\">Cosmetic<\/span>"],"slug":"product_cat","name":"Term\u00e9kkateg\u00f3ri\u00e1k"},"product_tag":{"linked":["<a href=\"https:\/\/lazru.com\/hu\/termekcimke\/lazru2er\/\" class=\"advgb-post-tax-term\">Lazru2er<\/a>"],"unlinked":["<span class=\"advgb-post-tax-term\">Lazru2er<\/span>"],"slug":"product_tag","name":"Term\u00e9k c\u00edmk\u00e9k"},"product_shipping_class":{"linked":[],"unlinked":[],"slug":"product_shipping_class","name":"Term\u00e9k sz\u00e1ll\u00edt\u00e1si oszt\u00e1lyok"},"pa_brand":{"linked":[],"unlinked":[],"slug":"pa_brand","name":"Marke term\u00e9k"}},"series_order":"","_links":{"self":[{"href":"https:\/\/lazru.com\/hu\/wp-json\/wp\/v2\/product\/1341","targetHints":{"allow":["GET"]}}],"collection":[{"href":"https:\/\/lazru.com\/hu\/wp-json\/wp\/v2\/product"}],"about":[{"href":"https:\/\/lazru.com\/hu\/wp-json\/wp\/v2\/types\/product"}],"replies":[{"embeddable":true,"href":"https:\/\/lazru.com\/hu\/wp-json\/wp\/v2\/comments?post=1341"}],"wp:featuredmedia":[{"embeddable":true,"href":"https:\/\/lazru.com\/hu\/wp-json\/wp\/v2\/media\/18170"}],"wp:attachment":[{"href":"https:\/\/lazru.com\/hu\/wp-json\/wp\/v2\/media?parent=1341"}],"wp:term":[{"taxonomy":"product_brand","embeddable":true,"href":"https:\/\/lazru.com\/hu\/wp-json\/wp\/v2\/product_brand?post=1341"},{"taxonomy":"product_cat","embeddable":true,"href":"https:\/\/lazru.com\/hu\/wp-json\/wp\/v2\/product_cat?post=1341"},{"taxonomy":"product_tag","embeddable":true,"href":"https:\/\/lazru.com\/hu\/wp-json\/wp\/v2\/product_tag?post=1341"}],"curies":[{"name":"wp","href":"https:\/\/api.w.org\/{rel}","templated":true}]}}