{"id":71,"date":"2021-09-14T14:40:24","date_gmt":"2021-09-14T14:40:24","guid":{"rendered":"https:\/\/lazru.com\/?page_id=71"},"modified":"2021-09-23T15:32:17","modified_gmt":"2021-09-23T15:32:17","slug":"blog-sitemap","status":"publish","type":"page","link":"https:\/\/lazru.com\/hu\/blog-sitemap\/","title":{"rendered":"Blog oldalt\u00e9rk\u00e9p"},"content":{"rendered":"<p>Hier finden Sie alle Beitr\u00e4ge rund um das Thema Wimpern und Augenbrauen, die wir in unserem Blog geschrieben haben. Schauen Sie sich in Ruhe um, es wird auch f\u00fcr Sie etwas Spannendes dabei sein.<\/p>\n\n\n<div class=\"wsp-container\"><h2 class=\"wsp-posts-title\">Posts by category<\/h2>\n<ul class=\"wsp-posts-list\">\n\t<li><strong class=\"wsp-category-title\">Category: <a href=\"https:\/\/lazru.com\/hu\/category\/augenbrauen\/\">Szem\u00f6ld\u00f6k<\/a><\/strong>\n<ul class=\"wsp-posts-list\">\t\t<li class=\"wsp-post\"><a href=\"https:\/\/lazru.com\/hu\/tartos-smink-szemoeldoek\/\">Szem\u00f6ld\u00f6k tart\u00f3s smink<\/a><\/li>\n\t\t<li class=\"wsp-post\"><a href=\"https:\/\/lazru.com\/hu\/szemoeldoek-szinek\/\">Szem\u00f6ld\u00f6kfest\u00e9s - \u00edgy k\u00e9sz\u00fcl!<\/a><\/li>\n\t\t<li class=\"wsp-post\"><a href=\"https:\/\/lazru.com\/hu\/ricinusolaj-szemoeldoek\/\">\u00cdgy lesz a ricinusolajjal vastagabb \u00e9s szebb a szem\u00f6ld\u00f6k\u00f6d!<\/a><\/li>\n\t\t<li class=\"wsp-post\"><a href=\"https:\/\/lazru.com\/hu\/bozontos-szemoeldoek\/\">Bokros szem\u00f6ld\u00f6k - magabiztosan k\u00f6vesse a trendet<\/a><\/li>\n\t\t<li class=\"wsp-post\"><a href=\"https:\/\/lazru.com\/hu\/augebra-szerum-csinald-magad\/\">K\u00e9sz\u00edts magadnak szem\u00f6ld\u00f6ksz\u00e9rumot - \u00edgy csin\u00e1ld!<\/a><\/li>\n\t\t<li class=\"wsp-post\"><a href=\"https:\/\/lazru.com\/hu\/szempilla-szerum-terhesseg\/\">Szempilla sz\u00e9rum terhess\u00e9g alatt - \u00edgy seg\u00edthet!<\/a><\/li>\n\t\t<li class=\"wsp-post\"><a href=\"https:\/\/lazru.com\/hu\/vekony-szemoeldoek\/\">V\u00e9kony szem\u00f6ld\u00f6k - Hogyan er\u0151s\u00edts\u00fck meg a szem\u00f6ld\u00f6k\u00f6t a gy\u00f6kerekig<\/a><\/li>\n\t\t<li class=\"wsp-post\"><a href=\"https:\/\/lazru.com\/hu\/szemoeldoek-vastagitas\/\">Vastag\u00edtsa a szem\u00f6ld\u00f6k\u00f6t: Ezek a lehet\u0151s\u00e9gek \u00e1llnak rendelkez\u00e9sre<\/a><\/li>\n\t\t<li class=\"wsp-post\"><a href=\"https:\/\/lazru.com\/hu\/szemoeldoek-kihullas\/\">A szem\u00f6ld\u00f6ke kihullik - Ez lehet az oka<\/a><\/li>\n\t\t<li class=\"wsp-post\"><a href=\"https:\/\/lazru.com\/hu\/szemoeldoek-gyantazas-nem\/\">A szem\u00f6ld\u00f6k m\u00e1r nem n\u0151 - ezt teheted!<\/a><\/li>\n<\/ul><\/li>\n\t<li><strong class=\"wsp-category-title\">Category: <a href=\"https:\/\/lazru.com\/hu\/category\/behandlung\/\">Kezel\u00e9s<\/a><\/strong>\n<ul class=\"wsp-posts-list\">\t\t<li class=\"wsp-post\"><a href=\"https:\/\/lazru.com\/hu\/ricinusolaj-szempillak\/\">\u00cdgy teszi a ricinusolaj hosszabb\u00e1 \u00e9s vastagabb\u00e1 a szempill\u00e1kat!<\/a><\/li>\n\t\t<li class=\"wsp-post\"><a href=\"https:\/\/lazru.com\/hu\/get-full-eyelashes\/\">Legyen telt a szempill\u00e1d - \u00edgy csin\u00e1ld!<\/a><\/li>\n\t\t<li class=\"wsp-post\"><a href=\"https:\/\/lazru.com\/hu\/szempilla-szerum-alkalmazasa\/\">Vigyen fel szempilla sz\u00e9rumot - \u00edgy m\u0171k\u00f6dik!<\/a><\/li>\n<\/ul><\/li>\n\t<li><strong class=\"wsp-category-title\">Category: <a href=\"https:\/\/lazru.com\/hu\/category\/gesundheit\/\">Eg\u00e9szs\u00e9g<\/a><\/strong>\n<ul class=\"wsp-posts-list\">\t\t<li class=\"wsp-post\"><a href=\"https:\/\/lazru.com\/hu\/szempillafestek\/\">Szempill\u00e1k fest\u00e9se: \u00cdgy m\u0171k\u00f6dik!<\/a><\/li>\n\t\t<li class=\"wsp-post\"><a href=\"https:\/\/lazru.com\/hu\/szempilla-kihullas\/\">Kihullanak a szempill\u00e1k - mit tehetsz!<\/a><\/li>\n<\/ul><\/li>\n\t<li><strong class=\"wsp-category-title\">Category: <a href=\"https:\/\/lazru.com\/hu\/category\/wimpern\/\">Szempill\u00e1k<\/a><\/strong>\n<ul class=\"wsp-posts-list\">\t\t<li class=\"wsp-post\"><a href=\"https:\/\/lazru.com\/hu\/szempilla-surites\/\">Hogyan lehet megvastag\u00edtani a szempill\u00e1kat<\/a><\/li>\n\t\t<li class=\"wsp-post\"><a href=\"https:\/\/lazru.com\/hu\/szempilla-felvarras\/\">Hogyan m\u0171k\u00f6dik a szempilla-felvarr\u00e1s<\/a><\/li>\n\t\t<li class=\"wsp-post\"><a href=\"https:\/\/lazru.com\/hu\/szempilla-utantoelto\/\">T\u00f6ltse ki a szempill\u00e1kat: Ennyiszer kell fel\u00faj\u00edttatnod a hosszabb\u00edt\u00f3idat!<\/a><\/li>\n\t\t<li class=\"wsp-post\"><a href=\"https:\/\/lazru.com\/hu\/magneses-szempillak\/\">T\u00f6k\u00e9letes szemsmink m\u00e1gneses szempill\u00e1kkal?<\/a><\/li>\n\t\t<li class=\"wsp-post\"><a href=\"https:\/\/lazru.com\/hu\/hosszu-szempillak\/\">\u00cdgy lesz hossz\u00fa a szempill\u00e1d!<\/a><\/li>\n\t\t<li class=\"wsp-post\"><a href=\"https:\/\/lazru.com\/hu\/szempilla-hosszabbitas\/\">Minden a szempilla hosszabb\u00edt\u00e1sr\u00f3l<\/a><\/li>\n\t\t<li class=\"wsp-post\"><a href=\"https:\/\/lazru.com\/hu\/szempilla-hosszabbitas-2\/\">Ezek a szempillahosszabb\u00edt\u00e1s el\u0151nyei \u00e9s h\u00e1tr\u00e1nyai!<\/a><\/li>\n\t\t<li class=\"wsp-post\"><a href=\"https:\/\/lazru.com\/hu\/hogyan-noevesszuenk-gyorsan-szemhejpupokat\/\">Milyen gyorsan n\u0151nek a szempill\u00e1k?<\/a><\/li>\n\t\t<li class=\"wsp-post\"><a href=\"https:\/\/lazru.com\/hu\/szempilla-emlekezteto\/\">Ezek igazi szempillaer\u0151s\u00edt\u0151k!<\/a><\/li>\n\t\t<li class=\"wsp-post\"><a href=\"https:\/\/lazru.com\/hu\/noevekszik-a-szemhej-utan\/\">Visszan\u0151nek a szempill\u00e1k?<\/a><\/li>\n\t\t<li class=\"wsp-post\"><a href=\"https:\/\/lazru.com\/hu\/mesterseges-szempillak\/\">M\u0171szempilla vagy ink\u00e1bb nem?<\/a><\/li>\n\t\t<li class=\"wsp-post\"><a href=\"https:\/\/lazru.com\/hu\/szempillaapolas\/\">Szempilla\u00e1pol\u00e1s - \u00edgy m\u0171k\u00f6dik!<\/a><\/li>\n<\/ul><\/li>\n<\/ul>\n<\/div>","protected":false},"excerpt":{"rendered":"<p>Hier finden Sie alle Beitr\u00e4ge rund um das Thema Wimpern und Augenbrauen, die wir in unserem Blog geschrieben haben. Schauen Sie sich in Ruhe um, es wird auch f\u00fcr Sie [&hellip;]<\/p>","protected":false},"author":1,"featured_media":0,"parent":0,"menu_order":0,"comment_status":"closed","ping_status":"closed","template":"","meta":{"_uag_custom_page_level_css":"","advgb_blocks_editor_width":"","advgb_blocks_columns_visual_guide":"","site-sidebar-layout":"default","site-content-layout":"default","ast-site-content-layout":"default","site-content-style":"default","site-sidebar-style":"default","ast-global-header-display":"","ast-banner-title-visibility":"","ast-main-header-display":"","ast-hfb-above-header-display":"","ast-hfb-below-header-display":"","ast-hfb-mobile-header-display":"","site-post-title":"","ast-breadcrumbs-content":"","ast-featured-img":"","footer-sml-layout":"","ast-disable-related-posts":"","theme-transparent-header-meta":"default","adv-header-id-meta":"","stick-header-meta":"default","header-above-stick-meta":"","header-main-stick-meta":"","header-below-stick-meta":"","astra-migrate-meta-layouts":"default","ast-page-background-enabled":"default","ast-page-background-meta":{"desktop":{"background-color":"","background-image":"","background-repeat":"repeat","background-position":"center center","background-size":"auto","background-attachment":"scroll","background-type":"","background-media":"","overlay-type":"","overlay-color":"","overlay-opacity":"","overlay-gradient":""},"tablet":{"background-color":"","background-image":"","background-repeat":"repeat","background-position":"center center","background-size":"auto","background-attachment":"scroll","background-type":"","background-media":"","overlay-type":"","overlay-color":"","overlay-opacity":"","overlay-gradient":""},"mobile":{"background-color":"","background-image":"","background-repeat":"repeat","background-position":"center center","background-size":"auto","background-attachment":"scroll","background-type":"","background-media":"","overlay-type":"","overlay-color":"","overlay-opacity":"","overlay-gradient":""}},"ast-content-background-meta":{"desktop":{"background-color":"var(--ast-global-color-5)","background-image":"","background-repeat":"repeat","background-position":"center center","background-size":"auto","background-attachment":"scroll","background-type":"","background-media":"","overlay-type":"","overlay-color":"","overlay-opacity":"","overlay-gradient":""},"tablet":{"background-color":"var(--ast-global-color-5)","background-image":"","background-repeat":"repeat","background-position":"center center","background-size":"auto","background-attachment":"scroll","background-type":"","background-media":"","overlay-type":"","overlay-color":"","overlay-opacity":"","overlay-gradient":""},"mobile":{"background-color":"var(--ast-global-color-5)","background-image":"","background-repeat":"repeat","background-position":"center center","background-size":"auto","background-attachment":"scroll","background-type":"","background-media":"","overlay-type":"","overlay-color":"","overlay-opacity":"","overlay-gradient":""}},"footnotes":""},"class_list":["post-71","page","type-page","status-publish","hentry"],"featured_image_src":null,"yoast_head":"<!-- This site is optimized with the Yoast SEO Premium plugin v23.4 (Yoast SEO v26.6) - https:\/\/yoast.com\/wordpress\/plugins\/seo\/ -->\n<title>Blog-Sitemap - LAZRU<\/title>\n<meta name=\"robots\" content=\"noindex, follow\" \/>\n<meta property=\"og:locale\" content=\"hu_HU\" \/>\n<meta property=\"og:type\" content=\"article\" \/>\n<meta property=\"og:title\" content=\"Blog-Sitemap\" \/>\n<meta property=\"og:description\" content=\"Hier finden Sie alle Beitr\u00e4ge rund um das Thema Wimpern und Augenbrauen, die wir in unserem Blog geschrieben haben. Schauen Sie sich in Ruhe um, es wird auch f\u00fcr Sie [&hellip;]\" \/>\n<meta property=\"og:url\" content=\"https:\/\/lazru.com\/hu\/blog-sitemap\/\" \/>\n<meta property=\"og:site_name\" content=\"LAZRU\" \/>\n<meta property=\"article:modified_time\" content=\"2021-09-23T15:32:17+00:00\" \/>\n<meta name=\"twitter:card\" content=\"summary_large_image\" \/>\n<meta name=\"twitter:label1\" content=\"Becs\u00fclt olvas\u00e1si id\u0151\" \/>\n\t<meta name=\"twitter:data1\" content=\"1 perc\" \/>\n<script type=\"application\/ld+json\" class=\"yoast-schema-graph\">{\"@context\":\"https:\/\/schema.org\",\"@graph\":[{\"@type\":\"WebPage\",\"@id\":\"https:\/\/lazru.com\/nl\/blog-sitemap\/\",\"url\":\"https:\/\/lazru.com\/nl\/blog-sitemap\/\",\"name\":\"Blog-Sitemap - LAZRU\",\"isPartOf\":{\"@id\":\"https:\/\/lazru.com\/es\/#website\"},\"datePublished\":\"2021-09-14T14:40:24+00:00\",\"dateModified\":\"2021-09-23T15:32:17+00:00\",\"breadcrumb\":{\"@id\":\"https:\/\/lazru.com\/nl\/blog-sitemap\/#breadcrumb\"},\"inLanguage\":\"hu\",\"potentialAction\":[{\"@type\":\"ReadAction\",\"target\":[\"https:\/\/lazru.com\/nl\/blog-sitemap\/\"]}]},{\"@type\":\"BreadcrumbList\",\"@id\":\"https:\/\/lazru.com\/nl\/blog-sitemap\/#breadcrumb\",\"itemListElement\":[{\"@type\":\"ListItem\",\"position\":1,\"name\":\"LAZRU\",\"item\":\"https:\/\/lazru.com\/\"},{\"@type\":\"ListItem\",\"position\":2,\"name\":\"Blog-Sitemap\"}]},{\"@type\":\"WebSite\",\"@id\":\"https:\/\/lazru.com\/es\/#website\",\"url\":\"https:\/\/lazru.com\/es\/\",\"name\":\"LAZRU\",\"description\":\"Wimpernserum &amp; Augenbrauenserum\",\"publisher\":{\"@id\":\"https:\/\/lazru.com\/es\/#organization\"},\"potentialAction\":[{\"@type\":\"SearchAction\",\"target\":{\"@type\":\"EntryPoint\",\"urlTemplate\":\"https:\/\/lazru.com\/es\/?s={search_term_string}\"},\"query-input\":{\"@type\":\"PropertyValueSpecification\",\"valueRequired\":true,\"valueName\":\"search_term_string\"}}],\"inLanguage\":\"hu\"},{\"@type\":\"Organization\",\"@id\":\"https:\/\/lazru.com\/es\/#organization\",\"name\":\"LAZRU\",\"url\":\"https:\/\/lazru.com\/es\/\",\"logo\":{\"@type\":\"ImageObject\",\"inLanguage\":\"hu\",\"@id\":\"https:\/\/lazru.com\/es\/#\/schema\/logo\/image\/\",\"url\":\"https:\/\/lazru.com\/wp-content\/uploads\/2021\/09\/cropped-lazru-wimpernserum-logo.png\",\"contentUrl\":\"https:\/\/lazru.com\/wp-content\/uploads\/2021\/09\/cropped-lazru-wimpernserum-logo.png\",\"width\":211,\"height\":97,\"caption\":\"LAZRU\"},\"image\":{\"@id\":\"https:\/\/lazru.com\/es\/#\/schema\/logo\/image\/\"},\"sameAs\":[\"https:\/\/www.instagram.com\/lazru_official\/\"]}]}<\/script>\n<!-- \/ Yoast SEO Premium plugin. -->","yoast_head_json":{"title":"Blog-Sitemap - LAZRU","robots":{"index":"noindex","follow":"follow"},"og_locale":"hu_HU","og_type":"article","og_title":"Blog-Sitemap","og_description":"Hier finden Sie alle Beitr\u00e4ge rund um das Thema Wimpern und Augenbrauen, die wir in unserem Blog geschrieben haben. Schauen Sie sich in Ruhe um, es wird auch f\u00fcr Sie [&hellip;]","og_url":"https:\/\/lazru.com\/hu\/blog-sitemap\/","og_site_name":"LAZRU","article_modified_time":"2021-09-23T15:32:17+00:00","twitter_card":"summary_large_image","twitter_misc":{"Becs\u00fclt olvas\u00e1si id\u0151":"1 perc"},"schema":{"@context":"https:\/\/schema.org","@graph":[{"@type":"WebPage","@id":"https:\/\/lazru.com\/nl\/blog-sitemap\/","url":"https:\/\/lazru.com\/nl\/blog-sitemap\/","name":"Blog-Sitemap - LAZRU","isPartOf":{"@id":"https:\/\/lazru.com\/es\/#website"},"datePublished":"2021-09-14T14:40:24+00:00","dateModified":"2021-09-23T15:32:17+00:00","breadcrumb":{"@id":"https:\/\/lazru.com\/nl\/blog-sitemap\/#breadcrumb"},"inLanguage":"hu","potentialAction":[{"@type":"ReadAction","target":["https:\/\/lazru.com\/nl\/blog-sitemap\/"]}]},{"@type":"BreadcrumbList","@id":"https:\/\/lazru.com\/nl\/blog-sitemap\/#breadcrumb","itemListElement":[{"@type":"ListItem","position":1,"name":"LAZRU","item":"https:\/\/lazru.com\/"},{"@type":"ListItem","position":2,"name":"Blog-Sitemap"}]},{"@type":"WebSite","@id":"https:\/\/lazru.com\/es\/#website","url":"https:\/\/lazru.com\/es\/","name":"LAZRU","description":"Szempilla Sz\u00e9rum &amp; Szem\u00f6ld\u00f6k N\u00f6veszt\u00e9s","publisher":{"@id":"https:\/\/lazru.com\/es\/#organization"},"potentialAction":[{"@type":"SearchAction","target":{"@type":"EntryPoint","urlTemplate":"https:\/\/lazru.com\/es\/?s={search_term_string}"},"query-input":{"@type":"PropertyValueSpecification","valueRequired":true,"valueName":"search_term_string"}}],"inLanguage":"hu"},{"@type":"Organization","@id":"https:\/\/lazru.com\/es\/#organization","name":"LAZRU","url":"https:\/\/lazru.com\/es\/","logo":{"@type":"ImageObject","inLanguage":"hu","@id":"https:\/\/lazru.com\/es\/#\/schema\/logo\/image\/","url":"https:\/\/lazru.com\/wp-content\/uploads\/2021\/09\/cropped-lazru-wimpernserum-logo.png","contentUrl":"https:\/\/lazru.com\/wp-content\/uploads\/2021\/09\/cropped-lazru-wimpernserum-logo.png","width":211,"height":97,"caption":"LAZRU"},"image":{"@id":"https:\/\/lazru.com\/es\/#\/schema\/logo\/image\/"},"sameAs":["https:\/\/www.instagram.com\/lazru_official\/"]}]}},"uagb_featured_image_src":{"full":false,"thumbnail":false,"medium":false,"medium_large":false,"large":false,"1536x1536":false,"2048x2048":false,"trp-custom-language-flag":false,"woocommerce_thumbnail":false,"woocommerce_single":false,"woocommerce_gallery_thumbnail":false,"crp_thumbnail":false},"uagb_author_info":{"display_name":"Kerem085","author_link":"https:\/\/lazru.com\/hu\/author\/kerem085\/"},"uagb_comment_info":0,"uagb_excerpt":"Hier finden Sie alle Beitr\u00e4ge rund um das Thema Wimpern und Augenbrauen, die wir in unserem Blog geschrieben haben. Schauen Sie sich in Ruhe um, es wird auch f\u00fcr Sie [&hellip;]","coauthors":[],"author_meta":{"author_link":"https:\/\/lazru.com\/hu\/author\/kerem085\/","display_name":"Kerem085"},"relative_dates":{"created":"Posted 5 \u00e9v ago","modified":"Updated 5 \u00e9v ago"},"absolute_dates":{"created":"Posted on 14. szeptember 2021","modified":"Updated on 23. szeptember 2021"},"absolute_dates_time":{"created":"Posted on 14. szeptember 2021 14:40","modified":"Updated on 23. szeptember 2021 15:32"},"featured_img_caption":"","featured_img":false,"series_order":"","_links":{"self":[{"href":"https:\/\/lazru.com\/hu\/wp-json\/wp\/v2\/pages\/71","targetHints":{"allow":["GET"]}}],"collection":[{"href":"https:\/\/lazru.com\/hu\/wp-json\/wp\/v2\/pages"}],"about":[{"href":"https:\/\/lazru.com\/hu\/wp-json\/wp\/v2\/types\/page"}],"author":[{"embeddable":true,"href":"https:\/\/lazru.com\/hu\/wp-json\/wp\/v2\/users\/1"}],"replies":[{"embeddable":true,"href":"https:\/\/lazru.com\/hu\/wp-json\/wp\/v2\/comments?post=71"}],"version-history":[{"count":0,"href":"https:\/\/lazru.com\/hu\/wp-json\/wp\/v2\/pages\/71\/revisions"}],"wp:attachment":[{"href":"https:\/\/lazru.com\/hu\/wp-json\/wp\/v2\/media?parent=71"}],"curies":[{"name":"wp","href":"https:\/\/api.w.org\/{rel}","templated":true}]}}