{"id":33,"date":"2021-09-14T13:12:11","date_gmt":"2021-09-14T13:12:11","guid":{"rendered":"https:\/\/lazru.com\/versandarten"},"modified":"2024-04-23T11:08:40","modified_gmt":"2024-04-23T09:08:40","slug":"versandarten","status":"publish","type":"page","link":"https:\/\/lazru.com\/hu\/versandarten\/","title":{"rendered":"Sz\u00e1ll\u00edt\u00e1si m\u00f3dszerek"},"content":{"rendered":"<p><strong>VERSANDBEDINGUNGEN<\/strong><\/p>\n\n\n\n<p>Az \u00e1rukat Eur\u00f3pa-szerte \u00e9s Eur\u00f3p\u00e1n k\u00edv\u00fclre is sz\u00e1ll\u00edtj\u00e1k.<\/p>\n\n\n\n<p>CO2-semlegesen sz\u00e1ll\u00edtunk a DHL GOGREEN-nel.<\/p>\n\n\n\n<figure class=\"wp-block-image size-large is-resized\"><img decoding=\"async\" src=\"https:\/\/laduti.de\/wp-content\/uploads\/2021\/07\/dhl_gogreen.png\" alt=\"\" class=\"wp-image-69115\" style=\"width:124px;height:69px\" \/><\/figure>\n\n\n\n<p><\/p>\n\n\n\n<p><strong>\u0420\u0410\u0417\u0425\u041e\u0414\u0418 \u0417\u0410 \u0414\u041e\u0421\u0422\u0410\u0412\u041a\u0410<\/strong>\u00a0(bele\u00e9rtve a t\u00f6rv\u00e9nyes hozz\u00e1adott\u00e9rt\u00e9k-ad\u00f3t)<\/p>\n\n\n\n<p><strong>Az EU-n bel\u00fcli sz\u00e1ll\u00edt\u00e1sok: <\/strong><\/p>\n\n\n\n<p>5 \u20ac<\/p>\n\n\n\n<p><strong>Az EU-n k\u00edv\u00fcli sz\u00e1ll\u00edt\u00e1sok:<\/strong> <\/p>\n\n\n\n<p>Az \u00fcgyf\u00e9lnek az \u00e1ru \u00e9rt\u00e9k\u00e9t\u0151l f\u00fcgg\u0151en saj\u00e1t mag\u00e1nak kell megfizetnie a v\u00e1mokat \u00e9s a behozatali ad\u00f3t.<\/p>\n\n\n\n<p><strong>Non-EU<\/strong>:<\/p>\n\n\n\n<p>Sv\u00e1jc: 6 CHF<\/p>\n\n\n\n<p>United Kingdom: 5 GBP<\/p>\n\n\n\n<p><br><strong>SZ\u00c1LL\u00cdT\u00c1SI HAT\u00c1RID\u0150K<\/strong><\/p>\n\n\n\n<p>Amennyiben a vonatkoz\u00f3 aj\u00e1nlatban nincs m\u00e1s hat\u00e1rid\u0151 meghat\u00e1rozva, az \u00e1ru kisz\u00e1ll\u00edt\u00e1sa N\u00e9metorsz\u00e1gban (N\u00e9metorsz\u00e1g) 2-3 napon bel\u00fcl, k\u00fclf\u00f6ldre t\u00f6rt\u00e9n\u0151 sz\u00e1ll\u00edt\u00e1s eset\u00e9n a szerz\u0151d\u00e9sk\u00f6t\u00e9st k\u00f6vet\u0151 3-5 napon bel\u00fcl (el\u0151re t\u00f6rt\u00e9n\u0151 fizet\u00e9s eset\u00e9n az \u00d6n fizet\u00e9si megb\u00edz\u00e1s\u00e1nak id\u0151pontj\u00e1t k\u00f6vet\u0151en) t\u00f6rt\u00e9nik.<br>Felh\u00edvjuk figyelm\u00e9t, hogy vas\u00e1rnap \u00e9s \u00fcnnepnapokon nincs kisz\u00e1ll\u00edt\u00e1s.<br>Ha k\u00fcl\u00f6nb\u00f6z\u0151 sz\u00e1ll\u00edt\u00e1si hat\u00e1rid\u0151kkel rendelkez\u0151 term\u00e9keket rendelt, az \u00e1rukat egy k\u00fcldem\u00e9nyben k\u00fcldj\u00fck, kiv\u00e9ve, ha ett\u0151l elt\u00e9r\u0151 meg\u00e1llapod\u00e1st k\u00f6t\u00f6tt\u00fcnk \u00d6nnel. Ebben az esetben a sz\u00e1ll\u00edt\u00e1si id\u0151t az \u00d6n \u00e1ltal megrendelt leghosszabb sz\u00e1ll\u00edt\u00e1si idej\u0171 t\u00e9tel hat\u00e1rozza meg.<\/p>","protected":false},"excerpt":{"rendered":"<p>VERSANDBEDINGUNGEN Die Lieferung der Ware erfolgt europaweit als auch ausserhalb Europas. Wir versenden&nbsp;CO2-neutral mit DHL GOGREEN. VERSANDKOSTEN\u00a0(inklusive gesetzliche Mehrwertsteuer) Lieferungen innerhalb EU: 5 \u20ac Lieferungen ausserhalb EU: Der Kunde hat die Zollgeb\u00fchren &amp; Einfuhrsteuer selbst zu tragen, abh\u00e4ngig vom Warenwert. Non-EU: Schweiz: 6 CHF United Kingdom: 5 GBP LIEFERFRISTEN Soweit im jeweiligen Angebot keine andere [&hellip;]<\/p>\n","protected":false},"author":1,"featured_media":0,"parent":0,"menu_order":0,"comment_status":"closed","ping_status":"closed","template":"","meta":{"footnotes":""},"class_list":["post-33","page","type-page","status-publish","hentry"],"blocksy_meta":[],"yoast_head":"<!-- This site is optimized with the Yoast SEO Premium plugin v23.4 (Yoast SEO v27.4) - https:\/\/yoast.com\/product\/yoast-seo-premium-wordpress\/ -->\n<title>Versandarten - LAZRU<\/title>\n<meta name=\"robots\" content=\"noindex, nofollow\" \/>\n<meta property=\"og:locale\" content=\"hu_HU\" \/>\n<meta property=\"og:type\" content=\"article\" \/>\n<meta property=\"og:title\" content=\"Versandarten\" \/>\n<meta property=\"og:description\" content=\"VERSANDBEDINGUNGEN Die Lieferung der Ware erfolgt europaweit als auch ausserhalb Europas. Wir versenden&nbsp;CO2-neutral mit DHL GOGREEN. VERSANDKOSTEN\u00a0(inklusive gesetzliche Mehrwertsteuer) Lieferungen innerhalb EU: 5 \u20ac Lieferungen ausserhalb EU: Der Kunde hat die Zollgeb\u00fchren &amp; Einfuhrsteuer selbst zu tragen, abh\u00e4ngig vom Warenwert. Non-EU: Schweiz: 6 CHF United Kingdom: 5 GBP LIEFERFRISTEN Soweit im jeweiligen Angebot keine andere [&hellip;]\" \/>\n<meta property=\"og:url\" content=\"https:\/\/lazru.com\/hu\/versandarten\/\" \/>\n<meta property=\"og:site_name\" content=\"LAZRU\" \/>\n<meta property=\"article:modified_time\" content=\"2024-04-23T09:08:40+00:00\" \/>\n<meta property=\"og:image\" content=\"https:\/\/laduti.de\/wp-content\/uploads\/2021\/07\/dhl_gogreen.png\" \/>\n<meta name=\"twitter:card\" content=\"summary_large_image\" \/>\n<meta name=\"twitter:label1\" content=\"Becs\u00fclt olvas\u00e1si id\u0151\" \/>\n\t<meta name=\"twitter:data1\" content=\"1 perc\" \/>\n<script type=\"application\/ld+json\" class=\"yoast-schema-graph\">{\"@context\":\"https:\\\/\\\/schema.org\",\"@graph\":[{\"@type\":\"WebPage\",\"@id\":\"https:\\\/\\\/lazru.com\\\/versandarten\\\/\",\"url\":\"https:\\\/\\\/lazru.com\\\/versandarten\\\/\",\"name\":\"Versandarten - LAZRU\",\"isPartOf\":{\"@id\":\"https:\\\/\\\/lazru.com\\\/es\\\/#website\"},\"primaryImageOfPage\":{\"@id\":\"https:\\\/\\\/lazru.com\\\/versandarten\\\/#primaryimage\"},\"image\":{\"@id\":\"https:\\\/\\\/lazru.com\\\/versandarten\\\/#primaryimage\"},\"thumbnailUrl\":\"https:\\\/\\\/laduti.de\\\/wp-content\\\/uploads\\\/2021\\\/07\\\/dhl_gogreen.png\",\"datePublished\":\"2021-09-14T13:12:11+00:00\",\"dateModified\":\"2024-04-23T09:08:40+00:00\",\"breadcrumb\":{\"@id\":\"https:\\\/\\\/lazru.com\\\/versandarten\\\/#breadcrumb\"},\"inLanguage\":\"hu\",\"potentialAction\":[{\"@type\":\"ReadAction\",\"target\":[\"https:\\\/\\\/lazru.com\\\/versandarten\\\/\"]}]},{\"@type\":\"ImageObject\",\"inLanguage\":\"hu\",\"@id\":\"https:\\\/\\\/lazru.com\\\/versandarten\\\/#primaryimage\",\"url\":\"https:\\\/\\\/laduti.de\\\/wp-content\\\/uploads\\\/2021\\\/07\\\/dhl_gogreen.png\",\"contentUrl\":\"https:\\\/\\\/laduti.de\\\/wp-content\\\/uploads\\\/2021\\\/07\\\/dhl_gogreen.png\"},{\"@type\":\"BreadcrumbList\",\"@id\":\"https:\\\/\\\/lazru.com\\\/versandarten\\\/#breadcrumb\",\"itemListElement\":[{\"@type\":\"ListItem\",\"position\":1,\"name\":\"LAZRU\",\"item\":\"https:\\\/\\\/lazru.com\\\/\"},{\"@type\":\"ListItem\",\"position\":2,\"name\":\"Versandarten\"}]},{\"@type\":\"WebSite\",\"@id\":\"https:\\\/\\\/lazru.com\\\/es\\\/#website\",\"url\":\"https:\\\/\\\/lazru.com\\\/es\\\/\",\"name\":\"LAZRU\",\"description\":\"Wimpernserum &amp; Augenbrauenserum\",\"publisher\":{\"@id\":\"https:\\\/\\\/lazru.com\\\/es\\\/#organization\"},\"potentialAction\":[{\"@type\":\"SearchAction\",\"target\":{\"@type\":\"EntryPoint\",\"urlTemplate\":\"https:\\\/\\\/lazru.com\\\/es\\\/?s={search_term_string}\"},\"query-input\":{\"@type\":\"PropertyValueSpecification\",\"valueRequired\":true,\"valueName\":\"search_term_string\"}}],\"inLanguage\":\"hu\"},{\"@type\":\"Organization\",\"@id\":\"https:\\\/\\\/lazru.com\\\/es\\\/#organization\",\"name\":\"LAZRU\",\"url\":\"https:\\\/\\\/lazru.com\\\/es\\\/\",\"logo\":{\"@type\":\"ImageObject\",\"inLanguage\":\"hu\",\"@id\":\"https:\\\/\\\/lazru.com\\\/es\\\/#\\\/schema\\\/logo\\\/image\\\/\",\"url\":\"https:\\\/\\\/lazru.com\\\/wp-content\\\/uploads\\\/2021\\\/09\\\/cropped-lazru-wimpernserum-logo.png\",\"contentUrl\":\"https:\\\/\\\/lazru.com\\\/wp-content\\\/uploads\\\/2021\\\/09\\\/cropped-lazru-wimpernserum-logo.png\",\"width\":211,\"height\":97,\"caption\":\"LAZRU\"},\"image\":{\"@id\":\"https:\\\/\\\/lazru.com\\\/es\\\/#\\\/schema\\\/logo\\\/image\\\/\"},\"sameAs\":[\"https:\\\/\\\/www.instagram.com\\\/lazru_official\\\/\"]}]}<\/script>\n<!-- \/ Yoast SEO Premium plugin. -->","yoast_head_json":{"title":"Versandarten - LAZRU","robots":{"index":"noindex","follow":"nofollow"},"og_locale":"hu_HU","og_type":"article","og_title":"Versandarten","og_description":"VERSANDBEDINGUNGEN Die Lieferung der Ware erfolgt europaweit als auch ausserhalb Europas. Wir versenden&nbsp;CO2-neutral mit DHL GOGREEN. VERSANDKOSTEN\u00a0(inklusive gesetzliche Mehrwertsteuer) Lieferungen innerhalb EU: 5 \u20ac Lieferungen ausserhalb EU: Der Kunde hat die Zollgeb\u00fchren &amp; Einfuhrsteuer selbst zu tragen, abh\u00e4ngig vom Warenwert. Non-EU: Schweiz: 6 CHF United Kingdom: 5 GBP LIEFERFRISTEN Soweit im jeweiligen Angebot keine andere [&hellip;]","og_url":"https:\/\/lazru.com\/hu\/versandarten\/","og_site_name":"LAZRU","article_modified_time":"2024-04-23T09:08:40+00:00","og_image":[{"url":"https:\/\/laduti.de\/wp-content\/uploads\/2021\/07\/dhl_gogreen.png","type":"","width":"","height":""}],"twitter_card":"summary_large_image","twitter_misc":{"Becs\u00fclt olvas\u00e1si id\u0151":"1 perc"},"schema":{"@context":"https:\/\/schema.org","@graph":[{"@type":"WebPage","@id":"https:\/\/lazru.com\/versandarten\/","url":"https:\/\/lazru.com\/versandarten\/","name":"Versandarten - LAZRU","isPartOf":{"@id":"https:\/\/lazru.com\/es\/#website"},"primaryImageOfPage":{"@id":"https:\/\/lazru.com\/versandarten\/#primaryimage"},"image":{"@id":"https:\/\/lazru.com\/versandarten\/#primaryimage"},"thumbnailUrl":"https:\/\/laduti.de\/wp-content\/uploads\/2021\/07\/dhl_gogreen.png","datePublished":"2021-09-14T13:12:11+00:00","dateModified":"2024-04-23T09:08:40+00:00","breadcrumb":{"@id":"https:\/\/lazru.com\/versandarten\/#breadcrumb"},"inLanguage":"hu","potentialAction":[{"@type":"ReadAction","target":["https:\/\/lazru.com\/versandarten\/"]}]},{"@type":"ImageObject","inLanguage":"hu","@id":"https:\/\/lazru.com\/versandarten\/#primaryimage","url":"https:\/\/laduti.de\/wp-content\/uploads\/2021\/07\/dhl_gogreen.png","contentUrl":"https:\/\/laduti.de\/wp-content\/uploads\/2021\/07\/dhl_gogreen.png"},{"@type":"BreadcrumbList","@id":"https:\/\/lazru.com\/versandarten\/#breadcrumb","itemListElement":[{"@type":"ListItem","position":1,"name":"LAZRU","item":"https:\/\/lazru.com\/"},{"@type":"ListItem","position":2,"name":"Versandarten"}]},{"@type":"WebSite","@id":"https:\/\/lazru.com\/es\/#website","url":"https:\/\/lazru.com\/es\/","name":"LAZRU","description":"Szempilla Sz\u00e9rum &amp; Szem\u00f6ld\u00f6k N\u00f6veszt\u00e9s","publisher":{"@id":"https:\/\/lazru.com\/es\/#organization"},"potentialAction":[{"@type":"SearchAction","target":{"@type":"EntryPoint","urlTemplate":"https:\/\/lazru.com\/es\/?s={search_term_string}"},"query-input":{"@type":"PropertyValueSpecification","valueRequired":true,"valueName":"search_term_string"}}],"inLanguage":"hu"},{"@type":"Organization","@id":"https:\/\/lazru.com\/es\/#organization","name":"LAZRU","url":"https:\/\/lazru.com\/es\/","logo":{"@type":"ImageObject","inLanguage":"hu","@id":"https:\/\/lazru.com\/es\/#\/schema\/logo\/image\/","url":"https:\/\/lazru.com\/wp-content\/uploads\/2021\/09\/cropped-lazru-wimpernserum-logo.png","contentUrl":"https:\/\/lazru.com\/wp-content\/uploads\/2021\/09\/cropped-lazru-wimpernserum-logo.png","width":211,"height":97,"caption":"LAZRU"},"image":{"@id":"https:\/\/lazru.com\/es\/#\/schema\/logo\/image\/"},"sameAs":["https:\/\/www.instagram.com\/lazru_official\/"]}]}},"_links":{"self":[{"href":"https:\/\/lazru.com\/hu\/wp-json\/wp\/v2\/pages\/33","targetHints":{"allow":["GET"]}}],"collection":[{"href":"https:\/\/lazru.com\/hu\/wp-json\/wp\/v2\/pages"}],"about":[{"href":"https:\/\/lazru.com\/hu\/wp-json\/wp\/v2\/types\/page"}],"author":[{"embeddable":true,"href":"https:\/\/lazru.com\/hu\/wp-json\/wp\/v2\/users\/1"}],"replies":[{"embeddable":true,"href":"https:\/\/lazru.com\/hu\/wp-json\/wp\/v2\/comments?post=33"}],"version-history":[{"count":8,"href":"https:\/\/lazru.com\/hu\/wp-json\/wp\/v2\/pages\/33\/revisions"}],"predecessor-version":[{"id":28028,"href":"https:\/\/lazru.com\/hu\/wp-json\/wp\/v2\/pages\/33\/revisions\/28028"}],"wp:attachment":[{"href":"https:\/\/lazru.com\/hu\/wp-json\/wp\/v2\/media?parent=33"}],"curies":[{"name":"wp","href":"https:\/\/api.w.org\/{rel}","templated":true}]}}