{"id":30,"date":"2021-09-14T13:12:11","date_gmt":"2021-09-14T13:12:11","guid":{"rendered":"https:\/\/lazru.com\/impressum"},"modified":"2023-07-14T13:03:25","modified_gmt":"2023-07-14T11:03:25","slug":"impressum","status":"publish","type":"page","link":"https:\/\/lazru.com\/hu\/impresszum\/","title":{"rendered":"Impresszum"},"content":{"rendered":"<p><strong>Felel\u0151ss\u00e9gi nyilatkozat<br><\/strong>A weboldal tartalma a lehet\u0151 legnagyobb gondoss\u00e1ggal k\u00e9sz\u00fclt. A Lazru azonban nem garant\u00e1lja a tartalom pontoss\u00e1g\u00e1t, teljess\u00e9g\u00e9t \u00e9s id\u0151szer\u0171s\u00e9g\u00e9t. A weboldal tartalm\u00e1nak haszn\u00e1lata a felhaszn\u00e1l\u00f3 saj\u00e1t felel\u0151ss\u00e9g\u00e9re t\u00f6rt\u00e9nik.<\/p>\n\n\n\n<p>1. K\u00fcls\u0151 linkek:<br>A harmadik felek weboldalaira mutat\u00f3 k\u00fcls\u0151 linkek (\"k\u00fcls\u0151 linkek\") eset\u00e9ben ezek a weboldalak a megfelel\u0151 \u00fczemeltet\u0151k felel\u0151ss\u00e9ge al\u00e1 tartoznak. A k\u00fcls\u0151 linkek l\u00e9trehoz\u00e1sakor a szolg\u00e1ltat\u00f3 ellen\u0151rizte a k\u00fcls\u0151 tartalmakat a t\u00f6rv\u00e9nys\u00e9rt\u00e9sek tekintet\u00e9ben. Abban az id\u0151pontban nem volt l\u00e1that\u00f3 jogi jogs\u00e9rt\u00e9s. A szolg\u00e1ltat\u00f3nak nincs befoly\u00e1sa a hivatkozott oldalak jelenlegi \u00e9s j\u00f6v\u0151beli kialak\u00edt\u00e1s\u00e1ra \u00e9s tartalm\u00e1ra. A k\u00fcls\u0151 linkek felt\u00fcntet\u00e9se nem jelenti azt, hogy a szolg\u00e1ltat\u00f3 mag\u00e1\u00e9v\u00e1 tenn\u00e9 a hivatkoz\u00e1s vagy link m\u00f6g\u00f6tti tartalmat. A szolg\u00e1ltat\u00f3 sz\u00e1m\u00e1ra nem \u00e9sszer\u0171 a k\u00fcls\u0151 hivatkoz\u00e1sok folyamatos ellen\u0151rz\u00e9se a jogszab\u00e1lys\u00e9rt\u00e9sekre utal\u00f3 konkr\u00e9t jelek n\u00e9lk\u00fcl. Ha azonban jogszab\u00e1lys\u00e9rt\u00e9sr\u0151l szereznek tudom\u00e1st, az ilyen k\u00fcls\u0151 hivatkoz\u00e1sokat azonnal t\u00f6rlik.<\/p>\n\n\n\n<p>2. Szerz\u0151i \u00e9s szomsz\u00e9dos jogok | \u00a9 copyright:<br>A weboldalon k\u00f6zz\u00e9tett tartalom a n\u00e9met szerz\u0151i \u00e9s szomsz\u00e9dos szerz\u0151i jog hat\u00e1lya al\u00e1 tartozik. A n\u00e9met szerz\u0151i \u00e9s szomsz\u00e9dos jogi t\u00f6rv\u00e9nyek \u00e1ltal nem megengedett felhaszn\u00e1l\u00e1shoz a szolg\u00e1ltat\u00f3 vagy az adott jogtulajdonos el\u0151zetes \u00edr\u00e1sbeli hozz\u00e1j\u00e1rul\u00e1sa sz\u00fcks\u00e9ges. Ez k\u00fcl\u00f6n\u00f6sen vonatkozik a tartalom m\u00e1sol\u00e1s\u00e1ra, szerkeszt\u00e9s\u00e9re, ford\u00edt\u00e1s\u00e1ra, t\u00e1rol\u00e1s\u00e1ra, feldolgoz\u00e1s\u00e1ra vagy sokszoros\u00edt\u00e1s\u00e1ra adatb\u00e1zisokban vagy m\u00e1s elektronikus adathordoz\u00f3kon \u00e9s rendszerekben. Az egyes tartalmak vagy teljes oldalak enged\u00e9ly n\u00e9lk\u00fcli reproduk\u00e1l\u00e1sa vagy tov\u00e1bb\u00edt\u00e1sa tilos \u00e9s b\u00fcntetend\u0151. Kiz\u00e1r\u00f3lag szem\u00e9lyes, mag\u00e1njelleg\u0171 \u00e9s nem kereskedelmi c\u00e9l\u00fa m\u00e1solatok \u00e9s let\u00f6lt\u00e9sek k\u00e9sz\u00edt\u00e9se enged\u00e9lyezett. A weboldal k\u00fcls\u0151 keretekben val\u00f3 megjelen\u00edt\u00e9se csak \u00edr\u00e1sos enged\u00e9llyel enged\u00e9lyezett.<\/p>\n\n\n\n<p>3. Adatv\u00e9delem<br>A szolg\u00e1ltat\u00f3 weboldal\u00e1nak megl\u00e1togat\u00e1s\u00e1val a hozz\u00e1f\u00e9r\u00e9ssel kapcsolatos inform\u00e1ci\u00f3k (d\u00e1tum, id\u0151pont, megtekintett oldal) t\u00e1rolhat\u00f3k. Ezek az adatok nem tartoznak a szem\u00e9lyes adatok k\u00f6z\u00e9, hanem anonimiz\u00e1ltak. Ezeket kiz\u00e1r\u00f3lag statisztikai c\u00e9lokra \u00e9rt\u00e9kelik. Nem adjuk tov\u00e1bb harmadik f\u00e9lnek kereskedelmi vagy nem kereskedelmi c\u00e9lokra. A szolg\u00e1ltat\u00f3 kifejezetten felh\u00edvja a figyelmet arra, hogy az internetes adat\u00e1tvitel (pl. az e-mailben t\u00f6rt\u00e9n\u0151 kommunik\u00e1ci\u00f3) biztons\u00e1gi r\u00e9sekkel j\u00e1r, \u00e9s nem v\u00e9dhet\u0151 meg teljes m\u00e9rt\u00e9kben a harmadik felek hozz\u00e1f\u00e9r\u00e9se ellen.<\/p>\n\n\n\n<p>Az impresszum el\u00e9rhet\u0151s\u00e9gi adatainak kereskedelmi c\u00e9l\u00fa rekl\u00e1moz\u00e1sra t\u00f6rt\u00e9n\u0151 felhaszn\u00e1l\u00e1sa kifejezetten nem k\u00edv\u00e1natos, kiv\u00e9ve, ha a szolg\u00e1ltat\u00f3 ehhez kor\u00e1bban \u00edr\u00e1sban hozz\u00e1j\u00e1rult, vagy ha m\u00e1r l\u00e9tezik \u00fczleti kapcsolat. A szolg\u00e1ltat\u00f3 \u00e9s a weboldalon megnevezett valamennyi szem\u00e9ly tiltakozik az adataik kereskedelmi c\u00e9l\u00fa felhaszn\u00e1l\u00e1sa \u00e9s nyilv\u00e1noss\u00e1gra hozatala ellen.<\/p>\n\n\n\n<p>4. K\u00fcl\u00f6nleges felhaszn\u00e1l\u00e1si felt\u00e9telek<br>Amennyiben a weboldal egyedi haszn\u00e1lat\u00e1ra vonatkoz\u00f3 k\u00fcl\u00f6nleges felt\u00e9telek elt\u00e9rnek a fent eml\u00edtett 1-4. sz\u00e1mokt\u00f3l, ezt a megfelel\u0151 helyen kifejezetten jelezz\u00fck. Ebben az esetben az adott egyedi esetben a k\u00fcl\u00f6nleges felhaszn\u00e1l\u00e1si felt\u00e9telek alkalmazand\u00f3k.<\/p>\n\n\n\n<p>A Lazru egy m\u00e1rka a: <\/p>\n\n\n\n<figure class=\"wp-block-image size-full is-resized\"><img loading=\"lazy\" decoding=\"async\" src=\"https:\/\/lazru.com\/wp-content\/uploads\/2022\/05\/Sum.png\" alt=\"\" class=\"wp-image-1675\" width=\"239\" height=\"165\" srcset=\"https:\/\/lazru.com\/wp-content\/uploads\/2022\/05\/Sum.png 550w, https:\/\/lazru.com\/wp-content\/uploads\/2022\/05\/Sum-300x207.png 300w, https:\/\/lazru.com\/wp-content\/uploads\/2022\/05\/Sum-18x12.png 18w\" sizes=\"auto, (max-width: 239px) 100vw, 239px\" \/><\/figure>\n\n\n\n<p><strong>Alternat\u00edv vitarendez\u00e9s:<\/strong><\/p>\n\n\n\n<p>Az Eur\u00f3pai Bizotts\u00e1g platformot biztos\u00edt a b\u00edr\u00f3s\u00e1gon k\u00edv\u00fcli online vitarendez\u00e9shez (ODR-platform), amely a k\u00f6vetkez\u0151 c\u00edmen \u00e9rhet\u0151 el&nbsp;<a href=\"https:\/\/ec.europa.eu\/odr\" target=\"_blank\" rel=\"noreferrer noopener\">https:\/\/ec.europa.eu\/odr<\/a>.<\/p>","protected":false},"excerpt":{"rendered":"<p>HaftungsausschlussDie Inhalte dieser Website werden mit gr\u00f6\u00dftm\u00f6glicher Sorgfalt erstellt. Lazru \u00fcbernimmt jedoch keine Gew\u00e4hr f\u00fcr die Richtigkeit, Vollst\u00e4ndigkeit und Aktualit\u00e4t der bereitgestellten Inhalte. Die Nutzung der Inhalte der Website erfolgt [&hellip;]<\/p>","protected":false},"author":1,"featured_media":0,"parent":0,"menu_order":0,"comment_status":"closed","ping_status":"closed","template":"","meta":{"_uag_custom_page_level_css":"","advgb_blocks_editor_width":"","advgb_blocks_columns_visual_guide":"","site-sidebar-layout":"default","site-content-layout":"default","ast-site-content-layout":"default","site-content-style":"default","site-sidebar-style":"default","ast-global-header-display":"","ast-banner-title-visibility":"","ast-main-header-display":"","ast-hfb-above-header-display":"","ast-hfb-below-header-display":"","ast-hfb-mobile-header-display":"","site-post-title":"","ast-breadcrumbs-content":"","ast-featured-img":"","footer-sml-layout":"","ast-disable-related-posts":"","theme-transparent-header-meta":"default","adv-header-id-meta":"","stick-header-meta":"default","header-above-stick-meta":"","header-main-stick-meta":"","header-below-stick-meta":"","astra-migrate-meta-layouts":"default","ast-page-background-enabled":"default","ast-page-background-meta":{"desktop":{"background-color":"","background-image":"","background-repeat":"repeat","background-position":"center center","background-size":"auto","background-attachment":"scroll","background-type":"","background-media":"","overlay-type":"","overlay-color":"","overlay-opacity":"","overlay-gradient":""},"tablet":{"background-color":"","background-image":"","background-repeat":"repeat","background-position":"center center","background-size":"auto","background-attachment":"scroll","background-type":"","background-media":"","overlay-type":"","overlay-color":"","overlay-opacity":"","overlay-gradient":""},"mobile":{"background-color":"","background-image":"","background-repeat":"repeat","background-position":"center center","background-size":"auto","background-attachment":"scroll","background-type":"","background-media":"","overlay-type":"","overlay-color":"","overlay-opacity":"","overlay-gradient":""}},"ast-content-background-meta":{"desktop":{"background-color":"var(--ast-global-color-5)","background-image":"","background-repeat":"repeat","background-position":"center center","background-size":"auto","background-attachment":"scroll","background-type":"","background-media":"","overlay-type":"","overlay-color":"","overlay-opacity":"","overlay-gradient":""},"tablet":{"background-color":"var(--ast-global-color-5)","background-image":"","background-repeat":"repeat","background-position":"center center","background-size":"auto","background-attachment":"scroll","background-type":"","background-media":"","overlay-type":"","overlay-color":"","overlay-opacity":"","overlay-gradient":""},"mobile":{"background-color":"var(--ast-global-color-5)","background-image":"","background-repeat":"repeat","background-position":"center center","background-size":"auto","background-attachment":"scroll","background-type":"","background-media":"","overlay-type":"","overlay-color":"","overlay-opacity":"","overlay-gradient":""}},"footnotes":""},"class_list":["post-30","page","type-page","status-publish","hentry"],"featured_image_src":null,"yoast_head":"<!-- This site is optimized with the Yoast SEO Premium plugin v23.4 (Yoast SEO v26.6) - https:\/\/yoast.com\/wordpress\/plugins\/seo\/ -->\n<title>Impressum - LAZRU<\/title>\n<meta name=\"robots\" content=\"noindex, nofollow\" \/>\n<meta property=\"og:locale\" content=\"hu_HU\" \/>\n<meta property=\"og:type\" content=\"article\" \/>\n<meta property=\"og:title\" content=\"Impressum\" \/>\n<meta property=\"og:description\" content=\"HaftungsausschlussDie Inhalte dieser Website werden mit gr\u00f6\u00dftm\u00f6glicher Sorgfalt erstellt. Lazru \u00fcbernimmt jedoch keine Gew\u00e4hr f\u00fcr die Richtigkeit, Vollst\u00e4ndigkeit und Aktualit\u00e4t der bereitgestellten Inhalte. Die Nutzung der Inhalte der Website erfolgt [&hellip;]\" \/>\n<meta property=\"og:url\" content=\"https:\/\/lazru.com\/hu\/impresszum\/\" \/>\n<meta property=\"og:site_name\" content=\"LAZRU\" \/>\n<meta property=\"article:modified_time\" content=\"2023-07-14T11:03:25+00:00\" \/>\n<meta property=\"og:image\" content=\"https:\/\/lazru.com\/wp-content\/uploads\/2022\/05\/Sum.png\" \/>\n<meta name=\"twitter:card\" content=\"summary_large_image\" \/>\n<meta name=\"twitter:label1\" content=\"Becs\u00fclt olvas\u00e1si id\u0151\" \/>\n\t<meta name=\"twitter:data1\" content=\"3 perc\" \/>\n<script type=\"application\/ld+json\" class=\"yoast-schema-graph\">{\"@context\":\"https:\/\/schema.org\",\"@graph\":[{\"@type\":\"WebPage\",\"@id\":\"https:\/\/lazru.com\/impressum\/\",\"url\":\"https:\/\/lazru.com\/impressum\/\",\"name\":\"Impressum - LAZRU\",\"isPartOf\":{\"@id\":\"https:\/\/lazru.com\/es\/#website\"},\"primaryImageOfPage\":{\"@id\":\"https:\/\/lazru.com\/impressum\/#primaryimage\"},\"image\":{\"@id\":\"https:\/\/lazru.com\/impressum\/#primaryimage\"},\"thumbnailUrl\":\"https:\/\/lazru.com\/wp-content\/uploads\/2022\/05\/Sum.png\",\"datePublished\":\"2021-09-14T13:12:11+00:00\",\"dateModified\":\"2023-07-14T11:03:25+00:00\",\"breadcrumb\":{\"@id\":\"https:\/\/lazru.com\/impressum\/#breadcrumb\"},\"inLanguage\":\"hu\",\"potentialAction\":[{\"@type\":\"ReadAction\",\"target\":[\"https:\/\/lazru.com\/impressum\/\"]}]},{\"@type\":\"ImageObject\",\"inLanguage\":\"hu\",\"@id\":\"https:\/\/lazru.com\/impressum\/#primaryimage\",\"url\":\"https:\/\/lazru.com\/wp-content\/uploads\/2022\/05\/Sum.png\",\"contentUrl\":\"https:\/\/lazru.com\/wp-content\/uploads\/2022\/05\/Sum.png\"},{\"@type\":\"BreadcrumbList\",\"@id\":\"https:\/\/lazru.com\/impressum\/#breadcrumb\",\"itemListElement\":[{\"@type\":\"ListItem\",\"position\":1,\"name\":\"LAZRU\",\"item\":\"https:\/\/lazru.com\/\"},{\"@type\":\"ListItem\",\"position\":2,\"name\":\"Impressum\"}]},{\"@type\":\"WebSite\",\"@id\":\"https:\/\/lazru.com\/es\/#website\",\"url\":\"https:\/\/lazru.com\/es\/\",\"name\":\"LAZRU\",\"description\":\"Wimpernserum &amp; Augenbrauenserum\",\"publisher\":{\"@id\":\"https:\/\/lazru.com\/es\/#organization\"},\"potentialAction\":[{\"@type\":\"SearchAction\",\"target\":{\"@type\":\"EntryPoint\",\"urlTemplate\":\"https:\/\/lazru.com\/es\/?s={search_term_string}\"},\"query-input\":{\"@type\":\"PropertyValueSpecification\",\"valueRequired\":true,\"valueName\":\"search_term_string\"}}],\"inLanguage\":\"hu\"},{\"@type\":\"Organization\",\"@id\":\"https:\/\/lazru.com\/es\/#organization\",\"name\":\"LAZRU\",\"url\":\"https:\/\/lazru.com\/es\/\",\"logo\":{\"@type\":\"ImageObject\",\"inLanguage\":\"hu\",\"@id\":\"https:\/\/lazru.com\/es\/#\/schema\/logo\/image\/\",\"url\":\"https:\/\/lazru.com\/wp-content\/uploads\/2021\/09\/cropped-lazru-wimpernserum-logo.png\",\"contentUrl\":\"https:\/\/lazru.com\/wp-content\/uploads\/2021\/09\/cropped-lazru-wimpernserum-logo.png\",\"width\":211,\"height\":97,\"caption\":\"LAZRU\"},\"image\":{\"@id\":\"https:\/\/lazru.com\/es\/#\/schema\/logo\/image\/\"},\"sameAs\":[\"https:\/\/www.instagram.com\/lazru_official\/\"]}]}<\/script>\n<!-- \/ Yoast SEO Premium plugin. -->","yoast_head_json":{"title":"Impresszum - LAZRU","robots":{"index":"noindex","follow":"nofollow"},"og_locale":"hu_HU","og_type":"article","og_title":"Impressum","og_description":"HaftungsausschlussDie Inhalte dieser Website werden mit gr\u00f6\u00dftm\u00f6glicher Sorgfalt erstellt. Lazru \u00fcbernimmt jedoch keine Gew\u00e4hr f\u00fcr die Richtigkeit, Vollst\u00e4ndigkeit und Aktualit\u00e4t der bereitgestellten Inhalte. Die Nutzung der Inhalte der Website erfolgt [&hellip;]","og_url":"https:\/\/lazru.com\/hu\/impresszum\/","og_site_name":"LAZRU","article_modified_time":"2023-07-14T11:03:25+00:00","og_image":[{"url":"https:\/\/lazru.com\/wp-content\/uploads\/2022\/05\/Sum.png","type":"","width":"","height":""}],"twitter_card":"summary_large_image","twitter_misc":{"Becs\u00fclt olvas\u00e1si id\u0151":"3 perc"},"schema":{"@context":"https:\/\/schema.org","@graph":[{"@type":"WebPage","@id":"https:\/\/lazru.com\/impressum\/","url":"https:\/\/lazru.com\/impressum\/","name":"Impresszum - LAZRU","isPartOf":{"@id":"https:\/\/lazru.com\/es\/#website"},"primaryImageOfPage":{"@id":"https:\/\/lazru.com\/impressum\/#primaryimage"},"image":{"@id":"https:\/\/lazru.com\/impressum\/#primaryimage"},"thumbnailUrl":"https:\/\/lazru.com\/wp-content\/uploads\/2022\/05\/Sum.png","datePublished":"2021-09-14T13:12:11+00:00","dateModified":"2023-07-14T11:03:25+00:00","breadcrumb":{"@id":"https:\/\/lazru.com\/impressum\/#breadcrumb"},"inLanguage":"hu","potentialAction":[{"@type":"ReadAction","target":["https:\/\/lazru.com\/impressum\/"]}]},{"@type":"ImageObject","inLanguage":"hu","@id":"https:\/\/lazru.com\/impressum\/#primaryimage","url":"https:\/\/lazru.com\/wp-content\/uploads\/2022\/05\/Sum.png","contentUrl":"https:\/\/lazru.com\/wp-content\/uploads\/2022\/05\/Sum.png"},{"@type":"BreadcrumbList","@id":"https:\/\/lazru.com\/impressum\/#breadcrumb","itemListElement":[{"@type":"ListItem","position":1,"name":"LAZRU","item":"https:\/\/lazru.com\/"},{"@type":"ListItem","position":2,"name":"Impressum"}]},{"@type":"WebSite","@id":"https:\/\/lazru.com\/es\/#website","url":"https:\/\/lazru.com\/es\/","name":"LAZRU","description":"Szempilla Sz\u00e9rum &amp; Szem\u00f6ld\u00f6k N\u00f6veszt\u00e9s","publisher":{"@id":"https:\/\/lazru.com\/es\/#organization"},"potentialAction":[{"@type":"SearchAction","target":{"@type":"EntryPoint","urlTemplate":"https:\/\/lazru.com\/es\/?s={search_term_string}"},"query-input":{"@type":"PropertyValueSpecification","valueRequired":true,"valueName":"search_term_string"}}],"inLanguage":"hu"},{"@type":"Organization","@id":"https:\/\/lazru.com\/es\/#organization","name":"LAZRU","url":"https:\/\/lazru.com\/es\/","logo":{"@type":"ImageObject","inLanguage":"hu","@id":"https:\/\/lazru.com\/es\/#\/schema\/logo\/image\/","url":"https:\/\/lazru.com\/wp-content\/uploads\/2021\/09\/cropped-lazru-wimpernserum-logo.png","contentUrl":"https:\/\/lazru.com\/wp-content\/uploads\/2021\/09\/cropped-lazru-wimpernserum-logo.png","width":211,"height":97,"caption":"LAZRU"},"image":{"@id":"https:\/\/lazru.com\/es\/#\/schema\/logo\/image\/"},"sameAs":["https:\/\/www.instagram.com\/lazru_official\/"]}]}},"uagb_featured_image_src":{"full":false,"thumbnail":false,"medium":false,"medium_large":false,"large":false,"1536x1536":false,"2048x2048":false,"trp-custom-language-flag":false,"woocommerce_thumbnail":false,"woocommerce_single":false,"woocommerce_gallery_thumbnail":false,"crp_thumbnail":false},"uagb_author_info":{"display_name":"Kerem085","author_link":"https:\/\/lazru.com\/hu\/author\/kerem085\/"},"uagb_comment_info":0,"uagb_excerpt":"HaftungsausschlussDie Inhalte dieser Website werden mit gr\u00f6\u00dftm\u00f6glicher Sorgfalt erstellt. Lazru \u00fcbernimmt jedoch keine Gew\u00e4hr f\u00fcr die Richtigkeit, Vollst\u00e4ndigkeit und Aktualit\u00e4t der bereitgestellten Inhalte. Die Nutzung der Inhalte der Website erfolgt [&hellip;]","coauthors":[],"author_meta":{"author_link":"https:\/\/lazru.com\/hu\/author\/kerem085\/","display_name":"Kerem085"},"relative_dates":{"created":"Posted 5 \u00e9v ago","modified":"Updated 3 \u00e9v ago"},"absolute_dates":{"created":"Posted on 14. szeptember 2021","modified":"Updated on 14. j\u00falius 2023"},"absolute_dates_time":{"created":"Posted on 14. szeptember 2021 13:12","modified":"Updated on 14. j\u00falius 2023 13:03"},"featured_img_caption":"","featured_img":false,"series_order":"","_links":{"self":[{"href":"https:\/\/lazru.com\/hu\/wp-json\/wp\/v2\/pages\/30","targetHints":{"allow":["GET"]}}],"collection":[{"href":"https:\/\/lazru.com\/hu\/wp-json\/wp\/v2\/pages"}],"about":[{"href":"https:\/\/lazru.com\/hu\/wp-json\/wp\/v2\/types\/page"}],"author":[{"embeddable":true,"href":"https:\/\/lazru.com\/hu\/wp-json\/wp\/v2\/users\/1"}],"replies":[{"embeddable":true,"href":"https:\/\/lazru.com\/hu\/wp-json\/wp\/v2\/comments?post=30"}],"version-history":[{"count":7,"href":"https:\/\/lazru.com\/hu\/wp-json\/wp\/v2\/pages\/30\/revisions"}],"predecessor-version":[{"id":33179,"href":"https:\/\/lazru.com\/hu\/wp-json\/wp\/v2\/pages\/30\/revisions\/33179"}],"wp:attachment":[{"href":"https:\/\/lazru.com\/hu\/wp-json\/wp\/v2\/media?parent=30"}],"curies":[{"name":"wp","href":"https:\/\/api.w.org\/{rel}","templated":true}]}}