{"id":141,"date":"2021-09-14T15:40:59","date_gmt":"2021-09-14T13:40:59","guid":{"rendered":"https:\/\/lazru.com\/?post_type=product&#038;p=141"},"modified":"2026-04-15T10:52:10","modified_gmt":"2026-04-15T08:52:10","slug":"wimpernserum-und-augenbrauenserum","status":"publish","type":"product","link":"https:\/\/lazru.com\/hr\/proizvod\/serum-za-trepavice-i-serum-za-obrve\/","title":{"rendered":"Lazru Serum"},"content":{"rendered":"<h2>Primjena:<\/h2>\n<p>Nanesite jednom do dva puta dnevno. Dobro protresti prije upotrebe. Pa\u017eljivo i ravnomjerno nanesite malu koli\u010dinu na trepavice ili obrve. Samo za vanjsku uporabu. Izbjegavajte izravan kontakt o\u010dima. \u010cuvati na sobnoj temperaturi i izvan dohvata djece.<\/p>\n<h2><span style=\"color: #8a949c\">Probudite svoju ljepotu s Lazru: Za neodoljive Trepavice i Obrve koje privla\u010de pa\u017enju!<\/span><\/h2>\n<p><a href=\"https:\/\/lazru.com\/wp-content\/uploads\/2026\/04\/lazru_anwendung.jpg\"><img loading=\"lazy\" decoding=\"async\" class=\"wp-image-18048 size-full\" src=\"https:\/\/lazru.com\/wp-content\/uploads\/2026\/04\/lazru_anwendung.jpg\" alt=\"Lazru\" width=\"2000\" height=\"1080\" \/><\/a><\/p>\n<p>Zamislite da mo\u017eete oja\u010dati i revitalizirati slabe trepavice i obrve sa samo jednim proizvodom. Lazru to \u010dini mogu\u0107im! Rezultat opse\u017enog istra\u017eivanja i razvoja, na\u0161 revolucionarni serum sadr\u017ei visoko koncentriranu mje\u0161avinu 67 prirodnih sastojaka koji mogu pomo\u0107i u njegovanju, ja\u010danju i poticanju rasta va\u0161ih trepavica i obrva.<\/p>\n<p>Jedna od stvari koja \u010dini Lazru posebnim je na\u0161e svjesno izbjegavanje hormona prostaglandina i srodnih derivata prostaglandina. Neki proizvodi na tr\u017ei\u0161tu sadr\u017ee ove tvari koje mogu potaknuti rast kose, ali tako\u0111er dolaze s nizom potencijalnih nuspojava, uklju\u010duju\u0107i crvenilo, iritaciju i promjenu boje ko\u017ee. Stoga nisu prikladni za sve, osobito za osobe s osjetljivom ko\u017eom ili slabim imunolo\u0161kim sustavom, kao i za trudnice i dojilje. Lazru je, s druge strane, 100% bez hormona, \u0161to zna\u010di da ne nosi ove rizike.<\/p>\n<p>Uz Lazru imate koristi od mo\u0107i znanosti i prirode. Bogat botani\u010dkim ekstraktima, prirodnim uljima, vitaminima i aminokiselinama, na\u0161 serum koristi inovativne proizvodne metode kao \u0161to su fermentacija i liposomska tehnologija kako bi se osiguralo da se aktivni sastojci ciljano dopremaju do korijena kose.<\/p>\n<p>Lazru je tako\u0111er 100% bez formaldehida, ftalata, sulfata, parabena, silikona i mineralnih ulja i dizajniran je da bude siguran i ugodan za ko\u017eu.<\/p>\n<p>Pa za\u0161to \u017eivjeti sa slabim, tankim trepavicama i obrvama kada ih mo\u017eete oja\u010dati i revitalizirati s Lazru? Isprobajte na\u0161 serum i uvjerite se kako osloba\u0111a prirodni potencijal va\u0161ih trepavica i obrva!<\/p>\n<h2>Prije\/Oslije:<\/h2>\n<p>Po\u0161aljite svoje fotografije na support@lazru.com<\/p>\n<p><img loading=\"lazy\" decoding=\"async\" class=\"alignnone size-medium wp-image-54\" src=\"https:\/\/lazru.com\/wp-content\/uploads\/2021\/09\/Lazru-06-300x290.jpg\" alt=\"\" width=\"300\" height=\"290\" srcset=\"https:\/\/lazru.com\/wp-content\/uploads\/2021\/09\/Lazru-06-300x290.jpg 300w, https:\/\/lazru.com\/wp-content\/uploads\/2021\/09\/Lazru-06-600x580.jpg 600w, https:\/\/lazru.com\/wp-content\/uploads\/2021\/09\/Lazru-06.jpg 696w\" sizes=\"auto, (max-width: 300px) 100vw, 300px\" \/><\/p>\n<p><img loading=\"lazy\" decoding=\"async\" class=\"size-medium wp-image-79\" src=\"https:\/\/lazru.com\/wp-content\/uploads\/2021\/09\/Lazru-05-300x290.jpg\" alt=\"Lazru iskustvo\" width=\"300\" height=\"290\" srcset=\"https:\/\/lazru.com\/wp-content\/uploads\/2021\/09\/Lazru-05-300x290.jpg 300w, https:\/\/lazru.com\/wp-content\/uploads\/2021\/09\/Lazru-05-600x580.jpg 600w, https:\/\/lazru.com\/wp-content\/uploads\/2021\/09\/Lazru-05.jpg 696w\" sizes=\"auto, (max-width: 300px) 100vw, 300px\" \/><\/p>\n<p><img loading=\"lazy\" decoding=\"async\" class=\"size-medium wp-image-77\" src=\"https:\/\/lazru.com\/wp-content\/uploads\/2021\/09\/Lazru-07-1-300x290.jpg\" alt=\"Lazru iskustva\" width=\"300\" height=\"290\" srcset=\"https:\/\/lazru.com\/wp-content\/uploads\/2021\/09\/Lazru-07-1-300x290.jpg 300w, https:\/\/lazru.com\/wp-content\/uploads\/2021\/09\/Lazru-07-1-600x580.jpg 600w, https:\/\/lazru.com\/wp-content\/uploads\/2021\/09\/Lazru-07-1.jpg 696w\" sizes=\"auto, (max-width: 300px) 100vw, 300px\" \/><\/p>","protected":false},"excerpt":{"rendered":"<p class=\"p1\"><span class=\"s1\">Serum za rast Trepavica &amp; Serum za rast Obrva<br \/>\n<span style=\"color: #5bc98b\"><strong>Novo: liposomska formulacija!<\/strong><\/span><\/span><\/p>\n<ul>\n<li>Za rast Trepavica<\/li>\n<li>Za Rast Obrva<\/li>\n<li>Bez hormona<\/li>\n<li>Bez prostaglandina<\/li>\n<li>Dermatolo\u0161ki ispitano<\/li>\n<\/ul>\n<p><img loading=\"lazy\" decoding=\"async\" class=\"alignnone wp-image-48\" src=\"https:\/\/lazru.com\/wp-content\/uploads\/2021\/09\/Lo-2.jpg\" alt=\"\" width=\"283\" height=\"25\" srcset=\"https:\/\/lazru.com\/wp-content\/uploads\/2021\/09\/Lo-2.jpg 941w, https:\/\/lazru.com\/wp-content\/uploads\/2021\/09\/Lo-2-600x53.jpg 600w, https:\/\/lazru.com\/wp-content\/uploads\/2021\/09\/Lo-2-300x26.jpg 300w, https:\/\/lazru.com\/wp-content\/uploads\/2021\/09\/Lo-2-768x68.jpg 768w\" sizes=\"auto, (max-width: 283px) 100vw, 283px\" \/><\/p>\n<p><a href=\"https:\/\/lazru.com\/wp-content\/uploads\/2022\/06\/Lazru-EN.jpg\"><img loading=\"lazy\" decoding=\"async\" class=\"wp-image-2445\" src=\"https:\/\/lazru.com\/wp-content\/uploads\/2022\/06\/Lazru-EN.jpg\" alt=\"Lazru test\" width=\"170\" height=\"106\" srcset=\"https:\/\/lazru.com\/wp-content\/uploads\/2022\/06\/Lazru-EN.jpg 407w, https:\/\/lazru.com\/wp-content\/uploads\/2022\/06\/Lazru-EN-300x187.jpg 300w, https:\/\/lazru.com\/wp-content\/uploads\/2022\/06\/Lazru-EN-18x12.jpg 18w\" sizes=\"auto, (max-width: 170px) 100vw, 170px\" \/><\/a><\/p>","protected":false},"featured_media":44275,"template":"","meta":[],"product_brand":[],"product_cat":[201],"product_tag":[43,42],"class_list":{"0":"post-141","1":"product","2":"type-product","3":"status-publish","4":"has-post-thumbnail","6":"product_cat-cosmetic","7":"product_tag-augenbrauenserum","8":"product_tag-wimpernserum","10":"first","11":"instock","12":"taxable","13":"shipping-taxable","14":"purchasable","15":"product-type-simple"},"yoast_head":"<!-- This site is optimized with the Yoast SEO Premium plugin v23.4 (Yoast SEO v27.4) - https:\/\/yoast.com\/product\/yoast-seo-premium-wordpress\/ -->\n<title>Lazru Serum<\/title>\n<meta name=\"description\" content=\"Lazru kaufen! Das Wimpernserum und Augenbrauenserum ohne Hormone. Jetzt im Angebot. Wenig verf\u00fcgbar. Schnelle Lieferung!\" \/>\n<meta name=\"robots\" content=\"index, follow, max-snippet:-1, max-image-preview:large, max-video-preview:-1\" \/>\n<link rel=\"canonical\" href=\"https:\/\/lazru.com\/hr\/proizvod\/serum-za-trepavice-i-serum-za-obrve\/\" \/>\n<meta property=\"og:locale\" content=\"hr_HR\" \/>\n<meta property=\"og:type\" content=\"article\" \/>\n<meta property=\"og:title\" content=\"Lazru Serum\" \/>\n<meta property=\"og:description\" content=\"Lazru kaufen! Das Wimpernserum und Augenbrauenserum ohne Hormone. Jetzt im Angebot. Wenig verf\u00fcgbar. Schnelle Lieferung!\" \/>\n<meta property=\"og:url\" content=\"https:\/\/lazru.com\/hr\/proizvod\/serum-za-trepavice-i-serum-za-obrve\/\" \/>\n<meta property=\"og:site_name\" content=\"LAZRU\" \/>\n<meta property=\"article:modified_time\" content=\"2026-04-15T08:52:10+00:00\" \/>\n<meta property=\"og:image\" content=\"https:\/\/lazru.com\/wp-content\/uploads\/2021\/09\/laz01.jpg\" \/>\n\t<meta property=\"og:image:width\" content=\"800\" \/>\n\t<meta property=\"og:image:height\" content=\"800\" \/>\n\t<meta property=\"og:image:type\" content=\"image\/jpeg\" \/>\n<meta name=\"twitter:card\" content=\"summary_large_image\" \/>\n<meta name=\"twitter:label1\" content=\"Procijenjeno vrijeme \u010ditanja\" \/>\n\t<meta name=\"twitter:data1\" content=\"3 minute\" \/>\n<script type=\"application\/ld+json\" class=\"yoast-schema-graph\">{\"@context\":\"https:\\\/\\\/schema.org\",\"@graph\":[{\"@type\":\"WebPage\",\"@id\":\"https:\\\/\\\/lazru.com\\\/produkt\\\/wimpernserum-und-augenbrauenserum\\\/\",\"url\":\"https:\\\/\\\/lazru.com\\\/produkt\\\/wimpernserum-und-augenbrauenserum\\\/\",\"name\":\"Lazru Serum\",\"isPartOf\":{\"@id\":\"https:\\\/\\\/lazru.com\\\/es\\\/#website\"},\"primaryImageOfPage\":{\"@id\":\"https:\\\/\\\/lazru.com\\\/produkt\\\/wimpernserum-und-augenbrauenserum\\\/#primaryimage\"},\"image\":{\"@id\":\"https:\\\/\\\/lazru.com\\\/produkt\\\/wimpernserum-und-augenbrauenserum\\\/#primaryimage\"},\"thumbnailUrl\":\"https:\\\/\\\/lazru.com\\\/wp-content\\\/uploads\\\/2021\\\/09\\\/laz01.jpg\",\"datePublished\":\"2021-09-14T13:40:59+00:00\",\"dateModified\":\"2026-04-15T08:52:10+00:00\",\"description\":\"Lazru kaufen! Das Wimpernserum und Augenbrauenserum ohne Hormone. Jetzt im Angebot. Wenig verf\u00fcgbar. Schnelle Lieferung!\",\"breadcrumb\":{\"@id\":\"https:\\\/\\\/lazru.com\\\/produkt\\\/wimpernserum-und-augenbrauenserum\\\/#breadcrumb\"},\"inLanguage\":\"hr\",\"potentialAction\":[{\"@type\":\"ReadAction\",\"target\":[\"https:\\\/\\\/lazru.com\\\/produkt\\\/wimpernserum-und-augenbrauenserum\\\/\"]}]},{\"@type\":\"ImageObject\",\"inLanguage\":\"hr\",\"@id\":\"https:\\\/\\\/lazru.com\\\/produkt\\\/wimpernserum-und-augenbrauenserum\\\/#primaryimage\",\"url\":\"https:\\\/\\\/lazru.com\\\/wp-content\\\/uploads\\\/2021\\\/09\\\/laz01.jpg\",\"contentUrl\":\"https:\\\/\\\/lazru.com\\\/wp-content\\\/uploads\\\/2021\\\/09\\\/laz01.jpg\",\"width\":800,\"height\":800,\"caption\":\"lazru\"},{\"@type\":\"BreadcrumbList\",\"@id\":\"https:\\\/\\\/lazru.com\\\/produkt\\\/wimpernserum-und-augenbrauenserum\\\/#breadcrumb\",\"itemListElement\":[{\"@type\":\"ListItem\",\"position\":1,\"name\":\"LAZRU\",\"item\":\"https:\\\/\\\/lazru.com\\\/\"},{\"@type\":\"ListItem\",\"position\":2,\"name\":\"Shop\",\"item\":\"https:\\\/\\\/lazru.com\\\/es\\\/shop\\\/\"},{\"@type\":\"ListItem\",\"position\":3,\"name\":\"Wimpernserum & Augenbrauenserum\"}]},{\"@type\":\"WebSite\",\"@id\":\"https:\\\/\\\/lazru.com\\\/es\\\/#website\",\"url\":\"https:\\\/\\\/lazru.com\\\/es\\\/\",\"name\":\"LAZRU\",\"description\":\"Wimpernserum &amp; Augenbrauenserum\",\"publisher\":{\"@id\":\"https:\\\/\\\/lazru.com\\\/es\\\/#organization\"},\"potentialAction\":[{\"@type\":\"SearchAction\",\"target\":{\"@type\":\"EntryPoint\",\"urlTemplate\":\"https:\\\/\\\/lazru.com\\\/es\\\/?s={search_term_string}\"},\"query-input\":{\"@type\":\"PropertyValueSpecification\",\"valueRequired\":true,\"valueName\":\"search_term_string\"}}],\"inLanguage\":\"hr\"},{\"@type\":\"Organization\",\"@id\":\"https:\\\/\\\/lazru.com\\\/es\\\/#organization\",\"name\":\"LAZRU\",\"url\":\"https:\\\/\\\/lazru.com\\\/es\\\/\",\"logo\":{\"@type\":\"ImageObject\",\"inLanguage\":\"hr\",\"@id\":\"https:\\\/\\\/lazru.com\\\/es\\\/#\\\/schema\\\/logo\\\/image\\\/\",\"url\":\"https:\\\/\\\/lazru.com\\\/wp-content\\\/uploads\\\/2021\\\/09\\\/cropped-lazru-wimpernserum-logo.png\",\"contentUrl\":\"https:\\\/\\\/lazru.com\\\/wp-content\\\/uploads\\\/2021\\\/09\\\/cropped-lazru-wimpernserum-logo.png\",\"width\":211,\"height\":97,\"caption\":\"LAZRU\"},\"image\":{\"@id\":\"https:\\\/\\\/lazru.com\\\/es\\\/#\\\/schema\\\/logo\\\/image\\\/\"},\"sameAs\":[\"https:\\\/\\\/www.instagram.com\\\/lazru_official\\\/\"]}]}<\/script>\n<!-- \/ Yoast SEO Premium plugin. -->","yoast_head_json":{"title":"Lazru Serum","description":"Kupi Lazru! Serum za rast Trepavice i rast Obrve bez hormona. Sada u prodaji. Malo dostupno. Brza dostava!","robots":{"index":"index","follow":"follow","max-snippet":"max-snippet:-1","max-image-preview":"max-image-preview:large","max-video-preview":"max-video-preview:-1"},"canonical":"https:\/\/lazru.com\/hr\/proizvod\/serum-za-trepavice-i-serum-za-obrve\/","og_locale":"hr_HR","og_type":"article","og_title":"Lazru Serum","og_description":"Lazru kaufen! Das Wimpernserum und Augenbrauenserum ohne Hormone. Jetzt im Angebot. Wenig verf\u00fcgbar. Schnelle Lieferung!","og_url":"https:\/\/lazru.com\/hr\/proizvod\/serum-za-trepavice-i-serum-za-obrve\/","og_site_name":"LAZRU","article_modified_time":"2026-04-15T08:52:10+00:00","og_image":[{"width":800,"height":800,"url":"https:\/\/lazru.com\/wp-content\/uploads\/2021\/09\/laz01.jpg","type":"image\/jpeg"}],"twitter_card":"summary_large_image","twitter_misc":{"Procijenjeno vrijeme \u010ditanja":"3 minute"},"schema":{"@context":"https:\/\/schema.org","@graph":[{"@type":"WebPage","@id":"https:\/\/lazru.com\/produkt\/wimpernserum-und-augenbrauenserum\/","url":"https:\/\/lazru.com\/produkt\/wimpernserum-und-augenbrauenserum\/","name":"Lazru Serum","isPartOf":{"@id":"https:\/\/lazru.com\/es\/#website"},"primaryImageOfPage":{"@id":"https:\/\/lazru.com\/produkt\/wimpernserum-und-augenbrauenserum\/#primaryimage"},"image":{"@id":"https:\/\/lazru.com\/produkt\/wimpernserum-und-augenbrauenserum\/#primaryimage"},"thumbnailUrl":"https:\/\/lazru.com\/wp-content\/uploads\/2021\/09\/laz01.jpg","datePublished":"2021-09-14T13:40:59+00:00","dateModified":"2026-04-15T08:52:10+00:00","description":"Kupi Lazru! Serum za rast Trepavice i rast Obrve bez hormona. Sada u prodaji. Malo dostupno. Brza dostava!","breadcrumb":{"@id":"https:\/\/lazru.com\/produkt\/wimpernserum-und-augenbrauenserum\/#breadcrumb"},"inLanguage":"hr","potentialAction":[{"@type":"ReadAction","target":["https:\/\/lazru.com\/produkt\/wimpernserum-und-augenbrauenserum\/"]}]},{"@type":"ImageObject","inLanguage":"hr","@id":"https:\/\/lazru.com\/produkt\/wimpernserum-und-augenbrauenserum\/#primaryimage","url":"https:\/\/lazru.com\/wp-content\/uploads\/2021\/09\/laz01.jpg","contentUrl":"https:\/\/lazru.com\/wp-content\/uploads\/2021\/09\/laz01.jpg","width":800,"height":800,"caption":"lazru"},{"@type":"BreadcrumbList","@id":"https:\/\/lazru.com\/produkt\/wimpernserum-und-augenbrauenserum\/#breadcrumb","itemListElement":[{"@type":"ListItem","position":1,"name":"LAZRU","item":"https:\/\/lazru.com\/"},{"@type":"ListItem","position":2,"name":"Shop","item":"https:\/\/lazru.com\/es\/shop\/"},{"@type":"ListItem","position":3,"name":"Wimpernserum & Augenbrauenserum"}]},{"@type":"WebSite","@id":"https:\/\/lazru.com\/es\/#website","url":"https:\/\/lazru.com\/es\/","name":"LAZRU","description":"Serum za rast Trepavica &amp; Serum za rast Obrva","publisher":{"@id":"https:\/\/lazru.com\/es\/#organization"},"potentialAction":[{"@type":"SearchAction","target":{"@type":"EntryPoint","urlTemplate":"https:\/\/lazru.com\/es\/?s={search_term_string}"},"query-input":{"@type":"PropertyValueSpecification","valueRequired":true,"valueName":"search_term_string"}}],"inLanguage":"hr"},{"@type":"Organization","@id":"https:\/\/lazru.com\/es\/#organization","name":"LAZRU","url":"https:\/\/lazru.com\/es\/","logo":{"@type":"ImageObject","inLanguage":"hr","@id":"https:\/\/lazru.com\/es\/#\/schema\/logo\/image\/","url":"https:\/\/lazru.com\/wp-content\/uploads\/2021\/09\/cropped-lazru-wimpernserum-logo.png","contentUrl":"https:\/\/lazru.com\/wp-content\/uploads\/2021\/09\/cropped-lazru-wimpernserum-logo.png","width":211,"height":97,"caption":"LAZRU"},"image":{"@id":"https:\/\/lazru.com\/es\/#\/schema\/logo\/image\/"},"sameAs":["https:\/\/www.instagram.com\/lazru_official\/"]}]}},"_links":{"self":[{"href":"https:\/\/lazru.com\/hr\/wp-json\/wp\/v2\/product\/141","targetHints":{"allow":["GET"]}}],"collection":[{"href":"https:\/\/lazru.com\/hr\/wp-json\/wp\/v2\/product"}],"about":[{"href":"https:\/\/lazru.com\/hr\/wp-json\/wp\/v2\/types\/product"}],"wp:featuredmedia":[{"embeddable":true,"href":"https:\/\/lazru.com\/hr\/wp-json\/wp\/v2\/media\/44275"}],"wp:attachment":[{"href":"https:\/\/lazru.com\/hr\/wp-json\/wp\/v2\/media?parent=141"}],"wp:term":[{"taxonomy":"product_brand","embeddable":true,"href":"https:\/\/lazru.com\/hr\/wp-json\/wp\/v2\/product_brand?post=141"},{"taxonomy":"product_cat","embeddable":true,"href":"https:\/\/lazru.com\/hr\/wp-json\/wp\/v2\/product_cat?post=141"},{"taxonomy":"product_tag","embeddable":true,"href":"https:\/\/lazru.com\/hr\/wp-json\/wp\/v2\/product_tag?post=141"}],"curies":[{"name":"wp","href":"https:\/\/api.w.org\/{rel}","templated":true}]}}