{"id":32,"date":"2021-09-14T13:12:11","date_gmt":"2021-09-14T13:12:11","guid":{"rendered":"https:\/\/lazru.com\/widerrufsbelehrung"},"modified":"2023-12-07T14:48:40","modified_gmt":"2023-12-07T13:48:40","slug":"widerrufsrecht","status":"publish","type":"page","link":"https:\/\/lazru.com\/hr\/pravo-na-povlacenje\/","title":{"rendered":"Pravo na povla\u010denje"},"content":{"rendered":"<p><strong>Pravo na povla\u010denje<\/strong><\/p>\n\n\n\n<p>Potro\u0161a\u010d je svaka fizi\u010dka osoba koja sklapa pravni posao u svrhe koje uglavnom nisu komercijalne niti samostalne djelatnosti.<\/p>\n\n\n\n<p><strong>Politika otkazivanja Lazru<\/strong><\/p>\n\n\n\n<p><strong>Pravo na povla\u010denje<\/strong><\/p>\n\n\n\n<p>Imate pravo odustati od ovog ugovora u roku od \u010detrnaest dana. <strong>Za kori\u0161tene higijenske potrep\u0161tine isklju\u010deno je pravo odustajanja.<\/strong> Razdoblje otkazivanja je \u010detrnaest dana od dana kada ste vi ili tre\u0107a strana koju ste imenovali, a koja nije prijevoznik, preuzeli ili preuzeli robu, pod uvjetom da ste naru\u010dili jednu ili vi\u0161e roba kao dio jedne narud\u017ebe i ove je ili \u0107e biti isporu\u010den jednoobrazno.<\/p>\n\n\n\n<p>Kako biste iskoristili svoje pravo na odustanak, morate nas obavijestiti o svojoj odluci da odustanete od ovog ugovora putem jasne izjave (npr. pismo poslano po\u0161tom, faksom ili e-po\u0161tom). Za to mo\u017eete koristiti prilo\u017eeni uzorak obrasca za opoziv, ali to nije obvezno.<\/p>\n\n\n\n<p>Da biste ispunili rok za otkazivanje, dovoljno je da prije isteka roka za otkazivanje po\u0161aljete obavijest o ostvarivanju prava na otkaz.<\/p>\n\n\n\n<p>Opoziv se mora poslati na<\/p>\n\n\n\n<figure class=\"wp-block-image size-full is-resized\"><a href=\"https:\/\/lazru.com\/wp-content\/uploads\/2023\/12\/Laz-2.jpg\"><img loading=\"lazy\" decoding=\"async\" width=\"650\" height=\"685\" src=\"https:\/\/lazru.com\/wp-content\/uploads\/2023\/12\/Laz-2.jpg\" alt=\"\" class=\"wp-image-22583\" style=\"width:226px;height:auto\" srcset=\"https:\/\/lazru.com\/wp-content\/uploads\/2023\/12\/Laz-2.jpg 650w, https:\/\/lazru.com\/wp-content\/uploads\/2023\/12\/Laz-2-600x632.jpg 600w, https:\/\/lazru.com\/wp-content\/uploads\/2023\/12\/Laz-2-285x300.jpg 285w, https:\/\/lazru.com\/wp-content\/uploads\/2023\/12\/Laz-2-11x12.jpg 11w\" sizes=\"auto, (max-width: 650px) 100vw, 650px\" \/><\/a><\/figure>\n\n\n\n<p><\/p>\n\n\n\n<p><strong>Donja adresa za dostavu.<\/strong><\/p>\n\n\n\n<p><strong>Posljedice opoziva<\/strong><\/p>\n\n\n\n<p>Ako poni\u0161tite ovaj ugovor, platili smo vam sve uplate koje smo primili od vas, uklju\u010duju\u0107i tro\u0161kove dostave (osim dodatnih tro\u0161kova koji proizlaze iz \u010dinjenice da ste odabrali drugu vrstu dostave od najjeftinije standardne dostave koju nudimo imati), odmah, a najkasnije u roku od \u010detrnaest dana od dana kada smo primili obavijest o va\u0161em raskidu ovog ugovora. Za ovu otplatu koristimo isto sredstvo pla\u0107anja koje ste koristili u izvornoj transakciji, osim ako ne\u0161to drugo nije izri\u010dito dogovoreno s vama; ni pod kojim okolnostima vam ne\u0107e biti napla\u0107ene naknade za ovu otplatu.<\/p>\n\n\n\n<p>Mo\u017eemo odbiti povrat dok ne primimo vra\u0107enu robu ili dok ne dostavite dokaz da ste vratili robu, ovisno o tome \u0161to je ranije.<\/p>\n\n\n\n<p><strong>vra\u0107a<\/strong><\/p>\n\n\n\n<p>Robu nam morate vratiti ili predati odmah, a u svakom slu\u010daju najkasnije \u010detrnaest dana od dana kada ste nas obavijestili o raskidu ovog ugovora. Rok je ispo\u0161tovan ako robu vratite prije isteka roka od \u010detrnaest dana.<\/p>\n\n\n\n<p>Vi snosite izravne tro\u0161kove povrata robe.<\/p>\n\n\n\n<p>Odgovorni ste samo za bilo kakvu smanjenu vrijednost robe koja je rezultat rukovanja osim onoga \u0161to je potrebno za utvr\u0111ivanje prirode, karakteristika i funkcioniranja robe.<\/p>\n\n\n\n<p><strong>Razlozi isklju\u010denja ili isteka<\/strong><\/p>\n\n\n\n<p><strong>Isklju\u010denje prava na odustanak<\/strong>:<\/p>\n\n\n\n<p>Nema prava na povla\u010denje za kvarljivu robu ili robu \u010diji bi rok trajanja bio brzo prekora\u010den. Prijevremeni istek u slu\u010daju isporuke zape\u010da\u0107ene robe koja zbog za\u0161tite zdravlja ili higijene nije prikladna za povrat ako je nakon isporuke skinut pe\u010dat; (1) Sukladno Odjeljku 312g Stavak 2 No. 2 BGB, ne postoji pravo na povla\u010denje za Lazru ako je pe\u010dat uklonjen s pakiranja. Budu\u0107i da je Lazru proizvod u smislu \u00a7 312g paragrafa 2 br. 2 BGB, koji se brzo kvari nakon pucanja pe\u010data ili \u010diji bi datum isteka brzo bio prekora\u010den od ove to\u010dke u vremenu (2 mjeseca nakon otvaranja Lazrua). (2) Prema odjeljku 312g stavak 2 br. 2 BGB, pravo na odustajanje ne postoji ako je pe\u010dat Lazru uklonjen nakon isporuke jer postoji rizik da \u0107e vra\u0107eni proizvod sti\u0107i prodava\u010du sa znatno kra\u0107om policom \u017eivot bi.<\/p>\n\n\n\n<p>S tim u vezi, pravo na povla\u010denje je isklju\u010deno jer bi Lazru te\u0161ko ili nemogu\u0107e preprodao serum koji bi trebao uzeti natrag ako bi pe\u010dat bio slomljen, uzimaju\u0107i u obzir vrijeme povrata.<\/p>\n\n\n\n<p><strong>Za rabljene higijenske potrep\u0161tine isklju\u010deno je pravo odustajanja<\/strong>.<\/p>\n\n\n\n<hr class=\"wp-block-separator has-css-opacity\"\/>\n\n\n\n<p>Pravo na odustanak postoji <strong>ne<\/strong> u ugovorima<\/p>\n\n\n\n<ul class=\"wp-block-list\">\n<li>za isporuku robe koja nije monta\u017ena i za \u010diju je proizvodnju odlu\u010duju\u0107i pojedina\u010dni odabir ili opredjeljenje potro\u0161a\u010da ili koja je jasno prilago\u0111ena osobnim potrebama potro\u0161a\u010da;<\/li>\n\n\n\n<li>za isporuku robe koja se mo\u017ee brzo pokvariti ili \u010diji bi rok upotrebe uskoro bio prekora\u010den;<\/li>\n\n\n\n<li>Ugovori o pretplati.<\/li>\n<\/ul>\n\n\n\n<p>&#8212;&#8212;&#8211;<\/p>\n\n\n\n<p><strong>Pravo na odustanak prerano prestaje za ugovore<\/strong><\/p>\n\n\n\n<ul class=\"wp-block-list\">\n<li>za isporuku zape\u010da\u0107ene robe koja zbog zdravstvene za\u0161tite ili higijene nije prikladna za vra\u0107anje ako joj je nakon isporuke skinut pe\u010dat;<\/li>\n\n\n\n<li>za isporuku robe ako je ona zbog svoje prirode neodvojivo pomije\u0161ana s drugom robom nakon isporuke;<\/li>\n<\/ul>\n\n\n\n<p>_______<\/p>\n\n\n\n<p><strong>Uzorak obrasca za povla\u010denje<\/strong><\/p>\n\n\n\n<p>Ako \u017eelite raskinuti ugovor, ispunite ovaj obrazac i po\u0161aljite ga natrag.<br><strong>Za kori\u0161tene higijenske potrep\u0161tine isklju\u010deno je pravo odustajanja.<\/strong><\/p>\n\n\n\n<p>1. Povratak na:<\/p>\n\n\n\n<p>VDS \u2013 Shipping and Data Service <br>c\/o Alaiko GmbH <br>Siemensstrasse 14<br>D-37412 Herzberg am Harz<br>Germany<br><br>E-mail: info@lazru.com<\/p>\n\n\n\n<p>2. Ovime opozivam ugovor koji sam\/mi sklopili za kupnju sljede\u0107e robe\/pru\u017eanje sljede\u0107eg<br>Usluga (ako je potrebno, prilo\u017eite kopiju ra\u010duna)<br>Broj narud\u017ebe: \u2026\u2026\u2026\u2026\u2026\u2026\u2026\u2026\u2026\u2026\u2026\u2026\u2026\u2026<br>Koli\u010dina \/ naziv robe: \u2026\u2026\u2026\u2026\u2026\u2026\u2026\u2026\u2026\u2026\u2026\u2026<br>Nabavna cijena: \u2026\u2026\u2026\u2026\u2026\u2026\u2026\u2026\u2026\u2026\u2026\u2026\u2026\u2026\u2026\u2026\u2026<br>Ve\u0107 u upotrebi? Za rabljene higijenske potrep\u0161tine isklju\u010deno je pravo odustajanja.<\/p>\n\n\n\n<p>3. Naru\u010deno na: \u2026\u2026\u2026\u2026\u2026\u2026\u2026\u2026<\/p>\n\n\n\n<p>4. Razlog: \u2026\u2026\u2026\u2026\u2026\u2026\u2026\u2026\u2026\u2026\u2026\u2026\u2026\u2026\u2026<\/p>\n\n\n\n<p>5. Primljeno: \u2026\u2026\u2026\u2026\u2026\u2026\u2026\u2026<\/p>\n\n\n\n<p>6. Naziv, adresa potro\u0161a\u010da: \u2026\u2026<br>Broj kupca: \u2026\u2026\u2026\u2026\u2026\u2026\u2026\u2026\u2026\u2026\u2026\u2026\u2026.<br>Ime i prezime: \u2026\u2026\u2026\u2026\u2026\u2026\u2026\u2026\u2026\u2026\u2026<br>Ulica: \u2026\u2026\u2026\u2026\u2026\u2026\u2026\u2026\u2026\u2026\u2026\u2026\u2026\u2026\u2026\u2026\u2026\u2026\u2026\u2026\u2026\u2026\u2026.<br>Po\u0161tanski broj \/ Grad: \u2026\u2026\u2026\u2026\u2026\u2026\u2026\u2026\u2026\u2026\u2026\u2026\u2026\u2026\u2026\u2026..<\/p>\n\n\n\n<p>7. Mjesto, datum i potpis kupca:<br>&#8230;&#8230;&#8230;&#8230;&#8230;&#8230;&#8230;&#8230;&#8230;&#8230;&#8230;&#8230;&#8230;&#8230;&#8230;&#8230;&#8230;.<\/p>","protected":false},"excerpt":{"rendered":"<p>Widerrufsrecht f\u00fcr Verbraucher Verbraucher ist jede nat\u00fcrliche Person, die ein Rechtsgesch\u00e4ft zu Zwecken abschlie\u00dft, die \u00fcberwiegend weder ihrer gewerblichen noch ihrer selbstst\u00e4ndigen beruflichen T\u00e4tigkeit zugerechnet werden kann. Widerrufsbelehrung Lazru Widerrufsrecht Sie haben das Recht, binnen vierzehn Tagen diesen Vertrag zu widerrufen. Das Widerrufsrecht ist bei benutzten Hygieneartikeln ausgeschlossen. Die Widerrufsfrist betr\u00e4gt vierzehn Tage ab dem [&hellip;]<\/p>\n","protected":false},"author":1,"featured_media":0,"parent":0,"menu_order":0,"comment_status":"closed","ping_status":"closed","template":"","meta":{"footnotes":""},"class_list":["post-32","page","type-page","status-publish","hentry"],"blocksy_meta":[],"yoast_head":"<!-- This site is optimized with the Yoast SEO Premium plugin v23.4 (Yoast SEO v27.4) - https:\/\/yoast.com\/product\/yoast-seo-premium-wordpress\/ -->\n<title>Widerrufsrecht - LAZRU<\/title>\n<meta name=\"robots\" content=\"noindex, nofollow\" \/>\n<meta property=\"og:locale\" content=\"hr_HR\" \/>\n<meta property=\"og:type\" content=\"article\" \/>\n<meta property=\"og:title\" content=\"Widerrufsrecht\" \/>\n<meta property=\"og:description\" content=\"Widerrufsrecht f\u00fcr Verbraucher Verbraucher ist jede nat\u00fcrliche Person, die ein Rechtsgesch\u00e4ft zu Zwecken abschlie\u00dft, die \u00fcberwiegend weder ihrer gewerblichen noch ihrer selbstst\u00e4ndigen beruflichen T\u00e4tigkeit zugerechnet werden kann. Widerrufsbelehrung Lazru Widerrufsrecht Sie haben das Recht, binnen vierzehn Tagen diesen Vertrag zu widerrufen. Das Widerrufsrecht ist bei benutzten Hygieneartikeln ausgeschlossen. Die Widerrufsfrist betr\u00e4gt vierzehn Tage ab dem [&hellip;]\" \/>\n<meta property=\"og:url\" content=\"https:\/\/lazru.com\/hr\/pravo-na-povlacenje\/\" \/>\n<meta property=\"og:site_name\" content=\"LAZRU\" \/>\n<meta property=\"article:modified_time\" content=\"2023-12-07T13:48:40+00:00\" \/>\n<meta property=\"og:image\" content=\"https:\/\/lazru.com\/wp-content\/uploads\/2023\/12\/Laz-2.jpg\" \/>\n<meta name=\"twitter:card\" content=\"summary_large_image\" \/>\n<meta name=\"twitter:label1\" content=\"Procijenjeno vrijeme \u010ditanja\" \/>\n\t<meta name=\"twitter:data1\" content=\"5 minuta\" \/>\n<script type=\"application\/ld+json\" class=\"yoast-schema-graph\">{\"@context\":\"https:\\\/\\\/schema.org\",\"@graph\":[{\"@type\":\"WebPage\",\"@id\":\"https:\\\/\\\/lazru.com\\\/widerrufsrecht\\\/\",\"url\":\"https:\\\/\\\/lazru.com\\\/widerrufsrecht\\\/\",\"name\":\"Widerrufsrecht - LAZRU\",\"isPartOf\":{\"@id\":\"https:\\\/\\\/lazru.com\\\/es\\\/#website\"},\"primaryImageOfPage\":{\"@id\":\"https:\\\/\\\/lazru.com\\\/widerrufsrecht\\\/#primaryimage\"},\"image\":{\"@id\":\"https:\\\/\\\/lazru.com\\\/widerrufsrecht\\\/#primaryimage\"},\"thumbnailUrl\":\"https:\\\/\\\/lazru.com\\\/wp-content\\\/uploads\\\/2023\\\/12\\\/Laz-2.jpg\",\"datePublished\":\"2021-09-14T13:12:11+00:00\",\"dateModified\":\"2023-12-07T13:48:40+00:00\",\"breadcrumb\":{\"@id\":\"https:\\\/\\\/lazru.com\\\/widerrufsrecht\\\/#breadcrumb\"},\"inLanguage\":\"hr\",\"potentialAction\":[{\"@type\":\"ReadAction\",\"target\":[\"https:\\\/\\\/lazru.com\\\/widerrufsrecht\\\/\"]}]},{\"@type\":\"ImageObject\",\"inLanguage\":\"hr\",\"@id\":\"https:\\\/\\\/lazru.com\\\/widerrufsrecht\\\/#primaryimage\",\"url\":\"https:\\\/\\\/lazru.com\\\/wp-content\\\/uploads\\\/2023\\\/12\\\/Laz-2.jpg\",\"contentUrl\":\"https:\\\/\\\/lazru.com\\\/wp-content\\\/uploads\\\/2023\\\/12\\\/Laz-2.jpg\"},{\"@type\":\"BreadcrumbList\",\"@id\":\"https:\\\/\\\/lazru.com\\\/widerrufsrecht\\\/#breadcrumb\",\"itemListElement\":[{\"@type\":\"ListItem\",\"position\":1,\"name\":\"LAZRU\",\"item\":\"https:\\\/\\\/lazru.com\\\/\"},{\"@type\":\"ListItem\",\"position\":2,\"name\":\"Widerrufsrecht\"}]},{\"@type\":\"WebSite\",\"@id\":\"https:\\\/\\\/lazru.com\\\/es\\\/#website\",\"url\":\"https:\\\/\\\/lazru.com\\\/es\\\/\",\"name\":\"LAZRU\",\"description\":\"Wimpernserum &amp; Augenbrauenserum\",\"publisher\":{\"@id\":\"https:\\\/\\\/lazru.com\\\/es\\\/#organization\"},\"potentialAction\":[{\"@type\":\"SearchAction\",\"target\":{\"@type\":\"EntryPoint\",\"urlTemplate\":\"https:\\\/\\\/lazru.com\\\/es\\\/?s={search_term_string}\"},\"query-input\":{\"@type\":\"PropertyValueSpecification\",\"valueRequired\":true,\"valueName\":\"search_term_string\"}}],\"inLanguage\":\"hr\"},{\"@type\":\"Organization\",\"@id\":\"https:\\\/\\\/lazru.com\\\/es\\\/#organization\",\"name\":\"LAZRU\",\"url\":\"https:\\\/\\\/lazru.com\\\/es\\\/\",\"logo\":{\"@type\":\"ImageObject\",\"inLanguage\":\"hr\",\"@id\":\"https:\\\/\\\/lazru.com\\\/es\\\/#\\\/schema\\\/logo\\\/image\\\/\",\"url\":\"https:\\\/\\\/lazru.com\\\/wp-content\\\/uploads\\\/2021\\\/09\\\/cropped-lazru-wimpernserum-logo.png\",\"contentUrl\":\"https:\\\/\\\/lazru.com\\\/wp-content\\\/uploads\\\/2021\\\/09\\\/cropped-lazru-wimpernserum-logo.png\",\"width\":211,\"height\":97,\"caption\":\"LAZRU\"},\"image\":{\"@id\":\"https:\\\/\\\/lazru.com\\\/es\\\/#\\\/schema\\\/logo\\\/image\\\/\"},\"sameAs\":[\"https:\\\/\\\/www.instagram.com\\\/lazru_official\\\/\"]}]}<\/script>\n<!-- \/ Yoast SEO Premium plugin. -->","yoast_head_json":{"title":"Pravo na povla\u010denje - LAZRU","robots":{"index":"noindex","follow":"nofollow"},"og_locale":"hr_HR","og_type":"article","og_title":"Widerrufsrecht","og_description":"Widerrufsrecht f\u00fcr Verbraucher Verbraucher ist jede nat\u00fcrliche Person, die ein Rechtsgesch\u00e4ft zu Zwecken abschlie\u00dft, die \u00fcberwiegend weder ihrer gewerblichen noch ihrer selbstst\u00e4ndigen beruflichen T\u00e4tigkeit zugerechnet werden kann. Widerrufsbelehrung Lazru Widerrufsrecht Sie haben das Recht, binnen vierzehn Tagen diesen Vertrag zu widerrufen. Das Widerrufsrecht ist bei benutzten Hygieneartikeln ausgeschlossen. Die Widerrufsfrist betr\u00e4gt vierzehn Tage ab dem [&hellip;]","og_url":"https:\/\/lazru.com\/hr\/pravo-na-povlacenje\/","og_site_name":"LAZRU","article_modified_time":"2023-12-07T13:48:40+00:00","og_image":[{"url":"https:\/\/lazru.com\/wp-content\/uploads\/2023\/12\/Laz-2.jpg","type":"","width":"","height":""}],"twitter_card":"summary_large_image","twitter_misc":{"Procijenjeno vrijeme \u010ditanja":"5 minuta"},"schema":{"@context":"https:\/\/schema.org","@graph":[{"@type":"WebPage","@id":"https:\/\/lazru.com\/widerrufsrecht\/","url":"https:\/\/lazru.com\/widerrufsrecht\/","name":"Pravo na povla\u010denje - LAZRU","isPartOf":{"@id":"https:\/\/lazru.com\/es\/#website"},"primaryImageOfPage":{"@id":"https:\/\/lazru.com\/widerrufsrecht\/#primaryimage"},"image":{"@id":"https:\/\/lazru.com\/widerrufsrecht\/#primaryimage"},"thumbnailUrl":"https:\/\/lazru.com\/wp-content\/uploads\/2023\/12\/Laz-2.jpg","datePublished":"2021-09-14T13:12:11+00:00","dateModified":"2023-12-07T13:48:40+00:00","breadcrumb":{"@id":"https:\/\/lazru.com\/widerrufsrecht\/#breadcrumb"},"inLanguage":"hr","potentialAction":[{"@type":"ReadAction","target":["https:\/\/lazru.com\/widerrufsrecht\/"]}]},{"@type":"ImageObject","inLanguage":"hr","@id":"https:\/\/lazru.com\/widerrufsrecht\/#primaryimage","url":"https:\/\/lazru.com\/wp-content\/uploads\/2023\/12\/Laz-2.jpg","contentUrl":"https:\/\/lazru.com\/wp-content\/uploads\/2023\/12\/Laz-2.jpg"},{"@type":"BreadcrumbList","@id":"https:\/\/lazru.com\/widerrufsrecht\/#breadcrumb","itemListElement":[{"@type":"ListItem","position":1,"name":"LAZRU","item":"https:\/\/lazru.com\/"},{"@type":"ListItem","position":2,"name":"Widerrufsrecht"}]},{"@type":"WebSite","@id":"https:\/\/lazru.com\/es\/#website","url":"https:\/\/lazru.com\/es\/","name":"LAZRU","description":"Serum za rast Trepavica &amp; Serum za rast Obrva","publisher":{"@id":"https:\/\/lazru.com\/es\/#organization"},"potentialAction":[{"@type":"SearchAction","target":{"@type":"EntryPoint","urlTemplate":"https:\/\/lazru.com\/es\/?s={search_term_string}"},"query-input":{"@type":"PropertyValueSpecification","valueRequired":true,"valueName":"search_term_string"}}],"inLanguage":"hr"},{"@type":"Organization","@id":"https:\/\/lazru.com\/es\/#organization","name":"LAZRU","url":"https:\/\/lazru.com\/es\/","logo":{"@type":"ImageObject","inLanguage":"hr","@id":"https:\/\/lazru.com\/es\/#\/schema\/logo\/image\/","url":"https:\/\/lazru.com\/wp-content\/uploads\/2021\/09\/cropped-lazru-wimpernserum-logo.png","contentUrl":"https:\/\/lazru.com\/wp-content\/uploads\/2021\/09\/cropped-lazru-wimpernserum-logo.png","width":211,"height":97,"caption":"LAZRU"},"image":{"@id":"https:\/\/lazru.com\/es\/#\/schema\/logo\/image\/"},"sameAs":["https:\/\/www.instagram.com\/lazru_official\/"]}]}},"_links":{"self":[{"href":"https:\/\/lazru.com\/hr\/wp-json\/wp\/v2\/pages\/32","targetHints":{"allow":["GET"]}}],"collection":[{"href":"https:\/\/lazru.com\/hr\/wp-json\/wp\/v2\/pages"}],"about":[{"href":"https:\/\/lazru.com\/hr\/wp-json\/wp\/v2\/types\/page"}],"author":[{"embeddable":true,"href":"https:\/\/lazru.com\/hr\/wp-json\/wp\/v2\/users\/1"}],"replies":[{"embeddable":true,"href":"https:\/\/lazru.com\/hr\/wp-json\/wp\/v2\/comments?post=32"}],"version-history":[{"count":10,"href":"https:\/\/lazru.com\/hr\/wp-json\/wp\/v2\/pages\/32\/revisions"}],"predecessor-version":[{"id":22591,"href":"https:\/\/lazru.com\/hr\/wp-json\/wp\/v2\/pages\/32\/revisions\/22591"}],"wp:attachment":[{"href":"https:\/\/lazru.com\/hr\/wp-json\/wp\/v2\/media?parent=32"}],"curies":[{"name":"wp","href":"https:\/\/api.w.org\/{rel}","templated":true}]}}