{"id":31,"date":"2021-09-14T13:12:11","date_gmt":"2021-09-14T13:12:11","guid":{"rendered":"https:\/\/lazru.com\/agb"},"modified":"2023-06-15T13:42:16","modified_gmt":"2023-06-15T11:42:16","slug":"agb","status":"publish","type":"page","link":"https:\/\/lazru.com\/hr\/uvjeti\/","title":{"rendered":"GT&amp;C"},"content":{"rendered":"<p><strong>Uvjeti i odredbe i podaci o korisnicima<\/strong><\/p>\n\n\n\n<p>I. Op\u0107i uvjeti poslovanja<\/p>\n\n\n\n<p>\u00a7 1. Osnovne odredbe<\/p>\n\n\n\n<p>(1) Sljede\u0107i uvjeti primjenjuju se na sve ugovore koje sklapate s nama kao dobavlja\u010d (Lazru) putem web stranice www.lazru.com. Osim ako nije druga\u010dije dogovoreno, uklju\u010divanje bilo kakvih uvjeta koje ste mo\u017eda koristili je u suprotnosti.<\/p>\n\n\n\n<p>(2) Potro\u0161a\u010d u smislu sljede\u0107ih propisa je svaka fizi\u010dka osoba koja sklapa pravni posao u svrhe koje se prete\u017eno ne mogu pripisati njihovoj trgova\u010dkoj niti samostalnoj profesionalnoj djelatnosti. Poduzetnik je svaka fizi\u010dka ili pravna osoba ili poslovno sposobno dru\u0161tvo koje pri sklapanju pravnog posla djeluje u obavljanju samostalne profesionalne ili trgova\u010dke djelatnosti.<\/p>\n\n\n\n<p>\u00a7 2. Sklapanje ugovora<\/p>\n\n\n\n<p>(1) Predmet ugovora je prodaja robe.<\/p>\n\n\n\n<p>(2) \u010cim se odgovaraju\u0107i proizvod postavi na na\u0161e web stranice, dajemo vam obvezuju\u0107u ponudu za sklapanje ugovora pod uvjetima navedenim u opisu artikla.<\/p>\n\n\n\n<p>(3) Ugovor se sklapa putem sustava online ko\u0161arica kako slijedi:<br>Roba namijenjena kupnji stavlja se u \u201eko\u0161arica\u201c. Odgovaraju\u0107im gumbom na navigacijskoj traci mo\u017eete pozvati &quot;ko\u0161aricu&quot; i izvr\u0161iti izmjene u bilo kojem trenutku.<br>Nakon pozivanja stranice &quot;Naplata&quot; i unosa osobnih podataka kao i uvjeta pla\u0107anja i dostave, svi podaci o narud\u017ebi ponovno se prikazuju na stranici pregleda narud\u017ebe.<br>Ako koristite sustav trenutnog pla\u0107anja (npr. PayPal \/ PayPal Express \/ PayPal Plus, Amazon Payments, Postpay, Sofort\u00fcberweisung) kao na\u010din pla\u0107anja, ili \u0107ete biti preusmjereni na stranicu s pregledom narud\u017ebe u na\u0161oj online trgovini ili \u0107ete prvo biti odvedeni na proslije\u0111ena web stranica pru\u017eatelja sustava neposrednog pla\u0107anja.<br>Ako ste proslije\u0111eni na odgovaraju\u0107i sustav instant pla\u0107anja, napravite odgovaraju\u0107i odabir ili tamo unesite svoje podatke. Zatim \u0107ete biti preusmjereni natrag na stranicu s pregledom narud\u017ebe u na\u0161oj online trgovini.<br>Prije slanja narud\u017ebe imate mogu\u0107nost ponovno provjeriti sve podatke, promijeniti ih (tako\u0111er pomo\u0107u funkcije &quot;back&quot; internet preglednika) ili otkazati kupnju.<br>Podno\u0161enjem narud\u017ebe pomo\u0107u gumba &quot;Kupi sada&quot; izjavljujete da prihva\u0107ate ponudu na pravno obvezuju\u0107i na\u010din, \u010dime se zaklju\u010duje ugovor.<\/p>\n\n\n\n<p>(4) Va\u0161i zahtjevi za pripremu ponude za Vas nisu obvezuju\u0107i. Napravit \u0107emo vam obvezuju\u0107u ponudu u tekstualnom obliku (npr. putem e-po\u0161te) koju mo\u017eete prihvatiti u roku od 5 dana.<\/p>\n\n\n\n<p>(5) Obrada narud\u017ebe i prijenos svih informacija potrebnih u vezi sa sklapanjem ugovora odvija se putem e-maila, u nekim slu\u010dajevima automatski. Stoga morate osigurati da je adresa e-po\u0161te koju ste nam dali ispravna, da je zaprimanje e-mailova tehni\u010dki zajam\u010deno i, posebno, da ga ne sprje\u010davaju SPAM filteri.<\/p>\n\n\n\n<p>\u00a7 3 Trajanje ugovora \/ Raskid<\/p>\n\n\n\n<p>Ako je ugovor o periodi\u010dnim\/trajnim uslugama (pretplata), ugovor se sklapa na neodre\u0111eno vrijeme. Svaka ugovorna strana ima pravo raskinuti takav ugovor bez najave do sljede\u0107eg datuma isporuke bez navo\u0111enja razloga. Pravo na izvanredni raskid iz va\u017enih razloga, posebice ponovne povrede glavnih ugovornih obveza, ostaje nepromijenjeno.<\/p>\n\n\n\n<p>Otkazivanje se mo\u017ee izvr\u0161iti na korisni\u010dkom ra\u010dunu putem stavke izbornika &quot;Pretplata&quot; i tamo putem &quot;Obrasca za otkazivanje&quot; ili u tekstualnom obliku (po\u0161tom ili e-mailom).<\/p>\n\n\n\n<p>\u00a7 4. Pravo zadr\u017eavanja, zadr\u017eavanje vlasni\u0161tva<\/p>\n\n\n\n<p>(1) Pravo zadr\u017eavanja mo\u017eete ostvariti samo ako se radi o tra\u017ebinama iz istog ugovornog odnosa.<\/p>\n\n\n\n<p>(2) Roba ostaje u na\u0161em vlasni\u0161tvu dok se kupoprodajna cijena ne plati u cijelosti.<\/p>\n\n\n\n<p>\u00a7 5 Odgovornost<\/p>\n\n\n\n<p>(1) U potpunosti smo odgovorni za \u0161tetu nastalu uslijed ozljede \u017eivota, tijela ili zdravlja. Nadalje, neograni\u010deno smo odgovorni u svim slu\u010dajevima namjere i krajnje nepa\u017enje, u slu\u010daju la\u017enog prikrivanja kvara, u slu\u010daju preuzimanja jamstva za stanje predmeta kupnje te u svim drugim zakonom reguliranim slu\u010dajevima.<\/p>\n\n\n\n<p>(2) Odgovornost za nedostatke u okviru zakonskog jamstva temelji se na relevantnom propisu u na\u0161im podacima o kupcima (II. dio).<\/p>\n\n\n\n<p>(3) Ako se utje\u010de na bitne ugovorne obveze, na\u0161a je odgovornost za blagi nemar ograni\u010dena na predvidivu \u0161tetu koja je tipi\u010dna za ugovor. Bitne ugovorne obveze su bitne obveze koje proizlaze iz prirode ugovora i \u010dije bi kr\u0161enje ugrozilo postizanje svrhe ugovora, kao i obveze koje nam ugovor name\u0107e prema svom sadr\u017eaju radi postizanja svrhe ugovora. ugovora, \u010dije ispunjenje prije svega omogu\u0107uje pravilno izvr\u0161enje ugovora i na \u010diju se po\u0161tivanje mo\u017eete redovito osloniti.<\/p>\n\n\n\n<p>(4) U slu\u010daju povrede bezna\u010dajnih ugovornih obveza, odgovornost za povredu du\u017enosti iz neznatne nesavjesnosti je isklju\u010dena.<\/p>\n\n\n\n<p>(5) Prema trenutnom stanju tehnike, ne mo\u017ee se jam\u010diti da \u0107e prijenos podataka putem Interneta biti bez gre\u0161aka i\/ili dostupan u svakom trenutku. U tom smislu, nismo odgovorni za stalnu ili neprekidnu dostupnost web stranice i usluge koja se na njoj nudi.<\/p>\n\n\n\n<p>\u00a7 6 Izbor zakona, mjesto obavljanja, mjesto nadle\u017enosti<\/p>\n\n\n\n<p>(1) Primjenjuje se njema\u010dki zakon. Za potro\u0161a\u010de se ovaj izbor prava primjenjuje samo u mjeri u kojoj se ne povla\u010di za\u0161tita koju osiguravaju prisilne odredbe zakona dr\u017eave uobi\u010dajenog boravi\u0161ta potro\u0161a\u010da (na\u010delo povoljnosti).<\/p>\n\n\n\n<p>(2) Mjesto obavljanja svih usluga koje proizlaze iz poslovnog odnosa s nama i nadle\u017enost je na\u0161e sjedi\u0161te ako niste potro\u0161a\u010d nego trgovac, pravna osoba javnog prava ili poseban fond javnog prava. Isto vrijedi ako nemate op\u0107u nadle\u017enost u Njema\u010dkoj ili EU ili ako va\u0161e prebivali\u0161te ili uobi\u010dajeno boravi\u0161te nije poznato u vrijeme podno\u0161enja tu\u017ebe. Ovla\u0161tenje za \u017ealbu sudu u drugom zakonskom mjestu nadle\u017enosti ostaje nepromijenjeno.<\/p>\n\n\n\n<p>(3) Odredbe UN-ove konvencije o prodaji izri\u010dito se ne primjenjuju.<\/p>\n\n\n\n<p>_______<\/p>\n\n\n\n<p>II. Informacije o kupcima<\/p>\n\n\n\n<p>1. Identitet prodavatelja<\/p>\n\n\n\n<figure class=\"wp-block-image size-full is-resized\"><a href=\"https:\/\/lazru.com\/wp-content\/uploads\/2023\/06\/Laz.jpg\"><img loading=\"lazy\" decoding=\"async\" src=\"https:\/\/lazru.com\/wp-content\/uploads\/2023\/06\/Laz.jpg\" alt=\"\" class=\"wp-image-16396\" width=\"259\" height=\"272\" srcset=\"https:\/\/lazru.com\/wp-content\/uploads\/2023\/06\/Laz.jpg 650w, https:\/\/lazru.com\/wp-content\/uploads\/2023\/06\/Laz-600x632.jpg 600w, https:\/\/lazru.com\/wp-content\/uploads\/2023\/06\/Laz-285x300.jpg 285w, https:\/\/lazru.com\/wp-content\/uploads\/2023\/06\/Laz-11x12.jpg 11w\" sizes=\"auto, (max-width: 259px) 100vw, 259px\" \/><\/a><\/figure>\n\n\n\n<p><\/p>\n\n\n\n<p>Europska komisija osigurava platformu za izvansudsko online rje\u0161avanje sporova (OS platforma), kojoj se mo\u017ee pristupiti na&nbsp;<a href=\"https:\/\/ec.europa.eu\/odr\" target=\"_blank\" rel=\"noreferrer noopener\">https:\/\/ec.europa.eu\/odr<\/a>.<\/p>\n\n\n\n<p>2. Podaci o sklapanju ugovora<\/p>\n\n\n\n<p>Tehni\u010dki koraci za sklapanje ugovora, sklapanje samog ugovora i opcije ispravka provode se u skladu s \u00a7 2. na\u0161ih Op\u0107ih uvjeta (I. dio).<\/p>\n\n\n\n<p>3. Jezik ugovora, pohrana teksta ugovora<\/p>\n\n\n\n<p>3.1. Vertragssprache ist englisch.<\/p>\n\n\n\n<p>3.2. Ne spremamo cijeli tekst ugovora. Prije slanja narud\u017ebe putem online sustava ko\u0161arica, podaci o ugovoru mogu se ispisati ili elektronski spremiti pomo\u0107u funkcije ispisa preglednika. Nakon \u0161to primimo narud\u017ebu, podaci o narud\u017ebi, podaci propisani zakonom za ugovore na daljinu i Op\u0107i uvjeti poslat \u0107emo vam ponovno e-po\u0161tom.<\/p>\n\n\n\n<p>3.3. Ako zatra\u017eite ponudu izvan sustava online ko\u0161arica, dobit \u0107ete sve podatke o ugovoru kao dio obvezuju\u0107e ponude u tekstualnom obliku, npr. e-po\u0161tom, koji mo\u017eete ispisati ili spremiti elektroni\u010dki.<\/p>\n\n\n\n<p>4. Bitne karakteristike robe ili usluge<\/p>\n\n\n\n<p>Bitne zna\u010dajke robe i\/ili usluge mogu se prona\u0107i u odgovaraju\u0107oj ponudi.<\/p>\n\n\n\n<p>5. Cijene i uvjeti pla\u0107anja<\/p>\n\n\n\n<p>5.1. Cijene navedene u odgovaraju\u0107im ponudama i tro\u0161kovi dostave predstavljaju ukupne cijene i uklju\u010duju sve komponente cijene uklju\u010duju\u0107i sve primjenjive poreze.<\/p>\n\n\n\n<p>5.2. Tro\u0161kovi dostave nisu uklju\u010deni u kupovnu cijenu. Oni se mogu pozvati putem odgovaraju\u0107e ozna\u010dene tipke na na\u0161oj web stranici ili u odgovaraju\u0107oj ponudi, prikazani su zasebno tijekom procesa narud\u017ebe i dodatno ih snosite, osim ako je obe\u0107ana besplatna dostava.<\/p>\n\n\n\n<p>5.3. Na\u010dini pla\u0107anja koji su Vam dostupni prikazani su pod odgovaraju\u0107im gumbom na na\u0161oj web stranici ili u odgovaraju\u0107oj ponudi.<\/p>\n\n\n\n<p>5.4. Ako za pojedine na\u010dine pla\u0107anja nije druga\u010dije navedeno, zahtjevi za pla\u0107anje iz sklopljenog ugovora dospijevaju odmah.<\/p>\n\n\n\n<p>6. Uvjeti isporuke<\/p>\n\n\n\n<p>6.1. Uvjete isporuke, datum isporuke i sva postoje\u0107a ograni\u010denja isporuke mo\u017eete prona\u0107i pod odgovaraju\u0107im gumbom na na\u0161oj web stranici ili u odgovaraju\u0107oj ponudi.<\/p>\n\n\n\n<p>6.2. Ako ste potro\u0161a\u010d, zakonom je regulirano da rizik od slu\u010dajnog gubitka i slu\u010dajnog propadanja artikla koji se prodaje tijekom otpreme prelazi na Vas tek kada Vam se roba preda, bez obzira na to je li po\u0161iljka osigurana ili neosigurana. Ovo se ne primjenjuje ako ste samostalno naru\u010dili prijevoznu tvrtku koju nije imenovao izvo\u0111a\u010d ili druga osoba odgovorna za obavljanje po\u0161iljke.<\/p>\n\n\n\n<p>7. Zakonska odgovornost za nedostatke<\/p>\n\n\n\n<p>7.1. Zakonska prava na odgovornost za nedostatke postoje.<\/p>\n\n\n\n<p>7.2. Kao potro\u0161a\u010d, molimo Vas da odmah po isporuci provjerite robu na kompletnost, o\u010dite nedostatke i o\u0161te\u0107enja u transportu te da nas i prijevoznika obavijestite o eventualnim reklamacijama u najkra\u0107em mogu\u0107em roku. Ako se ne pridr\u017eavate, to nema utjecaja na va\u0161e zakonske zahtjeve za jamstvo.<\/p>","protected":false},"excerpt":{"rendered":"<p>Allgemeine Gesch\u00e4ftsbedingungen und Kundeninformationen I. Allgemeine Gesch\u00e4ftsbedingungen \u00a7 1 Grundlegende Bestimmungen (1) Die nachstehenden Gesch\u00e4ftsbedingungen gelten f\u00fcr alle Vertr\u00e4ge, die Sie mit uns als Anbieter (Lazru) \u00fcber die Internetseite www.lazru.com schlie\u00dfen. Soweit nicht anders vereinbart, wird der Einbeziehung gegebenenfalls von Ihnen verwendeter eigener Bedingungen widersprochen. (2)&nbsp;Verbraucher im Sinne der nachstehenden Regelungen ist jede nat\u00fcrliche Person, [&hellip;]<\/p>\n","protected":false},"author":1,"featured_media":0,"parent":0,"menu_order":0,"comment_status":"closed","ping_status":"closed","template":"","meta":{"footnotes":""},"class_list":["post-31","page","type-page","status-publish","hentry"],"blocksy_meta":[],"yoast_head":"<!-- This site is optimized with the Yoast SEO Premium plugin v23.4 (Yoast SEO v27.4) - https:\/\/yoast.com\/product\/yoast-seo-premium-wordpress\/ -->\n<title>AGB - LAZRU<\/title>\n<meta name=\"robots\" content=\"noindex, follow\" \/>\n<meta property=\"og:locale\" content=\"hr_HR\" \/>\n<meta property=\"og:type\" content=\"article\" \/>\n<meta property=\"og:title\" content=\"AGB\" \/>\n<meta property=\"og:description\" content=\"Allgemeine Gesch\u00e4ftsbedingungen und Kundeninformationen I. Allgemeine Gesch\u00e4ftsbedingungen \u00a7 1 Grundlegende Bestimmungen (1) Die nachstehenden Gesch\u00e4ftsbedingungen gelten f\u00fcr alle Vertr\u00e4ge, die Sie mit uns als Anbieter (Lazru) \u00fcber die Internetseite www.lazru.com schlie\u00dfen. Soweit nicht anders vereinbart, wird der Einbeziehung gegebenenfalls von Ihnen verwendeter eigener Bedingungen widersprochen. (2)&nbsp;Verbraucher im Sinne der nachstehenden Regelungen ist jede nat\u00fcrliche Person, [&hellip;]\" \/>\n<meta property=\"og:url\" content=\"https:\/\/lazru.com\/hr\/uvjeti\/\" \/>\n<meta property=\"og:site_name\" content=\"LAZRU\" \/>\n<meta property=\"article:modified_time\" content=\"2023-06-15T11:42:16+00:00\" \/>\n<meta property=\"og:image\" content=\"https:\/\/lazru.com\/wp-content\/uploads\/2023\/06\/Laz.jpg\" \/>\n<meta name=\"twitter:card\" content=\"summary_large_image\" \/>\n<meta name=\"twitter:label1\" content=\"Procijenjeno vrijeme \u010ditanja\" \/>\n\t<meta name=\"twitter:data1\" content=\"8 minuta\" \/>\n<script type=\"application\/ld+json\" class=\"yoast-schema-graph\">{\"@context\":\"https:\\\/\\\/schema.org\",\"@graph\":[{\"@type\":\"WebPage\",\"@id\":\"https:\\\/\\\/lazru.com\\\/agb\\\/\",\"url\":\"https:\\\/\\\/lazru.com\\\/agb\\\/\",\"name\":\"AGB - LAZRU\",\"isPartOf\":{\"@id\":\"https:\\\/\\\/lazru.com\\\/es\\\/#website\"},\"primaryImageOfPage\":{\"@id\":\"https:\\\/\\\/lazru.com\\\/agb\\\/#primaryimage\"},\"image\":{\"@id\":\"https:\\\/\\\/lazru.com\\\/agb\\\/#primaryimage\"},\"thumbnailUrl\":\"https:\\\/\\\/lazru.com\\\/wp-content\\\/uploads\\\/2023\\\/06\\\/Laz.jpg\",\"datePublished\":\"2021-09-14T13:12:11+00:00\",\"dateModified\":\"2023-06-15T11:42:16+00:00\",\"breadcrumb\":{\"@id\":\"https:\\\/\\\/lazru.com\\\/agb\\\/#breadcrumb\"},\"inLanguage\":\"hr\",\"potentialAction\":[{\"@type\":\"ReadAction\",\"target\":[\"https:\\\/\\\/lazru.com\\\/agb\\\/\"]}]},{\"@type\":\"ImageObject\",\"inLanguage\":\"hr\",\"@id\":\"https:\\\/\\\/lazru.com\\\/agb\\\/#primaryimage\",\"url\":\"https:\\\/\\\/lazru.com\\\/wp-content\\\/uploads\\\/2023\\\/06\\\/Laz.jpg\",\"contentUrl\":\"https:\\\/\\\/lazru.com\\\/wp-content\\\/uploads\\\/2023\\\/06\\\/Laz.jpg\"},{\"@type\":\"BreadcrumbList\",\"@id\":\"https:\\\/\\\/lazru.com\\\/agb\\\/#breadcrumb\",\"itemListElement\":[{\"@type\":\"ListItem\",\"position\":1,\"name\":\"LAZRU\",\"item\":\"https:\\\/\\\/lazru.com\\\/\"},{\"@type\":\"ListItem\",\"position\":2,\"name\":\"AGB\"}]},{\"@type\":\"WebSite\",\"@id\":\"https:\\\/\\\/lazru.com\\\/es\\\/#website\",\"url\":\"https:\\\/\\\/lazru.com\\\/es\\\/\",\"name\":\"LAZRU\",\"description\":\"Wimpernserum &amp; Augenbrauenserum\",\"publisher\":{\"@id\":\"https:\\\/\\\/lazru.com\\\/es\\\/#organization\"},\"potentialAction\":[{\"@type\":\"SearchAction\",\"target\":{\"@type\":\"EntryPoint\",\"urlTemplate\":\"https:\\\/\\\/lazru.com\\\/es\\\/?s={search_term_string}\"},\"query-input\":{\"@type\":\"PropertyValueSpecification\",\"valueRequired\":true,\"valueName\":\"search_term_string\"}}],\"inLanguage\":\"hr\"},{\"@type\":\"Organization\",\"@id\":\"https:\\\/\\\/lazru.com\\\/es\\\/#organization\",\"name\":\"LAZRU\",\"url\":\"https:\\\/\\\/lazru.com\\\/es\\\/\",\"logo\":{\"@type\":\"ImageObject\",\"inLanguage\":\"hr\",\"@id\":\"https:\\\/\\\/lazru.com\\\/es\\\/#\\\/schema\\\/logo\\\/image\\\/\",\"url\":\"https:\\\/\\\/lazru.com\\\/wp-content\\\/uploads\\\/2021\\\/09\\\/cropped-lazru-wimpernserum-logo.png\",\"contentUrl\":\"https:\\\/\\\/lazru.com\\\/wp-content\\\/uploads\\\/2021\\\/09\\\/cropped-lazru-wimpernserum-logo.png\",\"width\":211,\"height\":97,\"caption\":\"LAZRU\"},\"image\":{\"@id\":\"https:\\\/\\\/lazru.com\\\/es\\\/#\\\/schema\\\/logo\\\/image\\\/\"},\"sameAs\":[\"https:\\\/\\\/www.instagram.com\\\/lazru_official\\\/\"]}]}<\/script>\n<!-- \/ Yoast SEO Premium plugin. -->","yoast_head_json":{"title":"GTC - LAZRU","robots":{"index":"noindex","follow":"follow"},"og_locale":"hr_HR","og_type":"article","og_title":"AGB","og_description":"Allgemeine Gesch\u00e4ftsbedingungen und Kundeninformationen I. Allgemeine Gesch\u00e4ftsbedingungen \u00a7 1 Grundlegende Bestimmungen (1) Die nachstehenden Gesch\u00e4ftsbedingungen gelten f\u00fcr alle Vertr\u00e4ge, die Sie mit uns als Anbieter (Lazru) \u00fcber die Internetseite www.lazru.com schlie\u00dfen. Soweit nicht anders vereinbart, wird der Einbeziehung gegebenenfalls von Ihnen verwendeter eigener Bedingungen widersprochen. (2)&nbsp;Verbraucher im Sinne der nachstehenden Regelungen ist jede nat\u00fcrliche Person, [&hellip;]","og_url":"https:\/\/lazru.com\/hr\/uvjeti\/","og_site_name":"LAZRU","article_modified_time":"2023-06-15T11:42:16+00:00","og_image":[{"url":"https:\/\/lazru.com\/wp-content\/uploads\/2023\/06\/Laz.jpg","type":"","width":"","height":""}],"twitter_card":"summary_large_image","twitter_misc":{"Procijenjeno vrijeme \u010ditanja":"8 minuta"},"schema":{"@context":"https:\/\/schema.org","@graph":[{"@type":"WebPage","@id":"https:\/\/lazru.com\/agb\/","url":"https:\/\/lazru.com\/agb\/","name":"GTC - LAZRU","isPartOf":{"@id":"https:\/\/lazru.com\/es\/#website"},"primaryImageOfPage":{"@id":"https:\/\/lazru.com\/agb\/#primaryimage"},"image":{"@id":"https:\/\/lazru.com\/agb\/#primaryimage"},"thumbnailUrl":"https:\/\/lazru.com\/wp-content\/uploads\/2023\/06\/Laz.jpg","datePublished":"2021-09-14T13:12:11+00:00","dateModified":"2023-06-15T11:42:16+00:00","breadcrumb":{"@id":"https:\/\/lazru.com\/agb\/#breadcrumb"},"inLanguage":"hr","potentialAction":[{"@type":"ReadAction","target":["https:\/\/lazru.com\/agb\/"]}]},{"@type":"ImageObject","inLanguage":"hr","@id":"https:\/\/lazru.com\/agb\/#primaryimage","url":"https:\/\/lazru.com\/wp-content\/uploads\/2023\/06\/Laz.jpg","contentUrl":"https:\/\/lazru.com\/wp-content\/uploads\/2023\/06\/Laz.jpg"},{"@type":"BreadcrumbList","@id":"https:\/\/lazru.com\/agb\/#breadcrumb","itemListElement":[{"@type":"ListItem","position":1,"name":"LAZRU","item":"https:\/\/lazru.com\/"},{"@type":"ListItem","position":2,"name":"AGB"}]},{"@type":"WebSite","@id":"https:\/\/lazru.com\/es\/#website","url":"https:\/\/lazru.com\/es\/","name":"LAZRU","description":"Serum za rast Trepavica &amp; Serum za rast Obrva","publisher":{"@id":"https:\/\/lazru.com\/es\/#organization"},"potentialAction":[{"@type":"SearchAction","target":{"@type":"EntryPoint","urlTemplate":"https:\/\/lazru.com\/es\/?s={search_term_string}"},"query-input":{"@type":"PropertyValueSpecification","valueRequired":true,"valueName":"search_term_string"}}],"inLanguage":"hr"},{"@type":"Organization","@id":"https:\/\/lazru.com\/es\/#organization","name":"LAZRU","url":"https:\/\/lazru.com\/es\/","logo":{"@type":"ImageObject","inLanguage":"hr","@id":"https:\/\/lazru.com\/es\/#\/schema\/logo\/image\/","url":"https:\/\/lazru.com\/wp-content\/uploads\/2021\/09\/cropped-lazru-wimpernserum-logo.png","contentUrl":"https:\/\/lazru.com\/wp-content\/uploads\/2021\/09\/cropped-lazru-wimpernserum-logo.png","width":211,"height":97,"caption":"LAZRU"},"image":{"@id":"https:\/\/lazru.com\/es\/#\/schema\/logo\/image\/"},"sameAs":["https:\/\/www.instagram.com\/lazru_official\/"]}]}},"_links":{"self":[{"href":"https:\/\/lazru.com\/hr\/wp-json\/wp\/v2\/pages\/31","targetHints":{"allow":["GET"]}}],"collection":[{"href":"https:\/\/lazru.com\/hr\/wp-json\/wp\/v2\/pages"}],"about":[{"href":"https:\/\/lazru.com\/hr\/wp-json\/wp\/v2\/types\/page"}],"author":[{"embeddable":true,"href":"https:\/\/lazru.com\/hr\/wp-json\/wp\/v2\/users\/1"}],"replies":[{"embeddable":true,"href":"https:\/\/lazru.com\/hr\/wp-json\/wp\/v2\/comments?post=31"}],"version-history":[{"count":3,"href":"https:\/\/lazru.com\/hr\/wp-json\/wp\/v2\/pages\/31\/revisions"}],"predecessor-version":[{"id":16915,"href":"https:\/\/lazru.com\/hr\/wp-json\/wp\/v2\/pages\/31\/revisions\/16915"}],"wp:attachment":[{"href":"https:\/\/lazru.com\/hr\/wp-json\/wp\/v2\/media?parent=31"}],"curies":[{"name":"wp","href":"https:\/\/api.w.org\/{rel}","templated":true}]}}