{"id":30,"date":"2021-09-14T13:12:11","date_gmt":"2021-09-14T13:12:11","guid":{"rendered":"https:\/\/lazru.com\/impressum"},"modified":"2023-07-14T13:03:25","modified_gmt":"2023-07-14T11:03:25","slug":"impressum","status":"publish","type":"page","link":"https:\/\/lazru.com\/hr\/otisak\/","title":{"rendered":"Otisak"},"content":{"rendered":"<p><strong>Odricanje<br><\/strong>Sadr\u017eaj ove web stranice kreiran je s najve\u0107om pa\u017enjom. Me\u0111utim, Lazru ne preuzima nikakvu odgovornost za to\u010dnost, potpunost i pravodobnost ponu\u0111enog sadr\u017eaja. Sadr\u017eaj web stranice koristi se na vlastitu odgovornost korisnika.<\/p>\n\n\n\n<p>1. Vanjske veze:<br>Za vanjske poveznice na web stranice tre\u0107ih strana (\"vanjske veze\"). Ove web stranice podlije\u017eu odgovornosti odgovaraju\u0107ih operatera. Kada su vanjske poveznice prvi put povezane, pru\u017eatelj je provjerio ima li u sadr\u017eaju tre\u0107e strane kr\u0161enja zakona. U to vrijeme nisu bila vidljiva nikakva kr\u0161enja zakona. Ponuditelj nema nikakvog utjecaja na trenutni i budu\u0107i dizajn i sadr\u017eaj povezanih stranica. Postavljanje vanjskih poveznica ne zna\u010di da pru\u017eatelj preuzima sadr\u017eaj iza reference ili poveznice kao svoj. Konstantno pra\u0107enje vanjskih poveznica nije razumno za pru\u017eatelja bez konkretnih dokaza o kr\u0161enju zakona. Me\u0111utim, ako postanemo svjesni kr\u0161enja zakona, takve vanjske poveznice bit \u0107e odmah izbrisane.<\/p>\n\n\n\n<p>2. Autorska prava i pomo\u0107na autorska prava | @ copyright:<br>Sadr\u017eaj objavljen na ovoj web stranici podlije\u017ee njema\u010dkim autorskim pravima i sporednim autorskim pravima. Bilo kakva uporaba koja nije dopu\u0161tena njema\u010dkim zakonom o autorskim pravima i pomo\u0107nim zakonima o autorskim pravima zahtijeva prethodnu pismenu suglasnost pru\u017eatelja ili doti\u010dnog nositelja prava. To se posebno odnosi na umno\u017eavanje, obradu, prevo\u0111enje, pohranu, obradu ili reprodukciju sadr\u017eaja u bazama podataka ili drugim elektroni\u010dkim medijima i sustavima. Neovla\u0161teno umno\u017eavanje ili proslje\u0111ivanje pojedina\u010dnih sadr\u017eaja ili cijelih stranica nije dopu\u0161teno i ka\u017enjivo je zakonom. Dopu\u0161tena je samo proizvodnja kopija i preuzimanje za osobnu, privatnu i nekomercijalnu upotrebu. Prezentacija ove web stranice u vanjskim okvirima dopu\u0161tena je samo uz pisano dopu\u0161tenje.<\/p>\n\n\n\n<p>3. Privatnost<br>Posjetom web-mjesta davatelja mogu se pohraniti informacije o pristupu (datum, vrijeme, pregledana stranica). Ovi podaci ne pripadaju osobnim podacima, ve\u0107 su anonimizirani. Ocjenjuju se samo u statisti\u010dke svrhe. Prijenos tre\u0107im stranama, u komercijalne ili nekomercijalne svrhe, se ne odvija. Pru\u017eatelj izri\u010dito isti\u010de da prijenos podataka na internetu (npr. pri komunikaciji putem e-po\u0161te) ima sigurnosne nedostatke i da se ne mo\u017ee u potpunosti za\u0161tititi od pristupa tre\u0107ih strana.<\/p>\n\n\n\n<p>Kori\u0161tenje podataka za kontakt u impresumu za komercijalno ogla\u0161avanje izri\u010dito se ne \u017eeli, osim ako je davatelj prethodno dao pisani pristanak ili poslovni odnos ve\u0107 postoji. Pru\u017eatelj i sve osobe navedene na ovoj web stranici se protive bilo kakvoj komercijalnoj upotrebi i otkrivanju njihovih podataka.<\/p>\n\n\n\n<p>4. Posebni uvjeti kori\u0161tenja<br>Ukoliko posebni uvjeti za individualno kori\u0161tenje ove web stranice odstupaju od gornjih brojeva 1 do 4, to \u0107e biti izri\u010dito istaknuto na odgovaraju\u0107oj to\u010dki. U tom slu\u010daju vrijede posebni uvjeti kori\u0161tenja u svakom pojedina\u010dnom slu\u010daju.<\/p>\n\n\n\n<p>Lazru je brend: <\/p>\n\n\n\n<figure class=\"wp-block-image size-full is-resized\"><img loading=\"lazy\" decoding=\"async\" src=\"https:\/\/lazru.com\/wp-content\/uploads\/2022\/05\/Sum.png\" alt=\"\" class=\"wp-image-1675\" width=\"239\" height=\"165\" srcset=\"https:\/\/lazru.com\/wp-content\/uploads\/2022\/05\/Sum.png 550w, https:\/\/lazru.com\/wp-content\/uploads\/2022\/05\/Sum-300x207.png 300w, https:\/\/lazru.com\/wp-content\/uploads\/2022\/05\/Sum-18x12.png 18w\" sizes=\"auto, (max-width: 239px) 100vw, 239px\" \/><\/figure>\n\n\n\n<p><strong>Alternativno rje\u0161avanje sporova:<\/strong><\/p>\n\n\n\n<p>Europska komisija osigurava platformu za izvansudsko online rje\u0161avanje sporova (OS platforma), kojoj se mo\u017ee pristupiti na&nbsp;<a href=\"https:\/\/ec.europa.eu\/odr\" target=\"_blank\" rel=\"noreferrer noopener\">https:\/\/ec.europa.eu\/odr<\/a>.<\/p>","protected":false},"excerpt":{"rendered":"<p>HaftungsausschlussDie Inhalte dieser Website werden mit gr\u00f6\u00dftm\u00f6glicher Sorgfalt erstellt. Lazru \u00fcbernimmt jedoch keine Gew\u00e4hr f\u00fcr die Richtigkeit, Vollst\u00e4ndigkeit und Aktualit\u00e4t der bereitgestellten Inhalte. Die Nutzung der Inhalte der Website erfolgt auf eigene Gefahr des Nutzers. 1. Externe Links:Bei externen Verkn\u00fcpfungen zu Websites Dritter (\u201eexterne Links\u201c). unterliegen diese Websites der Haftung der jeweiligen Betreiber. Der Anbieter [&hellip;]<\/p>\n","protected":false},"author":1,"featured_media":0,"parent":0,"menu_order":0,"comment_status":"closed","ping_status":"closed","template":"","meta":{"footnotes":""},"class_list":["post-30","page","type-page","status-publish","hentry"],"blocksy_meta":[],"yoast_head":"<!-- This site is optimized with the Yoast SEO Premium plugin v23.4 (Yoast SEO v27.4) - https:\/\/yoast.com\/product\/yoast-seo-premium-wordpress\/ -->\n<title>Impressum - LAZRU<\/title>\n<meta name=\"robots\" content=\"noindex, nofollow\" \/>\n<meta property=\"og:locale\" content=\"hr_HR\" \/>\n<meta property=\"og:type\" content=\"article\" \/>\n<meta property=\"og:title\" content=\"Impressum\" \/>\n<meta property=\"og:description\" content=\"HaftungsausschlussDie Inhalte dieser Website werden mit gr\u00f6\u00dftm\u00f6glicher Sorgfalt erstellt. Lazru \u00fcbernimmt jedoch keine Gew\u00e4hr f\u00fcr die Richtigkeit, Vollst\u00e4ndigkeit und Aktualit\u00e4t der bereitgestellten Inhalte. Die Nutzung der Inhalte der Website erfolgt auf eigene Gefahr des Nutzers. 1. Externe Links:Bei externen Verkn\u00fcpfungen zu Websites Dritter (\u201eexterne Links\u201c). unterliegen diese Websites der Haftung der jeweiligen Betreiber. Der Anbieter [&hellip;]\" \/>\n<meta property=\"og:url\" content=\"https:\/\/lazru.com\/hr\/otisak\/\" \/>\n<meta property=\"og:site_name\" content=\"LAZRU\" \/>\n<meta property=\"article:modified_time\" content=\"2023-07-14T11:03:25+00:00\" \/>\n<meta property=\"og:image\" content=\"https:\/\/lazru.com\/wp-content\/uploads\/2022\/05\/Sum.png\" \/>\n<meta name=\"twitter:card\" content=\"summary_large_image\" \/>\n<meta name=\"twitter:label1\" content=\"Procijenjeno vrijeme \u010ditanja\" \/>\n\t<meta name=\"twitter:data1\" content=\"3 minute\" \/>\n<script type=\"application\/ld+json\" class=\"yoast-schema-graph\">{\"@context\":\"https:\\\/\\\/schema.org\",\"@graph\":[{\"@type\":\"WebPage\",\"@id\":\"https:\\\/\\\/lazru.com\\\/impressum\\\/\",\"url\":\"https:\\\/\\\/lazru.com\\\/impressum\\\/\",\"name\":\"Impressum - LAZRU\",\"isPartOf\":{\"@id\":\"https:\\\/\\\/lazru.com\\\/es\\\/#website\"},\"primaryImageOfPage\":{\"@id\":\"https:\\\/\\\/lazru.com\\\/impressum\\\/#primaryimage\"},\"image\":{\"@id\":\"https:\\\/\\\/lazru.com\\\/impressum\\\/#primaryimage\"},\"thumbnailUrl\":\"https:\\\/\\\/lazru.com\\\/wp-content\\\/uploads\\\/2022\\\/05\\\/Sum.png\",\"datePublished\":\"2021-09-14T13:12:11+00:00\",\"dateModified\":\"2023-07-14T11:03:25+00:00\",\"breadcrumb\":{\"@id\":\"https:\\\/\\\/lazru.com\\\/impressum\\\/#breadcrumb\"},\"inLanguage\":\"hr\",\"potentialAction\":[{\"@type\":\"ReadAction\",\"target\":[\"https:\\\/\\\/lazru.com\\\/impressum\\\/\"]}]},{\"@type\":\"ImageObject\",\"inLanguage\":\"hr\",\"@id\":\"https:\\\/\\\/lazru.com\\\/impressum\\\/#primaryimage\",\"url\":\"https:\\\/\\\/lazru.com\\\/wp-content\\\/uploads\\\/2022\\\/05\\\/Sum.png\",\"contentUrl\":\"https:\\\/\\\/lazru.com\\\/wp-content\\\/uploads\\\/2022\\\/05\\\/Sum.png\"},{\"@type\":\"BreadcrumbList\",\"@id\":\"https:\\\/\\\/lazru.com\\\/impressum\\\/#breadcrumb\",\"itemListElement\":[{\"@type\":\"ListItem\",\"position\":1,\"name\":\"LAZRU\",\"item\":\"https:\\\/\\\/lazru.com\\\/\"},{\"@type\":\"ListItem\",\"position\":2,\"name\":\"Impressum\"}]},{\"@type\":\"WebSite\",\"@id\":\"https:\\\/\\\/lazru.com\\\/es\\\/#website\",\"url\":\"https:\\\/\\\/lazru.com\\\/es\\\/\",\"name\":\"LAZRU\",\"description\":\"Wimpernserum &amp; Augenbrauenserum\",\"publisher\":{\"@id\":\"https:\\\/\\\/lazru.com\\\/es\\\/#organization\"},\"potentialAction\":[{\"@type\":\"SearchAction\",\"target\":{\"@type\":\"EntryPoint\",\"urlTemplate\":\"https:\\\/\\\/lazru.com\\\/es\\\/?s={search_term_string}\"},\"query-input\":{\"@type\":\"PropertyValueSpecification\",\"valueRequired\":true,\"valueName\":\"search_term_string\"}}],\"inLanguage\":\"hr\"},{\"@type\":\"Organization\",\"@id\":\"https:\\\/\\\/lazru.com\\\/es\\\/#organization\",\"name\":\"LAZRU\",\"url\":\"https:\\\/\\\/lazru.com\\\/es\\\/\",\"logo\":{\"@type\":\"ImageObject\",\"inLanguage\":\"hr\",\"@id\":\"https:\\\/\\\/lazru.com\\\/es\\\/#\\\/schema\\\/logo\\\/image\\\/\",\"url\":\"https:\\\/\\\/lazru.com\\\/wp-content\\\/uploads\\\/2021\\\/09\\\/cropped-lazru-wimpernserum-logo.png\",\"contentUrl\":\"https:\\\/\\\/lazru.com\\\/wp-content\\\/uploads\\\/2021\\\/09\\\/cropped-lazru-wimpernserum-logo.png\",\"width\":211,\"height\":97,\"caption\":\"LAZRU\"},\"image\":{\"@id\":\"https:\\\/\\\/lazru.com\\\/es\\\/#\\\/schema\\\/logo\\\/image\\\/\"},\"sameAs\":[\"https:\\\/\\\/www.instagram.com\\\/lazru_official\\\/\"]}]}<\/script>\n<!-- \/ Yoast SEO Premium plugin. -->","yoast_head_json":{"title":"Impresum - LAZRU","robots":{"index":"noindex","follow":"nofollow"},"og_locale":"hr_HR","og_type":"article","og_title":"Impressum","og_description":"HaftungsausschlussDie Inhalte dieser Website werden mit gr\u00f6\u00dftm\u00f6glicher Sorgfalt erstellt. Lazru \u00fcbernimmt jedoch keine Gew\u00e4hr f\u00fcr die Richtigkeit, Vollst\u00e4ndigkeit und Aktualit\u00e4t der bereitgestellten Inhalte. Die Nutzung der Inhalte der Website erfolgt auf eigene Gefahr des Nutzers. 1. Externe Links:Bei externen Verkn\u00fcpfungen zu Websites Dritter (\u201eexterne Links\u201c). unterliegen diese Websites der Haftung der jeweiligen Betreiber. Der Anbieter [&hellip;]","og_url":"https:\/\/lazru.com\/hr\/otisak\/","og_site_name":"LAZRU","article_modified_time":"2023-07-14T11:03:25+00:00","og_image":[{"url":"https:\/\/lazru.com\/wp-content\/uploads\/2022\/05\/Sum.png","type":"","width":"","height":""}],"twitter_card":"summary_large_image","twitter_misc":{"Procijenjeno vrijeme \u010ditanja":"3 minute"},"schema":{"@context":"https:\/\/schema.org","@graph":[{"@type":"WebPage","@id":"https:\/\/lazru.com\/impressum\/","url":"https:\/\/lazru.com\/impressum\/","name":"Impresum - LAZRU","isPartOf":{"@id":"https:\/\/lazru.com\/es\/#website"},"primaryImageOfPage":{"@id":"https:\/\/lazru.com\/impressum\/#primaryimage"},"image":{"@id":"https:\/\/lazru.com\/impressum\/#primaryimage"},"thumbnailUrl":"https:\/\/lazru.com\/wp-content\/uploads\/2022\/05\/Sum.png","datePublished":"2021-09-14T13:12:11+00:00","dateModified":"2023-07-14T11:03:25+00:00","breadcrumb":{"@id":"https:\/\/lazru.com\/impressum\/#breadcrumb"},"inLanguage":"hr","potentialAction":[{"@type":"ReadAction","target":["https:\/\/lazru.com\/impressum\/"]}]},{"@type":"ImageObject","inLanguage":"hr","@id":"https:\/\/lazru.com\/impressum\/#primaryimage","url":"https:\/\/lazru.com\/wp-content\/uploads\/2022\/05\/Sum.png","contentUrl":"https:\/\/lazru.com\/wp-content\/uploads\/2022\/05\/Sum.png"},{"@type":"BreadcrumbList","@id":"https:\/\/lazru.com\/impressum\/#breadcrumb","itemListElement":[{"@type":"ListItem","position":1,"name":"LAZRU","item":"https:\/\/lazru.com\/"},{"@type":"ListItem","position":2,"name":"Impressum"}]},{"@type":"WebSite","@id":"https:\/\/lazru.com\/es\/#website","url":"https:\/\/lazru.com\/es\/","name":"LAZRU","description":"Serum za rast Trepavica &amp; Serum za rast Obrva","publisher":{"@id":"https:\/\/lazru.com\/es\/#organization"},"potentialAction":[{"@type":"SearchAction","target":{"@type":"EntryPoint","urlTemplate":"https:\/\/lazru.com\/es\/?s={search_term_string}"},"query-input":{"@type":"PropertyValueSpecification","valueRequired":true,"valueName":"search_term_string"}}],"inLanguage":"hr"},{"@type":"Organization","@id":"https:\/\/lazru.com\/es\/#organization","name":"LAZRU","url":"https:\/\/lazru.com\/es\/","logo":{"@type":"ImageObject","inLanguage":"hr","@id":"https:\/\/lazru.com\/es\/#\/schema\/logo\/image\/","url":"https:\/\/lazru.com\/wp-content\/uploads\/2021\/09\/cropped-lazru-wimpernserum-logo.png","contentUrl":"https:\/\/lazru.com\/wp-content\/uploads\/2021\/09\/cropped-lazru-wimpernserum-logo.png","width":211,"height":97,"caption":"LAZRU"},"image":{"@id":"https:\/\/lazru.com\/es\/#\/schema\/logo\/image\/"},"sameAs":["https:\/\/www.instagram.com\/lazru_official\/"]}]}},"_links":{"self":[{"href":"https:\/\/lazru.com\/hr\/wp-json\/wp\/v2\/pages\/30","targetHints":{"allow":["GET"]}}],"collection":[{"href":"https:\/\/lazru.com\/hr\/wp-json\/wp\/v2\/pages"}],"about":[{"href":"https:\/\/lazru.com\/hr\/wp-json\/wp\/v2\/types\/page"}],"author":[{"embeddable":true,"href":"https:\/\/lazru.com\/hr\/wp-json\/wp\/v2\/users\/1"}],"replies":[{"embeddable":true,"href":"https:\/\/lazru.com\/hr\/wp-json\/wp\/v2\/comments?post=30"}],"version-history":[{"count":7,"href":"https:\/\/lazru.com\/hr\/wp-json\/wp\/v2\/pages\/30\/revisions"}],"predecessor-version":[{"id":33179,"href":"https:\/\/lazru.com\/hr\/wp-json\/wp\/v2\/pages\/30\/revisions\/33179"}],"wp:attachment":[{"href":"https:\/\/lazru.com\/hr\/wp-json\/wp\/v2\/media?parent=30"}],"curies":[{"name":"wp","href":"https:\/\/api.w.org\/{rel}","templated":true}]}}