{"id":32,"date":"2021-09-14T13:12:11","date_gmt":"2021-09-14T13:12:11","guid":{"rendered":"https:\/\/lazru.com\/widerrufsbelehrung"},"modified":"2023-12-07T14:48:40","modified_gmt":"2023-12-07T13:48:40","slug":"widerrufsrecht","status":"publish","type":"page","link":"https:\/\/lazru.com\/fr\/droit-de-revocation\/","title":{"rendered":"Droit de retrait"},"content":{"rendered":"<p><strong>Droit de r\u00e9tractation pour les consommateurs<\/strong><\/p>\n\n\n\n<p>Un consommateur est toute personne physique qui conclut une transaction juridique \u00e0 des fins qui ne sont principalement ni commerciales ni ind\u00e9pendantes.<\/p>\n\n\n\n<p><strong>Droit de r\u00e9tractation Lazru<\/strong><\/p>\n\n\n\n<p><strong>Droit de retrait<\/strong><\/p>\n\n\n\n<p>Vous avez le droit de vous r\u00e9tracter du pr\u00e9sent contrat dans un d\u00e9lai de quatorze jours. <strong>Le droit de r\u00e9tractation est exclu pour les articles d'hygi\u00e8ne usag\u00e9s.<\/strong> Le d\u00e9lai de r\u00e9tractation est de quatorze jours \u00e0 compter du jour o\u00f9 vous-m\u00eame ou un tiers d\u00e9sign\u00e9 par vous, qui n'est pas le transporteur, avez pris possession des marchandises, dans la mesure o\u00f9 vous avez command\u00e9 une ou plusieurs marchandises dans le cadre d'une commande unique et o\u00f9 celles-ci sont livr\u00e9es de mani\u00e8re unique.<\/p>\n\n\n\n<p>Pour exercer votre droit de r\u00e9tractation, vous devez nous informer de votre d\u00e9cision de vous retirer du pr\u00e9sent contrat au moyen d'une d\u00e9claration claire (par exemple, une lettre envoy\u00e9e par la poste, un fax ou un e-mail). Vous pouvez utiliser \u00e0 cette fin le mod\u00e8le de formulaire de retrait ci-joint, qui n'est toutefois pas obligatoire.<\/p>\n\n\n\n<p>Pour respecter le d\u00e9lai de r\u00e9tractation, il suffit que vous envoyiez la notification de l'exercice du droit de r\u00e9tractation avant la fin du d\u00e9lai de r\u00e9tractation.<\/p>\n\n\n\n<p>La r\u00e9vocation est adress\u00e9e \u00e0<\/p>\n\n\n\n<figure class=\"wp-block-image size-full is-resized\"><a href=\"https:\/\/lazru.com\/wp-content\/uploads\/2023\/12\/Laz-2.jpg\"><img loading=\"lazy\" decoding=\"async\" width=\"650\" height=\"685\" src=\"https:\/\/lazru.com\/wp-content\/uploads\/2023\/12\/Laz-2.jpg\" alt=\"\" class=\"wp-image-22583\" style=\"width:226px;height:auto\" srcset=\"https:\/\/lazru.com\/wp-content\/uploads\/2023\/12\/Laz-2.jpg 650w, https:\/\/lazru.com\/wp-content\/uploads\/2023\/12\/Laz-2-285x300.jpg 285w, https:\/\/lazru.com\/wp-content\/uploads\/2023\/12\/Laz-2-11x12.jpg 11w, https:\/\/lazru.com\/wp-content\/uploads\/2023\/12\/Laz-2-600x632.jpg 600w\" sizes=\"auto, (max-width: 650px) 100vw, 650px\" \/><\/a><\/figure>\n\n\n\n<p><\/p>\n\n\n\n<p><strong>Adresse de livraison ci-dessous.<\/strong><\/p>\n\n\n\n<p><strong>Cons\u00e9quences de la r\u00e9vocation<\/strong><\/p>\n\n\n\n<p>Si vous vous r\u00e9tractez du pr\u00e9sent contrat, nous devons vous rembourser tous les paiements que nous avons re\u00e7us de vous, y compris les frais de livraison (\u00e0 l'exception des frais suppl\u00e9mentaires r\u00e9sultant du fait que vous avez choisi un type de livraison autre que la livraison standard la moins ch\u00e8re que nous proposons), sans d\u00e9lai et au plus tard dans les quatorze jours \u00e0 compter du jour o\u00f9 nous avons re\u00e7u la notification de votre r\u00e9traction du pr\u00e9sent contrat. Pour ce remboursement, nous utiliserons le m\u00eame moyen de paiement que celui que vous avez utilis\u00e9 pour la transaction initiale, sauf accord expr\u00e8s avec vous ; en aucun cas, ce remboursement ne vous sera factur\u00e9.<\/p>\n\n\n\n<p>Nous pouvons refuser le remboursement jusqu'\u00e0 ce que nous ayons re\u00e7u les marchandises en retour ou jusqu'\u00e0 ce que vous ayez fourni la preuve que vous avez retourn\u00e9 les marchandises, la date la plus proche \u00e9tant retenue.<\/p>\n\n\n\n<p><strong>Renvoie \u00e0<\/strong><\/p>\n\n\n\n<p>Vous devez nous renvoyer ou nous remettre les marchandises imm\u00e9diatement et, en tout \u00e9tat de cause, au plus tard quatorze jours \u00e0 compter du jour o\u00f9 vous nous informez de l'annulation du pr\u00e9sent contrat. Le d\u00e9lai est respect\u00e9 si vous envoyez les marchandises avant la fin de la p\u00e9riode de quatorze jours.<\/p>\n\n\n\n<p>Les frais directs de renvoi de la marchandise sont \u00e0 votre charge.<\/p>\n\n\n\n<p>Vous ne devez payer la perte de valeur des marchandises que si cette perte de valeur est due \u00e0 une manipulation des marchandises qui n'est pas n\u00e9cessaire pour tester la qualit\u00e9, les caract\u00e9ristiques et le fonctionnement des marchandises.<\/p>\n\n\n\n<p><strong>Raisons de l'exclusion ou de l'expiration<\/strong><\/p>\n\n\n\n<p><strong>Exclusion du droit de r\u00e9tractation<\/strong>:<\/p>\n\n\n\n<p>Pas de droit de r\u00e9tractation pour les biens rapidement p\u00e9rissables ou dont la date de p\u00e9remption serait rapidement d\u00e9pass\u00e9e. Extinction anticip\u00e9e en cas de livraison de marchandises scell\u00e9es qui, pour des raisons de protection de la sant\u00e9 ou d'hygi\u00e8ne, ne peuvent \u00eatre retourn\u00e9es si leur sceau a \u00e9t\u00e9 retir\u00e9 apr\u00e8s la livraison ; (1) Conform\u00e9ment au \u00a7 312g alin\u00e9a 2 n\u00b0 2 BGB, il n'existe aucun droit de r\u00e9tractation pour le Lazru si le sceau a \u00e9t\u00e9 retir\u00e9 de l'emballage. En effet, le Lazru est une marchandise au sens de l'article 312g, paragraphe 2, point 2, du BGB, qui se d\u00e9t\u00e9riorerait rapidement si le sceau \u00e9tait bris\u00e9 ou dont la date de p\u00e9remption serait rapidement d\u00e9pass\u00e9e \u00e0 partir de ce moment (2 mois apr\u00e8s l'ouverture du Lazru). (2) Le droit de r\u00e9tractation n'existe donc pas, conform\u00e9ment \u00e0 l'article 312g, paragraphe 2, point 2, du BGB, si le sceau du Lazru a \u00e9t\u00e9 retir\u00e9 apr\u00e8s la livraison, parce qu'il y a un risque que le produit retourn\u00e9 arrive chez le r\u00e9-acheteur avec une dur\u00e9e de conservation beaucoup plus courte.<\/p>\n\n\n\n<p>Le droit de r\u00e9tractation est exclu dans ce contexte, car le s\u00e9rum avec sceau bris\u00e9 \u00e0 reprendre serait difficile, voire impossible \u00e0 revendre pour Lazru, compte tenu de la dur\u00e9e du retour.<\/p>\n\n\n\n<p><strong>Le droit de r\u00e9tractation est exclu pour les articles d'hygi\u00e8ne utilis\u00e9s<\/strong>.<\/p>\n\n\n\n<hr class=\"wp-block-separator has-css-opacity\"\/>\n\n\n\n<p>Le droit de r\u00e9tractation existe <strong>pas<\/strong> pour les contrats<\/p>\n\n\n\n<ul class=\"wp-block-list\">\n<li>pour la livraison de biens qui ne sont pas pr\u00e9fabriqu\u00e9s et pour la production desquels une s\u00e9lection ou une d\u00e9termination individuelle par le consommateur est d\u00e9cisive ou qui sont clairement adapt\u00e9s aux besoins personnels du consommateur ;<\/li>\n\n\n\n<li>pour la livraison de marchandises qui peuvent se d\u00e9t\u00e9riorer rapidement ou dont la date de p\u00e9remption serait rapidement d\u00e9pass\u00e9e ;<\/li>\n\n\n\n<li>contrats d'abonnement.<\/li>\n<\/ul>\n\n\n\n<p>&#8212;&#8212;&#8211;<\/p>\n\n\n\n<p><strong>Le droit de r\u00e9tractation expire pr\u00e9matur\u00e9ment dans le cas de contrats<\/strong><\/p>\n\n\n\n<ul class=\"wp-block-list\">\n<li>pour la livraison de marchandises scell\u00e9es qui ne peuvent \u00eatre retourn\u00e9es pour des raisons de protection de la sant\u00e9 ou d'hygi\u00e8ne si leur sceau a \u00e9t\u00e9 enlev\u00e9 apr\u00e8s la livraison ;<\/li>\n\n\n\n<li>pour la livraison de marchandises si celles-ci ont \u00e9t\u00e9 m\u00e9lang\u00e9es de mani\u00e8re indissociable avec d'autres marchandises apr\u00e8s la livraison en raison de leur nature ;<\/li>\n<\/ul>\n\n\n\n<p>_______<\/p>\n\n\n\n<p><strong>Mod\u00e8le de formulaire d'annulation<\/strong><\/p>\n\n\n\n<p>Si vous souhaitez annuler le contrat, veuillez remplir et renvoyer ce formulaire.<br><strong>Le droit de r\u00e9tractation est exclu pour les articles d'hygi\u00e8ne usag\u00e9s.<\/strong><\/p>\n\n\n\n<p>1. Retour \u00e0 :<\/p>\n\n\n\n<p>VDS - Shipping and Data Service <br>c\/o Alaiko GmbH <br>Siemensstra\u00dfe 14<br>D-37412 Herzberg am Harz<br>Germany<br><br>Courrier \u00e9lectronique : info@lazru.com<\/p>\n\n\n\n<p>2. Je r\u00e9voque\/nous r\u00e9voquons par la pr\u00e9sente le contrat conclu par moi\/nous pour l'achat des biens suivants \/ la prestation des services suivants<br>Service (joindre une copie de la facture si n\u00e9cessaire)<br>Num\u00e9ro de commande : ..........................................<br>Quantit\u00e9 \/ nom des marchandises : ...........................<br>Prix d'achat : ...................................................<br>D\u00e9j\u00e0 utilis\u00e9 ? Le droit de r\u00e9tractation est exclu pour les articles d'hygi\u00e8ne utilis\u00e9s.<\/p>\n\n\n\n<p>3. Command\u00e9 sur : ........................<\/p>\n\n\n\n<p>4. Raison : .............................................<\/p>\n\n\n\n<p>5. Re\u00e7u le : ........................<\/p>\n\n\n\n<p>6. Nom, adresse du consommateur : ......<br>Num\u00e9ro de client : ........................................<br>Pr\u00e9nom et nom de famille : .................................<br>Rue : .......................................................<br>Code postal et ville : ..................................................<\/p>\n\n\n\n<p>7. Lieu, date &amp; signature du client :<br>&#8230;&#8230;&#8230;&#8230;&#8230;&#8230;&#8230;&#8230;&#8230;&#8230;&#8230;&#8230;&#8230;&#8230;&#8230;&#8230;&#8230;.<\/p>","protected":false},"excerpt":{"rendered":"<p>Widerrufsrecht f\u00fcr Verbraucher Verbraucher ist jede nat\u00fcrliche Person, die ein Rechtsgesch\u00e4ft zu Zwecken abschlie\u00dft, die \u00fcberwiegend weder ihrer gewerblichen noch ihrer selbstst\u00e4ndigen beruflichen T\u00e4tigkeit zugerechnet werden kann. Widerrufsbelehrung Lazru Widerrufsrecht [&hellip;]<\/p>","protected":false},"author":1,"featured_media":0,"parent":0,"menu_order":0,"comment_status":"closed","ping_status":"closed","template":"","meta":{"_uag_custom_page_level_css":"","advgb_blocks_editor_width":"","advgb_blocks_columns_visual_guide":"","site-sidebar-layout":"default","site-content-layout":"default","ast-site-content-layout":"default","site-content-style":"default","site-sidebar-style":"default","ast-global-header-display":"","ast-banner-title-visibility":"","ast-main-header-display":"","ast-hfb-above-header-display":"","ast-hfb-below-header-display":"","ast-hfb-mobile-header-display":"","site-post-title":"","ast-breadcrumbs-content":"","ast-featured-img":"","footer-sml-layout":"","ast-disable-related-posts":"","theme-transparent-header-meta":"default","adv-header-id-meta":"","stick-header-meta":"default","header-above-stick-meta":"","header-main-stick-meta":"","header-below-stick-meta":"","astra-migrate-meta-layouts":"set","ast-page-background-enabled":"default","ast-page-background-meta":{"desktop":{"background-color":"","background-image":"","background-repeat":"repeat","background-position":"center center","background-size":"auto","background-attachment":"scroll","background-type":"","background-media":"","overlay-type":"","overlay-color":"","overlay-opacity":"","overlay-gradient":""},"tablet":{"background-color":"","background-image":"","background-repeat":"repeat","background-position":"center center","background-size":"auto","background-attachment":"scroll","background-type":"","background-media":"","overlay-type":"","overlay-color":"","overlay-opacity":"","overlay-gradient":""},"mobile":{"background-color":"","background-image":"","background-repeat":"repeat","background-position":"center center","background-size":"auto","background-attachment":"scroll","background-type":"","background-media":"","overlay-type":"","overlay-color":"","overlay-opacity":"","overlay-gradient":""}},"ast-content-background-meta":{"desktop":{"background-color":"var(--ast-global-color-5)","background-image":"","background-repeat":"repeat","background-position":"center center","background-size":"auto","background-attachment":"scroll","background-type":"","background-media":"","overlay-type":"","overlay-color":"","overlay-opacity":"","overlay-gradient":""},"tablet":{"background-color":"var(--ast-global-color-5)","background-image":"","background-repeat":"repeat","background-position":"center center","background-size":"auto","background-attachment":"scroll","background-type":"","background-media":"","overlay-type":"","overlay-color":"","overlay-opacity":"","overlay-gradient":""},"mobile":{"background-color":"var(--ast-global-color-5)","background-image":"","background-repeat":"repeat","background-position":"center center","background-size":"auto","background-attachment":"scroll","background-type":"","background-media":"","overlay-type":"","overlay-color":"","overlay-opacity":"","overlay-gradient":""}},"footnotes":""},"class_list":["post-32","page","type-page","status-publish","hentry"],"featured_image_src":null,"yoast_head":"<!-- This site is optimized with the Yoast SEO Premium plugin v23.4 (Yoast SEO v26.6) - https:\/\/yoast.com\/wordpress\/plugins\/seo\/ -->\n<title>Widerrufsrecht - LAZRU<\/title>\n<meta name=\"robots\" content=\"noindex, nofollow\" \/>\n<meta property=\"og:locale\" content=\"fr_FR\" \/>\n<meta property=\"og:type\" content=\"article\" \/>\n<meta property=\"og:title\" content=\"Widerrufsrecht\" \/>\n<meta property=\"og:description\" content=\"Widerrufsrecht f\u00fcr Verbraucher Verbraucher ist jede nat\u00fcrliche Person, die ein Rechtsgesch\u00e4ft zu Zwecken abschlie\u00dft, die \u00fcberwiegend weder ihrer gewerblichen noch ihrer selbstst\u00e4ndigen beruflichen T\u00e4tigkeit zugerechnet werden kann. Widerrufsbelehrung Lazru Widerrufsrecht [&hellip;]\" \/>\n<meta property=\"og:url\" content=\"https:\/\/lazru.com\/fr\/droit-de-revocation\/\" \/>\n<meta property=\"og:site_name\" content=\"LAZRU\" \/>\n<meta property=\"article:modified_time\" content=\"2023-12-07T13:48:40+00:00\" \/>\n<meta property=\"og:image\" content=\"https:\/\/lazru.com\/wp-content\/uploads\/2023\/12\/Laz-2.jpg\" \/>\n<meta name=\"twitter:card\" content=\"summary_large_image\" \/>\n<meta name=\"twitter:label1\" content=\"Dur\u00e9e de lecture estim\u00e9e\" \/>\n\t<meta name=\"twitter:data1\" content=\"5 minutes\" \/>\n<script type=\"application\/ld+json\" class=\"yoast-schema-graph\">{\"@context\":\"https:\/\/schema.org\",\"@graph\":[{\"@type\":\"WebPage\",\"@id\":\"https:\/\/lazru.com\/widerrufsrecht\/\",\"url\":\"https:\/\/lazru.com\/widerrufsrecht\/\",\"name\":\"Widerrufsrecht - LAZRU\",\"isPartOf\":{\"@id\":\"https:\/\/lazru.com\/es\/#website\"},\"primaryImageOfPage\":{\"@id\":\"https:\/\/lazru.com\/widerrufsrecht\/#primaryimage\"},\"image\":{\"@id\":\"https:\/\/lazru.com\/widerrufsrecht\/#primaryimage\"},\"thumbnailUrl\":\"https:\/\/lazru.com\/wp-content\/uploads\/2023\/12\/Laz-2.jpg\",\"datePublished\":\"2021-09-14T13:12:11+00:00\",\"dateModified\":\"2023-12-07T13:48:40+00:00\",\"breadcrumb\":{\"@id\":\"https:\/\/lazru.com\/widerrufsrecht\/#breadcrumb\"},\"inLanguage\":\"fr-FR\",\"potentialAction\":[{\"@type\":\"ReadAction\",\"target\":[\"https:\/\/lazru.com\/widerrufsrecht\/\"]}]},{\"@type\":\"ImageObject\",\"inLanguage\":\"fr-FR\",\"@id\":\"https:\/\/lazru.com\/widerrufsrecht\/#primaryimage\",\"url\":\"https:\/\/lazru.com\/wp-content\/uploads\/2023\/12\/Laz-2.jpg\",\"contentUrl\":\"https:\/\/lazru.com\/wp-content\/uploads\/2023\/12\/Laz-2.jpg\"},{\"@type\":\"BreadcrumbList\",\"@id\":\"https:\/\/lazru.com\/widerrufsrecht\/#breadcrumb\",\"itemListElement\":[{\"@type\":\"ListItem\",\"position\":1,\"name\":\"LAZRU\",\"item\":\"https:\/\/lazru.com\/\"},{\"@type\":\"ListItem\",\"position\":2,\"name\":\"Widerrufsrecht\"}]},{\"@type\":\"WebSite\",\"@id\":\"https:\/\/lazru.com\/es\/#website\",\"url\":\"https:\/\/lazru.com\/es\/\",\"name\":\"LAZRU\",\"description\":\"Wimpernserum &amp; Augenbrauenserum\",\"publisher\":{\"@id\":\"https:\/\/lazru.com\/es\/#organization\"},\"potentialAction\":[{\"@type\":\"SearchAction\",\"target\":{\"@type\":\"EntryPoint\",\"urlTemplate\":\"https:\/\/lazru.com\/es\/?s={search_term_string}\"},\"query-input\":{\"@type\":\"PropertyValueSpecification\",\"valueRequired\":true,\"valueName\":\"search_term_string\"}}],\"inLanguage\":\"fr-FR\"},{\"@type\":\"Organization\",\"@id\":\"https:\/\/lazru.com\/es\/#organization\",\"name\":\"LAZRU\",\"url\":\"https:\/\/lazru.com\/es\/\",\"logo\":{\"@type\":\"ImageObject\",\"inLanguage\":\"fr-FR\",\"@id\":\"https:\/\/lazru.com\/es\/#\/schema\/logo\/image\/\",\"url\":\"https:\/\/lazru.com\/wp-content\/uploads\/2021\/09\/cropped-lazru-wimpernserum-logo.png\",\"contentUrl\":\"https:\/\/lazru.com\/wp-content\/uploads\/2021\/09\/cropped-lazru-wimpernserum-logo.png\",\"width\":211,\"height\":97,\"caption\":\"LAZRU\"},\"image\":{\"@id\":\"https:\/\/lazru.com\/es\/#\/schema\/logo\/image\/\"},\"sameAs\":[\"https:\/\/www.instagram.com\/lazru_official\/\"]}]}<\/script>\n<!-- \/ Yoast SEO Premium plugin. -->","yoast_head_json":{"title":"Droit de r\u00e9tractation - LAZRU","robots":{"index":"noindex","follow":"nofollow"},"og_locale":"fr_FR","og_type":"article","og_title":"Widerrufsrecht","og_description":"Widerrufsrecht f\u00fcr Verbraucher Verbraucher ist jede nat\u00fcrliche Person, die ein Rechtsgesch\u00e4ft zu Zwecken abschlie\u00dft, die \u00fcberwiegend weder ihrer gewerblichen noch ihrer selbstst\u00e4ndigen beruflichen T\u00e4tigkeit zugerechnet werden kann. Widerrufsbelehrung Lazru Widerrufsrecht [&hellip;]","og_url":"https:\/\/lazru.com\/fr\/droit-de-revocation\/","og_site_name":"LAZRU","article_modified_time":"2023-12-07T13:48:40+00:00","og_image":[{"url":"https:\/\/lazru.com\/wp-content\/uploads\/2023\/12\/Laz-2.jpg","type":"","width":"","height":""}],"twitter_card":"summary_large_image","twitter_misc":{"Dur\u00e9e de lecture estim\u00e9e":"5 minutes"},"schema":{"@context":"https:\/\/schema.org","@graph":[{"@type":"WebPage","@id":"https:\/\/lazru.com\/widerrufsrecht\/","url":"https:\/\/lazru.com\/widerrufsrecht\/","name":"Droit de r\u00e9tractation - LAZRU","isPartOf":{"@id":"https:\/\/lazru.com\/es\/#website"},"primaryImageOfPage":{"@id":"https:\/\/lazru.com\/widerrufsrecht\/#primaryimage"},"image":{"@id":"https:\/\/lazru.com\/widerrufsrecht\/#primaryimage"},"thumbnailUrl":"https:\/\/lazru.com\/wp-content\/uploads\/2023\/12\/Laz-2.jpg","datePublished":"2021-09-14T13:12:11+00:00","dateModified":"2023-12-07T13:48:40+00:00","breadcrumb":{"@id":"https:\/\/lazru.com\/widerrufsrecht\/#breadcrumb"},"inLanguage":"fr-FR","potentialAction":[{"@type":"ReadAction","target":["https:\/\/lazru.com\/widerrufsrecht\/"]}]},{"@type":"ImageObject","inLanguage":"fr-FR","@id":"https:\/\/lazru.com\/widerrufsrecht\/#primaryimage","url":"https:\/\/lazru.com\/wp-content\/uploads\/2023\/12\/Laz-2.jpg","contentUrl":"https:\/\/lazru.com\/wp-content\/uploads\/2023\/12\/Laz-2.jpg"},{"@type":"BreadcrumbList","@id":"https:\/\/lazru.com\/widerrufsrecht\/#breadcrumb","itemListElement":[{"@type":"ListItem","position":1,"name":"LAZRU","item":"https:\/\/lazru.com\/"},{"@type":"ListItem","position":2,"name":"Widerrufsrecht"}]},{"@type":"WebSite","@id":"https:\/\/lazru.com\/es\/#website","url":"https:\/\/lazru.com\/es\/","name":"LAZRU","description":"Serum Cils &amp; Serum Sourcils","publisher":{"@id":"https:\/\/lazru.com\/es\/#organization"},"potentialAction":[{"@type":"SearchAction","target":{"@type":"EntryPoint","urlTemplate":"https:\/\/lazru.com\/es\/?s={search_term_string}"},"query-input":{"@type":"PropertyValueSpecification","valueRequired":true,"valueName":"search_term_string"}}],"inLanguage":"fr-FR"},{"@type":"Organization","@id":"https:\/\/lazru.com\/es\/#organization","name":"LAZRU","url":"https:\/\/lazru.com\/es\/","logo":{"@type":"ImageObject","inLanguage":"fr-FR","@id":"https:\/\/lazru.com\/es\/#\/schema\/logo\/image\/","url":"https:\/\/lazru.com\/wp-content\/uploads\/2021\/09\/cropped-lazru-wimpernserum-logo.png","contentUrl":"https:\/\/lazru.com\/wp-content\/uploads\/2021\/09\/cropped-lazru-wimpernserum-logo.png","width":211,"height":97,"caption":"LAZRU"},"image":{"@id":"https:\/\/lazru.com\/es\/#\/schema\/logo\/image\/"},"sameAs":["https:\/\/www.instagram.com\/lazru_official\/"]}]}},"uagb_featured_image_src":{"full":false,"thumbnail":false,"medium":false,"medium_large":false,"large":false,"1536x1536":false,"2048x2048":false,"trp-custom-language-flag":false,"woocommerce_thumbnail":false,"woocommerce_single":false,"woocommerce_gallery_thumbnail":false,"crp_thumbnail":false},"uagb_author_info":{"display_name":"Kerem085","author_link":"https:\/\/lazru.com\/fr\/author\/kerem085\/"},"uagb_comment_info":0,"uagb_excerpt":"Widerrufsrecht f\u00fcr Verbraucher Verbraucher ist jede nat\u00fcrliche Person, die ein Rechtsgesch\u00e4ft zu Zwecken abschlie\u00dft, die \u00fcberwiegend weder ihrer gewerblichen noch ihrer selbstst\u00e4ndigen beruflichen T\u00e4tigkeit zugerechnet werden kann. Widerrufsbelehrung Lazru Widerrufsrecht [&hellip;]","coauthors":[],"author_meta":{"author_link":"https:\/\/lazru.com\/fr\/author\/kerem085\/","display_name":"Kerem085"},"relative_dates":{"created":"Publi\u00e9 5 ans il y a","modified":"Mis \u00e0 jour 2 ans il y a"},"absolute_dates":{"created":"Publi\u00e9 le 14. septembre 2021","modified":"Mise \u00e0 jour le 7. d\u00e9cembre 2023"},"absolute_dates_time":{"created":"Publi\u00e9 le 14. septembre 2021 13:12","modified":"Mise \u00e0 jour le 7. d\u00e9cembre 2023 14:48"},"featured_img_caption":"","featured_img":false,"series_order":"","_links":{"self":[{"href":"https:\/\/lazru.com\/fr\/wp-json\/wp\/v2\/pages\/32","targetHints":{"allow":["GET"]}}],"collection":[{"href":"https:\/\/lazru.com\/fr\/wp-json\/wp\/v2\/pages"}],"about":[{"href":"https:\/\/lazru.com\/fr\/wp-json\/wp\/v2\/types\/page"}],"author":[{"embeddable":true,"href":"https:\/\/lazru.com\/fr\/wp-json\/wp\/v2\/users\/1"}],"replies":[{"embeddable":true,"href":"https:\/\/lazru.com\/fr\/wp-json\/wp\/v2\/comments?post=32"}],"version-history":[{"count":10,"href":"https:\/\/lazru.com\/fr\/wp-json\/wp\/v2\/pages\/32\/revisions"}],"predecessor-version":[{"id":22591,"href":"https:\/\/lazru.com\/fr\/wp-json\/wp\/v2\/pages\/32\/revisions\/22591"}],"wp:attachment":[{"href":"https:\/\/lazru.com\/fr\/wp-json\/wp\/v2\/media?parent=32"}],"curies":[{"name":"wp","href":"https:\/\/api.w.org\/{rel}","templated":true}]}}