{"id":31,"date":"2021-09-14T13:12:11","date_gmt":"2021-09-14T13:12:11","guid":{"rendered":"https:\/\/lazru.com\/agb"},"modified":"2023-06-15T13:42:16","modified_gmt":"2023-06-15T11:42:16","slug":"agb","status":"publish","type":"page","link":"https:\/\/lazru.com\/fr\/agb\/","title":{"rendered":"GT&amp;C"},"content":{"rendered":"<p><strong>Conditions g\u00e9n\u00e9rales et informations pour les clients<\/strong><\/p>\n\n\n\n<p>I. Conditions g\u00e9n\u00e9rales d'utilisation<\/p>\n\n\n\n<p>\u00a7 1 Dispositions de base<\/p>\n\n\n\n<p>(1) Les conditions g\u00e9n\u00e9rales de vente suivantes s'appliquent \u00e0 tous les contrats que vous concluez avec nous en tant que fournisseur (Lazru) par le biais du site Internet www.lazru.com. Sauf accord contraire, nous nous opposons \u00e0 l'int\u00e9gration de vos propres conditions \u00e9ventuellement utilis\u00e9es par vous.<\/p>\n\n\n\n<p>(2) Le consommateur au sens des dispositions suivantes est toute personne physique qui conclut un acte juridique \u00e0 des fins qui ne peuvent \u00eatre attribu\u00e9es de mani\u00e8re pr\u00e9pond\u00e9rante ni \u00e0 son activit\u00e9 commerciale ni \u00e0 son activit\u00e9 professionnelle ind\u00e9pendante. Un entrepreneur est toute personne physique ou morale ou une soci\u00e9t\u00e9 de personnes ayant la capacit\u00e9 juridique qui, lors de la conclusion d'un acte juridique, agit dans l'exercice de son activit\u00e9 professionnelle ou commerciale ind\u00e9pendante.<\/p>\n\n\n\n<p>\u00a7 2 Conclusion du contrat<\/p>\n\n\n\n<p>(1) L'objet du contrat est la vente de marchandises.<\/p>\n\n\n\n<p>(2) En pla\u00e7ant le produit respectif sur notre site web, nous vous soumettons une offre contraignante pour conclure un contrat aux conditions indiqu\u00e9es dans la description de l'article.<\/p>\n\n\n\n<p>(3) Le contrat est conclu via le syst\u00e8me de panier d'achat en ligne comme suit :<br>Les biens destin\u00e9s \u00e0 l'achat sont plac\u00e9s dans le \"panier\". Vous pouvez appeler le \"panier\" via le bouton correspondant dans la barre de navigation et y apporter des modifications \u00e0 tout moment.<br>Apr\u00e8s avoir appel\u00e9 la page \"Checkout\" et saisi les donn\u00e9es personnelles ainsi que les conditions de paiement et d'exp\u00e9dition, toutes les donn\u00e9es de la commande sont finalement r\u00e9affich\u00e9es sur la page d'aper\u00e7u de la commande.<br>Si vous utilisez un syst\u00e8me de paiement instantan\u00e9 (par exemple PayPal \/ PayPal Express \/ PayPal Plus, Amazon Payments, Postpay, Sofort\u00fcberweisung) comme mode de paiement, vous serez soit dirig\u00e9 vers la page d'aper\u00e7u de la commande dans notre boutique en ligne, soit d'abord redirig\u00e9 vers le site web du fournisseur du syst\u00e8me de paiement instantan\u00e9.<br>Si vous \u00eates redirig\u00e9 vers le syst\u00e8me de paiement instantan\u00e9 correspondant, faites la s\u00e9lection correspondante ou saisissez-y vos donn\u00e9es. Enfin, vous serez redirig\u00e9 vers la page d'aper\u00e7u de la commande de notre boutique en ligne.<br>Avant d'envoyer la commande, vous avez la possibilit\u00e9 de v\u00e9rifier \u00e0 nouveau tous les d\u00e9tails, de les modifier (\u00e9galement via la fonction \"retour\" du navigateur internet) ou d'annuler l'achat.<br>En envoyant la commande via le bouton \"acheter maintenant\", vous d\u00e9clarez l'acceptation juridiquement contraignante de l'offre, par laquelle le contrat est conclu.<\/p>\n\n\n\n<p>(4) Vos demandes d'\u00e9laboration d'une offre sont sans engagement de votre part. Nous vous soumettrons une offre ferme sous forme de texte (par exemple par e-mail), que vous pourrez accepter dans les 5 jours.<\/p>\n\n\n\n<p>(5) Le traitement de la commande et la transmission de toutes les informations n\u00e9cessaires \u00e0 la conclusion du contrat s'effectuent par e-mail, en partie automatiquement. Vous devez donc vous assurer que l'adresse e-mail que vous nous avez fournie est correcte, que la r\u00e9ception des e-mails est techniquement garantie et, en particulier, qu'elle n'est pas emp\u00each\u00e9e par les filtres SPAM.<\/p>\n\n\n\n<p>\u00a7 3 Dur\u00e9e du contrat \/ R\u00e9siliation<\/p>\n\n\n\n<p>Si le contrat concerne des services r\u00e9currents\/permanents (abonnement), le contrat est conclu pour une dur\u00e9e ind\u00e9termin\u00e9e. Chaque partie au contrat a le droit de r\u00e9silier ce contrat sans pr\u00e9avis jusqu'\u00e0 la prochaine date de livraison sans donner de raisons. Le droit de r\u00e9siliation extraordinaire pour de justes motifs, en particulier la violation r\u00e9p\u00e9t\u00e9e des principales obligations contractuelles, n'est pas affect\u00e9.<\/p>\n\n\n\n<p>La r\u00e9siliation peut \u00eatre effectu\u00e9e dans le compte client via le point de menu \"Abonnement\" et l\u00e0 via le \"Formulaire de r\u00e9siliation\" ou sous forme de texte (par courrier ou par e-mail).<\/p>\n\n\n\n<p>\u00a7 4 Droit de r\u00e9tention, r\u00e9serve de propri\u00e9t\u00e9<\/p>\n\n\n\n<p>(1) Vous ne pouvez exercer un droit de r\u00e9tention que dans la mesure o\u00f9 il concerne des cr\u00e9ances issues de la m\u00eame relation contractuelle.<\/p>\n\n\n\n<p>(2) La marchandise reste notre propri\u00e9t\u00e9 jusqu'au paiement int\u00e9gral du prix d'achat.<\/p>\n\n\n\n<p>\u00a7 5 Responsabilit\u00e9<\/p>\n\n\n\n<p>(1) Nous sommes responsables dans chaque cas, sans limitation, des dommages r\u00e9sultant d'une atteinte \u00e0 la vie, \u00e0 l'int\u00e9grit\u00e9 physique ou \u00e0 la sant\u00e9. En outre, notre responsabilit\u00e9 est engag\u00e9e sans limitation dans tous les cas de pr\u00e9m\u00e9ditation et de n\u00e9gligence grave, en cas de dissimulation frauduleuse d'un d\u00e9faut, en cas de prise en charge d'une garantie pour la qualit\u00e9 de l'objet d'achat et dans tous les autres cas r\u00e9glement\u00e9s par la loi.<\/p>\n\n\n\n<p>(2) La responsabilit\u00e9 pour les d\u00e9fauts dans le cadre de la garantie l\u00e9gale est r\u00e9gie par la disposition correspondante dans nos informations client (partie II).<\/p>\n\n\n\n<p>(3) Dans la mesure o\u00f9 des obligations contractuelles essentielles sont affect\u00e9es, notre responsabilit\u00e9 en cas de n\u00e9gligence l\u00e9g\u00e8re est limit\u00e9e au dommage pr\u00e9visible et typique du contrat. Les obligations contractuelles mat\u00e9rielles sont des obligations mat\u00e9rielles qui d\u00e9coulent de la nature du contrat et dont la violation mettrait en p\u00e9ril la r\u00e9alisation de l'objet du contrat ainsi que les obligations que le contrat nous impose selon son contenu pour r\u00e9aliser l'objet du contrat, dont l'ex\u00e9cution rend possible la bonne ex\u00e9cution du contrat en premier lieu et dont le respect peut \u00eatre r\u00e9guli\u00e8rement invoqu\u00e9 par vous.<\/p>\n\n\n\n<p>(4) En cas de violation d'obligations contractuelles immat\u00e9rielles, la responsabilit\u00e9 est exclue en cas de violation d'obligations par n\u00e9gligence l\u00e9g\u00e8re.<\/p>\n\n\n\n<p>(5) Il n'est pas possible de garantir que la communication de donn\u00e9es via Internet soit exempte d'erreurs et\/ou disponible \u00e0 tout moment selon l'\u00e9tat actuel de la technique. \u00c0 cet \u00e9gard, nous ne sommes pas responsables de la disponibilit\u00e9 constante ou ininterrompue du site web et du service qui y est propos\u00e9.<\/p>\n\n\n\n<p>\u00a7 6 Choix de la loi, lieu d'ex\u00e9cution, lieu de juridiction<\/p>\n\n\n\n<p>(1) Le droit allemand est applicable. Dans le cas des consommateurs, ce choix de la loi ne s'applique que dans la mesure o\u00f9 la protection accord\u00e9e par les dispositions imp\u00e9ratives de la loi de l'\u00c9tat de la r\u00e9sidence habituelle du consommateur n'en est pas retir\u00e9e (principe de faveur).<\/p>\n\n\n\n<p>(2) Le lieu d'ex\u00e9cution de toutes les prestations d\u00e9coulant des relations commerciales existant avec nous ainsi que le lieu de juridiction est notre si\u00e8ge social, dans la mesure o\u00f9 vous n'\u00eates pas un consommateur mais un commer\u00e7ant, une personne morale de droit public ou un fonds sp\u00e9cial de droit public. Il en va de m\u00eame si vous n'avez pas de juridiction g\u00e9n\u00e9rale en Allemagne ou dans l'UE ou si votre lieu de r\u00e9sidence ou de s\u00e9jour habituel est inconnu au moment de l'introduction de l'action. Le droit de saisir \u00e9galement la juridiction d'un autre lieu de comp\u00e9tence l\u00e9gale n'est pas affect\u00e9 par cette disposition.<\/p>\n\n\n\n<p>(3) Les dispositions de la Convention des Nations Unies sur les contrats de vente internationale de marchandises ne sont express\u00e9ment pas applicables.<\/p>\n\n\n\n<p>_______<\/p>\n\n\n\n<p>II. Informations sur les clients<\/p>\n\n\n\n<p>1. L'identit\u00e9 du vendeur<\/p>\n\n\n\n<figure class=\"wp-block-image size-full is-resized\"><a href=\"https:\/\/lazru.com\/wp-content\/uploads\/2023\/06\/Laz.jpg\"><img loading=\"lazy\" decoding=\"async\" src=\"https:\/\/lazru.com\/wp-content\/uploads\/2023\/06\/Laz.jpg\" alt=\"\" class=\"wp-image-16396\" width=\"259\" height=\"272\" srcset=\"https:\/\/lazru.com\/wp-content\/uploads\/2023\/06\/Laz.jpg 650w, https:\/\/lazru.com\/wp-content\/uploads\/2023\/06\/Laz-285x300.jpg 285w, https:\/\/lazru.com\/wp-content\/uploads\/2023\/06\/Laz-11x12.jpg 11w, https:\/\/lazru.com\/wp-content\/uploads\/2023\/06\/Laz-600x632.jpg 600w\" sizes=\"auto, (max-width: 259px) 100vw, 259px\" \/><\/a><\/figure>\n\n\n\n<p><\/p>\n\n\n\n<p>La Commission europ\u00e9enne propose une plateforme de r\u00e9solution extrajudiciaire des litiges en ligne (plateforme ODR), disponible \u00e0 l'adresse suivante&nbsp;<a href=\"http:\/\/ec.europa.eu\/odr\" target=\"_blank\" rel=\"noreferrer noopener\">http:\/\/ec.europa.eu\/odr<\/a>.<\/p>\n\n\n\n<p>2. Des informations sur la conclusion du contrat<\/p>\n\n\n\n<p>Les \u00e9tapes techniques pour la conclusion du contrat, la conclusion du contrat lui-m\u00eame et les possibilit\u00e9s de correction sont effectu\u00e9es conform\u00e9ment au \u00a7 2 de nos conditions g\u00e9n\u00e9rales (partie I.).<\/p>\n\n\n\n<p>3. Langue du contrat, stockage du texte du contrat<\/p>\n\n\n\n<p>3.1. La langue du contrat est l'anglais.<\/p>\n\n\n\n<p>3.2 Le texte complet du contrat ne sera pas stock\u00e9 par nous. Avant d'envoyer la commande via le syst\u00e8me de panier en ligne, les donn\u00e9es du contrat peuvent \u00eatre imprim\u00e9es ou sauvegard\u00e9es \u00e9lectroniquement \u00e0 l'aide de la fonction d'impression du navigateur. Apr\u00e8s r\u00e9ception de la commande par nos soins, les donn\u00e9es de la commande, les informations l\u00e9galement requises pour les contrats \u00e0 distance et les conditions g\u00e9n\u00e9rales vous seront \u00e0 nouveau envoy\u00e9es par e-mail.<\/p>\n\n\n\n<p>3.3 En cas de demande d'offre en dehors du syst\u00e8me de panier en ligne, vous recevrez toutes les donn\u00e9es contractuelles dans le cadre d'une offre ferme sous forme de texte, par exemple par e-mail, que vous pourrez imprimer ou sauvegarder \u00e9lectroniquement.<\/p>\n\n\n\n<p>4. Les caract\u00e9ristiques essentielles des biens ou des services<\/p>\n\n\n\n<p>Les caract\u00e9ristiques essentielles des biens et\/ou services peuvent \u00eatre trouv\u00e9es dans l'offre respective.<\/p>\n\n\n\n<p>5. Les prix et les modalit\u00e9s de paiement<\/p>\n\n\n\n<p>5.1 Les prix indiqu\u00e9s dans les offres respectives ainsi que les frais d'exp\u00e9dition repr\u00e9sentent des prix totaux. Ils comprennent tous les \u00e9l\u00e9ments du prix, y compris toutes les taxes applicables.<\/p>\n\n\n\n<p>5.2 Les frais d'exp\u00e9dition encourus ne sont pas inclus dans le prix d'achat. Ils peuvent \u00eatre appel\u00e9s par un bouton correspondant sur notre site web ou dans l'offre respective, sont pr\u00e9sent\u00e9s s\u00e9par\u00e9ment au cours du processus de commande et sont \u00e0 votre charge, sauf si une livraison gratuite a \u00e9t\u00e9 promise.<\/p>\n\n\n\n<p>5.3 Les modes de paiement \u00e0 votre disposition sont indiqu\u00e9s sous un bouton correspondant sur notre site web ou dans l'offre respective.<\/p>\n\n\n\n<p>5.4 Sauf mention contraire dans les diff\u00e9rents modes de paiement, les cr\u00e9ances r\u00e9sultant du contrat conclu sont imm\u00e9diatement exigibles.<\/p>\n\n\n\n<p>6. Les conditions de livraison<\/p>\n\n\n\n<p>6.1 Les conditions de livraison, la date de livraison et les \u00e9ventuelles restrictions de livraison existantes peuvent \u00eatre consult\u00e9es sous un bouton correspondant sur notre site web ou dans l'offre respective.<\/p>\n\n\n\n<p>6.2 Si vous \u00eates un consommateur, il est r\u00e9glement\u00e9 par la loi que le risque de perte accidentelle et de d\u00e9t\u00e9rioration accidentelle de l'objet vendu pendant l'exp\u00e9dition ne vous est transf\u00e9r\u00e9 qu'au moment de la remise des biens, que l'exp\u00e9dition soit assur\u00e9e ou non. Cela ne s'applique pas si vous avez mandat\u00e9 de mani\u00e8re ind\u00e9pendante une entreprise de transport non d\u00e9sign\u00e9e par l'entrepreneur ou une personne autrement d\u00e9sign\u00e9e pour effectuer l'envoi.<\/p>\n\n\n\n<p>7. Responsabilit\u00e9 l\u00e9gale pour les d\u00e9fauts<\/p>\n\n\n\n<p>7.1 Les droits l\u00e9gaux de responsabilit\u00e9 pour les d\u00e9fauts s'appliquent.<\/p>\n\n\n\n<p>7.2 En tant que consommateur, vous \u00eates pri\u00e9 de v\u00e9rifier imm\u00e9diatement apr\u00e8s la livraison que les marchandises sont compl\u00e8tes, qu'elles ne pr\u00e9sentent pas de d\u00e9fauts \u00e9vidents et qu'elles n'ont pas subi de dommages dus au transport, et de nous signaler toute r\u00e9clamation dans les plus brefs d\u00e9lais, ainsi qu'au transporteur. Si vous ne vous y conformez pas, cela n'aura aucun effet sur vos droits \u00e0 la garantie l\u00e9gale.<\/p>","protected":false},"excerpt":{"rendered":"<p>Allgemeine Gesch\u00e4ftsbedingungen und Kundeninformationen I. Allgemeine Gesch\u00e4ftsbedingungen \u00a7 1 Grundlegende Bestimmungen (1) Die nachstehenden Gesch\u00e4ftsbedingungen gelten f\u00fcr alle Vertr\u00e4ge, die Sie mit uns als Anbieter (Lazru) \u00fcber die Internetseite www.lazru.com [&hellip;]<\/p>","protected":false},"author":1,"featured_media":0,"parent":0,"menu_order":0,"comment_status":"closed","ping_status":"closed","template":"","meta":{"_uag_custom_page_level_css":"","advgb_blocks_editor_width":"","advgb_blocks_columns_visual_guide":"","site-sidebar-layout":"default","site-content-layout":"default","ast-site-content-layout":"default","site-content-style":"default","site-sidebar-style":"default","ast-global-header-display":"","ast-banner-title-visibility":"","ast-main-header-display":"","ast-hfb-above-header-display":"","ast-hfb-below-header-display":"","ast-hfb-mobile-header-display":"","site-post-title":"","ast-breadcrumbs-content":"","ast-featured-img":"","footer-sml-layout":"","ast-disable-related-posts":"","theme-transparent-header-meta":"default","adv-header-id-meta":"","stick-header-meta":"default","header-above-stick-meta":"","header-main-stick-meta":"","header-below-stick-meta":"","astra-migrate-meta-layouts":"default","ast-page-background-enabled":"default","ast-page-background-meta":{"desktop":{"background-color":"","background-image":"","background-repeat":"repeat","background-position":"center center","background-size":"auto","background-attachment":"scroll","background-type":"","background-media":"","overlay-type":"","overlay-color":"","overlay-opacity":"","overlay-gradient":""},"tablet":{"background-color":"","background-image":"","background-repeat":"repeat","background-position":"center center","background-size":"auto","background-attachment":"scroll","background-type":"","background-media":"","overlay-type":"","overlay-color":"","overlay-opacity":"","overlay-gradient":""},"mobile":{"background-color":"","background-image":"","background-repeat":"repeat","background-position":"center center","background-size":"auto","background-attachment":"scroll","background-type":"","background-media":"","overlay-type":"","overlay-color":"","overlay-opacity":"","overlay-gradient":""}},"ast-content-background-meta":{"desktop":{"background-color":"var(--ast-global-color-5)","background-image":"","background-repeat":"repeat","background-position":"center center","background-size":"auto","background-attachment":"scroll","background-type":"","background-media":"","overlay-type":"","overlay-color":"","overlay-opacity":"","overlay-gradient":""},"tablet":{"background-color":"var(--ast-global-color-5)","background-image":"","background-repeat":"repeat","background-position":"center center","background-size":"auto","background-attachment":"scroll","background-type":"","background-media":"","overlay-type":"","overlay-color":"","overlay-opacity":"","overlay-gradient":""},"mobile":{"background-color":"var(--ast-global-color-5)","background-image":"","background-repeat":"repeat","background-position":"center center","background-size":"auto","background-attachment":"scroll","background-type":"","background-media":"","overlay-type":"","overlay-color":"","overlay-opacity":"","overlay-gradient":""}},"footnotes":""},"class_list":["post-31","page","type-page","status-publish","hentry"],"featured_image_src":null,"yoast_head":"<!-- This site is optimized with the Yoast SEO Premium plugin v23.4 (Yoast SEO v26.6) - https:\/\/yoast.com\/wordpress\/plugins\/seo\/ -->\n<title>AGB - LAZRU<\/title>\n<meta name=\"robots\" content=\"noindex, follow\" \/>\n<meta property=\"og:locale\" content=\"fr_FR\" \/>\n<meta property=\"og:type\" content=\"article\" \/>\n<meta property=\"og:title\" content=\"AGB\" \/>\n<meta property=\"og:description\" content=\"Allgemeine Gesch\u00e4ftsbedingungen und Kundeninformationen I. Allgemeine Gesch\u00e4ftsbedingungen \u00a7 1 Grundlegende Bestimmungen (1) Die nachstehenden Gesch\u00e4ftsbedingungen gelten f\u00fcr alle Vertr\u00e4ge, die Sie mit uns als Anbieter (Lazru) \u00fcber die Internetseite www.lazru.com [&hellip;]\" \/>\n<meta property=\"og:url\" content=\"https:\/\/lazru.com\/fr\/agb\/\" \/>\n<meta property=\"og:site_name\" content=\"LAZRU\" \/>\n<meta property=\"article:modified_time\" content=\"2023-06-15T11:42:16+00:00\" \/>\n<meta property=\"og:image\" content=\"https:\/\/lazru.com\/wp-content\/uploads\/2023\/06\/Laz.jpg\" \/>\n<meta name=\"twitter:card\" content=\"summary_large_image\" \/>\n<meta name=\"twitter:label1\" content=\"Dur\u00e9e de lecture estim\u00e9e\" \/>\n\t<meta name=\"twitter:data1\" content=\"8 minutes\" \/>\n<script type=\"application\/ld+json\" class=\"yoast-schema-graph\">{\"@context\":\"https:\/\/schema.org\",\"@graph\":[{\"@type\":\"WebPage\",\"@id\":\"https:\/\/lazru.com\/agb\/\",\"url\":\"https:\/\/lazru.com\/agb\/\",\"name\":\"AGB - LAZRU\",\"isPartOf\":{\"@id\":\"https:\/\/lazru.com\/es\/#website\"},\"primaryImageOfPage\":{\"@id\":\"https:\/\/lazru.com\/agb\/#primaryimage\"},\"image\":{\"@id\":\"https:\/\/lazru.com\/agb\/#primaryimage\"},\"thumbnailUrl\":\"https:\/\/lazru.com\/wp-content\/uploads\/2023\/06\/Laz.jpg\",\"datePublished\":\"2021-09-14T13:12:11+00:00\",\"dateModified\":\"2023-06-15T11:42:16+00:00\",\"breadcrumb\":{\"@id\":\"https:\/\/lazru.com\/agb\/#breadcrumb\"},\"inLanguage\":\"fr-FR\",\"potentialAction\":[{\"@type\":\"ReadAction\",\"target\":[\"https:\/\/lazru.com\/agb\/\"]}]},{\"@type\":\"ImageObject\",\"inLanguage\":\"fr-FR\",\"@id\":\"https:\/\/lazru.com\/agb\/#primaryimage\",\"url\":\"https:\/\/lazru.com\/wp-content\/uploads\/2023\/06\/Laz.jpg\",\"contentUrl\":\"https:\/\/lazru.com\/wp-content\/uploads\/2023\/06\/Laz.jpg\"},{\"@type\":\"BreadcrumbList\",\"@id\":\"https:\/\/lazru.com\/agb\/#breadcrumb\",\"itemListElement\":[{\"@type\":\"ListItem\",\"position\":1,\"name\":\"LAZRU\",\"item\":\"https:\/\/lazru.com\/\"},{\"@type\":\"ListItem\",\"position\":2,\"name\":\"AGB\"}]},{\"@type\":\"WebSite\",\"@id\":\"https:\/\/lazru.com\/es\/#website\",\"url\":\"https:\/\/lazru.com\/es\/\",\"name\":\"LAZRU\",\"description\":\"Wimpernserum &amp; Augenbrauenserum\",\"publisher\":{\"@id\":\"https:\/\/lazru.com\/es\/#organization\"},\"potentialAction\":[{\"@type\":\"SearchAction\",\"target\":{\"@type\":\"EntryPoint\",\"urlTemplate\":\"https:\/\/lazru.com\/es\/?s={search_term_string}\"},\"query-input\":{\"@type\":\"PropertyValueSpecification\",\"valueRequired\":true,\"valueName\":\"search_term_string\"}}],\"inLanguage\":\"fr-FR\"},{\"@type\":\"Organization\",\"@id\":\"https:\/\/lazru.com\/es\/#organization\",\"name\":\"LAZRU\",\"url\":\"https:\/\/lazru.com\/es\/\",\"logo\":{\"@type\":\"ImageObject\",\"inLanguage\":\"fr-FR\",\"@id\":\"https:\/\/lazru.com\/es\/#\/schema\/logo\/image\/\",\"url\":\"https:\/\/lazru.com\/wp-content\/uploads\/2021\/09\/cropped-lazru-wimpernserum-logo.png\",\"contentUrl\":\"https:\/\/lazru.com\/wp-content\/uploads\/2021\/09\/cropped-lazru-wimpernserum-logo.png\",\"width\":211,\"height\":97,\"caption\":\"LAZRU\"},\"image\":{\"@id\":\"https:\/\/lazru.com\/es\/#\/schema\/logo\/image\/\"},\"sameAs\":[\"https:\/\/www.instagram.com\/lazru_official\/\"]}]}<\/script>\n<!-- \/ Yoast SEO Premium plugin. -->","yoast_head_json":{"title":"AGB - LAZRU","robots":{"index":"noindex","follow":"follow"},"og_locale":"fr_FR","og_type":"article","og_title":"AGB","og_description":"Allgemeine Gesch\u00e4ftsbedingungen und Kundeninformationen I. Allgemeine Gesch\u00e4ftsbedingungen \u00a7 1 Grundlegende Bestimmungen (1) Die nachstehenden Gesch\u00e4ftsbedingungen gelten f\u00fcr alle Vertr\u00e4ge, die Sie mit uns als Anbieter (Lazru) \u00fcber die Internetseite www.lazru.com [&hellip;]","og_url":"https:\/\/lazru.com\/fr\/agb\/","og_site_name":"LAZRU","article_modified_time":"2023-06-15T11:42:16+00:00","og_image":[{"url":"https:\/\/lazru.com\/wp-content\/uploads\/2023\/06\/Laz.jpg","type":"","width":"","height":""}],"twitter_card":"summary_large_image","twitter_misc":{"Dur\u00e9e de lecture estim\u00e9e":"8 minutes"},"schema":{"@context":"https:\/\/schema.org","@graph":[{"@type":"WebPage","@id":"https:\/\/lazru.com\/agb\/","url":"https:\/\/lazru.com\/agb\/","name":"AGB - LAZRU","isPartOf":{"@id":"https:\/\/lazru.com\/es\/#website"},"primaryImageOfPage":{"@id":"https:\/\/lazru.com\/agb\/#primaryimage"},"image":{"@id":"https:\/\/lazru.com\/agb\/#primaryimage"},"thumbnailUrl":"https:\/\/lazru.com\/wp-content\/uploads\/2023\/06\/Laz.jpg","datePublished":"2021-09-14T13:12:11+00:00","dateModified":"2023-06-15T11:42:16+00:00","breadcrumb":{"@id":"https:\/\/lazru.com\/agb\/#breadcrumb"},"inLanguage":"fr-FR","potentialAction":[{"@type":"ReadAction","target":["https:\/\/lazru.com\/agb\/"]}]},{"@type":"ImageObject","inLanguage":"fr-FR","@id":"https:\/\/lazru.com\/agb\/#primaryimage","url":"https:\/\/lazru.com\/wp-content\/uploads\/2023\/06\/Laz.jpg","contentUrl":"https:\/\/lazru.com\/wp-content\/uploads\/2023\/06\/Laz.jpg"},{"@type":"BreadcrumbList","@id":"https:\/\/lazru.com\/agb\/#breadcrumb","itemListElement":[{"@type":"ListItem","position":1,"name":"LAZRU","item":"https:\/\/lazru.com\/"},{"@type":"ListItem","position":2,"name":"AGB"}]},{"@type":"WebSite","@id":"https:\/\/lazru.com\/es\/#website","url":"https:\/\/lazru.com\/es\/","name":"LAZRU","description":"Serum Cils &amp; Serum Sourcils","publisher":{"@id":"https:\/\/lazru.com\/es\/#organization"},"potentialAction":[{"@type":"SearchAction","target":{"@type":"EntryPoint","urlTemplate":"https:\/\/lazru.com\/es\/?s={search_term_string}"},"query-input":{"@type":"PropertyValueSpecification","valueRequired":true,"valueName":"search_term_string"}}],"inLanguage":"fr-FR"},{"@type":"Organization","@id":"https:\/\/lazru.com\/es\/#organization","name":"LAZRU","url":"https:\/\/lazru.com\/es\/","logo":{"@type":"ImageObject","inLanguage":"fr-FR","@id":"https:\/\/lazru.com\/es\/#\/schema\/logo\/image\/","url":"https:\/\/lazru.com\/wp-content\/uploads\/2021\/09\/cropped-lazru-wimpernserum-logo.png","contentUrl":"https:\/\/lazru.com\/wp-content\/uploads\/2021\/09\/cropped-lazru-wimpernserum-logo.png","width":211,"height":97,"caption":"LAZRU"},"image":{"@id":"https:\/\/lazru.com\/es\/#\/schema\/logo\/image\/"},"sameAs":["https:\/\/www.instagram.com\/lazru_official\/"]}]}},"uagb_featured_image_src":{"full":false,"thumbnail":false,"medium":false,"medium_large":false,"large":false,"1536x1536":false,"2048x2048":false,"trp-custom-language-flag":false,"woocommerce_thumbnail":false,"woocommerce_single":false,"woocommerce_gallery_thumbnail":false,"crp_thumbnail":false},"uagb_author_info":{"display_name":"Kerem085","author_link":"https:\/\/lazru.com\/fr\/author\/kerem085\/"},"uagb_comment_info":0,"uagb_excerpt":"Allgemeine Gesch\u00e4ftsbedingungen und Kundeninformationen I. Allgemeine Gesch\u00e4ftsbedingungen \u00a7 1 Grundlegende Bestimmungen (1) Die nachstehenden Gesch\u00e4ftsbedingungen gelten f\u00fcr alle Vertr\u00e4ge, die Sie mit uns als Anbieter (Lazru) \u00fcber die Internetseite www.lazru.com [&hellip;]","coauthors":[],"author_meta":{"author_link":"https:\/\/lazru.com\/fr\/author\/kerem085\/","display_name":"Kerem085"},"relative_dates":{"created":"Publi\u00e9 5 ans il y a","modified":"Mis \u00e0 jour 3 ans il y a"},"absolute_dates":{"created":"Publi\u00e9 le 14. septembre 2021","modified":"Mise \u00e0 jour le 15. juin 2023"},"absolute_dates_time":{"created":"Publi\u00e9 le 14. septembre 2021 13:12","modified":"Mise \u00e0 jour le 15. juin 2023 13:42"},"featured_img_caption":"","featured_img":false,"series_order":"","_links":{"self":[{"href":"https:\/\/lazru.com\/fr\/wp-json\/wp\/v2\/pages\/31","targetHints":{"allow":["GET"]}}],"collection":[{"href":"https:\/\/lazru.com\/fr\/wp-json\/wp\/v2\/pages"}],"about":[{"href":"https:\/\/lazru.com\/fr\/wp-json\/wp\/v2\/types\/page"}],"author":[{"embeddable":true,"href":"https:\/\/lazru.com\/fr\/wp-json\/wp\/v2\/users\/1"}],"replies":[{"embeddable":true,"href":"https:\/\/lazru.com\/fr\/wp-json\/wp\/v2\/comments?post=31"}],"version-history":[{"count":3,"href":"https:\/\/lazru.com\/fr\/wp-json\/wp\/v2\/pages\/31\/revisions"}],"predecessor-version":[{"id":16915,"href":"https:\/\/lazru.com\/fr\/wp-json\/wp\/v2\/pages\/31\/revisions\/16915"}],"wp:attachment":[{"href":"https:\/\/lazru.com\/fr\/wp-json\/wp\/v2\/media?parent=31"}],"curies":[{"name":"wp","href":"https:\/\/api.w.org\/{rel}","templated":true}]}}