{"id":30,"date":"2021-09-14T13:12:11","date_gmt":"2021-09-14T13:12:11","guid":{"rendered":"https:\/\/lazru.com\/impressum"},"modified":"2023-07-14T13:03:25","modified_gmt":"2023-07-14T11:03:25","slug":"impressum","status":"publish","type":"page","link":"https:\/\/lazru.com\/fr\/impression\/","title":{"rendered":"Imprimer"},"content":{"rendered":"<p><strong>Avis de non-responsabilit\u00e9<br><\/strong>Le contenu de ce site web a \u00e9t\u00e9 \u00e9labor\u00e9 avec le plus grand soin. Lazru ne garantit toutefois pas l'exactitude, l'exhaustivit\u00e9 et l'actualit\u00e9 des contenus mis \u00e0 disposition. L'utilisation des contenus du site web se fait aux risques et p\u00e9rils de l'utilisateur.<\/p>\n\n\n\n<p>1. Les liens externes :<br>En cas de liens externes vers des sites web de tiers (\"liens externes\"). ces sites web sont soumis \u00e0 la responsabilit\u00e9 de leurs exploitants respectifs. Lors de la premi\u00e8re mise en place des liens externes, le fournisseur a v\u00e9rifi\u00e9 si les contenus externes pr\u00e9sentaient d'\u00e9ventuelles violations de la loi. Aucune violation de la loi n'a \u00e9t\u00e9 constat\u00e9e \u00e0 ce moment-l\u00e0. Le fournisseur n'a aucune influence sur la conception actuelle et future et sur les contenus des pages li\u00e9es. La mise en place de liens externes ne signifie pas que le fournisseur s'approprie les contenus se trouvant derri\u00e8re le renvoi ou le lien. Un contr\u00f4le permanent des liens externes ne peut \u00eatre exig\u00e9 du fournisseur sans indication concr\u00e8te de violations de la loi. Toutefois, d\u00e8s qu'il a connaissance d'une infraction \u00e0 la loi, il supprime imm\u00e9diatement les liens externes concern\u00e9s.<\/p>\n\n\n\n<p>2. Droit d'auteur et droits voisins | \u00a9 copyright :<br>Les contenus publi\u00e9s sur ce site Internet sont soumis au droit d'auteur et aux droits voisins allemands. Toute utilisation non autoris\u00e9e par le droit d'auteur et les droits voisins allemands requiert l'accord \u00e9crit pr\u00e9alable du fournisseur ou du d\u00e9tenteur des droits. Cela s'applique en particulier \u00e0 la reproduction, au traitement, \u00e0 la traduction, \u00e0 l'enregistrement, au traitement ou \u00e0 la restitution de contenus dans des bases de donn\u00e9es ou d'autres m\u00e9dias et syst\u00e8mes \u00e9lectroniques. La reproduction ou la transmission non autoris\u00e9e de contenus individuels ou de pages compl\u00e8tes est interdite et punissable. Seule la r\u00e9alisation de copies et de t\u00e9l\u00e9chargements pour un usage personnel, priv\u00e9 et non commercial est autoris\u00e9e. La repr\u00e9sentation de ce site web dans des cadres \u00e9trangers n'est autoris\u00e9e qu'avec une permission \u00e9crite.<\/p>\n\n\n\n<p>3. La protection des donn\u00e9es<br>En visitant le site web du fournisseur, des informations sur l'acc\u00e8s (date, heure, page consult\u00e9e) peuvent \u00eatre stock\u00e9es. Ces donn\u00e9es ne font pas partie des donn\u00e9es personnelles, mais sont anonymis\u00e9es. Elles sont \u00e9valu\u00e9es exclusivement \u00e0 des fins statistiques. Elles ne sont pas transmises \u00e0 des tiers \u00e0 des fins commerciales ou non commerciales. Le fournisseur attire express\u00e9ment l'attention sur le fait que la transmission de donn\u00e9es sur Internet (par exemple, la communication par e-mail) est soumise \u00e0 des failles de s\u00e9curit\u00e9 et ne peut \u00eatre compl\u00e8tement prot\u00e9g\u00e9e contre l'acc\u00e8s par des tiers.<\/p>\n\n\n\n<p>L'utilisation des donn\u00e9es de contact de l'empreinte pour la publicit\u00e9 commerciale n'est express\u00e9ment pas souhait\u00e9e, \u00e0 moins que le fournisseur n'ait pr\u00e9alablement donn\u00e9 son accord \u00e9crit ou qu'une relation commerciale existe d\u00e9j\u00e0. Le fournisseur et toutes les personnes nomm\u00e9es sur ce site web s'opposent par la pr\u00e9sente \u00e0 toute utilisation commerciale et \u00e0 toute divulgation de leurs donn\u00e9es.<\/p>\n\n\n\n<p>4. Conditions particuli\u00e8res d'utilisation<br>Dans la mesure o\u00f9 des conditions particuli\u00e8res d'utilisation individuelle de ce site web s'\u00e9cartent des points 1. \u00e0 4. pr\u00e9cit\u00e9s, cela sera express\u00e9ment indiqu\u00e9 \u00e0 l'endroit appropri\u00e9. Dans ce cas, les conditions particuli\u00e8res d'utilisation s'appliquent dans le cas individuel respectif.<\/p>\n\n\n\n<p>Lazru est une marque de : <\/p>\n\n\n\n<figure class=\"wp-block-image size-full is-resized\"><img loading=\"lazy\" decoding=\"async\" src=\"https:\/\/lazru.com\/wp-content\/uploads\/2022\/05\/Sum.png\" alt=\"\" class=\"wp-image-1675\" width=\"239\" height=\"165\" srcset=\"https:\/\/lazru.com\/wp-content\/uploads\/2022\/05\/Sum.png 550w, https:\/\/lazru.com\/wp-content\/uploads\/2022\/05\/Sum-300x207.png 300w, https:\/\/lazru.com\/wp-content\/uploads\/2022\/05\/Sum-18x12.png 18w\" sizes=\"auto, (max-width: 239px) 100vw, 239px\" \/><\/figure>\n\n\n\n<p><strong>R\u00e9solution alternative des litiges :<\/strong><\/p>\n\n\n\n<p>La Commission europ\u00e9enne propose une plateforme de r\u00e9solution extrajudiciaire des litiges en ligne (plateforme ODR), disponible \u00e0 l'adresse suivante&nbsp;<a href=\"https:\/\/ec.europa.eu\/odr\" target=\"_blank\" rel=\"noreferrer noopener\">https:\/\/ec.europa.eu\/odr<\/a>.<\/p>","protected":false},"excerpt":{"rendered":"<p>HaftungsausschlussDie Inhalte dieser Website werden mit gr\u00f6\u00dftm\u00f6glicher Sorgfalt erstellt. Lazru \u00fcbernimmt jedoch keine Gew\u00e4hr f\u00fcr die Richtigkeit, Vollst\u00e4ndigkeit und Aktualit\u00e4t der bereitgestellten Inhalte. Die Nutzung der Inhalte der Website erfolgt [&hellip;]<\/p>","protected":false},"author":1,"featured_media":0,"parent":0,"menu_order":0,"comment_status":"closed","ping_status":"closed","template":"","meta":{"_uag_custom_page_level_css":"","advgb_blocks_editor_width":"","advgb_blocks_columns_visual_guide":"","site-sidebar-layout":"default","site-content-layout":"default","ast-site-content-layout":"default","site-content-style":"default","site-sidebar-style":"default","ast-global-header-display":"","ast-banner-title-visibility":"","ast-main-header-display":"","ast-hfb-above-header-display":"","ast-hfb-below-header-display":"","ast-hfb-mobile-header-display":"","site-post-title":"","ast-breadcrumbs-content":"","ast-featured-img":"","footer-sml-layout":"","ast-disable-related-posts":"","theme-transparent-header-meta":"default","adv-header-id-meta":"","stick-header-meta":"default","header-above-stick-meta":"","header-main-stick-meta":"","header-below-stick-meta":"","astra-migrate-meta-layouts":"default","ast-page-background-enabled":"default","ast-page-background-meta":{"desktop":{"background-color":"","background-image":"","background-repeat":"repeat","background-position":"center center","background-size":"auto","background-attachment":"scroll","background-type":"","background-media":"","overlay-type":"","overlay-color":"","overlay-opacity":"","overlay-gradient":""},"tablet":{"background-color":"","background-image":"","background-repeat":"repeat","background-position":"center center","background-size":"auto","background-attachment":"scroll","background-type":"","background-media":"","overlay-type":"","overlay-color":"","overlay-opacity":"","overlay-gradient":""},"mobile":{"background-color":"","background-image":"","background-repeat":"repeat","background-position":"center center","background-size":"auto","background-attachment":"scroll","background-type":"","background-media":"","overlay-type":"","overlay-color":"","overlay-opacity":"","overlay-gradient":""}},"ast-content-background-meta":{"desktop":{"background-color":"var(--ast-global-color-5)","background-image":"","background-repeat":"repeat","background-position":"center center","background-size":"auto","background-attachment":"scroll","background-type":"","background-media":"","overlay-type":"","overlay-color":"","overlay-opacity":"","overlay-gradient":""},"tablet":{"background-color":"var(--ast-global-color-5)","background-image":"","background-repeat":"repeat","background-position":"center center","background-size":"auto","background-attachment":"scroll","background-type":"","background-media":"","overlay-type":"","overlay-color":"","overlay-opacity":"","overlay-gradient":""},"mobile":{"background-color":"var(--ast-global-color-5)","background-image":"","background-repeat":"repeat","background-position":"center center","background-size":"auto","background-attachment":"scroll","background-type":"","background-media":"","overlay-type":"","overlay-color":"","overlay-opacity":"","overlay-gradient":""}},"footnotes":""},"class_list":["post-30","page","type-page","status-publish","hentry"],"featured_image_src":null,"yoast_head":"<!-- This site is optimized with the Yoast SEO Premium plugin v23.4 (Yoast SEO v26.6) - https:\/\/yoast.com\/wordpress\/plugins\/seo\/ -->\n<title>Impressum - LAZRU<\/title>\n<meta name=\"robots\" content=\"noindex, nofollow\" \/>\n<meta property=\"og:locale\" content=\"fr_FR\" \/>\n<meta property=\"og:type\" content=\"article\" \/>\n<meta property=\"og:title\" content=\"Impressum\" \/>\n<meta property=\"og:description\" content=\"HaftungsausschlussDie Inhalte dieser Website werden mit gr\u00f6\u00dftm\u00f6glicher Sorgfalt erstellt. Lazru \u00fcbernimmt jedoch keine Gew\u00e4hr f\u00fcr die Richtigkeit, Vollst\u00e4ndigkeit und Aktualit\u00e4t der bereitgestellten Inhalte. Die Nutzung der Inhalte der Website erfolgt [&hellip;]\" \/>\n<meta property=\"og:url\" content=\"https:\/\/lazru.com\/fr\/impression\/\" \/>\n<meta property=\"og:site_name\" content=\"LAZRU\" \/>\n<meta property=\"article:modified_time\" content=\"2023-07-14T11:03:25+00:00\" \/>\n<meta property=\"og:image\" content=\"https:\/\/lazru.com\/wp-content\/uploads\/2022\/05\/Sum.png\" \/>\n<meta name=\"twitter:card\" content=\"summary_large_image\" \/>\n<meta name=\"twitter:label1\" content=\"Dur\u00e9e de lecture estim\u00e9e\" \/>\n\t<meta name=\"twitter:data1\" content=\"3 minutes\" \/>\n<script type=\"application\/ld+json\" class=\"yoast-schema-graph\">{\"@context\":\"https:\/\/schema.org\",\"@graph\":[{\"@type\":\"WebPage\",\"@id\":\"https:\/\/lazru.com\/impressum\/\",\"url\":\"https:\/\/lazru.com\/impressum\/\",\"name\":\"Impressum - LAZRU\",\"isPartOf\":{\"@id\":\"https:\/\/lazru.com\/es\/#website\"},\"primaryImageOfPage\":{\"@id\":\"https:\/\/lazru.com\/impressum\/#primaryimage\"},\"image\":{\"@id\":\"https:\/\/lazru.com\/impressum\/#primaryimage\"},\"thumbnailUrl\":\"https:\/\/lazru.com\/wp-content\/uploads\/2022\/05\/Sum.png\",\"datePublished\":\"2021-09-14T13:12:11+00:00\",\"dateModified\":\"2023-07-14T11:03:25+00:00\",\"breadcrumb\":{\"@id\":\"https:\/\/lazru.com\/impressum\/#breadcrumb\"},\"inLanguage\":\"fr-FR\",\"potentialAction\":[{\"@type\":\"ReadAction\",\"target\":[\"https:\/\/lazru.com\/impressum\/\"]}]},{\"@type\":\"ImageObject\",\"inLanguage\":\"fr-FR\",\"@id\":\"https:\/\/lazru.com\/impressum\/#primaryimage\",\"url\":\"https:\/\/lazru.com\/wp-content\/uploads\/2022\/05\/Sum.png\",\"contentUrl\":\"https:\/\/lazru.com\/wp-content\/uploads\/2022\/05\/Sum.png\"},{\"@type\":\"BreadcrumbList\",\"@id\":\"https:\/\/lazru.com\/impressum\/#breadcrumb\",\"itemListElement\":[{\"@type\":\"ListItem\",\"position\":1,\"name\":\"LAZRU\",\"item\":\"https:\/\/lazru.com\/\"},{\"@type\":\"ListItem\",\"position\":2,\"name\":\"Impressum\"}]},{\"@type\":\"WebSite\",\"@id\":\"https:\/\/lazru.com\/es\/#website\",\"url\":\"https:\/\/lazru.com\/es\/\",\"name\":\"LAZRU\",\"description\":\"Wimpernserum &amp; Augenbrauenserum\",\"publisher\":{\"@id\":\"https:\/\/lazru.com\/es\/#organization\"},\"potentialAction\":[{\"@type\":\"SearchAction\",\"target\":{\"@type\":\"EntryPoint\",\"urlTemplate\":\"https:\/\/lazru.com\/es\/?s={search_term_string}\"},\"query-input\":{\"@type\":\"PropertyValueSpecification\",\"valueRequired\":true,\"valueName\":\"search_term_string\"}}],\"inLanguage\":\"fr-FR\"},{\"@type\":\"Organization\",\"@id\":\"https:\/\/lazru.com\/es\/#organization\",\"name\":\"LAZRU\",\"url\":\"https:\/\/lazru.com\/es\/\",\"logo\":{\"@type\":\"ImageObject\",\"inLanguage\":\"fr-FR\",\"@id\":\"https:\/\/lazru.com\/es\/#\/schema\/logo\/image\/\",\"url\":\"https:\/\/lazru.com\/wp-content\/uploads\/2021\/09\/cropped-lazru-wimpernserum-logo.png\",\"contentUrl\":\"https:\/\/lazru.com\/wp-content\/uploads\/2021\/09\/cropped-lazru-wimpernserum-logo.png\",\"width\":211,\"height\":97,\"caption\":\"LAZRU\"},\"image\":{\"@id\":\"https:\/\/lazru.com\/es\/#\/schema\/logo\/image\/\"},\"sameAs\":[\"https:\/\/www.instagram.com\/lazru_official\/\"]}]}<\/script>\n<!-- \/ Yoast SEO Premium plugin. -->","yoast_head_json":{"title":"Mentions l\u00e9gales - LAZRU","robots":{"index":"noindex","follow":"nofollow"},"og_locale":"fr_FR","og_type":"article","og_title":"Impressum","og_description":"HaftungsausschlussDie Inhalte dieser Website werden mit gr\u00f6\u00dftm\u00f6glicher Sorgfalt erstellt. Lazru \u00fcbernimmt jedoch keine Gew\u00e4hr f\u00fcr die Richtigkeit, Vollst\u00e4ndigkeit und Aktualit\u00e4t der bereitgestellten Inhalte. Die Nutzung der Inhalte der Website erfolgt [&hellip;]","og_url":"https:\/\/lazru.com\/fr\/impression\/","og_site_name":"LAZRU","article_modified_time":"2023-07-14T11:03:25+00:00","og_image":[{"url":"https:\/\/lazru.com\/wp-content\/uploads\/2022\/05\/Sum.png","type":"","width":"","height":""}],"twitter_card":"summary_large_image","twitter_misc":{"Dur\u00e9e de lecture estim\u00e9e":"3 minutes"},"schema":{"@context":"https:\/\/schema.org","@graph":[{"@type":"WebPage","@id":"https:\/\/lazru.com\/impressum\/","url":"https:\/\/lazru.com\/impressum\/","name":"Mentions l\u00e9gales - LAZRU","isPartOf":{"@id":"https:\/\/lazru.com\/es\/#website"},"primaryImageOfPage":{"@id":"https:\/\/lazru.com\/impressum\/#primaryimage"},"image":{"@id":"https:\/\/lazru.com\/impressum\/#primaryimage"},"thumbnailUrl":"https:\/\/lazru.com\/wp-content\/uploads\/2022\/05\/Sum.png","datePublished":"2021-09-14T13:12:11+00:00","dateModified":"2023-07-14T11:03:25+00:00","breadcrumb":{"@id":"https:\/\/lazru.com\/impressum\/#breadcrumb"},"inLanguage":"fr-FR","potentialAction":[{"@type":"ReadAction","target":["https:\/\/lazru.com\/impressum\/"]}]},{"@type":"ImageObject","inLanguage":"fr-FR","@id":"https:\/\/lazru.com\/impressum\/#primaryimage","url":"https:\/\/lazru.com\/wp-content\/uploads\/2022\/05\/Sum.png","contentUrl":"https:\/\/lazru.com\/wp-content\/uploads\/2022\/05\/Sum.png"},{"@type":"BreadcrumbList","@id":"https:\/\/lazru.com\/impressum\/#breadcrumb","itemListElement":[{"@type":"ListItem","position":1,"name":"LAZRU","item":"https:\/\/lazru.com\/"},{"@type":"ListItem","position":2,"name":"Impressum"}]},{"@type":"WebSite","@id":"https:\/\/lazru.com\/es\/#website","url":"https:\/\/lazru.com\/es\/","name":"LAZRU","description":"Serum Cils &amp; Serum Sourcils","publisher":{"@id":"https:\/\/lazru.com\/es\/#organization"},"potentialAction":[{"@type":"SearchAction","target":{"@type":"EntryPoint","urlTemplate":"https:\/\/lazru.com\/es\/?s={search_term_string}"},"query-input":{"@type":"PropertyValueSpecification","valueRequired":true,"valueName":"search_term_string"}}],"inLanguage":"fr-FR"},{"@type":"Organization","@id":"https:\/\/lazru.com\/es\/#organization","name":"LAZRU","url":"https:\/\/lazru.com\/es\/","logo":{"@type":"ImageObject","inLanguage":"fr-FR","@id":"https:\/\/lazru.com\/es\/#\/schema\/logo\/image\/","url":"https:\/\/lazru.com\/wp-content\/uploads\/2021\/09\/cropped-lazru-wimpernserum-logo.png","contentUrl":"https:\/\/lazru.com\/wp-content\/uploads\/2021\/09\/cropped-lazru-wimpernserum-logo.png","width":211,"height":97,"caption":"LAZRU"},"image":{"@id":"https:\/\/lazru.com\/es\/#\/schema\/logo\/image\/"},"sameAs":["https:\/\/www.instagram.com\/lazru_official\/"]}]}},"uagb_featured_image_src":{"full":false,"thumbnail":false,"medium":false,"medium_large":false,"large":false,"1536x1536":false,"2048x2048":false,"trp-custom-language-flag":false,"woocommerce_thumbnail":false,"woocommerce_single":false,"woocommerce_gallery_thumbnail":false,"crp_thumbnail":false},"uagb_author_info":{"display_name":"Kerem085","author_link":"https:\/\/lazru.com\/fr\/author\/kerem085\/"},"uagb_comment_info":0,"uagb_excerpt":"HaftungsausschlussDie Inhalte dieser Website werden mit gr\u00f6\u00dftm\u00f6glicher Sorgfalt erstellt. Lazru \u00fcbernimmt jedoch keine Gew\u00e4hr f\u00fcr die Richtigkeit, Vollst\u00e4ndigkeit und Aktualit\u00e4t der bereitgestellten Inhalte. Die Nutzung der Inhalte der Website erfolgt [&hellip;]","coauthors":[],"author_meta":{"author_link":"https:\/\/lazru.com\/fr\/author\/kerem085\/","display_name":"Kerem085"},"relative_dates":{"created":"Publi\u00e9 5 ans il y a","modified":"Mis \u00e0 jour 3 ans il y a"},"absolute_dates":{"created":"Publi\u00e9 le 14. septembre 2021","modified":"Mise \u00e0 jour le 14. juillet 2023"},"absolute_dates_time":{"created":"Publi\u00e9 le 14. septembre 2021 13:12","modified":"Mise \u00e0 jour le 14. juillet 2023 13:03"},"featured_img_caption":"","featured_img":false,"series_order":"","_links":{"self":[{"href":"https:\/\/lazru.com\/fr\/wp-json\/wp\/v2\/pages\/30","targetHints":{"allow":["GET"]}}],"collection":[{"href":"https:\/\/lazru.com\/fr\/wp-json\/wp\/v2\/pages"}],"about":[{"href":"https:\/\/lazru.com\/fr\/wp-json\/wp\/v2\/types\/page"}],"author":[{"embeddable":true,"href":"https:\/\/lazru.com\/fr\/wp-json\/wp\/v2\/users\/1"}],"replies":[{"embeddable":true,"href":"https:\/\/lazru.com\/fr\/wp-json\/wp\/v2\/comments?post=30"}],"version-history":[{"count":7,"href":"https:\/\/lazru.com\/fr\/wp-json\/wp\/v2\/pages\/30\/revisions"}],"predecessor-version":[{"id":33179,"href":"https:\/\/lazru.com\/fr\/wp-json\/wp\/v2\/pages\/30\/revisions\/33179"}],"wp:attachment":[{"href":"https:\/\/lazru.com\/fr\/wp-json\/wp\/v2\/media?parent=30"}],"curies":[{"name":"wp","href":"https:\/\/api.w.org\/{rel}","templated":true}]}}