{"id":141,"date":"2021-09-14T15:40:59","date_gmt":"2021-09-14T13:40:59","guid":{"rendered":"https:\/\/lazru.com\/?post_type=product&#038;p=141"},"modified":"2026-04-15T10:52:10","modified_gmt":"2026-04-15T08:52:10","slug":"wimpernserum-und-augenbrauenserum","status":"publish","type":"product","link":"https:\/\/lazru.com\/fi\/tuote\/wimpernserum-und-augenbrauenserum\/","title":{"rendered":"Lazru Seerumi"},"content":{"rendered":"<h2>Sovellus:<\/h2>\n<p>K\u00e4yt\u00e4 kerran tai kahdesti p\u00e4iv\u00e4ss\u00e4. Ravista hyvin ennen k\u00e4ytt\u00f6\u00e4. Levit\u00e4 pieni m\u00e4\u00e4r\u00e4 varovasti ja tasaisesti ripsiin tai kulmakarvoihin. Vain ulkoiseen k\u00e4ytt\u00f6\u00f6n. V\u00e4lt\u00e4 suoraa silm\u00e4kosketusta. S\u00e4ilyt\u00e4 huoneenl\u00e4mm\u00f6ss\u00e4 ja lasten ulottumattomissa.<\/p>\n<h2><span style=\"color: #8a949c\">Her\u00e4t\u00e4 kauneutesi Lazru:ll\u00e4: Vastustamattomat Ripset ja Kulmakarvat, jotka kiinnitt\u00e4v\u00e4t huomion!<\/span><\/h2>\n<p><a href=\"https:\/\/lazru.com\/wp-content\/uploads\/2026\/04\/lazru_anwendung.jpg\"><img loading=\"lazy\" decoding=\"async\" class=\"wp-image-18048 size-full\" src=\"https:\/\/lazru.com\/wp-content\/uploads\/2026\/04\/lazru_anwendung.jpg\" alt=\"Lazru\" width=\"2000\" height=\"1080\" \/><\/a><\/p>\n<p>Kuvittele, ett\u00e4 voit vahvistaa ja elvytt\u00e4\u00e4 heikkoja ripsi\u00e4 ja kulmakarvoja yhdell\u00e4 tuotteella. Lazru tekee sen mahdolliseksi! Laajan tutkimus- ja kehitysty\u00f6n tuloksena vallankumouksellinen seerumimme sis\u00e4lt\u00e4\u00e4 eritt\u00e4in tiiviin sekoituksen 67 luonnollista ainesosaa, jotka voivat auttaa ravitsemaan, vahvistamaan ja edist\u00e4m\u00e4\u00e4n ripsien ja kulmakarvojen kasvua.<\/p>\n<p>Yksi asia, joka tekee Lazru:st\u00e4 erityisen, on se, ett\u00e4 v\u00e4lt\u00e4mme tietoisesti prostaglandiinihormonia ja siihen liittyvi\u00e4 prostaglandiinijohdannaisia. Jotkin markkinoilla olevat tuotteet sis\u00e4lt\u00e4v\u00e4t n\u00e4it\u00e4 aineita, jotka voivat stimuloida hiusten kasvua, mutta niihin liittyy my\u00f6s useita mahdollisia sivuvaikutuksia, kuten punoitusta, \u00e4rsytyst\u00e4 ja ihon v\u00e4rimuutoksia. Siksi ne eiv\u00e4t sovi kaikille, etenk\u00e4\u00e4n niille, joilla on herkk\u00e4 iho tai heikko immuunij\u00e4rjestelm\u00e4, sek\u00e4 raskaana oleville ja imett\u00e4ville naisille. Lazru sen sijaan on 100% hormonivapaa, mik\u00e4 tarkoittaa, ett\u00e4 se ei aiheuta n\u00e4it\u00e4 riskej\u00e4.<\/p>\n<p>Lazru:n avulla hy\u00f6dyt tieteen ja luonnon voimasta. Runsaasti kasviuutteita, luonnollisia \u00f6ljyj\u00e4, vitamiineja ja aminohappoja sis\u00e4lt\u00e4v\u00e4ss\u00e4 seerumissamme k\u00e4ytet\u00e4\u00e4n innovatiivisia valmistusmenetelmi\u00e4, kuten fermentointia ja liposomaalista teknologiaa, joilla varmistetaan, ett\u00e4 aktiiviset ainesosat kulkeutuvat erityisesti hiusjuuriin.<\/p>\n<p>Lazru on my\u00f6s 100% vapaa formaldehydist\u00e4, ftalaateista, sulfaateista, parabeeneista, silikonista ja mineraali\u00f6ljyist\u00e4, ja se on suunniteltu turvalliseksi ja yst\u00e4v\u00e4lliseksi iholle.<\/p>\n<p>Miksi siis el\u00e4\u00e4 heikkojen, ohuiden ripsien ja kulmakarvojen kanssa, kun voit vahvistaa ja elvytt\u00e4\u00e4 niit\u00e4 Lazru:n avulla? Kokeile seerumiamme ja n\u00e4e itse, miten se vapauttaa ripsien ja kulmakarvojen luonnollisen potentiaalin!<\/p>\n<h2>Ennen\/J\u00e4lkeen:<\/h2>\n<p>L\u00e4het\u00e4 valokuvasi osoitteeseen support@lazru.com<\/p>\n<p><img loading=\"lazy\" decoding=\"async\" class=\"alignnone size-medium wp-image-54\" src=\"https:\/\/lazru.com\/wp-content\/uploads\/2021\/09\/Lazru-06-300x290.jpg\" alt=\"\" width=\"300\" height=\"290\" srcset=\"https:\/\/lazru.com\/wp-content\/uploads\/2021\/09\/Lazru-06-300x290.jpg 300w, https:\/\/lazru.com\/wp-content\/uploads\/2021\/09\/Lazru-06-600x580.jpg 600w, https:\/\/lazru.com\/wp-content\/uploads\/2021\/09\/Lazru-06.jpg 696w\" sizes=\"auto, (max-width: 300px) 100vw, 300px\" \/><\/p>\n<p><img loading=\"lazy\" decoding=\"async\" class=\"size-medium wp-image-79\" src=\"https:\/\/lazru.com\/wp-content\/uploads\/2021\/09\/Lazru-05-300x290.jpg\" alt=\"Lazru kokemus\" width=\"300\" height=\"290\" srcset=\"https:\/\/lazru.com\/wp-content\/uploads\/2021\/09\/Lazru-05-300x290.jpg 300w, https:\/\/lazru.com\/wp-content\/uploads\/2021\/09\/Lazru-05-600x580.jpg 600w, https:\/\/lazru.com\/wp-content\/uploads\/2021\/09\/Lazru-05.jpg 696w\" sizes=\"auto, (max-width: 300px) 100vw, 300px\" \/><\/p>\n<p><img loading=\"lazy\" decoding=\"async\" class=\"size-medium wp-image-77\" src=\"https:\/\/lazru.com\/wp-content\/uploads\/2021\/09\/Lazru-07-1-300x290.jpg\" alt=\"Lazru kokemuksia\" width=\"300\" height=\"290\" srcset=\"https:\/\/lazru.com\/wp-content\/uploads\/2021\/09\/Lazru-07-1-300x290.jpg 300w, https:\/\/lazru.com\/wp-content\/uploads\/2021\/09\/Lazru-07-1-600x580.jpg 600w, https:\/\/lazru.com\/wp-content\/uploads\/2021\/09\/Lazru-07-1.jpg 696w\" sizes=\"auto, (max-width: 300px) 100vw, 300px\" \/><\/p>","protected":false},"excerpt":{"rendered":"<p class=\"p1\"><span class=\"s1\">Ripsiseerumi &amp; Kulmakarvaseerumi<br \/>\n<span style=\"color: #5bc98b\"><strong>Uusi: Liposomaalinen formulaatio!<\/strong><\/span><\/span><\/p>\n<ul>\n<li>Kasvu Ripset<\/li>\n<li>Kasvu Kulmakarvat<\/li>\n<li>Ilman hormoneja<\/li>\n<li>Ilman prostaglandiineja<\/li>\n<li>Dermatologisesti testattu<\/li>\n<\/ul>\n<p><img loading=\"lazy\" decoding=\"async\" class=\"alignnone wp-image-48\" src=\"https:\/\/lazru.com\/wp-content\/uploads\/2021\/09\/Lo-2.jpg\" alt=\"\" width=\"283\" height=\"25\" srcset=\"https:\/\/lazru.com\/wp-content\/uploads\/2021\/09\/Lo-2.jpg 941w, https:\/\/lazru.com\/wp-content\/uploads\/2021\/09\/Lo-2-600x53.jpg 600w, https:\/\/lazru.com\/wp-content\/uploads\/2021\/09\/Lo-2-300x26.jpg 300w, https:\/\/lazru.com\/wp-content\/uploads\/2021\/09\/Lo-2-768x68.jpg 768w\" sizes=\"auto, (max-width: 283px) 100vw, 283px\" \/><\/p>\n<p><a href=\"https:\/\/lazru.com\/wp-content\/uploads\/2022\/06\/Lazru-EN.jpg\"><img loading=\"lazy\" decoding=\"async\" class=\"wp-image-2445\" src=\"https:\/\/lazru.com\/wp-content\/uploads\/2022\/06\/Lazru-EN.jpg\" alt=\"Lazru-testi\" width=\"170\" height=\"106\" srcset=\"https:\/\/lazru.com\/wp-content\/uploads\/2022\/06\/Lazru-EN.jpg 407w, https:\/\/lazru.com\/wp-content\/uploads\/2022\/06\/Lazru-EN-300x187.jpg 300w, https:\/\/lazru.com\/wp-content\/uploads\/2022\/06\/Lazru-EN-18x12.jpg 18w\" sizes=\"auto, (max-width: 170px) 100vw, 170px\" \/><\/a><\/p>","protected":false},"featured_media":44275,"template":"","meta":[],"product_brand":[],"product_cat":[201],"product_tag":[43,42],"class_list":{"0":"post-141","1":"product","2":"type-product","3":"status-publish","4":"has-post-thumbnail","6":"product_cat-cosmetic","7":"product_tag-augenbrauenserum","8":"product_tag-wimpernserum","10":"first","11":"instock","12":"taxable","13":"shipping-taxable","14":"purchasable","15":"product-type-simple"},"yoast_head":"<!-- This site is optimized with the Yoast SEO Premium plugin v23.4 (Yoast SEO v27.4) - https:\/\/yoast.com\/product\/yoast-seo-premium-wordpress\/ -->\n<title>Lazru Serum<\/title>\n<meta name=\"description\" content=\"Lazru kaufen! Das Wimpernserum und Augenbrauenserum ohne Hormone. Jetzt im Angebot. Wenig verf\u00fcgbar. Schnelle Lieferung!\" \/>\n<meta name=\"robots\" content=\"index, follow, max-snippet:-1, max-image-preview:large, max-video-preview:-1\" \/>\n<link rel=\"canonical\" href=\"https:\/\/lazru.com\/fi\/tuote\/wimpernserum-und-augenbrauenserum\/\" \/>\n<meta property=\"og:locale\" content=\"fi_FI\" \/>\n<meta property=\"og:type\" content=\"article\" \/>\n<meta property=\"og:title\" content=\"Lazru Serum\" \/>\n<meta property=\"og:description\" content=\"Lazru kaufen! Das Wimpernserum und Augenbrauenserum ohne Hormone. Jetzt im Angebot. Wenig verf\u00fcgbar. Schnelle Lieferung!\" \/>\n<meta property=\"og:url\" content=\"https:\/\/lazru.com\/fi\/tuote\/wimpernserum-und-augenbrauenserum\/\" \/>\n<meta property=\"og:site_name\" content=\"LAZRU\" \/>\n<meta property=\"article:modified_time\" content=\"2026-04-15T08:52:10+00:00\" \/>\n<meta property=\"og:image\" content=\"https:\/\/lazru.com\/wp-content\/uploads\/2021\/09\/laz01.jpg\" \/>\n\t<meta property=\"og:image:width\" content=\"800\" \/>\n\t<meta property=\"og:image:height\" content=\"800\" \/>\n\t<meta property=\"og:image:type\" content=\"image\/jpeg\" \/>\n<meta name=\"twitter:card\" content=\"summary_large_image\" \/>\n<meta name=\"twitter:label1\" content=\"Arvioitu lukuaika\" \/>\n\t<meta name=\"twitter:data1\" content=\"3 minuuttia\" \/>\n<script type=\"application\/ld+json\" class=\"yoast-schema-graph\">{\"@context\":\"https:\\\/\\\/schema.org\",\"@graph\":[{\"@type\":\"WebPage\",\"@id\":\"https:\\\/\\\/lazru.com\\\/produkt\\\/wimpernserum-und-augenbrauenserum\\\/\",\"url\":\"https:\\\/\\\/lazru.com\\\/produkt\\\/wimpernserum-und-augenbrauenserum\\\/\",\"name\":\"Lazru Serum\",\"isPartOf\":{\"@id\":\"https:\\\/\\\/lazru.com\\\/es\\\/#website\"},\"primaryImageOfPage\":{\"@id\":\"https:\\\/\\\/lazru.com\\\/produkt\\\/wimpernserum-und-augenbrauenserum\\\/#primaryimage\"},\"image\":{\"@id\":\"https:\\\/\\\/lazru.com\\\/produkt\\\/wimpernserum-und-augenbrauenserum\\\/#primaryimage\"},\"thumbnailUrl\":\"https:\\\/\\\/lazru.com\\\/wp-content\\\/uploads\\\/2021\\\/09\\\/laz01.jpg\",\"datePublished\":\"2021-09-14T13:40:59+00:00\",\"dateModified\":\"2026-04-15T08:52:10+00:00\",\"description\":\"Lazru kaufen! Das Wimpernserum und Augenbrauenserum ohne Hormone. Jetzt im Angebot. Wenig verf\u00fcgbar. Schnelle Lieferung!\",\"breadcrumb\":{\"@id\":\"https:\\\/\\\/lazru.com\\\/produkt\\\/wimpernserum-und-augenbrauenserum\\\/#breadcrumb\"},\"inLanguage\":\"fi\",\"potentialAction\":[{\"@type\":\"ReadAction\",\"target\":[\"https:\\\/\\\/lazru.com\\\/produkt\\\/wimpernserum-und-augenbrauenserum\\\/\"]}]},{\"@type\":\"ImageObject\",\"inLanguage\":\"fi\",\"@id\":\"https:\\\/\\\/lazru.com\\\/produkt\\\/wimpernserum-und-augenbrauenserum\\\/#primaryimage\",\"url\":\"https:\\\/\\\/lazru.com\\\/wp-content\\\/uploads\\\/2021\\\/09\\\/laz01.jpg\",\"contentUrl\":\"https:\\\/\\\/lazru.com\\\/wp-content\\\/uploads\\\/2021\\\/09\\\/laz01.jpg\",\"width\":800,\"height\":800,\"caption\":\"lazru\"},{\"@type\":\"BreadcrumbList\",\"@id\":\"https:\\\/\\\/lazru.com\\\/produkt\\\/wimpernserum-und-augenbrauenserum\\\/#breadcrumb\",\"itemListElement\":[{\"@type\":\"ListItem\",\"position\":1,\"name\":\"LAZRU\",\"item\":\"https:\\\/\\\/lazru.com\\\/\"},{\"@type\":\"ListItem\",\"position\":2,\"name\":\"Shop\",\"item\":\"https:\\\/\\\/lazru.com\\\/es\\\/shop\\\/\"},{\"@type\":\"ListItem\",\"position\":3,\"name\":\"Wimpernserum & Augenbrauenserum\"}]},{\"@type\":\"WebSite\",\"@id\":\"https:\\\/\\\/lazru.com\\\/es\\\/#website\",\"url\":\"https:\\\/\\\/lazru.com\\\/es\\\/\",\"name\":\"LAZRU\",\"description\":\"Wimpernserum &amp; Augenbrauenserum\",\"publisher\":{\"@id\":\"https:\\\/\\\/lazru.com\\\/es\\\/#organization\"},\"potentialAction\":[{\"@type\":\"SearchAction\",\"target\":{\"@type\":\"EntryPoint\",\"urlTemplate\":\"https:\\\/\\\/lazru.com\\\/es\\\/?s={search_term_string}\"},\"query-input\":{\"@type\":\"PropertyValueSpecification\",\"valueRequired\":true,\"valueName\":\"search_term_string\"}}],\"inLanguage\":\"fi\"},{\"@type\":\"Organization\",\"@id\":\"https:\\\/\\\/lazru.com\\\/es\\\/#organization\",\"name\":\"LAZRU\",\"url\":\"https:\\\/\\\/lazru.com\\\/es\\\/\",\"logo\":{\"@type\":\"ImageObject\",\"inLanguage\":\"fi\",\"@id\":\"https:\\\/\\\/lazru.com\\\/es\\\/#\\\/schema\\\/logo\\\/image\\\/\",\"url\":\"https:\\\/\\\/lazru.com\\\/wp-content\\\/uploads\\\/2021\\\/09\\\/cropped-lazru-wimpernserum-logo.png\",\"contentUrl\":\"https:\\\/\\\/lazru.com\\\/wp-content\\\/uploads\\\/2021\\\/09\\\/cropped-lazru-wimpernserum-logo.png\",\"width\":211,\"height\":97,\"caption\":\"LAZRU\"},\"image\":{\"@id\":\"https:\\\/\\\/lazru.com\\\/es\\\/#\\\/schema\\\/logo\\\/image\\\/\"},\"sameAs\":[\"https:\\\/\\\/www.instagram.com\\\/lazru_official\\\/\"]}]}<\/script>\n<!-- \/ Yoast SEO Premium plugin. -->","yoast_head_json":{"title":"Lazru Seerumi","description":"Osta Lazru! Ripsiseerumi &amp; Kulmakarvaseerumi ilman hormoneja. Nyt myynniss\u00e4. V\u00e4h\u00e4n saatavilla. Nopea toimitus!","robots":{"index":"index","follow":"follow","max-snippet":"max-snippet:-1","max-image-preview":"max-image-preview:large","max-video-preview":"max-video-preview:-1"},"canonical":"https:\/\/lazru.com\/fi\/tuote\/wimpernserum-und-augenbrauenserum\/","og_locale":"fi_FI","og_type":"article","og_title":"Lazru Serum","og_description":"Lazru kaufen! Das Wimpernserum und Augenbrauenserum ohne Hormone. Jetzt im Angebot. Wenig verf\u00fcgbar. Schnelle Lieferung!","og_url":"https:\/\/lazru.com\/fi\/tuote\/wimpernserum-und-augenbrauenserum\/","og_site_name":"LAZRU","article_modified_time":"2026-04-15T08:52:10+00:00","og_image":[{"width":800,"height":800,"url":"https:\/\/lazru.com\/wp-content\/uploads\/2021\/09\/laz01.jpg","type":"image\/jpeg"}],"twitter_card":"summary_large_image","twitter_misc":{"Arvioitu lukuaika":"3 minuuttia"},"schema":{"@context":"https:\/\/schema.org","@graph":[{"@type":"WebPage","@id":"https:\/\/lazru.com\/produkt\/wimpernserum-und-augenbrauenserum\/","url":"https:\/\/lazru.com\/produkt\/wimpernserum-und-augenbrauenserum\/","name":"Lazru Seerumi","isPartOf":{"@id":"https:\/\/lazru.com\/es\/#website"},"primaryImageOfPage":{"@id":"https:\/\/lazru.com\/produkt\/wimpernserum-und-augenbrauenserum\/#primaryimage"},"image":{"@id":"https:\/\/lazru.com\/produkt\/wimpernserum-und-augenbrauenserum\/#primaryimage"},"thumbnailUrl":"https:\/\/lazru.com\/wp-content\/uploads\/2021\/09\/laz01.jpg","datePublished":"2021-09-14T13:40:59+00:00","dateModified":"2026-04-15T08:52:10+00:00","description":"Osta Lazru! Ripsiseerumi &amp; Kulmakarvaseerumi ilman hormoneja. Nyt myynniss\u00e4. V\u00e4h\u00e4n saatavilla. Nopea toimitus!","breadcrumb":{"@id":"https:\/\/lazru.com\/produkt\/wimpernserum-und-augenbrauenserum\/#breadcrumb"},"inLanguage":"fi","potentialAction":[{"@type":"ReadAction","target":["https:\/\/lazru.com\/produkt\/wimpernserum-und-augenbrauenserum\/"]}]},{"@type":"ImageObject","inLanguage":"fi","@id":"https:\/\/lazru.com\/produkt\/wimpernserum-und-augenbrauenserum\/#primaryimage","url":"https:\/\/lazru.com\/wp-content\/uploads\/2021\/09\/laz01.jpg","contentUrl":"https:\/\/lazru.com\/wp-content\/uploads\/2021\/09\/laz01.jpg","width":800,"height":800,"caption":"lazru"},{"@type":"BreadcrumbList","@id":"https:\/\/lazru.com\/produkt\/wimpernserum-und-augenbrauenserum\/#breadcrumb","itemListElement":[{"@type":"ListItem","position":1,"name":"LAZRU","item":"https:\/\/lazru.com\/"},{"@type":"ListItem","position":2,"name":"Shop","item":"https:\/\/lazru.com\/es\/shop\/"},{"@type":"ListItem","position":3,"name":"Wimpernserum & Augenbrauenserum"}]},{"@type":"WebSite","@id":"https:\/\/lazru.com\/es\/#website","url":"https:\/\/lazru.com\/es\/","name":"LAZRU","description":"Ripsiseerumi &amp; Kulmakarvaseerumi","publisher":{"@id":"https:\/\/lazru.com\/es\/#organization"},"potentialAction":[{"@type":"SearchAction","target":{"@type":"EntryPoint","urlTemplate":"https:\/\/lazru.com\/es\/?s={search_term_string}"},"query-input":{"@type":"PropertyValueSpecification","valueRequired":true,"valueName":"search_term_string"}}],"inLanguage":"fi"},{"@type":"Organization","@id":"https:\/\/lazru.com\/es\/#organization","name":"LAZRU","url":"https:\/\/lazru.com\/es\/","logo":{"@type":"ImageObject","inLanguage":"fi","@id":"https:\/\/lazru.com\/es\/#\/schema\/logo\/image\/","url":"https:\/\/lazru.com\/wp-content\/uploads\/2021\/09\/cropped-lazru-wimpernserum-logo.png","contentUrl":"https:\/\/lazru.com\/wp-content\/uploads\/2021\/09\/cropped-lazru-wimpernserum-logo.png","width":211,"height":97,"caption":"LAZRU"},"image":{"@id":"https:\/\/lazru.com\/es\/#\/schema\/logo\/image\/"},"sameAs":["https:\/\/www.instagram.com\/lazru_official\/"]}]}},"_links":{"self":[{"href":"https:\/\/lazru.com\/fi\/wp-json\/wp\/v2\/product\/141","targetHints":{"allow":["GET"]}}],"collection":[{"href":"https:\/\/lazru.com\/fi\/wp-json\/wp\/v2\/product"}],"about":[{"href":"https:\/\/lazru.com\/fi\/wp-json\/wp\/v2\/types\/product"}],"wp:featuredmedia":[{"embeddable":true,"href":"https:\/\/lazru.com\/fi\/wp-json\/wp\/v2\/media\/44275"}],"wp:attachment":[{"href":"https:\/\/lazru.com\/fi\/wp-json\/wp\/v2\/media?parent=141"}],"wp:term":[{"taxonomy":"product_brand","embeddable":true,"href":"https:\/\/lazru.com\/fi\/wp-json\/wp\/v2\/product_brand?post=141"},{"taxonomy":"product_cat","embeddable":true,"href":"https:\/\/lazru.com\/fi\/wp-json\/wp\/v2\/product_cat?post=141"},{"taxonomy":"product_tag","embeddable":true,"href":"https:\/\/lazru.com\/fi\/wp-json\/wp\/v2\/product_tag?post=141"}],"curies":[{"name":"wp","href":"https:\/\/api.w.org\/{rel}","templated":true}]}}