{"id":73,"date":"2021-09-14T14:40:52","date_gmt":"2021-09-14T14:40:52","guid":{"rendered":"https:\/\/lazru.com\/?page_id=73"},"modified":"2023-08-24T15:41:35","modified_gmt":"2023-08-24T13:41:35","slug":"erfahrungen","status":"publish","type":"page","link":"https:\/\/lazru.com\/fi\/erfahrungen\/","title":{"rendered":"Kokemusia"},"content":{"rendered":"<div class=\"wp-block-cover alignfull is-light has-custom-content-position is-position-bottom-center\" style=\"min-height:349px;aspect-ratio:unset;\"><span aria-hidden=\"true\" class=\"wp-block-cover__background has-background-dim-20 has-background-dim\"><\/span><img loading=\"lazy\" decoding=\"async\" width=\"2000\" height=\"1111\" class=\"wp-block-cover__image-background wp-image-75\" alt=\"\" src=\"https:\/\/lazru.com\/wp-content\/uploads\/2021\/09\/Lazru-Erfahrung.jpg\" style=\"object-position:49% 63%\" data-object-fit=\"cover\" data-object-position=\"49% 63%\" srcset=\"https:\/\/lazru.com\/wp-content\/uploads\/2021\/09\/Lazru-Erfahrung.jpg 2000w, https:\/\/lazru.com\/wp-content\/uploads\/2021\/09\/Lazru-Erfahrung-600x333.jpg 600w, https:\/\/lazru.com\/wp-content\/uploads\/2021\/09\/Lazru-Erfahrung-300x167.jpg 300w, https:\/\/lazru.com\/wp-content\/uploads\/2021\/09\/Lazru-Erfahrung-1024x569.jpg 1024w, https:\/\/lazru.com\/wp-content\/uploads\/2021\/09\/Lazru-Erfahrung-768x427.jpg 768w, https:\/\/lazru.com\/wp-content\/uploads\/2021\/09\/Lazru-Erfahrung-1536x853.jpg 1536w\" sizes=\"auto, (max-width: 2000px) 100vw, 2000px\" \/><div class=\"wp-block-cover__inner-container is-layout-flow wp-block-cover-is-layout-flow\">\n<h1 class=\"wp-block-heading has-text-align-center has-ast-global-color-5-color has-text-color\" id=\"h-lazru-erfahrungen\">Kokemukset Lazru<\/h1>\n\n\n\n<p class=\"has-text-align-center has-ast-global-color-5-color has-text-color\">Ripsien &amp; Kulmakarvojen kasvu<\/p>\n<\/div><\/div>\n\n\n\n<div style=\"height:49px\" aria-hidden=\"true\" class=\"wp-block-spacer\"><\/div>\n\n\n\n<p><em><strong><em><strong>Ennen \/ J\u00e4lkeen<\/strong>&nbsp;Kuvat alla.<\/em><\/strong><\/em><\/p>\n\n\n\n<p>Lazru Kokemus: Avoimuus on meille t\u00e4rke\u00e4\u00e4. Siksi pyyd\u00e4mme asiakkaitamme ottamaan ennen\/j\u00e4lkeen -kuvia ja jakamaan kokemuksensa kanssamme.<\/p>\n\n\n\n<p>Olemme iloisia siit\u00e4, ett\u00e4 Lazru on auttanut monia ihmisi\u00e4 saamaan takaisin itseluottamuksensa ripsiin ja kulmakarvoihin. Asiakkailtamme saatu my\u00f6nteinen palaute vahvistaa sitoutumistamme ja motivoi meit\u00e4 kehitt\u00e4m\u00e4\u00e4n ja tarjoamaan jatkuvasti innovatiivisia tuotteita ripsien ja kulmakarvojen hoitoon ja vahvistamiseen.<\/p>\n\n\n\n<p>Jaa ennen\/j\u00e4lkeen -kuvasi kanssamme: support@lazru.com<\/p>\n\n\n\n<p>Huomaa, ett\u00e4 yksitt\u00e4iset tulokset voivat vaihdella, eik\u00e4 niit\u00e4 voida taata.<\/p>\n\n\n\n<figure class=\"wp-block-image aligncenter size-full is-resized\"><a href=\"https:\/\/lazru.com\/wp-content\/uploads\/2022\/06\/Lazru-EN.jpg\"><img loading=\"lazy\" decoding=\"async\" src=\"https:\/\/lazru.com\/wp-content\/uploads\/2022\/06\/Lazru-EN.jpg\" alt=\"Lazru-testi\" class=\"wp-image-2485\" style=\"width:157px;height:98px\" width=\"157\" height=\"98\" srcset=\"https:\/\/lazru.com\/wp-content\/uploads\/2022\/06\/Lazru-EN.jpg 407w, https:\/\/lazru.com\/wp-content\/uploads\/2022\/06\/Lazru-EN-300x187.jpg 300w, https:\/\/lazru.com\/wp-content\/uploads\/2022\/06\/Lazru-EN-18x12.jpg 18w\" sizes=\"auto, (max-width: 157px) 100vw, 157px\" \/><\/a><\/figure>\n\n\n\n<div style=\"height:21px\" aria-hidden=\"true\" class=\"wp-block-spacer\"><\/div>\n\n\n\n<div style=\"height:10px\" aria-hidden=\"true\" class=\"wp-block-spacer\"><\/div>\n\n\n\n<figure class=\"wp-block-image aligncenter size-full is-resized\"><img loading=\"lazy\" decoding=\"async\" src=\"https:\/\/lazru.com\/wp-content\/uploads\/2021\/09\/Lazru-07-1.jpg\" alt=\"Lazru kokemuksia\" class=\"wp-image-77\" style=\"width:439px;height:425px\" width=\"439\" height=\"425\" srcset=\"https:\/\/lazru.com\/wp-content\/uploads\/2021\/09\/Lazru-07-1.jpg 696w, https:\/\/lazru.com\/wp-content\/uploads\/2021\/09\/Lazru-07-1-600x580.jpg 600w, https:\/\/lazru.com\/wp-content\/uploads\/2021\/09\/Lazru-07-1-300x290.jpg 300w\" sizes=\"auto, (max-width: 439px) 100vw, 439px\" \/><\/figure>\n\n\n\n<figure class=\"wp-block-image aligncenter size-full is-resized\"><img loading=\"lazy\" decoding=\"async\" src=\"https:\/\/lazru.com\/wp-content\/uploads\/2021\/09\/Lazru-01.jpg\" alt=\"Lazru-testi\" class=\"wp-image-78\" style=\"object-fit:cover;width:439px;height:425px\" width=\"439\" height=\"425\" srcset=\"https:\/\/lazru.com\/wp-content\/uploads\/2021\/09\/Lazru-01.jpg 696w, https:\/\/lazru.com\/wp-content\/uploads\/2021\/09\/Lazru-01-600x580.jpg 600w, https:\/\/lazru.com\/wp-content\/uploads\/2021\/09\/Lazru-01-300x290.jpg 300w\" sizes=\"auto, (max-width: 439px) 100vw, 439px\" \/><\/figure>\n\n\n\n<figure class=\"wp-block-image aligncenter size-full is-resized\"><img loading=\"lazy\" decoding=\"async\" src=\"https:\/\/lazru.com\/wp-content\/uploads\/2021\/09\/Lazru-05.jpg\" alt=\"Lazru kokemus\" class=\"wp-image-79\" style=\"object-fit:cover;width:439px;height:425px\" width=\"439\" height=\"425\" srcset=\"https:\/\/lazru.com\/wp-content\/uploads\/2021\/09\/Lazru-05.jpg 696w, https:\/\/lazru.com\/wp-content\/uploads\/2021\/09\/Lazru-05-600x580.jpg 600w, https:\/\/lazru.com\/wp-content\/uploads\/2021\/09\/Lazru-05-300x290.jpg 300w\" sizes=\"auto, (max-width: 439px) 100vw, 439px\" \/><\/figure>\n\n\n\n<figure class=\"wp-block-image aligncenter size-full is-resized\"><img loading=\"lazy\" decoding=\"async\" src=\"https:\/\/lazru.com\/wp-content\/uploads\/2021\/09\/Lazru-02.jpg\" alt=\"Lazru-vaikutus\" class=\"wp-image-80\" style=\"object-fit:cover;width:439px;height:425px\" width=\"439\" height=\"425\" srcset=\"https:\/\/lazru.com\/wp-content\/uploads\/2021\/09\/Lazru-02.jpg 696w, https:\/\/lazru.com\/wp-content\/uploads\/2021\/09\/Lazru-02-600x580.jpg 600w, https:\/\/lazru.com\/wp-content\/uploads\/2021\/09\/Lazru-02-300x290.jpg 300w\" sizes=\"auto, (max-width: 439px) 100vw, 439px\" \/><\/figure>\n\n\n\n<figure class=\"wp-block-image aligncenter size-full is-resized\"><img loading=\"lazy\" decoding=\"async\" src=\"https:\/\/lazru.com\/wp-content\/uploads\/2021\/09\/Lazru-06-1.jpg\" alt=\"Lazru kokemus\" class=\"wp-image-81\" style=\"object-fit:cover;width:439px;height:425px\" width=\"439\" height=\"425\" srcset=\"https:\/\/lazru.com\/wp-content\/uploads\/2021\/09\/Lazru-06-1.jpg 696w, https:\/\/lazru.com\/wp-content\/uploads\/2021\/09\/Lazru-06-1-600x580.jpg 600w, https:\/\/lazru.com\/wp-content\/uploads\/2021\/09\/Lazru-06-1-300x290.jpg 300w\" sizes=\"auto, (max-width: 439px) 100vw, 439px\" \/><\/figure>\n\n\n\n<figure class=\"wp-block-image aligncenter size-full is-resized\"><img loading=\"lazy\" decoding=\"async\" src=\"https:\/\/lazru.com\/wp-content\/uploads\/2021\/09\/Lazru-03-1.jpg\" alt=\"Lazru kokemuksia\" class=\"wp-image-82\" style=\"object-fit:cover;width:439px;height:425px\" width=\"439\" height=\"425\" srcset=\"https:\/\/lazru.com\/wp-content\/uploads\/2021\/09\/Lazru-03-1.jpg 696w, https:\/\/lazru.com\/wp-content\/uploads\/2021\/09\/Lazru-03-1-600x580.jpg 600w, https:\/\/lazru.com\/wp-content\/uploads\/2021\/09\/Lazru-03-1-300x290.jpg 300w\" sizes=\"auto, (max-width: 439px) 100vw, 439px\" \/><\/figure>\n\n\n\n<figure class=\"wp-block-image aligncenter size-full is-resized\"><img loading=\"lazy\" decoding=\"async\" src=\"https:\/\/lazru.com\/wp-content\/uploads\/2021\/09\/Lazru-04.jpg\" alt=\"Lazru\" class=\"wp-image-83\" style=\"object-fit:cover;width:439px;height:425px\" width=\"439\" height=\"425\" srcset=\"https:\/\/lazru.com\/wp-content\/uploads\/2021\/09\/Lazru-04.jpg 696w, https:\/\/lazru.com\/wp-content\/uploads\/2021\/09\/Lazru-04-600x580.jpg 600w, https:\/\/lazru.com\/wp-content\/uploads\/2021\/09\/Lazru-04-300x290.jpg 300w\" sizes=\"auto, (max-width: 439px) 100vw, 439px\" \/><\/figure>\n\n\n\n<div style=\"height:11px\" aria-hidden=\"true\" class=\"wp-block-spacer\"><\/div>\n\n\n\n<div class=\"inherit-container-width wp-block-group alignfull has-background is-layout-constrained wp-block-group-is-layout-constrained\" style=\"background-color:#ffffff\"><div class=\"wp-block-group__inner-container\">\n<div class=\"inherit-container-width wp-block-group alignfull has-background is-layout-constrained wp-block-group-is-layout-constrained\" style=\"background-color:#ffffff\"><div class=\"wp-block-group__inner-container\">\n<div class=\"inherit-container-width wp-block-group is-layout-constrained wp-block-group-is-layout-constrained\"><div class=\"wp-block-group__inner-container\">\n<h2 class=\"wp-block-heading has-text-align-center\" id=\"h-mehr-zu-lazru\">Lis\u00e4tietoja LAZRUsta<\/h2>\n\n\n\n<p class=\"has-text-align-center\">Lis\u00e4tietoja LAZRUsta.<\/p>\n\n\n\n<div class=\"wp-block-buttons is-horizontal is-content-justification-center is-layout-flex wp-container-core-buttons-is-layout-1 wp-block-buttons-is-layout-flex\">\n<div class=\"wp-block-button\"><a class=\"wp-block-button__link has-background wp-element-button\" href=\"https:\/\/lazru.com\/fi\/produkte\/\" style=\"background-color:#48a3aa\">Lue lis\u00e4\u00e4!<\/a><\/div>\n<\/div>\n<\/div><\/div>\n<\/div><\/div>\n<\/div><\/div>","protected":false},"excerpt":{"rendered":"<p>Vorher\/Nachher&nbsp;Bilder weiter unten. Lazru Erfahrungen: Transparenz ist uns wichtig. Daher bitten wir unsere Kunden, Vorher\/Nachher Bilder zu machen und ihre Erfahrungen mit uns zu teilen. Es erf\u00fcllt uns mit Freude, [&hellip;]<\/p>","protected":false},"author":1,"featured_media":0,"parent":0,"menu_order":0,"comment_status":"closed","ping_status":"closed","template":"","meta":{"_uag_custom_page_level_css":"","advgb_blocks_editor_width":"","advgb_blocks_columns_visual_guide":"","site-sidebar-layout":"default","site-content-layout":"default","ast-site-content-layout":"default","site-content-style":"default","site-sidebar-style":"default","ast-global-header-display":"","ast-banner-title-visibility":"","ast-main-header-display":"","ast-hfb-above-header-display":"","ast-hfb-below-header-display":"","ast-hfb-mobile-header-display":"","site-post-title":"disabled","ast-breadcrumbs-content":"","ast-featured-img":"","footer-sml-layout":"","ast-disable-related-posts":"","theme-transparent-header-meta":"default","adv-header-id-meta":"","stick-header-meta":"default","header-above-stick-meta":"","header-main-stick-meta":"","header-below-stick-meta":"","astra-migrate-meta-layouts":"set","ast-page-background-enabled":"default","ast-page-background-meta":{"desktop":{"background-color":"","background-image":"","background-repeat":"repeat","background-position":"center center","background-size":"auto","background-attachment":"scroll","background-type":"","background-media":"","overlay-type":"","overlay-color":"","overlay-opacity":"","overlay-gradient":""},"tablet":{"background-color":"","background-image":"","background-repeat":"repeat","background-position":"center center","background-size":"auto","background-attachment":"scroll","background-type":"","background-media":"","overlay-type":"","overlay-color":"","overlay-opacity":"","overlay-gradient":""},"mobile":{"background-color":"","background-image":"","background-repeat":"repeat","background-position":"center center","background-size":"auto","background-attachment":"scroll","background-type":"","background-media":"","overlay-type":"","overlay-color":"","overlay-opacity":"","overlay-gradient":""}},"ast-content-background-meta":{"desktop":{"background-color":"var(--ast-global-color-5)","background-image":"","background-repeat":"repeat","background-position":"center center","background-size":"auto","background-attachment":"scroll","background-type":"","background-media":"","overlay-type":"","overlay-color":"","overlay-opacity":"","overlay-gradient":""},"tablet":{"background-color":"var(--ast-global-color-5)","background-image":"","background-repeat":"repeat","background-position":"center center","background-size":"auto","background-attachment":"scroll","background-type":"","background-media":"","overlay-type":"","overlay-color":"","overlay-opacity":"","overlay-gradient":""},"mobile":{"background-color":"var(--ast-global-color-5)","background-image":"","background-repeat":"repeat","background-position":"center center","background-size":"auto","background-attachment":"scroll","background-type":"","background-media":"","overlay-type":"","overlay-color":"","overlay-opacity":"","overlay-gradient":""}},"footnotes":""},"class_list":["post-73","page","type-page","status-publish","hentry"],"featured_image_src":null,"yoast_head":"<!-- This site is optimized with the Yoast SEO Premium plugin v23.4 (Yoast SEO v26.6) - https:\/\/yoast.com\/wordpress\/plugins\/seo\/ -->\n<title>Lazru Erfahrungen: Wimpern und Augenbrauenserum Erfahrungen<\/title>\n<meta name=\"description\" content=\"Lazru Erfahrung - Hier findest du Vorher Nachher Fotos von Lazru. Wie wirkt das Wimpernserum? Bilder sagen mehr als W\u00f6rter.\" \/>\n<meta name=\"robots\" content=\"index, follow, max-snippet:-1, max-image-preview:large, max-video-preview:-1\" \/>\n<link rel=\"canonical\" href=\"https:\/\/lazru.com\/fi\/erfahrungen\/\" \/>\n<meta property=\"og:locale\" content=\"fi_FI\" \/>\n<meta property=\"og:type\" content=\"article\" \/>\n<meta property=\"og:title\" content=\"Erfahrungen\" \/>\n<meta property=\"og:description\" content=\"Lazru Erfahrung - Hier findest du Vorher Nachher Fotos von Lazru. Wie wirkt das Wimpernserum? Bilder sagen mehr als W\u00f6rter.\" \/>\n<meta property=\"og:url\" content=\"https:\/\/lazru.com\/fi\/erfahrungen\/\" \/>\n<meta property=\"og:site_name\" content=\"LAZRU\" \/>\n<meta property=\"article:modified_time\" content=\"2023-08-24T13:41:35+00:00\" \/>\n<meta property=\"og:image\" content=\"https:\/\/lazru.com\/wp-content\/uploads\/2021\/09\/Lazru-Erfahrung.jpg\" \/>\n<meta name=\"twitter:card\" content=\"summary_large_image\" \/>\n<meta name=\"twitter:label1\" content=\"Arvioitu lukuaika\" \/>\n\t<meta name=\"twitter:data1\" content=\"3 minuuttia\" \/>\n<script type=\"application\/ld+json\" class=\"yoast-schema-graph\">{\"@context\":\"https:\/\/schema.org\",\"@graph\":[{\"@type\":\"WebPage\",\"@id\":\"https:\/\/lazru.com\/erfahrungen\/\",\"url\":\"https:\/\/lazru.com\/erfahrungen\/\",\"name\":\"Lazru Erfahrungen: Wimpern und Augenbrauenserum Erfahrungen\",\"isPartOf\":{\"@id\":\"https:\/\/lazru.com\/es\/#website\"},\"primaryImageOfPage\":{\"@id\":\"https:\/\/lazru.com\/erfahrungen\/#primaryimage\"},\"image\":{\"@id\":\"https:\/\/lazru.com\/erfahrungen\/#primaryimage\"},\"thumbnailUrl\":\"https:\/\/lazru.com\/wp-content\/uploads\/2021\/09\/Lazru-Erfahrung.jpg\",\"datePublished\":\"2021-09-14T14:40:52+00:00\",\"dateModified\":\"2023-08-24T13:41:35+00:00\",\"description\":\"Lazru Erfahrung - Hier findest du Vorher Nachher Fotos von Lazru. Wie wirkt das Wimpernserum? Bilder sagen mehr als W\u00f6rter.\",\"breadcrumb\":{\"@id\":\"https:\/\/lazru.com\/erfahrungen\/#breadcrumb\"},\"inLanguage\":\"fi\",\"potentialAction\":[{\"@type\":\"ReadAction\",\"target\":[\"https:\/\/lazru.com\/erfahrungen\/\"]}]},{\"@type\":\"ImageObject\",\"inLanguage\":\"fi\",\"@id\":\"https:\/\/lazru.com\/erfahrungen\/#primaryimage\",\"url\":\"https:\/\/lazru.com\/wp-content\/uploads\/2021\/09\/Lazru-Erfahrung.jpg\",\"contentUrl\":\"https:\/\/lazru.com\/wp-content\/uploads\/2021\/09\/Lazru-Erfahrung.jpg\"},{\"@type\":\"BreadcrumbList\",\"@id\":\"https:\/\/lazru.com\/erfahrungen\/#breadcrumb\",\"itemListElement\":[{\"@type\":\"ListItem\",\"position\":1,\"name\":\"LAZRU\",\"item\":\"https:\/\/lazru.com\/\"},{\"@type\":\"ListItem\",\"position\":2,\"name\":\"Erfahrungen\"}]},{\"@type\":\"WebSite\",\"@id\":\"https:\/\/lazru.com\/es\/#website\",\"url\":\"https:\/\/lazru.com\/es\/\",\"name\":\"LAZRU\",\"description\":\"Wimpernserum &amp; Augenbrauenserum\",\"publisher\":{\"@id\":\"https:\/\/lazru.com\/es\/#organization\"},\"potentialAction\":[{\"@type\":\"SearchAction\",\"target\":{\"@type\":\"EntryPoint\",\"urlTemplate\":\"https:\/\/lazru.com\/es\/?s={search_term_string}\"},\"query-input\":{\"@type\":\"PropertyValueSpecification\",\"valueRequired\":true,\"valueName\":\"search_term_string\"}}],\"inLanguage\":\"fi\"},{\"@type\":\"Organization\",\"@id\":\"https:\/\/lazru.com\/es\/#organization\",\"name\":\"LAZRU\",\"url\":\"https:\/\/lazru.com\/es\/\",\"logo\":{\"@type\":\"ImageObject\",\"inLanguage\":\"fi\",\"@id\":\"https:\/\/lazru.com\/es\/#\/schema\/logo\/image\/\",\"url\":\"https:\/\/lazru.com\/wp-content\/uploads\/2021\/09\/cropped-lazru-wimpernserum-logo.png\",\"contentUrl\":\"https:\/\/lazru.com\/wp-content\/uploads\/2021\/09\/cropped-lazru-wimpernserum-logo.png\",\"width\":211,\"height\":97,\"caption\":\"LAZRU\"},\"image\":{\"@id\":\"https:\/\/lazru.com\/es\/#\/schema\/logo\/image\/\"},\"sameAs\":[\"https:\/\/www.instagram.com\/lazru_official\/\"]}]}<\/script>\n<!-- \/ Yoast SEO Premium plugin. -->","yoast_head_json":{"title":"Lazru Experience: Ripsiseerumi &amp; Kulmakarvaseerumi","description":"Lazru kokemuksia - T\u00e4\u00e4lt\u00e4 l\u00f6yd\u00e4t ennen ja j\u00e4lkeen kuvia Lazrusta. Miten Ripsiseerumi &amp; Kulmakarvaseerumi toimii? Kuvat kertovat enemm\u00e4n kuin sanat.","robots":{"index":"index","follow":"follow","max-snippet":"max-snippet:-1","max-image-preview":"max-image-preview:large","max-video-preview":"max-video-preview:-1"},"canonical":"https:\/\/lazru.com\/fi\/erfahrungen\/","og_locale":"fi_FI","og_type":"article","og_title":"Erfahrungen","og_description":"Lazru Erfahrung - Hier findest du Vorher Nachher Fotos von Lazru. Wie wirkt das Wimpernserum? Bilder sagen mehr als W\u00f6rter.","og_url":"https:\/\/lazru.com\/fi\/erfahrungen\/","og_site_name":"LAZRU","article_modified_time":"2023-08-24T13:41:35+00:00","og_image":[{"url":"https:\/\/lazru.com\/wp-content\/uploads\/2021\/09\/Lazru-Erfahrung.jpg","type":"","width":"","height":""}],"twitter_card":"summary_large_image","twitter_misc":{"Arvioitu lukuaika":"3 minuuttia"},"schema":{"@context":"https:\/\/schema.org","@graph":[{"@type":"WebPage","@id":"https:\/\/lazru.com\/erfahrungen\/","url":"https:\/\/lazru.com\/erfahrungen\/","name":"Lazru Experience: Ripsiseerumi &amp; Kulmakarvaseerumi","isPartOf":{"@id":"https:\/\/lazru.com\/es\/#website"},"primaryImageOfPage":{"@id":"https:\/\/lazru.com\/erfahrungen\/#primaryimage"},"image":{"@id":"https:\/\/lazru.com\/erfahrungen\/#primaryimage"},"thumbnailUrl":"https:\/\/lazru.com\/wp-content\/uploads\/2021\/09\/Lazru-Erfahrung.jpg","datePublished":"2021-09-14T14:40:52+00:00","dateModified":"2023-08-24T13:41:35+00:00","description":"Lazru kokemuksia - T\u00e4\u00e4lt\u00e4 l\u00f6yd\u00e4t ennen ja j\u00e4lkeen kuvia Lazrusta. Miten Ripsiseerumi &amp; Kulmakarvaseerumi toimii? Kuvat kertovat enemm\u00e4n kuin sanat.","breadcrumb":{"@id":"https:\/\/lazru.com\/erfahrungen\/#breadcrumb"},"inLanguage":"fi","potentialAction":[{"@type":"ReadAction","target":["https:\/\/lazru.com\/erfahrungen\/"]}]},{"@type":"ImageObject","inLanguage":"fi","@id":"https:\/\/lazru.com\/erfahrungen\/#primaryimage","url":"https:\/\/lazru.com\/wp-content\/uploads\/2021\/09\/Lazru-Erfahrung.jpg","contentUrl":"https:\/\/lazru.com\/wp-content\/uploads\/2021\/09\/Lazru-Erfahrung.jpg"},{"@type":"BreadcrumbList","@id":"https:\/\/lazru.com\/erfahrungen\/#breadcrumb","itemListElement":[{"@type":"ListItem","position":1,"name":"LAZRU","item":"https:\/\/lazru.com\/"},{"@type":"ListItem","position":2,"name":"Erfahrungen"}]},{"@type":"WebSite","@id":"https:\/\/lazru.com\/es\/#website","url":"https:\/\/lazru.com\/es\/","name":"LAZRU","description":"Ripsiseerumi &amp; Kulmakarvaseerumi","publisher":{"@id":"https:\/\/lazru.com\/es\/#organization"},"potentialAction":[{"@type":"SearchAction","target":{"@type":"EntryPoint","urlTemplate":"https:\/\/lazru.com\/es\/?s={search_term_string}"},"query-input":{"@type":"PropertyValueSpecification","valueRequired":true,"valueName":"search_term_string"}}],"inLanguage":"fi"},{"@type":"Organization","@id":"https:\/\/lazru.com\/es\/#organization","name":"LAZRU","url":"https:\/\/lazru.com\/es\/","logo":{"@type":"ImageObject","inLanguage":"fi","@id":"https:\/\/lazru.com\/es\/#\/schema\/logo\/image\/","url":"https:\/\/lazru.com\/wp-content\/uploads\/2021\/09\/cropped-lazru-wimpernserum-logo.png","contentUrl":"https:\/\/lazru.com\/wp-content\/uploads\/2021\/09\/cropped-lazru-wimpernserum-logo.png","width":211,"height":97,"caption":"LAZRU"},"image":{"@id":"https:\/\/lazru.com\/es\/#\/schema\/logo\/image\/"},"sameAs":["https:\/\/www.instagram.com\/lazru_official\/"]}]}},"uagb_featured_image_src":{"full":false,"thumbnail":false,"medium":false,"medium_large":false,"large":false,"1536x1536":false,"2048x2048":false,"trp-custom-language-flag":false,"woocommerce_thumbnail":false,"woocommerce_single":false,"woocommerce_gallery_thumbnail":false,"crp_thumbnail":false},"uagb_author_info":{"display_name":"Kerem085","author_link":"https:\/\/lazru.com\/fi\/author\/kerem085\/"},"uagb_comment_info":0,"uagb_excerpt":"Vorher\/Nachher&nbsp;Bilder weiter unten. Lazru Erfahrungen: Transparenz ist uns wichtig. Daher bitten wir unsere Kunden, Vorher\/Nachher Bilder zu machen und ihre Erfahrungen mit uns zu teilen. Es erf\u00fcllt uns mit Freude, [&hellip;]","coauthors":[],"author_meta":{"author_link":"https:\/\/lazru.com\/fi\/author\/kerem085\/","display_name":"Kerem085"},"relative_dates":{"created":"Posted 5 vuotta ago","modified":"Updated 3 vuotta ago"},"absolute_dates":{"created":"Posted on 14. syyskuun 2021","modified":"Updated on 24. elokuun 2023"},"absolute_dates_time":{"created":"Posted on 14. syyskuun 2021 14:40","modified":"Updated on 24. elokuun 2023 15:41"},"featured_img_caption":"","featured_img":false,"series_order":"","_links":{"self":[{"href":"https:\/\/lazru.com\/fi\/wp-json\/wp\/v2\/pages\/73","targetHints":{"allow":["GET"]}}],"collection":[{"href":"https:\/\/lazru.com\/fi\/wp-json\/wp\/v2\/pages"}],"about":[{"href":"https:\/\/lazru.com\/fi\/wp-json\/wp\/v2\/types\/page"}],"author":[{"embeddable":true,"href":"https:\/\/lazru.com\/fi\/wp-json\/wp\/v2\/users\/1"}],"replies":[{"embeddable":true,"href":"https:\/\/lazru.com\/fi\/wp-json\/wp\/v2\/comments?post=73"}],"version-history":[{"count":9,"href":"https:\/\/lazru.com\/fi\/wp-json\/wp\/v2\/pages\/73\/revisions"}],"predecessor-version":[{"id":18887,"href":"https:\/\/lazru.com\/fi\/wp-json\/wp\/v2\/pages\/73\/revisions\/18887"}],"wp:attachment":[{"href":"https:\/\/lazru.com\/fi\/wp-json\/wp\/v2\/media?parent=73"}],"curies":[{"name":"wp","href":"https:\/\/api.w.org\/{rel}","templated":true}]}}