{"id":1341,"date":"2022-04-06T08:49:33","date_gmt":"2022-04-06T08:49:33","guid":{"rendered":"https:\/\/lazru.com\/?post_type=product&#038;p=1341"},"modified":"2025-12-31T16:11:06","modified_gmt":"2025-12-31T15:11:06","slug":"lazru-2","status":"publish","type":"product","link":"https:\/\/lazru.com\/es\/producto\/lazru-2\/","title":{"rendered":"Pack Lazru 2"},"content":{"rendered":"<h2>Aplicaci\u00f3n:<\/h2>\n<p>Utilizar una o dos veces al d\u00eda. Agitar bien antes de usar. Aplicar una peque\u00f1a cantidad cuidadosa y uniformemente sobre las pesta\u00f1as o las cejas. S\u00f3lo para uso externo. Evitar el contacto directo con los ojos. Conservar a temperatura ambiente y fuera del alcance de los ni\u00f1os.<\/p>\n<h2><span style=\"color: #8a949c\">Despierta tu belleza con Lazru: \u00a1Para unas Pesta\u00f1as y Cejas irresistibles que atraen todas las miradas!<\/span><\/h2>\n<p><a href=\"https:\/\/lazru.com\/wp-content\/uploads\/2023\/07\/Lazru.jpg\"><img loading=\"lazy\" decoding=\"async\" class=\"wp-image-18048 size-full\" src=\"https:\/\/lazru.com\/wp-content\/uploads\/2023\/07\/Lazru.jpg\" alt=\"Lazru\" width=\"2000\" height=\"1080\" srcset=\"https:\/\/lazru.com\/wp-content\/uploads\/2023\/07\/Lazru.jpg 2000w, https:\/\/lazru.com\/wp-content\/uploads\/2023\/07\/Lazru-300x162.jpg 300w, https:\/\/lazru.com\/wp-content\/uploads\/2023\/07\/Lazru-1024x553.jpg 1024w, https:\/\/lazru.com\/wp-content\/uploads\/2023\/07\/Lazru-768x415.jpg 768w, https:\/\/lazru.com\/wp-content\/uploads\/2023\/07\/Lazru-1536x829.jpg 1536w, https:\/\/lazru.com\/wp-content\/uploads\/2023\/07\/Lazru-18x10.jpg 18w, https:\/\/lazru.com\/wp-content\/uploads\/2023\/07\/Lazru-600x324.jpg 600w\" sizes=\"auto, (max-width: 2000px) 100vw, 2000px\" \/><\/a><\/p>\n<p>Imagine poder fortalecer y revitalizar las pesta\u00f1as y cejas d\u00e9biles con un solo producto. \u00a1Lazru lo hace posible! Nuestro revolucionario serum, resultado de una exhaustiva investigaci\u00f3n y desarrollo, contiene una mezcla altamente concentrada de 67 ingredientes naturales que pueden ayudar a nutrir, fortalecer y promover el crecimiento de sus pesta\u00f1as y cejas.<\/p>\n<p>Uno de los aspectos que hacen que Lazru sea especial es que evitamos deliberadamente la hormona prostaglandina y sus derivados. Algunos productos del mercado contienen estas sustancias, que pueden estimular el crecimiento del vello, pero tambi\u00e9n est\u00e1n asociadas a una serie de posibles efectos secundarios, como enrojecimiento, irritaci\u00f3n y decoloraci\u00f3n de la piel. Por lo tanto, no son adecuados para todo el mundo, especialmente para las personas con piel sensible o un sistema inmunitario d\u00e9bil, as\u00ed como para las mujeres embarazadas y en periodo de lactancia. En cambio, Lazru no contiene 100% hormonas, por lo que no presenta estos riesgos.<\/p>\n<p>Con Lazru, se beneficiar\u00e1 del poder de la ciencia y la naturaleza. Rico en extractos de plantas, aceites naturales, vitaminas y amino\u00e1cidos, nuestro suero utiliza m\u00e9todos de fabricaci\u00f3n innovadores como la fermentaci\u00f3n y la tecnolog\u00eda liposomal para garantizar que los ingredientes activos lleguen espec\u00edficamente a las ra\u00edces del cabello.<\/p>\n<p>Adem\u00e1s, Lazru 100% no contiene formaldeh\u00eddo, ftalatos, sulfatos, parabenos, siliconas ni aceites minerales, y est\u00e1 dise\u00f1ado para ser seguro y respetuoso con la piel.<\/p>\n<p>\u00bfPor qu\u00e9 vivir con pesta\u00f1as y cejas d\u00e9biles y finas cuando puede fortalecerlas y revitalizarlas con Lazru? Pruebe nuestro serum y compruebe usted misma c\u00f3mo libera el potencial natural de sus pesta\u00f1as y cejas.<\/p>\n<h2>Antes\/Despu\u00e9s:<\/h2>\n<p>Env\u00ede sus fotos a support@lazru.com<\/p>\n<p><img loading=\"lazy\" decoding=\"async\" class=\"alignnone size-medium wp-image-54\" src=\"https:\/\/lazru.com\/wp-content\/uploads\/2021\/09\/Lazru-06-300x290.jpg\" alt=\"\" width=\"300\" height=\"290\" srcset=\"https:\/\/lazru.com\/wp-content\/uploads\/2021\/09\/Lazru-06-300x290.jpg 300w, https:\/\/lazru.com\/wp-content\/uploads\/2021\/09\/Lazru-06-600x580.jpg 600w, https:\/\/lazru.com\/wp-content\/uploads\/2021\/09\/Lazru-06.jpg 696w\" sizes=\"auto, (max-width: 300px) 100vw, 300px\" \/><\/p>\n<p><img loading=\"lazy\" decoding=\"async\" class=\"size-medium wp-image-79\" src=\"https:\/\/lazru.com\/wp-content\/uploads\/2021\/09\/Lazru-05-300x290.jpg\" alt=\"Experiencia de Lazru\" width=\"300\" height=\"290\" srcset=\"https:\/\/lazru.com\/wp-content\/uploads\/2021\/09\/Lazru-05-300x290.jpg 300w, https:\/\/lazru.com\/wp-content\/uploads\/2021\/09\/Lazru-05-600x580.jpg 600w, https:\/\/lazru.com\/wp-content\/uploads\/2021\/09\/Lazru-05.jpg 696w\" sizes=\"auto, (max-width: 300px) 100vw, 300px\" \/><\/p>\n<p><img loading=\"lazy\" decoding=\"async\" class=\"size-medium wp-image-77\" src=\"https:\/\/lazru.com\/wp-content\/uploads\/2021\/09\/Lazru-07-1-300x290.jpg\" alt=\"Experiencias de Lazru\" width=\"300\" height=\"290\" srcset=\"https:\/\/lazru.com\/wp-content\/uploads\/2021\/09\/Lazru-07-1-300x290.jpg 300w, https:\/\/lazru.com\/wp-content\/uploads\/2021\/09\/Lazru-07-1-600x580.jpg 600w, https:\/\/lazru.com\/wp-content\/uploads\/2021\/09\/Lazru-07-1.jpg 696w\" sizes=\"auto, (max-width: 300px) 100vw, 300px\" \/><\/p>","protected":false},"excerpt":{"rendered":"<p class=\"p1\"><span class=\"s1\">Serum Pesta\u00f1as &amp; Serum Cejas<br \/>\n<span style=\"color: #5bc98b\"><strong>Nuevo: \u00a1Formulaci\u00f3n liposomal!<\/strong><\/span><br \/>\n<\/span><\/p>\n<ul>\n<li>Crece Pesta\u00f1as<\/li>\n<li>Crece Cejas<\/li>\n<li>Sin Hormonas<\/li>\n<li>Sin prostaglandinas<\/li>\n<li>Probado dermatol\u00f3gicamente<\/li>\n<\/ul>\n<p><img loading=\"lazy\" decoding=\"async\" class=\"alignnone wp-image-48\" src=\"https:\/\/lazru.com\/wp-content\/uploads\/2021\/09\/Lo-2.jpg\" alt=\"\" width=\"283\" height=\"25\" srcset=\"https:\/\/lazru.com\/wp-content\/uploads\/2021\/09\/Lo-2.jpg 941w, https:\/\/lazru.com\/wp-content\/uploads\/2021\/09\/Lo-2-600x53.jpg 600w, https:\/\/lazru.com\/wp-content\/uploads\/2021\/09\/Lo-2-300x26.jpg 300w, https:\/\/lazru.com\/wp-content\/uploads\/2021\/09\/Lo-2-768x68.jpg 768w\" sizes=\"auto, (max-width: 283px) 100vw, 283px\" \/><\/p>\n<p><a href=\"https:\/\/lazru.com\/wp-content\/uploads\/2022\/06\/Lazru-EN.jpg\"><img loading=\"lazy\" decoding=\"async\" class=\"wp-image-2445\" src=\"https:\/\/lazru.com\/wp-content\/uploads\/2022\/06\/Lazru-EN.jpg\" alt=\"Prueba de Lazru\" width=\"170\" height=\"106\" srcset=\"https:\/\/lazru.com\/wp-content\/uploads\/2022\/06\/Lazru-EN.jpg 407w, https:\/\/lazru.com\/wp-content\/uploads\/2022\/06\/Lazru-EN-300x187.jpg 300w, https:\/\/lazru.com\/wp-content\/uploads\/2022\/06\/Lazru-EN-18x12.jpg 18w\" sizes=\"auto, (max-width: 170px) 100vw, 170px\" \/><\/a><\/p>","protected":false},"author":1,"featured_media":18170,"comment_status":"open","ping_status":"closed","template":"","meta":{"_uag_custom_page_level_css":"","advgb_blocks_editor_width":"","advgb_blocks_columns_visual_guide":"","site-sidebar-layout":"default","site-content-layout":"default","ast-site-content-layout":"default","site-content-style":"default","site-sidebar-style":"default","ast-global-header-display":"","ast-banner-title-visibility":"","ast-main-header-display":"","ast-hfb-above-header-display":"","ast-hfb-below-header-display":"","ast-hfb-mobile-header-display":"","site-post-title":"","ast-breadcrumbs-content":"","ast-featured-img":"","footer-sml-layout":"","ast-disable-related-posts":"","theme-transparent-header-meta":"default","adv-header-id-meta":"","stick-header-meta":"default","header-above-stick-meta":"","header-main-stick-meta":"","header-below-stick-meta":"","astra-migrate-meta-layouts":"set","ast-page-background-enabled":"default","ast-page-background-meta":{"desktop":{"background-color":"","background-image":"","background-repeat":"repeat","background-position":"center center","background-size":"auto","background-attachment":"scroll","background-type":"","background-media":"","overlay-type":"","overlay-color":"","overlay-opacity":"","overlay-gradient":""},"tablet":{"background-color":"","background-image":"","background-repeat":"repeat","background-position":"center center","background-size":"auto","background-attachment":"scroll","background-type":"","background-media":"","overlay-type":"","overlay-color":"","overlay-opacity":"","overlay-gradient":""},"mobile":{"background-color":"","background-image":"","background-repeat":"repeat","background-position":"center center","background-size":"auto","background-attachment":"scroll","background-type":"","background-media":"","overlay-type":"","overlay-color":"","overlay-opacity":"","overlay-gradient":""}},"ast-content-background-meta":{"desktop":{"background-color":"var(--ast-global-color-5)","background-image":"","background-repeat":"repeat","background-position":"center center","background-size":"auto","background-attachment":"scroll","background-type":"","background-media":"","overlay-type":"","overlay-color":"","overlay-opacity":"","overlay-gradient":""},"tablet":{"background-color":"var(--ast-global-color-5)","background-image":"","background-repeat":"repeat","background-position":"center center","background-size":"auto","background-attachment":"scroll","background-type":"","background-media":"","overlay-type":"","overlay-color":"","overlay-opacity":"","overlay-gradient":""},"mobile":{"background-color":"var(--ast-global-color-5)","background-image":"","background-repeat":"repeat","background-position":"center center","background-size":"auto","background-attachment":"scroll","background-type":"","background-media":"","overlay-type":"","overlay-color":"","overlay-opacity":"","overlay-gradient":""}}},"product_brand":[],"product_cat":[201],"product_tag":[179],"class_list":{"0":"post-1341","1":"product","2":"type-product","3":"status-publish","4":"has-post-thumbnail","6":"product_cat-cosmetic","7":"product_tag-lazru2er","8":"desktop-align-left","9":"tablet-align-left","10":"mobile-align-left","11":"ast-product-gallery-layout-horizontal","12":"ast-product-gallery-with-no-image","13":"ast-magnify-disabled","14":"ast-product-tabs-layout-horizontal","15":"ast-qv-on-image","17":"first","18":"instock","19":"sale","20":"taxable","21":"shipping-taxable","22":"purchasable","23":"product-type-simple"},"yoast_head":"<!-- This site is optimized with the Yoast SEO Premium plugin v23.4 (Yoast SEO v26.6) - https:\/\/yoast.com\/wordpress\/plugins\/seo\/ -->\n<title>Lazru 2er Pack - LAZRU<\/title>\n<meta name=\"robots\" content=\"index, follow, max-snippet:-1, max-image-preview:large, max-video-preview:-1\" \/>\n<link rel=\"canonical\" href=\"https:\/\/lazru.com\/es\/producto\/lazru-2\/\" \/>\n<meta property=\"og:locale\" content=\"es_ES\" \/>\n<meta property=\"og:type\" content=\"article\" \/>\n<meta property=\"og:title\" content=\"Lazru 2er Pack\" \/>\n<meta property=\"og:description\" content=\"Wimpernserum &amp; Augenbrauenserum Neu: Liposomale Formulierung!     Wimpernwachstum  Augenbrauenwachstum  Ohne Hormone  Ohne Prostaglandine  Dermatologisch getestet\" \/>\n<meta property=\"og:url\" content=\"https:\/\/lazru.com\/es\/producto\/lazru-2\/\" \/>\n<meta property=\"og:site_name\" content=\"LAZRU\" \/>\n<meta property=\"article:modified_time\" content=\"2025-12-31T15:11:06+00:00\" \/>\n<meta property=\"og:image\" content=\"https:\/\/lazru.com\/wp-content\/uploads\/2023\/07\/Lazru-2.jpg\" \/>\n\t<meta property=\"og:image:width\" content=\"1000\" \/>\n\t<meta property=\"og:image:height\" content=\"1000\" \/>\n\t<meta property=\"og:image:type\" content=\"image\/jpeg\" \/>\n<meta name=\"twitter:card\" content=\"summary_large_image\" \/>\n<meta name=\"twitter:label1\" content=\"Tiempo de lectura\" \/>\n\t<meta name=\"twitter:data1\" content=\"3 minutos\" \/>\n<script type=\"application\/ld+json\" class=\"yoast-schema-graph\">{\"@context\":\"https:\/\/schema.org\",\"@graph\":[{\"@type\":\"WebPage\",\"@id\":\"https:\/\/lazru.com\/produkt\/lazru-2\/\",\"url\":\"https:\/\/lazru.com\/produkt\/lazru-2\/\",\"name\":\"Lazru 2er Pack - LAZRU\",\"isPartOf\":{\"@id\":\"https:\/\/lazru.com\/es\/#website\"},\"primaryImageOfPage\":{\"@id\":\"https:\/\/lazru.com\/produkt\/lazru-2\/#primaryimage\"},\"image\":{\"@id\":\"https:\/\/lazru.com\/produkt\/lazru-2\/#primaryimage\"},\"thumbnailUrl\":\"https:\/\/lazru.com\/wp-content\/uploads\/2023\/07\/Lazru-2.jpg\",\"datePublished\":\"2022-04-06T08:49:33+00:00\",\"dateModified\":\"2025-12-31T15:11:06+00:00\",\"breadcrumb\":{\"@id\":\"https:\/\/lazru.com\/produkt\/lazru-2\/#breadcrumb\"},\"inLanguage\":\"es\",\"potentialAction\":[{\"@type\":\"ReadAction\",\"target\":[\"https:\/\/lazru.com\/produkt\/lazru-2\/\"]}]},{\"@type\":\"ImageObject\",\"inLanguage\":\"es\",\"@id\":\"https:\/\/lazru.com\/produkt\/lazru-2\/#primaryimage\",\"url\":\"https:\/\/lazru.com\/wp-content\/uploads\/2023\/07\/Lazru-2.jpg\",\"contentUrl\":\"https:\/\/lazru.com\/wp-content\/uploads\/2023\/07\/Lazru-2.jpg\",\"width\":1000,\"height\":1000,\"caption\":\"Wimpernserum\"},{\"@type\":\"BreadcrumbList\",\"@id\":\"https:\/\/lazru.com\/produkt\/lazru-2\/#breadcrumb\",\"itemListElement\":[{\"@type\":\"ListItem\",\"position\":1,\"name\":\"LAZRU\",\"item\":\"https:\/\/lazru.com\/\"},{\"@type\":\"ListItem\",\"position\":2,\"name\":\"Shop\",\"item\":\"https:\/\/lazru.com\/es\/shop\/\"},{\"@type\":\"ListItem\",\"position\":3,\"name\":\"Lazru 2er Pack\"}]},{\"@type\":\"WebSite\",\"@id\":\"https:\/\/lazru.com\/es\/#website\",\"url\":\"https:\/\/lazru.com\/es\/\",\"name\":\"LAZRU\",\"description\":\"Wimpernserum &amp; Augenbrauenserum\",\"publisher\":{\"@id\":\"https:\/\/lazru.com\/es\/#organization\"},\"potentialAction\":[{\"@type\":\"SearchAction\",\"target\":{\"@type\":\"EntryPoint\",\"urlTemplate\":\"https:\/\/lazru.com\/es\/?s={search_term_string}\"},\"query-input\":{\"@type\":\"PropertyValueSpecification\",\"valueRequired\":true,\"valueName\":\"search_term_string\"}}],\"inLanguage\":\"es\"},{\"@type\":\"Organization\",\"@id\":\"https:\/\/lazru.com\/es\/#organization\",\"name\":\"LAZRU\",\"url\":\"https:\/\/lazru.com\/es\/\",\"logo\":{\"@type\":\"ImageObject\",\"inLanguage\":\"es\",\"@id\":\"https:\/\/lazru.com\/es\/#\/schema\/logo\/image\/\",\"url\":\"https:\/\/lazru.com\/wp-content\/uploads\/2021\/09\/cropped-lazru-wimpernserum-logo.png\",\"contentUrl\":\"https:\/\/lazru.com\/wp-content\/uploads\/2021\/09\/cropped-lazru-wimpernserum-logo.png\",\"width\":211,\"height\":97,\"caption\":\"LAZRU\"},\"image\":{\"@id\":\"https:\/\/lazru.com\/es\/#\/schema\/logo\/image\/\"},\"sameAs\":[\"https:\/\/www.instagram.com\/lazru_official\/\"]}]}<\/script>\n<!-- \/ Yoast SEO Premium plugin. -->","yoast_head_json":{"title":"Paquete de 2 Lazru - LAZRU","robots":{"index":"index","follow":"follow","max-snippet":"max-snippet:-1","max-image-preview":"max-image-preview:large","max-video-preview":"max-video-preview:-1"},"canonical":"https:\/\/lazru.com\/es\/producto\/lazru-2\/","og_locale":"es_ES","og_type":"article","og_title":"Lazru 2er Pack","og_description":"Wimpernserum &amp; Augenbrauenserum Neu: Liposomale Formulierung!     Wimpernwachstum  Augenbrauenwachstum  Ohne Hormone  Ohne Prostaglandine  Dermatologisch getestet","og_url":"https:\/\/lazru.com\/es\/producto\/lazru-2\/","og_site_name":"LAZRU","article_modified_time":"2025-12-31T15:11:06+00:00","og_image":[{"width":1000,"height":1000,"url":"https:\/\/lazru.com\/wp-content\/uploads\/2023\/07\/Lazru-2.jpg","type":"image\/jpeg"}],"twitter_card":"summary_large_image","twitter_misc":{"Tiempo de lectura":"3 minutos"},"schema":{"@context":"https:\/\/schema.org","@graph":[{"@type":"WebPage","@id":"https:\/\/lazru.com\/produkt\/lazru-2\/","url":"https:\/\/lazru.com\/produkt\/lazru-2\/","name":"Paquete de 2 Lazru - LAZRU","isPartOf":{"@id":"https:\/\/lazru.com\/es\/#website"},"primaryImageOfPage":{"@id":"https:\/\/lazru.com\/produkt\/lazru-2\/#primaryimage"},"image":{"@id":"https:\/\/lazru.com\/produkt\/lazru-2\/#primaryimage"},"thumbnailUrl":"https:\/\/lazru.com\/wp-content\/uploads\/2023\/07\/Lazru-2.jpg","datePublished":"2022-04-06T08:49:33+00:00","dateModified":"2025-12-31T15:11:06+00:00","breadcrumb":{"@id":"https:\/\/lazru.com\/produkt\/lazru-2\/#breadcrumb"},"inLanguage":"es","potentialAction":[{"@type":"ReadAction","target":["https:\/\/lazru.com\/produkt\/lazru-2\/"]}]},{"@type":"ImageObject","inLanguage":"es","@id":"https:\/\/lazru.com\/produkt\/lazru-2\/#primaryimage","url":"https:\/\/lazru.com\/wp-content\/uploads\/2023\/07\/Lazru-2.jpg","contentUrl":"https:\/\/lazru.com\/wp-content\/uploads\/2023\/07\/Lazru-2.jpg","width":1000,"height":1000,"caption":"Wimpernserum"},{"@type":"BreadcrumbList","@id":"https:\/\/lazru.com\/produkt\/lazru-2\/#breadcrumb","itemListElement":[{"@type":"ListItem","position":1,"name":"LAZRU","item":"https:\/\/lazru.com\/"},{"@type":"ListItem","position":2,"name":"Shop","item":"https:\/\/lazru.com\/es\/shop\/"},{"@type":"ListItem","position":3,"name":"Lazru 2er Pack"}]},{"@type":"WebSite","@id":"https:\/\/lazru.com\/es\/#website","url":"https:\/\/lazru.com\/es\/","name":"LAZRU","description":"Serum Pesta\u00f1as &amp; Serum Cejas","publisher":{"@id":"https:\/\/lazru.com\/es\/#organization"},"potentialAction":[{"@type":"SearchAction","target":{"@type":"EntryPoint","urlTemplate":"https:\/\/lazru.com\/es\/?s={search_term_string}"},"query-input":{"@type":"PropertyValueSpecification","valueRequired":true,"valueName":"search_term_string"}}],"inLanguage":"es"},{"@type":"Organization","@id":"https:\/\/lazru.com\/es\/#organization","name":"LAZRU","url":"https:\/\/lazru.com\/es\/","logo":{"@type":"ImageObject","inLanguage":"es","@id":"https:\/\/lazru.com\/es\/#\/schema\/logo\/image\/","url":"https:\/\/lazru.com\/wp-content\/uploads\/2021\/09\/cropped-lazru-wimpernserum-logo.png","contentUrl":"https:\/\/lazru.com\/wp-content\/uploads\/2021\/09\/cropped-lazru-wimpernserum-logo.png","width":211,"height":97,"caption":"LAZRU"},"image":{"@id":"https:\/\/lazru.com\/es\/#\/schema\/logo\/image\/"},"sameAs":["https:\/\/www.instagram.com\/lazru_official\/"]}]}},"uagb_featured_image_src":{"full":["https:\/\/lazru.com\/wp-content\/uploads\/2023\/07\/Lazru-2.jpg",1000,1000,false],"thumbnail":["https:\/\/lazru.com\/wp-content\/uploads\/2023\/07\/Lazru-2-150x150.jpg",150,150,true],"medium":["https:\/\/lazru.com\/wp-content\/uploads\/2023\/07\/Lazru-2-300x300.jpg",300,300,true],"medium_large":["https:\/\/lazru.com\/wp-content\/uploads\/2023\/07\/Lazru-2-768x768.jpg",768,768,true],"large":["https:\/\/lazru.com\/wp-content\/uploads\/2023\/07\/Lazru-2.jpg",1000,1000,false],"1536x1536":["https:\/\/lazru.com\/wp-content\/uploads\/2023\/07\/Lazru-2.jpg",1000,1000,false],"2048x2048":["https:\/\/lazru.com\/wp-content\/uploads\/2023\/07\/Lazru-2.jpg",1000,1000,false],"trp-custom-language-flag":["https:\/\/lazru.com\/wp-content\/uploads\/2023\/07\/Lazru-2-12x12.jpg",12,12,true],"woocommerce_thumbnail":["https:\/\/lazru.com\/wp-content\/uploads\/2023\/07\/Lazru-2-300x300.jpg",300,300,true],"woocommerce_single":["https:\/\/lazru.com\/wp-content\/uploads\/2023\/07\/Lazru-2-600x600.jpg",600,600,true],"woocommerce_gallery_thumbnail":["https:\/\/lazru.com\/wp-content\/uploads\/2023\/07\/Lazru-2-100x100.jpg",100,100,true],"crp_thumbnail":["https:\/\/lazru.com\/wp-content\/uploads\/2023\/07\/Lazru-2-150x150.jpg",150,150,true]},"uagb_author_info":{"display_name":"Kerem085","author_link":"https:\/\/lazru.com\/es\/author\/kerem085\/"},"uagb_comment_info":100,"uagb_excerpt":"Wimpernserum &amp; Augenbrauenserum Neu: Liposomale Formulierung! Wimpernwachstum Augenbrauenwachstum Ohne Hormone Ohne Prostaglandine Dermatologisch getestet","featured_img":"https:\/\/lazru.com\/wp-content\/uploads\/2023\/07\/Lazru-2.jpg","coauthors":[],"author_meta":{"author_link":"https:\/\/lazru.com\/es\/author\/kerem085\/","display_name":"Kerem085"},"relative_dates":{"created":"Publicado 4 a\u00f1os hace","modified":"Actualizado 3 meses hace"},"absolute_dates":{"created":"Publicado el 6. abril 2022","modified":"Actualizado el 31. diciembre 2025"},"absolute_dates_time":{"created":"Publicado el 6. abril 2022 8:49","modified":"Actualizado el 31. diciembre 2025 16:11"},"featured_img_caption":"Wimpernserum","tax_additional":{"product_brand":{"linked":[],"unlinked":[],"slug":"product_brand","name":"Marcas"},"product_type":{"linked":["<a href=\"https:\/\/lazru.com\/es\/?taxonomy=product_type&#038;term=simple\" class=\"advgb-post-tax-term\">simple<\/a>"],"unlinked":["<span class=\"advgb-post-tax-term\">simple<\/span>"],"slug":"product_type","name":"Tipo de producto"},"product_visibility":{"linked":["<a href=\"https:\/\/lazru.com\/es\/?taxonomy=product_visibility&#038;term=rated-4\" class=\"advgb-post-tax-term\">rated-4<\/a>"],"unlinked":["<span class=\"advgb-post-tax-term\">rated-4<\/span>"],"slug":"product_visibility","name":"Visibilidad del producto"},"product_cat":{"linked":["<a href=\"https:\/\/lazru.com\/es\/categoria-producto\/cosmetic\/\" class=\"advgb-post-tax-term\">Cosmetic<\/a>"],"unlinked":["<span class=\"advgb-post-tax-term\">Cosmetic<\/span>"],"slug":"product_cat","name":"Categor\u00edas del producto"},"product_tag":{"linked":["<a href=\"https:\/\/lazru.com\/es\/etiqueta-producto\/lazru2er\/\" class=\"advgb-post-tax-term\">Lazru2er<\/a>"],"unlinked":["<span class=\"advgb-post-tax-term\">Lazru2er<\/span>"],"slug":"product_tag","name":"Etiquetas del producto"},"product_shipping_class":{"linked":[],"unlinked":[],"slug":"product_shipping_class","name":"Clases de env\u00edo del producto"},"pa_brand":{"linked":[],"unlinked":[],"slug":"pa_brand","name":"Marke del producto"}},"series_order":"","_links":{"self":[{"href":"https:\/\/lazru.com\/es\/wp-json\/wp\/v2\/product\/1341","targetHints":{"allow":["GET"]}}],"collection":[{"href":"https:\/\/lazru.com\/es\/wp-json\/wp\/v2\/product"}],"about":[{"href":"https:\/\/lazru.com\/es\/wp-json\/wp\/v2\/types\/product"}],"replies":[{"embeddable":true,"href":"https:\/\/lazru.com\/es\/wp-json\/wp\/v2\/comments?post=1341"}],"wp:featuredmedia":[{"embeddable":true,"href":"https:\/\/lazru.com\/es\/wp-json\/wp\/v2\/media\/18170"}],"wp:attachment":[{"href":"https:\/\/lazru.com\/es\/wp-json\/wp\/v2\/media?parent=1341"}],"wp:term":[{"taxonomy":"product_brand","embeddable":true,"href":"https:\/\/lazru.com\/es\/wp-json\/wp\/v2\/product_brand?post=1341"},{"taxonomy":"product_cat","embeddable":true,"href":"https:\/\/lazru.com\/es\/wp-json\/wp\/v2\/product_cat?post=1341"},{"taxonomy":"product_tag","embeddable":true,"href":"https:\/\/lazru.com\/es\/wp-json\/wp\/v2\/product_tag?post=1341"}],"curies":[{"name":"wp","href":"https:\/\/api.w.org\/{rel}","templated":true}]}}