{"id":92,"date":"2021-09-14T14:52:07","date_gmt":"2021-09-14T14:52:07","guid":{"rendered":"https:\/\/lazru.com\/?page_id=92"},"modified":"2023-07-28T15:11:18","modified_gmt":"2023-07-28T13:11:18","slug":"produkte","status":"publish","type":"page","link":"https:\/\/lazru.com\/es\/productos\/","title":{"rendered":"Productos"},"content":{"rendered":"<div class=\"wp-block-cover alignfull is-light has-custom-content-position is-position-bottom-center\" style=\"min-height:203px;aspect-ratio:unset;\"><span aria-hidden=\"true\" class=\"wp-block-cover__background has-background-dim-20 has-background-dim\"><\/span><img loading=\"lazy\" decoding=\"async\" width=\"2000\" height=\"800\" class=\"wp-block-cover__image-background wp-image-1140\" alt=\"Suero para pesta\u00f1as\" src=\"https:\/\/lazru.com\/wp-content\/uploads\/2022\/03\/Wimpernserum.jpg\" style=\"object-position:53% 1%\" data-object-fit=\"cover\" data-object-position=\"53% 1%\" srcset=\"https:\/\/lazru.com\/wp-content\/uploads\/2022\/03\/Wimpernserum.jpg 2000w, https:\/\/lazru.com\/wp-content\/uploads\/2022\/03\/Wimpernserum-300x120.jpg 300w, https:\/\/lazru.com\/wp-content\/uploads\/2022\/03\/Wimpernserum-1024x410.jpg 1024w, https:\/\/lazru.com\/wp-content\/uploads\/2022\/03\/Wimpernserum-768x307.jpg 768w, https:\/\/lazru.com\/wp-content\/uploads\/2022\/03\/Wimpernserum-1536x614.jpg 1536w, https:\/\/lazru.com\/wp-content\/uploads\/2022\/03\/Wimpernserum-18x7.jpg 18w, https:\/\/lazru.com\/wp-content\/uploads\/2022\/03\/Wimpernserum-600x240.jpg 600w\" sizes=\"auto, (max-width: 2000px) 100vw, 2000px\" \/><div class=\"wp-block-cover__inner-container is-layout-flow wp-block-cover-is-layout-flow\">\n<h1 class=\"wp-block-heading has-text-align-center has-ast-global-color-5-color has-text-color\" id=\"h-shop\">Tienda<\/h1>\n\n\n\n<p><\/p>\n<\/div><\/div>\n\n\n\n<div style=\"height:12px\" aria-hidden=\"true\" class=\"wp-block-spacer\"><\/div>\n\n\n\n<h3 class=\"wp-block-heading has-text-align-center\">Serum Pesta\u00f1as &amp; Serum Cejas<br>sin hormonas.<\/h3>\n\n\n\n<figure class=\"wp-block-image aligncenter size-full is-resized\"><img loading=\"lazy\" decoding=\"async\" src=\"https:\/\/lazru.com\/wp-content\/uploads\/2022\/06\/Lazru-EN.jpg\" alt=\"Prueba de Lazru\" class=\"wp-image-2445\" width=\"167\" height=\"104\" srcset=\"https:\/\/lazru.com\/wp-content\/uploads\/2022\/06\/Lazru-EN.jpg 407w, https:\/\/lazru.com\/wp-content\/uploads\/2022\/06\/Lazru-EN-300x187.jpg 300w, https:\/\/lazru.com\/wp-content\/uploads\/2022\/06\/Lazru-EN-18x12.jpg 18w\" sizes=\"auto, (max-width: 167px) 100vw, 167px\" \/><\/figure>\n\n\n\n<div class=\"wp-block-advgb-columns advgb-columns-wrapper\" id=\"advgb-cols-fa75336d-6f47-4985-8ad2-c935cf50c4ef\"><div class=\"advgb-columns-container\"><div class=\"advgb-columns advgb-columns-row advgb-is-mobile advgb-columns-3 layout-13-13-13 mbl-layout-stacked gutter-20 vgutter-20\">\n<div class=\"wp-block-advgb-column advgb-column advgb-is-one-third-tablet advgb-is-full-mobile\" id=\"advgb-col-5c78aa64-2580-4a73-96f3-107b38ce2ed7\"><div class=\"advgb-column-inner\" style=\"border-style:solid;border-color:#e2e7e8;border-width:1px;border-radius:0\">\n<figure class=\"wp-block-image aligncenter size-full\" id=\"block-e974292c-78d1-4785-bea0-34712d4e5944\"><a href=\"https:\/\/lazru.com\/es\/producto\/serum-de-pestanas-y-serum-de-cejas\/\"><img decoding=\"async\" src=\"https:\/\/lazru.com\/wp-content\/uploads\/2023\/07\/Lazru-1-1.jpg\" alt=\"Lazru\" class=\"wp-image-7657\"\/><\/a><\/figure>\n\n\n\n<h4 class=\"wp-block-heading\" id=\"h-lazru\"><a href=\"https:\/\/lazru.com\/es\/producto\/serum-de-pestanas-y-serum-de-cejas\/\">Lazru<\/a><\/h4>\n\n\n\n<p><span style=\"color: rgb(51, 51, 51); font-family: Poppins, sans-serif; font-size: 18px; font-style: normal; font-variant-ligatures: normal; font-variant-caps: normal; font-weight: 400; letter-spacing: normal; orphans: 2; text-align: center; text-indent: 0px; text-transform: none; white-space: pre-wrap; widows: 2; word-spacing: 0px; -webkit-text-stroke-width: 0px; background-color: rgb(255, 255, 255); text-decoration-thickness: initial; text-decoration-style: initial; text-decoration-color: initial; display: inline !important; float: none;\">Serum Pesta\u00f1as &amp;<\/span><br><span style=\"color: rgb(51, 51, 51); font-family: Poppins, sans-serif; font-size: 18px; font-style: normal; font-variant-ligatures: normal; font-variant-caps: normal; font-weight: 400; letter-spacing: normal; orphans: 2; text-align: center; text-indent: 0px; text-transform: none; white-space: pre-wrap; widows: 2; word-spacing: 0px; -webkit-text-stroke-width: 0px; background-color: rgb(255, 255, 255); text-decoration-thickness: initial; text-decoration-style: initial; text-decoration-color: initial; display: inline !important; float: none;\">Serum Cejas<\/span><\/p>\n\n\n\n<p class=\"has-text-color\" style=\"color:#3168f3;font-size:15px\"><ins><span class=\"wcpbc-price wcpbc-price-141\" data-product-id=\"141\"><span class=\"woocommerce-Price-amount amount\"><bdi>69,00&nbsp;<span class=\"woocommerce-Price-currencySymbol\">\u20ac<\/span><\/bdi><\/span><\/span><\/ins><\/p>\n\n\n\n<div style=\"height:14px\" aria-hidden=\"true\" class=\"wp-block-spacer\"><\/div>\n<\/div><\/div>\n\n\n\n<div class=\"wp-block-advgb-column advgb-column advgb-is-one-third-tablet advgb-is-full-mobile\" id=\"advgb-col-a10f3de9-b1c6-49ed-abe4-7c70ab1986b4\"><div class=\"advgb-column-inner\" style=\"border-style:solid;border-color:#e2e7e8;border-width:1px\">\n<figure class=\"wp-block-image aligncenter size-full\"><a href=\"https:\/\/lazru.com\/es\/producto\/lazru-2\/\"><img loading=\"lazy\" decoding=\"async\" width=\"1000\" height=\"1000\" src=\"https:\/\/lazru.com\/wp-content\/uploads\/2023\/07\/Lazru-2.jpg\" alt=\"Suero para pesta\u00f1as\" class=\"wp-image-7658\"\/><\/a><\/figure>\n\n\n\n<h4 class=\"wp-block-heading\" id=\"h-lazru-2er-pack\"><a href=\"https:\/\/lazru.com\/es\/producto\/lazru-2\/\">Pack Lazru 2<\/a><\/h4>\n\n\n\n<p><span style=\"color: rgb(51, 51, 51); font-family: Poppins, sans-serif; font-size: 18px; font-style: normal; font-variant-ligatures: normal; font-variant-caps: normal; font-weight: 400; letter-spacing: normal; orphans: 2; text-align: center; text-indent: 0px; text-transform: none; white-space: pre-wrap; widows: 2; word-spacing: 0px; -webkit-text-stroke-width: 0px; background-color: rgb(255, 255, 255); text-decoration-thickness: initial; text-decoration-style: initial; text-decoration-color: initial; display: inline !important; float: none;\">Serum Pesta\u00f1as &amp;<\/span><br><span style=\"color: rgb(51, 51, 51); font-family: Poppins, sans-serif; font-size: 18px; font-style: normal; font-variant-ligatures: normal; font-variant-caps: normal; font-weight: 400; letter-spacing: normal; orphans: 2; text-align: center; text-indent: 0px; text-transform: none; white-space: pre-wrap; widows: 2; word-spacing: 0px; -webkit-text-stroke-width: 0px; background-color: rgb(255, 255, 255); text-decoration-thickness: initial; text-decoration-style: initial; text-decoration-color: initial; display: inline !important; float: none;\">Serum Cejas<\/span><\/p>\n\n\n\n<p class=\"has-text-color\" style=\"color:#3168f3;font-size:15px\"><ins><span class=\"wcpbc-price wcpbc-price-1341\" data-product-id=\"1341\"><del aria-hidden=\"true\"><span class=\"woocommerce-Price-amount amount\"><bdi>138,00&nbsp;<span class=\"woocommerce-Price-currencySymbol\">\u20ac<\/span><\/bdi><\/span><\/del> <span class=\"screen-reader-text\" data-no-translation=\"\" data-trp-gettext=\"\">El precio original era: 138,00&nbsp;&euro;.<\/span><ins aria-hidden=\"true\"><span class=\"woocommerce-Price-amount amount\"><bdi>89,00&nbsp;<span class=\"woocommerce-Price-currencySymbol\">\u20ac<\/span><\/bdi><\/span><\/ins><span class=\"screen-reader-text\" data-no-translation=\"\" data-trp-gettext=\"\">El precio actual es: 89,00&nbsp;&euro;.<\/span><\/span><\/ins><\/p>\n\n\n\n<div style=\"height:14px\" aria-hidden=\"true\" class=\"wp-block-spacer\"><\/div>\n<\/div><\/div>\n\n\n\n<div class=\"wp-block-advgb-column advgb-column advgb-is-one-third-tablet advgb-is-full-mobile\" id=\"advgb-col-7321edf0-366f-473e-8f6f-255a0f594e33\"><div class=\"advgb-column-inner\" style=\"border-style:solid;border-color:#e2e7e8;border-width:1px;border-radius:0\">\n<figure class=\"wp-block-image aligncenter size-full\"><a href=\"https:\/\/lazru.com\/es\/producto\/lazru-3\/\"><img loading=\"lazy\" decoding=\"async\" width=\"1000\" height=\"1000\" src=\"https:\/\/lazru.com\/wp-content\/uploads\/2023\/07\/Lazru-3.jpg\" alt=\"Suero para cejas Lazru\" class=\"wp-image-7659\"\/><\/a><\/figure>\n\n\n\n<h4 class=\"wp-block-heading\" id=\"h-lazru-3er-pack\"><a href=\"https:\/\/laduti.de\/produkte\/haarserum\/\"><\/a><a href=\"https:\/\/lazru.com\/es\/producto\/lazru-3\/\">Paquete de 3 Lazru<\/a><\/h4>\n\n\n\n<p><span style=\"color: rgb(51, 51, 51); font-family: Poppins, sans-serif; font-size: 18px; font-style: normal; font-variant-ligatures: normal; font-variant-caps: normal; font-weight: 400; letter-spacing: normal; orphans: 2; text-align: center; text-indent: 0px; text-transform: none; white-space: pre-wrap; widows: 2; word-spacing: 0px; -webkit-text-stroke-width: 0px; background-color: rgb(255, 255, 255); text-decoration-thickness: initial; text-decoration-style: initial; text-decoration-color: initial; display: inline !important; float: none;\">Serum Pesta\u00f1as &amp;<\/span><br><span style=\"color: rgb(51, 51, 51); font-family: Poppins, sans-serif; font-size: 18px; font-style: normal; font-variant-ligatures: normal; font-variant-caps: normal; font-weight: 400; letter-spacing: normal; orphans: 2; text-align: center; text-indent: 0px; text-transform: none; white-space: pre-wrap; widows: 2; word-spacing: 0px; -webkit-text-stroke-width: 0px; background-color: rgb(255, 255, 255); text-decoration-thickness: initial; text-decoration-style: initial; text-decoration-color: initial; display: inline !important; float: none;\">Serum Cejas<\/span><\/p>\n\n\n\n<p class=\"has-text-color\" style=\"color:#3168f3;font-size:15px\"><ins><span class=\"wcpbc-price wcpbc-price-1342\" data-product-id=\"1342\"><del aria-hidden=\"true\"><span class=\"woocommerce-Price-amount amount\"><bdi>207,00&nbsp;<span class=\"woocommerce-Price-currencySymbol\">\u20ac<\/span><\/bdi><\/span><\/del> <span class=\"screen-reader-text\" data-no-translation=\"\" data-trp-gettext=\"\">El precio original era: 207,00&nbsp;&euro;.<\/span><ins aria-hidden=\"true\"><span class=\"woocommerce-Price-amount amount\"><bdi>129,00&nbsp;<span class=\"woocommerce-Price-currencySymbol\">\u20ac<\/span><\/bdi><\/span><\/ins><span class=\"screen-reader-text\" data-no-translation=\"\" data-trp-gettext=\"\">El precio actual es: 129,00&nbsp;&euro;.<\/span><\/span><\/ins><\/p>\n\n\n\n<div style=\"height:14px\" aria-hidden=\"true\" class=\"wp-block-spacer\"><\/div>\n<\/div><\/div>\n<\/div><\/div><\/div>\n\n\n\n<div style=\"height:99px\" aria-hidden=\"true\" class=\"wp-block-spacer\"><\/div>\n\n\n\n<figure class=\"wp-block-image aligncenter size-full is-resized\"><img loading=\"lazy\" decoding=\"async\" src=\"https:\/\/lazru.com\/wp-content\/uploads\/2021\/09\/Lo-2.jpg\" alt=\"\" class=\"wp-image-48\" width=\"272\" height=\"24\" srcset=\"https:\/\/lazru.com\/wp-content\/uploads\/2021\/09\/Lo-2.jpg 941w, https:\/\/lazru.com\/wp-content\/uploads\/2021\/09\/Lo-2-600x53.jpg 600w, https:\/\/lazru.com\/wp-content\/uploads\/2021\/09\/Lo-2-300x26.jpg 300w, https:\/\/lazru.com\/wp-content\/uploads\/2021\/09\/Lo-2-768x68.jpg 768w\" sizes=\"auto, (max-width: 272px) 100vw, 272px\" \/><\/figure>\n<style class=\"advgb-styles-renderer\">#advgb-cols-fa75336d-6f47-4985-8ad2-c935cf50c4ef{margin-top:0px;padding-top:0px;padding-right:0px;padding-bottom:0px;padding-left:0px;}@media screen and (max-width: 1023px) {#advgb-cols-fa75336d-6f47-4985-8ad2-c935cf50c4ef{}}@media screen and (max-width: 767px) {#advgb-cols-fa75336d-6f47-4985-8ad2-c935cf50c4ef{}}#advgb-col-5c78aa64-2580-4a73-96f3-107b38ce2ed7>.advgb-column-inner{padding-top:24px;padding-right:21px;padding-bottom:16px;padding-left:21px;}@media screen and (max-width: 1023px) {#advgb-col-5c78aa64-2580-4a73-96f3-107b38ce2ed7>.advgb-column-inner{}}@media screen and (max-width: 767px) {#advgb-col-5c78aa64-2580-4a73-96f3-107b38ce2ed7>.advgb-column-inner{}}#advgb-col-a10f3de9-b1c6-49ed-abe4-7c70ab1986b4>.advgb-column-inner{padding-top:24px;padding-right:21px;padding-bottom:16px;padding-left:21px;}@media screen and (max-width: 1023px) {#advgb-col-a10f3de9-b1c6-49ed-abe4-7c70ab1986b4>.advgb-column-inner{}}@media screen and (max-width: 767px) {#advgb-col-a10f3de9-b1c6-49ed-abe4-7c70ab1986b4>.advgb-column-inner{}}#advgb-col-7321edf0-366f-473e-8f6f-255a0f594e33>.advgb-column-inner{padding-top:24px;padding-right:21px;padding-bottom:16px;padding-left:21px;}@media screen and (max-width: 1023px) {#advgb-col-7321edf0-366f-473e-8f6f-255a0f594e33>.advgb-column-inner{}}@media screen and (max-width: 767px) {#advgb-col-7321edf0-366f-473e-8f6f-255a0f594e33>.advgb-column-inner{}}<\/style>","protected":false},"excerpt":{"rendered":"<p>El suero para pesta\u00f1as y cejas sin hormonas.<\/p>","protected":false},"author":1,"featured_media":0,"parent":0,"menu_order":0,"comment_status":"closed","ping_status":"closed","template":"","meta":{"_uag_custom_page_level_css":"","advgb_blocks_editor_width":"","advgb_blocks_columns_visual_guide":"","site-sidebar-layout":"default","site-content-layout":"default","ast-site-content-layout":"default","site-content-style":"default","site-sidebar-style":"default","ast-global-header-display":"","ast-banner-title-visibility":"","ast-main-header-display":"","ast-hfb-above-header-display":"","ast-hfb-below-header-display":"","ast-hfb-mobile-header-display":"","site-post-title":"disabled","ast-breadcrumbs-content":"","ast-featured-img":"","footer-sml-layout":"","ast-disable-related-posts":"","theme-transparent-header-meta":"default","adv-header-id-meta":"","stick-header-meta":"default","header-above-stick-meta":"","header-main-stick-meta":"","header-below-stick-meta":"","astra-migrate-meta-layouts":"default","ast-page-background-enabled":"default","ast-page-background-meta":{"desktop":{"background-color":"","background-image":"","background-repeat":"repeat","background-position":"center center","background-size":"auto","background-attachment":"scroll","background-type":"","background-media":"","overlay-type":"","overlay-color":"","overlay-opacity":"","overlay-gradient":""},"tablet":{"background-color":"","background-image":"","background-repeat":"repeat","background-position":"center center","background-size":"auto","background-attachment":"scroll","background-type":"","background-media":"","overlay-type":"","overlay-color":"","overlay-opacity":"","overlay-gradient":""},"mobile":{"background-color":"","background-image":"","background-repeat":"repeat","background-position":"center center","background-size":"auto","background-attachment":"scroll","background-type":"","background-media":"","overlay-type":"","overlay-color":"","overlay-opacity":"","overlay-gradient":""}},"ast-content-background-meta":{"desktop":{"background-color":"var(--ast-global-color-5)","background-image":"","background-repeat":"repeat","background-position":"center center","background-size":"auto","background-attachment":"scroll","background-type":"","background-media":"","overlay-type":"","overlay-color":"","overlay-opacity":"","overlay-gradient":""},"tablet":{"background-color":"var(--ast-global-color-5)","background-image":"","background-repeat":"repeat","background-position":"center center","background-size":"auto","background-attachment":"scroll","background-type":"","background-media":"","overlay-type":"","overlay-color":"","overlay-opacity":"","overlay-gradient":""},"mobile":{"background-color":"var(--ast-global-color-5)","background-image":"","background-repeat":"repeat","background-position":"center center","background-size":"auto","background-attachment":"scroll","background-type":"","background-media":"","overlay-type":"","overlay-color":"","overlay-opacity":"","overlay-gradient":""}},"footnotes":""},"class_list":["post-92","page","type-page","status-publish","hentry"],"featured_image_src":null,"yoast_head":"<!-- This site is optimized with the Yoast SEO Premium plugin v23.4 (Yoast SEO v26.6) - https:\/\/yoast.com\/wordpress\/plugins\/seo\/ -->\n<title>LAZRU bestellen! Online Shop: Wimpernserum &amp; Augenbrauenserum<\/title>\n<meta name=\"description\" content=\"LAZRU Online Shop: Das Wimpernserum und Augenbrauenserum ohne Hormone ganz einfach hier bestellen! Neue Formel!\" \/>\n<meta name=\"robots\" content=\"index, follow, max-snippet:-1, max-image-preview:large, max-video-preview:-1\" \/>\n<link rel=\"canonical\" href=\"https:\/\/lazru.com\/es\/productos\/\" \/>\n<meta property=\"og:locale\" content=\"es_ES\" \/>\n<meta property=\"og:type\" content=\"article\" \/>\n<meta property=\"og:title\" content=\"Produkte\" \/>\n<meta property=\"og:description\" content=\"LAZRU Online Shop: Das Wimpernserum und Augenbrauenserum ohne Hormone ganz einfach hier bestellen! Neue Formel!\" \/>\n<meta property=\"og:url\" content=\"https:\/\/lazru.com\/es\/productos\/\" \/>\n<meta property=\"og:site_name\" content=\"LAZRU\" \/>\n<meta property=\"article:modified_time\" content=\"2023-07-28T13:11:18+00:00\" \/>\n<meta property=\"og:image\" content=\"https:\/\/lazru.com\/wp-content\/uploads\/2022\/03\/Wimpernserum.jpg\" \/>\n<meta name=\"twitter:card\" content=\"summary_large_image\" \/>\n<meta name=\"twitter:label1\" content=\"Tiempo de lectura\" \/>\n\t<meta name=\"twitter:data1\" content=\"2 minutos\" \/>\n<script type=\"application\/ld+json\" class=\"yoast-schema-graph\">{\"@context\":\"https:\/\/schema.org\",\"@graph\":[{\"@type\":\"WebPage\",\"@id\":\"https:\/\/lazru.com\/produkte\/\",\"url\":\"https:\/\/lazru.com\/produkte\/\",\"name\":\"LAZRU bestellen! Online Shop: Wimpernserum & Augenbrauenserum\",\"isPartOf\":{\"@id\":\"https:\/\/lazru.com\/es\/#website\"},\"primaryImageOfPage\":{\"@id\":\"https:\/\/lazru.com\/produkte\/#primaryimage\"},\"image\":{\"@id\":\"https:\/\/lazru.com\/produkte\/#primaryimage\"},\"thumbnailUrl\":\"https:\/\/lazru.com\/wp-content\/uploads\/2022\/03\/Wimpernserum.jpg\",\"datePublished\":\"2021-09-14T14:52:07+00:00\",\"dateModified\":\"2023-07-28T13:11:18+00:00\",\"description\":\"LAZRU Online Shop: Das Wimpernserum und Augenbrauenserum ohne Hormone ganz einfach hier bestellen! Neue Formel!\",\"breadcrumb\":{\"@id\":\"https:\/\/lazru.com\/produkte\/#breadcrumb\"},\"inLanguage\":\"es\",\"potentialAction\":[{\"@type\":\"ReadAction\",\"target\":[\"https:\/\/lazru.com\/produkte\/\"]}]},{\"@type\":\"ImageObject\",\"inLanguage\":\"es\",\"@id\":\"https:\/\/lazru.com\/produkte\/#primaryimage\",\"url\":\"https:\/\/lazru.com\/wp-content\/uploads\/2022\/03\/Wimpernserum.jpg\",\"contentUrl\":\"https:\/\/lazru.com\/wp-content\/uploads\/2022\/03\/Wimpernserum.jpg\"},{\"@type\":\"BreadcrumbList\",\"@id\":\"https:\/\/lazru.com\/produkte\/#breadcrumb\",\"itemListElement\":[{\"@type\":\"ListItem\",\"position\":1,\"name\":\"LAZRU\",\"item\":\"https:\/\/lazru.com\/\"},{\"@type\":\"ListItem\",\"position\":2,\"name\":\"Produkte\"}]},{\"@type\":\"WebSite\",\"@id\":\"https:\/\/lazru.com\/es\/#website\",\"url\":\"https:\/\/lazru.com\/es\/\",\"name\":\"LAZRU\",\"description\":\"Wimpernserum &amp; Augenbrauenserum\",\"publisher\":{\"@id\":\"https:\/\/lazru.com\/es\/#organization\"},\"potentialAction\":[{\"@type\":\"SearchAction\",\"target\":{\"@type\":\"EntryPoint\",\"urlTemplate\":\"https:\/\/lazru.com\/es\/?s={search_term_string}\"},\"query-input\":{\"@type\":\"PropertyValueSpecification\",\"valueRequired\":true,\"valueName\":\"search_term_string\"}}],\"inLanguage\":\"es\"},{\"@type\":\"Organization\",\"@id\":\"https:\/\/lazru.com\/es\/#organization\",\"name\":\"LAZRU\",\"url\":\"https:\/\/lazru.com\/es\/\",\"logo\":{\"@type\":\"ImageObject\",\"inLanguage\":\"es\",\"@id\":\"https:\/\/lazru.com\/es\/#\/schema\/logo\/image\/\",\"url\":\"https:\/\/lazru.com\/wp-content\/uploads\/2021\/09\/cropped-lazru-wimpernserum-logo.png\",\"contentUrl\":\"https:\/\/lazru.com\/wp-content\/uploads\/2021\/09\/cropped-lazru-wimpernserum-logo.png\",\"width\":211,\"height\":97,\"caption\":\"LAZRU\"},\"image\":{\"@id\":\"https:\/\/lazru.com\/es\/#\/schema\/logo\/image\/\"},\"sameAs\":[\"https:\/\/www.instagram.com\/lazru_official\/\"]}]}<\/script>\n<!-- \/ Yoast SEO Premium plugin. -->","yoast_head_json":{"title":"\u00a1Pide LAZRU! Tienda online: Serum Pesta\u00f1as &amp; Cejas","description":"Tienda online LAZRU: \u00a1Pide el Serum Pesta\u00f1as y Cejas sin hormonas f\u00e1cilmente aqu\u00ed! \u00a1Nueva f\u00f3rmula!","robots":{"index":"index","follow":"follow","max-snippet":"max-snippet:-1","max-image-preview":"max-image-preview:large","max-video-preview":"max-video-preview:-1"},"canonical":"https:\/\/lazru.com\/es\/productos\/","og_locale":"es_ES","og_type":"article","og_title":"Produkte","og_description":"LAZRU Online Shop: Das Wimpernserum und Augenbrauenserum ohne Hormone ganz einfach hier bestellen! Neue Formel!","og_url":"https:\/\/lazru.com\/es\/productos\/","og_site_name":"LAZRU","article_modified_time":"2023-07-28T13:11:18+00:00","og_image":[{"url":"https:\/\/lazru.com\/wp-content\/uploads\/2022\/03\/Wimpernserum.jpg","type":"","width":"","height":""}],"twitter_card":"summary_large_image","twitter_misc":{"Tiempo de lectura":"2 minutos"},"schema":{"@context":"https:\/\/schema.org","@graph":[{"@type":"WebPage","@id":"https:\/\/lazru.com\/produkte\/","url":"https:\/\/lazru.com\/produkte\/","name":"\u00a1Pide LAZRU! Tienda online: Serum Pesta\u00f1as &amp; Cejas","isPartOf":{"@id":"https:\/\/lazru.com\/es\/#website"},"primaryImageOfPage":{"@id":"https:\/\/lazru.com\/produkte\/#primaryimage"},"image":{"@id":"https:\/\/lazru.com\/produkte\/#primaryimage"},"thumbnailUrl":"https:\/\/lazru.com\/wp-content\/uploads\/2022\/03\/Wimpernserum.jpg","datePublished":"2021-09-14T14:52:07+00:00","dateModified":"2023-07-28T13:11:18+00:00","description":"Tienda online LAZRU: \u00a1Pide el Serum Pesta\u00f1as y Cejas sin hormonas f\u00e1cilmente aqu\u00ed! \u00a1Nueva f\u00f3rmula!","breadcrumb":{"@id":"https:\/\/lazru.com\/produkte\/#breadcrumb"},"inLanguage":"es","potentialAction":[{"@type":"ReadAction","target":["https:\/\/lazru.com\/produkte\/"]}]},{"@type":"ImageObject","inLanguage":"es","@id":"https:\/\/lazru.com\/produkte\/#primaryimage","url":"https:\/\/lazru.com\/wp-content\/uploads\/2022\/03\/Wimpernserum.jpg","contentUrl":"https:\/\/lazru.com\/wp-content\/uploads\/2022\/03\/Wimpernserum.jpg"},{"@type":"BreadcrumbList","@id":"https:\/\/lazru.com\/produkte\/#breadcrumb","itemListElement":[{"@type":"ListItem","position":1,"name":"LAZRU","item":"https:\/\/lazru.com\/"},{"@type":"ListItem","position":2,"name":"Produkte"}]},{"@type":"WebSite","@id":"https:\/\/lazru.com\/es\/#website","url":"https:\/\/lazru.com\/es\/","name":"LAZRU","description":"Serum Pesta\u00f1as &amp; Serum Cejas","publisher":{"@id":"https:\/\/lazru.com\/es\/#organization"},"potentialAction":[{"@type":"SearchAction","target":{"@type":"EntryPoint","urlTemplate":"https:\/\/lazru.com\/es\/?s={search_term_string}"},"query-input":{"@type":"PropertyValueSpecification","valueRequired":true,"valueName":"search_term_string"}}],"inLanguage":"es"},{"@type":"Organization","@id":"https:\/\/lazru.com\/es\/#organization","name":"LAZRU","url":"https:\/\/lazru.com\/es\/","logo":{"@type":"ImageObject","inLanguage":"es","@id":"https:\/\/lazru.com\/es\/#\/schema\/logo\/image\/","url":"https:\/\/lazru.com\/wp-content\/uploads\/2021\/09\/cropped-lazru-wimpernserum-logo.png","contentUrl":"https:\/\/lazru.com\/wp-content\/uploads\/2021\/09\/cropped-lazru-wimpernserum-logo.png","width":211,"height":97,"caption":"LAZRU"},"image":{"@id":"https:\/\/lazru.com\/es\/#\/schema\/logo\/image\/"},"sameAs":["https:\/\/www.instagram.com\/lazru_official\/"]}]}},"uagb_featured_image_src":{"full":false,"thumbnail":false,"medium":false,"medium_large":false,"large":false,"1536x1536":false,"2048x2048":false,"trp-custom-language-flag":false,"woocommerce_thumbnail":false,"woocommerce_single":false,"woocommerce_gallery_thumbnail":false,"crp_thumbnail":false},"uagb_author_info":{"display_name":"Kerem085","author_link":"https:\/\/lazru.com\/es\/author\/kerem085\/"},"uagb_comment_info":0,"uagb_excerpt":"Das Wimpernserum &amp; Augenbrauenserumohne Hormone.","coauthors":[],"author_meta":{"author_link":"https:\/\/lazru.com\/es\/author\/kerem085\/","display_name":"Kerem085"},"relative_dates":{"created":"Publicado 5 a\u00f1os hace","modified":"Actualizado 3 a\u00f1os hace"},"absolute_dates":{"created":"Publicado el 14. septiembre 2021","modified":"Actualizado el 28. julio 2023"},"absolute_dates_time":{"created":"Publicado el 14. septiembre 2021 14:52","modified":"Actualizado el 28. julio 2023 15:11"},"featured_img_caption":"","featured_img":false,"series_order":"","_links":{"self":[{"href":"https:\/\/lazru.com\/es\/wp-json\/wp\/v2\/pages\/92","targetHints":{"allow":["GET"]}}],"collection":[{"href":"https:\/\/lazru.com\/es\/wp-json\/wp\/v2\/pages"}],"about":[{"href":"https:\/\/lazru.com\/es\/wp-json\/wp\/v2\/types\/page"}],"author":[{"embeddable":true,"href":"https:\/\/lazru.com\/es\/wp-json\/wp\/v2\/users\/1"}],"replies":[{"embeddable":true,"href":"https:\/\/lazru.com\/es\/wp-json\/wp\/v2\/comments?post=92"}],"version-history":[{"count":12,"href":"https:\/\/lazru.com\/es\/wp-json\/wp\/v2\/pages\/92\/revisions"}],"predecessor-version":[{"id":21961,"href":"https:\/\/lazru.com\/es\/wp-json\/wp\/v2\/pages\/92\/revisions\/21961"}],"wp:attachment":[{"href":"https:\/\/lazru.com\/es\/wp-json\/wp\/v2\/media?parent=92"}],"curies":[{"name":"wp","href":"https:\/\/api.w.org\/{rel}","templated":true}]}}