{"id":87,"date":"2021-09-14T14:49:07","date_gmt":"2021-09-14T14:49:07","guid":{"rendered":"https:\/\/lazru.com\/?page_id=87"},"modified":"2026-04-15T11:52:41","modified_gmt":"2026-04-15T09:52:41","slug":"faq","status":"publish","type":"page","link":"https:\/\/lazru.com\/es\/faq\/","title":{"rendered":"FAQ"},"content":{"rendered":"\n<h1 class=\"wp-block-heading\" id=\"h-haufig-gestellte-fragen\">H\u00e4ufig gestellte Fragen<\/h1>\n\n\n\n<p>Hier finden Sie die h\u00e4ufigsten Fragen beantwortet.<\/p>\n\n\n\n<!-- Lazru FAQ \u2013 reines HTML\/CSS\/JS f\u00fcr WordPress, Text 1:1 \u00fcbernommen -->\n<section class=\"lz-faq\" aria-label=\"H\u00e4ufige Fragen zu Lazru\">\n  <style>\n    .lz-faq *{box-sizing:border-box}\n    .lz-faq{\n      max-width:900px;\n      margin:0 auto;\n      padding:32px 20px;\n    }\n\n    .lz-faq__group{\n      display:grid;\n      gap:14px;\n      margin:0 0 14px;\n    }\n\n    .lz-faq__item{\n      border:1px solid #e5e7eb;\n      border-radius:18px;\n      background:#fff;\n      overflow:hidden;\n      transition:border-color .2s ease, box-shadow .2s ease, background .2s ease;\n    }\n\n    .lz-faq__item:hover{\n      border-color:#d1d5db;\n      box-shadow:0 6px 24px rgba(0,0,0,.05);\n    }\n\n    .lz-faq__question{\n      list-style:none;\n      cursor:pointer;\n      position:relative;\n      padding:20px 58px 20px 22px;\n      font-size:17px;\n      line-height:1.5;\n      font-weight:600;\n      color:#111827;\n      user-select:none;\n    }\n\n    .lz-faq__question::-webkit-details-marker{display:none}\n\n    .lz-faq__question::before,\n    .lz-faq__question::after{\n      content:\"\";\n      position:absolute;\n      right:22px;\n      top:50%;\n      width:14px;\n      height:2px;\n      background:#111827;\n      border-radius:2px;\n      transform:translateY(-50%);\n      transition:transform .2s ease, opacity .2s ease;\n    }\n\n    .lz-faq__question::after{\n      transform:translateY(-50%) rotate(90deg);\n    }\n\n    .lz-faq__item[open] .lz-faq__question::after{\n      opacity:0;\n      transform:translateY(-50%) rotate(90deg) scaleX(.6);\n    }\n\n    .lz-faq__answer{\n      padding:0 22px 22px;\n      color:#4b5563;\n      font-size:16px;\n      line-height:1.75;\n    }\n\n    .lz-faq__answer p{\n      margin:0;\n    }\n\n    .lz-faq__spacer{\n      height:22px;\n    }\n\n    @media (max-width:767px){\n      .lz-faq{\n        padding:24px 14px;\n      }\n      .lz-faq__question{\n        padding:18px 52px 18px 18px;\n        font-size:16px;\n      }\n      .lz-faq__answer{\n        padding:0 18px 18px;\n        font-size:15px;\n      }\n    }\n  <\/style>\n\n  <div class=\"lz-faq__group\">\n    <details class=\"lz-faq__item\">\n      <summary class=\"lz-faq__question\">Wie oft soll ich Lazru anwenden?<\/summary>\n      <div class=\"lz-faq__answer\">\n        <p>Um optimale Ergebnisse zu erzielen, empfehlen wir, Lazru zwei Mal t\u00e4glich &#8211; morgens und abends &#8211; \u00fcber einen Zeitraum von mindestens zwei Monaten zu verwenden. Die individuellen Resultate k\u00f6nnen je nach Beschaffenheit Ihrer Wimpern und Augenbrauen variieren.<\/p>\n      <\/div>\n    <\/details>\n\n    <details class=\"lz-faq__item\">\n      <summary class=\"lz-faq__question\">Wie sollte Lazru angewendet werden?<\/summary>\n      <div class=\"lz-faq__answer\">\n        <p>T\u00e4glich ein- oder zweimal anwenden. Vor Gebrauch gut sch\u00fctteln. Eine kleine Menge vorsichtig und gleichm\u00e4\u00dfig auf Wimpern oder Augenbrauen auftragen. Nur zur \u00e4u\u00dferen Anwendung. Direkten Augenkontakt vermeiden. Bei Raumtemperatur und au\u00dferhalb der Reichweite von Kindern aufbewahren.<\/p>\n      <\/div>\n    <\/details>\n\n    <details class=\"lz-faq__item\">\n      <summary class=\"lz-faq__question\">Sollte das Serum auf trockenen oder nassen Wimpern und Augenbrauen aufgetragen werden? <\/summary>\n      <div class=\"lz-faq__answer\">\n        <p>F\u00fcr die optimale Aufnahme des Serums empfehlen wir, Lazru auf trockenen Wimpern und Augenbrauen anzuwenden<\/p>\n      <\/div>\n    <\/details>\n\n    <details class=\"lz-faq__item\">\n      <summary class=\"lz-faq__question\">Kann ich Lazru auf gef\u00e4rbten Wimpern oder Augenbrauen verwenden?<\/summary>\n      <div class=\"lz-faq__answer\">\n        <p>Ja, Lazru kann bedenkenlos auf gef\u00e4rbten Wimpern und Augenbrauen angewendet werden.<\/p>\n      <\/div>\n    <\/details>\n\n    <details class=\"lz-faq__item\">\n      <summary class=\"lz-faq__question\">Kann ich Lazru zusammen mit anderen Seren verwenden?<\/summary>\n      <div class=\"lz-faq__answer\">\n        <p>Um optimale Resultate zu erzielen, empfehlen wir die alleinige Verwendung von Lazru.<\/p>\n      <\/div>\n    <\/details>\n\n    <details class=\"lz-faq__item\">\n      <summary class=\"lz-faq__question\">Muss Lazru dauerhaft verwendet werden?<\/summary>\n      <div class=\"lz-faq__answer\">\n        <p>Sobald Sie die gew\u00fcnschten Ergebnisse erzielt haben, k\u00f6nnen Sie die Anwendung von Lazru einstellen. F\u00fcr eine fortlaufende Pflege Ihrer Wimpern und Augenbrauen k\u00f6nnen Sie das Serum jedoch gerne weiterhin anwenden.<\/p>\n      <\/div>\n    <\/details>\n\n    <details class=\"lz-faq__item\">\n      <summary class=\"lz-faq__question\">Macht es etwas aus, wenn ich die Anwendung f\u00fcr einige Tage unterbreche?<\/summary>\n      <div class=\"lz-faq__answer\">\n        <p>Nein! Auch wenn es nicht sch\u00e4dlich ist, empfehlen wir, das Serum so regelm\u00e4\u00dfig wie m\u00f6glich anzuwenden und Ihre Routine fortzuf\u00fchren.<\/p>\n      <\/div>\n    <\/details>\n\n    <details class=\"lz-faq__item\">\n      <summary class=\"lz-faq__question\">F\u00fcr wie viele Anwendungen reicht eine Packung Lazru? <\/summary>\n      <div class=\"lz-faq__answer\">\n        <p>Abh\u00e4ngig von der von Ihnen verwendeten Menge reicht eine Packung Lazru im Durchschnitt f\u00fcr etwa zwei Monate.<\/p>\n      <\/div>\n    <\/details>\n  <\/div>\n\n  <div class=\"lz-faq__spacer\" aria-hidden=\"true\"><\/div>\n\n  <div class=\"lz-faq__group\">\n    <details class=\"lz-faq__item\">\n      <summary class=\"lz-faq__question\">Was ist Lazru und wie wirkt es?<\/summary>\n      <div class=\"lz-faq__answer\">\n        <p>Lazru ist ein hochentwickeltes Serum f\u00fcr Wimpern und Augenbrauen, das aufgrund seiner einzigartigen und innovativen Formel wirkungsvolle Resultate liefert. Es kombiniert wertvolle nat\u00fcrliche Inhaltsstoffe mit wissenschaftlich fundierten, patentierten Formeln wie Procapil und Anagain, die in klinischen Studien nachgewiesen haben, das Haarwachstum zu f\u00f6rdern.<br><br>Unser Serum zielt darauf ab, die L\u00e4nge und Dichte Ihrer Wimpern und Augenbrauen zu erh\u00f6hen, indem es das Wachstum an der Wurzel unterst\u00fctzt. Es dringt tief in die Haarfollikel ein, versorgt diese mit essenziellen N\u00e4hrstoffen und f\u00f6rdert so ein kr\u00e4ftiges und gesundes Wachstum. Dar\u00fcber hinaus hilft Lazru dabei, Haarausfall zu reduzieren, indem es die Widerstandsf\u00e4higkeit der Haare erh\u00f6ht und ihre Elastizit\u00e4t verbessert.<br><br>Lazru nutzt die fortschrittlichen Techniken der Fermentation und der liposomalen Herstellung, um die optimale Aufnahme der Wirkstoffe zu gew\u00e4hrleisten. Diese Prozesse erh\u00f6hen die Bioverf\u00fcgbarkeit unserer Wirkstoffe, sodass diese effizient in die Haarfollikel eindringen und dort ihre volle Wirkung entfalten k\u00f6nnen.<\/p>\n      <\/div>\n    <\/details>\n\n    <details class=\"lz-faq__item\">\n      <summary class=\"lz-faq__question\">Wie lange dauert es, bis die Wirkung von Lazru sichtbar wird?<\/summary>\n      <div class=\"lz-faq__answer\">\n        <p>Die Wirkung von Lazru kann individuell variieren. Im Durchschnitt berichten unsere Kunden von sichtbaren und nachhaltigen Ergebnissen nach etwa 2-4 Monaten.<\/p>\n      <\/div>\n    <\/details>\n\n    <details class=\"lz-faq__item\">\n      <summary class=\"lz-faq__question\">Sind Nebenwirkungen bekannt?<\/summary>\n      <div class=\"lz-faq__answer\">\n        <p>Lazru wurde dermatologisch mit \u201csehr gut\u201d auf Unvertr\u00e4glichkeitsreaktionen getestet. Es sind bisher keinerlei Nebenwirkungen bekannt. <\/p>\n      <\/div>\n    <\/details>\n\n    <details class=\"lz-faq__item\">\n      <summary class=\"lz-faq__question\">F\u00fcr wen ist Lazru geeignet? <\/summary>\n      <div class=\"lz-faq__answer\">\n        <p>Lazru ist sowohl f\u00fcr Frauen als auch f\u00fcr M\u00e4nner geeignet.<\/p>\n      <\/div>\n    <\/details>\n\n    <details class=\"lz-faq__item\">\n      <summary class=\"lz-faq__question\">Enth\u00e4lt Lazru Hormone?<\/summary>\n      <div class=\"lz-faq__answer\">\n        <p>Nein, Lazru enth\u00e4lt keine Hormone, wie zum Beispiel Prostaglandin.<\/p>\n      <\/div>\n    <\/details>\n\n    <details class=\"lz-faq__item\">\n      <summary class=\"lz-faq__question\">Enth\u00e4lt Lazru k\u00fcnstliche Duftstoffe?<\/summary>\n      <div class=\"lz-faq__answer\">\n        <p>Nein, Lazru enth\u00e4lt keine k\u00fcnstlichen Duftstoffe. Wir setzen auf den nat\u00fcrlichen Duft von Aloe Vera, der angenehm und sanft ist.<\/p>\n      <\/div>\n    <\/details>\n\n    <details class=\"lz-faq__item\">\n      <summary class=\"lz-faq__question\">Wie sollte ich die Produkte lagern?<\/summary>\n      <div class=\"lz-faq__answer\">\n        <p>Lagern Sie das Produkt an einem k\u00fchlen, trockenen Ort fern von direkter Sonneneinstrahlung.<\/p>\n      <\/div>\n    <\/details>\n\n    <details class=\"lz-faq__item\">\n      <summary class=\"lz-faq__question\">Ist Lazru f\u00fcr Schwangere geeignet?<\/summary>\n      <div class=\"lz-faq__answer\">\n        <p>Ja, Lazru ist f\u00fcr schwangere Frauen geeignet. Wir empfehlen jedoch immer, vor der Anwendung neuer Hautpflegeprodukte einen Arzt zu konsultieren.<\/p>\n      <\/div>\n    <\/details>\n  <\/div>\n\n  <script>\n    document.addEventListener('DOMContentLoaded', function () {\n      const groups = document.querySelectorAll('.lz-faq__group');\n\n      groups.forEach(group => {\n        const items = group.querySelectorAll('.lz-faq__item');\n\n        items.forEach(item => {\n          item.addEventListener('toggle', function () {\n            if (this.open) {\n              items.forEach(other => {\n                if (other !== this) other.removeAttribute('open');\n              });\n            }\n          });\n        });\n      });\n    });\n  <\/script>\n<\/section>\n\n\n\n<div style=\"height:48px\" aria-hidden=\"true\" class=\"wp-block-spacer\"><\/div>\n","protected":false},"excerpt":{"rendered":"<p>H\u00e4ufig gestellte Fragen Hier finden Sie die h\u00e4ufigsten Fragen beantwortet. Wie oft soll ich Lazru anwenden? Um optimale Ergebnisse zu erzielen, empfehlen wir, Lazru zwei Mal t\u00e4glich &#8211; morgens und abends &#8211; \u00fcber einen Zeitraum von mindestens zwei Monaten zu verwenden. Die individuellen Resultate k\u00f6nnen je nach Beschaffenheit Ihrer Wimpern und Augenbrauen variieren. Wie sollte [&hellip;]<\/p>\n","protected":false},"author":1,"featured_media":0,"parent":0,"menu_order":0,"comment_status":"closed","ping_status":"closed","template":"","meta":{"footnotes":""},"class_list":["post-87","page","type-page","status-publish","hentry"],"blocksy_meta":[],"yoast_head":"<!-- This site is optimized with the Yoast SEO Premium plugin v23.4 (Yoast SEO v27.4) - https:\/\/yoast.com\/product\/yoast-seo-premium-wordpress\/ -->\n<title>LAZRU Fragen und Antworten: Alle Fragen beantwortet!<\/title>\n<meta name=\"description\" content=\"Hier findest du alle h\u00e4ufig gestellten Fragen zu Lazru. Wie ist die Anwendung? Was muss ich beachten? Alle Infos hier.\" \/>\n<meta name=\"robots\" content=\"index, follow, max-snippet:-1, max-image-preview:large, max-video-preview:-1\" \/>\n<link rel=\"canonical\" href=\"https:\/\/lazru.com\/es\/faq\/\" \/>\n<meta property=\"og:locale\" content=\"es_ES\" \/>\n<meta property=\"og:type\" content=\"article\" \/>\n<meta property=\"og:title\" content=\"FAQ\" \/>\n<meta property=\"og:description\" content=\"Hier findest du alle h\u00e4ufig gestellten Fragen zu Lazru. Wie ist die Anwendung? Was muss ich beachten? Alle Infos hier.\" \/>\n<meta property=\"og:url\" content=\"https:\/\/lazru.com\/es\/faq\/\" \/>\n<meta property=\"og:site_name\" content=\"LAZRU\" \/>\n<meta property=\"article:modified_time\" content=\"2026-04-15T09:52:41+00:00\" \/>\n<meta name=\"twitter:card\" content=\"summary_large_image\" \/>\n<meta name=\"twitter:label1\" content=\"Tiempo de lectura\" \/>\n\t<meta name=\"twitter:data1\" content=\"4 minutos\" \/>\n<script type=\"application\/ld+json\" class=\"yoast-schema-graph\">{\"@context\":\"https:\\\/\\\/schema.org\",\"@graph\":[{\"@type\":\"WebPage\",\"@id\":\"https:\\\/\\\/lazru.com\\\/faq\\\/\",\"url\":\"https:\\\/\\\/lazru.com\\\/faq\\\/\",\"name\":\"LAZRU Fragen und Antworten: Alle Fragen beantwortet!\",\"isPartOf\":{\"@id\":\"https:\\\/\\\/lazru.com\\\/es\\\/#website\"},\"datePublished\":\"2021-09-14T14:49:07+00:00\",\"dateModified\":\"2026-04-15T09:52:41+00:00\",\"description\":\"Hier findest du alle h\u00e4ufig gestellten Fragen zu Lazru. Wie ist die Anwendung? Was muss ich beachten? Alle Infos hier.\",\"breadcrumb\":{\"@id\":\"https:\\\/\\\/lazru.com\\\/faq\\\/#breadcrumb\"},\"inLanguage\":\"es\",\"potentialAction\":[{\"@type\":\"ReadAction\",\"target\":[\"https:\\\/\\\/lazru.com\\\/faq\\\/\"]}]},{\"@type\":\"BreadcrumbList\",\"@id\":\"https:\\\/\\\/lazru.com\\\/faq\\\/#breadcrumb\",\"itemListElement\":[{\"@type\":\"ListItem\",\"position\":1,\"name\":\"LAZRU\",\"item\":\"https:\\\/\\\/lazru.com\\\/\"},{\"@type\":\"ListItem\",\"position\":2,\"name\":\"FAQ\"}]},{\"@type\":\"WebSite\",\"@id\":\"https:\\\/\\\/lazru.com\\\/es\\\/#website\",\"url\":\"https:\\\/\\\/lazru.com\\\/es\\\/\",\"name\":\"LAZRU\",\"description\":\"Wimpernserum &amp; Augenbrauenserum\",\"publisher\":{\"@id\":\"https:\\\/\\\/lazru.com\\\/es\\\/#organization\"},\"potentialAction\":[{\"@type\":\"SearchAction\",\"target\":{\"@type\":\"EntryPoint\",\"urlTemplate\":\"https:\\\/\\\/lazru.com\\\/es\\\/?s={search_term_string}\"},\"query-input\":{\"@type\":\"PropertyValueSpecification\",\"valueRequired\":true,\"valueName\":\"search_term_string\"}}],\"inLanguage\":\"es\"},{\"@type\":\"Organization\",\"@id\":\"https:\\\/\\\/lazru.com\\\/es\\\/#organization\",\"name\":\"LAZRU\",\"url\":\"https:\\\/\\\/lazru.com\\\/es\\\/\",\"logo\":{\"@type\":\"ImageObject\",\"inLanguage\":\"es\",\"@id\":\"https:\\\/\\\/lazru.com\\\/es\\\/#\\\/schema\\\/logo\\\/image\\\/\",\"url\":\"https:\\\/\\\/lazru.com\\\/wp-content\\\/uploads\\\/2021\\\/09\\\/cropped-lazru-wimpernserum-logo.png\",\"contentUrl\":\"https:\\\/\\\/lazru.com\\\/wp-content\\\/uploads\\\/2021\\\/09\\\/cropped-lazru-wimpernserum-logo.png\",\"width\":211,\"height\":97,\"caption\":\"LAZRU\"},\"image\":{\"@id\":\"https:\\\/\\\/lazru.com\\\/es\\\/#\\\/schema\\\/logo\\\/image\\\/\"},\"sameAs\":[\"https:\\\/\\\/www.instagram.com\\\/lazru_official\\\/\"]}]}<\/script>\n<!-- \/ Yoast SEO Premium plugin. -->","yoast_head_json":{"title":"Preguntas y respuestas de LAZRU: \u00a1Todas las preguntas contestadas!","description":"Aqu\u00ed encontrar\u00e1s todas las preguntas frecuentes sobre Lazru. \u00bfC\u00f3mo se utiliza? \u00bfQu\u00e9 debo tener en cuenta? Toda la informaci\u00f3n aqu\u00ed.","robots":{"index":"index","follow":"follow","max-snippet":"max-snippet:-1","max-image-preview":"max-image-preview:large","max-video-preview":"max-video-preview:-1"},"canonical":"https:\/\/lazru.com\/es\/faq\/","og_locale":"es_ES","og_type":"article","og_title":"FAQ","og_description":"Hier findest du alle h\u00e4ufig gestellten Fragen zu Lazru. Wie ist die Anwendung? Was muss ich beachten? Alle Infos hier.","og_url":"https:\/\/lazru.com\/es\/faq\/","og_site_name":"LAZRU","article_modified_time":"2026-04-15T09:52:41+00:00","twitter_card":"summary_large_image","twitter_misc":{"Tiempo de lectura":"4 minutos"},"schema":{"@context":"https:\/\/schema.org","@graph":[{"@type":"WebPage","@id":"https:\/\/lazru.com\/faq\/","url":"https:\/\/lazru.com\/faq\/","name":"Preguntas y respuestas de LAZRU: \u00a1Todas las preguntas contestadas!","isPartOf":{"@id":"https:\/\/lazru.com\/es\/#website"},"datePublished":"2021-09-14T14:49:07+00:00","dateModified":"2026-04-15T09:52:41+00:00","description":"Aqu\u00ed encontrar\u00e1s todas las preguntas frecuentes sobre Lazru. \u00bfC\u00f3mo se utiliza? \u00bfQu\u00e9 debo tener en cuenta? Toda la informaci\u00f3n aqu\u00ed.","breadcrumb":{"@id":"https:\/\/lazru.com\/faq\/#breadcrumb"},"inLanguage":"es","potentialAction":[{"@type":"ReadAction","target":["https:\/\/lazru.com\/faq\/"]}]},{"@type":"BreadcrumbList","@id":"https:\/\/lazru.com\/faq\/#breadcrumb","itemListElement":[{"@type":"ListItem","position":1,"name":"LAZRU","item":"https:\/\/lazru.com\/"},{"@type":"ListItem","position":2,"name":"FAQ"}]},{"@type":"WebSite","@id":"https:\/\/lazru.com\/es\/#website","url":"https:\/\/lazru.com\/es\/","name":"LAZRU","description":"Serum Pesta\u00f1as &amp; Serum Cejas","publisher":{"@id":"https:\/\/lazru.com\/es\/#organization"},"potentialAction":[{"@type":"SearchAction","target":{"@type":"EntryPoint","urlTemplate":"https:\/\/lazru.com\/es\/?s={search_term_string}"},"query-input":{"@type":"PropertyValueSpecification","valueRequired":true,"valueName":"search_term_string"}}],"inLanguage":"es"},{"@type":"Organization","@id":"https:\/\/lazru.com\/es\/#organization","name":"LAZRU","url":"https:\/\/lazru.com\/es\/","logo":{"@type":"ImageObject","inLanguage":"es","@id":"https:\/\/lazru.com\/es\/#\/schema\/logo\/image\/","url":"https:\/\/lazru.com\/wp-content\/uploads\/2021\/09\/cropped-lazru-wimpernserum-logo.png","contentUrl":"https:\/\/lazru.com\/wp-content\/uploads\/2021\/09\/cropped-lazru-wimpernserum-logo.png","width":211,"height":97,"caption":"LAZRU"},"image":{"@id":"https:\/\/lazru.com\/es\/#\/schema\/logo\/image\/"},"sameAs":["https:\/\/www.instagram.com\/lazru_official\/"]}]}},"_links":{"self":[{"href":"https:\/\/lazru.com\/es\/wp-json\/wp\/v2\/pages\/87","targetHints":{"allow":["GET"]}}],"collection":[{"href":"https:\/\/lazru.com\/es\/wp-json\/wp\/v2\/pages"}],"about":[{"href":"https:\/\/lazru.com\/es\/wp-json\/wp\/v2\/types\/page"}],"author":[{"embeddable":true,"href":"https:\/\/lazru.com\/es\/wp-json\/wp\/v2\/users\/1"}],"replies":[{"embeddable":true,"href":"https:\/\/lazru.com\/es\/wp-json\/wp\/v2\/comments?post=87"}],"version-history":[{"count":7,"href":"https:\/\/lazru.com\/es\/wp-json\/wp\/v2\/pages\/87\/revisions"}],"predecessor-version":[{"id":44388,"href":"https:\/\/lazru.com\/es\/wp-json\/wp\/v2\/pages\/87\/revisions\/44388"}],"wp:attachment":[{"href":"https:\/\/lazru.com\/es\/wp-json\/wp\/v2\/media?parent=87"}],"curies":[{"name":"wp","href":"https:\/\/api.w.org\/{rel}","templated":true}]}}