{"id":71,"date":"2021-09-14T14:40:24","date_gmt":"2021-09-14T14:40:24","guid":{"rendered":"https:\/\/lazru.com\/?page_id=71"},"modified":"2021-09-23T15:32:17","modified_gmt":"2021-09-23T15:32:17","slug":"blog-sitemap","status":"publish","type":"page","link":"https:\/\/lazru.com\/es\/mapa-del-sitio-del-blog\/","title":{"rendered":"Mapa del sitio del blog"},"content":{"rendered":"<p>Aqu\u00ed encontrar\u00e1s todos los art\u00edculos sobre el tema de las pesta\u00f1as y las cejas que hemos escrito en nuestro blog. T\u00f3mese su tiempo para mirar a su alrededor, tambi\u00e9n habr\u00e1 algo emocionante para usted.<\/p>\n\n\n<div class=\"wsp-container\"><h2 class=\"wsp-posts-title\">Entradas por categor\u00eda<\/h2>\n<ul class=\"wsp-posts-list\">\n\t<li><strong class=\"wsp-category-title\">Categor\u00eda: <a href=\"https:\/\/lazru.com\/es\/category\/cejas\/\">cejas<\/a><\/strong>\n<ul class=\"wsp-posts-list\">\t\t<li class=\"wsp-post\"><a href=\"https:\/\/lazru.com\/es\/maquillaje-permanente-de-cejas\/\">Maquillaje permanente para las cejas<\/a><\/li>\n\t\t<li class=\"wsp-post\"><a href=\"https:\/\/lazru.com\/es\/colores-de-cejas\/\">Tinte de cejas: \u00a1As\u00ed se hace!<\/a><\/li>\n\t\t<li class=\"wsp-post\"><a href=\"https:\/\/lazru.com\/es\/aceite-de-ricino-cejas\/\">\u00a1As\u00ed es como el aceite de ricino hace que tus cejas sean m\u00e1s gruesas y hermosas!<\/a><\/li>\n\t\t<li class=\"wsp-post\"><a href=\"https:\/\/lazru.com\/es\/cejas-pobladas\/\">Cejas pobladas: sigue la tendencia con confianza<\/a><\/li>\n\t\t<li class=\"wsp-post\"><a href=\"https:\/\/lazru.com\/es\/serum-augebra-hagalo-usted-mismo\/\">Haz tu propio Serum para Cejas: \u00a1as\u00ed es como se hace!<\/a><\/li>\n\t\t<li class=\"wsp-post\"><a href=\"https:\/\/lazru.com\/es\/serum-para-pestanas-embarazo\/\">Suero para pesta\u00f1as durante el embarazo: \u00a1as\u00ed puede ayudarte!<\/a><\/li>\n\t\t<li class=\"wsp-post\"><a href=\"https:\/\/lazru.com\/es\/cejas-finas\/\">Cejas finas - C\u00f3mo fortalecer la ceja hasta la ra\u00edz<\/a><\/li>\n\t\t<li class=\"wsp-post\"><a href=\"https:\/\/lazru.com\/es\/engrosamiento-de-las-cejas\/\">Engrosar las cejas: Estas opciones est\u00e1n disponibles<\/a><\/li>\n\t\t<li class=\"wsp-post\"><a href=\"https:\/\/lazru.com\/es\/cejas-caida\/\">Se te caen las cejas - Esta podr\u00eda ser la causa<\/a><\/li>\n\t\t<li class=\"wsp-post\"><a href=\"https:\/\/lazru.com\/es\/depilacion-de-cejas-no\/\">Las cejas ya no crecen: \u00a1esto es lo que puedes hacer!<\/a><\/li>\n<\/ul><\/li>\n\t<li><strong class=\"wsp-category-title\">Categor\u00eda: <a href=\"https:\/\/lazru.com\/es\/category\/tratamiento\/\">Tratamiento<\/a><\/strong>\n<ul class=\"wsp-posts-list\">\t\t<li class=\"wsp-post\"><a href=\"https:\/\/lazru.com\/es\/aceite-de-ricino-pestanas\/\">\u00a1As\u00ed es como el aceite de ricino hace que tus pesta\u00f1as sean m\u00e1s largas y gruesas!<\/a><\/li>\n\t\t<li class=\"wsp-post\"><a href=\"https:\/\/lazru.com\/es\/get-full-eyelashes\/\">Consigue unas pesta\u00f1as completas - \u00a1as\u00ed es como!<\/a><\/li>\n\t\t<li class=\"wsp-post\"><a href=\"https:\/\/lazru.com\/es\/aplicacion-de-serum-para-pestanas\/\">Aplicar Serum Pesta\u00f1as - \u00a1as\u00ed es como funciona!<\/a><\/li>\n<\/ul><\/li>\n\t<li><strong class=\"wsp-category-title\">Categor\u00eda: <a href=\"https:\/\/lazru.com\/es\/category\/salud\/\">Salud<\/a><\/strong>\n<ul class=\"wsp-posts-list\">\t\t<li class=\"wsp-post\"><a href=\"https:\/\/lazru.com\/es\/tinte-de-pestanas\/\">Tinte de pesta\u00f1as: \u00a1as\u00ed funciona!<\/a><\/li>\n\t\t<li class=\"wsp-post\"><a href=\"https:\/\/lazru.com\/es\/pestanas-caida\/\">Se caen las pesta\u00f1as: \u00a1qu\u00e9 puedes hacer!<\/a><\/li>\n<\/ul><\/li>\n\t<li><strong class=\"wsp-category-title\">Categor\u00eda: <a href=\"https:\/\/lazru.com\/es\/category\/pestanas\/\">Pesta\u00f1as<\/a><\/strong>\n<ul class=\"wsp-posts-list\">\t\t<li class=\"wsp-post\"><a href=\"https:\/\/lazru.com\/es\/espesamiento-de-pestanas\/\">C\u00f3mo espesar las pesta\u00f1as<\/a><\/li>\n\t\t<li class=\"wsp-post\"><a href=\"https:\/\/lazru.com\/es\/lifting-de-pestanas\/\">C\u00f3mo funciona un lifting de pesta\u00f1as<\/a><\/li>\n\t\t<li class=\"wsp-post\"><a href=\"https:\/\/lazru.com\/es\/recambio-de-pestanas\/\">Rellenar las pesta\u00f1as: Esta es la frecuencia con la que debes retocar tus extensiones.<\/a><\/li>\n\t\t<li class=\"wsp-post\"><a href=\"https:\/\/lazru.com\/es\/pestanas-magneticas\/\">\u00bfUna mirada perfecta con pesta\u00f1as magn\u00e9ticas?<\/a><\/li>\n\t\t<li class=\"wsp-post\"><a href=\"https:\/\/lazru.com\/es\/pestanas-largas\/\">C\u00f3mo conseguir unas pesta\u00f1as largas<\/a><\/li>\n\t\t<li class=\"wsp-post\"><a href=\"https:\/\/lazru.com\/es\/extensiones-de-pestanas\/\">Todo sobre las extensiones de pesta\u00f1as<\/a><\/li>\n\t\t<li class=\"wsp-post\"><a href=\"https:\/\/lazru.com\/es\/alargamiento-de-pestanas\/\">Estos son los pros y los contras de las extensiones de pesta\u00f1as.<\/a><\/li>\n\t\t<li class=\"wsp-post\"><a href=\"https:\/\/lazru.com\/es\/como-crecer-las-pestanas-rapidamente\/\">\u00bfA qu\u00e9 velocidad crecen las pesta\u00f1as?<\/a><\/li>\n\t\t<li class=\"wsp-post\"><a href=\"https:\/\/lazru.com\/es\/potenciador-de-pestanas\/\">\u00a1Estos son verdaderos potenciadores de pesta\u00f1as!<\/a><\/li>\n\t\t<li class=\"wsp-post\"><a href=\"https:\/\/lazru.com\/es\/crecer-pestanas-despues\/\">\u00bfVuelven a crecer las pesta\u00f1as?<\/a><\/li>\n\t\t<li class=\"wsp-post\"><a href=\"https:\/\/lazru.com\/es\/pestanas-artificiales\/\">\u00bfPesta\u00f1as artificiales o no?<\/a><\/li>\n\t\t<li class=\"wsp-post\"><a href=\"https:\/\/lazru.com\/es\/cuidado-de-las-pestanas\/\">Cuidado de las pesta\u00f1as: \u00a1as\u00ed funciona!<\/a><\/li>\n<\/ul><\/li>\n<\/ul>\n<\/div>","protected":false},"excerpt":{"rendered":"<p>Hier finden Sie alle Beitr\u00e4ge rund um das Thema Wimpern und Augenbrauen, die wir in unserem Blog geschrieben haben. Schauen Sie sich in Ruhe um, es wird auch f\u00fcr Sie [&hellip;]<\/p>","protected":false},"author":1,"featured_media":0,"parent":0,"menu_order":0,"comment_status":"closed","ping_status":"closed","template":"","meta":{"_uag_custom_page_level_css":"","advgb_blocks_editor_width":"","advgb_blocks_columns_visual_guide":"","site-sidebar-layout":"default","site-content-layout":"default","ast-site-content-layout":"default","site-content-style":"default","site-sidebar-style":"default","ast-global-header-display":"","ast-banner-title-visibility":"","ast-main-header-display":"","ast-hfb-above-header-display":"","ast-hfb-below-header-display":"","ast-hfb-mobile-header-display":"","site-post-title":"","ast-breadcrumbs-content":"","ast-featured-img":"","footer-sml-layout":"","ast-disable-related-posts":"","theme-transparent-header-meta":"default","adv-header-id-meta":"","stick-header-meta":"default","header-above-stick-meta":"","header-main-stick-meta":"","header-below-stick-meta":"","astra-migrate-meta-layouts":"default","ast-page-background-enabled":"default","ast-page-background-meta":{"desktop":{"background-color":"","background-image":"","background-repeat":"repeat","background-position":"center center","background-size":"auto","background-attachment":"scroll","background-type":"","background-media":"","overlay-type":"","overlay-color":"","overlay-opacity":"","overlay-gradient":""},"tablet":{"background-color":"","background-image":"","background-repeat":"repeat","background-position":"center center","background-size":"auto","background-attachment":"scroll","background-type":"","background-media":"","overlay-type":"","overlay-color":"","overlay-opacity":"","overlay-gradient":""},"mobile":{"background-color":"","background-image":"","background-repeat":"repeat","background-position":"center center","background-size":"auto","background-attachment":"scroll","background-type":"","background-media":"","overlay-type":"","overlay-color":"","overlay-opacity":"","overlay-gradient":""}},"ast-content-background-meta":{"desktop":{"background-color":"var(--ast-global-color-5)","background-image":"","background-repeat":"repeat","background-position":"center center","background-size":"auto","background-attachment":"scroll","background-type":"","background-media":"","overlay-type":"","overlay-color":"","overlay-opacity":"","overlay-gradient":""},"tablet":{"background-color":"var(--ast-global-color-5)","background-image":"","background-repeat":"repeat","background-position":"center center","background-size":"auto","background-attachment":"scroll","background-type":"","background-media":"","overlay-type":"","overlay-color":"","overlay-opacity":"","overlay-gradient":""},"mobile":{"background-color":"var(--ast-global-color-5)","background-image":"","background-repeat":"repeat","background-position":"center center","background-size":"auto","background-attachment":"scroll","background-type":"","background-media":"","overlay-type":"","overlay-color":"","overlay-opacity":"","overlay-gradient":""}},"footnotes":""},"class_list":["post-71","page","type-page","status-publish","hentry"],"featured_image_src":null,"yoast_head":"<!-- This site is optimized with the Yoast SEO Premium plugin v23.4 (Yoast SEO v26.6) - https:\/\/yoast.com\/wordpress\/plugins\/seo\/ -->\n<title>Blog-Sitemap - LAZRU<\/title>\n<meta name=\"robots\" content=\"noindex, follow\" \/>\n<meta property=\"og:locale\" content=\"es_ES\" \/>\n<meta property=\"og:type\" content=\"article\" \/>\n<meta property=\"og:title\" content=\"Blog-Sitemap\" \/>\n<meta property=\"og:description\" content=\"Hier finden Sie alle Beitr\u00e4ge rund um das Thema Wimpern und Augenbrauen, die wir in unserem Blog geschrieben haben. Schauen Sie sich in Ruhe um, es wird auch f\u00fcr Sie [&hellip;]\" \/>\n<meta property=\"og:url\" content=\"https:\/\/lazru.com\/es\/blog-sitemap\/\" \/>\n<meta property=\"og:site_name\" content=\"LAZRU\" \/>\n<meta property=\"article:modified_time\" content=\"2021-09-23T15:32:17+00:00\" \/>\n<meta name=\"twitter:card\" content=\"summary_large_image\" \/>\n<meta name=\"twitter:label1\" content=\"Tiempo de lectura\" \/>\n\t<meta name=\"twitter:data1\" content=\"1 minuto\" \/>\n<script type=\"application\/ld+json\" class=\"yoast-schema-graph\">{\"@context\":\"https:\/\/schema.org\",\"@graph\":[{\"@type\":\"WebPage\",\"@id\":\"https:\/\/lazru.com\/nl\/blog-sitemap\/\",\"url\":\"https:\/\/lazru.com\/nl\/blog-sitemap\/\",\"name\":\"Blog-Sitemap - LAZRU\",\"isPartOf\":{\"@id\":\"https:\/\/lazru.com\/es\/#website\"},\"datePublished\":\"2021-09-14T14:40:24+00:00\",\"dateModified\":\"2021-09-23T15:32:17+00:00\",\"breadcrumb\":{\"@id\":\"https:\/\/lazru.com\/nl\/blog-sitemap\/#breadcrumb\"},\"inLanguage\":\"es\",\"potentialAction\":[{\"@type\":\"ReadAction\",\"target\":[\"https:\/\/lazru.com\/nl\/blog-sitemap\/\"]}]},{\"@type\":\"BreadcrumbList\",\"@id\":\"https:\/\/lazru.com\/nl\/blog-sitemap\/#breadcrumb\",\"itemListElement\":[{\"@type\":\"ListItem\",\"position\":1,\"name\":\"LAZRU\",\"item\":\"https:\/\/lazru.com\/\"},{\"@type\":\"ListItem\",\"position\":2,\"name\":\"Blog-Sitemap\"}]},{\"@type\":\"WebSite\",\"@id\":\"https:\/\/lazru.com\/es\/#website\",\"url\":\"https:\/\/lazru.com\/es\/\",\"name\":\"LAZRU\",\"description\":\"Wimpernserum &amp; Augenbrauenserum\",\"publisher\":{\"@id\":\"https:\/\/lazru.com\/es\/#organization\"},\"potentialAction\":[{\"@type\":\"SearchAction\",\"target\":{\"@type\":\"EntryPoint\",\"urlTemplate\":\"https:\/\/lazru.com\/es\/?s={search_term_string}\"},\"query-input\":{\"@type\":\"PropertyValueSpecification\",\"valueRequired\":true,\"valueName\":\"search_term_string\"}}],\"inLanguage\":\"es\"},{\"@type\":\"Organization\",\"@id\":\"https:\/\/lazru.com\/es\/#organization\",\"name\":\"LAZRU\",\"url\":\"https:\/\/lazru.com\/es\/\",\"logo\":{\"@type\":\"ImageObject\",\"inLanguage\":\"es\",\"@id\":\"https:\/\/lazru.com\/es\/#\/schema\/logo\/image\/\",\"url\":\"https:\/\/lazru.com\/wp-content\/uploads\/2021\/09\/cropped-lazru-wimpernserum-logo.png\",\"contentUrl\":\"https:\/\/lazru.com\/wp-content\/uploads\/2021\/09\/cropped-lazru-wimpernserum-logo.png\",\"width\":211,\"height\":97,\"caption\":\"LAZRU\"},\"image\":{\"@id\":\"https:\/\/lazru.com\/es\/#\/schema\/logo\/image\/\"},\"sameAs\":[\"https:\/\/www.instagram.com\/lazru_official\/\"]}]}<\/script>\n<!-- \/ Yoast SEO Premium plugin. -->","yoast_head_json":{"title":"Mapa del sitio del blog - LAZRU","robots":{"index":"noindex","follow":"follow"},"og_locale":"es_ES","og_type":"article","og_title":"Blog-Sitemap","og_description":"Hier finden Sie alle Beitr\u00e4ge rund um das Thema Wimpern und Augenbrauen, die wir in unserem Blog geschrieben haben. Schauen Sie sich in Ruhe um, es wird auch f\u00fcr Sie [&hellip;]","og_url":"https:\/\/lazru.com\/es\/blog-sitemap\/","og_site_name":"LAZRU","article_modified_time":"2021-09-23T15:32:17+00:00","twitter_card":"summary_large_image","twitter_misc":{"Tiempo de lectura":"1 minuto"},"schema":{"@context":"https:\/\/schema.org","@graph":[{"@type":"WebPage","@id":"https:\/\/lazru.com\/nl\/blog-sitemap\/","url":"https:\/\/lazru.com\/nl\/blog-sitemap\/","name":"Mapa del sitio del blog - LAZRU","isPartOf":{"@id":"https:\/\/lazru.com\/es\/#website"},"datePublished":"2021-09-14T14:40:24+00:00","dateModified":"2021-09-23T15:32:17+00:00","breadcrumb":{"@id":"https:\/\/lazru.com\/nl\/blog-sitemap\/#breadcrumb"},"inLanguage":"es","potentialAction":[{"@type":"ReadAction","target":["https:\/\/lazru.com\/nl\/blog-sitemap\/"]}]},{"@type":"BreadcrumbList","@id":"https:\/\/lazru.com\/nl\/blog-sitemap\/#breadcrumb","itemListElement":[{"@type":"ListItem","position":1,"name":"LAZRU","item":"https:\/\/lazru.com\/"},{"@type":"ListItem","position":2,"name":"Blog-Sitemap"}]},{"@type":"WebSite","@id":"https:\/\/lazru.com\/es\/#website","url":"https:\/\/lazru.com\/es\/","name":"LAZRU","description":"Serum Pesta\u00f1as &amp; Serum Cejas","publisher":{"@id":"https:\/\/lazru.com\/es\/#organization"},"potentialAction":[{"@type":"SearchAction","target":{"@type":"EntryPoint","urlTemplate":"https:\/\/lazru.com\/es\/?s={search_term_string}"},"query-input":{"@type":"PropertyValueSpecification","valueRequired":true,"valueName":"search_term_string"}}],"inLanguage":"es"},{"@type":"Organization","@id":"https:\/\/lazru.com\/es\/#organization","name":"LAZRU","url":"https:\/\/lazru.com\/es\/","logo":{"@type":"ImageObject","inLanguage":"es","@id":"https:\/\/lazru.com\/es\/#\/schema\/logo\/image\/","url":"https:\/\/lazru.com\/wp-content\/uploads\/2021\/09\/cropped-lazru-wimpernserum-logo.png","contentUrl":"https:\/\/lazru.com\/wp-content\/uploads\/2021\/09\/cropped-lazru-wimpernserum-logo.png","width":211,"height":97,"caption":"LAZRU"},"image":{"@id":"https:\/\/lazru.com\/es\/#\/schema\/logo\/image\/"},"sameAs":["https:\/\/www.instagram.com\/lazru_official\/"]}]}},"uagb_featured_image_src":{"full":false,"thumbnail":false,"medium":false,"medium_large":false,"large":false,"1536x1536":false,"2048x2048":false,"trp-custom-language-flag":false,"woocommerce_thumbnail":false,"woocommerce_single":false,"woocommerce_gallery_thumbnail":false,"crp_thumbnail":false},"uagb_author_info":{"display_name":"Kerem085","author_link":"https:\/\/lazru.com\/es\/author\/kerem085\/"},"uagb_comment_info":0,"uagb_excerpt":"Hier finden Sie alle Beitr\u00e4ge rund um das Thema Wimpern und Augenbrauen, die wir in unserem Blog geschrieben haben. Schauen Sie sich in Ruhe um, es wird auch f\u00fcr Sie [&hellip;]","coauthors":[],"author_meta":{"author_link":"https:\/\/lazru.com\/es\/author\/kerem085\/","display_name":"Kerem085"},"relative_dates":{"created":"Publicado 5 a\u00f1os hace","modified":"Actualizado 5 a\u00f1os hace"},"absolute_dates":{"created":"Publicado el 14. septiembre 2021","modified":"Actualizado el 23. septiembre 2021"},"absolute_dates_time":{"created":"Publicado el 14. septiembre 2021 14:40","modified":"Actualizado el 23. septiembre 2021 15:32"},"featured_img_caption":"","featured_img":false,"series_order":"","_links":{"self":[{"href":"https:\/\/lazru.com\/es\/wp-json\/wp\/v2\/pages\/71","targetHints":{"allow":["GET"]}}],"collection":[{"href":"https:\/\/lazru.com\/es\/wp-json\/wp\/v2\/pages"}],"about":[{"href":"https:\/\/lazru.com\/es\/wp-json\/wp\/v2\/types\/page"}],"author":[{"embeddable":true,"href":"https:\/\/lazru.com\/es\/wp-json\/wp\/v2\/users\/1"}],"replies":[{"embeddable":true,"href":"https:\/\/lazru.com\/es\/wp-json\/wp\/v2\/comments?post=71"}],"version-history":[{"count":0,"href":"https:\/\/lazru.com\/es\/wp-json\/wp\/v2\/pages\/71\/revisions"}],"wp:attachment":[{"href":"https:\/\/lazru.com\/es\/wp-json\/wp\/v2\/media?parent=71"}],"curies":[{"name":"wp","href":"https:\/\/api.w.org\/{rel}","templated":true}]}}