{"id":32,"date":"2021-09-14T13:12:11","date_gmt":"2021-09-14T13:12:11","guid":{"rendered":"https:\/\/lazru.com\/widerrufsbelehrung"},"modified":"2023-12-07T14:48:40","modified_gmt":"2023-12-07T13:48:40","slug":"widerrufsrecht","status":"publish","type":"page","link":"https:\/\/lazru.com\/es\/derecho-de-revocacion\/","title":{"rendered":"Derecho de desistimiento"},"content":{"rendered":"<p><strong>Derecho de desistimiento de los consumidores<\/strong><\/p>\n\n\n\n<p>Un consumidor es toda persona f\u00edsica que realiza un negocio jur\u00eddico con fines predominantemente no comerciales ni aut\u00f3nomos.<\/p>\n\n\n\n<p><strong>Pol\u00edtica de cancelaci\u00f3n Lazru<\/strong><\/p>\n\n\n\n<p><strong>Derecho de desistimiento<\/strong><\/p>\n\n\n\n<p>Tiene derecho a rescindir este contrato en un plazo de catorce d\u00edas. <strong>El derecho de desistimiento queda excluido para los art\u00edculos de higiene usados.<\/strong> El plazo de desistimiento es de catorce d\u00edas a partir del d\u00eda en que usted o un tercero designado por usted, que no sea el transportista, haya tomado posesi\u00f3n de los bienes, siempre que usted haya pedido uno o varios bienes como parte de un \u00fanico pedido y \u00e9stos sean o vayan a ser entregados de manera uniforme.<\/p>\n\n\n\n<p>Para ejercer su derecho de desistimiento, debe informarnos de su decisi\u00f3n de desistir de este contrato mediante una declaraci\u00f3n clara (por ejemplo, una carta enviada por correo, fax o correo electr\u00f3nico). Para ello, puede utilizar el modelo de formulario de desistimiento adjunto, que, sin embargo, no es obligatorio.<\/p>\n\n\n\n<p>Para cumplir el plazo de cancelaci\u00f3n, basta con que env\u00ede la notificaci\u00f3n del ejercicio del derecho de cancelaci\u00f3n antes de que finalice el plazo de cancelaci\u00f3n.<\/p>\n\n\n\n<p>La revocaci\u00f3n se dirigir\u00e1 a<\/p>\n\n\n\n<figure class=\"wp-block-image size-full is-resized\"><a href=\"https:\/\/lazru.com\/wp-content\/uploads\/2023\/12\/Laz-2.jpg\"><img loading=\"lazy\" decoding=\"async\" width=\"650\" height=\"685\" src=\"https:\/\/lazru.com\/wp-content\/uploads\/2023\/12\/Laz-2.jpg\" alt=\"\" class=\"wp-image-22583\" style=\"width:226px;height:auto\" srcset=\"https:\/\/lazru.com\/wp-content\/uploads\/2023\/12\/Laz-2.jpg 650w, https:\/\/lazru.com\/wp-content\/uploads\/2023\/12\/Laz-2-600x632.jpg 600w, https:\/\/lazru.com\/wp-content\/uploads\/2023\/12\/Laz-2-285x300.jpg 285w, https:\/\/lazru.com\/wp-content\/uploads\/2023\/12\/Laz-2-11x12.jpg 11w\" sizes=\"auto, (max-width: 650px) 100vw, 650px\" \/><\/a><\/figure>\n\n\n\n<p><\/p>\n\n\n\n<p><strong>Direcci\u00f3n de entrega abajo.<\/strong><\/p>\n\n\n\n<p><strong>Consecuencias de la revocaci\u00f3n<\/strong><\/p>\n\n\n\n<p>Si rescinde el contrato, deberemos devolverle todos los pagos que hayamos recibido de usted, incluidos los gastos de env\u00edo (a excepci\u00f3n de los gastos adicionales resultantes del hecho de que haya elegido un tipo de env\u00edo distinto al env\u00edo est\u00e1ndar m\u00e1s barato que ofrecemos), sin demora y a m\u00e1s tardar en un plazo de catorce d\u00edas a partir del d\u00eda en que hayamos recibido la notificaci\u00f3n de su rescisi\u00f3n del contrato. Para este reembolso, utilizaremos el mismo medio de pago que usted utiliz\u00f3 para la transacci\u00f3n original, a menos que se acuerde expresamente lo contrario con usted; en ning\u00fan caso se le cobrar\u00e1 por este reembolso.<\/p>\n\n\n\n<p>Podremos denegar el reembolso hasta que hayamos recibido la mercanc\u00eda o hasta que usted haya presentado una prueba de que ha devuelto la mercanc\u00eda, lo que ocurra primero.<\/p>\n\n\n\n<p><strong>Devuelve<\/strong><\/p>\n\n\n\n<p>Deber\u00e1 devolvernos o entregarnos los bienes inmediatamente y, en cualquier caso, en un plazo m\u00e1ximo de catorce d\u00edas a partir del d\u00eda en que nos notifique la cancelaci\u00f3n de este contrato. El plazo se cumple si env\u00eda la mercanc\u00eda antes de que finalice el periodo de catorce d\u00edas.<\/p>\n\n\n\n<p>Usted correr\u00e1 con los gastos directos de devoluci\u00f3n de la mercanc\u00eda.<\/p>\n\n\n\n<p>S\u00f3lo tiene que pagar la p\u00e9rdida de valor de la mercanc\u00eda si \u00e9sta se debe a una manipulaci\u00f3n de la misma que no es necesaria para comprobar su calidad, caracter\u00edsticas y funcionamiento.<\/p>\n\n\n\n<p><strong>Motivos de exclusi\u00f3n o caducidad<\/strong><\/p>\n\n\n\n<p><strong>Exclusi\u00f3n del derecho de desistimiento<\/strong>:<\/p>\n\n\n\n<p>No existe derecho de desistimiento en el caso de mercanc\u00edas r\u00e1pidamente perecederas o cuya fecha de caducidad se sobrepase r\u00e1pidamente. Caducidad prematura en caso de entrega de mercanc\u00edas precintadas que no son aptas para la devoluci\u00f3n por motivos de protecci\u00f3n de la salud o de higiene si se les ha retirado el precinto despu\u00e9s de la entrega; (1) No existe derecho de desistimiento para el Lazru conforme al art\u00edculo 312g (2) n\u00ba 2 BGB si se ha retirado el precinto del embalaje. Esto se debe a que la Lazru es un bien en el sentido del art. 312g p\u00e1rr. 2 n\u00fam. 2 BGB que se estropear\u00eda r\u00e1pidamente tras la rotura del precinto o cuya fecha de caducidad se superar\u00eda r\u00e1pidamente a partir de ese momento (2 meses tras la apertura de la Lazru). (2) Por lo tanto, el derecho de desistimiento no existe seg\u00fan el art\u00edculo 312g, apartado 2, n\u00famero 2 del C\u00f3digo Civil alem\u00e1n (BGB) si el precinto de la Lazru se ha retirado despu\u00e9s de la entrega porque existe el riesgo de que el producto devuelto llegue al distribuidor con una fecha de caducidad considerablemente m\u00e1s corta.<\/p>\n\n\n\n<p>El derecho de desistimiento queda excluido por este motivo, ya que los sueros a devolver con el precinto roto ser\u00edan dif\u00edciles o imposibles de revender para Lazru, teniendo en cuenta el plazo de devoluci\u00f3n.<\/p>\n\n\n\n<p><strong>El derecho de desistimiento queda excluido para los art\u00edculos de higiene usados<\/strong>.<\/p>\n\n\n\n<hr class=\"wp-block-separator has-css-opacity\"\/>\n\n\n\n<p>El derecho de desistimiento existe <strong>no<\/strong> para los contratos<\/p>\n\n\n\n<ul class=\"wp-block-list\">\n<li>para la entrega de bienes que no sean prefabricados y para cuya producci\u00f3n sea decisiva una selecci\u00f3n o determinaci\u00f3n individual por parte del consumidor o que est\u00e9n claramente adaptados a las necesidades personales de \u00e9ste;<\/li>\n\n\n\n<li>para la entrega de mercanc\u00edas que pueden estropearse r\u00e1pidamente o cuya fecha de caducidad se superar\u00eda r\u00e1pidamente;<\/li>\n\n\n\n<li>Contratos de suscripci\u00f3n.<\/li>\n<\/ul>\n\n\n\n<p>&#8212;&#8212;&#8211;<\/p>\n\n\n\n<p><strong>El derecho de desistimiento expira prematuramente en el caso de los contratos<\/strong><\/p>\n\n\n\n<ul class=\"wp-block-list\">\n<li>para la entrega de mercanc\u00edas precintadas que no sean aptas para su devoluci\u00f3n por razones de protecci\u00f3n de la salud o de higiene, si su precinto ha sido retirado despu\u00e9s de la entrega;<\/li>\n\n\n\n<li>para la entrega de bienes si \u00e9stos se han mezclado inseparablemente con otros bienes despu\u00e9s de la entrega debido a su naturaleza;<\/li>\n<\/ul>\n\n\n\n<p>_______<\/p>\n\n\n\n<p><strong>Modelo de formulario de anulaci\u00f3n<\/strong><\/p>\n\n\n\n<p>Si desea rescindir el contrato, rellene y env\u00ede este formulario.<br><strong>El derecho de desistimiento queda excluido para los art\u00edculos de higiene usados.<\/strong><\/p>\n\n\n\n<p>1. Volver a:<\/p>\n\n\n\n<p>VDS - Shipping and Data Service <br>c\/o Alaiko GmbH <br>Siemensstra\u00dfe 14<br>D-37412 Herzberg am Harz<br>Germany<br><br>Correo electr\u00f3nico: info@lazru.com<\/p>\n\n\n\n<p>2. Por la presente revoco\/revocamos el contrato celebrado por m\u00ed\/nosotros para la compra de los siguientes bienes\/la prestaci\u00f3n de los siguientes servicios<br>Servicio (adjuntar copia de la factura si es necesario)<br>N\u00famero de pedido: ..........................................<br>Cantidad \/ nombre de la mercanc\u00eda: ...........................<br>Precio de compra: ...................................................<br>\u00bfYa usado? El derecho de desistimiento queda excluido para los art\u00edculos de higiene usados.<\/p>\n\n\n\n<p>3. Ordenado en: ........................<\/p>\n\n\n\n<p>4. Motivo: .............................................<\/p>\n\n\n\n<p>5. Recibido en: ........................<\/p>\n\n\n\n<p>6. Nombre, direcci\u00f3n del consumidor: ......<br>N\u00famero de cliente: ........................................<br>Nombre y apellido: .................................<br>Calle: .......................................................<br>C\u00f3digo postal y ciudad: ..................................................<\/p>\n\n\n\n<p>7. Lugar, fecha y firma del cliente:<br>&#8230;&#8230;&#8230;&#8230;&#8230;&#8230;&#8230;&#8230;&#8230;&#8230;&#8230;&#8230;&#8230;&#8230;&#8230;&#8230;&#8230;.<\/p>","protected":false},"excerpt":{"rendered":"<p>Widerrufsrecht f\u00fcr Verbraucher Verbraucher ist jede nat\u00fcrliche Person, die ein Rechtsgesch\u00e4ft zu Zwecken abschlie\u00dft, die \u00fcberwiegend weder ihrer gewerblichen noch ihrer selbstst\u00e4ndigen beruflichen T\u00e4tigkeit zugerechnet werden kann. Widerrufsbelehrung Lazru Widerrufsrecht Sie haben das Recht, binnen vierzehn Tagen diesen Vertrag zu widerrufen. Das Widerrufsrecht ist bei benutzten Hygieneartikeln ausgeschlossen. Die Widerrufsfrist betr\u00e4gt vierzehn Tage ab dem [&hellip;]<\/p>\n","protected":false},"author":1,"featured_media":0,"parent":0,"menu_order":0,"comment_status":"closed","ping_status":"closed","template":"","meta":{"footnotes":""},"class_list":["post-32","page","type-page","status-publish","hentry"],"blocksy_meta":[],"yoast_head":"<!-- This site is optimized with the Yoast SEO Premium plugin v23.4 (Yoast SEO v27.4) - https:\/\/yoast.com\/product\/yoast-seo-premium-wordpress\/ -->\n<title>Widerrufsrecht - LAZRU<\/title>\n<meta name=\"robots\" content=\"noindex, nofollow\" \/>\n<meta property=\"og:locale\" content=\"es_ES\" \/>\n<meta property=\"og:type\" content=\"article\" \/>\n<meta property=\"og:title\" content=\"Widerrufsrecht\" \/>\n<meta property=\"og:description\" content=\"Widerrufsrecht f\u00fcr Verbraucher Verbraucher ist jede nat\u00fcrliche Person, die ein Rechtsgesch\u00e4ft zu Zwecken abschlie\u00dft, die \u00fcberwiegend weder ihrer gewerblichen noch ihrer selbstst\u00e4ndigen beruflichen T\u00e4tigkeit zugerechnet werden kann. Widerrufsbelehrung Lazru Widerrufsrecht Sie haben das Recht, binnen vierzehn Tagen diesen Vertrag zu widerrufen. Das Widerrufsrecht ist bei benutzten Hygieneartikeln ausgeschlossen. Die Widerrufsfrist betr\u00e4gt vierzehn Tage ab dem [&hellip;]\" \/>\n<meta property=\"og:url\" content=\"https:\/\/lazru.com\/es\/derecho-de-revocacion\/\" \/>\n<meta property=\"og:site_name\" content=\"LAZRU\" \/>\n<meta property=\"article:modified_time\" content=\"2023-12-07T13:48:40+00:00\" \/>\n<meta property=\"og:image\" content=\"https:\/\/lazru.com\/wp-content\/uploads\/2023\/12\/Laz-2.jpg\" \/>\n<meta name=\"twitter:card\" content=\"summary_large_image\" \/>\n<meta name=\"twitter:label1\" content=\"Tiempo de lectura\" \/>\n\t<meta name=\"twitter:data1\" content=\"5 minutos\" \/>\n<script type=\"application\/ld+json\" class=\"yoast-schema-graph\">{\"@context\":\"https:\\\/\\\/schema.org\",\"@graph\":[{\"@type\":\"WebPage\",\"@id\":\"https:\\\/\\\/lazru.com\\\/widerrufsrecht\\\/\",\"url\":\"https:\\\/\\\/lazru.com\\\/widerrufsrecht\\\/\",\"name\":\"Widerrufsrecht - LAZRU\",\"isPartOf\":{\"@id\":\"https:\\\/\\\/lazru.com\\\/es\\\/#website\"},\"primaryImageOfPage\":{\"@id\":\"https:\\\/\\\/lazru.com\\\/widerrufsrecht\\\/#primaryimage\"},\"image\":{\"@id\":\"https:\\\/\\\/lazru.com\\\/widerrufsrecht\\\/#primaryimage\"},\"thumbnailUrl\":\"https:\\\/\\\/lazru.com\\\/wp-content\\\/uploads\\\/2023\\\/12\\\/Laz-2.jpg\",\"datePublished\":\"2021-09-14T13:12:11+00:00\",\"dateModified\":\"2023-12-07T13:48:40+00:00\",\"breadcrumb\":{\"@id\":\"https:\\\/\\\/lazru.com\\\/widerrufsrecht\\\/#breadcrumb\"},\"inLanguage\":\"es\",\"potentialAction\":[{\"@type\":\"ReadAction\",\"target\":[\"https:\\\/\\\/lazru.com\\\/widerrufsrecht\\\/\"]}]},{\"@type\":\"ImageObject\",\"inLanguage\":\"es\",\"@id\":\"https:\\\/\\\/lazru.com\\\/widerrufsrecht\\\/#primaryimage\",\"url\":\"https:\\\/\\\/lazru.com\\\/wp-content\\\/uploads\\\/2023\\\/12\\\/Laz-2.jpg\",\"contentUrl\":\"https:\\\/\\\/lazru.com\\\/wp-content\\\/uploads\\\/2023\\\/12\\\/Laz-2.jpg\"},{\"@type\":\"BreadcrumbList\",\"@id\":\"https:\\\/\\\/lazru.com\\\/widerrufsrecht\\\/#breadcrumb\",\"itemListElement\":[{\"@type\":\"ListItem\",\"position\":1,\"name\":\"LAZRU\",\"item\":\"https:\\\/\\\/lazru.com\\\/\"},{\"@type\":\"ListItem\",\"position\":2,\"name\":\"Widerrufsrecht\"}]},{\"@type\":\"WebSite\",\"@id\":\"https:\\\/\\\/lazru.com\\\/es\\\/#website\",\"url\":\"https:\\\/\\\/lazru.com\\\/es\\\/\",\"name\":\"LAZRU\",\"description\":\"Wimpernserum &amp; Augenbrauenserum\",\"publisher\":{\"@id\":\"https:\\\/\\\/lazru.com\\\/es\\\/#organization\"},\"potentialAction\":[{\"@type\":\"SearchAction\",\"target\":{\"@type\":\"EntryPoint\",\"urlTemplate\":\"https:\\\/\\\/lazru.com\\\/es\\\/?s={search_term_string}\"},\"query-input\":{\"@type\":\"PropertyValueSpecification\",\"valueRequired\":true,\"valueName\":\"search_term_string\"}}],\"inLanguage\":\"es\"},{\"@type\":\"Organization\",\"@id\":\"https:\\\/\\\/lazru.com\\\/es\\\/#organization\",\"name\":\"LAZRU\",\"url\":\"https:\\\/\\\/lazru.com\\\/es\\\/\",\"logo\":{\"@type\":\"ImageObject\",\"inLanguage\":\"es\",\"@id\":\"https:\\\/\\\/lazru.com\\\/es\\\/#\\\/schema\\\/logo\\\/image\\\/\",\"url\":\"https:\\\/\\\/lazru.com\\\/wp-content\\\/uploads\\\/2021\\\/09\\\/cropped-lazru-wimpernserum-logo.png\",\"contentUrl\":\"https:\\\/\\\/lazru.com\\\/wp-content\\\/uploads\\\/2021\\\/09\\\/cropped-lazru-wimpernserum-logo.png\",\"width\":211,\"height\":97,\"caption\":\"LAZRU\"},\"image\":{\"@id\":\"https:\\\/\\\/lazru.com\\\/es\\\/#\\\/schema\\\/logo\\\/image\\\/\"},\"sameAs\":[\"https:\\\/\\\/www.instagram.com\\\/lazru_official\\\/\"]}]}<\/script>\n<!-- \/ Yoast SEO Premium plugin. -->","yoast_head_json":{"title":"Derecho de desistimiento - LAZRU","robots":{"index":"noindex","follow":"nofollow"},"og_locale":"es_ES","og_type":"article","og_title":"Widerrufsrecht","og_description":"Widerrufsrecht f\u00fcr Verbraucher Verbraucher ist jede nat\u00fcrliche Person, die ein Rechtsgesch\u00e4ft zu Zwecken abschlie\u00dft, die \u00fcberwiegend weder ihrer gewerblichen noch ihrer selbstst\u00e4ndigen beruflichen T\u00e4tigkeit zugerechnet werden kann. Widerrufsbelehrung Lazru Widerrufsrecht Sie haben das Recht, binnen vierzehn Tagen diesen Vertrag zu widerrufen. Das Widerrufsrecht ist bei benutzten Hygieneartikeln ausgeschlossen. Die Widerrufsfrist betr\u00e4gt vierzehn Tage ab dem [&hellip;]","og_url":"https:\/\/lazru.com\/es\/derecho-de-revocacion\/","og_site_name":"LAZRU","article_modified_time":"2023-12-07T13:48:40+00:00","og_image":[{"url":"https:\/\/lazru.com\/wp-content\/uploads\/2023\/12\/Laz-2.jpg","type":"","width":"","height":""}],"twitter_card":"summary_large_image","twitter_misc":{"Tiempo de lectura":"5 minutos"},"schema":{"@context":"https:\/\/schema.org","@graph":[{"@type":"WebPage","@id":"https:\/\/lazru.com\/widerrufsrecht\/","url":"https:\/\/lazru.com\/widerrufsrecht\/","name":"Derecho de desistimiento - LAZRU","isPartOf":{"@id":"https:\/\/lazru.com\/es\/#website"},"primaryImageOfPage":{"@id":"https:\/\/lazru.com\/widerrufsrecht\/#primaryimage"},"image":{"@id":"https:\/\/lazru.com\/widerrufsrecht\/#primaryimage"},"thumbnailUrl":"https:\/\/lazru.com\/wp-content\/uploads\/2023\/12\/Laz-2.jpg","datePublished":"2021-09-14T13:12:11+00:00","dateModified":"2023-12-07T13:48:40+00:00","breadcrumb":{"@id":"https:\/\/lazru.com\/widerrufsrecht\/#breadcrumb"},"inLanguage":"es","potentialAction":[{"@type":"ReadAction","target":["https:\/\/lazru.com\/widerrufsrecht\/"]}]},{"@type":"ImageObject","inLanguage":"es","@id":"https:\/\/lazru.com\/widerrufsrecht\/#primaryimage","url":"https:\/\/lazru.com\/wp-content\/uploads\/2023\/12\/Laz-2.jpg","contentUrl":"https:\/\/lazru.com\/wp-content\/uploads\/2023\/12\/Laz-2.jpg"},{"@type":"BreadcrumbList","@id":"https:\/\/lazru.com\/widerrufsrecht\/#breadcrumb","itemListElement":[{"@type":"ListItem","position":1,"name":"LAZRU","item":"https:\/\/lazru.com\/"},{"@type":"ListItem","position":2,"name":"Widerrufsrecht"}]},{"@type":"WebSite","@id":"https:\/\/lazru.com\/es\/#website","url":"https:\/\/lazru.com\/es\/","name":"LAZRU","description":"Serum Pesta\u00f1as &amp; Serum Cejas","publisher":{"@id":"https:\/\/lazru.com\/es\/#organization"},"potentialAction":[{"@type":"SearchAction","target":{"@type":"EntryPoint","urlTemplate":"https:\/\/lazru.com\/es\/?s={search_term_string}"},"query-input":{"@type":"PropertyValueSpecification","valueRequired":true,"valueName":"search_term_string"}}],"inLanguage":"es"},{"@type":"Organization","@id":"https:\/\/lazru.com\/es\/#organization","name":"LAZRU","url":"https:\/\/lazru.com\/es\/","logo":{"@type":"ImageObject","inLanguage":"es","@id":"https:\/\/lazru.com\/es\/#\/schema\/logo\/image\/","url":"https:\/\/lazru.com\/wp-content\/uploads\/2021\/09\/cropped-lazru-wimpernserum-logo.png","contentUrl":"https:\/\/lazru.com\/wp-content\/uploads\/2021\/09\/cropped-lazru-wimpernserum-logo.png","width":211,"height":97,"caption":"LAZRU"},"image":{"@id":"https:\/\/lazru.com\/es\/#\/schema\/logo\/image\/"},"sameAs":["https:\/\/www.instagram.com\/lazru_official\/"]}]}},"_links":{"self":[{"href":"https:\/\/lazru.com\/es\/wp-json\/wp\/v2\/pages\/32","targetHints":{"allow":["GET"]}}],"collection":[{"href":"https:\/\/lazru.com\/es\/wp-json\/wp\/v2\/pages"}],"about":[{"href":"https:\/\/lazru.com\/es\/wp-json\/wp\/v2\/types\/page"}],"author":[{"embeddable":true,"href":"https:\/\/lazru.com\/es\/wp-json\/wp\/v2\/users\/1"}],"replies":[{"embeddable":true,"href":"https:\/\/lazru.com\/es\/wp-json\/wp\/v2\/comments?post=32"}],"version-history":[{"count":10,"href":"https:\/\/lazru.com\/es\/wp-json\/wp\/v2\/pages\/32\/revisions"}],"predecessor-version":[{"id":22591,"href":"https:\/\/lazru.com\/es\/wp-json\/wp\/v2\/pages\/32\/revisions\/22591"}],"wp:attachment":[{"href":"https:\/\/lazru.com\/es\/wp-json\/wp\/v2\/media?parent=32"}],"curies":[{"name":"wp","href":"https:\/\/api.w.org\/{rel}","templated":true}]}}