{"id":1341,"date":"2022-04-06T08:49:33","date_gmt":"2022-04-06T08:49:33","guid":{"rendered":"https:\/\/lazru.com\/?post_type=product&#038;p=1341"},"modified":"2025-12-31T16:11:06","modified_gmt":"2025-12-31T15:11:06","slug":"lazru-2","status":"publish","type":"product","link":"https:\/\/lazru.com\/da\/vare\/lazru-2\/","title":{"rendered":"Lazru 2-pakke"},"content":{"rendered":"<h2>Anvendelse:<\/h2>\n<p>Anvendes en eller to gange dagligt. Ryst godt f\u00f8r brug. P\u00e5f\u00f8r en lille m\u00e6ngde forsigtigt og j\u00e6vnt p\u00e5 \u00f8jenvipper eller \u00f8jenbryn. Kun til udvortes brug. Undg\u00e5 direkte kontakt med \u00f8jnene. Opbevares ved stuetemperatur og utilg\u00e6ngeligt for b\u00f8rn.<\/p>\n<h2><span style=\"color: #8a949c\">V\u00e6k din sk\u00f8nhed med Lazru: For uimodst\u00e5elige \u00f8jenvipper og \u00f8jenbryn, der fanger \u00f8jet!<\/span><\/h2>\n<p><a href=\"https:\/\/lazru.com\/wp-content\/uploads\/2023\/07\/Lazru.jpg\"><img loading=\"lazy\" decoding=\"async\" class=\"wp-image-18048 size-full\" src=\"https:\/\/lazru.com\/wp-content\/uploads\/2023\/07\/Lazru.jpg\" alt=\"Lazru\" width=\"2000\" height=\"1080\" srcset=\"https:\/\/lazru.com\/wp-content\/uploads\/2023\/07\/Lazru.jpg 2000w, https:\/\/lazru.com\/wp-content\/uploads\/2023\/07\/Lazru-300x162.jpg 300w, https:\/\/lazru.com\/wp-content\/uploads\/2023\/07\/Lazru-1024x553.jpg 1024w, https:\/\/lazru.com\/wp-content\/uploads\/2023\/07\/Lazru-768x415.jpg 768w, https:\/\/lazru.com\/wp-content\/uploads\/2023\/07\/Lazru-1536x829.jpg 1536w, https:\/\/lazru.com\/wp-content\/uploads\/2023\/07\/Lazru-18x10.jpg 18w, https:\/\/lazru.com\/wp-content\/uploads\/2023\/07\/Lazru-600x324.jpg 600w\" sizes=\"auto, (max-width: 2000px) 100vw, 2000px\" \/><\/a><\/p>\n<p>Forestil dig, at du kan styrke og revitalisere svage \u00f8jenvipper og \u00f8jenbryn med kun \u00e9t produkt. Lazru g\u00f8r det muligt! Vores revolutionerende serum er resultatet af omfattende forskning og udvikling og indeholder en h\u00f8jkoncentreret blanding af 67 naturlige ingredienser, der kan hj\u00e6lpe med at n\u00e6re, styrke og fremme v\u00e6ksten af dine vipper og \u00f8jenbryn.<\/p>\n<p>En af de ting, der g\u00f8r Lazru til noget s\u00e6rligt, er, at vi bevidst undg\u00e5r hormonet prostaglandin og relaterede prostaglandinderivater. Nogle produkter p\u00e5 markedet indeholder disse stoffer, som kan stimulere h\u00e5rv\u00e6kst, men de er ogs\u00e5 forbundet med en r\u00e6kke potentielle bivirkninger, herunder r\u00f8dme, irritation og misfarvning af huden. De er derfor ikke egnede til alle, is\u00e6r ikke dem med f\u00f8lsom hud eller et svagt immunsystem, samt gravide og ammende kvinder. Lazru er derimod 100% hormonfri, hvilket betyder, at den ikke udg\u00f8r disse risici.<\/p>\n<p>Med Lazru drager du fordel af videnskabens og naturens kraft. Vores serum er rigt p\u00e5 planteekstrakter, naturlige olier, vitaminer og aminosyrer og bruger innovative fremstillingsmetoder som fermentering og liposomal teknologi for at sikre, at de aktive ingredienser leveres specifikt til h\u00e5rr\u00f8dderne.<\/p>\n<p>Lazru er ogs\u00e5 100% fri for formaldehyd, phthalater, sulfater, parabener, silikoner og mineralske olier og er designet til at v\u00e6re sikker og venlig mod huden.<\/p>\n<p>S\u00e5 hvorfor leve med svage, tynde vipper og \u00f8jenbryn, n\u00e5r du kan styrke og revitalisere dem med Lazru? Pr\u00f8v vores serum, og se selv, hvordan det frig\u00f8r det naturlige potentiale i dine vipper og \u00f8jenbryn!<\/p>\n<h2>F\u00f8r\/Efter:<\/h2>\n<p>Send venligst dine fotos til support@lazru.com<\/p>\n<p><img loading=\"lazy\" decoding=\"async\" class=\"alignnone size-medium wp-image-54\" src=\"https:\/\/lazru.com\/wp-content\/uploads\/2021\/09\/Lazru-06-300x290.jpg\" alt=\"\" width=\"300\" height=\"290\" srcset=\"https:\/\/lazru.com\/wp-content\/uploads\/2021\/09\/Lazru-06-300x290.jpg 300w, https:\/\/lazru.com\/wp-content\/uploads\/2021\/09\/Lazru-06-600x580.jpg 600w, https:\/\/lazru.com\/wp-content\/uploads\/2021\/09\/Lazru-06.jpg 696w\" sizes=\"auto, (max-width: 300px) 100vw, 300px\" \/><\/p>\n<p><img loading=\"lazy\" decoding=\"async\" class=\"size-medium wp-image-79\" src=\"https:\/\/lazru.com\/wp-content\/uploads\/2021\/09\/Lazru-05-300x290.jpg\" alt=\"Lazru-erfaring\" width=\"300\" height=\"290\" srcset=\"https:\/\/lazru.com\/wp-content\/uploads\/2021\/09\/Lazru-05-300x290.jpg 300w, https:\/\/lazru.com\/wp-content\/uploads\/2021\/09\/Lazru-05-600x580.jpg 600w, https:\/\/lazru.com\/wp-content\/uploads\/2021\/09\/Lazru-05.jpg 696w\" sizes=\"auto, (max-width: 300px) 100vw, 300px\" \/><\/p>\n<p><img loading=\"lazy\" decoding=\"async\" class=\"size-medium wp-image-77\" src=\"https:\/\/lazru.com\/wp-content\/uploads\/2021\/09\/Lazru-07-1-300x290.jpg\" alt=\"Lazru-oplevelser\" width=\"300\" height=\"290\" srcset=\"https:\/\/lazru.com\/wp-content\/uploads\/2021\/09\/Lazru-07-1-300x290.jpg 300w, https:\/\/lazru.com\/wp-content\/uploads\/2021\/09\/Lazru-07-1-600x580.jpg 600w, https:\/\/lazru.com\/wp-content\/uploads\/2021\/09\/Lazru-07-1.jpg 696w\" sizes=\"auto, (max-width: 300px) 100vw, 300px\" \/><\/p>","protected":false},"excerpt":{"rendered":"<p class=\"p1\"><span class=\"s1\">\u00f8jenvippeserum &amp; \u00f8jenbrynsserum<br \/>\n<span style=\"color: #5bc98b\"><strong>Nyt: Liposomal formulering!<\/strong><\/span><br \/>\n<\/span><\/p>\n<ul>\n<li>V\u00e6kst af \u00f8jenvipper<\/li>\n<li>V\u00e6kst af \u00f8jenbryn<\/li>\n<li>Uden hormoner<\/li>\n<li>Uden prostaglandiner<\/li>\n<li>Dermatologisk testet<\/li>\n<\/ul>\n<p><img loading=\"lazy\" decoding=\"async\" class=\"alignnone wp-image-48\" src=\"https:\/\/lazru.com\/wp-content\/uploads\/2021\/09\/Lo-2.jpg\" alt=\"\" width=\"283\" height=\"25\" srcset=\"https:\/\/lazru.com\/wp-content\/uploads\/2021\/09\/Lo-2.jpg 941w, https:\/\/lazru.com\/wp-content\/uploads\/2021\/09\/Lo-2-600x53.jpg 600w, https:\/\/lazru.com\/wp-content\/uploads\/2021\/09\/Lo-2-300x26.jpg 300w, https:\/\/lazru.com\/wp-content\/uploads\/2021\/09\/Lo-2-768x68.jpg 768w\" sizes=\"auto, (max-width: 283px) 100vw, 283px\" \/><\/p>\n<p><a href=\"https:\/\/lazru.com\/wp-content\/uploads\/2022\/06\/Lazru-EN.jpg\"><img loading=\"lazy\" decoding=\"async\" class=\"wp-image-2445\" src=\"https:\/\/lazru.com\/wp-content\/uploads\/2022\/06\/Lazru-EN.jpg\" alt=\"Lazru-test\" width=\"170\" height=\"106\" srcset=\"https:\/\/lazru.com\/wp-content\/uploads\/2022\/06\/Lazru-EN.jpg 407w, https:\/\/lazru.com\/wp-content\/uploads\/2022\/06\/Lazru-EN-300x187.jpg 300w, https:\/\/lazru.com\/wp-content\/uploads\/2022\/06\/Lazru-EN-18x12.jpg 18w\" sizes=\"auto, (max-width: 170px) 100vw, 170px\" \/><\/a><\/p>","protected":false},"author":1,"featured_media":18170,"comment_status":"open","ping_status":"closed","template":"","meta":{"_uag_custom_page_level_css":"","advgb_blocks_editor_width":"","advgb_blocks_columns_visual_guide":"","site-sidebar-layout":"default","site-content-layout":"default","ast-site-content-layout":"default","site-content-style":"default","site-sidebar-style":"default","ast-global-header-display":"","ast-banner-title-visibility":"","ast-main-header-display":"","ast-hfb-above-header-display":"","ast-hfb-below-header-display":"","ast-hfb-mobile-header-display":"","site-post-title":"","ast-breadcrumbs-content":"","ast-featured-img":"","footer-sml-layout":"","ast-disable-related-posts":"","theme-transparent-header-meta":"default","adv-header-id-meta":"","stick-header-meta":"default","header-above-stick-meta":"","header-main-stick-meta":"","header-below-stick-meta":"","astra-migrate-meta-layouts":"set","ast-page-background-enabled":"default","ast-page-background-meta":{"desktop":{"background-color":"","background-image":"","background-repeat":"repeat","background-position":"center center","background-size":"auto","background-attachment":"scroll","background-type":"","background-media":"","overlay-type":"","overlay-color":"","overlay-opacity":"","overlay-gradient":""},"tablet":{"background-color":"","background-image":"","background-repeat":"repeat","background-position":"center center","background-size":"auto","background-attachment":"scroll","background-type":"","background-media":"","overlay-type":"","overlay-color":"","overlay-opacity":"","overlay-gradient":""},"mobile":{"background-color":"","background-image":"","background-repeat":"repeat","background-position":"center center","background-size":"auto","background-attachment":"scroll","background-type":"","background-media":"","overlay-type":"","overlay-color":"","overlay-opacity":"","overlay-gradient":""}},"ast-content-background-meta":{"desktop":{"background-color":"var(--ast-global-color-5)","background-image":"","background-repeat":"repeat","background-position":"center center","background-size":"auto","background-attachment":"scroll","background-type":"","background-media":"","overlay-type":"","overlay-color":"","overlay-opacity":"","overlay-gradient":""},"tablet":{"background-color":"var(--ast-global-color-5)","background-image":"","background-repeat":"repeat","background-position":"center center","background-size":"auto","background-attachment":"scroll","background-type":"","background-media":"","overlay-type":"","overlay-color":"","overlay-opacity":"","overlay-gradient":""},"mobile":{"background-color":"var(--ast-global-color-5)","background-image":"","background-repeat":"repeat","background-position":"center center","background-size":"auto","background-attachment":"scroll","background-type":"","background-media":"","overlay-type":"","overlay-color":"","overlay-opacity":"","overlay-gradient":""}}},"product_brand":[],"product_cat":[201],"product_tag":[179],"class_list":{"0":"post-1341","1":"product","2":"type-product","3":"status-publish","4":"has-post-thumbnail","6":"product_cat-cosmetic","7":"product_tag-lazru2er","8":"desktop-align-left","9":"tablet-align-left","10":"mobile-align-left","11":"ast-product-gallery-layout-horizontal","12":"ast-product-gallery-with-no-image","13":"ast-magnify-disabled","14":"ast-product-tabs-layout-horizontal","15":"ast-qv-on-image","17":"first","18":"instock","19":"sale","20":"taxable","21":"shipping-taxable","22":"purchasable","23":"product-type-simple"},"yoast_head":"<!-- This site is optimized with the Yoast SEO Premium plugin v23.4 (Yoast SEO v26.6) - https:\/\/yoast.com\/wordpress\/plugins\/seo\/ -->\n<title>Lazru 2er Pack - LAZRU<\/title>\n<meta name=\"robots\" content=\"index, follow, max-snippet:-1, max-image-preview:large, max-video-preview:-1\" \/>\n<link rel=\"canonical\" href=\"https:\/\/lazru.com\/da\/vare\/lazru-2\/\" \/>\n<meta property=\"og:locale\" content=\"da_DK\" \/>\n<meta property=\"og:type\" content=\"article\" \/>\n<meta property=\"og:title\" content=\"Lazru 2er Pack\" \/>\n<meta property=\"og:description\" content=\"Wimpernserum &amp; Augenbrauenserum Neu: Liposomale Formulierung!     Wimpernwachstum  Augenbrauenwachstum  Ohne Hormone  Ohne Prostaglandine  Dermatologisch getestet\" \/>\n<meta property=\"og:url\" content=\"https:\/\/lazru.com\/da\/vare\/lazru-2\/\" \/>\n<meta property=\"og:site_name\" content=\"LAZRU\" \/>\n<meta property=\"article:modified_time\" content=\"2025-12-31T15:11:06+00:00\" \/>\n<meta property=\"og:image\" content=\"https:\/\/lazru.com\/wp-content\/uploads\/2023\/07\/Lazru-2.jpg\" \/>\n\t<meta property=\"og:image:width\" content=\"1000\" \/>\n\t<meta property=\"og:image:height\" content=\"1000\" \/>\n\t<meta property=\"og:image:type\" content=\"image\/jpeg\" \/>\n<meta name=\"twitter:card\" content=\"summary_large_image\" \/>\n<meta name=\"twitter:label1\" content=\"Estimeret l\u00e6setid\" \/>\n\t<meta name=\"twitter:data1\" content=\"3 minutter\" \/>\n<script type=\"application\/ld+json\" class=\"yoast-schema-graph\">{\"@context\":\"https:\/\/schema.org\",\"@graph\":[{\"@type\":\"WebPage\",\"@id\":\"https:\/\/lazru.com\/produkt\/lazru-2\/\",\"url\":\"https:\/\/lazru.com\/produkt\/lazru-2\/\",\"name\":\"Lazru 2er Pack - LAZRU\",\"isPartOf\":{\"@id\":\"https:\/\/lazru.com\/es\/#website\"},\"primaryImageOfPage\":{\"@id\":\"https:\/\/lazru.com\/produkt\/lazru-2\/#primaryimage\"},\"image\":{\"@id\":\"https:\/\/lazru.com\/produkt\/lazru-2\/#primaryimage\"},\"thumbnailUrl\":\"https:\/\/lazru.com\/wp-content\/uploads\/2023\/07\/Lazru-2.jpg\",\"datePublished\":\"2022-04-06T08:49:33+00:00\",\"dateModified\":\"2025-12-31T15:11:06+00:00\",\"breadcrumb\":{\"@id\":\"https:\/\/lazru.com\/produkt\/lazru-2\/#breadcrumb\"},\"inLanguage\":\"da-DK\",\"potentialAction\":[{\"@type\":\"ReadAction\",\"target\":[\"https:\/\/lazru.com\/produkt\/lazru-2\/\"]}]},{\"@type\":\"ImageObject\",\"inLanguage\":\"da-DK\",\"@id\":\"https:\/\/lazru.com\/produkt\/lazru-2\/#primaryimage\",\"url\":\"https:\/\/lazru.com\/wp-content\/uploads\/2023\/07\/Lazru-2.jpg\",\"contentUrl\":\"https:\/\/lazru.com\/wp-content\/uploads\/2023\/07\/Lazru-2.jpg\",\"width\":1000,\"height\":1000,\"caption\":\"Wimpernserum\"},{\"@type\":\"BreadcrumbList\",\"@id\":\"https:\/\/lazru.com\/produkt\/lazru-2\/#breadcrumb\",\"itemListElement\":[{\"@type\":\"ListItem\",\"position\":1,\"name\":\"LAZRU\",\"item\":\"https:\/\/lazru.com\/\"},{\"@type\":\"ListItem\",\"position\":2,\"name\":\"Shop\",\"item\":\"https:\/\/lazru.com\/es\/shop\/\"},{\"@type\":\"ListItem\",\"position\":3,\"name\":\"Lazru 2er Pack\"}]},{\"@type\":\"WebSite\",\"@id\":\"https:\/\/lazru.com\/es\/#website\",\"url\":\"https:\/\/lazru.com\/es\/\",\"name\":\"LAZRU\",\"description\":\"Wimpernserum &amp; Augenbrauenserum\",\"publisher\":{\"@id\":\"https:\/\/lazru.com\/es\/#organization\"},\"potentialAction\":[{\"@type\":\"SearchAction\",\"target\":{\"@type\":\"EntryPoint\",\"urlTemplate\":\"https:\/\/lazru.com\/es\/?s={search_term_string}\"},\"query-input\":{\"@type\":\"PropertyValueSpecification\",\"valueRequired\":true,\"valueName\":\"search_term_string\"}}],\"inLanguage\":\"da-DK\"},{\"@type\":\"Organization\",\"@id\":\"https:\/\/lazru.com\/es\/#organization\",\"name\":\"LAZRU\",\"url\":\"https:\/\/lazru.com\/es\/\",\"logo\":{\"@type\":\"ImageObject\",\"inLanguage\":\"da-DK\",\"@id\":\"https:\/\/lazru.com\/es\/#\/schema\/logo\/image\/\",\"url\":\"https:\/\/lazru.com\/wp-content\/uploads\/2021\/09\/cropped-lazru-wimpernserum-logo.png\",\"contentUrl\":\"https:\/\/lazru.com\/wp-content\/uploads\/2021\/09\/cropped-lazru-wimpernserum-logo.png\",\"width\":211,\"height\":97,\"caption\":\"LAZRU\"},\"image\":{\"@id\":\"https:\/\/lazru.com\/es\/#\/schema\/logo\/image\/\"},\"sameAs\":[\"https:\/\/www.instagram.com\/lazru_official\/\"]}]}<\/script>\n<!-- \/ Yoast SEO Premium plugin. -->","yoast_head_json":{"title":"Lazru 2-pack - LAZRU","robots":{"index":"index","follow":"follow","max-snippet":"max-snippet:-1","max-image-preview":"max-image-preview:large","max-video-preview":"max-video-preview:-1"},"canonical":"https:\/\/lazru.com\/da\/vare\/lazru-2\/","og_locale":"da_DK","og_type":"article","og_title":"Lazru 2er Pack","og_description":"Wimpernserum &amp; Augenbrauenserum Neu: Liposomale Formulierung!     Wimpernwachstum  Augenbrauenwachstum  Ohne Hormone  Ohne Prostaglandine  Dermatologisch getestet","og_url":"https:\/\/lazru.com\/da\/vare\/lazru-2\/","og_site_name":"LAZRU","article_modified_time":"2025-12-31T15:11:06+00:00","og_image":[{"width":1000,"height":1000,"url":"https:\/\/lazru.com\/wp-content\/uploads\/2023\/07\/Lazru-2.jpg","type":"image\/jpeg"}],"twitter_card":"summary_large_image","twitter_misc":{"Estimeret l\u00e6setid":"3 minutter"},"schema":{"@context":"https:\/\/schema.org","@graph":[{"@type":"WebPage","@id":"https:\/\/lazru.com\/produkt\/lazru-2\/","url":"https:\/\/lazru.com\/produkt\/lazru-2\/","name":"Lazru 2-pack - LAZRU","isPartOf":{"@id":"https:\/\/lazru.com\/es\/#website"},"primaryImageOfPage":{"@id":"https:\/\/lazru.com\/produkt\/lazru-2\/#primaryimage"},"image":{"@id":"https:\/\/lazru.com\/produkt\/lazru-2\/#primaryimage"},"thumbnailUrl":"https:\/\/lazru.com\/wp-content\/uploads\/2023\/07\/Lazru-2.jpg","datePublished":"2022-04-06T08:49:33+00:00","dateModified":"2025-12-31T15:11:06+00:00","breadcrumb":{"@id":"https:\/\/lazru.com\/produkt\/lazru-2\/#breadcrumb"},"inLanguage":"da-DK","potentialAction":[{"@type":"ReadAction","target":["https:\/\/lazru.com\/produkt\/lazru-2\/"]}]},{"@type":"ImageObject","inLanguage":"da-DK","@id":"https:\/\/lazru.com\/produkt\/lazru-2\/#primaryimage","url":"https:\/\/lazru.com\/wp-content\/uploads\/2023\/07\/Lazru-2.jpg","contentUrl":"https:\/\/lazru.com\/wp-content\/uploads\/2023\/07\/Lazru-2.jpg","width":1000,"height":1000,"caption":"Wimpernserum"},{"@type":"BreadcrumbList","@id":"https:\/\/lazru.com\/produkt\/lazru-2\/#breadcrumb","itemListElement":[{"@type":"ListItem","position":1,"name":"LAZRU","item":"https:\/\/lazru.com\/"},{"@type":"ListItem","position":2,"name":"Shop","item":"https:\/\/lazru.com\/es\/shop\/"},{"@type":"ListItem","position":3,"name":"Lazru 2er Pack"}]},{"@type":"WebSite","@id":"https:\/\/lazru.com\/es\/#website","url":"https:\/\/lazru.com\/es\/","name":"LAZRU","description":"\u00f8jenvippeserum &amp; \u00f8jenbrynsserum","publisher":{"@id":"https:\/\/lazru.com\/es\/#organization"},"potentialAction":[{"@type":"SearchAction","target":{"@type":"EntryPoint","urlTemplate":"https:\/\/lazru.com\/es\/?s={search_term_string}"},"query-input":{"@type":"PropertyValueSpecification","valueRequired":true,"valueName":"search_term_string"}}],"inLanguage":"da-DK"},{"@type":"Organization","@id":"https:\/\/lazru.com\/es\/#organization","name":"LAZRU","url":"https:\/\/lazru.com\/es\/","logo":{"@type":"ImageObject","inLanguage":"da-DK","@id":"https:\/\/lazru.com\/es\/#\/schema\/logo\/image\/","url":"https:\/\/lazru.com\/wp-content\/uploads\/2021\/09\/cropped-lazru-wimpernserum-logo.png","contentUrl":"https:\/\/lazru.com\/wp-content\/uploads\/2021\/09\/cropped-lazru-wimpernserum-logo.png","width":211,"height":97,"caption":"LAZRU"},"image":{"@id":"https:\/\/lazru.com\/es\/#\/schema\/logo\/image\/"},"sameAs":["https:\/\/www.instagram.com\/lazru_official\/"]}]}},"uagb_featured_image_src":{"full":["https:\/\/lazru.com\/wp-content\/uploads\/2023\/07\/Lazru-2.jpg",1000,1000,false],"thumbnail":["https:\/\/lazru.com\/wp-content\/uploads\/2023\/07\/Lazru-2-150x150.jpg",150,150,true],"medium":["https:\/\/lazru.com\/wp-content\/uploads\/2023\/07\/Lazru-2-300x300.jpg",300,300,true],"medium_large":["https:\/\/lazru.com\/wp-content\/uploads\/2023\/07\/Lazru-2-768x768.jpg",768,768,true],"large":["https:\/\/lazru.com\/wp-content\/uploads\/2023\/07\/Lazru-2.jpg",1000,1000,false],"1536x1536":["https:\/\/lazru.com\/wp-content\/uploads\/2023\/07\/Lazru-2.jpg",1000,1000,false],"2048x2048":["https:\/\/lazru.com\/wp-content\/uploads\/2023\/07\/Lazru-2.jpg",1000,1000,false],"trp-custom-language-flag":["https:\/\/lazru.com\/wp-content\/uploads\/2023\/07\/Lazru-2-12x12.jpg",12,12,true],"woocommerce_thumbnail":["https:\/\/lazru.com\/wp-content\/uploads\/2023\/07\/Lazru-2-300x300.jpg",300,300,true],"woocommerce_single":["https:\/\/lazru.com\/wp-content\/uploads\/2023\/07\/Lazru-2-600x600.jpg",600,600,true],"woocommerce_gallery_thumbnail":["https:\/\/lazru.com\/wp-content\/uploads\/2023\/07\/Lazru-2-100x100.jpg",100,100,true],"crp_thumbnail":["https:\/\/lazru.com\/wp-content\/uploads\/2023\/07\/Lazru-2-150x150.jpg",150,150,true]},"uagb_author_info":{"display_name":"Kerem085","author_link":"https:\/\/lazru.com\/da\/author\/kerem085\/"},"uagb_comment_info":100,"uagb_excerpt":"Wimpernserum &amp; Augenbrauenserum Neu: Liposomale Formulierung! Wimpernwachstum Augenbrauenwachstum Ohne Hormone Ohne Prostaglandine Dermatologisch getestet","featured_img":"https:\/\/lazru.com\/wp-content\/uploads\/2023\/07\/Lazru-2.jpg","coauthors":[],"author_meta":{"author_link":"https:\/\/lazru.com\/da\/author\/kerem085\/","display_name":"Kerem085"},"relative_dates":{"created":"Udgivet 4 \u00e5r siden","modified":"Opdateret 3 m\u00e5neder siden"},"absolute_dates":{"created":"Udgivet 6. april 2022","modified":"Opdateret 31. december 2025"},"absolute_dates_time":{"created":"Udgivet 6. april 2022 8:49","modified":"Opdateret 31. december 2025 16:11"},"featured_img_caption":"Wimpernserum","tax_additional":{"product_brand":{"linked":[],"unlinked":[],"slug":"product_brand","name":"Varem\u00e6rker"},"product_type":{"linked":["<a href=\"https:\/\/lazru.com\/da\/?taxonomy=product_type&#038;term=simple\" class=\"advgb-post-tax-term\">simple<\/a>"],"unlinked":["<span class=\"advgb-post-tax-term\">simple<\/span>"],"slug":"product_type","name":"Varetype"},"product_visibility":{"linked":["<a href=\"https:\/\/lazru.com\/da\/?taxonomy=product_visibility&#038;term=rated-4\" class=\"advgb-post-tax-term\">rated-4<\/a>"],"unlinked":["<span class=\"advgb-post-tax-term\">rated-4<\/span>"],"slug":"product_visibility","name":"Varesynlighed"},"product_cat":{"linked":["<a href=\"https:\/\/lazru.com\/da\/vare-kategori\/cosmetic\/\" class=\"advgb-post-tax-term\">Cosmetic<\/a>"],"unlinked":["<span class=\"advgb-post-tax-term\">Cosmetic<\/span>"],"slug":"product_cat","name":"Varekategorier"},"product_tag":{"linked":["<a href=\"https:\/\/lazru.com\/da\/vare-tag\/lazru2er\/\" class=\"advgb-post-tax-term\">Lazru2er<\/a>"],"unlinked":["<span class=\"advgb-post-tax-term\">Lazru2er<\/span>"],"slug":"product_tag","name":"Varen\u00f8gleord"},"product_shipping_class":{"linked":[],"unlinked":[],"slug":"product_shipping_class","name":"Vareforsendelsesklasser"},"pa_brand":{"linked":[],"unlinked":[],"slug":"pa_brand","name":"Vare Marke"}},"series_order":"","_links":{"self":[{"href":"https:\/\/lazru.com\/da\/wp-json\/wp\/v2\/product\/1341","targetHints":{"allow":["GET"]}}],"collection":[{"href":"https:\/\/lazru.com\/da\/wp-json\/wp\/v2\/product"}],"about":[{"href":"https:\/\/lazru.com\/da\/wp-json\/wp\/v2\/types\/product"}],"replies":[{"embeddable":true,"href":"https:\/\/lazru.com\/da\/wp-json\/wp\/v2\/comments?post=1341"}],"wp:featuredmedia":[{"embeddable":true,"href":"https:\/\/lazru.com\/da\/wp-json\/wp\/v2\/media\/18170"}],"wp:attachment":[{"href":"https:\/\/lazru.com\/da\/wp-json\/wp\/v2\/media?parent=1341"}],"wp:term":[{"taxonomy":"product_brand","embeddable":true,"href":"https:\/\/lazru.com\/da\/wp-json\/wp\/v2\/product_brand?post=1341"},{"taxonomy":"product_cat","embeddable":true,"href":"https:\/\/lazru.com\/da\/wp-json\/wp\/v2\/product_cat?post=1341"},{"taxonomy":"product_tag","embeddable":true,"href":"https:\/\/lazru.com\/da\/wp-json\/wp\/v2\/product_tag?post=1341"}],"curies":[{"name":"wp","href":"https:\/\/api.w.org\/{rel}","templated":true}]}}