{"id":33,"date":"2021-09-14T13:12:11","date_gmt":"2021-09-14T13:12:11","guid":{"rendered":"https:\/\/lazru.com\/versandarten"},"modified":"2024-04-23T11:08:40","modified_gmt":"2024-04-23T09:08:40","slug":"versandarten","status":"publish","type":"page","link":"https:\/\/lazru.com\/da\/forsendelsesmetoder\/","title":{"rendered":"Forsendelsesmetoder"},"content":{"rendered":"<p><strong>VERSANDBEDINGUNGEN<\/strong><\/p>\n\n\n\n<p>Varerne leveres i hele Europa s\u00e5vel som uden for Europa.<\/p>\n\n\n\n<p>Vi sender CO2-neutralt med DHL GOGREEN.<\/p>\n\n\n\n<figure class=\"wp-block-image size-large is-resized\"><img decoding=\"async\" src=\"https:\/\/laduti.de\/wp-content\/uploads\/2021\/07\/dhl_gogreen.png\" alt=\"\" class=\"wp-image-69115\" style=\"width:124px;height:69px\" \/><\/figure>\n\n\n\n<p><\/p>\n\n\n\n<p><strong>FRAGTOMKOSTNINGER<\/strong>\u00a0(inklusive lovpligtig merv\u00e6rdiafgift)<\/p>\n\n\n\n<p><strong>Leveringer inden for EU: <\/strong><\/p>\n\n\n\n<p>5 \u20ac<\/p>\n\n\n\n<p><strong>Leveringer uden for EU:<\/strong> <\/p>\n\n\n\n<p>Kunden skal selv betale told og importafgift afh\u00e6ngigt af varens v\u00e6rdi.<\/p>\n\n\n\n<p><strong>Non-EU<\/strong>:<\/p>\n\n\n\n<p>Schweiz: 6 CHF<\/p>\n\n\n\n<p>United Kingdom: 5 GBP<\/p>\n\n\n\n<p><br><strong>LEVERINGSFRISTER<\/strong><\/p>\n\n\n\n<p>S\u00e5fremt der ikke er angivet en anden periode i det respektive tilbud, vil leveringen af varerne finde sted inden for 2-3 dage i Tyskland (Tyskland), for leveringer til udlandet inden for 3-5 dage efter indg\u00e5else af kontrakten (i tilf\u00e6lde af aftalt forudbetaling, efter tidspunktet for din betalingsinstruks).<br>Bem\u00e6rk venligst, at der ikke er levering p\u00e5 s\u00f8n- og helligdage.<br>Hvis du har bestilt varer med forskellige leveringstider, sender vi varerne i \u00e9n forsendelse, medmindre vi har aftalt andet med dig. I dette tilf\u00e6lde bestemmes leveringstiden af den vare, du har bestilt med den l\u00e6ngste leveringstid.<\/p>","protected":false},"excerpt":{"rendered":"<p>VERSANDBEDINGUNGEN Die Lieferung der Ware erfolgt europaweit als auch ausserhalb Europas. Wir versenden&nbsp;CO2-neutral mit DHL GOGREEN. VERSANDKOSTEN\u00a0(inklusive gesetzliche Mehrwertsteuer) Lieferungen innerhalb EU: 5 \u20ac Lieferungen ausserhalb EU: Der Kunde hat die Zollgeb\u00fchren &amp; Einfuhrsteuer selbst zu tragen, abh\u00e4ngig vom Warenwert. Non-EU: Schweiz: 6 CHF United Kingdom: 5 GBP LIEFERFRISTEN Soweit im jeweiligen Angebot keine andere [&hellip;]<\/p>\n","protected":false},"author":1,"featured_media":0,"parent":0,"menu_order":0,"comment_status":"closed","ping_status":"closed","template":"","meta":{"footnotes":""},"class_list":["post-33","page","type-page","status-publish","hentry"],"blocksy_meta":[],"yoast_head":"<!-- This site is optimized with the Yoast SEO Premium plugin v23.4 (Yoast SEO v27.4) - https:\/\/yoast.com\/product\/yoast-seo-premium-wordpress\/ -->\n<title>Versandarten - LAZRU<\/title>\n<meta name=\"robots\" content=\"noindex, nofollow\" \/>\n<meta property=\"og:locale\" content=\"da_DK\" \/>\n<meta property=\"og:type\" content=\"article\" \/>\n<meta property=\"og:title\" content=\"Versandarten\" \/>\n<meta property=\"og:description\" content=\"VERSANDBEDINGUNGEN Die Lieferung der Ware erfolgt europaweit als auch ausserhalb Europas. Wir versenden&nbsp;CO2-neutral mit DHL GOGREEN. VERSANDKOSTEN\u00a0(inklusive gesetzliche Mehrwertsteuer) Lieferungen innerhalb EU: 5 \u20ac Lieferungen ausserhalb EU: Der Kunde hat die Zollgeb\u00fchren &amp; Einfuhrsteuer selbst zu tragen, abh\u00e4ngig vom Warenwert. Non-EU: Schweiz: 6 CHF United Kingdom: 5 GBP LIEFERFRISTEN Soweit im jeweiligen Angebot keine andere [&hellip;]\" \/>\n<meta property=\"og:url\" content=\"https:\/\/lazru.com\/da\/forsendelsesmetoder\/\" \/>\n<meta property=\"og:site_name\" content=\"LAZRU\" \/>\n<meta property=\"article:modified_time\" content=\"2024-04-23T09:08:40+00:00\" \/>\n<meta property=\"og:image\" content=\"https:\/\/laduti.de\/wp-content\/uploads\/2021\/07\/dhl_gogreen.png\" \/>\n<meta name=\"twitter:card\" content=\"summary_large_image\" \/>\n<meta name=\"twitter:label1\" content=\"Estimeret l\u00e6setid\" \/>\n\t<meta name=\"twitter:data1\" content=\"1 minut\" \/>\n<script type=\"application\/ld+json\" class=\"yoast-schema-graph\">{\"@context\":\"https:\\\/\\\/schema.org\",\"@graph\":[{\"@type\":\"WebPage\",\"@id\":\"https:\\\/\\\/lazru.com\\\/versandarten\\\/\",\"url\":\"https:\\\/\\\/lazru.com\\\/versandarten\\\/\",\"name\":\"Versandarten - LAZRU\",\"isPartOf\":{\"@id\":\"https:\\\/\\\/lazru.com\\\/es\\\/#website\"},\"primaryImageOfPage\":{\"@id\":\"https:\\\/\\\/lazru.com\\\/versandarten\\\/#primaryimage\"},\"image\":{\"@id\":\"https:\\\/\\\/lazru.com\\\/versandarten\\\/#primaryimage\"},\"thumbnailUrl\":\"https:\\\/\\\/laduti.de\\\/wp-content\\\/uploads\\\/2021\\\/07\\\/dhl_gogreen.png\",\"datePublished\":\"2021-09-14T13:12:11+00:00\",\"dateModified\":\"2024-04-23T09:08:40+00:00\",\"breadcrumb\":{\"@id\":\"https:\\\/\\\/lazru.com\\\/versandarten\\\/#breadcrumb\"},\"inLanguage\":\"da-DK\",\"potentialAction\":[{\"@type\":\"ReadAction\",\"target\":[\"https:\\\/\\\/lazru.com\\\/versandarten\\\/\"]}]},{\"@type\":\"ImageObject\",\"inLanguage\":\"da-DK\",\"@id\":\"https:\\\/\\\/lazru.com\\\/versandarten\\\/#primaryimage\",\"url\":\"https:\\\/\\\/laduti.de\\\/wp-content\\\/uploads\\\/2021\\\/07\\\/dhl_gogreen.png\",\"contentUrl\":\"https:\\\/\\\/laduti.de\\\/wp-content\\\/uploads\\\/2021\\\/07\\\/dhl_gogreen.png\"},{\"@type\":\"BreadcrumbList\",\"@id\":\"https:\\\/\\\/lazru.com\\\/versandarten\\\/#breadcrumb\",\"itemListElement\":[{\"@type\":\"ListItem\",\"position\":1,\"name\":\"LAZRU\",\"item\":\"https:\\\/\\\/lazru.com\\\/\"},{\"@type\":\"ListItem\",\"position\":2,\"name\":\"Versandarten\"}]},{\"@type\":\"WebSite\",\"@id\":\"https:\\\/\\\/lazru.com\\\/es\\\/#website\",\"url\":\"https:\\\/\\\/lazru.com\\\/es\\\/\",\"name\":\"LAZRU\",\"description\":\"Wimpernserum &amp; Augenbrauenserum\",\"publisher\":{\"@id\":\"https:\\\/\\\/lazru.com\\\/es\\\/#organization\"},\"potentialAction\":[{\"@type\":\"SearchAction\",\"target\":{\"@type\":\"EntryPoint\",\"urlTemplate\":\"https:\\\/\\\/lazru.com\\\/es\\\/?s={search_term_string}\"},\"query-input\":{\"@type\":\"PropertyValueSpecification\",\"valueRequired\":true,\"valueName\":\"search_term_string\"}}],\"inLanguage\":\"da-DK\"},{\"@type\":\"Organization\",\"@id\":\"https:\\\/\\\/lazru.com\\\/es\\\/#organization\",\"name\":\"LAZRU\",\"url\":\"https:\\\/\\\/lazru.com\\\/es\\\/\",\"logo\":{\"@type\":\"ImageObject\",\"inLanguage\":\"da-DK\",\"@id\":\"https:\\\/\\\/lazru.com\\\/es\\\/#\\\/schema\\\/logo\\\/image\\\/\",\"url\":\"https:\\\/\\\/lazru.com\\\/wp-content\\\/uploads\\\/2021\\\/09\\\/cropped-lazru-wimpernserum-logo.png\",\"contentUrl\":\"https:\\\/\\\/lazru.com\\\/wp-content\\\/uploads\\\/2021\\\/09\\\/cropped-lazru-wimpernserum-logo.png\",\"width\":211,\"height\":97,\"caption\":\"LAZRU\"},\"image\":{\"@id\":\"https:\\\/\\\/lazru.com\\\/es\\\/#\\\/schema\\\/logo\\\/image\\\/\"},\"sameAs\":[\"https:\\\/\\\/www.instagram.com\\\/lazru_official\\\/\"]}]}<\/script>\n<!-- \/ Yoast SEO Premium plugin. -->","yoast_head_json":{"title":"Forsendelsesmetoder - LAZRU","robots":{"index":"noindex","follow":"nofollow"},"og_locale":"da_DK","og_type":"article","og_title":"Versandarten","og_description":"VERSANDBEDINGUNGEN Die Lieferung der Ware erfolgt europaweit als auch ausserhalb Europas. Wir versenden&nbsp;CO2-neutral mit DHL GOGREEN. VERSANDKOSTEN\u00a0(inklusive gesetzliche Mehrwertsteuer) Lieferungen innerhalb EU: 5 \u20ac Lieferungen ausserhalb EU: Der Kunde hat die Zollgeb\u00fchren &amp; Einfuhrsteuer selbst zu tragen, abh\u00e4ngig vom Warenwert. Non-EU: Schweiz: 6 CHF United Kingdom: 5 GBP LIEFERFRISTEN Soweit im jeweiligen Angebot keine andere [&hellip;]","og_url":"https:\/\/lazru.com\/da\/forsendelsesmetoder\/","og_site_name":"LAZRU","article_modified_time":"2024-04-23T09:08:40+00:00","og_image":[{"url":"https:\/\/laduti.de\/wp-content\/uploads\/2021\/07\/dhl_gogreen.png","type":"","width":"","height":""}],"twitter_card":"summary_large_image","twitter_misc":{"Estimeret l\u00e6setid":"1 minut"},"schema":{"@context":"https:\/\/schema.org","@graph":[{"@type":"WebPage","@id":"https:\/\/lazru.com\/versandarten\/","url":"https:\/\/lazru.com\/versandarten\/","name":"Forsendelsesmetoder - LAZRU","isPartOf":{"@id":"https:\/\/lazru.com\/es\/#website"},"primaryImageOfPage":{"@id":"https:\/\/lazru.com\/versandarten\/#primaryimage"},"image":{"@id":"https:\/\/lazru.com\/versandarten\/#primaryimage"},"thumbnailUrl":"https:\/\/laduti.de\/wp-content\/uploads\/2021\/07\/dhl_gogreen.png","datePublished":"2021-09-14T13:12:11+00:00","dateModified":"2024-04-23T09:08:40+00:00","breadcrumb":{"@id":"https:\/\/lazru.com\/versandarten\/#breadcrumb"},"inLanguage":"da-DK","potentialAction":[{"@type":"ReadAction","target":["https:\/\/lazru.com\/versandarten\/"]}]},{"@type":"ImageObject","inLanguage":"da-DK","@id":"https:\/\/lazru.com\/versandarten\/#primaryimage","url":"https:\/\/laduti.de\/wp-content\/uploads\/2021\/07\/dhl_gogreen.png","contentUrl":"https:\/\/laduti.de\/wp-content\/uploads\/2021\/07\/dhl_gogreen.png"},{"@type":"BreadcrumbList","@id":"https:\/\/lazru.com\/versandarten\/#breadcrumb","itemListElement":[{"@type":"ListItem","position":1,"name":"LAZRU","item":"https:\/\/lazru.com\/"},{"@type":"ListItem","position":2,"name":"Versandarten"}]},{"@type":"WebSite","@id":"https:\/\/lazru.com\/es\/#website","url":"https:\/\/lazru.com\/es\/","name":"LAZRU","description":"\u00f8jenvippeserum &amp; \u00f8jenbrynsserum","publisher":{"@id":"https:\/\/lazru.com\/es\/#organization"},"potentialAction":[{"@type":"SearchAction","target":{"@type":"EntryPoint","urlTemplate":"https:\/\/lazru.com\/es\/?s={search_term_string}"},"query-input":{"@type":"PropertyValueSpecification","valueRequired":true,"valueName":"search_term_string"}}],"inLanguage":"da-DK"},{"@type":"Organization","@id":"https:\/\/lazru.com\/es\/#organization","name":"LAZRU","url":"https:\/\/lazru.com\/es\/","logo":{"@type":"ImageObject","inLanguage":"da-DK","@id":"https:\/\/lazru.com\/es\/#\/schema\/logo\/image\/","url":"https:\/\/lazru.com\/wp-content\/uploads\/2021\/09\/cropped-lazru-wimpernserum-logo.png","contentUrl":"https:\/\/lazru.com\/wp-content\/uploads\/2021\/09\/cropped-lazru-wimpernserum-logo.png","width":211,"height":97,"caption":"LAZRU"},"image":{"@id":"https:\/\/lazru.com\/es\/#\/schema\/logo\/image\/"},"sameAs":["https:\/\/www.instagram.com\/lazru_official\/"]}]}},"_links":{"self":[{"href":"https:\/\/lazru.com\/da\/wp-json\/wp\/v2\/pages\/33","targetHints":{"allow":["GET"]}}],"collection":[{"href":"https:\/\/lazru.com\/da\/wp-json\/wp\/v2\/pages"}],"about":[{"href":"https:\/\/lazru.com\/da\/wp-json\/wp\/v2\/types\/page"}],"author":[{"embeddable":true,"href":"https:\/\/lazru.com\/da\/wp-json\/wp\/v2\/users\/1"}],"replies":[{"embeddable":true,"href":"https:\/\/lazru.com\/da\/wp-json\/wp\/v2\/comments?post=33"}],"version-history":[{"count":8,"href":"https:\/\/lazru.com\/da\/wp-json\/wp\/v2\/pages\/33\/revisions"}],"predecessor-version":[{"id":28028,"href":"https:\/\/lazru.com\/da\/wp-json\/wp\/v2\/pages\/33\/revisions\/28028"}],"wp:attachment":[{"href":"https:\/\/lazru.com\/da\/wp-json\/wp\/v2\/media?parent=33"}],"curies":[{"name":"wp","href":"https:\/\/api.w.org\/{rel}","templated":true}]}}