{"id":32,"date":"2021-09-14T13:12:11","date_gmt":"2021-09-14T13:12:11","guid":{"rendered":"https:\/\/lazru.com\/widerrufsbelehrung"},"modified":"2023-12-07T14:48:40","modified_gmt":"2023-12-07T13:48:40","slug":"widerrufsrecht","status":"publish","type":"page","link":"https:\/\/lazru.com\/da\/ret-til-tilbagekaldelse\/","title":{"rendered":"Fortrydelsesret"},"content":{"rendered":"<p><strong>Fortrydelsesret for forbrugere<\/strong><\/p>\n\n\n\n<p>En forbruger er enhver fysisk person, der indg\u00e5r en retlig transaktion til form\u00e5l, som overvejende hverken er erhvervsm\u00e6ssigt eller selvst\u00e6ndigt erhvervsdrivende.<\/p>\n\n\n\n<p><strong>Afbestillingsregler Lazru<\/strong><\/p>\n\n\n\n<p><strong>Fortrydelsesret<\/strong><\/p>\n\n\n\n<p>Du har ret til at annullere denne kontrakt inden for fjorten dage. <strong>Fortrydelsesretten er udelukket for brugte hygiejneartikler.<\/strong> Fortrydelsesfristen er fjorten dage fra den dag, hvor du eller en af dig udpeget tredjemand, som ikke er transport\u00f8ren, har f\u00e5et eller f\u00e5r varerne i h\u00e6nde, forudsat at du har bestilt en eller flere varer som en del af en enkelt ordre, og disse er eller vil blive leveret ensartet.<\/p>\n\n\n\n<p>For at ud\u00f8ve din fortrydelsesret skal du informere os om din beslutning om at fortryde denne aftale ved hj\u00e6lp af en klar erkl\u00e6ring (f.eks. et brev sendt med post, fax eller e-mail). Du kan bruge den vedlagte standardfortrydelsesformular til dette form\u00e5l, som dog ikke er obligatorisk.<\/p>\n\n\n\n<p>For at overholde fortrydelsesfristen er det tilstr\u00e6kkeligt, at du sender meddelelsen om ud\u00f8velsen af fortrydelsesretten inden udl\u00f8bet af fortrydelsesfristen.<\/p>\n\n\n\n<p>Tilbagekaldelsen skal sendes til<\/p>\n\n\n\n<figure class=\"wp-block-image size-full is-resized\"><a href=\"https:\/\/lazru.com\/wp-content\/uploads\/2023\/12\/Laz-2.jpg\"><img loading=\"lazy\" decoding=\"async\" width=\"650\" height=\"685\" src=\"https:\/\/lazru.com\/wp-content\/uploads\/2023\/12\/Laz-2.jpg\" alt=\"\" class=\"wp-image-22583\" style=\"width:226px;height:auto\" srcset=\"https:\/\/lazru.com\/wp-content\/uploads\/2023\/12\/Laz-2.jpg 650w, https:\/\/lazru.com\/wp-content\/uploads\/2023\/12\/Laz-2-285x300.jpg 285w, https:\/\/lazru.com\/wp-content\/uploads\/2023\/12\/Laz-2-11x12.jpg 11w, https:\/\/lazru.com\/wp-content\/uploads\/2023\/12\/Laz-2-600x632.jpg 600w\" sizes=\"auto, (max-width: 650px) 100vw, 650px\" \/><\/a><\/figure>\n\n\n\n<p><\/p>\n\n\n\n<p><strong>Leveringsadresse nedenfor.<\/strong><\/p>\n\n\n\n<p><strong>Konsekvenser af tilbagekaldelse<\/strong><\/p>\n\n\n\n<p>Hvis du fortryder denne aftale, skal vi tilbagebetale dig alle betalinger, som vi har modtaget fra dig, herunder leveringsomkostningerne (med undtagelse af de ekstra omkostninger, der skyldes, at du har valgt en anden leveringsform end den billigste standardlevering, som vi tilbyder), uden forsinkelse og senest 14 dage efter den dag, hvor vi modtog meddelelsen om din fortrydelse af denne aftale. Til denne tilbagebetaling vil vi bruge samme betalingsmiddel, som du brugte til den oprindelige transaktion, medmindre andet udtrykkeligt er aftalt med dig; du vil under ingen omst\u00e6ndigheder blive opkr\u00e6vet gebyr for denne tilbagebetaling.<\/p>\n\n\n\n<p>Vi kan n\u00e6gte tilbagebetaling, indtil vi har modtaget varerne tilbage, eller indtil du har fremlagt bevis for, at du har returneret varerne, alt efter hvad der kommer f\u00f8rst.<\/p>\n\n\n\n<p><strong>Returnerer<\/strong><\/p>\n\n\n\n<p>Du skal returnere eller aflevere varerne til os straks og under alle omst\u00e6ndigheder senest 14 dage efter den dag, hvor du underretter os om oph\u00e6velsen af denne kontrakt. Fristen er overholdt, hvis du sender varen inden udl\u00f8bet af fristen p\u00e5 14 dage.<\/p>\n\n\n\n<p>Du skal b\u00e6re de direkte omkostninger ved returnering af varerne.<\/p>\n\n\n\n<p>Du skal kun betale for et eventuelt v\u00e6rditab p\u00e5 varerne, hvis dette v\u00e6rditab skyldes h\u00e5ndtering af varerne, som ikke er n\u00f8dvendig for at afpr\u00f8ve varernes kvalitet, egenskaber og funktion.<\/p>\n\n\n\n<p><strong>\u00c5rsager til udelukkelse eller udl\u00f8b<\/strong><\/p>\n\n\n\n<p><strong>Udelukkelse af fortrydelsesretten<\/strong>:<\/p>\n\n\n\n<p>Ingen fortrydelsesret for varer, der er letford\u00e6rvelige, eller hvis udl\u00f8bsdato hurtigt ville blive overskredet. For tidlig udl\u00f8b ved levering af forseglede varer, som ikke er egnet til returnering af hensyn til sundhedsbeskyttelse eller hygiejne, hvis forseglingen er blevet fjernet efter levering; (1) Der er ingen fortrydelsesret for Lazru i henhold til \u00a7 312g, stk. 2, nr. 2, i BGB, hvis forseglingen er blevet fjernet fra emballagen. Dette skyldes, at Lazru er en vare i henhold til \u00a7 312g stk. 2 nr. 2 BGB, som hurtigt ville blive \u00f8delagt, efter at forseglingen er blevet brudt, eller hvis udl\u00f8bsdato hurtigt ville blive overskredet fra dette tidspunkt (2 m\u00e5neder efter, at Lazru er blevet \u00e5bnet). (2) Fortrydelsesretten eksisterer derfor ikke i henhold til \u00a7 312g stk. 2 nr. 2 BGB, hvis forseglingen af Lazru blev fjernet efter levering, fordi der er risiko for, at det returnerede produkt ville ankomme til forhandleren med en betydeligt kortere holdbarhed.<\/p>\n\n\n\n<p>Fortrydelsesretten er udelukket p\u00e5 denne baggrund, fordi de serummer, der skal returneres med brudt forsegling, ville v\u00e6re vanskelige eller umulige for Lazru at videres\u00e6lge under hensyntagen til returtiden.<\/p>\n\n\n\n<p><strong>Fortrydelsesretten er udelukket for brugte hygiejneartikler<\/strong>.<\/p>\n\n\n\n<hr class=\"wp-block-separator has-css-opacity\"\/>\n\n\n\n<p>Der er fortrydelsesret <strong>ikke<\/strong> for kontrakter<\/p>\n\n\n\n<ul class=\"wp-block-list\">\n<li>til levering af varer, som ikke er pr\u00e6fabrikerede, og for hvis fremstilling forbrugerens individuelle valg eller bestemmelse er afg\u00f8rende, eller som er klart tilpasset forbrugerens personlige behov;<\/li>\n\n\n\n<li>til levering af varer, der hurtigt kan blive \u00f8delagt, eller hvis udl\u00f8bsdato hurtigt vil blive overskredet;<\/li>\n\n\n\n<li>Abonnementskontrakter.<\/li>\n<\/ul>\n\n\n\n<p>&#8212;&#8212;&#8211;<\/p>\n\n\n\n<p><strong>Fortrydelsesretten udl\u00f8ber f\u00f8r tid i tilf\u00e6lde af kontrakter<\/strong><\/p>\n\n\n\n<ul class=\"wp-block-list\">\n<li>for levering af forseglede varer, som af hensyn til sundhedsbeskyttelse eller hygiejne ikke kan returneres, hvis forseglingen er blevet fjernet efter leveringen;<\/li>\n\n\n\n<li>for levering af varer, hvis disse p\u00e5 grund af deres art er blevet uadskilleligt blandet med andre varer efter leveringen;<\/li>\n<\/ul>\n\n\n\n<p>_______<\/p>\n\n\n\n<p><strong>Eksempel p\u00e5 afbestillingsformular<\/strong><\/p>\n\n\n\n<p>Hvis du \u00f8nsker at opsige kontrakten, bedes du udfylde og returnere denne formular.<br><strong>Fortrydelsesretten er udelukket for brugte hygiejneartikler.<\/strong><\/p>\n\n\n\n<p>1. Vende tilbage til:<\/p>\n\n\n\n<p>VDS - Shipping and Data Service <br>c\/o Alaiko GmbH <br>Siemensstra\u00dfe 14<br>D-37412 Herzberg am Harz<br>Germany<br><br>E-mail: info@lazru.com<\/p>\n\n\n\n<p>2. Jeg\/vi oph\u00e6ver hermed den kontrakt, som jeg\/vi har indg\u00e5et om k\u00f8b af f\u00f8lgende varer\/udf\u00f8relse af f\u00f8lgende tjenesteydelser<br>Service (vedl\u00e6g evt. kopi af faktura)<br>L\u00f8benummer: ..........................................<br>M\u00e6ngde\/varebetegnelse: ...........................<br>K\u00f8bspris: ...................................................<br>Allerede brugt? Fortrydelsesretten er udelukket for brugte hygiejneartikler.<\/p>\n\n\n\n<p>3. Bestilt den: ........................<\/p>\n\n\n\n<p>4. \u00c5rsag: .............................................<\/p>\n\n\n\n<p>5. Modtaget p\u00e5: ........................<\/p>\n\n\n\n<p>6. Forbrugerens navn og adresse: ......<br>Kundenummer: ........................................<br>For- og efternavn: .................................<br>Gade: .......................................................<br>Postnummer og by: ..................................................<\/p>\n\n\n\n<p>7. Sted, dato og underskrift kunde:<br>&#8230;&#8230;&#8230;&#8230;&#8230;&#8230;&#8230;&#8230;&#8230;&#8230;&#8230;&#8230;&#8230;&#8230;&#8230;&#8230;&#8230;.<\/p>","protected":false},"excerpt":{"rendered":"<p>Widerrufsrecht f\u00fcr Verbraucher Verbraucher ist jede nat\u00fcrliche Person, die ein Rechtsgesch\u00e4ft zu Zwecken abschlie\u00dft, die \u00fcberwiegend weder ihrer gewerblichen noch ihrer selbstst\u00e4ndigen beruflichen T\u00e4tigkeit zugerechnet werden kann. Widerrufsbelehrung Lazru Widerrufsrecht [&hellip;]<\/p>","protected":false},"author":1,"featured_media":0,"parent":0,"menu_order":0,"comment_status":"closed","ping_status":"closed","template":"","meta":{"_uag_custom_page_level_css":"","advgb_blocks_editor_width":"","advgb_blocks_columns_visual_guide":"","site-sidebar-layout":"default","site-content-layout":"default","ast-site-content-layout":"default","site-content-style":"default","site-sidebar-style":"default","ast-global-header-display":"","ast-banner-title-visibility":"","ast-main-header-display":"","ast-hfb-above-header-display":"","ast-hfb-below-header-display":"","ast-hfb-mobile-header-display":"","site-post-title":"","ast-breadcrumbs-content":"","ast-featured-img":"","footer-sml-layout":"","ast-disable-related-posts":"","theme-transparent-header-meta":"default","adv-header-id-meta":"","stick-header-meta":"default","header-above-stick-meta":"","header-main-stick-meta":"","header-below-stick-meta":"","astra-migrate-meta-layouts":"set","ast-page-background-enabled":"default","ast-page-background-meta":{"desktop":{"background-color":"","background-image":"","background-repeat":"repeat","background-position":"center center","background-size":"auto","background-attachment":"scroll","background-type":"","background-media":"","overlay-type":"","overlay-color":"","overlay-opacity":"","overlay-gradient":""},"tablet":{"background-color":"","background-image":"","background-repeat":"repeat","background-position":"center center","background-size":"auto","background-attachment":"scroll","background-type":"","background-media":"","overlay-type":"","overlay-color":"","overlay-opacity":"","overlay-gradient":""},"mobile":{"background-color":"","background-image":"","background-repeat":"repeat","background-position":"center center","background-size":"auto","background-attachment":"scroll","background-type":"","background-media":"","overlay-type":"","overlay-color":"","overlay-opacity":"","overlay-gradient":""}},"ast-content-background-meta":{"desktop":{"background-color":"var(--ast-global-color-5)","background-image":"","background-repeat":"repeat","background-position":"center center","background-size":"auto","background-attachment":"scroll","background-type":"","background-media":"","overlay-type":"","overlay-color":"","overlay-opacity":"","overlay-gradient":""},"tablet":{"background-color":"var(--ast-global-color-5)","background-image":"","background-repeat":"repeat","background-position":"center center","background-size":"auto","background-attachment":"scroll","background-type":"","background-media":"","overlay-type":"","overlay-color":"","overlay-opacity":"","overlay-gradient":""},"mobile":{"background-color":"var(--ast-global-color-5)","background-image":"","background-repeat":"repeat","background-position":"center center","background-size":"auto","background-attachment":"scroll","background-type":"","background-media":"","overlay-type":"","overlay-color":"","overlay-opacity":"","overlay-gradient":""}},"footnotes":""},"class_list":["post-32","page","type-page","status-publish","hentry"],"featured_image_src":null,"yoast_head":"<!-- This site is optimized with the Yoast SEO Premium plugin v23.4 (Yoast SEO v26.6) - https:\/\/yoast.com\/wordpress\/plugins\/seo\/ -->\n<title>Widerrufsrecht - LAZRU<\/title>\n<meta name=\"robots\" content=\"noindex, nofollow\" \/>\n<meta property=\"og:locale\" content=\"da_DK\" \/>\n<meta property=\"og:type\" content=\"article\" \/>\n<meta property=\"og:title\" content=\"Widerrufsrecht\" \/>\n<meta property=\"og:description\" content=\"Widerrufsrecht f\u00fcr Verbraucher Verbraucher ist jede nat\u00fcrliche Person, die ein Rechtsgesch\u00e4ft zu Zwecken abschlie\u00dft, die \u00fcberwiegend weder ihrer gewerblichen noch ihrer selbstst\u00e4ndigen beruflichen T\u00e4tigkeit zugerechnet werden kann. Widerrufsbelehrung Lazru Widerrufsrecht [&hellip;]\" \/>\n<meta property=\"og:url\" content=\"https:\/\/lazru.com\/da\/ret-til-tilbagekaldelse\/\" \/>\n<meta property=\"og:site_name\" content=\"LAZRU\" \/>\n<meta property=\"article:modified_time\" content=\"2023-12-07T13:48:40+00:00\" \/>\n<meta property=\"og:image\" content=\"https:\/\/lazru.com\/wp-content\/uploads\/2023\/12\/Laz-2.jpg\" \/>\n<meta name=\"twitter:card\" content=\"summary_large_image\" \/>\n<meta name=\"twitter:label1\" content=\"Estimeret l\u00e6setid\" \/>\n\t<meta name=\"twitter:data1\" content=\"5 minutter\" \/>\n<script type=\"application\/ld+json\" class=\"yoast-schema-graph\">{\"@context\":\"https:\/\/schema.org\",\"@graph\":[{\"@type\":\"WebPage\",\"@id\":\"https:\/\/lazru.com\/widerrufsrecht\/\",\"url\":\"https:\/\/lazru.com\/widerrufsrecht\/\",\"name\":\"Widerrufsrecht - LAZRU\",\"isPartOf\":{\"@id\":\"https:\/\/lazru.com\/es\/#website\"},\"primaryImageOfPage\":{\"@id\":\"https:\/\/lazru.com\/widerrufsrecht\/#primaryimage\"},\"image\":{\"@id\":\"https:\/\/lazru.com\/widerrufsrecht\/#primaryimage\"},\"thumbnailUrl\":\"https:\/\/lazru.com\/wp-content\/uploads\/2023\/12\/Laz-2.jpg\",\"datePublished\":\"2021-09-14T13:12:11+00:00\",\"dateModified\":\"2023-12-07T13:48:40+00:00\",\"breadcrumb\":{\"@id\":\"https:\/\/lazru.com\/widerrufsrecht\/#breadcrumb\"},\"inLanguage\":\"da-DK\",\"potentialAction\":[{\"@type\":\"ReadAction\",\"target\":[\"https:\/\/lazru.com\/widerrufsrecht\/\"]}]},{\"@type\":\"ImageObject\",\"inLanguage\":\"da-DK\",\"@id\":\"https:\/\/lazru.com\/widerrufsrecht\/#primaryimage\",\"url\":\"https:\/\/lazru.com\/wp-content\/uploads\/2023\/12\/Laz-2.jpg\",\"contentUrl\":\"https:\/\/lazru.com\/wp-content\/uploads\/2023\/12\/Laz-2.jpg\"},{\"@type\":\"BreadcrumbList\",\"@id\":\"https:\/\/lazru.com\/widerrufsrecht\/#breadcrumb\",\"itemListElement\":[{\"@type\":\"ListItem\",\"position\":1,\"name\":\"LAZRU\",\"item\":\"https:\/\/lazru.com\/\"},{\"@type\":\"ListItem\",\"position\":2,\"name\":\"Widerrufsrecht\"}]},{\"@type\":\"WebSite\",\"@id\":\"https:\/\/lazru.com\/es\/#website\",\"url\":\"https:\/\/lazru.com\/es\/\",\"name\":\"LAZRU\",\"description\":\"Wimpernserum &amp; Augenbrauenserum\",\"publisher\":{\"@id\":\"https:\/\/lazru.com\/es\/#organization\"},\"potentialAction\":[{\"@type\":\"SearchAction\",\"target\":{\"@type\":\"EntryPoint\",\"urlTemplate\":\"https:\/\/lazru.com\/es\/?s={search_term_string}\"},\"query-input\":{\"@type\":\"PropertyValueSpecification\",\"valueRequired\":true,\"valueName\":\"search_term_string\"}}],\"inLanguage\":\"da-DK\"},{\"@type\":\"Organization\",\"@id\":\"https:\/\/lazru.com\/es\/#organization\",\"name\":\"LAZRU\",\"url\":\"https:\/\/lazru.com\/es\/\",\"logo\":{\"@type\":\"ImageObject\",\"inLanguage\":\"da-DK\",\"@id\":\"https:\/\/lazru.com\/es\/#\/schema\/logo\/image\/\",\"url\":\"https:\/\/lazru.com\/wp-content\/uploads\/2021\/09\/cropped-lazru-wimpernserum-logo.png\",\"contentUrl\":\"https:\/\/lazru.com\/wp-content\/uploads\/2021\/09\/cropped-lazru-wimpernserum-logo.png\",\"width\":211,\"height\":97,\"caption\":\"LAZRU\"},\"image\":{\"@id\":\"https:\/\/lazru.com\/es\/#\/schema\/logo\/image\/\"},\"sameAs\":[\"https:\/\/www.instagram.com\/lazru_official\/\"]}]}<\/script>\n<!-- \/ Yoast SEO Premium plugin. -->","yoast_head_json":{"title":"Fortrydelsesret - LAZRU","robots":{"index":"noindex","follow":"nofollow"},"og_locale":"da_DK","og_type":"article","og_title":"Widerrufsrecht","og_description":"Widerrufsrecht f\u00fcr Verbraucher Verbraucher ist jede nat\u00fcrliche Person, die ein Rechtsgesch\u00e4ft zu Zwecken abschlie\u00dft, die \u00fcberwiegend weder ihrer gewerblichen noch ihrer selbstst\u00e4ndigen beruflichen T\u00e4tigkeit zugerechnet werden kann. Widerrufsbelehrung Lazru Widerrufsrecht [&hellip;]","og_url":"https:\/\/lazru.com\/da\/ret-til-tilbagekaldelse\/","og_site_name":"LAZRU","article_modified_time":"2023-12-07T13:48:40+00:00","og_image":[{"url":"https:\/\/lazru.com\/wp-content\/uploads\/2023\/12\/Laz-2.jpg","type":"","width":"","height":""}],"twitter_card":"summary_large_image","twitter_misc":{"Estimeret l\u00e6setid":"5 minutter"},"schema":{"@context":"https:\/\/schema.org","@graph":[{"@type":"WebPage","@id":"https:\/\/lazru.com\/widerrufsrecht\/","url":"https:\/\/lazru.com\/widerrufsrecht\/","name":"Fortrydelsesret - LAZRU","isPartOf":{"@id":"https:\/\/lazru.com\/es\/#website"},"primaryImageOfPage":{"@id":"https:\/\/lazru.com\/widerrufsrecht\/#primaryimage"},"image":{"@id":"https:\/\/lazru.com\/widerrufsrecht\/#primaryimage"},"thumbnailUrl":"https:\/\/lazru.com\/wp-content\/uploads\/2023\/12\/Laz-2.jpg","datePublished":"2021-09-14T13:12:11+00:00","dateModified":"2023-12-07T13:48:40+00:00","breadcrumb":{"@id":"https:\/\/lazru.com\/widerrufsrecht\/#breadcrumb"},"inLanguage":"da-DK","potentialAction":[{"@type":"ReadAction","target":["https:\/\/lazru.com\/widerrufsrecht\/"]}]},{"@type":"ImageObject","inLanguage":"da-DK","@id":"https:\/\/lazru.com\/widerrufsrecht\/#primaryimage","url":"https:\/\/lazru.com\/wp-content\/uploads\/2023\/12\/Laz-2.jpg","contentUrl":"https:\/\/lazru.com\/wp-content\/uploads\/2023\/12\/Laz-2.jpg"},{"@type":"BreadcrumbList","@id":"https:\/\/lazru.com\/widerrufsrecht\/#breadcrumb","itemListElement":[{"@type":"ListItem","position":1,"name":"LAZRU","item":"https:\/\/lazru.com\/"},{"@type":"ListItem","position":2,"name":"Widerrufsrecht"}]},{"@type":"WebSite","@id":"https:\/\/lazru.com\/es\/#website","url":"https:\/\/lazru.com\/es\/","name":"LAZRU","description":"\u00f8jenvippeserum &amp; \u00f8jenbrynsserum","publisher":{"@id":"https:\/\/lazru.com\/es\/#organization"},"potentialAction":[{"@type":"SearchAction","target":{"@type":"EntryPoint","urlTemplate":"https:\/\/lazru.com\/es\/?s={search_term_string}"},"query-input":{"@type":"PropertyValueSpecification","valueRequired":true,"valueName":"search_term_string"}}],"inLanguage":"da-DK"},{"@type":"Organization","@id":"https:\/\/lazru.com\/es\/#organization","name":"LAZRU","url":"https:\/\/lazru.com\/es\/","logo":{"@type":"ImageObject","inLanguage":"da-DK","@id":"https:\/\/lazru.com\/es\/#\/schema\/logo\/image\/","url":"https:\/\/lazru.com\/wp-content\/uploads\/2021\/09\/cropped-lazru-wimpernserum-logo.png","contentUrl":"https:\/\/lazru.com\/wp-content\/uploads\/2021\/09\/cropped-lazru-wimpernserum-logo.png","width":211,"height":97,"caption":"LAZRU"},"image":{"@id":"https:\/\/lazru.com\/es\/#\/schema\/logo\/image\/"},"sameAs":["https:\/\/www.instagram.com\/lazru_official\/"]}]}},"uagb_featured_image_src":{"full":false,"thumbnail":false,"medium":false,"medium_large":false,"large":false,"1536x1536":false,"2048x2048":false,"trp-custom-language-flag":false,"woocommerce_thumbnail":false,"woocommerce_single":false,"woocommerce_gallery_thumbnail":false,"crp_thumbnail":false},"uagb_author_info":{"display_name":"Kerem085","author_link":"https:\/\/lazru.com\/da\/author\/kerem085\/"},"uagb_comment_info":0,"uagb_excerpt":"Widerrufsrecht f\u00fcr Verbraucher Verbraucher ist jede nat\u00fcrliche Person, die ein Rechtsgesch\u00e4ft zu Zwecken abschlie\u00dft, die \u00fcberwiegend weder ihrer gewerblichen noch ihrer selbstst\u00e4ndigen beruflichen T\u00e4tigkeit zugerechnet werden kann. Widerrufsbelehrung Lazru Widerrufsrecht [&hellip;]","coauthors":[],"author_meta":{"author_link":"https:\/\/lazru.com\/da\/author\/kerem085\/","display_name":"Kerem085"},"relative_dates":{"created":"Udgivet 5 \u00e5r siden","modified":"Opdateret 2 \u00e5r siden"},"absolute_dates":{"created":"Udgivet 14. september 2021","modified":"Opdateret 7. december 2023"},"absolute_dates_time":{"created":"Udgivet 14. september 2021 13:12","modified":"Opdateret 7. december 2023 14:48"},"featured_img_caption":"","featured_img":false,"series_order":"","_links":{"self":[{"href":"https:\/\/lazru.com\/da\/wp-json\/wp\/v2\/pages\/32","targetHints":{"allow":["GET"]}}],"collection":[{"href":"https:\/\/lazru.com\/da\/wp-json\/wp\/v2\/pages"}],"about":[{"href":"https:\/\/lazru.com\/da\/wp-json\/wp\/v2\/types\/page"}],"author":[{"embeddable":true,"href":"https:\/\/lazru.com\/da\/wp-json\/wp\/v2\/users\/1"}],"replies":[{"embeddable":true,"href":"https:\/\/lazru.com\/da\/wp-json\/wp\/v2\/comments?post=32"}],"version-history":[{"count":10,"href":"https:\/\/lazru.com\/da\/wp-json\/wp\/v2\/pages\/32\/revisions"}],"predecessor-version":[{"id":22591,"href":"https:\/\/lazru.com\/da\/wp-json\/wp\/v2\/pages\/32\/revisions\/22591"}],"wp:attachment":[{"href":"https:\/\/lazru.com\/da\/wp-json\/wp\/v2\/media?parent=32"}],"curies":[{"name":"wp","href":"https:\/\/api.w.org\/{rel}","templated":true}]}}