{"id":31,"date":"2021-09-14T13:12:11","date_gmt":"2021-09-14T13:12:11","guid":{"rendered":"https:\/\/lazru.com\/agb"},"modified":"2023-06-15T13:42:16","modified_gmt":"2023-06-15T11:42:16","slug":"agb","status":"publish","type":"page","link":"https:\/\/lazru.com\/da\/agb\/","title":{"rendered":"GT&amp;C"},"content":{"rendered":"<p><strong>Generelle vilk\u00e5r og betingelser og kundeinformation<\/strong><\/p>\n\n\n\n<p>I. Generelle vilk\u00e5r og betingelser<\/p>\n\n\n\n<p>\u00a7 1 Grundl\u00e6ggende bestemmelser<\/p>\n\n\n\n<p>(1) F\u00f8lgende vilk\u00e5r og betingelser g\u00e6lder for alle kontrakter, som du indg\u00e5r med os som leverand\u00f8r (Lazru) via hjemmesiden www.lazru.com. Medmindre andet er aftalt, g\u00f8r vi indsigelse mod, at du medtager dine egne vilk\u00e5r og betingelser, som du m\u00e5tte anvende.<\/p>\n\n\n\n<p>(2) En forbruger i henhold til f\u00f8lgende bestemmelser er enhver fysisk person, der indg\u00e5r en retshandel med henblik p\u00e5 form\u00e5l, der overvejende hverken kan henf\u00f8res til hans erhvervsm\u00e6ssige eller selvst\u00e6ndige erhvervsm\u00e6ssige virksomhed. En iv\u00e6rks\u00e6tter er enhver fysisk eller juridisk person eller et retsevneberettiget partnerskab, som ved indg\u00e5else af en retshandel handler som led i ud\u00f8velsen af sin selvst\u00e6ndige erhvervs- eller handelsvirksomhed.<\/p>\n\n\n\n<p>\u00a7 2 Indg\u00e5else af kontrakten<\/p>\n\n\n\n<p>(1) Kontraktens genstand er salg af varer.<\/p>\n\n\n\n<p>(2) Ved at placere det p\u00e5g\u00e6ldende produkt p\u00e5 vores hjemmeside giver vi dig et bindende tilbud om at indg\u00e5 en kontrakt p\u00e5 de betingelser, der er angivet i produktbeskrivelsen.<\/p>\n\n\n\n<p>(3) Kontrakten indg\u00e5s via online indk\u00f8bskurvsystemet p\u00e5 f\u00f8lgende m\u00e5de:<br>De varer, der skal k\u00f8bes, l\u00e6gges i \"indk\u00f8bskurven\". Du kan til enhver tid \u00e5bne \"indk\u00f8bskurven\" via den tilsvarende knap i navigationslinjen og foretage \u00e6ndringer der.<br>N\u00e5r du har \u00e5bnet siden \"Checkout\" og indtastet dine personlige data samt betalings- og forsendelsesbetingelser, vises alle ordredata endelig igen p\u00e5 siden med ordreoversigt.<br>Hvis du bruger et \u00f8jeblikkeligt betalingssystem (f.eks. PayPal \/ PayPal Express \/ PayPal Plus, Amazon Payments, Postpay, Sofort\u00fcberweisung) som betalingsmetode, vil du enten blive f\u00f8rt til siden med ordreoversigt i vores online shop, eller du vil f\u00f8rst blive omdirigeret til hjemmesiden for udbyderen af det \u00f8jeblikkelige betalingssystem.<br>Hvis du bliver omdirigeret til det p\u00e5g\u00e6ldende system for \u00f8jeblikkelig betaling, skal du foretage det tilsvarende valg eller indtaste dine data der. Til sidst vil du blive sendt tilbage til vores online shop til siden med ordreoversigt.<br>Inden du sender din bestilling, har du mulighed for at kontrollere alle oplysninger igen, \u00e6ndre dem (ogs\u00e5 via \"tilbage\"-funktionen i internetbrowseren) eller annullere k\u00f8bet.<br>Ved at sende ordren via \"k\u00f8b nu\"-knappen erkl\u00e6rer du, at du accepterer tilbuddet juridisk bindende, hvorved kontrakten indg\u00e5s.<\/p>\n\n\n\n<p>(4) Dine anmodninger om udarbejdelse af et tilbud er uforpligtende for dig. Vi sender dig et bindende tilbud i tekstform (f.eks. pr. e-mail), som du kan acceptere inden for 5 dage.<\/p>\n\n\n\n<p>(5) Behandlingen af ordren og fremsendelsen af alle oplysninger, der er n\u00f8dvendige i forbindelse med indg\u00e5elsen af kontrakten, sker delvist automatisk pr. e-mail. Du skal derfor sikre dig, at den e-mailadresse, du har oplyst os, er korrekt, at modtagelsen af e-mails er teknisk garanteret, og is\u00e6r at den ikke forhindres af SPAM-filtre.<\/p>\n\n\n\n<p>\u00a7 3 Kontraktens l\u00f8betid \/ opsigelse<\/p>\n\n\n\n<p>Hvis kontrakten vedr\u00f8rer tilbagevendende\/permanente tjenester (abonnement), indg\u00e5s kontrakten p\u00e5 ubestemt tid. Hver part i kontrakten har ret til at opsige kontrakten uden varsel indtil den n\u00e6ste leveringsdato uden begrundelse. Retten til ekstraordin\u00e6r opsigelse af gode grunde, navnlig gentagne overtr\u00e6delser af de vigtigste kontraktlige forpligtelser, forbliver u\u00e6ndret.<\/p>\n\n\n\n<p>Opsigelsen kan foretages p\u00e5 kundekontoen via menupunktet \"Abonnement\" og der via \"Opsigelsesformular\" eller i tekstform (pr. post eller e-mail).<\/p>\n\n\n\n<p>\u00a7 4 Ret til tilbageholdelsesret, ejendomsforbehold<\/p>\n\n\n\n<p>(1) Du kan kun ud\u00f8ve en tilbageholdelsesret, for s\u00e5 vidt som den vedr\u00f8rer krav fra samme kontraktforhold.<\/p>\n\n\n\n<p>(2) Varerne forbliver vores ejendom, indtil k\u00f8bsprisen er betalt fuldt ud.<\/p>\n\n\n\n<p>\u00a7 5 Ansvar<\/p>\n\n\n\n<p>(1) Vi er i hvert enkelt tilf\u00e6lde uden begr\u00e6nsning ansvarlige for skader, der opst\u00e5r som f\u00f8lge af skade p\u00e5 liv, legeme eller helbred. Desuden er vi uden begr\u00e6nsning ansvarlige i alle tilf\u00e6lde af fors\u00e6t og grov uagtsomhed, i tilf\u00e6lde af svigagtig fortielse af en mangel, i tilf\u00e6lde af overtagelse af en garanti for k\u00f8bsgenstandens kvalitet og i alle andre tilf\u00e6lde, der er reguleret ved lov.<\/p>\n\n\n\n<p>(2) Ansvaret for mangler inden for rammerne af den lovbestemte garanti reguleres af den tilsvarende bestemmelse i vores kundeinformation (del II).<\/p>\n\n\n\n<p>(3) I det omfang v\u00e6sentlige kontraktlige forpligtelser p\u00e5virkes, er vores ansvar for let uagtsomhed begr\u00e6nset til den forudsigelige skade, der er typisk for kontrakten. V\u00e6sentlige kontraktlige forpligtelser er v\u00e6sentlige forpligtelser, der f\u00f8lger af kontraktens art, og hvis misligholdelse ville bringe opfyldelsen af kontraktens form\u00e5l i fare, samt forpligtelser, som kontrakten i henhold til sit indhold p\u00e5l\u00e6gger os med henblik p\u00e5 at opfylde kontraktens form\u00e5l, hvis opfyldelse i f\u00f8rste omgang g\u00f8r det muligt at opfylde kontrakten korrekt, og hvis overholdelse du regelm\u00e6ssigt kan stole p\u00e5.<\/p>\n\n\n\n<p>(4) I tilf\u00e6lde af overtr\u00e6delse af immaterielle kontraktlige forpligtelser er ansvar udelukket i tilf\u00e6lde af lettere uagtsomme overtr\u00e6delser af forpligtelser.<\/p>\n\n\n\n<p>(5) Datakommunikation via internettet kan ikke garanteres at v\u00e6re fejlfri og\/eller til enhver tid tilg\u00e6ngelig i henhold til den aktuelle teknologiske udvikling. I denne henseende er vi ikke ansvarlige for, at webstedet og den service, der tilbydes der, er konstant eller uafbrudt tilg\u00e6ngelig.<\/p>\n\n\n\n<p>\u00a7 6 Valg af lovvalg, opfyldelsessted, v\u00e6rneting<\/p>\n\n\n\n<p>(1) Tysk lov finder anvendelse. For forbrugere g\u00e6lder dette lovvalg kun i det omfang, at den beskyttelse, der ydes i henhold til ufravigelige bestemmelser i loven i den stat, hvor forbrugeren har sit s\u00e6dvanlige opholdssted, ikke oph\u00e6ves som f\u00f8lge heraf (favorabilitetsprincippet).<\/p>\n\n\n\n<p>(2) Udf\u00f8relsesstedet for alle ydelser, der opst\u00e5r i forbindelse med de forretningsforbindelser, der er indg\u00e5et med os, samt v\u00e6rnetinget er vores hjemsted, for s\u00e5 vidt du ikke er en forbruger, men en erhvervsdrivende, en offentligretlig juridisk enhed eller en offentligretlig specialfond. Det samme g\u00e6lder, hvis du ikke har et almindeligt v\u00e6rneting i Tyskland eller EU, eller hvis dit bop\u00e6lssted eller s\u00e6dvanlige opholdssted er ukendt p\u00e5 det tidspunkt, hvor sagen anl\u00e6gges. Retten til ogs\u00e5 at anl\u00e6gge sag ved retten p\u00e5 et andet lovbestemt v\u00e6rneting forbliver up\u00e5virket af dette.<\/p>\n\n\n\n<p>(3) Bestemmelserne i FN's konvention om aftaler om internationale k\u00f8b af varer finder udtrykkeligt ikke anvendelse.<\/p>\n\n\n\n<p>_______<\/p>\n\n\n\n<p>II. Kundeoplysninger<\/p>\n\n\n\n<p>1. S\u00e6lgerens identitet<\/p>\n\n\n\n<figure class=\"wp-block-image size-full is-resized\"><a href=\"https:\/\/lazru.com\/wp-content\/uploads\/2023\/06\/Laz.jpg\"><img loading=\"lazy\" decoding=\"async\" src=\"https:\/\/lazru.com\/wp-content\/uploads\/2023\/06\/Laz.jpg\" alt=\"\" class=\"wp-image-16396\" width=\"259\" height=\"272\" srcset=\"https:\/\/lazru.com\/wp-content\/uploads\/2023\/06\/Laz.jpg 650w, https:\/\/lazru.com\/wp-content\/uploads\/2023\/06\/Laz-285x300.jpg 285w, https:\/\/lazru.com\/wp-content\/uploads\/2023\/06\/Laz-11x12.jpg 11w, https:\/\/lazru.com\/wp-content\/uploads\/2023\/06\/Laz-600x632.jpg 600w\" sizes=\"auto, (max-width: 259px) 100vw, 259px\" \/><\/a><\/figure>\n\n\n\n<p><\/p>\n\n\n\n<p>Europa-Kommissionen tilbyder en platform for udenretslig online tvistbil\u00e6ggelse (ODR-platform), som findes p\u00e5&nbsp;<a href=\"http:\/\/ec.europa.eu\/odr\" target=\"_blank\" rel=\"noreferrer noopener\">http:\/\/ec.europa.eu\/odr<\/a>.<\/p>\n\n\n\n<p>2. Oplysninger om indg\u00e5elsen af kontrakten<\/p>\n\n\n\n<p>De tekniske skridt til indg\u00e5else af kontrakten, selve indg\u00e5elsen af kontrakten og korrektionsmulighederne udf\u00f8res i overensstemmelse med \u00a7 2 i vores generelle betingelser (del I.).<\/p>\n\n\n\n<p>3. Kontraktsprog, lagring af kontrakttekst<\/p>\n\n\n\n<p>3.1. Kontraktsproget er engelsk.<\/p>\n\n\n\n<p>3.2 Vi gemmer ikke hele kontraktteksten. Inden du sender ordren via online indk\u00f8bskurvsystemet, kan du udskrive kontraktdataene eller gemme dem elektronisk ved hj\u00e6lp af browserens udskriftsfunktion. N\u00e5r vi har modtaget din bestilling, f\u00e5r du ordreoplysningerne, de lovpligtige oplysninger om fjernsalgsaftaler og de generelle vilk\u00e5r og betingelser tilsendt dig igen pr. e-mail.<\/p>\n\n\n\n<p>3.3 Ved foresp\u00f8rgsler om tilbud uden for onlinekurvsystemet modtager du alle kontraktdata som en del af et bindende tilbud i tekstform, f.eks. pr. e-mail, som du kan udskrive eller gemme elektronisk.<\/p>\n\n\n\n<p>4. Varernes eller tjenesteydelsernes v\u00e6sentlige kendetegn<\/p>\n\n\n\n<p>De v\u00e6sentligste egenskaber ved varerne og\/eller tjenesteydelserne fremg\u00e5r af det respektive tilbud.<\/p>\n\n\n\n<p>5. Priser og betalingsformer<\/p>\n\n\n\n<p>5.1 De priser, der er anf\u00f8rt i de respektive tilbud, samt forsendelsesomkostningerne udg\u00f8r de samlede priser. De omfatter alle priskomponenter, herunder alle g\u00e6ldende skatter og afgifter.<\/p>\n\n\n\n<p>5.2 De p\u00e5l\u00f8bne forsendelsesomkostninger er ikke inkluderet i k\u00f8bsprisen. De kan indkaldes via en tilsvarende knap p\u00e5 vores hjemmeside eller i det p\u00e5g\u00e6ldende tilbud, vises s\u00e6rskilt i forbindelse med bestillingsprocessen og skal betales af dig, medmindre der er lovet gratis levering.<\/p>\n\n\n\n<p>5.3 De betalingsmetoder, der er tilg\u00e6ngelige for dig, fremg\u00e5r af en tilsvarende knap p\u00e5 vores websted eller i det p\u00e5g\u00e6ldende tilbud.<\/p>\n\n\n\n<p>5.4 Medmindre andet er angivet i de enkelte betalingsmetoder, skal betalingsfordringer, der opst\u00e5r i forbindelse med den indg\u00e5ede kontrakt, betales straks.<\/p>\n\n\n\n<p>6. Leveringsbetingelser<\/p>\n\n\n\n<p>6.1 Leveringsbetingelserne, leveringsdatoen og eventuelle leveringsrestriktioner kan findes under en tilsvarende knap p\u00e5 vores hjemmeside eller i det p\u00e5g\u00e6ldende tilbud.<\/p>\n\n\n\n<p>6.2 Hvis du er forbruger, er det lovbestemt, at risikoen for h\u00e6ndeligt tab og h\u00e6ndelig forringelse af den solgte vare under forsendelsen f\u00f8rst overg\u00e5r til dig ved overdragelsen af varen, uanset om forsendelsen er forsikret eller ej. Dette g\u00e6lder ikke, hvis du selvst\u00e6ndigt har givet et transportfirma, der ikke er udpeget af iv\u00e6rks\u00e6tteren, eller en person, der p\u00e5 anden m\u00e5de er udpeget til at udf\u00f8re forsendelsen, i opdrag.<\/p>\n\n\n\n<p>7. Lovbestemt ansvar for fejl og mangler<\/p>\n\n\n\n<p>7.1 De lovbestemte rettigheder til ansvar for mangler finder anvendelse.<\/p>\n\n\n\n<p>7.2 Som forbruger skal du straks efter levering kontrollere varerne for fuldst\u00e6ndighed, \u00e5benlyse fejl og transportskader og hurtigst muligt underrette os og transport\u00f8ren om eventuelle klager. Hvis du ikke overholder dette, vil det ikke have nogen indvirkning p\u00e5 dine lovbestemte garantikrav.<\/p>","protected":false},"excerpt":{"rendered":"<p>Allgemeine Gesch\u00e4ftsbedingungen und Kundeninformationen I. Allgemeine Gesch\u00e4ftsbedingungen \u00a7 1 Grundlegende Bestimmungen (1) Die nachstehenden Gesch\u00e4ftsbedingungen gelten f\u00fcr alle Vertr\u00e4ge, die Sie mit uns als Anbieter (Lazru) \u00fcber die Internetseite www.lazru.com [&hellip;]<\/p>","protected":false},"author":1,"featured_media":0,"parent":0,"menu_order":0,"comment_status":"closed","ping_status":"closed","template":"","meta":{"_uag_custom_page_level_css":"","advgb_blocks_editor_width":"","advgb_blocks_columns_visual_guide":"","site-sidebar-layout":"default","site-content-layout":"default","ast-site-content-layout":"default","site-content-style":"default","site-sidebar-style":"default","ast-global-header-display":"","ast-banner-title-visibility":"","ast-main-header-display":"","ast-hfb-above-header-display":"","ast-hfb-below-header-display":"","ast-hfb-mobile-header-display":"","site-post-title":"","ast-breadcrumbs-content":"","ast-featured-img":"","footer-sml-layout":"","ast-disable-related-posts":"","theme-transparent-header-meta":"default","adv-header-id-meta":"","stick-header-meta":"default","header-above-stick-meta":"","header-main-stick-meta":"","header-below-stick-meta":"","astra-migrate-meta-layouts":"default","ast-page-background-enabled":"default","ast-page-background-meta":{"desktop":{"background-color":"","background-image":"","background-repeat":"repeat","background-position":"center center","background-size":"auto","background-attachment":"scroll","background-type":"","background-media":"","overlay-type":"","overlay-color":"","overlay-opacity":"","overlay-gradient":""},"tablet":{"background-color":"","background-image":"","background-repeat":"repeat","background-position":"center center","background-size":"auto","background-attachment":"scroll","background-type":"","background-media":"","overlay-type":"","overlay-color":"","overlay-opacity":"","overlay-gradient":""},"mobile":{"background-color":"","background-image":"","background-repeat":"repeat","background-position":"center center","background-size":"auto","background-attachment":"scroll","background-type":"","background-media":"","overlay-type":"","overlay-color":"","overlay-opacity":"","overlay-gradient":""}},"ast-content-background-meta":{"desktop":{"background-color":"var(--ast-global-color-5)","background-image":"","background-repeat":"repeat","background-position":"center center","background-size":"auto","background-attachment":"scroll","background-type":"","background-media":"","overlay-type":"","overlay-color":"","overlay-opacity":"","overlay-gradient":""},"tablet":{"background-color":"var(--ast-global-color-5)","background-image":"","background-repeat":"repeat","background-position":"center center","background-size":"auto","background-attachment":"scroll","background-type":"","background-media":"","overlay-type":"","overlay-color":"","overlay-opacity":"","overlay-gradient":""},"mobile":{"background-color":"var(--ast-global-color-5)","background-image":"","background-repeat":"repeat","background-position":"center center","background-size":"auto","background-attachment":"scroll","background-type":"","background-media":"","overlay-type":"","overlay-color":"","overlay-opacity":"","overlay-gradient":""}},"footnotes":""},"class_list":["post-31","page","type-page","status-publish","hentry"],"featured_image_src":null,"yoast_head":"<!-- This site is optimized with the Yoast SEO Premium plugin v23.4 (Yoast SEO v26.6) - https:\/\/yoast.com\/wordpress\/plugins\/seo\/ -->\n<title>AGB - LAZRU<\/title>\n<meta name=\"robots\" content=\"noindex, follow\" \/>\n<meta property=\"og:locale\" content=\"da_DK\" \/>\n<meta property=\"og:type\" content=\"article\" \/>\n<meta property=\"og:title\" content=\"AGB\" \/>\n<meta property=\"og:description\" content=\"Allgemeine Gesch\u00e4ftsbedingungen und Kundeninformationen I. Allgemeine Gesch\u00e4ftsbedingungen \u00a7 1 Grundlegende Bestimmungen (1) Die nachstehenden Gesch\u00e4ftsbedingungen gelten f\u00fcr alle Vertr\u00e4ge, die Sie mit uns als Anbieter (Lazru) \u00fcber die Internetseite www.lazru.com [&hellip;]\" \/>\n<meta property=\"og:url\" content=\"https:\/\/lazru.com\/da\/agb\/\" \/>\n<meta property=\"og:site_name\" content=\"LAZRU\" \/>\n<meta property=\"article:modified_time\" content=\"2023-06-15T11:42:16+00:00\" \/>\n<meta property=\"og:image\" content=\"https:\/\/lazru.com\/wp-content\/uploads\/2023\/06\/Laz.jpg\" \/>\n<meta name=\"twitter:card\" content=\"summary_large_image\" \/>\n<meta name=\"twitter:label1\" content=\"Estimeret l\u00e6setid\" \/>\n\t<meta name=\"twitter:data1\" content=\"8 minutter\" \/>\n<script type=\"application\/ld+json\" class=\"yoast-schema-graph\">{\"@context\":\"https:\/\/schema.org\",\"@graph\":[{\"@type\":\"WebPage\",\"@id\":\"https:\/\/lazru.com\/agb\/\",\"url\":\"https:\/\/lazru.com\/agb\/\",\"name\":\"AGB - LAZRU\",\"isPartOf\":{\"@id\":\"https:\/\/lazru.com\/es\/#website\"},\"primaryImageOfPage\":{\"@id\":\"https:\/\/lazru.com\/agb\/#primaryimage\"},\"image\":{\"@id\":\"https:\/\/lazru.com\/agb\/#primaryimage\"},\"thumbnailUrl\":\"https:\/\/lazru.com\/wp-content\/uploads\/2023\/06\/Laz.jpg\",\"datePublished\":\"2021-09-14T13:12:11+00:00\",\"dateModified\":\"2023-06-15T11:42:16+00:00\",\"breadcrumb\":{\"@id\":\"https:\/\/lazru.com\/agb\/#breadcrumb\"},\"inLanguage\":\"da-DK\",\"potentialAction\":[{\"@type\":\"ReadAction\",\"target\":[\"https:\/\/lazru.com\/agb\/\"]}]},{\"@type\":\"ImageObject\",\"inLanguage\":\"da-DK\",\"@id\":\"https:\/\/lazru.com\/agb\/#primaryimage\",\"url\":\"https:\/\/lazru.com\/wp-content\/uploads\/2023\/06\/Laz.jpg\",\"contentUrl\":\"https:\/\/lazru.com\/wp-content\/uploads\/2023\/06\/Laz.jpg\"},{\"@type\":\"BreadcrumbList\",\"@id\":\"https:\/\/lazru.com\/agb\/#breadcrumb\",\"itemListElement\":[{\"@type\":\"ListItem\",\"position\":1,\"name\":\"LAZRU\",\"item\":\"https:\/\/lazru.com\/\"},{\"@type\":\"ListItem\",\"position\":2,\"name\":\"AGB\"}]},{\"@type\":\"WebSite\",\"@id\":\"https:\/\/lazru.com\/es\/#website\",\"url\":\"https:\/\/lazru.com\/es\/\",\"name\":\"LAZRU\",\"description\":\"Wimpernserum &amp; Augenbrauenserum\",\"publisher\":{\"@id\":\"https:\/\/lazru.com\/es\/#organization\"},\"potentialAction\":[{\"@type\":\"SearchAction\",\"target\":{\"@type\":\"EntryPoint\",\"urlTemplate\":\"https:\/\/lazru.com\/es\/?s={search_term_string}\"},\"query-input\":{\"@type\":\"PropertyValueSpecification\",\"valueRequired\":true,\"valueName\":\"search_term_string\"}}],\"inLanguage\":\"da-DK\"},{\"@type\":\"Organization\",\"@id\":\"https:\/\/lazru.com\/es\/#organization\",\"name\":\"LAZRU\",\"url\":\"https:\/\/lazru.com\/es\/\",\"logo\":{\"@type\":\"ImageObject\",\"inLanguage\":\"da-DK\",\"@id\":\"https:\/\/lazru.com\/es\/#\/schema\/logo\/image\/\",\"url\":\"https:\/\/lazru.com\/wp-content\/uploads\/2021\/09\/cropped-lazru-wimpernserum-logo.png\",\"contentUrl\":\"https:\/\/lazru.com\/wp-content\/uploads\/2021\/09\/cropped-lazru-wimpernserum-logo.png\",\"width\":211,\"height\":97,\"caption\":\"LAZRU\"},\"image\":{\"@id\":\"https:\/\/lazru.com\/es\/#\/schema\/logo\/image\/\"},\"sameAs\":[\"https:\/\/www.instagram.com\/lazru_official\/\"]}]}<\/script>\n<!-- \/ Yoast SEO Premium plugin. -->","yoast_head_json":{"title":"AGB - LAZRU","robots":{"index":"noindex","follow":"follow"},"og_locale":"da_DK","og_type":"article","og_title":"AGB","og_description":"Allgemeine Gesch\u00e4ftsbedingungen und Kundeninformationen I. Allgemeine Gesch\u00e4ftsbedingungen \u00a7 1 Grundlegende Bestimmungen (1) Die nachstehenden Gesch\u00e4ftsbedingungen gelten f\u00fcr alle Vertr\u00e4ge, die Sie mit uns als Anbieter (Lazru) \u00fcber die Internetseite www.lazru.com [&hellip;]","og_url":"https:\/\/lazru.com\/da\/agb\/","og_site_name":"LAZRU","article_modified_time":"2023-06-15T11:42:16+00:00","og_image":[{"url":"https:\/\/lazru.com\/wp-content\/uploads\/2023\/06\/Laz.jpg","type":"","width":"","height":""}],"twitter_card":"summary_large_image","twitter_misc":{"Estimeret l\u00e6setid":"8 minutter"},"schema":{"@context":"https:\/\/schema.org","@graph":[{"@type":"WebPage","@id":"https:\/\/lazru.com\/agb\/","url":"https:\/\/lazru.com\/agb\/","name":"AGB - LAZRU","isPartOf":{"@id":"https:\/\/lazru.com\/es\/#website"},"primaryImageOfPage":{"@id":"https:\/\/lazru.com\/agb\/#primaryimage"},"image":{"@id":"https:\/\/lazru.com\/agb\/#primaryimage"},"thumbnailUrl":"https:\/\/lazru.com\/wp-content\/uploads\/2023\/06\/Laz.jpg","datePublished":"2021-09-14T13:12:11+00:00","dateModified":"2023-06-15T11:42:16+00:00","breadcrumb":{"@id":"https:\/\/lazru.com\/agb\/#breadcrumb"},"inLanguage":"da-DK","potentialAction":[{"@type":"ReadAction","target":["https:\/\/lazru.com\/agb\/"]}]},{"@type":"ImageObject","inLanguage":"da-DK","@id":"https:\/\/lazru.com\/agb\/#primaryimage","url":"https:\/\/lazru.com\/wp-content\/uploads\/2023\/06\/Laz.jpg","contentUrl":"https:\/\/lazru.com\/wp-content\/uploads\/2023\/06\/Laz.jpg"},{"@type":"BreadcrumbList","@id":"https:\/\/lazru.com\/agb\/#breadcrumb","itemListElement":[{"@type":"ListItem","position":1,"name":"LAZRU","item":"https:\/\/lazru.com\/"},{"@type":"ListItem","position":2,"name":"AGB"}]},{"@type":"WebSite","@id":"https:\/\/lazru.com\/es\/#website","url":"https:\/\/lazru.com\/es\/","name":"LAZRU","description":"\u00f8jenvippeserum &amp; \u00f8jenbrynsserum","publisher":{"@id":"https:\/\/lazru.com\/es\/#organization"},"potentialAction":[{"@type":"SearchAction","target":{"@type":"EntryPoint","urlTemplate":"https:\/\/lazru.com\/es\/?s={search_term_string}"},"query-input":{"@type":"PropertyValueSpecification","valueRequired":true,"valueName":"search_term_string"}}],"inLanguage":"da-DK"},{"@type":"Organization","@id":"https:\/\/lazru.com\/es\/#organization","name":"LAZRU","url":"https:\/\/lazru.com\/es\/","logo":{"@type":"ImageObject","inLanguage":"da-DK","@id":"https:\/\/lazru.com\/es\/#\/schema\/logo\/image\/","url":"https:\/\/lazru.com\/wp-content\/uploads\/2021\/09\/cropped-lazru-wimpernserum-logo.png","contentUrl":"https:\/\/lazru.com\/wp-content\/uploads\/2021\/09\/cropped-lazru-wimpernserum-logo.png","width":211,"height":97,"caption":"LAZRU"},"image":{"@id":"https:\/\/lazru.com\/es\/#\/schema\/logo\/image\/"},"sameAs":["https:\/\/www.instagram.com\/lazru_official\/"]}]}},"uagb_featured_image_src":{"full":false,"thumbnail":false,"medium":false,"medium_large":false,"large":false,"1536x1536":false,"2048x2048":false,"trp-custom-language-flag":false,"woocommerce_thumbnail":false,"woocommerce_single":false,"woocommerce_gallery_thumbnail":false,"crp_thumbnail":false},"uagb_author_info":{"display_name":"Kerem085","author_link":"https:\/\/lazru.com\/da\/author\/kerem085\/"},"uagb_comment_info":0,"uagb_excerpt":"Allgemeine Gesch\u00e4ftsbedingungen und Kundeninformationen I. Allgemeine Gesch\u00e4ftsbedingungen \u00a7 1 Grundlegende Bestimmungen (1) Die nachstehenden Gesch\u00e4ftsbedingungen gelten f\u00fcr alle Vertr\u00e4ge, die Sie mit uns als Anbieter (Lazru) \u00fcber die Internetseite www.lazru.com [&hellip;]","coauthors":[],"author_meta":{"author_link":"https:\/\/lazru.com\/da\/author\/kerem085\/","display_name":"Kerem085"},"relative_dates":{"created":"Udgivet 5 \u00e5r siden","modified":"Opdateret 3 \u00e5r siden"},"absolute_dates":{"created":"Udgivet 14. september 2021","modified":"Opdateret 15. juni 2023"},"absolute_dates_time":{"created":"Udgivet 14. september 2021 13:12","modified":"Opdateret 15. juni 2023 13:42"},"featured_img_caption":"","featured_img":false,"series_order":"","_links":{"self":[{"href":"https:\/\/lazru.com\/da\/wp-json\/wp\/v2\/pages\/31","targetHints":{"allow":["GET"]}}],"collection":[{"href":"https:\/\/lazru.com\/da\/wp-json\/wp\/v2\/pages"}],"about":[{"href":"https:\/\/lazru.com\/da\/wp-json\/wp\/v2\/types\/page"}],"author":[{"embeddable":true,"href":"https:\/\/lazru.com\/da\/wp-json\/wp\/v2\/users\/1"}],"replies":[{"embeddable":true,"href":"https:\/\/lazru.com\/da\/wp-json\/wp\/v2\/comments?post=31"}],"version-history":[{"count":3,"href":"https:\/\/lazru.com\/da\/wp-json\/wp\/v2\/pages\/31\/revisions"}],"predecessor-version":[{"id":16915,"href":"https:\/\/lazru.com\/da\/wp-json\/wp\/v2\/pages\/31\/revisions\/16915"}],"wp:attachment":[{"href":"https:\/\/lazru.com\/da\/wp-json\/wp\/v2\/media?parent=31"}],"curies":[{"name":"wp","href":"https:\/\/api.w.org\/{rel}","templated":true}]}}