{"id":90,"date":"2021-09-14T14:49:56","date_gmt":"2021-09-14T14:49:56","guid":{"rendered":"https:\/\/lazru.com\/?page_id=90"},"modified":"2026-04-15T10:26:53","modified_gmt":"2026-04-15T08:26:53","slug":"kontakt","status":"publish","type":"page","link":"https:\/\/lazru.com\/cs\/kontakt\/","title":{"rendered":"Komunikace"},"content":{"rendered":"<p>Zn\u00e1te ji\u017e na\u0161e nej\u010dast\u011bj\u0161\u00ed dotazy? Mo\u017en\u00e1, \u017ee po pohledu na <a href=\"https:\/\/lazru.com\/cs\/#lazru-faq\" type=\"link\" id=\"https:\/\/lazru.com\/de\/#lazru-faq\">FAQ<\/a>, \u017e\u00e1dn\u00e1 dal\u0161\u00ed \u017e\u00e1dost o kontakt.<\/p>\n\n\n\n<p>Mail:<br><a href=\"mailto:support@lazru.com\">support@lazru.com<\/a><\/p>","protected":false},"excerpt":{"rendered":"<p>Kennen Sie schon unsere am h\u00e4ufig gestellten Fragen? Vielleicht ben\u00f6tigen Sie, nach einem Blick in die FAQ, keine Kontaktanfrage mehr. Mail:support@lazru.com<\/p>","protected":false},"author":1,"featured_media":0,"parent":0,"menu_order":0,"comment_status":"closed","ping_status":"closed","template":"","meta":{"footnotes":""},"class_list":["post-90","page","type-page","status-publish","hentry"],"blocksy_meta":[],"yoast_head":"<!-- This site is optimized with the Yoast SEO Premium plugin v23.4 (Yoast SEO v27.4) - https:\/\/yoast.com\/product\/yoast-seo-premium-wordpress\/ -->\n<title>Kontakt - LAZRU<\/title>\n<meta name=\"description\" content=\"Haben Sie fragen zu Lazru. Nehmen Sie einfach Kontakt mit uns auf und wir melden uns schnellst\u00f6glich. Hier zu Kontaktformular.\" \/>\n<meta name=\"robots\" content=\"index, follow, max-snippet:-1, max-image-preview:large, max-video-preview:-1\" \/>\n<link rel=\"canonical\" href=\"https:\/\/lazru.com\/cs\/kontakt\/\" \/>\n<meta property=\"og:locale\" content=\"cs_CZ\" \/>\n<meta property=\"og:type\" content=\"article\" \/>\n<meta property=\"og:title\" content=\"Kontakt\" \/>\n<meta property=\"og:description\" content=\"Haben Sie fragen zu Lazru. Nehmen Sie einfach Kontakt mit uns auf und wir melden uns schnellst\u00f6glich. Hier zu Kontaktformular.\" \/>\n<meta property=\"og:url\" content=\"https:\/\/lazru.com\/cs\/kontakt\/\" \/>\n<meta property=\"og:site_name\" content=\"LAZRU\" \/>\n<meta property=\"article:modified_time\" content=\"2026-04-15T08:26:53+00:00\" \/>\n<meta name=\"twitter:card\" content=\"summary_large_image\" \/>\n<meta name=\"twitter:label1\" content=\"Odhadovan\u00e1 doba \u010dten\u00ed\" \/>\n\t<meta name=\"twitter:data1\" content=\"1 minuta\" \/>\n<script type=\"application\/ld+json\" class=\"yoast-schema-graph\">{\"@context\":\"https:\\\/\\\/schema.org\",\"@graph\":[{\"@type\":\"WebPage\",\"@id\":\"https:\\\/\\\/lazru.com\\\/kontakt\\\/\",\"url\":\"https:\\\/\\\/lazru.com\\\/kontakt\\\/\",\"name\":\"Kontakt - LAZRU\",\"isPartOf\":{\"@id\":\"https:\\\/\\\/lazru.com\\\/es\\\/#website\"},\"datePublished\":\"2021-09-14T14:49:56+00:00\",\"dateModified\":\"2026-04-15T08:26:53+00:00\",\"description\":\"Haben Sie fragen zu Lazru. Nehmen Sie einfach Kontakt mit uns auf und wir melden uns schnellst\u00f6glich. Hier zu Kontaktformular.\",\"breadcrumb\":{\"@id\":\"https:\\\/\\\/lazru.com\\\/kontakt\\\/#breadcrumb\"},\"inLanguage\":\"cs\",\"potentialAction\":[{\"@type\":\"ReadAction\",\"target\":[\"https:\\\/\\\/lazru.com\\\/kontakt\\\/\"]}]},{\"@type\":\"BreadcrumbList\",\"@id\":\"https:\\\/\\\/lazru.com\\\/kontakt\\\/#breadcrumb\",\"itemListElement\":[{\"@type\":\"ListItem\",\"position\":1,\"name\":\"LAZRU\",\"item\":\"https:\\\/\\\/lazru.com\\\/\"},{\"@type\":\"ListItem\",\"position\":2,\"name\":\"Kontakt\"}]},{\"@type\":\"WebSite\",\"@id\":\"https:\\\/\\\/lazru.com\\\/es\\\/#website\",\"url\":\"https:\\\/\\\/lazru.com\\\/es\\\/\",\"name\":\"LAZRU\",\"description\":\"Wimpernserum &amp; Augenbrauenserum\",\"publisher\":{\"@id\":\"https:\\\/\\\/lazru.com\\\/es\\\/#organization\"},\"potentialAction\":[{\"@type\":\"SearchAction\",\"target\":{\"@type\":\"EntryPoint\",\"urlTemplate\":\"https:\\\/\\\/lazru.com\\\/es\\\/?s={search_term_string}\"},\"query-input\":{\"@type\":\"PropertyValueSpecification\",\"valueRequired\":true,\"valueName\":\"search_term_string\"}}],\"inLanguage\":\"cs\"},{\"@type\":\"Organization\",\"@id\":\"https:\\\/\\\/lazru.com\\\/es\\\/#organization\",\"name\":\"LAZRU\",\"url\":\"https:\\\/\\\/lazru.com\\\/es\\\/\",\"logo\":{\"@type\":\"ImageObject\",\"inLanguage\":\"cs\",\"@id\":\"https:\\\/\\\/lazru.com\\\/es\\\/#\\\/schema\\\/logo\\\/image\\\/\",\"url\":\"https:\\\/\\\/lazru.com\\\/wp-content\\\/uploads\\\/2021\\\/09\\\/cropped-lazru-wimpernserum-logo.png\",\"contentUrl\":\"https:\\\/\\\/lazru.com\\\/wp-content\\\/uploads\\\/2021\\\/09\\\/cropped-lazru-wimpernserum-logo.png\",\"width\":211,\"height\":97,\"caption\":\"LAZRU\"},\"image\":{\"@id\":\"https:\\\/\\\/lazru.com\\\/es\\\/#\\\/schema\\\/logo\\\/image\\\/\"},\"sameAs\":[\"https:\\\/\\\/www.instagram.com\\\/lazru_official\\\/\"]}]}<\/script>\n<!-- \/ Yoast SEO Premium plugin. -->","yoast_head_json":{"title":"Kontakt - LAZRU","description":"M\u00e1te n\u011bjak\u00e9 ot\u00e1zky k Lazru. Jednodu\u0161e n\u00e1s kontaktujte a my se v\u00e1m co nejd\u0159\u00edve ozveme. Zde najdete kontaktn\u00ed formul\u00e1\u0159.","robots":{"index":"index","follow":"follow","max-snippet":"max-snippet:-1","max-image-preview":"max-image-preview:large","max-video-preview":"max-video-preview:-1"},"canonical":"https:\/\/lazru.com\/cs\/kontakt\/","og_locale":"cs_CZ","og_type":"article","og_title":"Kontakt","og_description":"Haben Sie fragen zu Lazru. Nehmen Sie einfach Kontakt mit uns auf und wir melden uns schnellst\u00f6glich. Hier zu Kontaktformular.","og_url":"https:\/\/lazru.com\/cs\/kontakt\/","og_site_name":"LAZRU","article_modified_time":"2026-04-15T08:26:53+00:00","twitter_card":"summary_large_image","twitter_misc":{"Odhadovan\u00e1 doba \u010dten\u00ed":"1 minuta"},"schema":{"@context":"https:\/\/schema.org","@graph":[{"@type":"WebPage","@id":"https:\/\/lazru.com\/kontakt\/","url":"https:\/\/lazru.com\/kontakt\/","name":"Kontakt - LAZRU","isPartOf":{"@id":"https:\/\/lazru.com\/es\/#website"},"datePublished":"2021-09-14T14:49:56+00:00","dateModified":"2026-04-15T08:26:53+00:00","description":"M\u00e1te n\u011bjak\u00e9 ot\u00e1zky k Lazru. Jednodu\u0161e n\u00e1s kontaktujte a my se v\u00e1m co nejd\u0159\u00edve ozveme. Zde najdete kontaktn\u00ed formul\u00e1\u0159.","breadcrumb":{"@id":"https:\/\/lazru.com\/kontakt\/#breadcrumb"},"inLanguage":"cs","potentialAction":[{"@type":"ReadAction","target":["https:\/\/lazru.com\/kontakt\/"]}]},{"@type":"BreadcrumbList","@id":"https:\/\/lazru.com\/kontakt\/#breadcrumb","itemListElement":[{"@type":"ListItem","position":1,"name":"LAZRU","item":"https:\/\/lazru.com\/"},{"@type":"ListItem","position":2,"name":"Kontakt"}]},{"@type":"WebSite","@id":"https:\/\/lazru.com\/es\/#website","url":"https:\/\/lazru.com\/es\/","name":"LAZRU","description":"S\u00e9rum na \u0158asy &amp; S\u00e9rum na Obo\u010d\u00ed","publisher":{"@id":"https:\/\/lazru.com\/es\/#organization"},"potentialAction":[{"@type":"SearchAction","target":{"@type":"EntryPoint","urlTemplate":"https:\/\/lazru.com\/es\/?s={search_term_string}"},"query-input":{"@type":"PropertyValueSpecification","valueRequired":true,"valueName":"search_term_string"}}],"inLanguage":"cs"},{"@type":"Organization","@id":"https:\/\/lazru.com\/es\/#organization","name":"LAZRU","url":"https:\/\/lazru.com\/es\/","logo":{"@type":"ImageObject","inLanguage":"cs","@id":"https:\/\/lazru.com\/es\/#\/schema\/logo\/image\/","url":"https:\/\/lazru.com\/wp-content\/uploads\/2021\/09\/cropped-lazru-wimpernserum-logo.png","contentUrl":"https:\/\/lazru.com\/wp-content\/uploads\/2021\/09\/cropped-lazru-wimpernserum-logo.png","width":211,"height":97,"caption":"LAZRU"},"image":{"@id":"https:\/\/lazru.com\/es\/#\/schema\/logo\/image\/"},"sameAs":["https:\/\/www.instagram.com\/lazru_official\/"]}]}},"_links":{"self":[{"href":"https:\/\/lazru.com\/cs\/wp-json\/wp\/v2\/pages\/90","targetHints":{"allow":["GET"]}}],"collection":[{"href":"https:\/\/lazru.com\/cs\/wp-json\/wp\/v2\/pages"}],"about":[{"href":"https:\/\/lazru.com\/cs\/wp-json\/wp\/v2\/types\/page"}],"author":[{"embeddable":true,"href":"https:\/\/lazru.com\/cs\/wp-json\/wp\/v2\/users\/1"}],"replies":[{"embeddable":true,"href":"https:\/\/lazru.com\/cs\/wp-json\/wp\/v2\/comments?post=90"}],"version-history":[{"count":1,"href":"https:\/\/lazru.com\/cs\/wp-json\/wp\/v2\/pages\/90\/revisions"}],"predecessor-version":[{"id":44357,"href":"https:\/\/lazru.com\/cs\/wp-json\/wp\/v2\/pages\/90\/revisions\/44357"}],"wp:attachment":[{"href":"https:\/\/lazru.com\/cs\/wp-json\/wp\/v2\/media?parent=90"}],"curies":[{"name":"wp","href":"https:\/\/api.w.org\/{rel}","templated":true}]}}