{"id":73,"date":"2021-09-14T14:40:52","date_gmt":"2021-09-14T14:40:52","guid":{"rendered":"https:\/\/lazru.com\/?page_id=73"},"modified":"2023-08-24T15:41:35","modified_gmt":"2023-08-24T13:41:35","slug":"erfahrungen","status":"publish","type":"page","link":"https:\/\/lazru.com\/cs\/erfahrungen\/","title":{"rendered":"Zku\u0161enosti"},"content":{"rendered":"<div class=\"wp-block-cover alignfull is-light has-custom-content-position is-position-bottom-center\" style=\"min-height:349px;aspect-ratio:unset;\"><span aria-hidden=\"true\" class=\"wp-block-cover__background has-background-dim-20 has-background-dim\"><\/span><img loading=\"lazy\" decoding=\"async\" width=\"2000\" height=\"1111\" class=\"wp-block-cover__image-background wp-image-75\" alt=\"\" src=\"https:\/\/lazru.com\/wp-content\/uploads\/2021\/09\/Lazru-Erfahrung.jpg\" style=\"object-position:49% 63%\" data-object-fit=\"cover\" data-object-position=\"49% 63%\" srcset=\"https:\/\/lazru.com\/wp-content\/uploads\/2021\/09\/Lazru-Erfahrung.jpg 2000w, https:\/\/lazru.com\/wp-content\/uploads\/2021\/09\/Lazru-Erfahrung-600x333.jpg 600w, https:\/\/lazru.com\/wp-content\/uploads\/2021\/09\/Lazru-Erfahrung-300x167.jpg 300w, https:\/\/lazru.com\/wp-content\/uploads\/2021\/09\/Lazru-Erfahrung-1024x569.jpg 1024w, https:\/\/lazru.com\/wp-content\/uploads\/2021\/09\/Lazru-Erfahrung-768x427.jpg 768w, https:\/\/lazru.com\/wp-content\/uploads\/2021\/09\/Lazru-Erfahrung-1536x853.jpg 1536w\" sizes=\"auto, (max-width: 2000px) 100vw, 2000px\" \/><div class=\"wp-block-cover__inner-container is-layout-flow wp-block-cover-is-layout-flow\">\n<h1 class=\"wp-block-heading has-text-align-center has-ast-global-color-5-color has-text-color\" id=\"h-lazru-erfahrungen\">Zku\u0161enosti s Lazru<\/h1>\n\n\n\n<p class=\"has-text-align-center has-ast-global-color-5-color has-text-color\">R\u016fst \u0158as &amp; Obo\u010d\u00ed<\/p>\n<\/div><\/div>\n\n\n\n<div style=\"height:49px\" aria-hidden=\"true\" class=\"wp-block-spacer\"><\/div>\n\n\n\n<p><em><strong><em><strong>P\u0159ed \/ Po<\/strong>&nbsp;Obr\u00e1zky n\u00ed\u017ee.<\/em><\/strong><\/em><\/p>\n\n\n\n<p>Lazru Zku\u0161enosti: Transparentnost je pro n\u00e1s d\u016fle\u017eit\u00e1. Proto \u017e\u00e1d\u00e1me na\u0161e z\u00e1kazn\u00edky, aby po\u0159\u00eddili fotografie p\u0159ed\/po a pod\u011blili se s n\u00e1mi o sv\u00e9 zku\u0161enosti.<\/p>\n\n\n\n<p>Jsme r\u00e1di, \u017ee Lazru pomohla mnoha lidem z\u00edskat zp\u011bt d\u016fv\u011bru v jejich \u0159asy a obo\u010d\u00ed. Pozitivn\u00ed zp\u011btn\u00e1 vazba od na\u0161ich z\u00e1kazn\u00edk\u016f potvrzuje na\u0161e odhodl\u00e1n\u00ed a motivuje n\u00e1s k neust\u00e1l\u00e9mu v\u00fdvoji a nab\u00edzen\u00ed inovativn\u00edch produkt\u016f pro p\u00e9\u010di a pos\u00edlen\u00ed \u0159as a obo\u010d\u00ed.<\/p>\n\n\n\n<p>Pod\u011blte se s n\u00e1mi o sv\u00e9 fotografie p\u0159ed\/po: support@lazru.com<\/p>\n\n\n\n<p>Upozor\u0148ujeme, \u017ee individu\u00e1ln\u00ed v\u00fdsledky se mohou li\u0161it a nejsou zaru\u010deny.<\/p>\n\n\n\n<figure class=\"wp-block-image aligncenter size-full is-resized\"><a href=\"https:\/\/lazru.com\/wp-content\/uploads\/2022\/06\/Lazru-EN.jpg\"><img loading=\"lazy\" decoding=\"async\" src=\"https:\/\/lazru.com\/wp-content\/uploads\/2022\/06\/Lazru-EN.jpg\" alt=\"Test Lazru\" class=\"wp-image-2485\" style=\"width:157px;height:98px\" width=\"157\" height=\"98\" srcset=\"https:\/\/lazru.com\/wp-content\/uploads\/2022\/06\/Lazru-EN.jpg 407w, https:\/\/lazru.com\/wp-content\/uploads\/2022\/06\/Lazru-EN-300x187.jpg 300w, https:\/\/lazru.com\/wp-content\/uploads\/2022\/06\/Lazru-EN-18x12.jpg 18w\" sizes=\"auto, (max-width: 157px) 100vw, 157px\" \/><\/a><\/figure>\n\n\n\n<div style=\"height:21px\" aria-hidden=\"true\" class=\"wp-block-spacer\"><\/div>\n\n\n\n<div style=\"height:10px\" aria-hidden=\"true\" class=\"wp-block-spacer\"><\/div>\n\n\n\n<figure class=\"wp-block-image aligncenter size-full is-resized\"><img loading=\"lazy\" decoding=\"async\" src=\"https:\/\/lazru.com\/wp-content\/uploads\/2021\/09\/Lazru-07-1.jpg\" alt=\"Zku\u0161enosti s Lazru\" class=\"wp-image-77\" style=\"width:439px;height:425px\" width=\"439\" height=\"425\" srcset=\"https:\/\/lazru.com\/wp-content\/uploads\/2021\/09\/Lazru-07-1.jpg 696w, https:\/\/lazru.com\/wp-content\/uploads\/2021\/09\/Lazru-07-1-600x580.jpg 600w, https:\/\/lazru.com\/wp-content\/uploads\/2021\/09\/Lazru-07-1-300x290.jpg 300w\" sizes=\"auto, (max-width: 439px) 100vw, 439px\" \/><\/figure>\n\n\n\n<figure class=\"wp-block-image aligncenter size-full is-resized\"><img loading=\"lazy\" decoding=\"async\" src=\"https:\/\/lazru.com\/wp-content\/uploads\/2021\/09\/Lazru-01.jpg\" alt=\"Test Lazru\" class=\"wp-image-78\" style=\"object-fit:cover;width:439px;height:425px\" width=\"439\" height=\"425\" srcset=\"https:\/\/lazru.com\/wp-content\/uploads\/2021\/09\/Lazru-01.jpg 696w, https:\/\/lazru.com\/wp-content\/uploads\/2021\/09\/Lazru-01-600x580.jpg 600w, https:\/\/lazru.com\/wp-content\/uploads\/2021\/09\/Lazru-01-300x290.jpg 300w\" sizes=\"auto, (max-width: 439px) 100vw, 439px\" \/><\/figure>\n\n\n\n<figure class=\"wp-block-image aligncenter size-full is-resized\"><img loading=\"lazy\" decoding=\"async\" src=\"https:\/\/lazru.com\/wp-content\/uploads\/2021\/09\/Lazru-05.jpg\" alt=\"Zku\u0161enosti s Lazru\" class=\"wp-image-79\" style=\"object-fit:cover;width:439px;height:425px\" width=\"439\" height=\"425\" srcset=\"https:\/\/lazru.com\/wp-content\/uploads\/2021\/09\/Lazru-05.jpg 696w, https:\/\/lazru.com\/wp-content\/uploads\/2021\/09\/Lazru-05-600x580.jpg 600w, https:\/\/lazru.com\/wp-content\/uploads\/2021\/09\/Lazru-05-300x290.jpg 300w\" sizes=\"auto, (max-width: 439px) 100vw, 439px\" \/><\/figure>\n\n\n\n<figure class=\"wp-block-image aligncenter size-full is-resized\"><img loading=\"lazy\" decoding=\"async\" src=\"https:\/\/lazru.com\/wp-content\/uploads\/2021\/09\/Lazru-02.jpg\" alt=\"Efekt Lazru\" class=\"wp-image-80\" style=\"object-fit:cover;width:439px;height:425px\" width=\"439\" height=\"425\" srcset=\"https:\/\/lazru.com\/wp-content\/uploads\/2021\/09\/Lazru-02.jpg 696w, https:\/\/lazru.com\/wp-content\/uploads\/2021\/09\/Lazru-02-600x580.jpg 600w, https:\/\/lazru.com\/wp-content\/uploads\/2021\/09\/Lazru-02-300x290.jpg 300w\" sizes=\"auto, (max-width: 439px) 100vw, 439px\" \/><\/figure>\n\n\n\n<figure class=\"wp-block-image aligncenter size-full is-resized\"><img loading=\"lazy\" decoding=\"async\" src=\"https:\/\/lazru.com\/wp-content\/uploads\/2021\/09\/Lazru-06-1.jpg\" alt=\"Zku\u0161enosti s Lazru\" class=\"wp-image-81\" style=\"object-fit:cover;width:439px;height:425px\" width=\"439\" height=\"425\" srcset=\"https:\/\/lazru.com\/wp-content\/uploads\/2021\/09\/Lazru-06-1.jpg 696w, https:\/\/lazru.com\/wp-content\/uploads\/2021\/09\/Lazru-06-1-600x580.jpg 600w, https:\/\/lazru.com\/wp-content\/uploads\/2021\/09\/Lazru-06-1-300x290.jpg 300w\" sizes=\"auto, (max-width: 439px) 100vw, 439px\" \/><\/figure>\n\n\n\n<figure class=\"wp-block-image aligncenter size-full is-resized\"><img loading=\"lazy\" decoding=\"async\" src=\"https:\/\/lazru.com\/wp-content\/uploads\/2021\/09\/Lazru-03-1.jpg\" alt=\"Zku\u0161enosti s Lazru\" class=\"wp-image-82\" style=\"object-fit:cover;width:439px;height:425px\" width=\"439\" height=\"425\" srcset=\"https:\/\/lazru.com\/wp-content\/uploads\/2021\/09\/Lazru-03-1.jpg 696w, https:\/\/lazru.com\/wp-content\/uploads\/2021\/09\/Lazru-03-1-600x580.jpg 600w, https:\/\/lazru.com\/wp-content\/uploads\/2021\/09\/Lazru-03-1-300x290.jpg 300w\" sizes=\"auto, (max-width: 439px) 100vw, 439px\" \/><\/figure>\n\n\n\n<figure class=\"wp-block-image aligncenter size-full is-resized\"><img loading=\"lazy\" decoding=\"async\" src=\"https:\/\/lazru.com\/wp-content\/uploads\/2021\/09\/Lazru-04.jpg\" alt=\"Lazru\" class=\"wp-image-83\" style=\"object-fit:cover;width:439px;height:425px\" width=\"439\" height=\"425\" srcset=\"https:\/\/lazru.com\/wp-content\/uploads\/2021\/09\/Lazru-04.jpg 696w, https:\/\/lazru.com\/wp-content\/uploads\/2021\/09\/Lazru-04-600x580.jpg 600w, https:\/\/lazru.com\/wp-content\/uploads\/2021\/09\/Lazru-04-300x290.jpg 300w\" sizes=\"auto, (max-width: 439px) 100vw, 439px\" \/><\/figure>\n\n\n\n<div style=\"height:11px\" aria-hidden=\"true\" class=\"wp-block-spacer\"><\/div>\n\n\n\n<div class=\"wp-block-group alignfull has-background is-layout-constrained wp-block-group-is-layout-constrained\" style=\"background-color:#ffffff\">\n<div class=\"wp-block-group alignfull has-background is-layout-constrained wp-block-group-is-layout-constrained\" style=\"background-color:#ffffff\">\n<div class=\"wp-block-group is-layout-constrained wp-block-group-is-layout-constrained\">\n<h2 class=\"wp-block-heading has-text-align-center\" id=\"h-mehr-zu-lazru\">V\u00edce o LAZRU<\/h2>\n\n\n\n<p class=\"has-text-align-center\">Dal\u0161\u00ed informace o LAZRU.<\/p>\n\n\n\n<div class=\"wp-block-buttons is-horizontal is-content-justification-center is-layout-flex wp-container-core-buttons-is-layout-03627597 wp-block-buttons-is-layout-flex\">\n<div class=\"wp-block-button\"><a class=\"wp-block-button__link has-background wp-element-button\" href=\"https:\/\/lazru.com\/cs\/produkte\/\" style=\"background-color:#48a3aa\">Zjist\u011bte v\u00edce!<\/a><\/div>\n<\/div>\n<\/div>\n<\/div>\n<\/div>","protected":false},"excerpt":{"rendered":"<p>Vorher\/Nachher&nbsp;Bilder weiter unten. Lazru Erfahrungen: Transparenz ist uns wichtig. Daher bitten wir unsere Kunden, Vorher\/Nachher Bilder zu machen und ihre Erfahrungen mit uns zu teilen. Es erf\u00fcllt uns mit Freude, dass Lazru dazu beigetragen hat, vielen Menschen ihr Selbstvertrauen in Bezug auf ihre Wimpern und Augenbrauen zur\u00fcckzugeben. Die positiven Resonanzen unserer Kunden best\u00e4tigen unseren Einsatz [&hellip;]<\/p>\n","protected":false},"author":1,"featured_media":0,"parent":0,"menu_order":0,"comment_status":"closed","ping_status":"closed","template":"","meta":{"footnotes":""},"class_list":["post-73","page","type-page","status-publish","hentry"],"blocksy_meta":[],"yoast_head":"<!-- This site is optimized with the Yoast SEO Premium plugin v23.4 (Yoast SEO v27.4) - https:\/\/yoast.com\/product\/yoast-seo-premium-wordpress\/ -->\n<title>Lazru Erfahrungen: Wimpern und Augenbrauenserum Erfahrungen<\/title>\n<meta name=\"description\" content=\"Lazru Erfahrung - Hier findest du Vorher Nachher Fotos von Lazru. Wie wirkt das Wimpernserum? Bilder sagen mehr als W\u00f6rter.\" \/>\n<meta name=\"robots\" content=\"index, follow, max-snippet:-1, max-image-preview:large, max-video-preview:-1\" \/>\n<link rel=\"canonical\" href=\"https:\/\/lazru.com\/cs\/erfahrungen\/\" \/>\n<meta property=\"og:locale\" content=\"cs_CZ\" \/>\n<meta property=\"og:type\" content=\"article\" \/>\n<meta property=\"og:title\" content=\"Erfahrungen\" \/>\n<meta property=\"og:description\" content=\"Lazru Erfahrung - Hier findest du Vorher Nachher Fotos von Lazru. Wie wirkt das Wimpernserum? Bilder sagen mehr als W\u00f6rter.\" \/>\n<meta property=\"og:url\" content=\"https:\/\/lazru.com\/cs\/erfahrungen\/\" \/>\n<meta property=\"og:site_name\" content=\"LAZRU\" \/>\n<meta property=\"article:modified_time\" content=\"2023-08-24T13:41:35+00:00\" \/>\n<meta property=\"og:image\" content=\"https:\/\/lazru.com\/wp-content\/uploads\/2021\/09\/Lazru-Erfahrung.jpg\" \/>\n<meta name=\"twitter:card\" content=\"summary_large_image\" \/>\n<meta name=\"twitter:label1\" content=\"Odhadovan\u00e1 doba \u010dten\u00ed\" \/>\n\t<meta name=\"twitter:data1\" content=\"3 minuty\" \/>\n<script type=\"application\/ld+json\" class=\"yoast-schema-graph\">{\"@context\":\"https:\\\/\\\/schema.org\",\"@graph\":[{\"@type\":\"WebPage\",\"@id\":\"https:\\\/\\\/lazru.com\\\/erfahrungen\\\/\",\"url\":\"https:\\\/\\\/lazru.com\\\/erfahrungen\\\/\",\"name\":\"Lazru Erfahrungen: Wimpern und Augenbrauenserum Erfahrungen\",\"isPartOf\":{\"@id\":\"https:\\\/\\\/lazru.com\\\/es\\\/#website\"},\"primaryImageOfPage\":{\"@id\":\"https:\\\/\\\/lazru.com\\\/erfahrungen\\\/#primaryimage\"},\"image\":{\"@id\":\"https:\\\/\\\/lazru.com\\\/erfahrungen\\\/#primaryimage\"},\"thumbnailUrl\":\"https:\\\/\\\/lazru.com\\\/wp-content\\\/uploads\\\/2021\\\/09\\\/Lazru-Erfahrung.jpg\",\"datePublished\":\"2021-09-14T14:40:52+00:00\",\"dateModified\":\"2023-08-24T13:41:35+00:00\",\"description\":\"Lazru Erfahrung - Hier findest du Vorher Nachher Fotos von Lazru. Wie wirkt das Wimpernserum? Bilder sagen mehr als W\u00f6rter.\",\"breadcrumb\":{\"@id\":\"https:\\\/\\\/lazru.com\\\/erfahrungen\\\/#breadcrumb\"},\"inLanguage\":\"cs\",\"potentialAction\":[{\"@type\":\"ReadAction\",\"target\":[\"https:\\\/\\\/lazru.com\\\/erfahrungen\\\/\"]}]},{\"@type\":\"ImageObject\",\"inLanguage\":\"cs\",\"@id\":\"https:\\\/\\\/lazru.com\\\/erfahrungen\\\/#primaryimage\",\"url\":\"https:\\\/\\\/lazru.com\\\/wp-content\\\/uploads\\\/2021\\\/09\\\/Lazru-Erfahrung.jpg\",\"contentUrl\":\"https:\\\/\\\/lazru.com\\\/wp-content\\\/uploads\\\/2021\\\/09\\\/Lazru-Erfahrung.jpg\"},{\"@type\":\"BreadcrumbList\",\"@id\":\"https:\\\/\\\/lazru.com\\\/erfahrungen\\\/#breadcrumb\",\"itemListElement\":[{\"@type\":\"ListItem\",\"position\":1,\"name\":\"LAZRU\",\"item\":\"https:\\\/\\\/lazru.com\\\/\"},{\"@type\":\"ListItem\",\"position\":2,\"name\":\"Erfahrungen\"}]},{\"@type\":\"WebSite\",\"@id\":\"https:\\\/\\\/lazru.com\\\/es\\\/#website\",\"url\":\"https:\\\/\\\/lazru.com\\\/es\\\/\",\"name\":\"LAZRU\",\"description\":\"Wimpernserum &amp; Augenbrauenserum\",\"publisher\":{\"@id\":\"https:\\\/\\\/lazru.com\\\/es\\\/#organization\"},\"potentialAction\":[{\"@type\":\"SearchAction\",\"target\":{\"@type\":\"EntryPoint\",\"urlTemplate\":\"https:\\\/\\\/lazru.com\\\/es\\\/?s={search_term_string}\"},\"query-input\":{\"@type\":\"PropertyValueSpecification\",\"valueRequired\":true,\"valueName\":\"search_term_string\"}}],\"inLanguage\":\"cs\"},{\"@type\":\"Organization\",\"@id\":\"https:\\\/\\\/lazru.com\\\/es\\\/#organization\",\"name\":\"LAZRU\",\"url\":\"https:\\\/\\\/lazru.com\\\/es\\\/\",\"logo\":{\"@type\":\"ImageObject\",\"inLanguage\":\"cs\",\"@id\":\"https:\\\/\\\/lazru.com\\\/es\\\/#\\\/schema\\\/logo\\\/image\\\/\",\"url\":\"https:\\\/\\\/lazru.com\\\/wp-content\\\/uploads\\\/2021\\\/09\\\/cropped-lazru-wimpernserum-logo.png\",\"contentUrl\":\"https:\\\/\\\/lazru.com\\\/wp-content\\\/uploads\\\/2021\\\/09\\\/cropped-lazru-wimpernserum-logo.png\",\"width\":211,\"height\":97,\"caption\":\"LAZRU\"},\"image\":{\"@id\":\"https:\\\/\\\/lazru.com\\\/es\\\/#\\\/schema\\\/logo\\\/image\\\/\"},\"sameAs\":[\"https:\\\/\\\/www.instagram.com\\\/lazru_official\\\/\"]}]}<\/script>\n<!-- \/ Yoast SEO Premium plugin. -->","yoast_head_json":{"title":"Zku\u0161enosti s Lazru: Zku\u0161enosti se S\u00e9rum na \u0159asy a Obo\u010d\u00ed","description":"Zku\u0161enosti s Lazru - Zde najdete fotografie Lazru p\u0159ed a po. Jak S\u00e9rum na \u0159asy a Obo\u010d\u00ed funguje? Obr\u00e1zky \u0159eknou v\u00edc ne\u017e slova.","robots":{"index":"index","follow":"follow","max-snippet":"max-snippet:-1","max-image-preview":"max-image-preview:large","max-video-preview":"max-video-preview:-1"},"canonical":"https:\/\/lazru.com\/cs\/erfahrungen\/","og_locale":"cs_CZ","og_type":"article","og_title":"Erfahrungen","og_description":"Lazru Erfahrung - Hier findest du Vorher Nachher Fotos von Lazru. Wie wirkt das Wimpernserum? Bilder sagen mehr als W\u00f6rter.","og_url":"https:\/\/lazru.com\/cs\/erfahrungen\/","og_site_name":"LAZRU","article_modified_time":"2023-08-24T13:41:35+00:00","og_image":[{"url":"https:\/\/lazru.com\/wp-content\/uploads\/2021\/09\/Lazru-Erfahrung.jpg","type":"","width":"","height":""}],"twitter_card":"summary_large_image","twitter_misc":{"Odhadovan\u00e1 doba \u010dten\u00ed":"3 minuty"},"schema":{"@context":"https:\/\/schema.org","@graph":[{"@type":"WebPage","@id":"https:\/\/lazru.com\/erfahrungen\/","url":"https:\/\/lazru.com\/erfahrungen\/","name":"Zku\u0161enosti s Lazru: Zku\u0161enosti se S\u00e9rum na \u0159asy a Obo\u010d\u00ed","isPartOf":{"@id":"https:\/\/lazru.com\/es\/#website"},"primaryImageOfPage":{"@id":"https:\/\/lazru.com\/erfahrungen\/#primaryimage"},"image":{"@id":"https:\/\/lazru.com\/erfahrungen\/#primaryimage"},"thumbnailUrl":"https:\/\/lazru.com\/wp-content\/uploads\/2021\/09\/Lazru-Erfahrung.jpg","datePublished":"2021-09-14T14:40:52+00:00","dateModified":"2023-08-24T13:41:35+00:00","description":"Zku\u0161enosti s Lazru - Zde najdete fotografie Lazru p\u0159ed a po. Jak S\u00e9rum na \u0159asy a Obo\u010d\u00ed funguje? Obr\u00e1zky \u0159eknou v\u00edc ne\u017e slova.","breadcrumb":{"@id":"https:\/\/lazru.com\/erfahrungen\/#breadcrumb"},"inLanguage":"cs","potentialAction":[{"@type":"ReadAction","target":["https:\/\/lazru.com\/erfahrungen\/"]}]},{"@type":"ImageObject","inLanguage":"cs","@id":"https:\/\/lazru.com\/erfahrungen\/#primaryimage","url":"https:\/\/lazru.com\/wp-content\/uploads\/2021\/09\/Lazru-Erfahrung.jpg","contentUrl":"https:\/\/lazru.com\/wp-content\/uploads\/2021\/09\/Lazru-Erfahrung.jpg"},{"@type":"BreadcrumbList","@id":"https:\/\/lazru.com\/erfahrungen\/#breadcrumb","itemListElement":[{"@type":"ListItem","position":1,"name":"LAZRU","item":"https:\/\/lazru.com\/"},{"@type":"ListItem","position":2,"name":"Erfahrungen"}]},{"@type":"WebSite","@id":"https:\/\/lazru.com\/es\/#website","url":"https:\/\/lazru.com\/es\/","name":"LAZRU","description":"S\u00e9rum na \u0158asy &amp; S\u00e9rum na Obo\u010d\u00ed","publisher":{"@id":"https:\/\/lazru.com\/es\/#organization"},"potentialAction":[{"@type":"SearchAction","target":{"@type":"EntryPoint","urlTemplate":"https:\/\/lazru.com\/es\/?s={search_term_string}"},"query-input":{"@type":"PropertyValueSpecification","valueRequired":true,"valueName":"search_term_string"}}],"inLanguage":"cs"},{"@type":"Organization","@id":"https:\/\/lazru.com\/es\/#organization","name":"LAZRU","url":"https:\/\/lazru.com\/es\/","logo":{"@type":"ImageObject","inLanguage":"cs","@id":"https:\/\/lazru.com\/es\/#\/schema\/logo\/image\/","url":"https:\/\/lazru.com\/wp-content\/uploads\/2021\/09\/cropped-lazru-wimpernserum-logo.png","contentUrl":"https:\/\/lazru.com\/wp-content\/uploads\/2021\/09\/cropped-lazru-wimpernserum-logo.png","width":211,"height":97,"caption":"LAZRU"},"image":{"@id":"https:\/\/lazru.com\/es\/#\/schema\/logo\/image\/"},"sameAs":["https:\/\/www.instagram.com\/lazru_official\/"]}]}},"_links":{"self":[{"href":"https:\/\/lazru.com\/cs\/wp-json\/wp\/v2\/pages\/73","targetHints":{"allow":["GET"]}}],"collection":[{"href":"https:\/\/lazru.com\/cs\/wp-json\/wp\/v2\/pages"}],"about":[{"href":"https:\/\/lazru.com\/cs\/wp-json\/wp\/v2\/types\/page"}],"author":[{"embeddable":true,"href":"https:\/\/lazru.com\/cs\/wp-json\/wp\/v2\/users\/1"}],"replies":[{"embeddable":true,"href":"https:\/\/lazru.com\/cs\/wp-json\/wp\/v2\/comments?post=73"}],"version-history":[{"count":9,"href":"https:\/\/lazru.com\/cs\/wp-json\/wp\/v2\/pages\/73\/revisions"}],"predecessor-version":[{"id":18887,"href":"https:\/\/lazru.com\/cs\/wp-json\/wp\/v2\/pages\/73\/revisions\/18887"}],"wp:attachment":[{"href":"https:\/\/lazru.com\/cs\/wp-json\/wp\/v2\/media?parent=73"}],"curies":[{"name":"wp","href":"https:\/\/api.w.org\/{rel}","templated":true}]}}