{"id":71,"date":"2021-09-14T14:40:24","date_gmt":"2021-09-14T14:40:24","guid":{"rendered":"https:\/\/lazru.com\/?page_id=71"},"modified":"2021-09-23T15:32:17","modified_gmt":"2021-09-23T15:32:17","slug":"blog-sitemap","status":"publish","type":"page","link":"https:\/\/lazru.com\/cs\/blog-sitemap\/","title":{"rendered":"Mapa str\u00e1nek blogu"},"content":{"rendered":"\n<p>Hier finden Sie alle Beitr\u00e4ge rund um das Thema Wimpern und Augenbrauen, die wir in unserem Blog geschrieben haben. Schauen Sie sich in Ruhe um, es wird auch f\u00fcr Sie etwas Spannendes dabei sein.<\/p>\n\n\n[wp_sitemap_page only=&#8220;post&#8220;]\n","protected":false},"excerpt":{"rendered":"<p>Hier finden Sie alle Beitr\u00e4ge rund um das Thema Wimpern und Augenbrauen, die wir in unserem Blog geschrieben haben. Schauen Sie sich in Ruhe um, es wird auch f\u00fcr Sie etwas Spannendes dabei sein.<\/p>","protected":false},"author":1,"featured_media":0,"parent":0,"menu_order":0,"comment_status":"closed","ping_status":"closed","template":"","meta":{"footnotes":""},"class_list":["post-71","page","type-page","status-publish","hentry"],"blocksy_meta":[],"yoast_head":"<!-- This site is optimized with the Yoast SEO Premium plugin v23.4 (Yoast SEO v27.4) - https:\/\/yoast.com\/product\/yoast-seo-premium-wordpress\/ -->\n<title>Blog-Sitemap - LAZRU<\/title>\n<meta name=\"robots\" content=\"noindex, follow\" \/>\n<meta property=\"og:locale\" content=\"cs_CZ\" \/>\n<meta property=\"og:type\" content=\"article\" \/>\n<meta property=\"og:title\" content=\"Blog-Sitemap\" \/>\n<meta property=\"og:description\" content=\"Hier finden Sie alle Beitr\u00e4ge rund um das Thema Wimpern und Augenbrauen, die wir in unserem Blog geschrieben haben. Schauen Sie sich in Ruhe um, es wird auch f\u00fcr Sie etwas Spannendes dabei sein.\" \/>\n<meta property=\"og:url\" content=\"https:\/\/lazru.com\/cs\/blog-sitemap\/\" \/>\n<meta property=\"og:site_name\" content=\"LAZRU\" \/>\n<meta property=\"article:modified_time\" content=\"2021-09-23T15:32:17+00:00\" \/>\n<meta name=\"twitter:card\" content=\"summary_large_image\" \/>\n<meta name=\"twitter:label1\" content=\"Odhadovan\u00e1 doba \u010dten\u00ed\" \/>\n\t<meta name=\"twitter:data1\" content=\"1 minuta\" \/>\n<script type=\"application\/ld+json\" class=\"yoast-schema-graph\">{\"@context\":\"https:\\\/\\\/schema.org\",\"@graph\":[{\"@type\":\"WebPage\",\"@id\":\"https:\\\/\\\/lazru.com\\\/nl\\\/blog-sitemap\\\/\",\"url\":\"https:\\\/\\\/lazru.com\\\/nl\\\/blog-sitemap\\\/\",\"name\":\"Blog-Sitemap - LAZRU\",\"isPartOf\":{\"@id\":\"https:\\\/\\\/lazru.com\\\/es\\\/#website\"},\"datePublished\":\"2021-09-14T14:40:24+00:00\",\"dateModified\":\"2021-09-23T15:32:17+00:00\",\"breadcrumb\":{\"@id\":\"https:\\\/\\\/lazru.com\\\/nl\\\/blog-sitemap\\\/#breadcrumb\"},\"inLanguage\":\"cs\",\"potentialAction\":[{\"@type\":\"ReadAction\",\"target\":[\"https:\\\/\\\/lazru.com\\\/nl\\\/blog-sitemap\\\/\"]}]},{\"@type\":\"BreadcrumbList\",\"@id\":\"https:\\\/\\\/lazru.com\\\/nl\\\/blog-sitemap\\\/#breadcrumb\",\"itemListElement\":[{\"@type\":\"ListItem\",\"position\":1,\"name\":\"LAZRU\",\"item\":\"https:\\\/\\\/lazru.com\\\/\"},{\"@type\":\"ListItem\",\"position\":2,\"name\":\"Blog-Sitemap\"}]},{\"@type\":\"WebSite\",\"@id\":\"https:\\\/\\\/lazru.com\\\/es\\\/#website\",\"url\":\"https:\\\/\\\/lazru.com\\\/es\\\/\",\"name\":\"LAZRU\",\"description\":\"Wimpernserum &amp; Augenbrauenserum\",\"publisher\":{\"@id\":\"https:\\\/\\\/lazru.com\\\/es\\\/#organization\"},\"potentialAction\":[{\"@type\":\"SearchAction\",\"target\":{\"@type\":\"EntryPoint\",\"urlTemplate\":\"https:\\\/\\\/lazru.com\\\/es\\\/?s={search_term_string}\"},\"query-input\":{\"@type\":\"PropertyValueSpecification\",\"valueRequired\":true,\"valueName\":\"search_term_string\"}}],\"inLanguage\":\"cs\"},{\"@type\":\"Organization\",\"@id\":\"https:\\\/\\\/lazru.com\\\/es\\\/#organization\",\"name\":\"LAZRU\",\"url\":\"https:\\\/\\\/lazru.com\\\/es\\\/\",\"logo\":{\"@type\":\"ImageObject\",\"inLanguage\":\"cs\",\"@id\":\"https:\\\/\\\/lazru.com\\\/es\\\/#\\\/schema\\\/logo\\\/image\\\/\",\"url\":\"https:\\\/\\\/lazru.com\\\/wp-content\\\/uploads\\\/2021\\\/09\\\/cropped-lazru-wimpernserum-logo.png\",\"contentUrl\":\"https:\\\/\\\/lazru.com\\\/wp-content\\\/uploads\\\/2021\\\/09\\\/cropped-lazru-wimpernserum-logo.png\",\"width\":211,\"height\":97,\"caption\":\"LAZRU\"},\"image\":{\"@id\":\"https:\\\/\\\/lazru.com\\\/es\\\/#\\\/schema\\\/logo\\\/image\\\/\"},\"sameAs\":[\"https:\\\/\\\/www.instagram.com\\\/lazru_official\\\/\"]}]}<\/script>\n<!-- \/ Yoast SEO Premium plugin. -->","yoast_head_json":{"title":"Blog-Sitemap - LAZRU","robots":{"index":"noindex","follow":"follow"},"og_locale":"cs_CZ","og_type":"article","og_title":"Blog-Sitemap","og_description":"Hier finden Sie alle Beitr\u00e4ge rund um das Thema Wimpern und Augenbrauen, die wir in unserem Blog geschrieben haben. Schauen Sie sich in Ruhe um, es wird auch f\u00fcr Sie etwas Spannendes dabei sein.","og_url":"https:\/\/lazru.com\/cs\/blog-sitemap\/","og_site_name":"LAZRU","article_modified_time":"2021-09-23T15:32:17+00:00","twitter_card":"summary_large_image","twitter_misc":{"Odhadovan\u00e1 doba \u010dten\u00ed":"1 minuta"},"schema":{"@context":"https:\/\/schema.org","@graph":[{"@type":"WebPage","@id":"https:\/\/lazru.com\/nl\/blog-sitemap\/","url":"https:\/\/lazru.com\/nl\/blog-sitemap\/","name":"Blog-Sitemap - LAZRU","isPartOf":{"@id":"https:\/\/lazru.com\/es\/#website"},"datePublished":"2021-09-14T14:40:24+00:00","dateModified":"2021-09-23T15:32:17+00:00","breadcrumb":{"@id":"https:\/\/lazru.com\/nl\/blog-sitemap\/#breadcrumb"},"inLanguage":"cs","potentialAction":[{"@type":"ReadAction","target":["https:\/\/lazru.com\/nl\/blog-sitemap\/"]}]},{"@type":"BreadcrumbList","@id":"https:\/\/lazru.com\/nl\/blog-sitemap\/#breadcrumb","itemListElement":[{"@type":"ListItem","position":1,"name":"LAZRU","item":"https:\/\/lazru.com\/"},{"@type":"ListItem","position":2,"name":"Blog-Sitemap"}]},{"@type":"WebSite","@id":"https:\/\/lazru.com\/es\/#website","url":"https:\/\/lazru.com\/es\/","name":"LAZRU","description":"S\u00e9rum na \u0158asy &amp; S\u00e9rum na Obo\u010d\u00ed","publisher":{"@id":"https:\/\/lazru.com\/es\/#organization"},"potentialAction":[{"@type":"SearchAction","target":{"@type":"EntryPoint","urlTemplate":"https:\/\/lazru.com\/es\/?s={search_term_string}"},"query-input":{"@type":"PropertyValueSpecification","valueRequired":true,"valueName":"search_term_string"}}],"inLanguage":"cs"},{"@type":"Organization","@id":"https:\/\/lazru.com\/es\/#organization","name":"LAZRU","url":"https:\/\/lazru.com\/es\/","logo":{"@type":"ImageObject","inLanguage":"cs","@id":"https:\/\/lazru.com\/es\/#\/schema\/logo\/image\/","url":"https:\/\/lazru.com\/wp-content\/uploads\/2021\/09\/cropped-lazru-wimpernserum-logo.png","contentUrl":"https:\/\/lazru.com\/wp-content\/uploads\/2021\/09\/cropped-lazru-wimpernserum-logo.png","width":211,"height":97,"caption":"LAZRU"},"image":{"@id":"https:\/\/lazru.com\/es\/#\/schema\/logo\/image\/"},"sameAs":["https:\/\/www.instagram.com\/lazru_official\/"]}]}},"_links":{"self":[{"href":"https:\/\/lazru.com\/cs\/wp-json\/wp\/v2\/pages\/71","targetHints":{"allow":["GET"]}}],"collection":[{"href":"https:\/\/lazru.com\/cs\/wp-json\/wp\/v2\/pages"}],"about":[{"href":"https:\/\/lazru.com\/cs\/wp-json\/wp\/v2\/types\/page"}],"author":[{"embeddable":true,"href":"https:\/\/lazru.com\/cs\/wp-json\/wp\/v2\/users\/1"}],"replies":[{"embeddable":true,"href":"https:\/\/lazru.com\/cs\/wp-json\/wp\/v2\/comments?post=71"}],"version-history":[{"count":0,"href":"https:\/\/lazru.com\/cs\/wp-json\/wp\/v2\/pages\/71\/revisions"}],"wp:attachment":[{"href":"https:\/\/lazru.com\/cs\/wp-json\/wp\/v2\/media?parent=71"}],"curies":[{"name":"wp","href":"https:\/\/api.w.org\/{rel}","templated":true}]}}